{"id":2163,"date":"2026-02-28T00:59:02","date_gmt":"2026-02-28T03:59:02","guid":{"rendered":"https:\/\/bibliotecajuridicavirtual.cl\/?post_type=product&#038;p=2163"},"modified":"2026-02-28T00:59:22","modified_gmt":"2026-02-28T03:59:22","slug":"filosofia-del-derecho-2-tomos-jaime-williams-benavente-segunda-edicion-actualizada-ano-2021-485-paginas54","status":"publish","type":"product","link":"https:\/\/bibliotecajuridicavirtual.cl\/index.php\/product\/filosofia-del-derecho-2-tomos-jaime-williams-benavente-segunda-edicion-actualizada-ano-2021-485-paginas54\/","title":{"rendered":"Filosof\u00eda del Derecho 2 tomos * Jaime Williams Benavente, segunda edici\u00f3n actualizada a\u00f1o 2021 &#8211; 485 P\u00e1ginas54"},"content":{"rendered":"<p style=\"font-weight: 400;\">Estudiar la filosof\u00eda en su misma g\u00e9nesis hist\u00f3rica \u2018\u2018no es para saber qu\u00e9 pensaron los hombres sino para saber de qu\u00e9 modo alcanzaron la verdad de las cosas\u201d, ha dicho Tom\u00e1s de Aquino. Es que as\u00ed se estimula el ejercicio de la raz\u00f3n a d\u00fao con el autor que nos ense\u00f1a a pensar pensando junto a \u00e9l.<\/p>\n<p style=\"font-weight: 400;\">Los griegos inauguraron el camino filos\u00f3fico como esfuerzo de la raz\u00f3n humana por entender las esencias de las cosas tras sus apariencias, lo que constituye un paradigma que jam\u00e1s ha perdido actualidad. Por ello, la presente obra ha procurado acercarse a cada autor sin mediaciones de terceros. No es, pues, un compendio, sino un itinerario que recorremos junto a quienes hemos considerado emblem\u00e1ticos, y aunque su pensamiento nos parezca err\u00f3neo, de igual modo nos ha estimulado a pensar. Por eso, son cl\u00e1sicos: han pensado antes que nosotros, para nosotros y para todos los tiempos.<\/p>\n<p style=\"font-weight: 400;\">Esta obra es hist\u00f3rico-filos\u00f3fica por su forma y es jur\u00eddica por el origen y relaci\u00f3n de sus problemas. Busca esclarecer la noci\u00f3n esencial del derecho (Ontolog\u00eda Jur\u00eddica) y tambi\u00e9n por qu\u00e9 es obligatorio obedecerlo (Aexiolog\u00eda Jur\u00eddica). Un tema diferente, y siempre actual, es examinar la posibilidad de lograr un conocimiento del derecho con rigor cient\u00edfico, observando las exigencias de la l\u00f3gica formal (Gnoseolog\u00eda Jur\u00eddica).<\/p>\n<p>Hemos destacado aqu\u00ed los aportes de Homero y He\u00edodo, ya que la primera inquisitoria filos\u00f3fica en Grecia no fue protagonizada por fil\u00f3sofos, sino por los poetas a trav\u00e9s de sus mitos. A los que se agregan los poetas did\u00e1cticos como Sol\u00f3n: el primero que vislumbr\u00f3 la noci\u00f3n de Estado de Derecho.<\/p>\n<p style=\"font-weight: 400;\">Sin embargo, los que primero hicieron filosof\u00eda del derecho, en sentido estricto, fueron los sofistas que se interrogaron sobre su esencia, sus t\u00edtulos de obligatoriedad y sobre la posibilidad de tener sobre \u00e9l un conocimiento cierto.<\/p>\n<p style=\"font-weight: 400;\">S\u00f3crates, el gran contradictor, del sofismo, hizo tambi\u00e9n filosof\u00eda jur\u00eddica mediante su may\u00e9utica. Su discipulado es vasto y heterog\u00e9neo. De \u00e9l hemos destacado el cinismo por ser cuna del estoicismo y el movimiento cirenaico por ser antecedente del hedonismo del Epicuro. Pero el gran heredero de S\u00f3crates es Plat\u00f3n, a quien le hemos consagrado un estudio centrado en su gran marco de referencia : su teor\u00eda de los dos mundos (de las ideas u de las realidades sensibles), que la aplica al conocimiento, a la \u00e9tica, a la pol\u00edtica y al derecho.<\/p>\n<p style=\"font-weight: 400;\">Las contribuciones de Arist\u00f3teles son notables. Sus categor\u00edas metaf\u00edsicas permean toda su obra. En filosof\u00eda jur\u00eddica ellas se aprecian en su concepci\u00f3n anal\u00f3gica del derecho y en su teor\u00eda de lo justo natural fundado en la naturaleza misma de las cosas, lo que le permite elaborar toda su teor\u00eda de la equidad natural que ha tenido tanta incidencia en la vida pr\u00e1ctica del derecho hasta nuestros d\u00edas.<\/p>\n<p style=\"font-weight: 400;\">Revisamos tambi\u00e9n las filosof\u00edas helenistas; entre ellas, el escepticismo de Pirr\u00f3n, el hedonismo de Epicuro y el estoicismo de Zen\u00f3n.<\/p>\n<p style=\"font-weight: 400;\">El libro culmina presentado lo que hemos llamado \u201cEp\u00edgonos Griegos en Roma\u201d, en que recordamos los aportes de Cicer\u00f3n, S\u00e9neca y Epicteto, entre otros, que han contribuido con sus ideas, tanto al desarrollo filos\u00f3fico-moral, como jur\u00eddico y pol\u00edtico.<\/p>\n<p style=\"font-weight: 400;\"><b><strong>TOMO I<\/strong><\/b><\/p>\n<p style=\"font-weight: 400;\"><b><strong>CAP\u00cdTULO PRIMERO<\/strong><\/b><br \/>\n<b><strong>LA POES\u00cdA: UNA PRIMERA FORMA DE RACIOCINIO<\/strong><\/b><\/p>\n<p>1. Aedas, rapsodas y poetas<br \/>\n2. Poes\u00eda mitol\u00f3gica: El mito y otras formas an\u00e1logas<br \/>\n3. La poes\u00eda did\u00e1ctica<br \/>\n4. La poes\u00eda l\u00edrica<\/p>\n<p><b><strong>CAP\u00cdTULO SEGUNDO<\/strong><\/b><br \/>\n<b><strong>LA POES\u00cdA MITOL\u00d3GICA<\/strong><\/b><\/p>\n<p>1. Homero<br \/>\n1.1. Rese\u00f1a biogr\u00e1fica y conjeturas<br \/>\n1.2. La Il\u00edada<br \/>\n1.3. La Odisea<br \/>\n1.4. Homero: Apreciaci\u00f3n general de su obra<\/p>\n<p>2. Hes\u00edodo<br \/>\n2.1. Biograf\u00eda<br \/>\n2.2. \u201cLa teogon\u00eda\u201d<br \/>\n2.3. \u201cLos trabajos y los d\u00edas\u201d<\/p>\n<p><b><strong>CAP\u00cdTULO TERCERO<\/strong><\/b><br \/>\n<b><strong>LA POES\u00cdA DID\u00c1CTICA<\/strong><\/b><\/p>\n<p>1. Sol\u00f3n<br \/>\n1.1. Semblanza hist\u00f3rica<br \/>\n1.2. Su obra pol\u00edtica y administrativa<br \/>\n1.3. Su obra po\u00e9tica<\/p>\n<p>2. Tirteo<br \/>\n2.1. Biograf\u00eda<br \/>\n2.2. Su obra po\u00e9tica<\/p>\n<p style=\"font-weight: 400;\"><b><strong>CAP\u00cdTULO CUARTO<\/strong><\/b><br \/>\n<b><strong>EMERGER DEL PENSAMIENTO RACIONAL: LOS MILESIOS<\/strong><\/b><\/p>\n<ol>\n<li style=\"font-weight: 400;\">Tales de Mileto<br \/>\n1.1. Rese\u00f1a biogr\u00e1fica<br \/>\n1.2. Aportes al conocimiento<br \/>\n1.3. Sus tres principios y sus aforismos<\/li>\n<li style=\"font-weight: 400;\">Anaximandro<br \/>\n2.1. Semblanza hist\u00f3rica<br \/>\n2.2. Aportes Cient\u00edfico-Filos\u00f3ficos<\/li>\n<li style=\"font-weight: 400;\">Anax\u00edmenes<br \/>\n3.1. Perfil biogr\u00e1fico<br \/>\n3.2. Sus ideas fundamentales<\/li>\n<li style=\"font-weight: 400;\">Aportes Mil\u00e9sicos a la Filosof\u00eda<\/li>\n<\/ol>\n<p style=\"font-weight: 400;\"><b><strong>CAP\u00cdTULO QUINTO<\/strong><\/b><br \/>\n<b><strong>LA OBRA DE LOS SABIOS<\/strong><\/b><\/p>\n<ol>\n<li style=\"font-weight: 400;\">Rese\u00f1a de cada sabio<br \/>\n1.1. B\u00edas<br \/>\n1.2. Cle\u00f3bulo<br \/>\n1.3. Periandro<br \/>\n1.4. Pitaco<br \/>\n1.5. Quil\u00f3n<br \/>\n1.6. Sol\u00f3n<br \/>\n1.7. Tales de Mileto<\/li>\n<li style=\"font-weight: 400;\">Influencia de los Sabios<\/li>\n<\/ol>\n<p style=\"font-weight: 400;\"><b><strong>CAP\u00cdTULO SEXTO<\/strong><\/b><br \/>\n<b><strong>UNAS NUEVAS FORMAS PO\u00c9TICAS: L\u00cdRICA-TRAGEDIA-COMEDIA<\/strong><\/b><\/p>\n<ol>\n<li style=\"font-weight: 400;\">La L\u00edrica<br \/>\n1.1. Sim\u00f3nides de Ceos<br \/>\n1.2. P\u00edndaro<\/li>\n<li style=\"font-weight: 400;\">La Tragedia<br \/>\n2.1. Gestaci\u00f3n y Significado<br \/>\n2.2. S\u00f3focles: \u201cAnt\u00edgona\u201d<\/li>\n<li style=\"font-weight: 400;\">La Comedia<br \/>\n3.1. Origen y Significado<br \/>\n3.2. Arist\u00f3fanes y sus aportes<\/li>\n<\/ol>\n<p style=\"font-weight: 400;\"><b><strong>CAP\u00cdTULO S\u00c9PTIMO<\/strong><\/b><br \/>\n<b><strong>LA IRRUPCI\u00d3N MATEM\u00c1TICA EN LA FILOSOF\u00cdA: EL PITAGORISMO<\/strong><\/b><\/p>\n<ol>\n<li style=\"font-weight: 400;\">Rese\u00f1a biogr\u00e1fica de Pit\u00e1goras<br \/>\n2. Doctrina e influencia del pitagorismo<br \/>\n3. Aportes Pitag\u00f3ricos a la filosof\u00eda del derecho<\/li>\n<\/ol>\n<p style=\"font-weight: 400;\"><b><strong>CAP\u00cdTULO OCTAVO<\/strong><\/b><br \/>\n<b><strong>LA DIAL\u00c9CTICA FILOS\u00d3FICA: HER\u00c1CLITO DE EFESO<\/strong><\/b><\/p>\n<ol>\n<li style=\"font-weight: 400;\">Notas sobre su vida<br \/>\n2. Su pensamiento general<br \/>\n3. \u00bfUna \u00e9tica en Her\u00e1clito?<br \/>\n4. Su concepto del derecho y la justicia<\/li>\n<\/ol>\n<p style=\"font-weight: 400;\"><b><strong>CAP\u00cdTULO NOVENO<\/strong><\/b><br \/>\n<b><strong>EL INICIO DEL RACIONALISMO IDEALISTA: PARM\u00c9NIDES DE ELEA<\/strong><\/b><\/p>\n<ol>\n<li style=\"font-weight: 400;\">Semblanza<br \/>\n2. Su obra po\u00e9tica<br \/>\n3. Su doctrina<br \/>\n4. Su pensamiento en perspectiva hist\u00f3rica<br \/>\n5. Aportes parmen\u00eddeos a la filosof\u00eda jur\u00eddica<br \/>\n6. Un contrapunto entre Parm\u00e9nides y Her\u00e1clito<\/li>\n<\/ol>\n<p style=\"font-weight: 400;\"><b><strong>CAP\u00cdTULO D\u00c9CIMO<\/strong><\/b><br \/>\n<b><strong>LOS PLURALISTAS Y SUS PRETENSIONES<\/strong><\/b><\/p>\n<ol>\n<li style=\"font-weight: 400;\">Emp\u00e9docles de Agrigento<br \/>\n1.1. Rese\u00f1a biogr\u00e1fica<br \/>\n1.2. Su doctrina<\/li>\n<li style=\"font-weight: 400;\">Anax\u00e1goras de Clazomene<br \/>\n2.1. Biograf\u00eda<\/li>\n<\/ol>\n<p style=\"font-weight: 400;\">2.2. Su Pensamiento<br \/>\n3. Dem\u00f3crito de Abdera<br \/>\n3.1. Rese\u00f1a biogr\u00e1fica<br \/>\n3.2. Su doctrina at\u00f3mica<\/p>\n<ol start=\"4\">\n<li style=\"font-weight: 400;\">Los Pluralistas y la Filosof\u00eda del Derecho<\/li>\n<\/ol>\n<p style=\"font-weight: 400;\"><b><strong>CAP\u00cdTULO UND\u00c9CIMO<\/strong><\/b><br \/>\n<b><strong>LA ATENAS DE PERICLES: RELEVANCIA POL\u00cdTICA Y CULTURAL<\/strong><\/b><\/p>\n<ol>\n<li style=\"font-weight: 400;\">Cim\u00f3n y Pericles: dos figuras prominentes<\/li>\n<li style=\"font-weight: 400;\">La obra de Pericles: visi\u00f3n de conjunto<\/li>\n<li style=\"font-weight: 400;\">El nacimiento de la historia como ciencia<\/li>\n<li style=\"font-weight: 400;\">La democracia y su afianzamiento<br \/>\n4.1. La Asamblea del Pueblo<br \/>\n4.2. El Consejo<br \/>\n4.3. El Jurado<br \/>\n4.4. El Arcontado<\/li>\n<li style=\"font-weight: 400;\">Pericles: strategos aut\u00f3krator<\/li>\n<li style=\"font-weight: 400;\">\u00bfUna delegaci\u00f3n romana en Atenas?<\/li>\n<li style=\"font-weight: 400;\">Llegada de nuevos ense\u00f1antes<br \/>\n7.1. Novedades de estos maestros de sabidur\u00eda<br \/>\n7.2. \u00bfPodr\u00edan ser calificados como \u201clos primeros humanistas\u201d?<br \/>\n7.3. Su modalidad de ense\u00f1anza<br \/>\n7.4. Historiograf\u00eda de este movimiento cultural<\/li>\n<\/ol>\n<p style=\"font-weight: 400;\"><b><strong>CAP\u00cdTULO DUOD\u00c9CIMO<\/strong><\/b><br \/>\n<b><strong>ALGUNOS DESTACADOS MAESTROS DE SABIDUR\u00cdA<\/strong><\/b><\/p>\n<ol>\n<li style=\"font-weight: 400;\">Prot\u00e1goras de Abdera<br \/>\n1.1. Rese\u00f1a biogr\u00e1fica<br \/>\n1.2. Su concepto de la justicia y el derecho<br \/>\n1.3. Su concepci\u00f3n sobre la sociedad y el Estado<br \/>\n1.4. Aportes filos\u00f3fico-jur\u00eddicos<\/li>\n<li style=\"font-weight: 400;\">Gorgias de Leontino<br \/>\n2.1. Semblanza<br \/>\n2.2. Sus principales tesis filos\u00f3ficas<br \/>\n2.3. Su pensamiento f\u00edlos\u00f3f\u00edco-jur\u00eddico<\/li>\n<li style=\"font-weight: 400;\">Tras\u00edmaco de Calcedonia<br \/>\n3.1. Rese\u00f1a de su vida<br \/>\n3.2. Sus tesis sobre la justicia y el derecho<br \/>\n3.3. \u00bfAlguna contribuci\u00f3n a la filosof\u00eda jur\u00eddica?<\/li>\n<li style=\"font-weight: 400;\">Hipias de Elis<br \/>\n4.1. Fisonom\u00eda Hist\u00f3rica<br \/>\n4.2. Su tesis sobre la ley natural<br \/>\n4.3. La justicia y la ley<br \/>\n4.4. Las leyes naturales y las leyes divinas<br \/>\n4.5. Contribuciones a la filosof\u00eda del derecho<\/li>\n<li style=\"font-weight: 400;\">Antifonte<br \/>\n5.1. Rese\u00f1a biogr\u00e1fica<br \/>\n5.2. Su pensamiento sobre el derecho y la justicia<br \/>\n5.3. La \u00e9tica de Antifonte<br \/>\n5.4. Contribuciones a la filosof\u00eda jur\u00eddica<\/li>\n<li style=\"font-weight: 400;\">Observaciones sobre los sofistas<br \/>\n6.1. De sus cr\u00edticos m\u00e1s enconados<br \/>\n6.2. Su mundo cultural<br \/>\n6.3. Contribuciones de estos ense\u00f1antes<br \/>\n6.4. Diferencias entre los rese\u00f1ados sofistas<\/li>\n<\/ol>\n<p style=\"font-weight: 400;\"><b><strong>CAP\u00cdTULO D\u00c9CIMOTERCERO<\/strong><\/b><br \/>\n<b><strong>S\u00d3CRATES<\/strong><\/b><\/p>\n<ol>\n<li style=\"font-weight: 400;\">El hombre y sus circunstancias2. Sus inicios en filosof\u00eda3. \u00bfC\u00f3mo conocer su doctrina?\n<p>4. Su participaci\u00f3n ciudadana<\/p>\n<p>5. Su m\u00e9todo de ense\u00f1anza: la may\u00e9utica<\/p>\n<p>6. El proceso a S\u00f3crates y su condena a muerte<br \/>\n6.1. Antecedentes que lo explican<br \/>\n6.2. Las causales que se invocan<br \/>\n6.3. La estructura del proceso<br \/>\n6.4. La defensa asumida por S\u00f3crates<br \/>\n6.5. La condena a muerte<br \/>\n6.6. La ejecuci\u00f3n de la pena<\/p>\n<p>7. La \u00e9tica socr\u00e1tica<br \/>\n7.1. Su fundamentaci\u00f3n<br \/>\n7.2. El conocimiento moral: el daim\u00f3n<br \/>\n7.3. Una an\u00e9cdota moral que se le atribuye<\/li>\n<li style=\"font-weight: 400;\">La concepci\u00f3n socr\u00e1tica del derecho y la justicia<\/li>\n<li style=\"font-weight: 400;\">Aportes de S\u00f3crates a la filosof\u00eda<\/li>\n<\/ol>\n<p style=\"font-weight: 400;\"><b><strong>TOMO II<\/strong><\/b><\/p>\n<p><b><strong>CAP\u00cdTULO PRIMERO<\/strong><\/b><br \/>\n<b><strong>LA HERENCIA SOCR\u00c1TICA<\/strong><\/b><\/p>\n<p style=\"font-weight: 400;\">Sus heterog\u00e9neos disc\u00edpulos<\/p>\n<ol>\n<li style=\"font-weight: 400;\">La Escuela C\u00ednica<br \/>\n1.1. Rese\u00f1a biogr\u00e1fica de Ant\u00edstenes, su fundador<br \/>\n1.2. Doctrina general<br \/>\n1.3. El cinismo y las dimensiones humanas<br \/>\n1.4. Su pensamiento sobre el derecho y la justicia<br \/>\n1.5. Presencia hist\u00f3rica del pensamiento c\u00ednico<br \/>\n1.6. Algunas cr\u00edticas a esta escuela<br \/>\n1.7. Un disc\u00edpulo directo: Di\u00f3genes<\/li>\n<li style=\"font-weight: 400;\">La Escuela Cirenaica<br \/>\n2.1. Rese\u00f1a de Aristipo, su fundador<br \/>\n2.2. Doctrina moral<br \/>\n2.3. Su concepto del Estado y del Derecho<br \/>\n2.4. La escuela cirenaica y el hedonismo<br \/>\n2.5. Observaciones en paralelo a c\u00ednicos y cirenaicos<\/li>\n<\/ol>\n<p style=\"font-weight: 400;\"><b><strong>CAP\u00cdTULO SEGUNDO<\/strong><\/b><br \/>\n<b><strong>PLAT\u00d3N<\/strong><\/b><\/p>\n<ol>\n<li style=\"font-weight: 400;\">Nacimiento y circunstancias<\/li>\n<li style=\"font-weight: 400;\">Plat\u00f3n: genio y figura<\/li>\n<li style=\"font-weight: 400;\">Viajes de Plat\u00f3n y fundaci\u00f3n de la Academia<\/li>\n<li style=\"font-weight: 400;\">La Academia: estructura y funcionamiento<\/li>\n<li style=\"font-weight: 400;\">La muerte de Plat\u00f3n y el destino de la Academia<\/li>\n<li style=\"font-weight: 400;\">Influencias en Plat\u00f3n<\/li>\n<li style=\"font-weight: 400;\">Las obras de Plat\u00f3n<\/li>\n<li style=\"font-weight: 400;\">El pensamiento filos\u00f3fico de Plat\u00f3n<\/li>\n<li style=\"font-weight: 400;\">Tras la pesquisa de su filosof\u00eda jur\u00eddica<br \/>\n9.1. Teor\u00eda de los dos mundos<br \/>\n9.2. Teor\u00eda del conocimiento<br \/>\n9.3. Teor\u00eda \u00e9tica<br \/>\n9.4. Teor\u00eda socio-pol\u00edtica<br \/>\n9.5. Teor\u00eda del Derecho y la Justicia<br \/>\n9.6. Aportes de Plat\u00f3n a la Filosof\u00eda del Derecho<br \/>\n9.7. Plat\u00f3n y su influencia<\/li>\n<\/ol>\n<p style=\"font-weight: 400;\"><b><strong>CAP\u00cdTULO TERCERO<\/strong><\/b><br \/>\n<b><strong>ARIST\u00d3TELES: VIDA Y OBRAS<\/strong><\/b><\/p>\n<ol>\n<li style=\"font-weight: 400;\">Nacimiento y circunstancias<br \/>\n2. Genio y figura<br \/>\n3. Incorporaci\u00f3n a la Academia<br \/>\n4. Su vida itinerante tras la muerte de Plat\u00f3n<br \/>\n5. Arist\u00f3teles y Herm\u00edas: una fuerte amistad<br \/>\n6. Arist\u00f3teles: educador de Alejandro<br \/>\n7. El Liceo: organizaci\u00f3n, fines e influencias<br \/>\n8. Sus \u00faltimos d\u00edas y su testamento<br \/>\n9. Arist\u00f3teles y sus obras<br \/>\n9.1. Escritos Exot\u00e9ricos<br \/>\n9.2. Escritos Esot\u00e9ricos<br \/>\n9.3. Recolecci\u00f3n de materiales<\/li>\n<\/ol>\n<p style=\"font-weight: 400;\"><b><strong>CAP\u00cdTULO CUARTO<\/strong><\/b><br \/>\n<b><strong>EL PENSAMIENTO ARISTOT\u00c9LICO<\/strong><\/b><\/p>\n<p style=\"font-weight: 400;\">Un pre\u00e1mbulo necesario<\/p>\n<ol>\n<li style=\"font-weight: 400;\">Fundamentos filos\u00f3ficos de su pensamiento<br \/>\n1.1. Los modos del ser<br \/>\n1.2. Teor\u00eda de las Causas<\/li>\n<li style=\"font-weight: 400;\">Teor\u00eda del Conocimiento<br \/>\n2.1. Te\u00f3rico, pr\u00e1ctico y productivo<br \/>\n2.2. El acto cognoscitivo y su complejidad<br \/>\n2.3. Los \u201csentidos\u201d y sus aportes cognoscitivos<br \/>\n2.4. El intelecto en el conocimiento<br \/>\n2.5. La raz\u00f3n y sus m\u00e9todos b\u00e1sicos<br \/>\n2.6. La l\u00f3gica y sus exigencias en el conocimiento<br \/>\n2.7. La verdad y sus medios probatorios<br \/>\n2.8. La ret\u00f3rica y el conocimiento<\/li>\n<li style=\"font-weight: 400;\">Teor\u00eda \u00c9tica<br \/>\n3.1. Algunas precisiones previas<br \/>\n3.2. Posibilidad de denominaciones de su teor\u00eda \u00e9tica<\/li>\n<li style=\"font-weight: 400;\">Teor\u00eda Jur\u00eddica<br \/>\n4.1. El Derecho como \u201clo justo\u201d y como \u201cla ley\u201d<br \/>\n4.2. La ley y su relaci\u00f3n con el Derecho<br \/>\n4.3. El Derecho Natural<br \/>\n4.4. La justicia en el Derecho y en la \u00c9tica<\/li>\n<li style=\"font-weight: 400;\">La Equidad Natural: un aporte de Arist\u00f3teles<br \/>\n5.1. Necesidad y naturaleza de la equidad<br \/>\n5.2. Funciones de la equidad<br \/>\n5.3. \u00bfC\u00f3mo se aplica la equidad?<br \/>\n5.4. \u00bfQui\u00e9n aplica la equidad?<br \/>\n5.5. Controversia sobre la equidad<br \/>\n5.6. La equidad y los modelos del derecho contempor\u00e1neo<\/li>\n<li style=\"font-weight: 400;\">Teor\u00eda Socio-Pol\u00edtica<br \/>\n6.1. \u00bfPor qu\u00e9 la sociedad pol\u00edtica?<br \/>\n6.2. Formas de gobierno de la comunidad pol\u00edtica<br \/>\n6.3. Causas de las revoluciones<br \/>\n6.4. Condiciones para un Estado \u00f3ptimo<br \/>\n6.5. Necesidad de la ley en la comunidad pol\u00edtica<\/li>\n<li style=\"font-weight: 400;\">Contribuciones de Arist\u00f3teles<\/li>\n<\/ol>\n<p style=\"font-weight: 400;\"><b><strong>CAP\u00cdTULO QUINTO<\/strong><\/b><br \/>\n<b><strong>EL HELENISMO<\/strong><\/b><\/p>\n<ol>\n<li style=\"font-weight: 400;\">El Escepticismo<br \/>\n1.1. Rese\u00f1a biogr\u00e1fica de Pirr\u00f3n de Elis, su fundador<br \/>\n1.2. Su doctrina general<br \/>\n1.3. Comentarios sobre su doctrina<br \/>\n1.4. El \u201cpirronismo\u201d y su herencia intelectual<br \/>\n1.5. Incidencias esc\u00e9pticas en Filosof\u00eda del Derecho<\/li>\n<li style=\"font-weight: 400;\">El Epicureismo<br \/>\n2.1. Rese\u00f1a biogr\u00e1fica de su fundador<br \/>\n2.2. Su doctrina y sus presupuestos fundamentales<br \/>\n2.3. Su \u00c9tica<br \/>\n2.4. Epicuro ante la sociedad y el derecho<br \/>\n2.5. El Estado y la actividad pol\u00edtica<br \/>\n2.6. Paralelo con su inspirador: Aristipo de Cirene<br \/>\n2.7. Influencia del epicureismo<\/li>\n<li style=\"font-weight: 400;\">El Estoicismo<br \/>\n3.1. Rese\u00f1a biogr\u00e1fica de su fundador: Zen\u00f3n de Citio<br \/>\n3.2. Desarrollo del estoicismo<\/li>\n<\/ol>\n<p style=\"font-weight: 400;\">3.3. La doctrina estoica en f\u00edsica y en l\u00f3gica<br \/>\n3.4. La \u00e9tica estoica<br \/>\n3.5. Doctrina jur\u00eddico-pol\u00edtica del estoicismo<br \/>\n3.6. Influencia estoica<\/p>\n<p style=\"font-weight: 400;\"><b><strong>CAP\u00cdTULO SEXTO<\/strong><\/b><br \/>\n<b><strong>EP\u00cdGONOS GRIEGOS EN ROMA<\/strong><\/b><\/p>\n<p style=\"font-weight: 400;\">Un pre\u00e1mbulo necesario<\/p>\n<ol>\n<li style=\"font-weight: 400;\">Figuras intelectuales con sello griego<br \/>\n1.1. Virgilio<br \/>\n1.2. Lucrecio Caro, Horacio y Ovidio2. La filosof\u00eda jur\u00eddica y pol\u00edtica: Cicer\u00f3n<br \/>\n2.1. N\u00e1cimiento y circunstancias<br \/>\n2.2. Sus inicios como abogado litigante<br \/>\n2.3. Su estad\u00eda en la H\u00e9lade<br \/>\n2.4. Regreso a la patria y carrera pol\u00edtica<br \/>\n2.5. Su nueva estrategia judicial. \u00bfInfluencia aristot\u00e9lica?.<br \/>\n2.6. Su pensamiento pol\u00edtico republicano<br \/>\n2.7. El asesinato de C\u00e9sar y el retorno de Cicer\u00f3n a la pol\u00edtica<br \/>\n2.8. La muerte de Cicer\u00f3n<br \/>\n2.9. El pensamiento filos\u00f3fico-jur\u00eddico de Cicer\u00f3n<br \/>\n2.10. Obras de Cicer\u00f3n<br \/>\n2.11. Cicer\u00f3n: su personalidad y la formaci\u00f3n de su pensamiento<br \/>\n2.12. Juicios cr\u00edticos sobre Cicer\u00f3n y sus aportes<\/li>\n<li style=\"font-weight: 400;\">La Filosof\u00eda Moral: S\u00e9neca, Epicteto y Marco Aurelio<br \/>\n3.1. S\u00e9neca<br \/>\n3.2. Epicteto<\/li>\n<li style=\"font-weight: 400;\">\u00bfAportes romanos a la filosof\u00eda jur\u00eddica?<\/li>\n<\/ol>\n<p style=\"font-weight: 400;\">\n","protected":false},"excerpt":{"rendered":"<p>Buscas un libro Jur\u00eddico.? Lo puedes encontrar en nuestra tienda virtual.<br \/>\nContamos con prestigiosos autores y muchas alternativas en sus diferentes materias al igual que grandes descuentos.! Vis\u00edtanos en <a class=\"addDXsGnLlDHDGCHDlrQdmrqhmwleElB \" tabindex=\"0\" href=\"https:\/\/lnkd.in\/eiAG7jdZ\" target=\"_blank\" rel=\"noopener\" data-test-app-aware-link=\"\">https:\/\/lnkd.in\/eiAG7jdZ<\/a><br \/>\nEscr\u00edbenos al +56930565235 \/ <a class=\"addDXsGnLlDHDGCHDlrQdmrqhmwleElB \" tabindex=\"0\" href=\"mailto:ventaslegallexglobal@gmail.com\" target=\"_self\" data-test-app-aware-link=\"\">ventaslegallexglobal@gmail.com<\/a><br \/>\nHacemos env\u00edos a todo Chile \u2013 Starken o Correos Chile \/ Te esperamos<\/p>\n","protected":false},"featured_media":2193,"comment_status":"open","ping_status":"closed","template":"","meta":{"inline_featured_image":false,"_joinchat":[]},"product_brand":[],"product_cat":[26,44],"product_tag":[],"class_list":{"0":"post-2163","1":"product","2":"type-product","3":"status-publish","4":"has-post-thumbnail","6":"product_cat-derecho","7":"product_cat-filosofia-del-derecho-y-introduccion","9":"first","10":"instock","11":"shipping-taxable","12":"purchasable","13":"product-type-simple"},"_links":{"self":[{"href":"https:\/\/bibliotecajuridicavirtual.cl\/index.php\/wp-json\/wp\/v2\/product\/2163","targetHints":{"allow":["GET"]}}],"collection":[{"href":"https:\/\/bibliotecajuridicavirtual.cl\/index.php\/wp-json\/wp\/v2\/product"}],"about":[{"href":"https:\/\/bibliotecajuridicavirtual.cl\/index.php\/wp-json\/wp\/v2\/types\/product"}],"replies":[{"embeddable":true,"href":"https:\/\/bibliotecajuridicavirtual.cl\/index.php\/wp-json\/wp\/v2\/comments?post=2163"}],"wp:featuredmedia":[{"embeddable":true,"href":"https:\/\/bibliotecajuridicavirtual.cl\/index.php\/wp-json\/wp\/v2\/media\/2193"}],"wp:attachment":[{"href":"https:\/\/bibliotecajuridicavirtual.cl\/index.php\/wp-json\/wp\/v2\/media?parent=2163"}],"wp:term":[{"taxonomy":"product_brand","embeddable":true,"href":"https:\/\/bibliotecajuridicavirtual.cl\/index.php\/wp-json\/wp\/v2\/product_brand?post=2163"},{"taxonomy":"product_cat","embeddable":true,"href":"https:\/\/bibliotecajuridicavirtual.cl\/index.php\/wp-json\/wp\/v2\/product_cat?post=2163"},{"taxonomy":"product_tag","embeddable":true,"href":"https:\/\/bibliotecajuridicavirtual.cl\/index.php\/wp-json\/wp\/v2\/product_tag?post=2163"}],"curies":[{"name":"wp","href":"https:\/\/api.w.org\/{rel}","templated":true}]}}