{"id":2164,"date":"2026-02-28T00:59:02","date_gmt":"2026-02-28T03:59:02","guid":{"rendered":"https:\/\/bibliotecajuridicavirtual.cl\/?post_type=product&#038;p=2164"},"modified":"2026-02-28T00:59:23","modified_gmt":"2026-02-28T03:59:23","slug":"derechos-sociales-justicia-social-y-adjudicacion-alfonso-henriquez-ramirez-edicion-actualizada-marzo-ano-2023-326-pag","status":"publish","type":"product","link":"https:\/\/bibliotecajuridicavirtual.cl\/index.php\/product\/derechos-sociales-justicia-social-y-adjudicacion-alfonso-henriquez-ramirez-edicion-actualizada-marzo-ano-2023-326-pag\/","title":{"rendered":"Derechos Sociales, Justicia Social y Adjudicaci\u00f3n * Alfonso Henr\u00edquez Ram\u00edrez &#8211; edici\u00f3n actualizada marzo a\u00f1o 2023, 326 P\u00e1g."},"content":{"rendered":"<p style=\"font-weight: 400;\">En esta obra se explora la relaci\u00f3n entre derechos sociales y justicia social, y los problemas te\u00f3ricos y jur\u00eddicos que implica su implementaci\u00f3n y desarrollo. Se invita al lector a examinar cr\u00edticamente los argumentos que justifican su reconocimiento y los distintos modelos de Estado Social y de Estado Subsidiario, destacando los alcances de cada una de estas alternativas. Junto con ello, se aborda su regulaci\u00f3n en el marco de la Constituci\u00f3n de 1980, y en las propuestas elaboradas durante el proceso constituyente. El texto finaliza con un estudio de los desaf\u00edos que supone la tutela judicial de estos derechos, enfatizando su relaci\u00f3n con el activismo judicial y el respeto al principio de deferencia al legislador.<\/p>\n<p style=\"font-weight: 400;\">\n<p style=\"font-weight: 400;\"><b><strong>CAP\u00cdTULO 1\u00a0<\/strong><\/b><br \/>\n<b><strong>ALGUNOS PROBLEMAS RELATIVOS A LOS DERECHOS SOCIALES<\/strong><\/b><\/p>\n<p>1.\u00a0\u00a0 \u00a0Consideraciones generales<br \/>\n2.\u00a0\u00a0 \u00a0Fundamento<br \/>\n3.\u00a0\u00a0 \u00a0Estructura<br \/>\n4.\u00a0\u00a0 \u00a0Contenido<br \/>\n5.\u00a0\u00a0 \u00a0Costos<br \/>\n6.\u00a0\u00a0 \u00a0Sujetos obligados<br \/>\n7.\u00a0\u00a0 \u00a0Titulares<br \/>\n8.\u00a0\u00a0 \u00a0Formas de constitucionalizaci\u00f3n de los derechos sociales<br \/>\n9.\u00a0\u00a0 \u00a0Obligaciones internacionales<br \/>\n10.\u00a0\u00a0 \u00a0Garant\u00edas<br \/>\n11.\u00a0\u00a0 \u00a0Un concepto de derechos sociales<\/p>\n<p><b><strong>CAP\u00cdTULO 2\u00a0<\/strong><\/b><br \/>\n<b><strong>LA DIMENSI\u00d3N DISTRIBUTIVA DE LOS DERECHOS SOCIALES<\/strong><\/b><\/p>\n<p>1.\u00a0\u00a0 \u00a0Los derechos sociales como problema distributivo<\/p>\n<p>2.\u00a0\u00a0 \u00a0Problemas distributivos de primer nivel<br \/>\n2.1.\u00a0\u00a0 \u00a0Rawls<br \/>\n2.2.\u00a0\u00a0 \u00a0Dworkin<br \/>\n2.3.\u00a0\u00a0 \u00a0Fraser y Honneth: \u00bfdistribuci\u00f3n o reconocimiento?<br \/>\n2.4.\u00a0\u00a0 \u00a0Sen y Nussbaum<br \/>\n2.5.\u00a0\u00a0 \u00a0Nozick<\/p>\n<p>3.\u00a0\u00a0 \u00a0Problemas distributivos de segundo nivel: igualitarismo, prioritarismo y suficientismo<br \/>\n3.1.\u00a0\u00a0 \u00a0El igualitarismo: \u00bfpor qu\u00e9 importa la igualdad?<br \/>\n3.1.1.\u00a0\u00a0 \u00a0Anderson: Igualitarismo de la suerte e igualitarismo democr\u00e1tico<br \/>\n3.1.2.\u00a0\u00a0 \u00a0Parfit: igualitarismo t\u00e9lico e igualitarismo de\u00f3ntico<br \/>\n3.1.3.\u00a0\u00a0 \u00a0Scanlon: igualitarismo pluralista<br \/>\n3.2.\u00a0\u00a0 \u00a0Prioritarismo<br \/>\n3.3.\u00a0\u00a0 \u00a0Suficientismo<br \/>\n3.4.\u00a0\u00a0 \u00a0El caso del derecho a la educaci\u00f3n: \u00bfigualdad o prioridad?<\/p>\n<ol start=\"4\">\n<li style=\"font-weight: 400;\">\u00a0La dimensi\u00f3n institucional de la justicia social: estado subsidiario y estado social<br \/>\n4.1.\u00a0\u00a0 \u00a0Estado subsidiario (interpretaci\u00f3n ontol\u00f3gica y neoliberal<br \/>\n4.2.\u00a0\u00a0 \u00a0Estado subsidiario: la interpretaci\u00f3n ontol\u00f3gica<br \/>\n4.3.\u00a0\u00a0 \u00a0Estado subsidiario: la interpretaci\u00f3n neoliberal<br \/>\n4.4.\u00a0\u00a0 \u00a0Estado social (postdistributivo y predistributivo)<br \/>\n4.4.1.\u00a0\u00a0 \u00a0Estado social postdistributivo (igualitarismo de impuestos y transferencias)<br \/>\n4.4.2.\u00a0\u00a0 \u00a0Estado social predistributivo (democracia de propietarios)<\/p>\n<p><b><strong>CAP\u00cdTULO 3<\/strong><\/b><br \/>\n<b><strong>LA DIMENSI\u00d3N DISTRIBUTIVA DE LOS DERECHOS SOCIAL EN PERSPECTIVA CONSTITUCIONAL<\/strong><\/b><\/p>\n<p>1.\u00a0\u00a0 \u00a0La Constituci\u00f3n de 1980: \u00bfun modelo de estado subsidiario?<br \/>\n1.1.\u00a0\u00a0 \u00a0Derecho a la educaci\u00f3n<br \/>\n1.2.\u00a0\u00a0 \u00a0Derecho a la salud<br \/>\n1.3.\u00a0\u00a0 \u00a0Derecho al trabajo y libertad sindical<br \/>\n1.4.\u00a0\u00a0 \u00a0Derecho a la seguridad social<br \/>\n1.5.\u00a0\u00a0 \u00a0Derecho a la vivienda<\/p>\n<p>2.\u00a0\u00a0 \u00a0Las protestas de octubre: malestar, justicia social y proceso constituyente<br \/>\n2.1.\u00a0\u00a0 \u00a0Antecedentes y causas del estallido social<br \/>\n2.2.\u00a0\u00a0 \u00a0El primer proceso constituyente: itinerario y balance general<\/p>\n<p>3.\u00a0\u00a0 \u00a0El modelo de Estado social en el proyecto de la Convenci\u00f3n Constitucional (Estado social pleno)<br \/>\n3.1.\u00a0\u00a0 \u00a0El derecho a la educaci\u00f3n<br \/>\n3.2.\u00a0\u00a0 \u00a0Derecho a la salud<br \/>\n3.3.\u00a0\u00a0 \u00a0Libertad sindical<br \/>\n3.4.\u00a0\u00a0 \u00a0Derecho a la seguridad social<br \/>\n3.5.\u00a0\u00a0 \u00a0Derecho a la vivienda<br \/>\n3.6.\u00a0\u00a0 \u00a0Derecho a los cuidados<br \/>\n3.7.\u00a0\u00a0 \u00a0Otros derechos sociales: derecho a la alimentaci\u00f3n, derecho a un m\u00ednimo vital de energ\u00eda, derecho al deporte, derecho a la ciudad<\/p>\n<p>4.\u00a0\u00a0 \u00a0El modelo de estado social en el proyecto de la Comisi\u00f3n Experta y del Consejo Constitucional<br \/>\n4.1.\u00a0\u00a0 \u00a0El modelo de Estado social en la propuesta de la Comisi\u00f3n Experta (Estado social mixto)<br \/>\n4.1.1.\u00a0\u00a0 \u00a0Derecho a la educaci\u00f3n<br \/>\n4.1.2.\u00a0\u00a0 \u00a0Derecho a la salud<br \/>\n4.1.3.\u00a0\u00a0 \u00a0Libertad sindical<br \/>\n4.1.4.\u00a0\u00a0 \u00a0Derecho a la seguridad social<br \/>\n4.1.5.\u00a0\u00a0 \u00a0Derecho a la vivienda<br \/>\n4.2.\u00a0\u00a0 \u00a0El modelo de estado social en el proyecto del Consejo Constitucional (Estado social en clave subsidiaria)<br \/>\n4.2.1.\u00a0\u00a0 \u00a0Derecho a la educaci\u00f3n<br \/>\n4.2.2.\u00a0\u00a0 \u00a0Derecho a la salud<br \/>\n4.2.3.\u00a0\u00a0 \u00a0Libertad sindical<br \/>\n4.2.4.\u00a0\u00a0 \u00a0Derecho a la seguridad social<br \/>\n4.2.5.\u00a0\u00a0 \u00a0Derecho a la vivienda<\/p>\n<p><b><strong>CAP\u00cdTULO 4\u00a0<\/strong><\/b><br \/>\n<b><strong>LA DIMENSI\u00d3N ADJUDICATIVA DE LOS DERECHOS SOCIALES EN PERSPECTIVA CONSTITUCIONAL<\/strong><\/b><\/p>\n<p>1.\u00a0\u00a0 \u00a0Los derechos sociales como problema adjudicativo<\/p>\n<p>2.\u00a0\u00a0 \u00a0Argumentos relacionados con la exigibilidad de los derechos sociales: la cr\u00edtica t\u00e9cnica<br \/>\n2.1.\u00a0\u00a0 \u00a0El car\u00e1cter indeterminado de las prestaciones a las que dan lugar los derechos sociales<br \/>\n2.2.\u00a0\u00a0 \u00a0Conocimiento experto y policentrismo<br \/>\n2.3.\u00a0\u00a0 \u00a0Limitaciones procesales y justicia dial\u00f3gica<\/p>\n<p>3.\u00a0\u00a0 \u00a0Argumentos relacionados con la exigibilidad de los derechos sociales: la cr\u00edtica democr\u00e1tica (activismo y judicializaci\u00f3n)<br \/>\n3.1.\u00a0\u00a0 \u00a0El activismo judicial: una breve revisi\u00f3n conceptual<br \/>\n3.2.\u00a0\u00a0 \u00a0El activismo judicial en relaci\u00f3n con el car\u00e1cter autoritativo del derecho<br \/>\n3.3.\u00a0\u00a0 \u00a0Activismo judicial: contenci\u00f3n judicial y autogobierno colectivo en el marco del neoconstitucionalismo<br \/>\n3.4.\u00a0\u00a0 \u00a0Activismo judicial y derechos sociales<\/p>\n<p>4.\u00a0\u00a0 \u00a0V\u00edas para garantizar la exigibilidad de los derechos sociales: estrategias y experiencias comparadas<br \/>\n4.1.\u00a0\u00a0 \u00a0Estrategias para garantizar la exigibilidad de los derechos sociales<br \/>\n4.2.\u00a0\u00a0 \u00a0Experiencias comparadas en materia de tutela de derechos sociales<br \/>\n4.2.1.\u00a0\u00a0 \u00a0Alemania<br \/>\n4.2.2.\u00a0\u00a0 \u00a0Portugal<br \/>\n4.2.3.\u00a0\u00a0 \u00a0Colombia<br \/>\n4.2.4.\u00a0\u00a0 \u00a0Tribunal Europeo de Derechos Humanos<br \/>\na)\u00a0\u00a0 \u00a0Derecho a la salud<br \/>\nb)\u00a0\u00a0 \u00a0Derecho a la educaci\u00f3n<br \/>\nc)\u00a0\u00a0 \u00a0Derecho a la vivienda<br \/>\nd)\u00a0\u00a0 \u00a0Derecho a la seguridad social<br \/>\n4.2.5.\u00a0\u00a0 \u00a0Corte Interamericana de Derechos Humanos<br \/>\na)\u00a0\u00a0 \u00a0Derecho a la educaci\u00f3n<br \/>\nb)\u00a0\u00a0 \u00a0Derecho a la salud<\/p>\n<p>5.\u00a0\u00a0 \u00a0La exigibilidad de los derechos sociales en la Constituci\u00f3n de 1980: marco normativo y jurisprudencia relevante<br \/>\n5.1.\u00a0\u00a0 \u00a0Marco normativo<br \/>\n5.2.\u00a0\u00a0 \u00a0Tutela del derecho a la salud<br \/>\n5.2.1.\u00a0\u00a0 \u00a0Primera l\u00ednea jurisprudencial<br \/>\n5.2.2.\u00a0\u00a0 \u00a0Segunda l\u00ednea jurisprudencial: el caso del financiamiento de las enfermedades de alto costo<br \/>\n5.2.3.\u00a0\u00a0 \u00a0Isapres y judicializaci\u00f3n de la salud<br \/>\n5.3.\u00a0\u00a0 \u00a0Tutela del derecho a la educaci\u00f3n<br \/>\n5.3.1.\u00a0\u00a0 \u00a0Sanciones disciplinarias y reglamento interno<br \/>\n5.3.2.\u00a0\u00a0 \u00a0Ley de Inclusi\u00f3n y libertad de ense\u00f1anza<\/p>\n<p>6.\u00a0\u00a0 \u00a0La exigibilidad de los derechos sociales en la propuesta de la Convenci\u00f3n Constitucional (modelo fuerte)<\/p>\n<p>7.\u00a0\u00a0 \u00a0La exigibilidad de los derechos sociales en la propuesta de la Comisi\u00f3n Experta y del Consejo Constitucional<br \/>\n7.1.\u00a0\u00a0 \u00a0La exigibilidad de los derechos sociales en la propuesta de la Comisi\u00f3n Experta (modelo d\u00e9bil)<br \/>\n7.2.\u00a0\u00a0 \u00a0La exigibilidad de los derechos sociales en la propuesta del Consejo Constitucional (modelo debil\u00edsimo)<\/li>\n<\/ol>\n","protected":false},"excerpt":{"rendered":"<p>Buscas un libro Jur\u00eddico.? Lo puedes encontrar en nuestra tienda virtual.<br \/>\nContamos con prestigiosos autores y muchas alternativas en sus diferentes materias al igual que grandes descuentos.! Vis\u00edtanos en <a class=\"addDXsGnLlDHDGCHDlrQdmrqhmwleElB \" tabindex=\"0\" href=\"https:\/\/lnkd.in\/eiAG7jdZ\" target=\"_blank\" rel=\"noopener\" data-test-app-aware-link=\"\">https:\/\/lnkd.in\/eiAG7jdZ<\/a><br \/>\nEscr\u00edbenos al +56930565235 \/ <a class=\"addDXsGnLlDHDGCHDlrQdmrqhmwleElB \" tabindex=\"0\" href=\"mailto:ventaslegallexglobal@gmail.com\" target=\"_self\" data-test-app-aware-link=\"\">ventaslegallexglobal@gmail.com<\/a><br \/>\nHacemos env\u00edos a todo Chile \u2013 Starken o Correos Chile \/ Te esperamos<\/p>\n","protected":false},"featured_media":2194,"comment_status":"open","ping_status":"closed","template":"","meta":{"inline_featured_image":false,"_joinchat":[]},"product_brand":[],"product_cat":[27,26],"product_tag":[],"class_list":{"0":"post-2164","1":"product","2":"type-product","3":"status-publish","4":"has-post-thumbnail","6":"product_cat-civil","7":"product_cat-derecho","9":"first","10":"instock","11":"shipping-taxable","12":"purchasable","13":"product-type-simple"},"_links":{"self":[{"href":"https:\/\/bibliotecajuridicavirtual.cl\/index.php\/wp-json\/wp\/v2\/product\/2164","targetHints":{"allow":["GET"]}}],"collection":[{"href":"https:\/\/bibliotecajuridicavirtual.cl\/index.php\/wp-json\/wp\/v2\/product"}],"about":[{"href":"https:\/\/bibliotecajuridicavirtual.cl\/index.php\/wp-json\/wp\/v2\/types\/product"}],"replies":[{"embeddable":true,"href":"https:\/\/bibliotecajuridicavirtual.cl\/index.php\/wp-json\/wp\/v2\/comments?post=2164"}],"wp:featuredmedia":[{"embeddable":true,"href":"https:\/\/bibliotecajuridicavirtual.cl\/index.php\/wp-json\/wp\/v2\/media\/2194"}],"wp:attachment":[{"href":"https:\/\/bibliotecajuridicavirtual.cl\/index.php\/wp-json\/wp\/v2\/media?parent=2164"}],"wp:term":[{"taxonomy":"product_brand","embeddable":true,"href":"https:\/\/bibliotecajuridicavirtual.cl\/index.php\/wp-json\/wp\/v2\/product_brand?post=2164"},{"taxonomy":"product_cat","embeddable":true,"href":"https:\/\/bibliotecajuridicavirtual.cl\/index.php\/wp-json\/wp\/v2\/product_cat?post=2164"},{"taxonomy":"product_tag","embeddable":true,"href":"https:\/\/bibliotecajuridicavirtual.cl\/index.php\/wp-json\/wp\/v2\/product_tag?post=2164"}],"curies":[{"name":"wp","href":"https:\/\/api.w.org\/{rel}","templated":true}]}}