{"id":2165,"date":"2026-02-28T00:59:02","date_gmt":"2026-02-28T03:59:02","guid":{"rendered":"https:\/\/bibliotecajuridicavirtual.cl\/?post_type=product&#038;p=2165"},"modified":"2026-02-28T00:59:25","modified_gmt":"2026-02-28T03:59:25","slug":"acto-juridico-francisco-talep-pardo-edicion-actualizada-abril-ano-2025-168-paginas","status":"publish","type":"product","link":"https:\/\/bibliotecajuridicavirtual.cl\/index.php\/product\/acto-juridico-francisco-talep-pardo-edicion-actualizada-abril-ano-2025-168-paginas\/","title":{"rendered":"Acto Jur\u00eddico * Francisco Talep Pardo &#8211; edici\u00f3n actualizada abril a\u00f1o 2025 \/ 168 P\u00e1ginas"},"content":{"rendered":"<p style=\"font-weight: 400;\">Teor\u00eda General del Acto Jur\u00eddico: La puerta de Entrada al Derecho Civil<\/p>\n<p>Abordar el tema relativo a la Teor\u00eda General Del Acto Jur\u00eddico para cualquier estudiante de Derecho representa un desaf\u00edo mayor, ya que es la puerta de entrada al complejo, extenso y demandante estudio del Derecho Civil.<\/p>\n<p style=\"font-weight: 400;\">Contar con un manual que trate esta disciplina, desde una perspectiva clara, concisa, did\u00e1ctica y con un lenguaje cercano, \u00a0se vuelve imprescindible. Este libro est\u00e1 dise\u00f1ado para ser tu compa\u00f1ero de estudio, facilitando la comprensi\u00f3n de conceptos esenciales y preparando el camino para estudios m\u00e1s avanzados.<\/p>\n<p style=\"font-weight: 400;\">La Universidad Central de Chile y en especial su carrera de Derecho, se enorgullece en presentar esta obra a trav\u00e9s de la experiencia y palabras de este autor, ponemos a disposici\u00f3n de los futuros abogados una gu\u00eda fundamental, ayud\u00e1ndote no solo a entender, sino tambi\u00e9n a disfrutar del estudio del Derecho Civil.<\/p>\n<p style=\"font-weight: 400;\">Esta peque\u00f1a, pero significativa obra, fue creada para permitir a quienes comienzan con el estudio de esta rama del saber jur\u00eddico a encantarse con tan relevante materia, prepar\u00e1ndolos para afrontar los desaf\u00edos con confianza y conocimiento.<\/p>\n<p style=\"font-weight: 400;\"><b><strong><u>TEOR\u00cdA DEL ACTO JUR\u00cdDICO<\/u><\/strong><\/b><\/p>\n<p style=\"font-weight: 400;\">Generalidades<br \/>\nLos actos jur\u00eddicos<br \/>\nEstructura del acto jur\u00eddico<br \/>\nElementos del acto jur\u00eddico<br \/>\nClasificaci\u00f3n de los actos jur\u00eddicos<br \/>\nRequisitos de los actos jur\u00eddicos<br \/>\nA) Requisitos o condiciones de existencia del acto jur\u00eddico<br \/>\nB) Requisitos, condiciones o elementos de validez del acto jur\u00eddico<\/p>\n<p style=\"font-weight: 400;\"><b><strong><u>LA VOLUNTAD<\/u><\/strong><\/b><\/p>\n<p>Requisitos de la voluntad<br \/>\nCondiciones jur\u00eddicas de la voluntad<br \/>\nFormas en que se puede expresar la voluntad<br \/>\nLa intenci\u00f3n negocial<br \/>\nFormaci\u00f3n del consentimiento<br \/>\nLos vicios de la voluntad (requisito de validez voluntad exenta de vicios)<\/p>\n<p><b><strong><u>EL ERROR<\/u><\/strong><\/b><\/p>\n<p>Clasificaci\u00f3n del error<br \/>\nPrueba del error<\/p>\n<p><b><strong><u>LA FUERZA<\/u><\/strong><\/b><\/p>\n<p>Clasificaci\u00f3n de la fuerza<br \/>\nRequisitos de la fuerza<br \/>\nEl temor reverencial<\/p>\n<p><b><strong><u>EL DOLO<\/u><\/strong><\/b><\/p>\n<p>\u00c1rea del derecho civil en que est\u00e1 presente el dolo<br \/>\nClasificaci\u00f3n del dolo<br \/>\nElementos constitutivos del dolo<br \/>\nRequisitos del dolo para que vicien la voluntad consagrados en el art. 1458 del c\u00f3digo civil<br \/>\nSanci\u00f3n que recibe el dolo<br \/>\nLa lesi\u00f3n<br \/>\nTeor\u00edas sobre la lesi\u00f3n<\/p>\n<p><b><strong>REQUISITOS DE VALIDEZ<\/strong><\/b><\/p>\n<p>La capacidad de las partes<br \/>\nClasificaci\u00f3n de la capacidad<br \/>\nLas incapacidades<br \/>\nNormas generales en torno a la capacidad<br \/>\nIncapacidad absoluta<br \/>\nRelativamente incapaces<br \/>\nIncapacidades especiales o prohibiciones consagradas en el inc. final del articulo 1447<\/p>\n<p><b><strong>EL OBJETO<\/strong><\/b><\/p>\n<p>Conceptos generales<br \/>\nRequisitos del objeto<br \/>\nEl objeto para el c\u00f3digo civil<br \/>\nI.- Requisitos que debe reunir la cosa objeto de la declaraci\u00f3n de voluntad<br \/>\nII.- Requisitos que debe reunir el hecho objeto de la declaraci\u00f3n de voluntad<br \/>\nEl objeto il\u00edcito<br \/>\nConcepto general<br \/>\nAn\u00e1lisis particular de los casos de objeto il\u00edcito<br \/>\nEstudio particular de los casos enumerados por el art\u00edculo 1464 del c\u00f3digo civil<br \/>\nSanci\u00f3n para la falta de objeto l\u00edcito<\/p>\n<p><b><strong>LA CAUSA<br \/>\n<\/strong><\/b><br \/>\nConceptos generales<br \/>\nCriterios o doctrinas elaborados en relaci\u00f3n con la causa<br \/>\nRequisitos de la causa: causa real y l\u00edcita<br \/>\nSanci\u00f3n para la falta de causa y para la causa il\u00edcita<\/p>\n<p style=\"font-weight: 400;\"><b><strong>LAS FORMALIDADES<\/strong><\/b><\/p>\n<p>I. Formalidades propiamente tales o solemnidades<br \/>\nII. Formalidades habilitantes<br \/>\nIII. Formalidad por v\u00eda de prueba<br \/>\nIV. Formas o medidas de publicidad<br \/>\nSanci\u00f3n por la omisi\u00f3n de una formalidad<\/p>\n<p style=\"font-weight: 400;\"><b><strong>INEFICACIA DE LOS ACTOS JUR\u00cdDICOS<\/strong><\/b><\/p>\n<p style=\"font-weight: 400;\">Generalidades<br \/>\nLa ineficacia por inexistencia en el c\u00f3digo civil chileno<br \/>\nConceptos generales<br \/>\nPrincipales diferencias entre el acto inexistente y el acto nulo<br \/>\nLa ineficacia por nulidad en el c\u00f3digo civil chileno<br \/>\nConceptos generales<br \/>\nClases de nulidad<br \/>\nLa nulidad absoluta<br \/>\nCausales<br \/>\nSaneamiento de la nulidad absoluta<br \/>\nLa nulidad relativa<br \/>\nCausales<br \/>\nSaneamiento de la nulidad relativa<br \/>\nDiferencias entre nulidad absoluta y relativa<br \/>\nNulidad total y nulidad parcial<\/p>\n<p style=\"font-weight: 400;\"><b><strong>EFECTOS DE LA NULIDAD<\/strong><\/b><\/p>\n<p style=\"font-weight: 400;\">Conceptos generales<br \/>\nExcepciones a la regla general establecida por el art\u00edculo 1687<br \/>\nEfectos de la nulidad judicialmente declarada en relaci\u00f3n a terceros<\/p>\n","protected":false},"excerpt":{"rendered":"<p>Buscas un libro Jur\u00eddico.? Lo puedes encontrar en nuestra tienda virtual.<br \/>\nContamos con prestigiosos autores y muchas alternativas en sus diferentes materias al igual que grandes descuentos.! Vis\u00edtanos en https:\/\/lnkd.in\/eiAG7jdZ<br \/>\nEscr\u00edbenos al +56930565235 \/ ventaslegallexglobal@gmail.com<br \/>\nEnv\u00edos a todo Chile \/ Reservas.!<\/p>\n","protected":false},"featured_media":2211,"comment_status":"open","ping_status":"closed","template":"","meta":{"inline_featured_image":false,"_joinchat":[]},"product_brand":[],"product_cat":[27,26],"product_tag":[],"class_list":{"0":"post-2165","1":"product","2":"type-product","3":"status-publish","4":"has-post-thumbnail","6":"product_cat-civil","7":"product_cat-derecho","9":"first","10":"instock","11":"shipping-taxable","12":"purchasable","13":"product-type-simple"},"_links":{"self":[{"href":"https:\/\/bibliotecajuridicavirtual.cl\/index.php\/wp-json\/wp\/v2\/product\/2165","targetHints":{"allow":["GET"]}}],"collection":[{"href":"https:\/\/bibliotecajuridicavirtual.cl\/index.php\/wp-json\/wp\/v2\/product"}],"about":[{"href":"https:\/\/bibliotecajuridicavirtual.cl\/index.php\/wp-json\/wp\/v2\/types\/product"}],"replies":[{"embeddable":true,"href":"https:\/\/bibliotecajuridicavirtual.cl\/index.php\/wp-json\/wp\/v2\/comments?post=2165"}],"wp:featuredmedia":[{"embeddable":true,"href":"https:\/\/bibliotecajuridicavirtual.cl\/index.php\/wp-json\/wp\/v2\/media\/2211"}],"wp:attachment":[{"href":"https:\/\/bibliotecajuridicavirtual.cl\/index.php\/wp-json\/wp\/v2\/media?parent=2165"}],"wp:term":[{"taxonomy":"product_brand","embeddable":true,"href":"https:\/\/bibliotecajuridicavirtual.cl\/index.php\/wp-json\/wp\/v2\/product_brand?post=2165"},{"taxonomy":"product_cat","embeddable":true,"href":"https:\/\/bibliotecajuridicavirtual.cl\/index.php\/wp-json\/wp\/v2\/product_cat?post=2165"},{"taxonomy":"product_tag","embeddable":true,"href":"https:\/\/bibliotecajuridicavirtual.cl\/index.php\/wp-json\/wp\/v2\/product_tag?post=2165"}],"curies":[{"name":"wp","href":"https:\/\/api.w.org\/{rel}","templated":true}]}}