{"id":2166,"date":"2026-02-28T00:59:02","date_gmt":"2026-02-28T03:59:02","guid":{"rendered":"https:\/\/bibliotecajuridicavirtual.cl\/?post_type=product&#038;p=2166"},"modified":"2026-02-28T00:59:26","modified_gmt":"2026-02-28T03:59:26","slug":"las-servidumbres-diego-salvador-san-martin-devoto-2da-edicion-actualizada-marzo-ano-2025-400-pag","status":"publish","type":"product","link":"https:\/\/bibliotecajuridicavirtual.cl\/index.php\/product\/las-servidumbres-diego-salvador-san-martin-devoto-2da-edicion-actualizada-marzo-ano-2025-400-pag\/","title":{"rendered":"Las Servidumbres * Diego Salvador San Mart\u00edn Devoto &#8211; 2da. edici\u00f3n actualizada marzo a\u00f1o 2025 * 400 P\u00e1g."},"content":{"rendered":"<p style=\"font-weight: 400;\">La instituci\u00f3n de la servidumbre ha tenido desde tiempos inmemoriales una enorme importancia pr\u00e1ctica, ya que en incontables oportunidades esta ha sido el medio a trav\u00e9s del cual se ha permitido que el titular del m\u00e1s importante de los derechos reales haya podido disfrutar en plenitud de los atributos que le otorga su se\u00f1or\u00edo.<\/p>\n<p style=\"font-weight: 400;\"><b><strong>CAP\u00cdTULO PRIMERO<\/strong><\/b><br \/>\n<b><strong>INTRODUCCI\u00d3N<\/strong><\/b><\/p>\n<ol>\n<li style=\"font-weight: 400;\">Generalidades<\/li>\n<li style=\"font-weight: 400;\">Fundamento de la instituci\u00f3n<br \/>\n2.1. Dificultad que debe solucionar la servidumbre<br \/>\n2.2. Concepci\u00f3n del legislador<\/li>\n<li style=\"font-weight: 400;\">Finalidad perseguida mediante el establecimiento de las servidumbres<br \/>\n3.1. Se pretende velar por el bien com\u00fan<br \/>\n3.2. Est\u00e1n presentes las dos ideas centrales del bien com\u00fan<\/li>\n<\/ol>\n<p style=\"font-weight: 400;\"><b><strong>CAP\u00cdTULO SEGUNDO<\/strong><\/b><br \/>\n<b><strong>DEFINICI\u00d3N Y CONCEPTO DE SERVIDUMBRE<\/strong><\/b><\/p>\n<ol start=\"4\">\n<li style=\"font-weight: 400;\">Acepci\u00f3n amplia de la palabra servidumbre<\/li>\n<li style=\"font-weight: 400;\">Distinci\u00f3n entre servidumbres prediales y personales<\/li>\n<li style=\"font-weight: 400;\">Concepto de servidumbre<br \/>\n6.1. Concepto del C\u00f3digo Civil. Cr\u00edticas<\/li>\n<\/ol>\n<p style=\"font-weight: 400;\">6.2. Concepto doctrinario y jurisprudencial<\/p>\n<p style=\"font-weight: 400;\"><b><strong>CAP\u00cdTULO TERCERO<\/strong><\/b><br \/>\n<b><strong>CONDICIONES DE EXISTENCIA DE TODA SERVIDUMBRE<\/strong><\/b><\/p>\n<ol start=\"7\">\n<li style=\"font-weight: 400;\">La existencia de un gravamen establecido en beneficio de un predio<br \/>\n7.1. Jurisprudencia<br \/>\n7.2. Doctrina cient\u00edfica<br \/>\n7.3. Reflexiones<\/li>\n<li style=\"font-weight: 400;\">El gravamen debe ser soportado por otro predio<br \/>\n8.1. Extra\u00f1amente la servidumbre vincula jur\u00eddicamente a dos predios<br \/>\n8.2. La carga no debe ser soportada por una persona<br \/>\n8.3. Alcance que debe darse a la palabra \u201cpredio\u201d<\/li>\n<li style=\"font-weight: 400;\">Se requiere que los predios sean de distinto due\u00f1o<br \/>\n9.1. Si se es due\u00f1o de ambos predios la servidumbre es innecesaria<br \/>\n9.2. La servidumbre no exige la contig\u00fcidad de los predios<br \/>\n9.3. Jurisprudencia<br \/>\n9.4. Doctrina cient\u00edfica<br \/>\n9.5. Inscripci\u00f3n registral de una servidumbre<\/li>\n<\/ol>\n<p style=\"font-weight: 400;\"><b><strong>CAP\u00cdTULO CUARTO<\/strong><\/b><br \/>\n<b><strong>EL GRAVAMEN QUE IMPONE LA SERVIDUMBRE<\/strong><\/b><\/p>\n<ol start=\"10\">\n<li style=\"font-weight: 400;\">Desde el punto de vista pasivo la servidumbre es un gravamen<br \/>\n11. La definici\u00f3n legal no se\u00f1ala en qu\u00e9 consiste el gravamen. Justificaci\u00f3n, cr\u00edticas y concepto m\u00e1s adecuado<br \/>\n12. Naturaleza jur\u00eddica del gravamen que debe soportar el predio sirviente<\/li>\n<\/ol>\n<p style=\"font-weight: 400;\"><b><strong>CAP\u00cdTULO QUINTO<\/strong><\/b><br \/>\n<b><strong>PREDIOS QUE ADMITEN SER GRAVADOS CON SERVIDUMBRE<\/strong><\/b><\/p>\n<ol start=\"13\">\n<li style=\"font-weight: 400;\">Generalidades<br \/>\n14. \u00bfCu\u00e1ndo una cosa est\u00e1 fuera del comercio humano?<br \/>\n15. Cosas que tienen el car\u00e1cter de incomerciables<br \/>\n16. Enumeraci\u00f3n de los bienes sobre los cuales es posible constituir una servidumbre .<\/li>\n<\/ol>\n<p style=\"font-weight: 400;\"><b><strong>CAP\u00cdTULO SEXTO<\/strong><\/b><br \/>\n<b><strong>CAPACIDAD NECESARIA PARA CONSTITUIR EL DERECHO REAL DE SERVIDUMBRE<\/strong><\/b><\/p>\n<ol start=\"17\">\n<li style=\"font-weight: 400;\">Algunas nociones sobre la capacidad<\/li>\n<li style=\"font-weight: 400;\">Capacidad para constituir una servidumbre<br \/>\n18.1. Requisitos que es necesario cumplir<br \/>\n18.2. \u00bfEs el due\u00f1o el \u00fanico que puede constituir una servidumbre?<\/li>\n<\/ol>\n<p style=\"font-weight: 400;\"><b><strong>CAP\u00cdTULO S\u00c9PTIMO<\/strong><\/b><br \/>\n<b><strong>CARACTERES JUR\u00cdDICOS QUE PRESENTAN LAS SERVIDUMBRES<\/strong><\/b><\/p>\n<ol start=\"19\">\n<li style=\"font-weight: 400;\">Es un derecho real<br \/>\n19.1. Generalidades<br \/>\n19.2. Consecuencias jur\u00eddicas<\/li>\n<li style=\"font-weight: 400;\">Es un derecho inmueble<br \/>\n20.1. \u00bfPor qu\u00e9 raz\u00f3n es inmueble?<br \/>\n20.2. \u00bfQu\u00e9 importancia reviste esta caracter\u00edstica en nuestro ordenamiento jur\u00eddico?<br \/>\n20.3. Problema interpretativo<\/li>\n<li style=\"font-weight: 400;\">La servidumbre es un derecho accesorio<br \/>\n21.1. \u00bfCu\u00e1ndo una cosa es accesoria?<br \/>\n21.2. La accesoriedad de la servidumbre. Fundamento legal<br \/>\n21.3. Algunos aspectos relativos a la accesoriedad de la servidumbre<\/li>\n<li style=\"font-weight: 400;\">La servidumbre es un derecho perpetuo<br \/>\n22.1. Algunas palabras sobre la perpetuidad<br \/>\n22.2. Las servidumbres voluntarias no siempre son perpetuas<\/li>\n<li style=\"font-weight: 400;\">La servidumbre es un derecho indivisible<br \/>\n23.1. Nociones sobre la indivisibilidad<br \/>\n23.2. La indivisibilidad de las servidumbres<br \/>\n23.3. Indivisibilidad de la servidumbre en caso de que haya comunidad respecto del predio sirviente<br \/>\n23.4. Indivisibilidad de la servidumbre en caso de que haya comunidad respecto del predio dominante<\/li>\n<\/ol>\n<p style=\"font-weight: 400;\"><b><strong>CAP\u00cdTULO OCTAVO<\/strong><\/b><br \/>\n<b><strong>CLASIFICACIONES ADMITIDAS POR LAS SERVIDUMBRES<\/strong><\/b><\/p>\n<ol start=\"24\">\n<li style=\"font-weight: 400;\">Comentario introductorio<\/li>\n<li style=\"font-weight: 400;\">Primera clasificaci\u00f3n atendiendo a su objeto. Servidumbres positivas y negativas<br \/>\n25.1. Nociones sobre el objeto<br \/>\n25.2. Esta clasificaci\u00f3n se hace en torno al objeto de la obligaci\u00f3n<br \/>\n25.3. La servidumbre positiva<br \/>\n25.4. La servidumbre negativa<br \/>\n25.5. \u00bfC\u00f3mo determinar si las partes han querido constituir un derecho real de<\/li>\n<\/ol>\n<p style=\"font-weight: 400;\">servidumbre o un derecho personal?<br \/>\n25.6. \u00bfAdmite nuestro Derecho la servidumbre \u201cin faciendo\u201d?<br \/>\n25.7. Importancia pr\u00e1ctica de la distinci\u00f3n entre servidumbres positivas y negativas<\/p>\n<ol start=\"26\">\n<li style=\"font-weight: 400;\">Segunda clasificaci\u00f3n atendiendo a su ejercicio. Servidumbres continuas y discontinuas<br \/>\n26.1. La continuidad y discontinuidad de la servidumbre<br \/>\n26.2. La servidumbre continua<br \/>\n26.3. La servidumbre discontinua<\/li>\n<li style=\"font-weight: 400;\">Tercera clasificaci\u00f3n atendiendo a las se\u00f1ales de su existencia. Servidumbres aparentes e inaparentes<br \/>\n27.1. Algunas consideraciones sobre el criterio clasificatorio<br \/>\n27.2. La servidumbre aparente<br \/>\n27.3. La servidumbre inaparente<\/li>\n<li style=\"font-weight: 400;\">Cuarta clasificaci\u00f3n. Atendiendo a su origen. Servidumbres naturales, legales y voluntarias<br \/>\n28.1. Introducci\u00f3n<br \/>\n28.2. Las servidumbres naturales<br \/>\n28.3. Las servidumbres legales<br \/>\n28.4. Las servidumbres voluntarias<\/li>\n<li style=\"font-weight: 400;\">Importancia pr\u00e1ctica de estas<\/li>\n<\/ol>\n<p style=\"font-weight: 400;\"><b><strong>CAP\u00cdTULO NOVENO<\/strong><\/b><br \/>\n<b><strong>LA CONSTITUCI\u00d3N DE LA SERVIDUMBRE<\/strong><\/b><\/p>\n<ol start=\"30\">\n<li style=\"font-weight: 400;\">Introducci\u00f3n<\/li>\n<li style=\"font-weight: 400;\">La constituci\u00f3n de la servidumbre natural<br \/>\n31.1. Nociones<br \/>\n31.2. Libre escurrimiento de las aguas<br \/>\n32.3. Clasificaci\u00f3n de las servidumbres legales<br \/>\n32.4. Constituci\u00f3n propiamente tal<br \/>\n32.5. Doctrina cient\u00edfica<br \/>\n32.6. Jurisprudencia<\/li>\n<li style=\"font-weight: 400;\">La constituci\u00f3n de la servidumbre voluntaria<br \/>\n33.1. Introducci\u00f3n al tema<br \/>\n33.2. Formas de constituci\u00f3n de la servidumbre voluntaria<br \/>\n33.3. Constituci\u00f3n de la servidumbre voluntaria por negocio jur\u00eddico<br \/>\n33.4. Constituci\u00f3n de la servidumbre voluntaria por destinaci\u00f3n del padre de familia<br \/>\n33.5. Constituci\u00f3n de la servidumbre voluntaria por sentencia judicial<\/li>\n<\/ol>\n<p style=\"font-weight: 400;\"><b><strong>CAP\u00cdTULO D\u00c9CIMO<\/strong><\/b><br \/>\n<b><strong>DE LA POSESI\u00d3N Y LA PRESCRIPCI\u00d3N ADQUISITIVA DE LA SERVIDUMBRE<\/strong><\/b><\/p>\n<ol start=\"34\">\n<li style=\"font-weight: 400;\">Introducci\u00f3n al tema<\/li>\n<li style=\"font-weight: 400;\">La posesi\u00f3n del derecho real de servidumbre<br \/>\n35.1. Generalidades sobre la posesi\u00f3n<br \/>\n35.2. La posesi\u00f3n de las cosas incorporales<\/li>\n<li style=\"font-weight: 400;\">La prescripci\u00f3n adquisitiva de la servidumbre<br \/>\n36.1. Generalidades<br \/>\n36.2. La prescripci\u00f3n adquisitiva<br \/>\n36.3. Adquisici\u00f3n de la servidumbre por prescripci\u00f3n<\/li>\n<\/ol>\n<p style=\"font-weight: 400;\"><b><strong>CAP\u00cdTULO UND\u00c9CIMO<\/strong><\/b><br \/>\n<b><strong>RESPONSABILIDAD CIVIL A QUE PUEDE DAR ORIGEN LA INFRACCI\u00d3N DE LOS DEBERES IMPUESTOS POR UNA SERVIDUMBRE<\/strong><\/b><\/p>\n<ol start=\"37\">\n<li style=\"font-weight: 400;\">Introducci\u00f3n al tema<\/li>\n<li style=\"font-weight: 400;\">Problem\u00e1tica que presenta la responsabilidad derivada de la contravenci\u00f3n de los deberes que impone la servidumbre<\/li>\n<li style=\"font-weight: 400;\">\u00bfDe qu\u00e9 clase de responsabilidad estamos hablando?<\/li>\n<li style=\"font-weight: 400;\">Normas conforme a las cuales se determina esta responsabilidad de car\u00e1cter legal<br \/>\n40.1. Argumentos que nos permiten concluir cu\u00e1les son las normas aplicables<br \/>\n40.2. Importancia de poder aplicar las normas de la responsabilidad contractual<\/li>\n<li style=\"font-weight: 400;\">\u00bfQu\u00e9 normas espec\u00edficas de la responsabilidad contractual son las que deben ser aplicadas?<br \/>\n41.1. Si la obligaci\u00f3n infringida es de \u201chacer\u201d<br \/>\n41.2. Si la obligaci\u00f3n infringida es de \u201cno hacer\u201d<br \/>\n41.3. Importancia que tiene en la materia la clasificaci\u00f3n que distingue entre servidumbres positivas y negativas<\/li>\n<\/ol>\n<p style=\"font-weight: 400;\"><b><strong>CAP\u00cdTULO DUOD\u00c9CIMO<br \/>\n<\/strong><\/b><b><strong>LA DEFENSA DE LA SERVIDUMBRE<\/strong><\/b><\/p>\n<ol start=\"42\">\n<li style=\"font-weight: 400;\">Introducci\u00f3n<\/li>\n<li style=\"font-weight: 400;\">Modalidades que puede asumir la defensa de la servidumbre<\/li>\n<li style=\"font-weight: 400;\">La reivindicaci\u00f3n de la servidumbre<br \/>\n44.1. Generalidades<br \/>\n44.2. Nociones sobre la acci\u00f3n reivindicatoria<br \/>\n44.3. El amparo de la servidumbre por medio de la acci\u00f3n de dominio<\/li>\n<li style=\"font-weight: 400;\">La servidumbre y la acci\u00f3n confesoria<br \/>\n45.1. Introducci\u00f3n al tema<br \/>\n45.2. La acci\u00f3n confesoria<\/li>\n<li style=\"font-weight: 400;\">La servidumbre y las acciones que se fundan en el hecho de su posesi\u00f3n<br \/>\n46.1. Comentario introductorio<br \/>\n46.2. La acci\u00f3n publiciana<br \/>\n46.3. Los interdictos posesorios<\/li>\n<\/ol>\n<p style=\"font-weight: 400;\"><b><strong>CAP\u00cdTULO D\u00c9CIMOTERCERO<\/strong><\/b><br \/>\n<b><strong>LA EXTINCI\u00d3N DE LA SERVIDUMBRE<\/strong><\/b><\/p>\n<ol start=\"47\">\n<li style=\"font-weight: 400;\">Palabras preliminares<\/li>\n<li style=\"font-weight: 400;\">Causales de extinci\u00f3n que contempla la ley<br \/>\n48.1. Transcripci\u00f3n del art\u00edculo 885 del C\u00f3digo Civil<br \/>\n48.2. An\u00e1lisis de las causales en particular<\/li>\n<\/ol>\n<p style=\"font-weight: 400;\"><b><strong>ANEXO<\/strong><\/b><br \/>\n<b><strong>JURISPRUDENCIA ACTUALIZADA<\/strong><\/b><\/p>\n<ol>\n<li style=\"font-weight: 400;\"><b><strong> LEGITIMADOS<\/strong><\/b><\/li>\n<li style=\"font-weight: 400;\">Procede rechazar constituci\u00f3n o reconocimiento de servidumbre si propietarios de lotes potencialmente afectados no han sido emplazados<br \/>\n2. Legitimaci\u00f3n activa de comunera respecto de servidumbre de tr\u00e1nsito<br \/>\n3. Legitimario activo en hip\u00f3tesis de art\u00edculo 850 del C\u00f3digo Civil<\/li>\n<li style=\"font-weight: 400;\"><b><strong> SERVIDUMBRE DE TR\u00c1NSITO<\/strong><\/b><\/li>\n<li style=\"font-weight: 400;\">Condiciones para imponer servidumbre de tr\u00e1nsito<br \/>\n2. Procede constituci\u00f3n de servidumbre de tr\u00e1nsito ya que se encontraba desprovisto de comunicaci\u00f3n con camino p\u00fablico descart\u00e1ndose que uso reiterado de senderos, huellas, o caminos constituyan servidumbre<br \/>\n3. Hip\u00f3tesis de predio destituido de toda comunicaci\u00f3n con camino p\u00fablico<br \/>\n4. Servidumbre de tr\u00e1nsito s\u00f3lo procede cuando predio est\u00e1 desprovisto de salida<br \/>\n5. Se acoge acci\u00f3n de constituci\u00f3n de servidumbre legal de tr\u00e1nsito considerando informe topogr\u00e1fico que grafic\u00f3 desconexi\u00f3n total del predio dominante con camino vecinal<br \/>\n6. Desconocimiento de cabida de predio no significa que due\u00f1o pueda ignorar existencia de servidumbre de tr\u00e1nsito y cercar el paso 7. Si existe comunicaci\u00f3n de parcelas con camino p\u00fablico no procede imponer servidumbre de tr\u00e1nsito<br \/>\n8. Procede reconocer servidumbre de tr\u00e1nsito si predio carece de salida al camino p\u00fablico<br \/>\n9. No procede constituci\u00f3n de servidumbre de tr\u00e1nsito legal ya que no es necesario construir un nuevo camino si ya existe<br \/>\n10. Servidumbre de predio que se halla destituido de toda comunicaci\u00f3n con el camino p\u00fablico por la interposici\u00f3n de otros predios<br \/>\n11. Se constituye servidumbre de tr\u00e1nsito en beneficio de predio que queda incomunicado si las partes nada dicen<br \/>\n12. Exigencia de incomunicaci\u00f3n de predio dominante no implica ausencia de pasos por otros predios<br \/>\n13. Constituci\u00f3n de servidumbre de tr\u00e1nsito es declarativa y no modifica relaciones entre due\u00f1os de predios<br \/>\n14. Servidumbre de tr\u00e1nsito que queda sujeta a condici\u00f3n por voluntad de las partes<br \/>\n15. La existencia de otra salida desde el predio al camino p\u00fablico no determina necesariamente la improcedencia de la servidumbre<br \/>\n16. No puede concederse servidumbre de tr\u00e1nsito a predio que ya tiene constituida una<br \/>\n17. Servidumbre de tr\u00e1nsito procede cuando a pesar de tener el predio dominante acceso al camino p\u00fablico se convenga con el predio sirviente un acceso<br \/>\n18. Incomodidad de due\u00f1o de predio dominante no es factor para constituir una nueva servidumbre de tr\u00e1nsito<br \/>\n19. No procede acci\u00f3n de ejercicio de servidumbre de tr\u00e1nsito ya que no encuentra legalmente constituida de acuerdo al art. 848 del C\u00f3digo Civil<br \/>\n20. Interdicto posesorio de restituci\u00f3n puede tener por fin amparar posesi\u00f3n de derecho de servidumbre de tr\u00e1nsito<\/li>\n<\/ol>\n<p style=\"font-weight: 400;\"><b><strong>III. SERVIDUMBRE Y SUBDIVISI\u00d3N<\/strong><\/b><\/p>\n<ol>\n<li style=\"font-weight: 400;\">Servidumbre de tr\u00e1nsito luego de divisi\u00f3n de predio<br \/>\n2. Se acoge demanda de servidumbre de tr\u00e1nsito a t\u00edtulo gratuito considerando que separaci\u00f3n del camino p\u00fablico de los predios dominantes se produjo por venta, permuta o partici\u00f3n<br \/>\n3. Se acoge demanda de reconocimiento y ejercicio de servidumbre de tr\u00e1nsito respecto de due\u00f1o de predio que contaba con comunicaci\u00f3n a camino p\u00fablico y por acto voluntario enajena porci\u00f3n del mismo a tercero<\/li>\n<li style=\"font-weight: 400;\"><b><strong> SERVIDUMBRE POR DESTINACI\u00d3N DEL PADRE DE FAMILIA<\/strong><\/b><\/li>\n<li style=\"font-weight: 400;\">Continuidad y apariencia de servidumbre por destino del padre de familia<br \/>\n2. Se ordena a Conservador de Bienes Ra\u00edces inscripci\u00f3n de servidumbre considerando que due\u00f1o del predio sirviente adquiri\u00f3 dominio del mismo con la carga de la servidumbre proyecta en plano<br \/>\n3. T\u00edtulo constitutivo de servidumbre puede suplirse por el reconocimiento expreso del due\u00f1o del predio sirviente<br \/>\n4. Si due\u00f1o decidi\u00f3 fusionar predios que se hallaban sujetos a servidumbre acept\u00f3 que el citado gravamen afectara a la totalidad del nuevo inmueble<br \/>\n5. Se constituye servidumbre de tr\u00e1nsito de acuerdo al art. 881 del C\u00f3digo Civil por divisi\u00f3n del predio r\u00fastico ya que su anterior propietario la proyect\u00f3<\/li>\n<li style=\"font-weight: 400;\"><b><strong> SERVIDUMBRE DE ACUEDUCTO<\/strong><\/b><\/li>\n<li style=\"font-weight: 400;\">Servidumbre de acueducto. Constituci\u00f3n<br \/>\n2. Se acoge demanda de declaraci\u00f3n de subsistencia de servidumbre de acueducto por destinaci\u00f3n del padre de familia<br \/>\n3. Due\u00f1o de servidumbre de acueducto es el responsable de la mantenci\u00f3n en buen estado y funcionamiento<br \/>\n4. Anulaci\u00f3n de sentencia que declara servidumbre de acueducto al omitir exigencia de acreditar presupuestos de procedencia e ignorando que existen antecedentes que demuestran la no convivencia del trazado<br \/>\n5. Servidumbre de acueducto en predio que es propiedad de comunidad proindiviso debe constituirse con voluntad de todos los comuneros<br \/>\n6. Que servidumbre de acueducto sea legal s\u00f3lo significa que cumplidos los supuestos de la misma puede \u00e9sta imponerse aun contra la voluntad del due\u00f1o del predio sirviente<\/li>\n<li style=\"font-weight: 400;\"><b><strong> SERVIDUMBRE EL\u00c9CTRICA<\/strong><\/b><\/li>\n<li style=\"font-weight: 400;\">Se rechaza acci\u00f3n de constituci\u00f3n de servidumbre al desatender las ya constituidas en virtud de antecedes, planos y proyecto presentado para la obtenci\u00f3n de concesi\u00f3n<br \/>\n2. Indemnizaci\u00f3n por da\u00f1o \u201cpaisaj\u00edstico\u201d a due\u00f1os de inmueble sujeto a servidumbre legal no es procedente ya que art\u00edculo 69 de LGSE no lo contempla<br \/>\n3. Due\u00f1o de predio sirviente de concesi\u00f3n el\u00e9ctrica tiene derecho a indemnizaci\u00f3n por el uso de su terreno<br \/>\n4. Servidumbre el\u00e9ctrica. Procede indemnizaci\u00f3n a due\u00f1o de predio sirviente a pesar de que no exista ocupaci\u00f3n f\u00edsica de ese espacio<br \/>\n5. Acci\u00f3n resarcitoria derivada de servidumbre legal el\u00e9ctrica prescribe en cinco a\u00f1os desde la constituci\u00f3n de ella por el acto administrativo respectivo<br \/>\n6. No hay que olvidar, por otra parte, que las servidumbres por regla general son perpetuas y por lo tanto se constituyen sin un plazo de t\u00e9rmino<br \/>\n7. Indemnizaci\u00f3n por imposici\u00f3n de servidumbre el\u00e9ctrica est\u00e1 sujeta a la acreditaci\u00f3n de p\u00e9rdida de oportunidades por quien la soporta<\/li>\n<\/ol>\n<p style=\"font-weight: 400;\"><b><strong>VII. SERVIDUMBRE MINERA<\/strong><\/b><\/p>\n<ol>\n<li style=\"font-weight: 400;\">Acoge demanda de constituci\u00f3n de servidumbre legal minera concedi\u00e9ndose durante por todo el tiempo que dure el proyecto no obstante fijarse lapso de 30 a\u00f1os solo para efectos de la indemnizaci\u00f3n anual<br \/>\n2. Servidumbre minera debe concederse efectivamente mientras dure proyecto sin que esto impida para c\u00e1lculo de indemnizaci\u00f3n fijar factor de uso intermedio a lo menos de 30 a\u00f1os<br \/>\n3. Indemnizaci\u00f3n por servidumbre minera deber\u00e1 considerar un factor de a lo menos 30 a\u00f1os<br \/>\n4. Es procedente desestimar incidente de caducidad promovida por tercero excluyente respecto de tramitaci\u00f3n de constituci\u00f3n de concesi\u00f3n minera<br \/>\n5. No procede demanda de servidumbre legal al no individualizarse como es debido la superficie y deslindes del terreno que se desea gravar<br \/>\n6. Apreciaci\u00f3n de la prueba en procedimiento sumario que tenga como objeto determinar indemnizaci\u00f3n por constituci\u00f3n de servidumbre deber\u00e1 ser tasada o legal<br \/>\n7. Procede acoger servidumbre legal minera pero con una inferior indemnizaci\u00f3n ya que se acredit\u00f3 que predio objeto de servidumbre no es agr\u00edcola, ni forestal o industrial<br \/>\n8. Servidumbre minera no constituye una mera expectativa<br \/>\n9. Constituci\u00f3n de servidumbre minera. No uso efectivo de la misma o destinarse a una finalidad diferente de aquella para la que se constituy\u00f3<\/li>\n<\/ol>\n<p style=\"font-weight: 400;\"><b><strong>VIII. EXTINCI\u00d3N DE LA SERVIDUMBRE<\/strong><\/b><\/p>\n<ol>\n<li style=\"font-weight: 400;\">Extinci\u00f3n de la servidumbre por cese de goce<br \/>\n2. Imprescriptibilidad de servidumbre de tr\u00e1nsito discontinua<br \/>\n3. Improcedencia de prescripci\u00f3n de servidumbre ya que a pesar de haber dejado de gozar durante tres a\u00f1os la servidumbre esta fue producto de la imposici\u00f3n del due\u00f1o del predio sirviente<br \/>\n4. Reconocimiento de posesi\u00f3n de servidumbre de tr\u00e1nsito por una sentencia impide acoger demanda de prescripci\u00f3n extintiva de servidumbre contra dicho poseedor<br \/>\n5. Prescripci\u00f3n de acci\u00f3n de indemnizaci\u00f3n por constituci\u00f3n de servidumbre<br \/>\n6. Transacci\u00f3n donde se reconoce derecho de uso interrumpe cualquier posible prescripci\u00f3n extintiva de servidumbre<br \/>\n7. Prescripci\u00f3n de servidumbre de paso se cuenta desde hecho que impide su utilizaci\u00f3n<\/li>\n<li style=\"font-weight: 400;\"><b><strong> INSCRIPCI\u00d3N DE SERVIDUMBRES<\/strong><\/b><\/li>\n<li style=\"font-weight: 400;\">Improcedencia de negativa de Conservador de Bienes Ra\u00edces aun cuando t\u00edtulo identifica correctamente predio sirviente de servidumbre voluntaria<br \/>\n2. Se rechaza solicitud de inscripci\u00f3n de servidumbre de tr\u00e1nsito ya que podr\u00eda afectar los derechos de dominio de terceros colindantes<\/li>\n<\/ol>\n","protected":false},"excerpt":{"rendered":"<p>Buscas un libro Jur\u00eddico.? Lo puedes encontrar en nuestra tienda virtual.<br \/>\nContamos con prestigiosos autores y muchas alternativas en sus diferentes materias al igual que grandes descuentos.! Vis\u00edtanos en <a class=\"onRHPXypfWLuNOCinrLJfqDJJJaXLBUXSKz \" tabindex=\"0\" href=\"https:\/\/lnkd.in\/eiAG7jdZ\" target=\"_blank\" rel=\"noopener\" data-test-app-aware-link=\"\">https:\/\/lnkd.in\/eiAG7jdZ<\/a><br \/>\nEscr\u00edbenos al +56930565235 \/ <a class=\"onRHPXypfWLuNOCinrLJfqDJJJaXLBUXSKz \" tabindex=\"0\" href=\"mailto:ventaslegallexglobal@gmail.com\" target=\"_self\" data-test-app-aware-link=\"\">ventaslegallexglobal@gmail.com<\/a><br \/>\nHacemos env\u00edos a todo Chile \u2013 Starken o Correos Chile \/ Te esperamos<\/p>\n","protected":false},"featured_media":2212,"comment_status":"open","ping_status":"closed","template":"","meta":{"inline_featured_image":false,"_joinchat":[]},"product_brand":[],"product_cat":[27,26],"product_tag":[],"class_list":{"0":"post-2166","1":"product","2":"type-product","3":"status-publish","4":"has-post-thumbnail","6":"product_cat-civil","7":"product_cat-derecho","9":"first","10":"instock","11":"shipping-taxable","12":"purchasable","13":"product-type-simple"},"_links":{"self":[{"href":"https:\/\/bibliotecajuridicavirtual.cl\/index.php\/wp-json\/wp\/v2\/product\/2166","targetHints":{"allow":["GET"]}}],"collection":[{"href":"https:\/\/bibliotecajuridicavirtual.cl\/index.php\/wp-json\/wp\/v2\/product"}],"about":[{"href":"https:\/\/bibliotecajuridicavirtual.cl\/index.php\/wp-json\/wp\/v2\/types\/product"}],"replies":[{"embeddable":true,"href":"https:\/\/bibliotecajuridicavirtual.cl\/index.php\/wp-json\/wp\/v2\/comments?post=2166"}],"wp:featuredmedia":[{"embeddable":true,"href":"https:\/\/bibliotecajuridicavirtual.cl\/index.php\/wp-json\/wp\/v2\/media\/2212"}],"wp:attachment":[{"href":"https:\/\/bibliotecajuridicavirtual.cl\/index.php\/wp-json\/wp\/v2\/media?parent=2166"}],"wp:term":[{"taxonomy":"product_brand","embeddable":true,"href":"https:\/\/bibliotecajuridicavirtual.cl\/index.php\/wp-json\/wp\/v2\/product_brand?post=2166"},{"taxonomy":"product_cat","embeddable":true,"href":"https:\/\/bibliotecajuridicavirtual.cl\/index.php\/wp-json\/wp\/v2\/product_cat?post=2166"},{"taxonomy":"product_tag","embeddable":true,"href":"https:\/\/bibliotecajuridicavirtual.cl\/index.php\/wp-json\/wp\/v2\/product_tag?post=2166"}],"curies":[{"name":"wp","href":"https:\/\/api.w.org\/{rel}","templated":true}]}}