{"id":2167,"date":"2026-02-28T00:59:02","date_gmt":"2026-02-28T03:59:02","guid":{"rendered":"https:\/\/bibliotecajuridicavirtual.cl\/?post_type=product&#038;p=2167"},"modified":"2026-02-28T00:59:27","modified_gmt":"2026-02-28T03:59:27","slug":"cuestiones-candentes-del-derecho-penal-chileno-y-comparado-jose-luis-guzman-dalbora-octubre-ano-2024-460-paginas","status":"publish","type":"product","link":"https:\/\/bibliotecajuridicavirtual.cl\/index.php\/product\/cuestiones-candentes-del-derecho-penal-chileno-y-comparado-jose-luis-guzman-dalbora-octubre-ano-2024-460-paginas\/","title":{"rendered":"Cuestiones Candentes del Derecho Penal Chileno y Comparado * Jos\u00e9 Luis Guzm\u00e1n Dalbora &#8211; Octubre a\u00f1o 2024, 460 P\u00e1ginas"},"content":{"rendered":"<ol>\n<li style=\"font-weight: 400;\"><b><strong> TEMAS Y PROBLEMAS DE LA PARTE GENERAL DEL DERECHO PENAL<\/strong><\/b><\/li>\n<\/ol>\n<p style=\"font-weight: 400;\"><b><strong>EL VALOR DEL PRINCIPIO DE OFENSIVIDAD EN LA ERA POSMODERNA<\/strong><\/b><br \/>\nGabriele Fornasari<\/p>\n<p style=\"font-weight: 400;\"><b><strong>DERECHO PENAL &#8211; DERECHO ADMINISTRATIVO SANCIONADOR<\/strong><\/b><br \/>\nCarlos K\u00fcnsem\u00fcller Loebenfelder<\/p>\n<ol>\n<li style=\"font-weight: 400;\">Introducci\u00f3n<br \/>\nII. Pertenencia del derecho administrativo sancionador al ius puniendi estatal<br \/>\nIII. Los principios cardinales del derecho penal<br \/>\nIV. El principio nulla poena sine culpa<\/li>\n<\/ol>\n<p style=\"font-weight: 400;\"><b><strong>ALGUNOS ASPECTOS PROBLEM\u00c1TICOS DE LA LEG\u00cdTIMA DEFENSA PROPIA DE FUNCIONARIOS POLICIALES<\/strong><\/b><br \/>\nAng\u00e9lica Torres Figueroa<\/p>\n<ol>\n<li style=\"font-weight: 400;\">Consideraciones previas<\/li>\n<li style=\"font-weight: 400;\">An\u00e1lisis de los requisitos de la leg\u00edtima defensa propia<\/li>\n<li style=\"font-weight: 400;\">Agresi\u00f3n ileg\u00edtima<\/li>\n<li style=\"font-weight: 400;\">Necesidad racional del medio empleado<br \/>\n2.1. Proporcionalidad<br \/>\n2.2. Obligaci\u00f3n de retirarse como manifestaci\u00f3n de la subsidiariedad<\/li>\n<li style=\"font-weight: 400;\">Falta de provocaci\u00f3n suficiente por parte del que se defiende<\/li>\n<\/ol>\n<p style=\"font-weight: 400;\">III. Conclusiones<\/p>\n<p style=\"font-weight: 400;\"><b><strong>RIESGO DE TERREMOTO Y TSUNAMI: SISTEMAS DE PREVENCI\u00d3N Y MODELOS DE RESPONSABILIDAD ENTRE EL DERECHO PENAL CHILENO Y EL DERECHO PENAL ITALIANO<\/strong><\/b><br \/>\nCecilia Valbonesi<\/p>\n<ol>\n<li style=\"font-weight: 400;\">Los motivos de la investigaci\u00f3n<br \/>\nII. El marco normativo y reglamentario de referencia<br \/>\nIII. Los argumentos jur\u00eddicos en que se fundamentan el \u201cCaso Tsunami\u201d y el \u201cCaso Condominio Alto R\u00edo\u201d<br \/>\nIV. El debate de constitucionalidad sobre la heterointegraci\u00f3n del precepto culposo<br \/>\nV. Las lecciones que el derecho penal italiano puede aprender de la respuesta normativa y jurisprudencial del sistema jur\u00eddico chileno ante el tsunami y el terremoto<br \/>\nVI. La primera respuesta: el papel de los protocolos de gesti\u00f3n de riesgos para una normatividad m\u00e1s estricta<br \/>\nVII. Una segunda respuesta: replantear el sistema de graduaci\u00f3n de la negligencia, favoreciendo la negligencia grave como l\u00edmite t\u00edpico de la responsabilidad por eventos naturales<br \/>\nVIII. La tercera respuesta: la justicia restaurativa, un futuro que se acerca<\/li>\n<\/ol>\n<p style=\"font-weight: 400;\"><b><strong>SUPUESTOS ESPECIALES DE COAUTOR\u00cdA EN NUESTRA LEGISLACI\u00d3N: COAUTOR\u00cdA SUCESIVA, ADITIVA Y ALTERNATIVA A LA LUZ DEL ART\u00cdCULO 15 N\u00ba 1 Y N\u00ba 3 DEL C\u00d3DIGO PENAL<\/strong><\/b><br \/>\nNicol\u00e1s Acevedo Vega<\/p>\n<ol>\n<li style=\"font-weight: 400;\">Introducci\u00f3n<\/li>\n<li style=\"font-weight: 400;\">Teor\u00eda del dominio del hecho e interpretaci\u00f3n del art\u00edculo 15 N\u00ba 1 y N\u00ba 3 del C\u00f3digo Penal en clave de coautor\u00eda<\/li>\n<\/ol>\n<p style=\"font-weight: 400;\">III. Coautor\u00eda sucesiva<\/p>\n<p>1. Problemas dogm\u00e1ticos de la coautor\u00eda sucesiva<br \/>\n2. Resoluci\u00f3n de los problemas dogm\u00e1ticos de la coautor\u00eda sucesiva en el caso chileno<\/p>\n<ol>\n<li style=\"font-weight: 400;\">Coautor\u00eda aditiva<\/li>\n<li style=\"font-weight: 400;\">Problemas dogm\u00e1ticos de la coautor\u00eda aditiva<br \/>\n2. Resoluci\u00f3n de los problemas dogm\u00e1ticos de la coautor\u00eda aditiva en el caso chileno<\/li>\n<li style=\"font-weight: 400;\">Coautor\u00eda alternativa<\/li>\n<li style=\"font-weight: 400;\">Problemas dogm\u00e1ticos que plantea la coautor\u00eda alternativa<br \/>\n2. Resoluci\u00f3n de los problemas dogm\u00e1ticos de la coautor\u00eda alternativa en el caso chileno<\/li>\n<li style=\"font-weight: 400;\"><b><strong><br \/>\nTEMAS Y PROBLEMAS DE LA PARTE ESPECIAL DEL DERECHO PENAL<\/strong><\/b><\/li>\n<\/ol>\n<p style=\"font-weight: 400;\"><b><strong>PROTECCI\u00d3N DE LA NATURALEZA Y DERECHO PENAL<\/strong><\/b><br \/>\nHelena Regina Lobo da Costa<\/p>\n<ol>\n<li style=\"font-weight: 400;\">Introducci\u00f3n<br \/>\nII. El pasado<br \/>\nIII. El presente<br \/>\nIV. El futuro<\/li>\n<\/ol>\n<p style=\"font-weight: 400;\"><b><strong>DELITOS CONTRA LA VIDA PRIVADA Y P\u00daBLICA: PROPUESTAS PARA LA DELIMITACI\u00d3N DE LAS ESFERAS DE LA VIDA PRIVADA, PRIVACIDAD E INTIMIDAD, FRENTE AL \u00c1MBITO DE LO P\u00daBLICO<\/strong><\/b><br \/>\nFrancisco Javier Sanz Salguero<\/p>\n<ol>\n<li style=\"font-weight: 400;\">Introducci\u00f3n<\/li>\n<li style=\"font-weight: 400;\">Art\u00edculos 161-A y 161-B del C\u00f3digo Penal: an\u00e1lisis general<\/li>\n<\/ol>\n<p style=\"font-weight: 400;\">III. Comentarios preliminares sobre la vida privada, la privacidad y la intimidad<\/p>\n<ol>\n<li style=\"font-weight: 400;\">Noci\u00f3n de \u201cvida privada\u201d y del \u201cderecho a la vida privada\u201d en el derecho comparado<\/li>\n<li style=\"font-weight: 400;\">Noci\u00f3n de \u201cvida privada\u201d y del \u201cderecho a la vida privada\u201d en la doctrina comparada<\/li>\n<li style=\"font-weight: 400;\">Noci\u00f3n de \u201cprivacidad\u201d en la doctrina comparada<\/li>\n<\/ol>\n<p style=\"font-weight: 400;\">VII. Noci\u00f3n de \u201cderecho a la privacidad\u201d en la doctrina comparada<\/p>\n<p style=\"font-weight: 400;\">VIII. Noci\u00f3n de \u201cintimidad\u201d como objeto de protecci\u00f3n jur\u00eddica en la doctrina comparada<\/p>\n<ol>\n<li style=\"font-weight: 400;\">Protecci\u00f3n jur\u00eddica de la intimidad o \u201cderecho a la intimidad\u201d<\/li>\n<li style=\"font-weight: 400;\">Esfera de \u201clo p\u00fablico\u201d<\/li>\n<li style=\"font-weight: 400;\">El \u201cderecho a la vida privada\u201d y el \u201cderecho a la privacidad\u201d, \u00bfNociones con car\u00e1cter equivalente?<\/li>\n<li style=\"font-weight: 400;\">Uso indistinto de los conceptos \u201cderecho a la vida privada\u201d y \u201cderecho a la privacidad\u201d en el ordenamiento comparado<br \/>\n2. Puntos de convergencia entre los conceptos \u201cderecho a la vida privada\u201d y \u201cderecho a la privacidad\u201d<br \/>\n3. Terminolog\u00eda utilizada por la doctrina respecto a los conceptos de privacidad y vida privada<br \/>\n4. Conclusi\u00f3n<\/li>\n<\/ol>\n<p style=\"font-weight: 400;\">XII. Conclusiones generales<\/p>\n<p style=\"font-weight: 400;\"><b><strong>EL PROBLEMA CONCEPTUAL Y FENOMENOL\u00d3GICO DEL DERECHO PENAL ECON\u00d3MICO Y LA INADECUACI\u00d3N DEL CONCEPTO DE ORDEN P\u00daBLICO ECON\u00d3MICO PARA SU AN\u00c1LISIS<\/strong><\/b><br \/>\nMiguel Sch\u00fcrmann Opazo<\/p>\n<ol>\n<li style=\"font-weight: 400;\">Planteamiento del problema<br \/>\nII. El orden p\u00fablico econ\u00f3mico en la discusi\u00f3n constitucional y sus implicancias para el Derecho penal<br \/>\nIII. El Derecho penal econ\u00f3mico en Chile: la oportunidad para un nuevo comienzo 168<\/li>\n<\/ol>\n<p style=\"font-weight: 400;\"><b><strong>LA \u201cDIFUSI\u00d3N INCONTROLADA O INCONTROLABLE\u201d EN EL DELITO DE TR\u00c1FICO DE DROGAS<\/strong><\/b><br \/>\nManuel E. Rodr\u00edguez Vega<\/p>\n<ol>\n<li style=\"font-weight: 400;\">Introducci\u00f3n<\/li>\n<li style=\"font-weight: 400;\">Salud p\u00fablica como la salud \u201cde todos\u201d y no \u201cde un todo\u201d ni \u201cde cada uno\u201d<\/li>\n<\/ol>\n<p style=\"font-weight: 400;\">III. El azar como condicionante del riesgo concreto para el bien jur\u00eddico tutelado en el delito de tr\u00e1fico de drogas<\/p>\n<ol>\n<li style=\"font-weight: 400;\">Operatividad negativa de la difusi\u00f3n incontrolada como concepto jur\u00eddico indeterminado en la jurisprudencia nacional. Sentencia de la Corte Suprema, Rol N\u00ba 25388-2021, de 5 de julio de 2021<\/li>\n<li style=\"font-weight: 400;\">Sentencia de la Corte Suprema, Rol N\u00ba 25388-2021, de 5 de julio de 2021<br \/>\n2. Cantidad de droga insuficiente para el consumo de un n\u00famero importante de personas y durante un extenso per\u00edodo de tiempo<br \/>\n3. Entrega altruista de droga a personas privadas de libertad en centros penitenciarios<br \/>\n4. Gratuidad de la entrega<\/li>\n<li style=\"font-weight: 400;\">Otras circunstancias contrarias a la difusi\u00f3n incontrolada o incontrolable<\/li>\n<li style=\"font-weight: 400;\">Compartir o proveer de manera gratuita a un tercero en la v\u00eda p\u00fablica el consumo de droga<br \/>\n2. Facilitar gratuitamente la adquisici\u00f3n de la droga que es consumida por un grupo de personas en un lugar cerrado<br \/>\n3. Consumo compartido<\/li>\n<\/ol>\n<p style=\"font-weight: 400;\"><b><strong>ACERCA DEL BIEN JUR\u00cdDICO PROTEGIDO EN EL DELITO DE FRAUDE FUNCIONARIAL DEL ART\u00cdCULO 239 DEL C\u00d3DIGO PENAL<\/strong><\/b><br \/>\nAndr\u00e9s Benavides Schiller<\/p>\n<ol>\n<li style=\"font-weight: 400;\">Derecho penal, bien jur\u00eddico y Administraci\u00f3n P\u00fablica<br \/>\nII. La Administraci\u00f3n P\u00fablica como instituci\u00f3n. Papel actual<br \/>\nIII. Bien jur\u00eddico protegido en los delitos contra la Administraci\u00f3n P\u00fablica<br \/>\nIV. Bien jur\u00eddico protegido en el delito de fraude funcionarial del art\u00edculo 239 del C\u00f3digo Penal<\/li>\n<\/ol>\n<p style=\"font-weight: 400;\"><b><strong>ALGUNAS CONSIDERACIONES DOGM\u00c1TICAS SOBRE LOS DELITOS ASOCIADOS AL FINANCIAMIENTO DE CAMPA\u00d1AS POL\u00cdTICAS<\/strong><\/b><br \/>\nFrancisco Maldonado Fuentes<\/p>\n<ol>\n<li style=\"font-weight: 400;\">Financiamiento de la pol\u00edtica, financiamiento de los pol\u00edticos y financiamiento de campa\u00f1as electorales<\/li>\n<li style=\"font-weight: 400;\">Sufragio, representaci\u00f3n y elecciones como sustratos y referentes de protecci\u00f3n penal<\/li>\n<\/ol>\n<p style=\"font-weight: 400;\">III. Delitos asociados al financiamiento de campa\u00f1as electorales en Chile<\/p>\n<ol>\n<li style=\"font-weight: 400;\">Valoraci\u00f3n global<\/li>\n<li style=\"font-weight: 400;\">Delito de financiamiento ilegal de campa\u00f1as pol\u00edticas<br \/>\n2.1. Sobre el comportamiento incriminado<br \/>\n2.2. Sobre los l\u00edmites de la accesoriedad penal: la superaci\u00f3n del margen legal como criterio de lesividad<br \/>\n2.3. Sobre la sanci\u00f3n<\/li>\n<li style=\"font-weight: 400;\">La reforzada protecci\u00f3n del erario fiscal<\/li>\n<\/ol>\n<p style=\"font-weight: 400;\">\n<b><strong>III. CONSTITUCI\u00d3N Y DERECHO PENAL<\/strong><\/b><\/p>\n<p style=\"font-weight: 400;\"><b><strong>RACIONALIDAD Y RAZONABILIDAD: UN ENFOQUE PARA LA CONSTITUCIONALIZACI\u00d3N DEL DERECHO PENAL<\/strong><\/b><br \/>\nRoberto Navarro-Dolmestch<\/p>\n<ol>\n<li style=\"font-weight: 400;\">Introducci\u00f3n<\/li>\n<li style=\"font-weight: 400;\">Dos casos y dos perspectivas de an\u00e1lisis<\/li>\n<li style=\"font-weight: 400;\">Los dos casos<br \/>\n2. Las dos perspectivas de an\u00e1lisis<\/li>\n<\/ol>\n<p style=\"font-weight: 400;\">III. Racionalidad y razonabilidad<\/p>\n<ol>\n<li style=\"font-weight: 400;\">El d\u00e9ficit de razonabilidad<\/li>\n<li style=\"font-weight: 400;\">\u00bfPor qu\u00e9 son necesarios los criterios de razonabilidad?<br \/>\n2. Sobre estrategias<br \/>\n3. La estrategia principialista como b\u00fasqueda de la razonabilidad<\/li>\n<li style=\"font-weight: 400;\">El test de proporcionalidad como estrategia alternativa<\/li>\n<\/ol>\n<p style=\"font-weight: 400;\"><b><strong>CONSTITUCI\u00d3N Y RECODIFICACI\u00d3N PENAL. A PROP\u00d3SITO DEL DERECHO PENAL APLICABLE EN CHILE A PERSONAS QUE SE DECLAREN PERTENECIENTES A PUEBLOS ORIGINARIOS (ESPECIALMENTE EN EL NORTE DEL PA\u00cdS)<\/strong><\/b><br \/>\nCarlos Cabezas &#8211; Emanuele Corn<\/p>\n<ol>\n<li style=\"font-weight: 400;\">Multiculturalismo y pluralismo jur\u00eddico<\/li>\n<li style=\"font-weight: 400;\">Experiencias comparadas: jurisdicci\u00f3n penal ind\u00edgena en M\u00e9xico y Colombia. Especial referencia al l\u00edmite de los DD. HH<\/li>\n<li style=\"font-weight: 400;\">Caracter\u00edsticas generales<br \/>\n2. Delito y sanci\u00f3n<br \/>\n3. Derecho comparado: M\u00e9xico y Colombia<\/li>\n<\/ol>\n<p style=\"font-weight: 400;\">III. Pluralismo jur\u00eddico en Chile en el derecho vigente y proyecto rechazado de nueva Constituci\u00f3n<\/p>\n<ol>\n<li style=\"font-weight: 400;\">Pluralismo jur\u00eddico en Chile en el derecho vigente<br \/>\n2. Multiculturalismo, pluralismo jur\u00eddico y necesidad de normas constitucionales que los reconozcan<br \/>\n3. Examen de las normas sobre justicia ind\u00edgena en el proyecto rechazado de nueva Constituci\u00f3n<br \/>\n4. La perspectiva intercultural en la jurisprudencia penal chilena, en especial respecto de pueblos del altiplano<br \/>\n5. Jurisprudencia sobre cuestiones multiculturales en el caso de los pueblos andinos del norte de Chile, con especial menci\u00f3n al problema de la hoja de coca<\/li>\n<li style=\"font-weight: 400;\">Conclusiones<\/li>\n<\/ol>\n<p style=\"font-weight: 400;\"><b><strong>FINES DE LA PENA EN LA PROPUESTA DE NUEVA CONSTITUCI\u00d3N: PREVENCI\u00d3N DE LA VIOLENCIA Y DEL DELITO, E INTEGRACI\u00d3N E INSERCI\u00d3N SOCIAL DEL CONDENADO<\/strong><\/b><br \/>\nMario Dur\u00e1n Migliardi<\/p>\n<ol>\n<li style=\"font-weight: 400;\">Introducci\u00f3n y delimitaci\u00f3n<\/li>\n<li style=\"font-weight: 400;\">La propuesta constitucional de prevenci\u00f3n-integraci\u00f3n de la pena<\/li>\n<\/ol>\n<p style=\"font-weight: 400;\">III. Los valores y principios de la propuesta constitucional que fundamentan la\u00a0tesis de la prevenci\u00f3n-integraci\u00f3n de la pena<\/p>\n<ol>\n<li style=\"font-weight: 400;\">La prevenci\u00f3n de la violencia y del delito y sus \u00e1mbitos de aplicaci\u00f3n: el derecho a vivir en entornos seguros y libres de violencia<\/li>\n<li style=\"font-weight: 400;\">Mecanismos institucionales para promover y cautelar el derecho a vivir en entornos seguros y libres de violencia<\/li>\n<li style=\"font-weight: 400;\">La integraci\u00f3n e inserci\u00f3n social de las personas. Especialmente de las condenadas o sujetas a medidas de seguridad y el rol de los tribunales de ejecuci\u00f3n de penas<\/li>\n<li style=\"font-weight: 400;\">La integraci\u00f3n e inserci\u00f3n social de las personas condenadas o sujetas a medidas de seguridad y el sistema penitenciario<br \/>\n2. El rol en la integraci\u00f3n e inserci\u00f3n social de las personas condenadas o sujetas a medidas de seguridad de los nuevos tribunales de ejecuci\u00f3n depenas<\/li>\n<li style=\"font-weight: 400;\">Conclusiones<\/li>\n<\/ol>\n<p style=\"font-weight: 400;\"><b><strong>POSIBILIDADES Y L\u00cdMITES JURI\u0301DICO-PENALES A PARTIR DE UN NUEVO (Y FALLIDO) CUADRO AXIOL\u00d3GICO CONSTITUCIONAL. EL CASO DE LA PROTECCI\u00d3N DE LOS BIENES JUR\u00cdDICOS DEL TRABAJADOR<\/strong><\/b><br \/>\nJuan Pablo Castillo Morales<\/p>\n<ol>\n<li style=\"font-weight: 400;\">Introducci\u00f3n<\/li>\n<li style=\"font-weight: 400;\">Bases constitucionales para un Derecho penal del trabajo en Chile. Notas sobre la situaci\u00f3n legislativa y jurisprudencial actual en materia de sometimiento a trabajos o servicios forzados<\/li>\n<li style=\"font-weight: 400;\">Un primer obst\u00e1culo: bien jur\u00eddico o funci\u00f3n del Estado<br \/>\n2. El art\u00edculo 46.6 de la PNC-2022 y el estado legislativo y jurisprudencial respecto de la imposici\u00f3n de trabajos o servicios forzados<\/li>\n<\/ol>\n<p style=\"font-weight: 400;\">III. Una propuesta de iure condendo: los indicadores de explotaci\u00f3n<\/p>\n<ol>\n<li style=\"font-weight: 400;\">Conclusiones<\/li>\n<li style=\"font-weight: 400;\"><b><strong><br \/>\nG\u00c9NERO Y DERECHO PENAL<\/strong><\/b><\/li>\n<\/ol>\n<p style=\"font-weight: 400;\"><b><strong>G\u00c9NERO Y SOMETIMIENTO: EL FEMICIDIO COMO HECHO PUNIBLE<\/strong><\/b><br \/>\nJavier Contesse Singh<\/p>\n<ol>\n<li style=\"font-weight: 400;\">Planteamiento del problema: \u00bfun nuevo derecho penal de autor?<\/li>\n<li style=\"font-weight: 400;\">El femicidio como hecho punible especial<\/li>\n<li style=\"font-weight: 400;\">El femicidio frente al parricidio<br \/>\n2. Delito especial versus hecho punible especial<br \/>\n3. \u00bfEl femicidio como delito especial?<br \/>\n4. El femicidio como hecho punible especial de doble estatus no-relacional<\/li>\n<\/ol>\n<p style=\"font-weight: 400;\">III. El femicidio como delito de sometimiento: sem\u00e1ntica e ideolog\u00eda<\/p>\n<ol>\n<li style=\"font-weight: 400;\">Hombre y mujer como estatus sem\u00e1nticamente relacionales<br \/>\n2. Hombre y mujer como estatus ideol\u00f3gicamente relacionales<br \/>\n3. La objetivaci\u00f3n del sometimiento: reacci\u00f3n y disposici\u00f3n<\/li>\n<li style=\"font-weight: 400;\">El femicidio como producto ideol\u00f3gico y la paradoja de su tipificaci\u00f3n<\/li>\n<\/ol>\n<p style=\"font-weight: 400;\"><b><strong>ENFOQUES SOBRE LA VIDA DE MUJERES PRIVADAS DE LIBERTAD Y LOS EFECTOS EN SUS HIJOS<\/strong><\/b><br \/>\nDaniel Hasson Kalkstein<\/p>\n<ol>\n<li style=\"font-weight: 400;\">Introducci\u00f3n<br \/>\nII. An\u00e1lisis estad\u00edstico y perfil sociodemogr\u00e1fico de la mujer privada de libertad 409<br \/>\nIII. La inobservancia del principio de proporcionalidad con respecto a este grupo de la poblaci\u00f3n<br \/>\nIV. Tratamiento normativo y jurisprudencial<br \/>\nV. La maternidad en prisi\u00f3n y su efecto en los hijos<br \/>\nVI. Estudios y evidencias<\/li>\n<li style=\"font-weight: 400;\">Adverse Childhood Experiences (ACEs)<br \/>\n2. Estudio sobre el desarrollo psicomotor y cortisol salival en ni\u00f1os que viven juntos a sus madres privadas de libertad<br \/>\n3. Depresi\u00f3n en el embarazo y el puerperio<br \/>\n4. Intervenci\u00f3n de terapia ocupacional junto con entrevistas y evaluaciones psicol\u00f3gicas<\/li>\n<\/ol>\n<p style=\"font-weight: 400;\">VII. Los programas de apoyo y de contenci\u00f3n como pilar b\u00e1sico en la discusi\u00f3n sobre la esfera psicosocial y ocupacional<\/p>\n<p style=\"font-weight: 400;\">VIII. Conclusiones<\/p>\n","protected":false},"excerpt":{"rendered":"<p>Buscas un libro Jur\u00eddico.? Lo puedes encontrar en nuestra tienda virtual.<br \/>\nContamos con prestigiosos autores y muchas alternativas en sus diferentes materias al igual que grandes descuentos.! Vis\u00edtanos en <a class=\"hlgIjzIiPdjVTUdqLPXiNqCfecsEJcUQfrckk \" tabindex=\"0\" href=\"https:\/\/lnkd.in\/eiAG7jdZ\" target=\"_blank\" rel=\"noopener\" data-test-app-aware-link=\"\">https:\/\/lnkd.in\/eiAG7jdZ<\/a><br \/>\nEscr\u00edbenos al +56930565235 \/ <a class=\"hlgIjzIiPdjVTUdqLPXiNqCfecsEJcUQfrckk \" tabindex=\"0\" href=\"mailto:ventaslegallexglobal@gmail.com\" target=\"_self\" data-test-app-aware-link=\"\">ventaslegallexglobal@gmail.com<\/a><br \/>\nHacemos env\u00edos a todo Chile \u2013 Starken o Correos Chile \/ Te esperamos<\/p>\n","protected":false},"featured_media":2213,"comment_status":"open","ping_status":"closed","template":"","meta":{"inline_featured_image":false,"_joinchat":[]},"product_brand":[],"product_cat":[26,30],"product_tag":[],"class_list":{"0":"post-2167","1":"product","2":"type-product","3":"status-publish","4":"has-post-thumbnail","6":"product_cat-derecho","7":"product_cat-penal","9":"first","10":"instock","11":"shipping-taxable","12":"purchasable","13":"product-type-simple"},"_links":{"self":[{"href":"https:\/\/bibliotecajuridicavirtual.cl\/index.php\/wp-json\/wp\/v2\/product\/2167","targetHints":{"allow":["GET"]}}],"collection":[{"href":"https:\/\/bibliotecajuridicavirtual.cl\/index.php\/wp-json\/wp\/v2\/product"}],"about":[{"href":"https:\/\/bibliotecajuridicavirtual.cl\/index.php\/wp-json\/wp\/v2\/types\/product"}],"replies":[{"embeddable":true,"href":"https:\/\/bibliotecajuridicavirtual.cl\/index.php\/wp-json\/wp\/v2\/comments?post=2167"}],"wp:featuredmedia":[{"embeddable":true,"href":"https:\/\/bibliotecajuridicavirtual.cl\/index.php\/wp-json\/wp\/v2\/media\/2213"}],"wp:attachment":[{"href":"https:\/\/bibliotecajuridicavirtual.cl\/index.php\/wp-json\/wp\/v2\/media?parent=2167"}],"wp:term":[{"taxonomy":"product_brand","embeddable":true,"href":"https:\/\/bibliotecajuridicavirtual.cl\/index.php\/wp-json\/wp\/v2\/product_brand?post=2167"},{"taxonomy":"product_cat","embeddable":true,"href":"https:\/\/bibliotecajuridicavirtual.cl\/index.php\/wp-json\/wp\/v2\/product_cat?post=2167"},{"taxonomy":"product_tag","embeddable":true,"href":"https:\/\/bibliotecajuridicavirtual.cl\/index.php\/wp-json\/wp\/v2\/product_tag?post=2167"}],"curies":[{"name":"wp","href":"https:\/\/api.w.org\/{rel}","templated":true}]}}