{"id":2168,"date":"2026-02-28T00:59:02","date_gmt":"2026-02-28T03:59:02","guid":{"rendered":"https:\/\/bibliotecajuridicavirtual.cl\/?post_type=product&#038;p=2168"},"modified":"2026-02-28T00:59:28","modified_gmt":"2026-02-28T03:59:28","slug":"expertos-en-accion-protegiendo-datos-personales-bajo-la-nueva-legislacion-danielle-zaror-miralles-edicion-actualizada-ano-2025-200-pag","status":"publish","type":"product","link":"https:\/\/bibliotecajuridicavirtual.cl\/index.php\/product\/expertos-en-accion-protegiendo-datos-personales-bajo-la-nueva-legislacion-danielle-zaror-miralles-edicion-actualizada-ano-2025-200-pag\/","title":{"rendered":"Expertos en Acci\u00f3n: Protegiendo Datos Personales Bajo la Nueva Legislaci\u00f3n &#8211; Danielle Zaror Miralles * edici\u00f3n actualizada a\u00f1o 2025, 200 P\u00e1g."},"content":{"rendered":"<p style=\"font-weight: 400;\">Este libro de divulgaci\u00f3n busca, en un lenguaje sencillo, pretende abordar temas complejos y relevantes para la implementaci\u00f3n de la nueva regulaci\u00f3n, aspirando a que sus lectores trasciendan al mundo jur\u00eddico para que profesionales de otras disciplinas puedan aproximarse a la comprensi\u00f3n y estudio del tratamiento de datos personales en Chile.<\/p>\n<p style=\"font-weight: 400;\">Alentado por su compromiso y misi\u00f3n p\u00fablica, el Centro de Estudios en Derecho, Tecnolog\u00eda y Sociedad de la Universidad de Chile acept\u00f3 la invitaci\u00f3n del DOE, el Banco de Informaci\u00f3n de Chile y Actualidad Jur\u00eddica para organizar un ciclo de seminarios de alto nivel que permitieran, en la \u00faltima etapa de tramitaci\u00f3n del proyecto de ley de protecci\u00f3n de datos personales, analizar dicha tramitaci\u00f3n pero especialmente dialogar sobre los desaf\u00edos y oportunidades de la implementaci\u00f3n de la nueva ley desde distintos puntos de vista.<\/p>\n<p style=\"font-weight: 400;\">En un ciclo de cuatro seminarios, realizados entre junio y diciembre del a\u00f1o 2024, de manera h\u00edbrida en la Facultad de Derecho de la Universidad de Chile, se abordaron distintos t\u00f3picos de la nueva ley. Una definici\u00f3n previa en la configuraci\u00f3n de los paneles fue que existiera una integraci\u00f3n transversal para favorecer un di\u00e1logo de los sectores p\u00fablico, privado y acad\u00e9mico.<\/p>\n<p style=\"font-weight: 400;\"><b><strong>CAP\u00cdTULO 1<\/strong><\/b><br \/>\n<b><strong>EL DIABLO EST\u00c1 EN LOS DETALLES: CINCO NUDOS LEGALES DE LOS QUE DEPENDE EL \u00c9XITO DE LA NUEVA LEY DE PROTECCI\u00d3N DE DATOS PERSONALES EN EL SECTOR P\u00daBLICO<\/strong><\/b><br \/>\nCesar Abusleme<\/p>\n<p style=\"font-weight: 400;\"><b><strong>CAP\u00cdTULO 2<\/strong><\/b><br \/>\n<b><strong>LA AUTORIZACI\u00d3N LEGAL COMO BASE DE LICITUD PARA EL TRATAMIENTO DE DATOS PERSONALES POR PARTE DE LOS \u00d3RGANOS P\u00daBLICOS<\/strong><\/b><br \/>\nRodrigo Moya<\/p>\n<p style=\"font-weight: 400;\"><b><strong>CAP\u00cdTULO 3<\/strong><\/b><br \/>\n<b><strong>ESTADO, DATOS PERSONALES Y TRANSPARENCIA: LA NUEVA AGENCIA CHILENA DE PROTECCI\u00d3N DE DATOS PERSONALES<\/strong><\/b><br \/>\nEnrique Rajevic<\/p>\n<p style=\"font-weight: 400;\"><b><strong>CAP\u00cdTULO 4<\/strong><\/b><br \/>\n<b><strong>PROTECCI\u00d3N DE DATOS PERSONALES. EL ESTADO COMO IMPLEMENTADOR Y EL ESTADO COMO OBLIGADO<\/strong><\/b><br \/>\nLizzy Seaman<\/p>\n<p style=\"font-weight: 400;\"><b><strong>CAP\u00cdTULO 5<\/strong><\/b><br \/>\n<b><strong>LA INTEGRACI\u00d3N DE DATOS PERSONALES EN EL SECTOR P\u00daBLICO<\/strong><\/b><br \/>\nVer\u00f3nica Ach\u00e1<\/p>\n<p style=\"font-weight: 400;\"><b><strong>CAP\u00cdTULO 6<\/strong><\/b><br \/>\n<b><strong>DATOS PERSONALES SOBRE LA SALUD. MARCOS NORMATIVOS E IMPLICANCIAS PARA LA ATENCI\u00d3N CL\u00cdNICA Y LA TOMA DE DECISIONES DE SALUD P\u00daBLICA<\/strong><\/b><br \/>\nJorge Pacheco<\/p>\n<p style=\"font-weight: 400;\"><b><strong>CAP\u00cdTULO 7<\/strong><\/b><br \/>\n<b><strong>CONCEPTOS Y OBLIGACIONES ESCENCIALES PARA LA ELABORACI\u00d3N DE UN REGISTRO DE ACTIVIDADES DE TRATAMIENTO<\/strong><\/b><br \/>\nDanielle Zaror<\/p>\n<p style=\"font-weight: 400;\"><b><strong>CAP\u00cdTULO 8<\/strong><\/b><br \/>\n<b><strong>EL DELEGADO DE PROTECCI\u00d3N DE DATOS PERSONALES EN LA LEY N\u00ba 21.719<\/strong><\/b><br \/>\nRomina Garrido y Juan Pablo Gonz\u00e1lez<\/p>\n<p style=\"font-weight: 400;\"><b><strong>CAP\u00cdTULO 9<\/strong><\/b><br \/>\n<b><strong>DESAF\u00cdOS EMPRESARIALES PARA NEGOCIOS BASADOS EN DATOS<\/strong><\/b><br \/>\nCristian Maul\u00e9n<\/p>\n<p style=\"font-weight: 400;\"><b><strong>CAP\u00cdTULO 10<\/strong><\/b><br \/>\n<b><strong>IMPLEMENTACI\u00d3N DE LA NUEVA LEY DE PROTECCI\u00d3N DE DATOS EN CHILE: UN AN\u00c1LISIS DE LAS ME-JORAS Y DESAF\u00cdOS A TRAV\u00c9S DE LA EXPERIENCIA DE MERCADO LIBRE<\/strong><\/b><br \/>\nPablo Segura<\/p>\n","protected":false},"excerpt":{"rendered":"<p>Buscas un libro Jur\u00eddico.? Lo puedes encontrar en nuestra tienda virtual.<br \/>\nContamos con prestigiosos autores y muchas alternativas en sus diferentes materias al igual que grandes descuentos.! Vis\u00edtanos en <a class=\"hlgIjzIiPdjVTUdqLPXiNqCfecsEJcUQfrckk \" tabindex=\"0\" href=\"https:\/\/lnkd.in\/eiAG7jdZ\" target=\"_blank\" rel=\"noopener\" data-test-app-aware-link=\"\">https:\/\/lnkd.in\/eiAG7jdZ<\/a><br \/>\nEscr\u00edbenos al +56930565235 \/ <a class=\"hlgIjzIiPdjVTUdqLPXiNqCfecsEJcUQfrckk \" tabindex=\"0\" href=\"mailto:ventaslegallexglobal@gmail.com\" target=\"_self\" data-test-app-aware-link=\"\">ventaslegallexglobal@gmail.com<\/a><br \/>\nHacemos env\u00edos a todo Chile \u2013 Starken o Correos Chile \/ Te esperamos<\/p>\n","protected":false},"featured_media":2214,"comment_status":"open","ping_status":"closed","template":"","meta":{"inline_featured_image":false,"_joinchat":[]},"product_brand":[],"product_cat":[27,26],"product_tag":[],"class_list":{"0":"post-2168","1":"product","2":"type-product","3":"status-publish","4":"has-post-thumbnail","6":"product_cat-civil","7":"product_cat-derecho","9":"first","10":"instock","11":"shipping-taxable","12":"purchasable","13":"product-type-simple"},"_links":{"self":[{"href":"https:\/\/bibliotecajuridicavirtual.cl\/index.php\/wp-json\/wp\/v2\/product\/2168","targetHints":{"allow":["GET"]}}],"collection":[{"href":"https:\/\/bibliotecajuridicavirtual.cl\/index.php\/wp-json\/wp\/v2\/product"}],"about":[{"href":"https:\/\/bibliotecajuridicavirtual.cl\/index.php\/wp-json\/wp\/v2\/types\/product"}],"replies":[{"embeddable":true,"href":"https:\/\/bibliotecajuridicavirtual.cl\/index.php\/wp-json\/wp\/v2\/comments?post=2168"}],"wp:featuredmedia":[{"embeddable":true,"href":"https:\/\/bibliotecajuridicavirtual.cl\/index.php\/wp-json\/wp\/v2\/media\/2214"}],"wp:attachment":[{"href":"https:\/\/bibliotecajuridicavirtual.cl\/index.php\/wp-json\/wp\/v2\/media?parent=2168"}],"wp:term":[{"taxonomy":"product_brand","embeddable":true,"href":"https:\/\/bibliotecajuridicavirtual.cl\/index.php\/wp-json\/wp\/v2\/product_brand?post=2168"},{"taxonomy":"product_cat","embeddable":true,"href":"https:\/\/bibliotecajuridicavirtual.cl\/index.php\/wp-json\/wp\/v2\/product_cat?post=2168"},{"taxonomy":"product_tag","embeddable":true,"href":"https:\/\/bibliotecajuridicavirtual.cl\/index.php\/wp-json\/wp\/v2\/product_tag?post=2168"}],"curies":[{"name":"wp","href":"https:\/\/api.w.org\/{rel}","templated":true}]}}