{"id":2171,"date":"2026-02-28T00:59:02","date_gmt":"2026-02-28T03:59:02","guid":{"rendered":"https:\/\/bibliotecajuridicavirtual.cl\/?post_type=product&#038;p=2171"},"modified":"2026-02-28T00:59:31","modified_gmt":"2026-02-28T03:59:31","slug":"compliance-sectorial-maria-cecilia-alcalde-prieto-matias-pascuali-tello-enero-ano-2022-536-pag","status":"publish","type":"product","link":"https:\/\/bibliotecajuridicavirtual.cl\/index.php\/product\/compliance-sectorial-maria-cecilia-alcalde-prieto-matias-pascuali-tello-enero-ano-2022-536-pag\/","title":{"rendered":"Compliance Sectorial * Mar\u00eda Cecilia Alcalde Prieto &#8211; Mat\u00edas Pascuali Tello &#8211; Enero a\u00f1o 2022 &#8211; 536 P\u00e1g."},"content":{"rendered":"<p style=\"font-weight: 400;\">El t\u00e9rmino<em>\u00a0compliance<\/em>\u00a0es uno de los conceptos m\u00e1s escuchados en los \u00faltimos a\u00f1os en el mundo jur\u00eddico, sin bien el estudio de esta \u00e1rea ha sido prol\u00edfico en cuanto al an\u00e1lisis de su dimensi\u00f3n penal, no lo ha sido en sus otras dimensiones o sectores, como tampoco su alcance como continente de principios rectores del buen comportamiento corporativo y empresarial.<\/p>\n<p style=\"font-weight: 400;\">Es por lo anterior que, a trav\u00e9s de \u00e9sta obra, se intenta desarrollar el tema del\u00a0<em>compliance\u00a0<\/em>en los distintos sectores o \u00e1reas del conocimiento jur\u00eddico y del desarrollo empresarial.<\/p>\n<p style=\"font-weight: 400;\">As\u00ed, a trav\u00e9s del trabajo de destacados autores, acad\u00e9micos y profesionales del derecho tratan temas tales como la gesti\u00f3n de los riesgos y los sesgos de comportamiento al interior de la empresa,\u00a0<em>compliance\u00a0<\/em>penal y la nueva ley de delitos econ\u00f3micos, el\u00a0<em>compliance\u00a0<\/em>en materia laboral y su relevancia. Se incluye adem\u00e1s un cap\u00edtulo relativo al modelo de prevenci\u00f3n del lavado de activos y financiamiento del terrorismo y un cap\u00edtulo sobre lavado de activos en el \u00e1mbito de los criptoactivos.<\/p>\n<p style=\"font-weight: 400;\">Adem\u00e1s, se trata el tema del\u00a0<em>compliance<\/em>\u00a0y debida diligencia en mate\u00adria de derechos humanos, de la libre competencia, los gobiernos corporativos y en el \u00e1mbito del sector financiero, para termi\u00adnar con los trabajos en materia de protecci\u00f3n de datos, ciberseguridad y tributario respecto al cumplimiento cooperativo.<\/p>\n<p style=\"font-weight: 400;\"><b><strong>GESTI\u00d3N DE RIESGOS LEGALES Y ESPECIALMENTE COMPLIANCE. SESGOS Y COMPORTAMIENTO<\/strong><\/b><br \/>\nRodrigo Reyes Duate<\/p>\n<p><b><strong>\u00bfEN QU\u00c9 MEDIDA LA REFORMA QUE INTRODUCE LA NUEVA LEY DE DELITOS ECON\u00d3MICOS AUTOMATIZA LA ATRIBUCI\u00d3N DE RESPONSABILIDAD PENAL A LAS PERSONAS JUR\u00cdDICAS?\u00a0<\/strong><\/b><br \/>\nXimena Marcazzolo Awad \u2013 Diva Serra Cruz<\/p>\n<p><b><strong>\u00bfCU\u00c1L ES LA RELEVANCIA DEL COMPLIANCE LABORAL?<\/strong><\/b><br \/>\nRoc\u00edo Garc\u00eda de la Pastora Zavala \u2013 Tom\u00e1s Garnham Oyarz\u00fan<\/p>\n<p><b><strong>MODELO DE PREVENCI\u00d3N DEL LAVADO DE ACTIVOS Y FINANCIAMIENTO DEL TERRORISMO CONTEMPLADO EN LA LEY N\u00b0 19.913 Y SU NORMATIVA DE DESARROLLO<\/strong><\/b><br \/>\n\u00c1ngela Toso Milos \u2013 Laura Mayer Lux<\/p>\n<p><b><strong>CRIPTOACTIVOS Y PREVENCI\u00d3N DEL DELITO Y LAVADO DE DINERO: UNA PERSPECTIVA DESDE CHILE, PER\u00da, ARGENTINA, COLOMBIA Y BRASIL\u00a0<\/strong><\/b><br \/>\nMar\u00eda Fernanda Juppet Ewing \u2013 Mart\u00edn Jofr\u00e9 Celis<\/p>\n<p><b><strong>LA L\u00d3GICA DEL COMPLIANCE Y LA DEBIDA DILIGENCIA EN DERECHOS HUMANOS: DESDE LOS PRINCIPIOS A LA NORMATIVA VINCULANTE<\/strong><\/b><br \/>\nLorena Recabarren Silva \u2013 Constanza Richards Y\u00e1\u00f1ez<\/p>\n<p><b><strong>COMPLIANCE EN LIBRE COMPETENCIA EN CHILE: ESTADO DEL ARTE Y MEJORES PR\u00c1CTICAS<\/strong><\/b><br \/>\nManfred Zink Papic<\/p>\n<p><b><strong>GOBIERNO CORPORATIVO Y COMPLIANCE EN EL SECTOR FINANCIERO<\/strong><\/b><br \/>\nFrancisco Pfeffer Urquiaga \u2013 Francisco Galli Burroni<\/p>\n<p><b><strong>AVANZANDO HACIA UNA RESPONSABILIDAD PROACTIVA EN MATERIA DE PROTECCI\u00d3N DE DATOS<\/strong><\/b><br \/>\nCarla Illanes Contreras<\/p>\n<p><b><strong>REGULACI\u00d3N DEL COMPLIANCE DE LA CIBERSEGURIDAD EN CHILE<\/strong><\/b><br \/>\nAndr\u00e9s Pumarino Mendoza<\/p>\n<p><b><strong>COMPLIANCE TRIBUTARIO, HACIA UN MODELO DE CUMPLIMIENTO COOPERATIVO<\/strong><\/b><br \/>\nMat\u00edas Crist\u00f3bal Pascuali Tello<\/p>\n","protected":false},"excerpt":{"rendered":"<p>Buscas un libro Jur\u00eddico.? Lo puedes encontrar en nuestra tienda virtual.<br \/>\nContamos con prestigiosos autores y muchas alternativas en sus diferentes materias al igual que grandes descuentos.! Vis\u00edtanos en <a class=\"hlgIjzIiPdjVTUdqLPXiNqCfecsEJcUQfrckk \" tabindex=\"0\" href=\"https:\/\/lnkd.in\/eiAG7jdZ\" target=\"_blank\" rel=\"noopener\" data-test-app-aware-link=\"\">https:\/\/lnkd.in\/eiAG7jdZ<\/a><br \/>\nEscr\u00edbenos al +56930565235 \/ <a class=\"hlgIjzIiPdjVTUdqLPXiNqCfecsEJcUQfrckk \" tabindex=\"0\" href=\"mailto:ventaslegallexglobal@gmail.com\" target=\"_self\" data-test-app-aware-link=\"\">ventaslegallexglobal@gmail.com<\/a><br \/>\nHacemos env\u00edos a todo Chile \u2013 Starken o Correos Chile \/ Te esperamos<\/p>\n","protected":false},"featured_media":2217,"comment_status":"open","ping_status":"closed","template":"","meta":{"inline_featured_image":false,"_joinchat":[]},"product_brand":[],"product_cat":[26,30],"product_tag":[],"class_list":{"0":"post-2171","1":"product","2":"type-product","3":"status-publish","4":"has-post-thumbnail","6":"product_cat-derecho","7":"product_cat-penal","9":"first","10":"instock","11":"shipping-taxable","12":"purchasable","13":"product-type-simple"},"_links":{"self":[{"href":"https:\/\/bibliotecajuridicavirtual.cl\/index.php\/wp-json\/wp\/v2\/product\/2171","targetHints":{"allow":["GET"]}}],"collection":[{"href":"https:\/\/bibliotecajuridicavirtual.cl\/index.php\/wp-json\/wp\/v2\/product"}],"about":[{"href":"https:\/\/bibliotecajuridicavirtual.cl\/index.php\/wp-json\/wp\/v2\/types\/product"}],"replies":[{"embeddable":true,"href":"https:\/\/bibliotecajuridicavirtual.cl\/index.php\/wp-json\/wp\/v2\/comments?post=2171"}],"wp:featuredmedia":[{"embeddable":true,"href":"https:\/\/bibliotecajuridicavirtual.cl\/index.php\/wp-json\/wp\/v2\/media\/2217"}],"wp:attachment":[{"href":"https:\/\/bibliotecajuridicavirtual.cl\/index.php\/wp-json\/wp\/v2\/media?parent=2171"}],"wp:term":[{"taxonomy":"product_brand","embeddable":true,"href":"https:\/\/bibliotecajuridicavirtual.cl\/index.php\/wp-json\/wp\/v2\/product_brand?post=2171"},{"taxonomy":"product_cat","embeddable":true,"href":"https:\/\/bibliotecajuridicavirtual.cl\/index.php\/wp-json\/wp\/v2\/product_cat?post=2171"},{"taxonomy":"product_tag","embeddable":true,"href":"https:\/\/bibliotecajuridicavirtual.cl\/index.php\/wp-json\/wp\/v2\/product_tag?post=2171"}],"curies":[{"name":"wp","href":"https:\/\/api.w.org\/{rel}","templated":true}]}}