{"id":2173,"date":"2026-02-28T00:59:02","date_gmt":"2026-02-28T03:59:02","guid":{"rendered":"https:\/\/bibliotecajuridicavirtual.cl\/?post_type=product&#038;p=2173"},"modified":"2026-02-28T00:59:33","modified_gmt":"2026-02-28T03:59:33","slug":"la-vigencia-de-la-ley-procesal-en-el-tiempo-retroactividad-y-aplicacion-inmediata-en-los-procesos-civiles-iniciados-julio-cesar-rojas-chamaca","status":"publish","type":"product","link":"https:\/\/bibliotecajuridicavirtual.cl\/index.php\/product\/la-vigencia-de-la-ley-procesal-en-el-tiempo-retroactividad-y-aplicacion-inmediata-en-los-procesos-civiles-iniciados-julio-cesar-rojas-chamaca\/","title":{"rendered":"La Vigencia de la Ley Procesal en el Tiempo, Retroactividad y Aplicaci\u00f3n Inmediata en los Procesos Civiles Iniciados * Julio C\u00e9sar Rojas Chamaca"},"content":{"rendered":"<p>Aunque la ley procesal tiene vigencia inmediata, es usual encontrar una t\u00e9cnica legislativa que opta por reg\u00edmenes diferenciados en cuanto a su aplicaci\u00f3n o que establece restricciones temporales a su vigencia in actum. Las razones de esta elecci\u00f3n son operativas o extraprocesales, de tal manera que, es posible descubrir una deferencia inusual hacia la ley procesal derogada, a pesar que los cambios permitan a las partes sostener sus derechos mejor que la precedente, sin que \u00e9stos vulneren el principio de irretroactividad o el derecho de defensa de las partes.<br \/>\nLa presente investigaci\u00f3n demuestra que el principio de aplicaci\u00f3n inmediata de la ley procesal en los juicios civiles pendientes no significa darle eficacia retroactiva a la ley posterior, se trata simplemente de que la nueva ley, produzca hoy, en el tiempo de su vigencia, consecuencias distintas a las producidas por la ley anterior.<br \/>\nNuestra propuesta se dirige a demostrar la necesidad de superar todas las condiciones impeditivas o restrictivas establecidas en el derecho intertemporal y\/o transitorio, si las transformaciones permiten a las partes el acceso a un proceso civil en igualdad de condiciones, que corresponde a una de las dimensiones del derecho a la tutela judicial efectiva.<\/p>\n<p>\u00cdndice<br \/>\nTabla de abreviaturas\u00a0\u00a0 \u00a0\u00a0\u00a0 \u00a015<br \/>\nPr\u00f3logo\u00a0\u00a0 \u00a0\u00a0\u00a0 \u00a017<br \/>\nAlejandro Romero Seguel<br \/>\nAgradecimientos\u00a0\u00a0 \u00a0\u00a0\u00a0 \u00a021<br \/>\nIntroducci\u00f3n\u00a0\u00a0 \u00a0\u00a0\u00a0 \u00a025<br \/>\nCap\u00edtulo Primero<br \/>\nEl tiempo y su relaci\u00f3n con el Derecho<br \/>\nI. Contexto hist\u00f3rico\u00a0\u00a0 \u00a0\u00a0\u00a0 \u00a053<br \/>\nII. Derecho intertemporal. Cuestiones previas\u00a0\u00a0 \u00a0\u00a0\u00a0 \u00a066<br \/>\nAn\u00e1lisis sentencia \u201cFisco con Fern\u00e1ndez e Inglis Lomax y C\u00eda.\u201d\u00a0\u00a0 \u00a0\u00a0\u00a0 \u00a069<br \/>\nAn\u00e1lisis sentencia \u201cENAP Refiner\u00edas S.A. con Servicio de Aduanas Direcci\u00f3n Regional de Valpara\u00edso\u201d\u00a0\u00a0 \u00a0\u00a0\u00a0 \u00a075<br \/>\nIII. Derecho intertemporal chileno\u00a0\u00a0 \u00a0\u00a0\u00a0 \u00a090<br \/>\n1. Introducci\u00f3n\u00a0\u00a0 \u00a0\u00a0\u00a0 \u00a090<br \/>\n2. Principio de irretroactividad. Influencias de Andr\u00e9s Bello en la redacci\u00f3n del art. 9 CC\u00a0\u00a0 \u00a0\u00a0\u00a0 \u00a095<br \/>\n3. Recepci\u00f3n de la teor\u00eda de los derechos adquiridos en el CC. Efectos en la LSER de 1861\u00a0\u00a0 \u00a0\u00a0\u00a0 \u00a0103<br \/>\n4. Matices con relaci\u00f3n a la influencia de la teor\u00eda de los derechos adquiridos en la LSER\u00a0\u00a0 \u00a0\u00a0\u00a0 \u00a0111<br \/>\n5. Discusi\u00f3n sobre los derechos adquiridos y la retroactividad\u00a0\u00a0 \u00a0\u00a0\u00a0 \u00a0117<br \/>\nCap\u00edtulo Segundo<br \/>\nDerecho Intertemporal Procesal<br \/>\nI. Las leyes procesales en el sistema jur\u00eddico nacional\u00a0\u00a0 \u00a0\u00a0\u00a0 \u00a0127<br \/>\n1. Breves antecedentes hist\u00f3ricos de las leyes procesales\u00a0\u00a0 \u00a0\u00a0\u00a0 \u00a0127<br \/>\n2. Regulaci\u00f3n de las leyes procesales en la LSER\u00a0\u00a0 \u00a0\u00a0\u00a0 \u00a0130<br \/>\n3. Algunas notas sobre el tiempo del C\u00f3digo de Procedimiento Civil\u00a0\u00a0 \u00a0\u00a0\u00a0 \u00a0131<br \/>\nII. Ley procesal aplicable cuando se infringe un contrato. Art. 22 N 1\u00ba LSER\u00a0\u00a0 \u00a0\u00a0\u00a0 \u00a0135<br \/>\nIII. Leyes procesales sobre prueba. Art. 23 LSER\u00a0\u00a0 \u00a0\u00a0\u00a0 \u00a0139<br \/>\n1. Origen y naturaleza jur\u00eddica\u00a0\u00a0 \u00a0\u00a0\u00a0 \u00a0139<br \/>\n2. Efectos de la naturaleza mixta determina la procedencia del tipo de recurso de casaci\u00f3n\u00a0\u00a0 \u00a0\u00a0\u00a0 \u00a0144<br \/>\n3. Ley aplicable a los medios de prueba frente a una sucesi\u00f3n temporal\u00a0\u00a0 \u00a0\u00a0\u00a0 \u00a0148<br \/>\n4. Naturaleza sustantiva de la prueba. Tensiones con los fines procesales de la prueba\u00a0\u00a0 \u00a0\u00a0\u00a0 \u00a0151<br \/>\nIV. Dificultades que genera el art. 23 en el \u00e1mbito temporal\u00a0\u00a0 \u00a0\u00a0\u00a0 \u00a0160<br \/>\n1. La nueva ley establece inadmisibilidades o es suprimida\u00a0\u00a0 \u00a0\u00a0\u00a0 \u00a0161<br \/>\n2. Extensi\u00f3n del art. 23 a los hechos que no alcanzan a constituir \u201cactos\u201d\u00a0\u00a0 \u00a0\u00a0\u00a0 \u00a0163<br \/>\nV. Caso \u201cCastro con Acevedo\u201d \u00a0\u00a0 \u00a0\u00a0\u00a0 \u00a0164<br \/>\n1. An\u00e1lisis de la sentencia. Medios de prueba previstos en la Ley de Filiaci\u00f3n y su aplicaci\u00f3n a hechos anteriores a su vigencia\u00a0\u00a0 \u00a0\u00a0\u00a0 \u00a0166<br \/>\n2. Presunci\u00f3n grave por la negativa de los demandados a realizarse la prueba de ADN\u00a0\u00a0 \u00a0\u00a0\u00a0 \u00a0171<br \/>\n3. Problemas anexos derivados de la naturaleza mixta del art. 23\u00a0\u00a0 \u00a0\u00a0\u00a0 \u00a0177<br \/>\nVI. Caso \u201cReyes con Ponce Lerou\u201d \u00a0\u00a0 \u00a0\u00a0\u00a0 \u00a0178<br \/>\n1. An\u00e1lisis de la sentencia. Ley aplicable frente a un cambio del sistema de valoraci\u00f3n de la prueba\u00a0\u00a0 \u00a0\u00a0\u00a0 \u00a0183<br \/>\n2. Si se considera norma sustantiva. Rige el principio tempus regit actum\u00a0\u00a0 \u00a0\u00a0\u00a0 \u00a0188<br \/>\n3. Perspectiva procesal para determinar la ley aplicable. Objeciones al criterio tradicional\u00a0\u00a0 \u00a0\u00a0\u00a0 \u00a0190<br \/>\n4. Nuestra posici\u00f3n. Aplicaci\u00f3n inmediata del nuevo sistema de valoraci\u00f3n de la prueba\u00a0\u00a0 \u00a0\u00a0\u00a0 \u00a0194<br \/>\nCap\u00edtulo Tercero<br \/>\nEl principio de aplicaci\u00f3n inmediata de las leyes procesales<br \/>\nI. Sobre el origen del art. 24 LSER\u00a0\u00a0 \u00a0\u00a0\u00a0 \u00a0201<br \/>\n1. La ley procesal aplicable a los tr\u00e1mites y diligencias pendientes. Distinci\u00f3n con las leyes procesales vigentes al tiempo de su iniciaci\u00f3n. Soluci\u00f3n de la LSER\u00a0\u00a0 \u00a0\u00a0\u00a0 \u00a0205<br \/>\n2. \u00c1mbito de aplicaci\u00f3n del art. 24 LSER: leyes sobre substanciaci\u00f3n y ritualidad de los juicios\u00a0\u00a0 \u00a0\u00a0\u00a0 \u00a0209<br \/>\nII. Principio de aplicaci\u00f3n inmediata de la ley en el proceso civil chileno. Regla general\u00a0\u00a0 \u00a0\u00a0\u00a0 \u00a0214<br \/>\nIII. Primera hip\u00f3tesis: La ley procesal civil se aplica a procesos judiciales nuevos e iniciados\u00a0\u00a0 \u00a0\u00a0\u00a0 \u00a0216<br \/>\n1. Primer fundamento. Inexistencia de derechos adquiridos en la ley procesal\u00a0\u00a0 \u00a0\u00a0\u00a0 \u00a0218<br \/>\n2. Segundo fundamento. Eficiencia y celeridad del proceso judicial\u00a0\u00a0 \u00a0\u00a0\u00a0 \u00a0220<br \/>\n3. Tercer fundamento. Unidad del sistema procesal\u00a0\u00a0 \u00a0\u00a0\u00a0 \u00a0222<br \/>\n4. Problema: deferencia hacia la ley procesal derogada. Caso \u201cEnami con Conama\u201d\u00a0\u00a0 \u00a0\u00a0\u00a0 \u00a0224<br \/>\nIV. Segunda hip\u00f3tesis: La ley procesal debe estar vigente para ser aplicada por los tribunales\u00a0\u00a0 \u00a0\u00a0\u00a0 \u00a0231<br \/>\n1. Aplicabilidad de una ley derogada. Situaci\u00f3n de las leyes sustantivas\u00a0\u00a0 \u00a0\u00a0\u00a0 \u00a0231<br \/>\n2. Tratamiento del principio tempus regit actum en materia contractual\u00a0\u00a0 \u00a0\u00a0\u00a0 \u00a0233<br \/>\n3. Los hechos y el principio tempus regit actum. Caso \u201cArcam con NYC y otras\u201d\u00a0\u00a0 \u00a0\u00a0\u00a0 \u00a0236<br \/>\n4. \u00c1mbito de aplicaci\u00f3n de la ley procesal. Caso \u201cBanco de Chile con Correa\u201d\u00a0\u00a0 \u00a0\u00a0\u00a0 \u00a0245<br \/>\n5. Breve contexto de la reforma introducida por la ley N\u00ba 18.705\u00a0\u00a0 \u00a0\u00a0\u00a0 \u00a0247<br \/>\n6. Refuerzo de la vigencia inmediata de la ley procesal\u00a0\u00a0 \u00a0\u00a0\u00a0 \u00a0250<br \/>\n7. Situaciones donde se modifica el principio de vigencia inmediata\u00a0\u00a0 \u00a0\u00a0\u00a0 \u00a0254<br \/>\nV. Tercera hip\u00f3tesis: el cambio de una ley procesal iniciado un proceso judicial, tendr\u00e1 efecto inmediato, lo que no significa retroactividad de la ley posterior.\u00a0\u00a0 \u00a0\u00a0\u00a0 \u00a0261<br \/>\n1. Caso \u201cInembargabilidad de las remuneraciones de los funcionarios p\u00fablicos\u201d\u00a0\u00a0 \u00a0\u00a0\u00a0 \u00a0265<br \/>\n2. Abandono de la instancia: \u00bfaplicaci\u00f3n inmediata de una ley procesal o efecto retroactivo del CPC?\u00a0\u00a0 \u00a0\u00a0\u00a0 \u00a0274<br \/>\n2.1 Fundamentos, naturaleza jur\u00eddica y efectos\u00a0\u00a0 \u00a0\u00a0\u00a0 \u00a0276<br \/>\n2.2 Discusi\u00f3n sobre su aplicaci\u00f3n luego del 1 de marzo 1903\u00a0\u00a0 \u00a0\u00a0\u00a0 \u00a0281<br \/>\n2.3 Argumentos para su aplicaci\u00f3n inmediata: duraci\u00f3n de los procesos y su naturaleza procesal\u00a0\u00a0 \u00a0\u00a0\u00a0 \u00a0282<br \/>\n2.4 Precisiones conceptuales sobre la retroactividad en los procesos judiciales iniciados\u00a0\u00a0 \u00a0\u00a0\u00a0 \u00a0290<br \/>\n2.5 Reformas posteriores y nuevos problemas para el abandono de la instancia\u00a0\u00a0 \u00a0\u00a0\u00a0 \u00a0298<br \/>\nCap\u00edtulo Cuarto<br \/>\nAtenuaci\u00f3n del principio de aplicaci\u00f3n inmediata de la ley procesal: art\u00edculo 24 segunda parte LSER<br \/>\nI. Justificaci\u00f3n\u00a0\u00a0 \u00a0\u00a0\u00a0 \u00a0305<br \/>\nII. Exigencias para invocar la ley procesal derogada en un proceso judicial iniciado\u00a0\u00a0 \u00a0\u00a0\u00a0 \u00a0310<br \/>\nIII. Recepci\u00f3n jurisprudencial\u00a0\u00a0 \u00a0\u00a0\u00a0 \u00a0316<br \/>\n1. Aumento de la cuant\u00eda y supresi\u00f3n de los recursos de casaci\u00f3n en la forma y fondo para ciertos procedimientos\u00a0\u00a0 \u00a0\u00a0\u00a0 \u00a0316<br \/>\n2. Aplicaci\u00f3n del art. 24 segunda parte a leyes procesales con independencia de su ubicaci\u00f3n\u00a0\u00a0 \u00a0\u00a0\u00a0 \u00a0322<br \/>\n3. Efectos de la ley N\u00ba 21.394 en juicios ejecutivos iniciados antes de su vigencia\u00a0\u00a0 \u00a0\u00a0\u00a0 \u00a0323<br \/>\nIV. Problemas detectados en la aplicaci\u00f3n del art. 24 segunda parte LSER respecto de los procesos judiciales iniciados\u00a0\u00a0 \u00a0\u00a0\u00a0 \u00a0333<br \/>\n1. Caso \u201cRequena con Abatte\u201d \u00a0\u00a0 \u00a0\u00a0\u00a0 \u00a0335<br \/>\n1.1 An\u00e1lisis de la sentencia\u00a0\u00a0 \u00a0\u00a0\u00a0 \u00a0337<br \/>\n1.2 Algunas consideraciones sobre la derogaci\u00f3n de las leyes\u00a0\u00a0 \u00a0\u00a0\u00a0 \u00a0338<br \/>\n1.3 Aplicabilidad de la ley procesal derogada en los procesos judiciales iniciados\u00a0\u00a0 \u00a0\u00a0\u00a0 \u00a0343<br \/>\n1.4 Extensi\u00f3n del proceso civil y la supervivencia de la ley procesal derogada. Desaf\u00edos\u00a0\u00a0 \u00a0\u00a0\u00a0 \u00a0346<br \/>\n2. Caso \u201cComuneros del r\u00edo Caplina con Cerda\u201d \u00a0\u00a0 \u00a0\u00a0\u00a0 \u00a0355<br \/>\n2.1 An\u00e1lisis de la sentencia\u00a0\u00a0 \u00a0\u00a0\u00a0 \u00a0357<br \/>\n2.2 Indeterminaci\u00f3n de la derogaci\u00f3n y efectos jur\u00eddicos del art. final del CPC\u00a0\u00a0 \u00a0\u00a0\u00a0 \u00a0362<br \/>\nCap\u00edtulo quinto<br \/>\nDerecho transitorio: Su relaci\u00f3n con el Derecho Intertemporal. Problemas respecto al \u00e1mbito de aplicaci\u00f3n de las leyes procesales<br \/>\nI. Introducci\u00f3n\u00a0\u00a0 \u00a0\u00a0\u00a0 \u00a0367<br \/>\nII. Derecho transitorio: concepto, caracter\u00edsticas y justificaci\u00f3n. Su v\u00ednculo con el derecho intertemporal\u00a0\u00a0 \u00a0\u00a0\u00a0 \u00a0371<br \/>\nIII. Ley de Tramitaci\u00f3n Electr\u00f3nica\u00a0\u00a0 \u00a0\u00a0\u00a0 \u00a0375<br \/>\n1. Objetivos y finalidad\u00a0\u00a0 \u00a0\u00a0\u00a0 \u00a0375<br \/>\n2. \u00c1mbito de aplicaci\u00f3n. Estado de la discusi\u00f3n\u00a0\u00a0 \u00a0\u00a0\u00a0 \u00a0379<br \/>\n3. Debate en el Congreso Nacional\u00a0\u00a0 \u00a0\u00a0\u00a0 \u00a0391<br \/>\n4. Consecuencias jur\u00eddicas que se observan respecto a su aplicaci\u00f3n\u00a0\u00a0 \u00a0\u00a0\u00a0 \u00a0392<br \/>\n4.1 Err\u00f3nea interpretaci\u00f3n de la ley\u00a0\u00a0 \u00a0\u00a0\u00a0 \u00a0393<br \/>\n4.2 Dispersi\u00f3n de la jurisprudencia\u00a0\u00a0 \u00a0\u00a0\u00a0 \u00a0399<br \/>\nIV. An\u00e1lisis cr\u00edtico del derecho transitorio procesal. Aspectos operativos\u00a0\u00a0 \u00a0\u00a0\u00a0 \u00a0406<br \/>\nV. Errores de t\u00e9cnica legislativa en el derecho transitorio\u00a0\u00a0 \u00a0\u00a0\u00a0 \u00a0411<br \/>\n1. \u00bfEs la ley procesal posterior m\u00e1s restrictiva?\u00a0\u00a0 \u00a0\u00a0\u00a0 \u00a0414<br \/>\n2. \u00bfEs la ley procesal posterior m\u00e1s permisiva?\u00a0\u00a0 \u00a0\u00a0\u00a0 \u00a0418<br \/>\nVI. Deferencia hacia la aplicaci\u00f3n de la ley procesal derogada\u00a0\u00a0 \u00a0\u00a0\u00a0 \u00a0421<br \/>\n1. Ley N\u00ba 18.705 de 24 mayo 1988 que introdujo modificaciones al C\u00f3digo de Procedimiento Civil, de Procedimiento Penal, Org\u00e1nico de Tribunales, del Trabajo y al Decreto Ley N\u00ba 2876. Art. 1 transitorio\u00a0\u00a0 \u00a0\u00a0\u00a0 \u00a0422<br \/>\n2. Ley N\u00ba 19.374 de 18 febrero 1995 que modific\u00f3 los C\u00f3digos Org\u00e1nico de Tribunales, de Procedimiento Civil y Procedimiento Penal, en lo relativo a organizaci\u00f3n y funcionamiento de la Corte Suprema. Art. 1 transitorio\u00a0\u00a0 \u00a0\u00a0\u00a0 \u00a0428<br \/>\nVII. Un caso especial de aplicaci\u00f3n inmediata de la ley procesal\u00a0\u00a0 \u00a0\u00a0\u00a0 \u00a0438<br \/>\n1. Ley N\u00ba 7.760 de 20 enero 1944 que modific\u00f3 las disposiciones que se indican del C\u00f3digo de Procedimiento Civil. Art. 1 transitorio\u00a0\u00a0 \u00a0\u00a0\u00a0 \u00a0438<br \/>\n2. Caso \u201cChadwick y otros con Iltma. Corte de Apelaciones de Valdivia\u201d \u00a0\u00a0 \u00a0\u00a0\u00a0 \u00a0441<br \/>\n2.1 An\u00e1lisis de la sentencia\u00a0\u00a0 \u00a0\u00a0\u00a0 \u00a0442<br \/>\nVIII. Funci\u00f3n protectora de las leyes procesales y vulneraci\u00f3n del principio de igualdad en la aplicaci\u00f3n de la ley\u00a0\u00a0 \u00a0\u00a0\u00a0 \u00a0449<br \/>\nIX. Resguardo del principio pro actione e infracci\u00f3n de la tutela judicial efectiva\u00a0\u00a0 \u00a0\u00a0\u00a0 \u00a0454<br \/>\nConclusiones\u00a0\u00a0 \u00a0\u00a0\u00a0 \u00a0473<br \/>\nBibliograf\u00eda\u00a0\u00a0 \u00a0\u00a0\u00a0 \u00a0489<br \/>\n\u00cdndice de sentencias\u00a0\u00a0 \u00a0\u00a0\u00a0 \u00a0509<\/p>\n","protected":false},"excerpt":{"rendered":"<p>Buscas un libro Jur\u00eddico.? Lo puedes encontrar en nuestra tienda virtual.<br \/>\nContamos con prestigiosos autores y muchas alternativas en sus diferentes materias al igual que grandes descuentos.! Vis\u00edtanos en <a class=\"hlgIjzIiPdjVTUdqLPXiNqCfecsEJcUQfrckk \" tabindex=\"0\" href=\"https:\/\/lnkd.in\/eiAG7jdZ\" target=\"_blank\" rel=\"noopener\" data-test-app-aware-link=\"\">https:\/\/lnkd.in\/eiAG7jdZ<\/a><br \/>\nEscr\u00edbenos al +56930565235 \/ <a class=\"hlgIjzIiPdjVTUdqLPXiNqCfecsEJcUQfrckk \" tabindex=\"0\" href=\"mailto:ventaslegallexglobal@gmail.com\" target=\"_self\" data-test-app-aware-link=\"\">ventaslegallexglobal@gmail.com<\/a><br \/>\nHacemos env\u00edos a todo Chile \u2013 Starken o Correos Chile \/ Te esperamos<\/p>\n","protected":false},"featured_media":2219,"comment_status":"open","ping_status":"closed","template":"","meta":{"inline_featured_image":false,"_joinchat":[]},"product_brand":[],"product_cat":[27,33,26,39],"product_tag":[],"class_list":{"0":"post-2173","1":"product","2":"type-product","3":"status-publish","4":"has-post-thumbnail","6":"product_cat-civil","7":"product_cat-constitucional","8":"product_cat-derecho","9":"product_cat-procesal-civil","11":"first","12":"instock","13":"shipping-taxable","14":"purchasable","15":"product-type-simple"},"_links":{"self":[{"href":"https:\/\/bibliotecajuridicavirtual.cl\/index.php\/wp-json\/wp\/v2\/product\/2173","targetHints":{"allow":["GET"]}}],"collection":[{"href":"https:\/\/bibliotecajuridicavirtual.cl\/index.php\/wp-json\/wp\/v2\/product"}],"about":[{"href":"https:\/\/bibliotecajuridicavirtual.cl\/index.php\/wp-json\/wp\/v2\/types\/product"}],"replies":[{"embeddable":true,"href":"https:\/\/bibliotecajuridicavirtual.cl\/index.php\/wp-json\/wp\/v2\/comments?post=2173"}],"wp:featuredmedia":[{"embeddable":true,"href":"https:\/\/bibliotecajuridicavirtual.cl\/index.php\/wp-json\/wp\/v2\/media\/2219"}],"wp:attachment":[{"href":"https:\/\/bibliotecajuridicavirtual.cl\/index.php\/wp-json\/wp\/v2\/media?parent=2173"}],"wp:term":[{"taxonomy":"product_brand","embeddable":true,"href":"https:\/\/bibliotecajuridicavirtual.cl\/index.php\/wp-json\/wp\/v2\/product_brand?post=2173"},{"taxonomy":"product_cat","embeddable":true,"href":"https:\/\/bibliotecajuridicavirtual.cl\/index.php\/wp-json\/wp\/v2\/product_cat?post=2173"},{"taxonomy":"product_tag","embeddable":true,"href":"https:\/\/bibliotecajuridicavirtual.cl\/index.php\/wp-json\/wp\/v2\/product_tag?post=2173"}],"curies":[{"name":"wp","href":"https:\/\/api.w.org\/{rel}","templated":true}]}}