{"id":2174,"date":"2026-02-28T00:59:02","date_gmt":"2026-02-28T03:59:02","guid":{"rendered":"https:\/\/bibliotecajuridicavirtual.cl\/?post_type=product&#038;p=2174"},"modified":"2026-02-28T00:59:34","modified_gmt":"2026-02-28T03:59:34","slug":"acto-juridico-dominio-posesion-inscrita-y-precario-philipe-llulle-navarrete-patricia-arevalo-ayala-1-edicion-marzo-ano-2025-438-pag-tapa-dura","status":"publish","type":"product","link":"https:\/\/bibliotecajuridicavirtual.cl\/index.php\/product\/acto-juridico-dominio-posesion-inscrita-y-precario-philipe-llulle-navarrete-patricia-arevalo-ayala-1-edicion-marzo-ano-2025-438-pag-tapa-dura\/","title":{"rendered":"Acto Jur\u00eddico, Dominio, Posesi\u00f3n Inscrita y Precario * Philipe Llulle Navarrete &#8211; Patricia Ar\u00e9valo Ayala * 1\u00b0 edici\u00f3n marzo a\u00f1o 2025 \/ 438 P\u00e1g. Tapa Dura."},"content":{"rendered":"<p style=\"font-weight: 400;\"><b><strong>PRIMERA PARTE<\/strong><\/b><br \/>\n<b><strong>DEL ACTO JUR\u00cdDICO<\/strong><\/b><\/p>\n<p style=\"font-weight: 400;\"><b><strong>CAP\u00cdTULO I<\/strong><\/b><br \/>\n<b><strong>DEFINICI\u00d3N DE ACTO JUR\u00cdDICO<\/strong><\/b><\/p>\n<ol>\n<li style=\"font-weight: 400;\"><b><strong> La definici\u00f3n conceptual de acto jur\u00eddico<\/strong><\/b><br \/>\n2. Otras definiciones conceptuales que se desprenden de la definici\u00f3n de acto jur\u00eddico<\/li>\n<\/ol>\n<p style=\"font-weight: 400;\"><b><strong>CAP\u00cdTULO II<\/strong><\/b><br \/>\n<b><strong>LOS PLANOS DEL ACTO JUR\u00cdDICO<\/strong><\/b><\/p>\n<ol start=\"3\">\n<li style=\"font-weight: 400;\">Introducci\u00f3n<br \/>\n4. Planos del acto jur\u00eddico<br \/>\n5. Sanciones en los planos del acto jur\u00eddico<\/li>\n<\/ol>\n<p style=\"font-weight: 400;\"><b><strong>CAP\u00cdTULO III<\/strong><\/b><br \/>\n<b><strong>EFICACIA, INEFICACIA Y REQUISITOS DE EFICACIA DIRECTA<\/strong><\/b><\/p>\n<ol start=\"6\">\n<li style=\"font-weight: 400;\">Eficacia e ineficacia<br \/>\n7. Eficacia directa<br \/>\n8. Eficacia indirecta<br \/>\n9. Eficacia indirecta no provocada o eficacia indirecta refleja<br \/>\n10. Eficacia indirecta provocada por oponibilidad<br \/>\n11. Eficacia indirecta provocada por utilizabilidad<br \/>\n12. Eficacia indirecta provocada por favorabilidad<br \/>\n13. Eficacia indirecta provocada por autonom\u00eda colectiva<br \/>\n14. Requisitos de eficacia<br \/>\n15. Clasificaci\u00f3n de los requisitos de eficacia<br \/>\n16. Requisitos de eficacia directa<br \/>\n17. Clasificaci\u00f3n de los requisitos de eficacia directa<br \/>\n18. Requisitos de eficacia indirecta<\/li>\n<\/ol>\n<p style=\"font-weight: 400;\"><b><strong>CAP\u00cdTULO IV<\/strong><\/b><br \/>\n<b><strong>BREVE RESUMEN DE LA NULIDAD<\/strong><\/b><\/p>\n<ol start=\"19\">\n<li style=\"font-weight: 400;\">Introducci\u00f3n a este cap\u00edtulo<br \/>\n20. Definici\u00f3n de nulidad<br \/>\n21. Caracter\u00edsticas<br \/>\n22. Clasificaci\u00f3n<br \/>\n23. Definici\u00f3n de nulidad absoluta<br \/>\n24. Fundamento<br \/>\n25. Caracter\u00edsticas<br \/>\n26. Causales de nulidad absoluta<br \/>\n27. Legitimaci\u00f3n activa<br \/>\n28. Prescripci\u00f3n de la acci\u00f3n de nulidad absoluta<br \/>\n29. Definici\u00f3n de nulidad relativa<br \/>\n30. Fundamento<br \/>\n31. Caracter\u00edsticas<br \/>\n32. Causales de nulidad relativa<br \/>\n33. Legitimaci\u00f3n activa<br \/>\n34. Prescripci\u00f3n de la acci\u00f3n de nulidad relativa<br \/>\n35. Efectos de ambas nulidades<br \/>\n36. Entre las partes<br \/>\n37. Respecto de terceros<br \/>\n38. La mala fe en la nulidad absoluta<br \/>\n39. La conversi\u00f3n del Acto Jur\u00eddico Nulo. Definici\u00f3n<br \/>\n40. Fundamento<br \/>\n41. Clasificaci\u00f3n<br \/>\n42. La nulidad de Derecho P\u00fablico<\/li>\n<\/ol>\n<p style=\"font-weight: 400;\"><b><strong>CAP\u00cdTULO V<\/strong><\/b><br \/>\n<b><strong>BREVE RESUMEN DE LA INOPONIBILIDAD<\/strong><\/b><\/p>\n<ol start=\"43\">\n<li style=\"font-weight: 400;\">Definici\u00f3n de inoponibilidad<br \/>\n44. Clasificaci\u00f3n<br \/>\n45. Lo que no compartimos de la clasificaci\u00f3n precedente<br \/>\n46. Resumen alternativo<br \/>\n47. El listado de los requisitos de eficacia indirecta<\/li>\n<\/ol>\n<p style=\"font-weight: 400;\"><b><strong>CAP\u00cdTULO VI<\/strong><\/b><br \/>\n<b><strong>RESUMEN DEL ACTO PROCESAL<\/strong><\/b><\/p>\n<ol start=\"48\">\n<li style=\"font-weight: 400;\">Definici\u00f3n de acto procesal<br \/>\n49. Requisitos del acto procesal<br \/>\n50. Nulidad procesal y recursos procesales<\/li>\n<\/ol>\n<p style=\"font-weight: 400;\"><b><strong>SEGUNDA PARTE<\/strong><\/b><br \/>\n<b><strong>EL DOMINIO<\/strong><\/b><\/p>\n<p style=\"font-weight: 400;\"><b><strong>CAP\u00cdTULO VII<\/strong><\/b><br \/>\n<b><strong>DEL DOMINIO EN GENERAL<\/strong><\/b><\/p>\n<ol start=\"51\">\n<li style=\"font-weight: 400;\">Proped\u00e9utica al dominio<br \/>\n52. Brev\u00edsima rese\u00f1a<br \/>\n53. Definici\u00f3n<br \/>\n54. Sistematizaci\u00f3n del estudio del dominio en nuestro pa\u00eds<br \/>\n55. Dominio y propiedad<\/li>\n<\/ol>\n<p style=\"font-weight: 400;\"><b><strong>CAP\u00cdTULO VIII<\/strong><\/b><br \/>\n<b><strong>EL DOMINIO O PROPIEDAD SEG\u00daN LA CONSTITUCI\u00d3N<\/strong><\/b><\/p>\n<ol start=\"56\">\n<li style=\"font-weight: 400;\">Estructura del estudio constitucional del dominio<br \/>\n57. Ensayo de una definici\u00f3n conceptual de dominio o propiedad seg\u00fan la Constituci\u00f3n<br \/>\n58. Precisiones a la definici\u00f3n precedente<br \/>\n59. Limitaciones, obligaciones y privaciones del dominio seg\u00fan la Constituci\u00f3n<br \/>\n60. De las limitaciones<br \/>\n61. De las obligaciones<br \/>\n62. De las privaciones<br \/>\n63. Garant\u00edas del dominio seg\u00fan la Constituci\u00f3n<br \/>\n64. Cr\u00edtica a la funci\u00f3n social de la propiedad en nuestra Constituci\u00f3n<\/li>\n<\/ol>\n<p style=\"font-weight: 400;\"><b><strong>CAP\u00cdTULO IX<\/strong><\/b><br \/>\n<b><strong>EL DOMINIO O PROPIEDAD SEG\u00daN EL C\u00d3DIGO CIVIL<\/strong><\/b><\/p>\n<ol start=\"65\">\n<li style=\"font-weight: 400;\">Definici\u00f3n<br \/>\n66. Las facultades esenciales del dominio (uso, goce y disposici\u00f3n)<br \/>\n67. Prohibici\u00f3n de enajenar<br \/>\n68. Discusi\u00f3n en torno a la prohibici\u00f3n de no enajenar<br \/>\n69. Nuestra postura sobre la discusi\u00f3n<br \/>\n70. Los atributos o caracter\u00edsticas esenciales del dominio (absoluto, exclusivo y perpetuo<br \/>\n71. L\u00edmites del dominio<br \/>\n72. Limitaciones del dominio<br \/>\n73. Extensi\u00f3n del dominio<br \/>\n74. Diversas clases de propiedad<br \/>\n75. Clasificaciones de la propiedad seg\u00fan su extensi\u00f3n<\/li>\n<\/ol>\n<p style=\"font-weight: 400;\"><b><strong>TERCERA PARTE<\/strong><\/b><br \/>\n<b><strong>LA POSESI\u00d3N INSCRITA<\/strong><\/b><\/p>\n<p style=\"font-weight: 400;\"><b><strong>CAP\u00cdTULO X<\/strong><\/b><br \/>\n<b><strong>INTRODUCCI\u00d3N A LA POSESI\u00d3N INSCRITA<\/strong><\/b><\/p>\n<ol start=\"76\">\n<li style=\"font-weight: 400;\">La introducci\u00f3n<\/li>\n<\/ol>\n<p style=\"font-weight: 400;\"><b><strong>CAP\u00cdTULO XI<\/strong><\/b><br \/>\n<b><strong>LA TEOR\u00cdA DE LA POSESI\u00d3N INSCRITA EN EL DERECHO ROMANO Y SU VINCULACI\u00d3N AL DERECHO CIVIL CHILENO<\/strong><\/b><\/p>\n<ol start=\"77\">\n<li style=\"font-weight: 400;\">De Roma a Chile<\/li>\n<\/ol>\n<p style=\"font-weight: 400;\"><b><strong>CAP\u00cdTULO XII<\/strong><\/b><br \/>\n<b><strong>POSESI\u00d3N INSCRITA: DEFINICI\u00d3N, HISTORIA Y GENERALIDADES DEL SISTEMA REGISTRAL INMOBILIARIO DEL C\u00d3DIGO CIVIL<\/strong><\/b><\/p>\n<ol start=\"78\">\n<li style=\"font-weight: 400;\">Definici\u00f3n de posesi\u00f3n inscrita<br \/>\n79. Historia nacional de la posesi\u00f3n inscrita y generalidades del sistema registral inmobiliario de Bello<\/li>\n<\/ol>\n<p style=\"font-weight: 400;\"><b><strong>CAP\u00cdTULO XIII<\/strong><\/b><br \/>\n<b><strong>POSESI\u00d3N INSCRITA: \u00bfFICCI\u00d3N O GARANT\u00cdA?<\/strong><\/b><\/p>\n<ol start=\"80\">\n<li style=\"font-weight: 400;\">El rol mismo de la inscripci\u00f3n<\/li>\n<\/ol>\n<p style=\"font-weight: 400;\"><b><strong>CAP\u00cdTULO XIV<\/strong><\/b><br \/>\n<b><strong>LA FUNCI\u00d3N SOCIAL<\/strong><\/b><\/p>\n<ol start=\"81\">\n<li style=\"font-weight: 400;\">La funci\u00f3n social de la propiedad<br \/>\n82. La funci\u00f3n social de la posesi\u00f3n<br \/>\n83. La inconstitucionalidad del inc. 2o del art. 728 del C\u00f3digo Civil<br \/>\n84. \u00bfExisti\u00f3 efectivamente la paradoja de la desprotecci\u00f3n en la mente de Bello?<\/li>\n<\/ol>\n<p style=\"font-weight: 400;\"><b><strong>CAP\u00cdTULO XV<\/strong><\/b><br \/>\n<b><strong>ADQUISICI\u00d3N, CONSERVACI\u00d3N Y P\u00c9RDIDA DE LA POSESI\u00d3N DE LOS BIENES INMUEBLES POR NATURALEZA<\/strong><\/b><\/p>\n<ol start=\"85\">\n<li style=\"font-weight: 400;\">Posesi\u00f3n inscrita y t\u00edtulo translaticio<br \/>\n86. Posesi\u00f3n inscrita y t\u00edtulo constitutivo<br \/>\n87. Inmuebles por naturaleza no inscritos<\/li>\n<\/ol>\n<p style=\"font-weight: 400;\"><b><strong>CAP\u00cdTULO XVI<\/strong><\/b><br \/>\n<b><strong>\u00bfREQUISITO, PRUEBA Y GARANT\u00cdA?<\/strong><\/b><\/p>\n<ol start=\"88\">\n<li style=\"font-weight: 400;\">De Fabres a Trucco<br \/>\n89. La inscripci\u00f3n conservatoria como requisito de la posesi\u00f3n de los bienes ra\u00edces<br \/>\n90. La inscripci\u00f3n conservatoria como prueba de la posesi\u00f3n de los bienes ra\u00edces<br \/>\n91. La inscripci\u00f3n conservatoria como garant\u00eda de la posesi\u00f3n de los bienes ra\u00edces<\/li>\n<\/ol>\n<p style=\"font-weight: 400;\"><b><strong>CUARTA PARTE<\/strong><\/b><br \/>\n<b><strong>EL PRECARIO<\/strong><\/b><\/p>\n<p style=\"font-weight: 400;\"><b><strong>CAP\u00cdTULO XVII<\/strong><\/b><br \/>\n<b><strong>HISTORIA DEL PRECARIO<\/strong><\/b><\/p>\n<ol start=\"92\">\n<li style=\"font-weight: 400;\">Etimolog\u00eda<br \/>\n93. Origen institucional<br \/>\n94. Origen hist\u00f3rico y ubicaci\u00f3n en Chile<\/li>\n<\/ol>\n<p style=\"font-weight: 400;\"><b><strong>CAP\u00cdTULO XVIII<\/strong><\/b><br \/>\n<b><strong>TEOR\u00cdAS Y DEFINICI\u00d3N DE PRECARIO<\/strong><\/b><\/p>\n<ol start=\"95\">\n<li style=\"font-weight: 400;\">Teor\u00eda cl\u00e1sica y teor\u00eda de Ihering sobre el precario<br \/>\n96. La teor\u00eda cl\u00e1sica es la que acepta nuestro C\u00f3digo Civil<br \/>\n97. Diferencia espec\u00edfica entre la teor\u00eda cl\u00e1sica y la de nuestro C\u00f3digo Civil<br \/>\n98. Cr\u00edtica a la teor\u00eda de nuestro C\u00f3digo Civil<br \/>\n99. Consecuencia probatoria de la diferencia espec\u00edfica entre la teor\u00eda cl\u00e1sica y la de nuestro C\u00f3digo Civil<br \/>\n100. Definici\u00f3n de precario<\/li>\n<\/ol>\n<p style=\"font-weight: 400;\"><b><strong>CAP\u00cdTULO XIX<\/strong><\/b><br \/>\n<b><strong>REQUISITOS DEL PRECARIO<\/strong><\/b><\/p>\n<ol start=\"101\">\n<li style=\"font-weight: 400;\">Enunciaci\u00f3n de los requisitos del precario<br \/>\n102. La tenencia de una cosa ajena<br \/>\n103. Ausencia de contrato previo<br \/>\n104. La ignorancia o mera tolerancia del due\u00f1o<br \/>\n105. Definiendo la mera tolerancia en el precario<br \/>\n106. \u00bfPresunci\u00f3n de mera tolerancia?<br \/>\n107. Incompatibilidad entre ignorancia y mera tolerancia<br \/>\n108. Sobre el due\u00f1o<br \/>\n109. \u00bfY el usufructuario?<\/li>\n<\/ol>\n<p style=\"font-weight: 400;\"><b><strong>CAP\u00cdTULO XX<\/strong><\/b><br \/>\n<b><strong>ANDR\u00c9S BELLO Y SU VISI\u00d3N DEL PRECARIO<\/strong><\/b><\/p>\n<ol start=\"110\">\n<li style=\"font-weight: 400;\">La t\u00e9cnica de Andr\u00e9s Bello y la naturaleza jur\u00eddica del precarista<br \/>\n111. El entramado sistema de ficciones de Andr\u00e9s Bello<\/li>\n<\/ol>\n<p style=\"font-weight: 400;\"><b><strong>CAP\u00cdTULO XXI<\/strong><\/b><br \/>\n<b><strong>LA ACCI\u00d3N DE PRECARIO<\/strong><\/b><\/p>\n<ol start=\"112\">\n<li style=\"font-weight: 400;\">La acci\u00f3n de precario y la acci\u00f3n reivindicatoria<br \/>\n113. La acci\u00f3n de precario antes de la Ley No 21.461 no exist\u00eda<br \/>\n114. La acci\u00f3n de precario seg\u00fan la Ley No 21.461<br \/>\n115. La acci\u00f3n de precario seg\u00fan la especie de sentencia que requiere<br \/>\n116. La acci\u00f3n de precario seg\u00fan el derecho cuya protecci\u00f3n persigue<br \/>\n117. La acci\u00f3n de precario seg\u00fan la naturaleza del bien a que se refiere la acci\u00f3n<br \/>\n118. Otras caracter\u00edsticas<br \/>\n119. Los requisitos de la acci\u00f3n de precario<br \/>\n120. Requisitos de existencia de la acci\u00f3n de precario<br \/>\n121. Requisitos de admisibilidad de la acci\u00f3n de precario<br \/>\n122. Requisitos de procedencia de la acci\u00f3n de precario<\/li>\n<\/ol>\n<p style=\"font-weight: 400;\"><b><strong>CAP\u00cdTULO XXI<\/strong><\/b><br \/>\n<b><strong>EL PROCEDIMIENTO DE PRECARIO<\/strong><\/b><\/p>\n<ol start=\"123\">\n<li style=\"font-weight: 400;\">Procedimiento y tribunal competente del juicio de precario antes de la Ley No 21.461<br \/>\n124. Nuevo procedimiento de precario seg\u00fan la Ley No 21.461<br \/>\n125. El procedimiento monitorio de precario<br \/>\n126. Resumen del procedimiento monitorio de precario<\/li>\n<\/ol>\n<p style=\"font-weight: 400;\"><b><strong>CAP\u00cdTULO XXIII<\/strong><\/b><br \/>\n<b><strong>ACLARANDO DUDAS SOBRE EL MONITORIO DE PRECARIO Y SOBRE EL PROCEDIMIENTO DECLARATIVO DE PRECARIO<\/strong><\/b><\/p>\n<ol start=\"127\">\n<li style=\"font-weight: 400;\">Aclarando el \u00e1mbito de aplicaci\u00f3n del monitorio de precario<br \/>\n128. Aclarando otras dudas sobre el monitorio de precario<br \/>\n129. Sobre los contratos falsificados que acompa\u00f1a el precarista<br \/>\n130. El lanzamiento<br \/>\n131. Procedimiento declarativo de precario<\/li>\n<\/ol>\n<p style=\"font-weight: 400;\"><b><strong>CAP\u00cdTULO XXIV<\/strong><\/b><br \/>\n<b><strong>EL PRECARIO EN TIEMPOS DE COVID<\/strong><\/b><\/p>\n<ol start=\"132\">\n<li style=\"font-weight: 400;\">El precarista en tiempos de covid<\/li>\n<\/ol>\n<p style=\"font-weight: 400;\"><b><strong>CAP\u00cdTULO XXV<\/strong><\/b><br \/>\n<b><strong>ASPECTOS PENALES DEL PRECARIO<\/strong><\/b><\/p>\n<ol start=\"133\">\n<li style=\"font-weight: 400;\">Sinonimia entre usurpaci\u00f3n no violenta de inmueble y precario inmobiliario<br \/>\n134. Cu\u00e1ndo se inicia un procedimiento penal por delito de usurpaci\u00f3n no violenta: \u00bfPuede, consider\u00e1ndose la sinonimia precedente, plantearse una cuesti\u00f3n prejudicial civil?<br \/>\n135. Pena, detenci\u00f3n y desalojo<\/li>\n<\/ol>\n<p style=\"font-weight: 400;\"><b><strong>CAP\u00cdTULO XVI<\/strong><\/b><br \/>\n<b><strong>ASPECTOS CIVILES Y PROCESALES NO TRATADOS EN CAP\u00cdTULOS ANTERIORES<\/strong><\/b><\/p>\n<ol start=\"136\">\n<li style=\"font-weight: 400;\">Indemnizaci\u00f3n de perjuicios en contra del precarista<br \/>\n137. Restituci\u00f3n anticipada del inmueble en contra del precarista<br \/>\n138. Acci\u00f3n reivindicatoria en contra del precarista fallido<br \/>\n139. \u00bfQu\u00e9 sucede cuando el precarista construye en suelo ajeno?<br \/>\n140. El rematado como precarista<br \/>\n141. Particularidades del usufructo como t\u00edtulo142. La asignaci\u00f3n de uso como t\u00edtulo<br \/>\n143. Un recibo de dinero como t\u00edtulo<br \/>\n144. Citaci\u00f3n de evicci\u00f3n y precario<br \/>\n145. Acci\u00f3n de precario y acci\u00f3n de demarcaci\u00f3n<br \/>\n146. Si hay comodato precario debe probarse<br \/>\n147. La posesi\u00f3n legal de la herencia como t\u00edtulo<br \/>\n148. Acci\u00f3n de petici\u00f3n de herencia y precario<br \/>\n149. D.L. No 2695 y precario<\/li>\n<\/ol>\n<p style=\"font-weight: 400;\"><b><strong>CAP\u00cdTULO XXVII<\/strong><\/b><br \/>\n<b><strong>EBOOK DE LA PRIMERA INSTANCIA DEL PROCEDIMIENTO MONITORIO DE PRECARIO<\/strong><\/b><\/p>\n<ol start=\"150\">\n<li style=\"font-weight: 400;\">Demanda monitoria de precario<br \/>\n151. Certificaci\u00f3n No 1<br \/>\n152. Prove\u00eddo de la demanda monitoria<br \/>\n153. Notificaciones<br \/>\n154. Oposici\u00f3n del demandado<br \/>\n155. Previo a proveer a la oposici\u00f3n del demandado No 1<br \/>\n156. Certificaci\u00f3n No 2<br \/>\n157. Cumple lo ordenado No 1 del demandado<br \/>\n158. Previo a proveer a la oposici\u00f3n del demandado No 2<br \/>\n159. Cumple lo ordenado No 2 del demandado<br \/>\n160. Sentencia<br \/>\n161. Lanzamiento<br \/>\n162. Demanda de precario en procedimiento sumario<\/li>\n<\/ol>\n","protected":false},"excerpt":{"rendered":"<p>Buscas un libro Jur\u00eddico.? Lo puedes encontrar en nuestra tienda virtual.<br \/>\nContamos con prestigiosos autores y muchas alternativas en sus diferentes materias al igual que grandes descuentos.! Vis\u00edtanos en <a class=\"HyRpFmCjAWIuRxNzmfOWKyciaWbRBoTwI \" tabindex=\"0\" href=\"https:\/\/lnkd.in\/eiAG7jdZ\" target=\"_blank\" rel=\"noopener\" data-test-app-aware-link=\"\">https:\/\/lnkd.in\/eiAG7jdZ<\/a><br \/>\nEscr\u00edbenos al +56930565235 \/ <a class=\"HyRpFmCjAWIuRxNzmfOWKyciaWbRBoTwI \" tabindex=\"0\" href=\"mailto:ventaslegallexglobal@gmail.com\" target=\"_self\" data-test-app-aware-link=\"\">ventaslegallexglobal@gmail.com<\/a><br \/>\nHacemos env\u00edos a todo Chile \u2013 Starken o Correos Chile \/ Te esperamos<\/p>\n","protected":false},"featured_media":2220,"comment_status":"open","ping_status":"closed","template":"","meta":{"inline_featured_image":false,"_joinchat":[]},"product_brand":[],"product_cat":[27,26],"product_tag":[],"class_list":{"0":"post-2174","1":"product","2":"type-product","3":"status-publish","4":"has-post-thumbnail","6":"product_cat-civil","7":"product_cat-derecho","9":"first","10":"instock","11":"shipping-taxable","12":"purchasable","13":"product-type-simple"},"_links":{"self":[{"href":"https:\/\/bibliotecajuridicavirtual.cl\/index.php\/wp-json\/wp\/v2\/product\/2174","targetHints":{"allow":["GET"]}}],"collection":[{"href":"https:\/\/bibliotecajuridicavirtual.cl\/index.php\/wp-json\/wp\/v2\/product"}],"about":[{"href":"https:\/\/bibliotecajuridicavirtual.cl\/index.php\/wp-json\/wp\/v2\/types\/product"}],"replies":[{"embeddable":true,"href":"https:\/\/bibliotecajuridicavirtual.cl\/index.php\/wp-json\/wp\/v2\/comments?post=2174"}],"wp:featuredmedia":[{"embeddable":true,"href":"https:\/\/bibliotecajuridicavirtual.cl\/index.php\/wp-json\/wp\/v2\/media\/2220"}],"wp:attachment":[{"href":"https:\/\/bibliotecajuridicavirtual.cl\/index.php\/wp-json\/wp\/v2\/media?parent=2174"}],"wp:term":[{"taxonomy":"product_brand","embeddable":true,"href":"https:\/\/bibliotecajuridicavirtual.cl\/index.php\/wp-json\/wp\/v2\/product_brand?post=2174"},{"taxonomy":"product_cat","embeddable":true,"href":"https:\/\/bibliotecajuridicavirtual.cl\/index.php\/wp-json\/wp\/v2\/product_cat?post=2174"},{"taxonomy":"product_tag","embeddable":true,"href":"https:\/\/bibliotecajuridicavirtual.cl\/index.php\/wp-json\/wp\/v2\/product_tag?post=2174"}],"curies":[{"name":"wp","href":"https:\/\/api.w.org\/{rel}","templated":true}]}}