{"id":2175,"date":"2026-02-28T00:59:02","date_gmt":"2026-02-28T03:59:02","guid":{"rendered":"https:\/\/bibliotecajuridicavirtual.cl\/?post_type=product&#038;p=2175"},"modified":"2026-02-28T00:59:35","modified_gmt":"2026-02-28T03:59:35","slug":"derecho-de-aridos-las-competencias-municipales-en-materia-de-extraccion-y-procesamiento-de-aridos-problemas-contemporaneos","status":"publish","type":"product","link":"https:\/\/bibliotecajuridicavirtual.cl\/index.php\/product\/derecho-de-aridos-las-competencias-municipales-en-materia-de-extraccion-y-procesamiento-de-aridos-problemas-contemporaneos\/","title":{"rendered":"Derecho de \u00c1ridos &#8211; Las Competencias Municipales en Materia de Extracci\u00f3n y Procesamiento de \u00c1ridos: Problemas Contempor\u00e1neos"},"content":{"rendered":"<p style=\"font-weight: 400;\">La industria del \u00e1rido es una actividad extractiva lucrativa y necesaria para el desarrollo de la infraestructura del pa\u00eds, pero, con un alto impacto social y medioambiental.<\/p>\n<p style=\"font-weight: 400;\">En Chile no existe un texto legal que aborde de manera general el \u00abderecho de \u00e1ridos\u00bb. En efecto, en nuestro ordenamiento jur\u00eddico cohabitan normas dispersas en distintos cuerpos legales de acuerdo con la naturaleza del suelo del que se extraen los \u00e1ridos, distingui\u00e9ndose entre, propiedad privada, o, bien nacional de uso p\u00fablico y bienes fiscales.<\/p>\n<p style=\"font-weight: 400;\">Por otro lado, y conforme a la legislaci\u00f3n vigente, la Municipalidad es el \u00f3rgano responsable de otorgar autorizaci\u00f3n de extracci\u00f3n de \u00e1ridos en el cauce de los r\u00edos y esteros, ya sea mediante concesiones o permisos. Adem\u00e1s, se encuentra facultada para dictar ordenanzas que regulen la tasa que se deber\u00e1 pagar por concepto de extracci\u00f3n de \u00e1ridos, de bienes nacionales de uso p\u00fablico o de pozos lastreros de propiedad particular. Finalmente, la entidad edilicia puede otorgar patente municipal si la actividad contempla alg\u00fan proceso de elaboraci\u00f3n y los bienes son vendidos directamente por el productor; entre otras atribuciones.<\/p>\n<p style=\"font-weight: 400;\">En este texto se realiza un an\u00e1lisis te\u00f3rico-practico de las competencias municipales en los procesos de extracci\u00f3n y procesamiento de \u00e1ridos, con el objeto de determinar cu\u00e1les son los problemas actuales en el ejercicio de aquellas atribuciones, en base a las observaciones realizadas por la Contralor\u00eda General de la Rep\u00fablica en sus informes de auditor\u00eda y la jurisprudencia judicial m\u00e1s relevante emitida en materia de derecho municipal, identificando la causa o motivo de estas dificultades, y proponiendo posibles v\u00edas de soluci\u00f3n.<\/p>\n<p style=\"font-weight: 400;\">Camilo Eduardo Manr\u00edquez Bocaz, es abogado y Mag\u00edster en Derecho P\u00fablico de la Universidad de Concepci\u00f3n, Diplomado en Planificaci\u00f3n y Estrategia en Educaci\u00f3n para Servicios Locales de Educaci\u00f3n P\u00fablica de la Universidad de Chile, y Diplomado en Derecho del Trabajo de la Universidad Andr\u00e9s Bello.<\/p>\n<p style=\"font-weight: 400;\">Cuenta con experiencia profesional como Asesor Jur\u00eddico y Abogado de Municipio y Servicios P\u00fablicos. Adem\u00e1s, participa como docente en el Diploma Nuevo Sistema de Educaci\u00f3n P\u00fablica, del \u00c1rea de Educaci\u00f3n Continua del Departamento de Administraci\u00f3n P\u00fablica y Ciencia Pol\u00edtica de la Universidad de Concepci\u00f3n.<\/p>\n<p style=\"font-weight: 400;\"><b><strong>CAP\u00cdTULO I<\/strong><\/b><br \/>\n<b><strong>MARCO JUR\u00cdDICO QUE REGULA LA EXTRACCI\u00d3N Y PROCESAMIENTO DE \u00c1RIDOS EN CHILE<\/strong><\/b><\/p>\n<ol>\n<li style=\"font-weight: 400;\">LEGISLACI\u00d3N APLICABLE SEG\u00daN LA NATURALEZA DEL SUELO EN QUE SE EXTRAE EL \u00c1RIDO.1.1. R\u00e9gimen legal aplicable a la extracci\u00f3n de \u00e1ridos desde bienes privados\n<p>1.2. R\u00e9gimen legal aplicable a la extracci\u00f3n de \u00e1ridos desde bienes nacionales<br \/>\nA. Extracci\u00f3n de \u00e1ridos desde un bien nacional de uso p\u00fablico<br \/>\nA.1. Extracci\u00f3n de \u00e1ridos fluviales<br \/>\nA.1.2. Administraci\u00f3n Municipal del cauce del r\u00edo<br \/>\nA.2. Extracci\u00f3n de \u00e1ridos lacustres y extracci\u00f3n de \u00e1ridos mar\u00edtimos<br \/>\nB. Extracci\u00f3n de \u00e1ridos desde un bien fiscal<\/li>\n<li style=\"font-weight: 400;\">COMPETENCIAS MUNICIPALES EN MATERIA DE EXTRACCI\u00d3N Y PROCESAMIENTO DE \u00c1RIDOS.2.1. La Concesi\u00f3n Municipal<br \/>\nA. Forma en que se otorga la Concesi\u00f3n Municipal<br \/>\nB. Informe T\u00e9cnico de la Direcci\u00f3n de Obras Hidr\u00e1ulicas<br \/>\nC. Resoluci\u00f3n de Calificaci\u00f3n Ambiental<\/p>\n<p>2.2. El Permiso Municipal<\/p>\n<p>2.3. Las Ordenanzas Municipales<\/p>\n<p>2.4. Patentes y Derechos Municipales<br \/>\nA. Exenci\u00f3n del pago de Patentes Municipales provisorias<br \/>\nB. Exenci\u00f3n del pago de Derechos Municipales<\/p>\n<p>2.5. Deber de fiscalizar Bienes Nacionales de Uso P\u00fablico<\/li>\n<\/ol>\n<p style=\"font-weight: 400;\"><b><strong>CAP\u00cdTULO II<\/strong><\/b><br \/>\n<b><strong>PROBLEMAS CONTEMPOR\u00c1NEOS EN EL EJERCICIO DE LAS COMPETENCIAS MUNICIPALES EN MATERIA DE EXTRACCI\u00d3N Y PROCESAMIENTO DE \u00c1RIDOS<\/strong><\/b><\/p>\n<ol>\n<li style=\"font-weight: 400;\">Problemas detectados por la Contralor\u00eda General de la Rep\u00fablica respecto del r\u00e9gimen jur\u00eddico vigente<br \/>\n2. Jurisprudencia judicial relevante en materia de extracci\u00f3n de \u00e1ridos<br \/>\n3. An\u00e1lisis y propuestas de soluci\u00f3n<br \/>\n4. Conclusi\u00f3n<\/li>\n<\/ol>\n<p style=\"font-weight: 400;\"><b><strong>ANEXO<\/strong><\/b><\/p>\n<p style=\"font-weight: 400;\">LEY N\u00b0 18.248. CODIGO DE MINERIA<br \/>\nDECRETO CON FUERZA DE LEY N\u00b0 340. SOBRE CONCESIONES MARITIMAS<br \/>\nDECRETO N\u00b0 725. CODIGO SANITARIO<br \/>\nDFL N\u00b0 458. APRUEBA NUEVA LEY GENERAL DE URBANISMO Y CONSTRUCCIONES<br \/>\nDFL N\u00b0 1.122. FIJA TEXTO DEL CODIGO DE AGUAS<br \/>\nDFL N\u00b0 850. FIJA EL TEXTO REFUNDIDO, COORDINADO Y SISTEMATIZADO DE LA LEY N\u00ba 15.840, DE 1964 Y DEL DFL. N\u00ba 206, DE 1960<br \/>\nDFL 1. FIJA EL TEXTO REFUNDIDO, COORDINADO Y SISTEMATIZADO DE LA LEY N\u00ba 18.695, ORGANICA CONSTITUCIONAL DE MUNICIPALIDADES<br \/>\nDECRETO LEY N\u00b0 1.939. NORMAS SOBRE ADQUISICION, ADMINISTRACION Y DISPOSICION DE BIENES DEL ESTADO<br \/>\nDECRETO N\u00b0 2.385. FIJA TEXTO REFUNDIDO Y SISTEMATIZADO DEL DECRETO LEY NUM. 3.063, DE 1979, SOBRE RENTAS MUNICIPALES<br \/>\nDECRETO N\u00b0 40. APRUEBA REGLAMENTO DEL SISTEMA DE EVALUACI\u00d3N DE IMPACTO AMBIENTAL<br \/>\nLEY N\u00b0 11.402. DISPONE QUE LAS OBRAS DE DEFENSA Y REGULARIZACION DE LAS RIBERAS Y CAUCES DE LOS RIOS, LAGUNAS Y ESTEROS QUE SE REALICEN CON PARTICIPACION FISCAL, SOLAMENTE PODRAN SER EJECUTADAS Y PROYECTADAS POR LA DIRECCION DE OBRAS SANITARIAS DEL MINISTERIO DE OBRAS PUBLICAS<br \/>\nLEY N\u00b0 18.097. LEY ORGANICA CONSTITUCIONAL SOBRE CONCESIONES MINERAS<br \/>\nLEY N\u00b0 19.300. APRUEBA LEY SOBRE BASES GENERALES DEL MEDIO AMBIENTE<\/p>\n","protected":false},"excerpt":{"rendered":"<p>Camilo Eduardo Manr\u00edquez Bocaz \/ Marzo a\u00f1o 2025 * 793 P\u00e1ginas &#8211; Empastado<br \/>\nBuscas un libro Jur\u00eddico.? Lo puedes encontrar en nuestra tienda virtual.<br \/>\nContamos con prestigiosos autores y muchas alternativas en sus diferentes materias al igual que grandes descuentos.! Vis\u00edtanos en <a class=\"CrCGXEFrSeQMLGjdFHyODrzPbntGyfKQyPBYE \" tabindex=\"0\" href=\"https:\/\/lnkd.in\/eiAG7jdZ\" target=\"_blank\" rel=\"noopener\" data-test-app-aware-link=\"\">https:\/\/lnkd.in\/eiAG7jdZ<\/a><br \/>\nEscr\u00edbenos al +56930565235 \/ <a class=\"CrCGXEFrSeQMLGjdFHyODrzPbntGyfKQyPBYE \" tabindex=\"0\" href=\"mailto:ventaslegallexglobal@gmail.com\" target=\"_self\" data-test-app-aware-link=\"\">ventaslegallexglobal@gmail.com<\/a><br \/>\nHacemos env\u00edos a todo Chile \u2013 Starken o Correos Chile \/ Te esperamos<\/p>\n","protected":false},"featured_media":2221,"comment_status":"open","ping_status":"closed","template":"","meta":{"inline_featured_image":false,"_joinchat":[]},"product_brand":[],"product_cat":[27,26],"product_tag":[],"class_list":{"0":"post-2175","1":"product","2":"type-product","3":"status-publish","4":"has-post-thumbnail","6":"product_cat-civil","7":"product_cat-derecho","9":"first","10":"instock","11":"shipping-taxable","12":"purchasable","13":"product-type-simple"},"_links":{"self":[{"href":"https:\/\/bibliotecajuridicavirtual.cl\/index.php\/wp-json\/wp\/v2\/product\/2175","targetHints":{"allow":["GET"]}}],"collection":[{"href":"https:\/\/bibliotecajuridicavirtual.cl\/index.php\/wp-json\/wp\/v2\/product"}],"about":[{"href":"https:\/\/bibliotecajuridicavirtual.cl\/index.php\/wp-json\/wp\/v2\/types\/product"}],"replies":[{"embeddable":true,"href":"https:\/\/bibliotecajuridicavirtual.cl\/index.php\/wp-json\/wp\/v2\/comments?post=2175"}],"wp:featuredmedia":[{"embeddable":true,"href":"https:\/\/bibliotecajuridicavirtual.cl\/index.php\/wp-json\/wp\/v2\/media\/2221"}],"wp:attachment":[{"href":"https:\/\/bibliotecajuridicavirtual.cl\/index.php\/wp-json\/wp\/v2\/media?parent=2175"}],"wp:term":[{"taxonomy":"product_brand","embeddable":true,"href":"https:\/\/bibliotecajuridicavirtual.cl\/index.php\/wp-json\/wp\/v2\/product_brand?post=2175"},{"taxonomy":"product_cat","embeddable":true,"href":"https:\/\/bibliotecajuridicavirtual.cl\/index.php\/wp-json\/wp\/v2\/product_cat?post=2175"},{"taxonomy":"product_tag","embeddable":true,"href":"https:\/\/bibliotecajuridicavirtual.cl\/index.php\/wp-json\/wp\/v2\/product_tag?post=2175"}],"curies":[{"name":"wp","href":"https:\/\/api.w.org\/{rel}","templated":true}]}}