{"id":2177,"date":"2026-02-28T00:59:03","date_gmt":"2026-02-28T03:59:03","guid":{"rendered":"https:\/\/bibliotecajuridicavirtual.cl\/?post_type=product&#038;p=2177"},"modified":"2026-02-28T00:59:36","modified_gmt":"2026-02-28T03:59:36","slug":"doctrina-y-jurisprudencia-penal-n52-actualizacion-legislativa-penal-analisis-de-las-ultimas-reformas-2022-2023","status":"publish","type":"product","link":"https:\/\/bibliotecajuridicavirtual.cl\/index.php\/product\/doctrina-y-jurisprudencia-penal-n52-actualizacion-legislativa-penal-analisis-de-las-ultimas-reformas-2022-2023\/","title":{"rendered":"Doctrina y Jurisprudencia Penal N\u00b052, Actualizaci\u00f3n Legislativa Penal, An\u00e1lisis de las \u00faltimas Reformas 2022 \u2013 2023"},"content":{"rendered":"<p>La revista Doctrina y Jurisprudencia Penal es una revista trimestral preparada por el departamento de derecho penal de la Universidad de los Andes con la colaboraci\u00f3n de destacados acad\u00e9micos del \u00e1rea, que forman parte de su comit\u00e9 editorial.<br \/>\nEste texto aborda temas de inter\u00e9s penal y procesal penal desde una perspectiva pr\u00e1ctica. Se divide en tres secciones, una dedicada a la publicaci\u00f3n de estudios originales sobre problemas que repercuten en nuestra realidad jur\u00eddica, otra integrada por comentarios de sentencias, que se sistematizar\u00e1n seg\u00fan su origen: juzgados de garant\u00eda: tribunales orales en lo penal; corte de apelaciones y corte suprema y, finalmente, una que agrupa una serie de sentencias clasificadas y sistematizadas por tema.<br \/>\nLa aspiraci\u00f3n de esta publicaci\u00f3n, y de toda la colecci\u00f3n que seguir\u00e1, es apartarse de la miscel\u00e1nea doctrinaria y jurisprudencial desarrollado temas espec\u00edficos de la parte especial y general del derecho penal. De este modo, su aparici\u00f3n es ser un aporte trimestral efectivo al trabajo de los estudiosos del derecho, pero muy especialmente a los operadores que lidian cotidianamente con estas cuestiones en nuestros tribunales de justicia.<br \/>\nEste n\u00famero es una edici\u00f3n especial que contempla solo estudios pr\u00e1cticos referidos a las principales modificaciones<br \/>\nintroducidas al derecho penal chileno durante los a\u00f1os 2022 y 2023. En ellos se abordan esas transformaciones y se<br \/>\nreflexiona cr\u00edticamente sobre los eventuales problemas pr\u00e1cticos a los que dar\u00e1n lugar. Esta edici\u00f3n se presenta bajo el alero<br \/>\nde la Comisi\u00f3n Penal del Colegio de Abogados de Chile, preocupada por actualizar y explicar las principales reformas penales.<br \/>\nPresentaci\u00f3n al ciclo de charlas de la Comisi\u00f3n Penal del Colegio de Abogados. Las principales modificaciones a<br \/>\nla normativa penal y procesal penal de los a\u00f1os 2022-2023.<br \/>\nPresentation to the cycle of lectures of the Criminal Comission of the Bar Association. The main changes to the criminal law<br \/>\nfor years 2022-2023.<br \/>\nMar\u00eda Cecilia Ram\u00edrez Guzm\u00e1n<br \/>\nLa Ley Tamara: or\u00edgenes, justificaci\u00f3n y necesidad<br \/>\nThe Tamara Law: origins, justification and necessity<br \/>\nMarcelo Castillo S\u00e1nchez<br \/>\nLey N\u00b0 21.523 (\u201cLey Antonia\u201d): Una revisi\u00f3n cr\u00edtica<br \/>\nLaw N\u00b0 21.523 (\u00abLey Antonia\u00bb): A critical review<br \/>\nMar\u00eda Elena Santib\u00e1\u00f1ez Torres<\/p>\n<p>Principales modificaciones a la Ley N\u00b0 20.000 que sanciona el tr\u00e1fico il\u00edcito de estupefacientes y sustancias<br \/>\nsicotr\u00f3picas<br \/>\nMain amendments to Law N\u00b0 20.000 on illicit trafficking of narcotic drugs and psychotropic substances<br \/>\nLorena Rebolledo Latorre<br \/>\nEl art\u00edculo 292 del C\u00f3digo Penal: \u00bfuna figura vetusta? Las nuevas asociaciones delictivas y criminales del C\u00f3digo Penal<br \/>\nArticle 292 of the Penal Code: outdated figure? The new delinquent and criminals associations of the Penal Code<br \/>\nTania Gajardo Orellana<br \/>\nModificaciones a la tipificaci\u00f3n penal de los apremios ileg\u00edtimos en el C\u00f3digo Penal chileno<br \/>\nAmendments to the crime concerning \u00abapremios ileg\u00edtimos\u00bb in the Chilean penal code<br \/>\nClaudia C\u00e1rdenas Aravena<br \/>\nAspectos problem\u00e1ticos de la leg\u00edtima defensa privilegiada<br \/>\nProblematic aspects of \u00ableg\u00edtima defensa privilegiada\u00bb<br \/>\nIv\u00e1n Navas Mondaca<br \/>\nAproximaci\u00f3n a la regulaci\u00f3n de los delitos ambientales en el C\u00f3digo Penal luego de la entrada en vigor de la ley de delitos econ\u00f3micos<br \/>\nOutlines on the regulation of environmental crimes in the Penal Code after the Economic Crimes Law<br \/>\nMar\u00eda Cecilia Ram\u00edrez Guzm\u00e1n<\/p>\n","protected":false},"excerpt":{"rendered":"<p>Buscas un libro Jur\u00eddico.? Lo puedes encontrar en nuestra tienda virtual.<br \/>\nContamos con prestigiosos autores y muchas alternativas en sus diferentes materias al igual que grandes descuentos.! Vis\u00edtanos en <a class=\"CrCGXEFrSeQMLGjdFHyODrzPbntGyfKQyPBYE \" tabindex=\"0\" href=\"https:\/\/lnkd.in\/eiAG7jdZ\" target=\"_blank\" rel=\"noopener\" data-test-app-aware-link=\"\">https:\/\/lnkd.in\/eiAG7jdZ<\/a><br \/>\nEscr\u00edbenos al +56930565235 \/ <a class=\"CrCGXEFrSeQMLGjdFHyODrzPbntGyfKQyPBYE \" tabindex=\"0\" href=\"mailto:ventaslegallexglobal@gmail.com\" target=\"_self\" data-test-app-aware-link=\"\">ventaslegallexglobal@gmail.com<\/a><br \/>\nHacemos env\u00edos a todo Chile \u2013 Starken o Correos Chile \/ Te esperamos<\/p>\n","protected":false},"featured_media":2223,"comment_status":"open","ping_status":"closed","template":"","meta":{"inline_featured_image":false,"_joinchat":[]},"product_brand":[],"product_cat":[26,30],"product_tag":[],"class_list":{"0":"post-2177","1":"product","2":"type-product","3":"status-publish","4":"has-post-thumbnail","6":"product_cat-derecho","7":"product_cat-penal","9":"first","10":"instock","11":"shipping-taxable","12":"purchasable","13":"product-type-simple"},"_links":{"self":[{"href":"https:\/\/bibliotecajuridicavirtual.cl\/index.php\/wp-json\/wp\/v2\/product\/2177","targetHints":{"allow":["GET"]}}],"collection":[{"href":"https:\/\/bibliotecajuridicavirtual.cl\/index.php\/wp-json\/wp\/v2\/product"}],"about":[{"href":"https:\/\/bibliotecajuridicavirtual.cl\/index.php\/wp-json\/wp\/v2\/types\/product"}],"replies":[{"embeddable":true,"href":"https:\/\/bibliotecajuridicavirtual.cl\/index.php\/wp-json\/wp\/v2\/comments?post=2177"}],"wp:featuredmedia":[{"embeddable":true,"href":"https:\/\/bibliotecajuridicavirtual.cl\/index.php\/wp-json\/wp\/v2\/media\/2223"}],"wp:attachment":[{"href":"https:\/\/bibliotecajuridicavirtual.cl\/index.php\/wp-json\/wp\/v2\/media?parent=2177"}],"wp:term":[{"taxonomy":"product_brand","embeddable":true,"href":"https:\/\/bibliotecajuridicavirtual.cl\/index.php\/wp-json\/wp\/v2\/product_brand?post=2177"},{"taxonomy":"product_cat","embeddable":true,"href":"https:\/\/bibliotecajuridicavirtual.cl\/index.php\/wp-json\/wp\/v2\/product_cat?post=2177"},{"taxonomy":"product_tag","embeddable":true,"href":"https:\/\/bibliotecajuridicavirtual.cl\/index.php\/wp-json\/wp\/v2\/product_tag?post=2177"}],"curies":[{"name":"wp","href":"https:\/\/api.w.org\/{rel}","templated":true}]}}