{"id":2178,"date":"2026-02-28T00:59:03","date_gmt":"2026-02-28T03:59:03","guid":{"rendered":"https:\/\/bibliotecajuridicavirtual.cl\/?post_type=product&#038;p=2178"},"modified":"2026-02-28T00:59:37","modified_gmt":"2026-02-28T03:59:37","slug":"oratoria-judicial-sergio-misuraca-edicion-actualizada-ano-2025-166-paginas","status":"publish","type":"product","link":"https:\/\/bibliotecajuridicavirtual.cl\/index.php\/product\/oratoria-judicial-sergio-misuraca-edicion-actualizada-ano-2025-166-paginas\/","title":{"rendered":"Oratoria Judicial * Sergio Misuraca &#8211; edici\u00f3n actualizada a\u00f1o 2025, 166 P\u00e1ginas"},"content":{"rendered":"<div class=\"col\">\n<div class=\"row mb-4 bg-white\">\n<div class=\"col\">\n<h4>Resumen<\/h4>\n<p><span id=\"book-description-full\" class=\"\">*Primera parte:* Manual de Oratoria ( definiciones conceptuales y discurso) *Segunda parte* : redacciones para la oralidad ( casos pr\u00e1cticos de redacci\u00f3n) *Tercera parte:* interrogatorios *Cuarta parte:* Lenguaje no verbal *Quinta parte:* Miedo esc\u00e9nico y gesti\u00f3n emocional *Anexo 1* Voir Dire *Anexo 2* Casos reales antecedentes para la oralidad *Anexo 3* Caso ficticio *Anexo 4* Formulario de s\u00edntesis.<\/p>\n<p><\/span><\/div>\n<\/div>\n<\/div>\n<div class=\"col-12 col-md-4\">\n<div class=\"row px-3\">\n<div class=\"col p-3 border rounded\"><\/div>\n<\/div>\n<\/div>\n","protected":false},"excerpt":{"rendered":"<p>Buscas un libro Jur\u00eddico.? Lo puedes encontrar en nuestra tienda virtual.<br \/>\nContamos con prestigiosos autores y muchas alternativas en sus diferentes materias al igual que grandes descuentos.! Vis\u00edtanos en <a class=\"FQrEAtfvSjbUKApCKOmfvUpdJrfSzUyuMTw \" tabindex=\"0\" href=\"https:\/\/lnkd.in\/eiAG7jdZ\" target=\"_blank\" rel=\"noopener\" data-test-app-aware-link=\"\">https:\/\/lnkd.in\/eiAG7jdZ<\/a><br \/>\nEscr\u00edbenos al +56930565235 \/ <a class=\"FQrEAtfvSjbUKApCKOmfvUpdJrfSzUyuMTw \" tabindex=\"0\" href=\"mailto:ventaslegallexglobal@gmail.com\" target=\"_self\" data-test-app-aware-link=\"\">ventaslegallexglobal@gmail.com<\/a><br \/>\nHacemos env\u00edos a todo Chile \u2013 Starken o Correos Chile \/ Te esperamos<\/p>\n","protected":false},"featured_media":2224,"comment_status":"open","ping_status":"closed","template":"","meta":{"inline_featured_image":false,"_joinchat":[]},"product_brand":[],"product_cat":[27,26,44],"product_tag":[],"class_list":{"0":"post-2178","1":"product","2":"type-product","3":"status-publish","4":"has-post-thumbnail","6":"product_cat-civil","7":"product_cat-derecho","8":"product_cat-filosofia-del-derecho-y-introduccion","10":"first","11":"instock","12":"shipping-taxable","13":"purchasable","14":"product-type-simple"},"_links":{"self":[{"href":"https:\/\/bibliotecajuridicavirtual.cl\/index.php\/wp-json\/wp\/v2\/product\/2178","targetHints":{"allow":["GET"]}}],"collection":[{"href":"https:\/\/bibliotecajuridicavirtual.cl\/index.php\/wp-json\/wp\/v2\/product"}],"about":[{"href":"https:\/\/bibliotecajuridicavirtual.cl\/index.php\/wp-json\/wp\/v2\/types\/product"}],"replies":[{"embeddable":true,"href":"https:\/\/bibliotecajuridicavirtual.cl\/index.php\/wp-json\/wp\/v2\/comments?post=2178"}],"wp:featuredmedia":[{"embeddable":true,"href":"https:\/\/bibliotecajuridicavirtual.cl\/index.php\/wp-json\/wp\/v2\/media\/2224"}],"wp:attachment":[{"href":"https:\/\/bibliotecajuridicavirtual.cl\/index.php\/wp-json\/wp\/v2\/media?parent=2178"}],"wp:term":[{"taxonomy":"product_brand","embeddable":true,"href":"https:\/\/bibliotecajuridicavirtual.cl\/index.php\/wp-json\/wp\/v2\/product_brand?post=2178"},{"taxonomy":"product_cat","embeddable":true,"href":"https:\/\/bibliotecajuridicavirtual.cl\/index.php\/wp-json\/wp\/v2\/product_cat?post=2178"},{"taxonomy":"product_tag","embeddable":true,"href":"https:\/\/bibliotecajuridicavirtual.cl\/index.php\/wp-json\/wp\/v2\/product_tag?post=2178"}],"curies":[{"name":"wp","href":"https:\/\/api.w.org\/{rel}","templated":true}]}}