{"id":2196,"date":"2026-02-28T00:59:24","date_gmt":"2026-02-28T03:59:24","guid":{"rendered":"https:\/\/bibliotecajuridicavirtual.cl\/?post_type=product&#038;p=2196"},"modified":"2026-02-28T00:59:38","modified_gmt":"2026-02-28T03:59:38","slug":"los-principios-de-la-contratacion-publica-gabriel-celis-danzinger-abril-ano-2025-420-paginas","status":"publish","type":"product","link":"https:\/\/bibliotecajuridicavirtual.cl\/index.php\/product\/los-principios-de-la-contratacion-publica-gabriel-celis-danzinger-abril-ano-2025-420-paginas\/","title":{"rendered":"Los Principios de la Contrataci\u00f3n P\u00fablica * Gabriel Celis Danzinger &#8211; Abril a\u00f1o 2025, 420 P\u00e1ginas"},"content":{"rendered":"<p>El objeto de esta monograf\u00eda es doble: desde una perspectiva cient\u00edfica, consiste en determinar\u00a0los principios jur\u00eddicos aplicables a la formaci\u00f3n e interpretaci\u00f3n de los contratos administrativos\u00a0en el ordenamiento jur\u00eddico chileno, tanto en su fase preparatoria como de suscripci\u00f3n\u00a0y ejecuci\u00f3n, intentando llenar un vac\u00edo de nuestra literatura. Desde una perspectiva\u00a0profesional, permite dotar a los operadores jur\u00eddicos de un cat\u00e1logo de principios aplicables\u00a0a la preparaci\u00f3n de los contratos p\u00fablicos, como a la resoluci\u00f3n de controversias jurisdiccionales\u00a0y reclamaciones administrativas relacionadas con dichas materias.<br \/>\nEl primer cap\u00edtulo, aborda los principios jur\u00eddicos y su incidencia en la contrataci\u00f3n p\u00fablica. El\u00a0segundo, los principios que rigen el contrato administrativo en su fase preparatoria. El tercero,\u00a0analiza los principios aplicables a la interpretaci\u00f3n del contrato administrativo en su fase de\u00a0ejecuci\u00f3n, finalizando con un cuarto cap\u00edtulo sobre los criterios de resoluci\u00f3n de los conflictos\u00a0entre principios de interpretaci\u00f3n de los contratos administrativos.<\/p>\n<p>Presentaci\u00f3n&#8230;&#8230;&#8230;&#8230;&#8230;&#8230;&#8230;&#8230;&#8230;&#8230;&#8230;&#8230;&#8230;&#8230;&#8230;&#8230;&#8230;&#8230;&#8230;&#8230;&#8230;&#8230;&#8230;&#8230;&#8230;&#8230;&#8230;&#8230;.15<br \/>\nIntroducci\u00f3n&#8230;&#8230;&#8230;&#8230;&#8230;&#8230;&#8230;&#8230;&#8230;&#8230;&#8230;&#8230;&#8230;&#8230;&#8230;&#8230;&#8230;&#8230;&#8230;&#8230;&#8230;&#8230;&#8230;&#8230;&#8230;&#8230;&#8230;&#8230;.19<br \/>\nCap\u00edtulo I.<br \/>\nLos principios jur\u00eddicos y su incidencia en la contrataci\u00f3n p\u00fablica&#8230;&#8230;..29<br \/>\n1. Introducci\u00f3n&#8230;&#8230;&#8230;&#8230;&#8230;&#8230;&#8230;&#8230;&#8230;&#8230;&#8230;&#8230;&#8230;&#8230;&#8230;&#8230;&#8230;&#8230;&#8230;&#8230;&#8230;&#8230;&#8230;&#8230;&#8230;.29<br \/>\n2. Los principios jur\u00eddicos&#8230;&#8230;&#8230;&#8230;&#8230;&#8230;&#8230;&#8230;&#8230;&#8230;&#8230;&#8230;&#8230;&#8230;&#8230;&#8230;&#8230;&#8230;&#8230;&#8230;.31<br \/>\n2.1. Noci\u00f3n de principios jur\u00eddicos&#8230;&#8230;&#8230;&#8230;&#8230;&#8230;&#8230;&#8230;&#8230;&#8230;&#8230;&#8230;&#8230;&#8230;&#8230;.31<br \/>\n2.2. Nuestra tesis: los principios como fuentes del Derecho<br \/>\nque pueden asumir una naturaleza normativa e incluso<br \/>\ntener un origen metajur\u00eddico&#8230;&#8230;&#8230;&#8230;&#8230;&#8230;&#8230;&#8230;&#8230;&#8230;&#8230;&#8230;&#8230;&#8230;&#8230;&#8230;..40<br \/>\n3. Distinci\u00f3n entre contrataci\u00f3n estatal, p\u00fablica y administrativa&#8230;&#8230;.43<br \/>\n4. Noci\u00f3n de contratos administrativos&#8230;&#8230;&#8230;&#8230;&#8230;&#8230;&#8230;&#8230;&#8230;&#8230;&#8230;&#8230;&#8230;&#8230;..44<br \/>\n5. Los principios jur\u00eddicos en la contrataci\u00f3n estatal&#8230;&#8230;&#8230;&#8230;&#8230;&#8230;&#8230;&#8230;.45<br \/>\n5.1. Los principios expl\u00edcitos de la contrataci\u00f3n estatal&#8230;&#8230;&#8230;&#8230;&#8230;&#8230;60<br \/>\n5.2. Los principios impl\u00edcitos de la contrataci\u00f3n estatal&#8230;&#8230;&#8230;&#8230;&#8230;..62<br \/>\n6. La positivizaci\u00f3n de los principios de la contrataci\u00f3n estatal<br \/>\nen el Derecho comparado&#8230;&#8230;&#8230;&#8230;&#8230;&#8230;&#8230;&#8230;&#8230;&#8230;&#8230;&#8230;&#8230;&#8230;&#8230;&#8230;&#8230;&#8230;&#8230;&#8230;67<br \/>\n6.1. La positivizaci\u00f3n de principios de la contrataci\u00f3n estatal<br \/>\nen las directivas de la Uni\u00f3n Europea&#8230;&#8230;&#8230;&#8230;&#8230;&#8230;&#8230;&#8230;&#8230;&#8230;&#8230;&#8230;.68<br \/>\n6.2. La positivizaci\u00f3n de principios de la contrataci\u00f3n estatal<br \/>\nen el Derecho comparado&#8230;&#8230;&#8230;&#8230;&#8230;&#8230;&#8230;&#8230;&#8230;&#8230;&#8230;&#8230;&#8230;&#8230;&#8230;&#8230;&#8230;&#8230;..71<br \/>\n7. La positivizaci\u00f3n de principios de la contrataci\u00f3n estatal en Chile&#8230;76<br \/>\n7.1. La ausencia de una positivizaci\u00f3n de principios de la<br \/>\ncontrataci\u00f3n estatal a nivel constitucional&#8230;&#8230;&#8230;&#8230;&#8230;&#8230;&#8230;&#8230;&#8230;&#8230;.76<br \/>\n7.2. La positivizaci\u00f3n de principios de la contrataci\u00f3n estatal<br \/>\na nivel convencional internacional&#8230;&#8230;&#8230;&#8230;&#8230;&#8230;&#8230;&#8230;&#8230;&#8230;&#8230;&#8230;&#8230;..77<br \/>\n7.3. La positivizaci\u00f3n de principios de la contrataci\u00f3n estatal<br \/>\na nivel legislativo&#8230;&#8230;&#8230;&#8230;&#8230;&#8230;&#8230;&#8230;&#8230;&#8230;&#8230;&#8230;&#8230;&#8230;&#8230;&#8230;&#8230;&#8230;&#8230;&#8230;&#8230;..82<\/p>\n<p>8. Las funciones de los principios de la contrataci\u00f3n administrativa&#8230;.89<br \/>\n8.1. Funci\u00f3n fundamentadora de los principios&#8230;&#8230;&#8230;&#8230;&#8230;&#8230;&#8230;&#8230;&#8230;.90<br \/>\n8.2. Funci\u00f3n interpretativa de los principios&#8230;&#8230;&#8230;&#8230;&#8230;&#8230;&#8230;&#8230;&#8230;&#8230;..92<br \/>\n8.3. Funci\u00f3n integradora de los principios&#8230;&#8230;&#8230;&#8230;&#8230;&#8230;&#8230;&#8230;&#8230;&#8230;&#8230;..97<br \/>\n8.4. Funci\u00f3n de resoluci\u00f3n de conflictos normativos&#8230;&#8230;&#8230;&#8230;&#8230;&#8230;..100<br \/>\n8.5. Funci\u00f3n atenuadora de las potestades exorbitantes&#8230;&#8230;&#8230;&#8230;&#8230;.101<br \/>\n9. El efecto de transversalidad de los principios de la contrataci\u00f3n<br \/>\nadministrativa&#8230;&#8230;&#8230;&#8230;&#8230;&#8230;&#8230;&#8230;&#8230;&#8230;&#8230;&#8230;&#8230;&#8230;&#8230;&#8230;&#8230;&#8230;&#8230;&#8230;&#8230;&#8230;&#8230;..102<br \/>\n10. El efecto de universalidad de los principios de la contrataci\u00f3n<br \/>\nadministrativa&#8230;&#8230;&#8230;&#8230;&#8230;&#8230;&#8230;&#8230;&#8230;&#8230;&#8230;&#8230;&#8230;&#8230;&#8230;&#8230;&#8230;&#8230;&#8230;&#8230;&#8230;&#8230;&#8230;..105<br \/>\n11. Clasificaci\u00f3n de los principios de la contrataci\u00f3n estatal&#8230;&#8230;&#8230;&#8230;.108<br \/>\nCap\u00edtulo II.<br \/>\nLos principios que rigen el contrato administrativo en su fase<br \/>\npreparatoria&#8230;&#8230;&#8230;&#8230;&#8230;&#8230;&#8230;&#8230;&#8230;&#8230;&#8230;&#8230;&#8230;&#8230;&#8230;&#8230;&#8230;&#8230;&#8230;&#8230;&#8230;&#8230;&#8230;&#8230;&#8230;&#8230;..111<br \/>\n1. Introducci\u00f3n&#8230;&#8230;&#8230;&#8230;&#8230;&#8230;&#8230;&#8230;&#8230;&#8230;&#8230;&#8230;&#8230;&#8230;&#8230;&#8230;&#8230;&#8230;&#8230;&#8230;&#8230;&#8230;&#8230;&#8230;.111<br \/>\n2. Los principios jur\u00eddicos de la contrataci\u00f3n estatal&#8230;&#8230;&#8230;&#8230;&#8230;&#8230;&#8230;..112<br \/>\n3. Determinaci\u00f3n de los principios aplicables al contrato<br \/>\nadministrativo en la doctrina chilena&#8230;&#8230;&#8230;&#8230;&#8230;&#8230;&#8230;&#8230;&#8230;&#8230;&#8230;&#8230;&#8230;.113<br \/>\n4. Determinaci\u00f3n de los principios jur\u00eddicos aplicables al contrato<br \/>\nadministrativo en su fase preparatoria o formativa&#8230;&#8230;&#8230;&#8230;&#8230;&#8230;&#8230;119<br \/>\n4.1. Principios generales del Derecho P\u00fablico&#8230;&#8230;&#8230;&#8230;&#8230;&#8230;&#8230;&#8230;&#8230;&#8230;121<br \/>\n5.2. Principios espec\u00edficos o propios de la contrataci\u00f3n<br \/>\nadministrativa&#8230;&#8230;&#8230;&#8230;&#8230;&#8230;&#8230;&#8230;&#8230;&#8230;&#8230;&#8230;&#8230;&#8230;&#8230;&#8230;&#8230;&#8230;&#8230;&#8230;&#8230;&#8230;190<br \/>\nCap\u00edtulo III.<br \/>\nPrincipios aplicables a la interpretaci\u00f3n del contrato administrativo<br \/>\nen su fase de ejecuci\u00f3n&#8230;&#8230;&#8230;&#8230;&#8230;&#8230;&#8230;&#8230;&#8230;&#8230;&#8230;&#8230;&#8230;&#8230;&#8230;&#8230;&#8230;&#8230;&#8230;&#8230;&#8230;&#8230;.223<br \/>\n1. Introducci\u00f3n&#8230;&#8230;&#8230;&#8230;&#8230;&#8230;&#8230;&#8230;&#8230;&#8230;&#8230;&#8230;&#8230;&#8230;&#8230;&#8230;&#8230;&#8230;&#8230;&#8230;&#8230;&#8230;&#8230;&#8230;..223<br \/>\n2. Principios aplicables a la interpretaci\u00f3n del contrato<br \/>\nadministrativo en su fase de ejecuci\u00f3n&#8230;&#8230;&#8230;&#8230;&#8230;&#8230;&#8230;&#8230;&#8230;&#8230;&#8230;&#8230;&#8230;230<br \/>\n2.2. Principios generales del Derecho determinados&#8230;&#8230;&#8230;&#8230;&#8230;&#8230;&#8230;.231<br \/>\n3. Principios de Derecho P\u00fablico&#8230;&#8230;&#8230;&#8230;&#8230;&#8230;&#8230;&#8230;&#8230;&#8230;&#8230;&#8230;&#8230;&#8230;&#8230;&#8230;&#8230;254<br \/>\n4. Principios provenientes del Derecho Privado&#8230;&#8230;&#8230;&#8230;&#8230;&#8230;&#8230;&#8230;&#8230;&#8230;..294<\/p>\n<p>4.1. La aplicaci\u00f3n supletoria del Derecho Civil al Derecho<br \/>\nAdministrativo&#8230;&#8230;&#8230;&#8230;&#8230;&#8230;&#8230;&#8230;&#8230;&#8230;&#8230;&#8230;&#8230;&#8230;&#8230;&#8230;&#8230;&#8230;&#8230;&#8230;&#8230;&#8230;295<br \/>\n4.2. Aplicaci\u00f3n de los principios jur\u00eddicos de Derecho Privado<br \/>\na la contrataci\u00f3n estatal&#8230;&#8230;&#8230;&#8230;&#8230;&#8230;&#8230;&#8230;&#8230;&#8230;&#8230;&#8230;&#8230;&#8230;&#8230;&#8230;&#8230;&#8230;313<br \/>\n4.3. Nuestra tesis sobre la supletoriedad de los principios de<br \/>\ninterpretaci\u00f3n de los contratos del C\u00f3digo Civil respecto de los<br \/>\ncontratos administrativos&#8230;&#8230;&#8230;&#8230;&#8230;&#8230;&#8230;&#8230;&#8230;&#8230;&#8230;&#8230;&#8230;&#8230;&#8230;&#8230;&#8230;.318<br \/>\n5. Determinaci\u00f3n de los principios provenientes del Derecho<br \/>\nPrivado aplicables a los contratos administrativos&#8230;&#8230;&#8230;&#8230;&#8230;&#8230;&#8230;..335<br \/>\nCap\u00edtulo IV.<br \/>\nCriterios de resoluci\u00f3n de los conflictos entre principios de<br \/>\ninterpretaci\u00f3n de los contratos administrativos&#8230;&#8230;&#8230;&#8230;&#8230;&#8230;&#8230;&#8230;&#8230;&#8230;&#8230;.351<br \/>\n1. Introducci\u00f3n&#8230;&#8230;&#8230;&#8230;&#8230;&#8230;&#8230;&#8230;&#8230;&#8230;&#8230;&#8230;&#8230;&#8230;&#8230;&#8230;&#8230;&#8230;&#8230;&#8230;&#8230;&#8230;&#8230;&#8230;..351<br \/>\n2. Conflictos entre principios de interpretaci\u00f3n del contrato<br \/>\nadministrativo: nuestra propuesta&#8230;&#8230;&#8230;&#8230;&#8230;&#8230;&#8230;&#8230;&#8230;&#8230;&#8230;&#8230;&#8230;&#8230;..352<br \/>\n2.1. Procede recurrir primero al principio de la armonizaci\u00f3n&#8230;&#8230;..353<br \/>\n2.2. Criterios de resoluci\u00f3n aplicables en caso no resultar<br \/>\nposible la armonizaci\u00f3n entre principios jur\u00eddicos&#8230;&#8230;&#8230;&#8230;&#8230;&#8230;..354<br \/>\nBibliograf\u00eda&#8230;&#8230;&#8230;&#8230;&#8230;&#8230;&#8230;&#8230;&#8230;&#8230;&#8230;&#8230;&#8230;&#8230;&#8230;&#8230;&#8230;&#8230;&#8230;&#8230;&#8230;&#8230;&#8230;&#8230;&#8230;&#8230;&#8230;&#8230;373<\/p>\n","protected":false},"excerpt":{"rendered":"<p>Buscas un libro Jur\u00eddico.? Lo puedes encontrar en nuestra tienda virtual.<br \/>\nContamos con prestigiosos autores y muchas alternativas en sus diferentes materias al igual que grandes descuentos.! Vis\u00edtanos en <a class=\"eETATgYTipaVsmrBChiBJJvFsdPhNpulhPZUVLHLo \" tabindex=\"0\" href=\"https:\/\/lnkd.in\/eiAG7jdZ\" target=\"_blank\" rel=\"noopener\" data-test-app-aware-link=\"\">https:\/\/lnkd.in\/eiAG7jdZ<\/a><br \/>\nEscr\u00edbenos al +56930565235 \/ <a class=\"eETATgYTipaVsmrBChiBJJvFsdPhNpulhPZUVLHLo \" tabindex=\"0\" href=\"mailto:ventaslegallexglobal@gmail.com\" target=\"_self\" data-test-app-aware-link=\"\">ventaslegallexglobal@gmail.com<\/a><br \/>\nHacemos env\u00edos a todo Chile \u2013 Starken o Correos Chile \/ Te esperamos<\/p>\n","protected":false},"featured_media":2226,"comment_status":"open","ping_status":"closed","template":"","meta":{"inline_featured_image":false,"_joinchat":[]},"product_brand":[],"product_cat":[45,27,26],"product_tag":[],"class_list":{"0":"post-2196","1":"product","2":"type-product","3":"status-publish","4":"has-post-thumbnail","6":"product_cat-administrativo","7":"product_cat-civil","8":"product_cat-derecho","10":"first","11":"instock","12":"shipping-taxable","13":"purchasable","14":"product-type-simple"},"_links":{"self":[{"href":"https:\/\/bibliotecajuridicavirtual.cl\/index.php\/wp-json\/wp\/v2\/product\/2196","targetHints":{"allow":["GET"]}}],"collection":[{"href":"https:\/\/bibliotecajuridicavirtual.cl\/index.php\/wp-json\/wp\/v2\/product"}],"about":[{"href":"https:\/\/bibliotecajuridicavirtual.cl\/index.php\/wp-json\/wp\/v2\/types\/product"}],"replies":[{"embeddable":true,"href":"https:\/\/bibliotecajuridicavirtual.cl\/index.php\/wp-json\/wp\/v2\/comments?post=2196"}],"wp:featuredmedia":[{"embeddable":true,"href":"https:\/\/bibliotecajuridicavirtual.cl\/index.php\/wp-json\/wp\/v2\/media\/2226"}],"wp:attachment":[{"href":"https:\/\/bibliotecajuridicavirtual.cl\/index.php\/wp-json\/wp\/v2\/media?parent=2196"}],"wp:term":[{"taxonomy":"product_brand","embeddable":true,"href":"https:\/\/bibliotecajuridicavirtual.cl\/index.php\/wp-json\/wp\/v2\/product_brand?post=2196"},{"taxonomy":"product_cat","embeddable":true,"href":"https:\/\/bibliotecajuridicavirtual.cl\/index.php\/wp-json\/wp\/v2\/product_cat?post=2196"},{"taxonomy":"product_tag","embeddable":true,"href":"https:\/\/bibliotecajuridicavirtual.cl\/index.php\/wp-json\/wp\/v2\/product_tag?post=2196"}],"curies":[{"name":"wp","href":"https:\/\/api.w.org\/{rel}","templated":true}]}}