{"id":2198,"date":"2026-02-28T00:59:24","date_gmt":"2026-02-28T03:59:24","guid":{"rendered":"https:\/\/bibliotecajuridicavirtual.cl\/?post_type=product&#038;p=2198"},"modified":"2026-02-28T00:59:39","modified_gmt":"2026-02-28T03:59:39","slug":"nulidad-de-derecho-publico-tributaria-y-aduanera-teoria-regimen-juridico-y-casuales-marco-antonio-pontigo-donoso-1-edicion-abril-ano-2025-366-pag","status":"publish","type":"product","link":"https:\/\/bibliotecajuridicavirtual.cl\/index.php\/product\/nulidad-de-derecho-publico-tributaria-y-aduanera-teoria-regimen-juridico-y-casuales-marco-antonio-pontigo-donoso-1-edicion-abril-ano-2025-366-pag\/","title":{"rendered":"Nulidad de Derecho P\u00fablico Tributaria y Aduanera. Teor\u00eda, R\u00e9gimen Jur\u00eddico y Casuales * Marco Antonio Pontigo Donoso &#8211; 1\u00b0 edici\u00f3n Abril a\u00f1o 2025 \/ 366 P\u00e1g."},"content":{"rendered":"<p>Estimamos que esta obra tiene la virtud de que entrega insumos, ideas, conceptos y\u00a0digresiones f\u00e1cticas y jur\u00eddicas que son aplicables a otros actos administrativos, de\u00a0cualquier clase o naturaleza que pueda emitir un ente p\u00fablico que forme parte del\u00a0sistema como \u00d3rgano de la Administraci\u00f3n del Estado.<br \/>\nPara el autor las potestades de fiscalizaci\u00f3n, control, o de polic\u00eda, son esenciales para la\u00a0protecci\u00f3n del Estado Democr\u00e1tico Constitucional, la defensa de una sociedad justa y\u00a0libre y de su sistema econ\u00f3mico, pero deben ser ejercidas en contra de todos aquellos\u00a0incumplidores, infractores o imputados siempre conforme y de acuerdo con el mandato\u00a0constitucional y legal.<br \/>\nLa Nulidad de Derecho P\u00fablico Tributaria y Aduanera tiene una funci\u00f3n depuradora\u00a0que permitir\u00e1 la expulsi\u00f3n del ordenamiento jur\u00eddico de aquellos actos impositivos,\u00a0emitidos con infracci\u00f3n a las diversas normas sustantivas y adjetivas que los regulan.<\/p>\n<p>Pr\u00f3logo&#8230;&#8230;&#8230;&#8230;&#8230;&#8230;&#8230;&#8230;&#8230;&#8230;&#8230;&#8230;&#8230;&#8230;&#8230;&#8230;&#8230;&#8230;&#8230;&#8230;&#8230;&#8230;&#8230;&#8230;&#8230;&#8230;&#8230;&#8230;&#8230;&#8230;&#8230;&#8230;&#8230; 15<br \/>\nProf. Mg. Sergio Endress G\u00f3mez<br \/>\nPresentaci\u00f3n&#8230;&#8230;&#8230;&#8230;&#8230;&#8230;&#8230;&#8230;&#8230;&#8230;&#8230;&#8230;&#8230;&#8230;&#8230;&#8230;&#8230;&#8230;&#8230;&#8230;&#8230;&#8230;&#8230;&#8230;&#8230;&#8230;&#8230;&#8230;&#8230;&#8230;. 23<br \/>\nSiglas y abreviaturas&#8230;&#8230;&#8230;&#8230;&#8230;&#8230;&#8230;&#8230;&#8230;&#8230;&#8230;&#8230;&#8230;&#8230;&#8230;&#8230;&#8230;&#8230;&#8230;&#8230;&#8230;&#8230;&#8230;&#8230;&#8230;&#8230; 27<br \/>\nCap\u00edtulo I<br \/>\nNulidad de derecho p\u00fablico<br \/>\n1. INTRODUCCI\u00d3N&#8230;&#8230;&#8230;&#8230;&#8230;&#8230;&#8230;&#8230;&#8230;&#8230;&#8230;&#8230;&#8230;&#8230;&#8230;&#8230;&#8230;&#8230;&#8230;&#8230;&#8230;&#8230;&#8230;&#8230; 29<br \/>\n2. BREVE HISTORIA DEL DESARROLLO NORMATIVO DE<br \/>\nLA NULIDAD DE DERECHO P\u00daBLICO&#8230;&#8230;&#8230;&#8230;&#8230;&#8230;&#8230;&#8230;&#8230;&#8230;&#8230;. 30<br \/>\n3. TEOR\u00cdAS SOBRE LA NULIDAD DE DERECHO P\u00daBLICO&#8230; 35<br \/>\n3.1. La teor\u00eda cl\u00e1sica: Origen y Desarrollo&#8230;&#8230;&#8230;&#8230;&#8230;&#8230;&#8230;&#8230;&#8230;&#8230;. 35<br \/>\n3.2. Las cr\u00edticas: Jorge Reyes Riveros&#8230;&#8230;&#8230;&#8230;&#8230;&#8230;&#8230;&#8230;&#8230;&#8230;&#8230;&#8230;&#8230;. 40<br \/>\n3.3. Cr\u00edtica de Pedro Pierry Arrau&#8230;&#8230;&#8230;&#8230;&#8230;&#8230;&#8230;&#8230;&#8230;&#8230;&#8230;&#8230;&#8230;&#8230;.. 43<br \/>\n4. CONCEPTO DE LA NULIDAD DE DERECHO P\u00daBLICO Y<br \/>\nSUS CARACTER\u00cdSTICAS&#8230;&#8230;&#8230;&#8230;&#8230;&#8230;&#8230;&#8230;&#8230;&#8230;&#8230;&#8230;&#8230;&#8230;&#8230;&#8230;&#8230;&#8230;&#8230;&#8230; 44<br \/>\n4.1. Concepto de Nulidad de Derecho P\u00fablico &#8230;&#8230;&#8230;&#8230;&#8230;&#8230;&#8230;. 44<br \/>\n4.2. Caracter\u00edsticas &#8230;&#8230;&#8230;&#8230;&#8230;&#8230;&#8230;&#8230;&#8230;&#8230;&#8230;&#8230;&#8230;&#8230;&#8230;&#8230;&#8230;&#8230;&#8230;&#8230;&#8230;&#8230;.. 51<br \/>\n5. CAUSALES DE LA NULIDAD DE DERECHO P\u00daBLICO&#8230;&#8230;.. 56<br \/>\n6. R\u00c9GIMEN JUR\u00cdDICO DE LA ACCI\u00d3N DE NULIDAD DE DERECHO<br \/>\nP\u00daBLICO&#8230;&#8230;&#8230;&#8230;&#8230;&#8230;&#8230;&#8230;&#8230;&#8230;&#8230;&#8230;&#8230;&#8230;&#8230;&#8230;&#8230;&#8230;&#8230;&#8230;&#8230;&#8230;&#8230;.. 58<br \/>\n7. NULIDAD Y SU RELACI\u00d3N CON EL DERECHO FUNDAMENTAL<br \/>\nA UNA BUENA ADMINISTRACI\u00d3N (TRIBUTARIA<br \/>\nY ADUANERA) &#8230;&#8230;&#8230;&#8230;&#8230;&#8230;&#8230;&#8230;&#8230;&#8230;&#8230;&#8230;&#8230;&#8230;&#8230;&#8230;&#8230;&#8230;&#8230;&#8230;&#8230;&#8230;&#8230; 59<br \/>\nCap\u00edtulo II<br \/>\nTeor\u00eda general del acto administrativo y del procedimiento<br \/>\nadministrativo<br \/>\n1. TEOR\u00cdA GENERAL SOBRE EL DEBIDO PROCESO ADMINISTRATIVO<br \/>\nTRIBUTARIO Y\/O ADUANERO&#8230;&#8230;&#8230;&#8230;&#8230;&#8230;&#8230;&#8230; 68<br \/>\n1.1. Procedimiento e Investigaci\u00f3n Racional y Justo: El Debido<br \/>\nProceso&#8230;&#8230;&#8230;&#8230;&#8230;&#8230;&#8230;&#8230;&#8230;&#8230;&#8230;&#8230;&#8230;&#8230;&#8230;&#8230;&#8230;&#8230;&#8230;&#8230;&#8230;&#8230;&#8230;&#8230;&#8230;&#8230; 68<\/p>\n<p>1.2. Elementos procesales del Debido Proceso &#8230;&#8230;&#8230;&#8230;&#8230;&#8230;&#8230;.. 72<br \/>\n1.3. El Procedimiento Administrativo: Contenido, Fases o<br \/>\nEtapas&#8230;&#8230;&#8230;&#8230;&#8230;&#8230;&#8230;&#8230;&#8230;&#8230;&#8230;&#8230;&#8230;&#8230;&#8230;&#8230;&#8230;&#8230;&#8230;&#8230;&#8230;&#8230;&#8230;&#8230;&#8230;&#8230;&#8230;. 73<br \/>\n1.4. Principios del Procedimiento Administrativo&#8230;&#8230;&#8230;&#8230;&#8230;&#8230;. 77<br \/>\n2. TEOR\u00cdA GENERAL DEL ACTO ADMINISTRATIVO TRIBUTARIO<br \/>\nY ADUANERO O ACTOS ADMINISTRATIVOS IMPOSITIVOS&#8230;&#8230;&#8230;&#8230;&#8230;&#8230;&#8230;&#8230;&#8230;&#8230;&#8230;&#8230;&#8230;&#8230;&#8230;&#8230;&#8230;&#8230;&#8230;&#8230;&#8230;&#8230;&#8230;&#8230;&#8230;&#8230;&#8230;..<br \/>\n89<br \/>\n2.1. Ideas Generales&#8230;&#8230;&#8230;&#8230;&#8230;&#8230;&#8230;&#8230;&#8230;&#8230;&#8230;&#8230;&#8230;&#8230;&#8230;&#8230;&#8230;&#8230;&#8230;&#8230;&#8230;&#8230;. 89<br \/>\n2.2. Objeto de los Actos Administrativos Impositivos&#8230;&#8230;&#8230;&#8230;.. 91<br \/>\n2.3. Concepto y Caracter\u00edsticas del Acto Administrativo Cl\u00e1sico<br \/>\ny Concepto de Acto Administrativo Impositivo o Tributario<br \/>\ny Aduanero&#8230;&#8230;&#8230;&#8230;&#8230;&#8230;&#8230;&#8230;&#8230;&#8230;&#8230;&#8230;&#8230;&#8230;&#8230;&#8230;&#8230;&#8230;&#8230;&#8230;. 92<br \/>\n2.4. Elementos o requisitos del Acto Administrativo&#8230;&#8230;&#8230;&#8230;&#8230; 95<br \/>\n2.4.1. Elementos Subjetivos&#8230;&#8230;&#8230;&#8230;&#8230;&#8230;&#8230;&#8230;&#8230;&#8230;&#8230;&#8230;&#8230;. 97<br \/>\n2.4.2. Elementos Objetivos&#8230;&#8230;&#8230;&#8230;&#8230;&#8230;&#8230;&#8230;&#8230;&#8230;&#8230;&#8230;&#8230;.. 99<br \/>\n2.4.3. Elementos causales&#8230;&#8230;&#8230;&#8230;&#8230;&#8230;&#8230;&#8230;&#8230;&#8230;&#8230;&#8230;&#8230;&#8230;. 101<br \/>\n2.4.4. Elementos formales&#8230;&#8230;&#8230;&#8230;&#8230;&#8230;&#8230;&#8230;&#8230;&#8230;&#8230;&#8230;&#8230;&#8230; 104<br \/>\n9. EFECTOS DEL ACTO ADMINISTRATIVO&#8230;&#8230;&#8230;&#8230;&#8230;&#8230;&#8230;&#8230;&#8230;&#8230;. 107<br \/>\n3.1. La presunci\u00f3n de validez &#8230;&#8230;&#8230;&#8230;&#8230;&#8230;&#8230;&#8230;&#8230;&#8230;&#8230;&#8230;&#8230;&#8230;&#8230;&#8230;&#8230; 109<br \/>\n3.2. La imperatividad u obligatoriedad&#8230;&#8230;&#8230;&#8230;&#8230;&#8230;&#8230;&#8230;&#8230;&#8230;&#8230;&#8230; 110<br \/>\n3.3. La ejecutividad&#8230;&#8230;&#8230;&#8230;&#8230;&#8230;&#8230;&#8230;&#8230;&#8230;&#8230;&#8230;&#8230;&#8230;&#8230;&#8230;&#8230;&#8230;&#8230;&#8230;&#8230;&#8230;.. 110<br \/>\n3.4. La irretroactividad&#8230;&#8230;&#8230;&#8230;&#8230;&#8230;&#8230;&#8230;&#8230;&#8230;&#8230;&#8230;&#8230;&#8230;&#8230;&#8230;&#8230;&#8230;&#8230;&#8230;.. 111<br \/>\n4. CLASIFICACI\u00d3N DE LOS ACTOS ADMINISTRATIVOS &#8230;&#8230;. 111<br \/>\n4.1. Seg\u00fan la naturaleza de la potestad ejercida:&#8230;&#8230;&#8230;&#8230;&#8230;&#8230;&#8230; 111<br \/>\n4.2. Seg\u00fan el \u00e1mbito en que producen sus efectos&#8230;&#8230;&#8230;&#8230;&#8230;&#8230;.. 112<br \/>\n4.3. Seg\u00fan el n\u00famero de administraciones requeridas para su<br \/>\ndictaci\u00f3n&#8230;&#8230;&#8230;&#8230;&#8230;&#8230;&#8230;&#8230;&#8230;&#8230;&#8230;&#8230;&#8230;&#8230;&#8230;&#8230;&#8230;&#8230;&#8230;&#8230;&#8230;&#8230;&#8230;&#8230;&#8230;&#8230;&#8230; 113<br \/>\n4.4. Seg\u00fan su funci\u00f3n dentro del procedimiento administrativo. 113<br \/>\n4.5. Seg\u00fan la fuente de su inimpugnabilidad&#8230;&#8230;&#8230;&#8230;&#8230;&#8230;&#8230;&#8230;.. 115<br \/>\n4.6. Seg\u00fan el ejercicio de poder p\u00fablico&#8230;&#8230;&#8230;&#8230;&#8230;&#8230;&#8230;&#8230;&#8230;&#8230;&#8230;. 115<br \/>\n4.7. Seg\u00fan el efecto en la esfera jur\u00eddica del particular&#8230;&#8230;&#8230;&#8230;. 115<br \/>\n4.8. Seg\u00fan la naturaleza del derecho otorgado al particular.. 116<br \/>\n4.9. Seg\u00fan la extensi\u00f3n de los efectos del acto&#8230;&#8230;&#8230;&#8230;&#8230;&#8230;&#8230;&#8230; 117<br \/>\n4.10. Seg\u00fan la incidencia en el patrimonio jur\u00eddico del destinatario<br \/>\ndel acto&#8230;&#8230;&#8230;&#8230;&#8230;&#8230;&#8230;&#8230;&#8230;&#8230;&#8230;&#8230;&#8230;&#8230;&#8230;&#8230;&#8230;&#8230;&#8230;&#8230;&#8230;&#8230;. 117<br \/>\n4.11. Seg\u00fan la forma en que cumplen sus efectos jur\u00eddicos&#8230;.. 118<br \/>\n4.12. Seg\u00fan la forma de expresi\u00f3n del acto&#8230;&#8230;&#8230;&#8230;&#8230;&#8230;&#8230;&#8230;&#8230;&#8230;. 118<br \/>\n5. NUESTROS COMENTARIOS SOBRE LOS PROCEDIMIENTOS<br \/>\nY ACTOS ADMINISTRATIVOS TRIBUTARIOS Y ADUANEROS<br \/>\nO IMPOSITIVOS&#8230;&#8230;&#8230;&#8230;&#8230;&#8230;&#8230;&#8230;&#8230;&#8230;&#8230;&#8230;&#8230;&#8230;&#8230;&#8230;&#8230;&#8230;&#8230;&#8230; 118<\/p>\n<p>6. CAUSALES DE EXTINCI\u00d3N DEL ACTO ADMINISTRATIVO<br \/>\nCL\u00c1SICO Y DEL ACTO ADMINISTRATIVO IMPOSITIVO<br \/>\nO TRIBUTARIO Y ADUANERO&#8230;&#8230;&#8230;&#8230;&#8230;&#8230;&#8230;&#8230;&#8230;&#8230;&#8230;&#8230;&#8230;&#8230;. 119<br \/>\n6.1. Causas Intr\u00ednsecas al Acto&#8230;&#8230;&#8230;&#8230;&#8230;&#8230;&#8230;&#8230;&#8230;&#8230;&#8230;&#8230;&#8230;&#8230;&#8230;&#8230;.. 121<br \/>\n6.2. Causales Extr\u00ednsecas al Acto: &#8230;&#8230;&#8230;&#8230;&#8230;&#8230;&#8230;&#8230;&#8230;&#8230;&#8230;&#8230;&#8230;&#8230;.. 122<br \/>\n6.2.1. Por Decisi\u00f3n de la Autoridad Administrativa .. 123<br \/>\n6.2.2. Por Decisi\u00f3n de \u00d3rgano Jurisdiccional&#8230;&#8230;&#8230;.. 125<br \/>\nCap\u00edtulo III<br \/>\nTeor\u00eda general sobre la nulidad de derecho p\u00fablico<br \/>\ntributaria y aduanera y su r\u00e9gimen jur\u00eddico<br \/>\n1. INTRODUCCI\u00d3N &#8230;&#8230;&#8230;&#8230;&#8230;&#8230;&#8230;&#8230;&#8230;&#8230;&#8230;&#8230;&#8230;&#8230;&#8230;&#8230;&#8230;&#8230;&#8230;&#8230;&#8230;&#8230;&#8230;.. 127<br \/>\n2. CONCEPTO DE NDPTA&#8230;&#8230;&#8230;&#8230;&#8230;&#8230;&#8230;&#8230;&#8230;&#8230;&#8230;&#8230;&#8230;&#8230;&#8230;&#8230;&#8230;&#8230;&#8230;&#8230;. 130<br \/>\n3. EFECTOS&#8230;&#8230;&#8230;&#8230;&#8230;&#8230;&#8230;&#8230;&#8230;&#8230;&#8230;&#8230;&#8230;&#8230;&#8230;&#8230;&#8230;&#8230;&#8230;&#8230;&#8230;&#8230;&#8230;&#8230;&#8230;&#8230;&#8230;&#8230;.. 130<br \/>\n4. CARACTER\u00cdSTICAS&#8230;&#8230;&#8230;&#8230;&#8230;&#8230;&#8230;&#8230;&#8230;&#8230;&#8230;&#8230;&#8230;&#8230;&#8230;&#8230;&#8230;&#8230;&#8230;&#8230;&#8230;&#8230;.. 131<br \/>\n5. FUENTE NORMATIVA&#8230;&#8230;&#8230;&#8230;&#8230;&#8230;&#8230;&#8230;&#8230;&#8230;&#8230;&#8230;&#8230;&#8230;&#8230;&#8230;&#8230;&#8230;&#8230;&#8230;&#8230; 145<br \/>\n6. PLAZOS&#8230;&#8230;&#8230;&#8230;&#8230;&#8230;&#8230;&#8230;&#8230;&#8230;&#8230;&#8230;&#8230;&#8230;&#8230;&#8230;&#8230;&#8230;&#8230;&#8230;&#8230;&#8230;&#8230;&#8230;&#8230;&#8230;&#8230;&#8230;&#8230;. 148<br \/>\n7. TRIBUNAL O AUTORIDAD COMPETENTE&#8230;&#8230;&#8230;&#8230;&#8230;&#8230;&#8230;&#8230;&#8230; 152<br \/>\n8. LEGITIMACI\u00d3N ACTIVA&#8230;&#8230;&#8230;&#8230;&#8230;&#8230;&#8230;&#8230;&#8230;&#8230;&#8230;&#8230;&#8230;&#8230;&#8230;&#8230;&#8230;&#8230;&#8230;.. 155<br \/>\n9. LA NDPTA COMO ACCI\u00d3N, EXCEPCI\u00d3N Y PROCEDIMIENTOS<br \/>\nEN LOS CUALES SE PUEDE EJERCER&#8230;&#8230;&#8230;&#8230;&#8230;&#8230; 156<br \/>\n10. CONCILIACI\u00d3N Y NDPTA&#8230;&#8230;&#8230;&#8230;&#8230;&#8230;&#8230;&#8230;&#8230;&#8230;&#8230;&#8230;&#8230;&#8230;&#8230;&#8230;&#8230;&#8230;&#8230; 158<br \/>\n11. NDPTA PARCIAL O TOTAL&#8230;&#8230;&#8230;&#8230;&#8230;&#8230;&#8230;&#8230;&#8230;&#8230;&#8230;&#8230;&#8230;&#8230;&#8230;&#8230;&#8230;&#8230;. 159<br \/>\n12. MEDIOS DE PRUEBA PARA ACREDITAR LA NDPTA&#8230;&#8230;&#8230;&#8230; 161<br \/>\n13. VICIOS, DEFECTOS E INFRACCIONES: FORMAS DE COMISI\u00d3N&#8230;&#8230;&#8230;&#8230;&#8230;&#8230;&#8230;&#8230;&#8230;&#8230;&#8230;&#8230;&#8230;&#8230;&#8230;&#8230;&#8230;&#8230;&#8230;&#8230;&#8230;&#8230;&#8230;&#8230;&#8230;&#8230;&#8230;&#8230;&#8230;..<br \/>\n164<br \/>\n14. COROLARIO: NDPTA, SU IMPORTANCIA&#8230;&#8230;&#8230;&#8230;&#8230;&#8230;&#8230;&#8230;&#8230;&#8230; 166<br \/>\nCap\u00edtulo IV<br \/>\nActos administrativos impositivos en contra los cuales<br \/>\nprocede la petici\u00f3n de declaraci\u00f3n de nulidad de derecho p\u00fablico<br \/>\ntributaria y aduanera<br \/>\n1. INTRODUCCI\u00d3N&#8230;&#8230;&#8230;&#8230;&#8230;&#8230;&#8230;&#8230;&#8230;&#8230;&#8230;&#8230;&#8230;&#8230;&#8230;&#8230;&#8230;&#8230;&#8230;&#8230;&#8230;&#8230;&#8230;&#8230; 169<br \/>\n2. ACTOS ADMINISTRATIVOS TRIBUTARIOS&#8230;&#8230;&#8230;&#8230;&#8230;&#8230;&#8230;&#8230;&#8230; 171<br \/>\n2.1. Liquidaci\u00f3n Tributaria &#8230;&#8230;&#8230;&#8230;&#8230;&#8230;&#8230;&#8230;&#8230;&#8230;&#8230;&#8230;&#8230;&#8230;&#8230;&#8230;&#8230;&#8230; 171<br \/>\n2.2. Giro&#8230;&#8230;&#8230;&#8230;&#8230;&#8230;&#8230;&#8230;&#8230;&#8230;&#8230;&#8230;&#8230;&#8230;&#8230;&#8230;&#8230;&#8230;&#8230;&#8230;&#8230;&#8230;&#8230;&#8230;&#8230;&#8230;&#8230;&#8230;.. 181<br \/>\n2.3. Tasaci\u00f3n &#8230;&#8230;&#8230;&#8230;&#8230;&#8230;&#8230;&#8230;&#8230;&#8230;&#8230;&#8230;&#8230;&#8230;&#8230;&#8230;&#8230;&#8230;&#8230;&#8230;&#8230;&#8230;&#8230;&#8230;&#8230;&#8230; 185<\/p>\n<p>2.4. Resoluci\u00f3n (Tributaria y Aduanera)&#8230;&#8230;&#8230;&#8230;&#8230;&#8230;&#8230;&#8230;&#8230;&#8230;&#8230;. 196<br \/>\n2.5. Actos Administrativos Tributarios de Tr\u00e1mite&#8230;&#8230;&#8230;&#8230;&#8230;&#8230;. 204<br \/>\n3. ACTOS ADMINISTRATIVOS ADUANEROS&#8230;&#8230;&#8230;&#8230;&#8230;&#8230;&#8230;&#8230;&#8230;.. 210<br \/>\n3.1. Introducci\u00f3n&#8230;&#8230;&#8230;&#8230;&#8230;&#8230;&#8230;&#8230;&#8230;&#8230;&#8230;&#8230;&#8230;&#8230;&#8230;&#8230;&#8230;&#8230;&#8230;&#8230;&#8230;&#8230;&#8230;.. 210<br \/>\n3.2. Cargo o Liquidaci\u00f3n Aduanera&#8230;&#8230;&#8230;&#8230;&#8230;&#8230;&#8230;&#8230;&#8230;&#8230;&#8230;&#8230;&#8230;.. 212<br \/>\n3.3. Valoraci\u00f3n o Clasificaci\u00f3n Aduanera&#8230;&#8230;&#8230;&#8230;&#8230;&#8230;&#8230;&#8230;&#8230;&#8230;.. 217<br \/>\nCap\u00edtulo V<br \/>\nCausales que fundamentan la solicitud de declaraci\u00f3n<br \/>\nde nulidad de derecho p\u00fablico tributaria y aduanera<br \/>\n1. INTRODUCCI\u00d3N&#8230;&#8230;&#8230;&#8230;&#8230;&#8230;&#8230;&#8230;&#8230;&#8230;&#8230;&#8230;&#8230;&#8230;&#8230;&#8230;&#8230;&#8230;&#8230;&#8230;&#8230;&#8230;&#8230;&#8230; 223<br \/>\n2. CAUSALES QUE FUNDAMENTAN LA SOLICITUD DE DECLARACI\u00d3N<br \/>\nDE NULIDAD DE DERECHO P\u00daBLICO TRIBUTARIA<br \/>\nY ADUANERA&#8230;&#8230;&#8230;&#8230;&#8230;&#8230;&#8230;&#8230;&#8230;&#8230;&#8230;&#8230;&#8230;&#8230;&#8230;&#8230;&#8230;&#8230;&#8230;&#8230;. 225<br \/>\n2.1. La ausencia de investidura regular del funcionario respectivo&#8230;&#8230;&#8230;&#8230;&#8230;&#8230;&#8230;&#8230;&#8230;&#8230;&#8230;&#8230;&#8230;&#8230;&#8230;&#8230;&#8230;&#8230;&#8230;&#8230;&#8230;&#8230;&#8230;&#8230;&#8230;&#8230;&#8230;<br \/>\n227<br \/>\n2.2. La incompetencia del funcionario&#8230;&#8230;&#8230;&#8230;&#8230;&#8230;&#8230;&#8230;&#8230;&#8230;&#8230;&#8230; 230<br \/>\n2.3. La inexistencia o falta de motivo legal, o una motivaci\u00f3n<br \/>\ninsuficiente, o un motivo il\u00edcito o ilegal&#8230;&#8230;&#8230;&#8230;&#8230;&#8230;&#8230;&#8230;&#8230;. 233<br \/>\n2.4. Existencia de un motivo incoordinado o incongruente,<br \/>\ncon el objeto, la causa y la finalidad del acto&#8230;&#8230;&#8230;&#8230;&#8230;&#8230;.. 249<br \/>\n2.5. El vicio de procedimiento en la generaci\u00f3n del acto&#8230;&#8230;. 251<br \/>\n2.6. El vicio de forma externa del acto&#8230;&#8230;&#8230;&#8230;&#8230;&#8230;&#8230;&#8230;&#8230;&#8230;&#8230;&#8230;. 254<br \/>\n2.7. La desviaci\u00f3n de poder&#8230;&#8230;&#8230;&#8230;&#8230;&#8230;&#8230;&#8230;&#8230;&#8230;&#8230;&#8230;&#8230;&#8230;&#8230;&#8230;&#8230;&#8230; 258<br \/>\n2.8. El vicio de ilegalidad o violaci\u00f3n de ley de fondo &#8230;&#8230;&#8230;.. 263<br \/>\n2.9. Acto administrativo impositivo de contenido imposible.. 264<br \/>\nBibliograf\u00eda&#8230;&#8230;&#8230;&#8230;&#8230;&#8230;&#8230;&#8230;&#8230;&#8230;&#8230;&#8230;&#8230;&#8230;&#8230;&#8230;&#8230;&#8230;&#8230;&#8230;&#8230;&#8230;&#8230;&#8230;&#8230;&#8230;&#8230;&#8230;&#8230;&#8230;.. 269<br \/>\nSentencias&#8230;&#8230;&#8230;&#8230;&#8230;&#8230;&#8230;&#8230;&#8230;&#8230;&#8230;&#8230;&#8230;&#8230;&#8230;&#8230;&#8230;&#8230;&#8230;&#8230;&#8230;&#8230;&#8230;&#8230;&#8230;&#8230;&#8230;&#8230;&#8230;&#8230;&#8230;. 277<br \/>\nA) Sentencias Tribunal Supremo Espa\u00f1ol&#8230;&#8230;&#8230;&#8230;&#8230;&#8230;&#8230;&#8230;&#8230;&#8230;&#8230;&#8230;&#8230; 277<br \/>\ni) Sala de lo Contencioso-Administrativo Secci\u00f3n Tercera<br \/>\nSentencia n\u00fam. 1856\/2013 (Acto administrativo de<br \/>\ncontenido imposible)&#8230;&#8230;&#8230;&#8230;&#8230;&#8230;&#8230;&#8230;&#8230;&#8230;&#8230;&#8230;&#8230;&#8230;&#8230;&#8230;&#8230;&#8230;&#8230; 277<br \/>\nii) Sala de lo Contencioso-Administrativo Secci\u00f3n Tercera<br \/>\nSentencia n\u00fam. 505\/2021&#8230;&#8230;&#8230;&#8230;&#8230;&#8230;&#8230;&#8230;&#8230;&#8230;&#8230;&#8230;&#8230;&#8230;&#8230;&#8230;.. 292<br \/>\nB) Sentencias del Tribunal Constitucional Chileno&#8230;&#8230;&#8230;&#8230;&#8230;&#8230;&#8230;.. 328<br \/>\niii) Sentencia Rol 8696-2020, 15 de septiembre de 2020.<br \/>\n(Presunci\u00f3n de legalidad acto administrativo, solo se<\/p>\n<p>reproducen dos considerandos, dada la extensi\u00f3n de la<br \/>\nsentencia) &#8230;&#8230;&#8230;&#8230;&#8230;&#8230;&#8230;&#8230;&#8230;&#8230;&#8230;&#8230;&#8230;&#8230;&#8230;&#8230;&#8230;&#8230;&#8230;&#8230;&#8230;&#8230;&#8230;&#8230;&#8230; 328<br \/>\niv) Sentencia Rol 9399-2020 del 28 de mayo de 2021, comparte<br \/>\nlos mismos argumentos transcritos que la sentencia<br \/>\nRol N.\u00ba8696-2020&#8230;&#8230;&#8230;&#8230;&#8230;&#8230;&#8230;&#8230;&#8230;&#8230;&#8230;&#8230;&#8230;&#8230;&#8230;&#8230;&#8230;&#8230;&#8230;.. 330<br \/>\nC) Sentencias Excma. Corte Suprema de Chile&#8230;&#8230;&#8230;&#8230;&#8230;&#8230;&#8230;&#8230;&#8230;&#8230; 330<br \/>\nv) Santiago, dos de diciembre de dos mil catorce. (Motivaci\u00f3n<br \/>\no Fundamentaci\u00f3n)&#8230;&#8230;&#8230;&#8230;&#8230;&#8230;&#8230;&#8230;&#8230;&#8230;&#8230;&#8230;&#8230;&#8230;&#8230;&#8230;&#8230;. 330<br \/>\nvi) Santiago, doce de marzo de dos mil diecinueve. (Debido<br \/>\nProceso, advertimos que solo transcribimos tres considerandos,<br \/>\nlos pertinentes dada la extensi\u00f3n del fallo).. 335<br \/>\nvii) Santiago, seis de agosto de dos mil veintiuno. (Desviaci\u00f3n<br \/>\nde Poder)&#8230;&#8230;&#8230;&#8230;&#8230;&#8230;&#8230;&#8230;&#8230;&#8230;&#8230;&#8230;&#8230;&#8230;&#8230;&#8230;&#8230;&#8230;&#8230;&#8230;&#8230;&#8230;&#8230;&#8230;&#8230;&#8230;&#8230;.. 337<br \/>\nviii) Santiago, seis de octubre de dos mil veintitr\u00e9s&#8230;&#8230;&#8230;&#8230;&#8230;.. 340<br \/>\nix) Santiago, diecis\u00e9is de enero de dos mil veinticinco. (Vicio<br \/>\nde desviaci\u00f3n de poder. S\u00f3lo se transcribe la parte<br \/>\npertinente&#8230;&#8230;&#8230;&#8230;&#8230;&#8230;&#8230;&#8230;&#8230;&#8230;&#8230;&#8230;&#8230;&#8230;&#8230;&#8230;&#8230;&#8230;&#8230;&#8230;&#8230;&#8230;&#8230;&#8230;&#8230;. 346<br \/>\nD) Sentencias de Corte de Apelaciones&#8230;&#8230;&#8230;&#8230;&#8230;&#8230;&#8230;&#8230;&#8230;&#8230;&#8230;&#8230;&#8230;&#8230;. 348<br \/>\nx) Valdivia, veintiocho de junio de dos mil veinticuatro.<br \/>\n(Vicio de ilegalidad o violaci\u00f3n de ley de fondo)&#8230;&#8230;&#8230;&#8230;. 348<br \/>\nxi) Santiago, cinco de julio de dos mil veinticuatro. (Vicio<br \/>\nde legalidad, transcribimos solo parte del fallo dada su<br \/>\nextensi\u00f3n)&#8230;&#8230;&#8230;&#8230;&#8230;&#8230;&#8230;&#8230;&#8230;&#8230;&#8230;&#8230;&#8230;&#8230;&#8230;&#8230;&#8230;&#8230;&#8230;&#8230;&#8230;&#8230;&#8230;&#8230;&#8230; 354<br \/>\nE) Sentencia Tribunal Tributario y Aduanero&#8230;&#8230;&#8230;&#8230;&#8230;&#8230;&#8230;&#8230;&#8230;&#8230;&#8230; 358<br \/>\nxii) Valdivia, veintisiete de febrero de dos mil veinticuatro<br \/>\n(Solo se transcribe lo pertinente, dada la extensi\u00f3n del<br \/>\nfallo)&#8230;&#8230;&#8230;&#8230;&#8230;&#8230;&#8230;&#8230;&#8230;&#8230;&#8230;&#8230;&#8230;&#8230;&#8230;&#8230;&#8230;&#8230;&#8230;&#8230;&#8230;&#8230;&#8230;&#8230;&#8230;&#8230;&#8230;&#8230; 358<\/p>\n","protected":false},"excerpt":{"rendered":"<p>Buscas un libro Jur\u00eddico.? Lo puedes encontrar en nuestra tienda virtual.<br \/>\nContamos con prestigiosos autores y muchas alternativas en sus diferentes materias al igual que grandes descuentos.! Vis\u00edtanos en <a class=\"eETATgYTipaVsmrBChiBJJvFsdPhNpulhPZUVLHLo \" tabindex=\"0\" href=\"https:\/\/lnkd.in\/eiAG7jdZ\" target=\"_blank\" rel=\"noopener\" data-test-app-aware-link=\"\">https:\/\/lnkd.in\/eiAG7jdZ<\/a><br \/>\nEscr\u00edbenos al +56930565235 \/ <a class=\"eETATgYTipaVsmrBChiBJJvFsdPhNpulhPZUVLHLo \" tabindex=\"0\" href=\"mailto:ventaslegallexglobal@gmail.com\" target=\"_self\" data-test-app-aware-link=\"\">ventaslegallexglobal@gmail.com<\/a><br \/>\nHacemos env\u00edos a todo Chile \u2013 Starken o Correos Chile \/ Te esperamos<\/p>\n","protected":false},"featured_media":2228,"comment_status":"open","ping_status":"closed","template":"","meta":{"inline_featured_image":false,"_joinchat":[]},"product_brand":[],"product_cat":[26,28],"product_tag":[],"class_list":{"0":"post-2198","1":"product","2":"type-product","3":"status-publish","4":"has-post-thumbnail","6":"product_cat-derecho","7":"product_cat-tributario","9":"first","10":"instock","11":"shipping-taxable","12":"purchasable","13":"product-type-simple"},"_links":{"self":[{"href":"https:\/\/bibliotecajuridicavirtual.cl\/index.php\/wp-json\/wp\/v2\/product\/2198","targetHints":{"allow":["GET"]}}],"collection":[{"href":"https:\/\/bibliotecajuridicavirtual.cl\/index.php\/wp-json\/wp\/v2\/product"}],"about":[{"href":"https:\/\/bibliotecajuridicavirtual.cl\/index.php\/wp-json\/wp\/v2\/types\/product"}],"replies":[{"embeddable":true,"href":"https:\/\/bibliotecajuridicavirtual.cl\/index.php\/wp-json\/wp\/v2\/comments?post=2198"}],"wp:featuredmedia":[{"embeddable":true,"href":"https:\/\/bibliotecajuridicavirtual.cl\/index.php\/wp-json\/wp\/v2\/media\/2228"}],"wp:attachment":[{"href":"https:\/\/bibliotecajuridicavirtual.cl\/index.php\/wp-json\/wp\/v2\/media?parent=2198"}],"wp:term":[{"taxonomy":"product_brand","embeddable":true,"href":"https:\/\/bibliotecajuridicavirtual.cl\/index.php\/wp-json\/wp\/v2\/product_brand?post=2198"},{"taxonomy":"product_cat","embeddable":true,"href":"https:\/\/bibliotecajuridicavirtual.cl\/index.php\/wp-json\/wp\/v2\/product_cat?post=2198"},{"taxonomy":"product_tag","embeddable":true,"href":"https:\/\/bibliotecajuridicavirtual.cl\/index.php\/wp-json\/wp\/v2\/product_tag?post=2198"}],"curies":[{"name":"wp","href":"https:\/\/api.w.org\/{rel}","templated":true}]}}