{"id":2202,"date":"2026-02-28T00:59:24","date_gmt":"2026-02-28T03:59:24","guid":{"rendered":"https:\/\/bibliotecajuridicavirtual.cl\/?post_type=product&#038;p=2202"},"modified":"2026-02-28T00:59:47","modified_gmt":"2026-02-28T03:59:47","slug":"incidentes-ordinario-especiales-y-nulidad-de-todo-lo-obrado-eric-andres-chavez-chavez-1-edicion-actualizada-ano-2025-106-pag","status":"publish","type":"product","link":"https:\/\/bibliotecajuridicavirtual.cl\/index.php\/product\/incidentes-ordinario-especiales-y-nulidad-de-todo-lo-obrado-eric-andres-chavez-chavez-1-edicion-actualizada-ano-2025-106-pag\/","title":{"rendered":"Incidentes * Ordinario, Especiales y Nulidad de todo lo Obrado &#8211; Eric Andr\u00e9s Ch\u00e1vez Ch\u00e1vez * 1\u00b0 edici\u00f3n actualizada a\u00f1o 2025 &#8211; 106 P\u00e1g."},"content":{"rendered":"<p style=\"font-weight: 400;\">Se consideran en el texto las \u00faltimas modificaciones y concordancias al C\u00f3digo de Procedimiento Civil y C\u00f3digo Org\u00e1nico de Tribunales, para estar al d\u00eda con la normativa en esta materia, que ha tenido m\u00faltiples adecuaciones.<\/p>\n<p style=\"font-weight: 400;\">Tambi\u00e9n se hace presente que como varias de estas leyes tienen vigencia diferida se han introducido en el texto actual, todo ello para darle la integridad \u00fanica al libro, en sus diferentes cap\u00edtulos.<\/p>\n<p style=\"font-weight: 400;\">El autor, adem\u00e1s, ha agregado nuevas citas y dividido la obra en nuevos cap\u00edtulos para hacer el estudio m\u00e1s r\u00e1pido, y que la consulta sea a su vez m\u00e1s eficaz para los usuarios del libro en sus quehaceres diarios.<\/p>\n<p style=\"font-weight: 400;\">Esperando que el presente texto, siga cumpliendo con el estudio de los Incidentes (Ordinario, Especial y Nulidad de todo lo obrado), en forma di\u00e1fana y \u00fatil para sus diversos usuarios.<\/p>\n<p style=\"font-weight: 400;\">\n<p style=\"font-weight: 400;\"><b><strong>1\u00aa PARTE<\/strong><\/b><b><strong>\u00a0\u00a0\u00a0\u00a0\u00a0<\/strong><\/b><br \/>\n<b><strong>INCIDENTE ORDINARIO\u00a0\u00a0\u00a0\u00a0\u00a0\u00a0\u00a0<\/strong><\/b><\/p>\n<p style=\"font-weight: 400;\"><b><strong>CAP\u00cdTULO I<\/strong><\/b><b><strong>\u00a0\u00a0<\/strong><\/b><br \/>\n<b><strong>GENERALIDADES<\/strong><\/b><b><strong>\u00a0<\/strong><\/b><\/p>\n<p style=\"font-weight: 400;\">Generalidades<br \/>\nConcepto<br \/>\nElementos<br \/>\nCaracter\u00edsticas<br \/>\nClasificaci\u00f3n<br \/>\nOportunidad para promover un incidente<br \/>\nFacultades del juez para corregir vicios del procedimiento de oficio<br \/>\nComentarios<\/p>\n<p style=\"font-weight: 400;\"><b><strong>CAP\u00cdTULO II<\/strong><\/b><br \/>\n<b><strong>TRAMITACI\u00d3N DEL INCIDENTE ORDINARIO<\/strong><\/b><\/p>\n<p style=\"font-weight: 400;\">Etapas del procedimiento incidental<\/p>\n<ol>\n<li style=\"font-weight: 400;\">Discusi\u00f3n<br \/>\n2. Prueba<br \/>\n3. Fallo del incidente<br \/>\nReiteraci\u00f3n de incidente<\/li>\n<\/ol>\n<p style=\"font-weight: 400;\"><b><strong>2\u00aa PARTE<\/strong><\/b><b><strong>\u00a0<\/strong><\/b><br \/>\n<b><strong>INCIDENTES ESPECIALES<\/strong><\/b><\/p>\n<p style=\"font-weight: 400;\"><b><strong>CAP\u00cdTULO I<\/strong><\/b><br \/>\n<b><strong>ACUMULACI\u00d3N DE AUTOS<\/strong><\/b><\/p>\n<p style=\"font-weight: 400;\">Concepto<br \/>\nCaracter\u00edsticasCasos en que procede la acumulaci\u00f3n de autos<br \/>\nRequisitos para que proceda la acumulaci\u00f3n de autos<br \/>\nRequisitos para pedir la acumulaci\u00f3n de autos<br \/>\nOportunidad o memento en que se pide acumulaci\u00f3n de autos<br \/>\nTr\u00e1mite de la acumulaci\u00f3n de autos<br \/>\nEfectos de la acumulaci\u00f3n de autos<br \/>\nAcumulaci\u00f3n en el Derecho Procesal Penal, Familia y Laboral<br \/>\nPr\u00e1ctica Forense<\/p>\n<p style=\"font-weight: 400;\"><b><strong>CAP\u00cdTULO II<\/strong><\/b><br \/>\n<b><strong>CUESTIONES DE COMPETENCIA<\/strong><\/b><\/p>\n<p style=\"font-weight: 400;\">Concepto<br \/>\nCaracter\u00edsticas<br \/>\nRequisitos para que proceda una cuesti\u00f3n de competencia<br \/>\nDeclinatoria de competencia<br \/>\nConcepto<br \/>\nCaracter\u00edsticas<br \/>\nOportunidad para oponerla<br \/>\nInhibitoria de competencia<br \/>\nConcepto<br \/>\nCaracter\u00edsticas<br \/>\nRecursos que proceden<br \/>\nEfectos del incidente de incompetencia<br \/>\nCuestiones de competencia en el Derecho Procesal Penal, Familia y Laboral<br \/>\nPr\u00e1ctica Forense<\/p>\n<p style=\"font-weight: 400;\"><b><strong>CAP\u00cdTULO III<\/strong><\/b><br \/>\n<b><strong>IMPLICANCIA Y RECUSACI\u00d3N<\/strong><\/b><b><strong>\u00a0<\/strong><\/b><\/p>\n<p style=\"font-weight: 400;\">Concepto<br \/>\nCaracter\u00edsticas<br \/>\nOportunidad en que se hacen valer las causales de implicancia y recusaci\u00f3n<br \/>\nRequisitos de la solicitud de implicancia o recusaci\u00f3n<br \/>\nTribunal ante el cual se hace valer<br \/>\nTr\u00e1mite de la solicitud<br \/>\nEfectos de la sentencia<br \/>\nSituaciones Especiales<br \/>\n1. Abandono del incidente de implicancia o recusaci\u00f3n<br \/>\n2. Recusaci\u00f3n amistosa<br \/>\n3. Regla Especial<br \/>\n4. Renuncia t\u00e1cita de la recusaci\u00f3n<br \/>\nRecursos contra la resoluci\u00f3n que se dicta en el incidente de implicancia y recusaci\u00f3n<br \/>\nImplicancia en el Derecho Procesal Penal, Familia y Laboral<br \/>\nPr\u00e1ctica Forense<\/p>\n<p style=\"font-weight: 400;\"><b><strong>CAP\u00cdTULO IV<\/strong><\/b><br \/>\n<b><strong>PRIVILEGIO DE POBREZA\u00a0\u00a0<\/strong><\/b><\/p>\n<p style=\"font-weight: 400;\">Concepto<br \/>\nCaracter\u00edsticas<br \/>\nClasificaci\u00f3n<br \/>\nTribunal competente para conocer del incidente<br \/>\nTramitaci\u00f3n<br \/>\nActitudes del contendor<br \/>\nEfectos de la sentencia interlocutoria que recae en el incidente.\u00a0\u00a0\u00a0\u00a0\u00a0\u00a0\u00a0\u00a0\u00a045<br \/>\nPrivilegio de Pobreza en el Derecho Procesal Penal, Familia y Laboral<br \/>\nPr\u00e1ctica Forense<\/p>\n<p style=\"font-weight: 400;\"><b><strong>CAP\u00cdTULO V<\/strong><\/b><br \/>\n<b><strong>LAS COSTAS\u00a0<\/strong><\/b><\/p>\n<p style=\"font-weight: 400;\">Concepto<br \/>\nCaracter\u00edsticas<br \/>\nClasificaci\u00f3n de las costas<br \/>\n\u00bfC\u00f3mo se aval\u00faan las costas?<br \/>\nCondenaci\u00f3n en costas<br \/>\nExcepci\u00f3n a la condenaci\u00f3n en costas<br \/>\nTramitaci\u00f3n de la tasaci\u00f3n de las costas<br \/>\n\u00bfQui\u00e9n responde de las costas?<br \/>\nLas Costas en el Derecho Procesal Penal, Familia y Laboral<br \/>\nPr\u00e1ctica Forense<\/p>\n<p style=\"font-weight: 400;\"><b><strong>CAP\u00cdTULO VI<\/strong><\/b><br \/>\n<b><strong>DESISTIMIENTO DE LA DEMANDA<\/strong><\/b><\/p>\n<p style=\"font-weight: 400;\">Concepto<br \/>\nCaracter\u00edsticas<br \/>\nOportunidad para desistirse<br \/>\nTramitaci\u00f3n<br \/>\nEfectos de la sentencia que acepta el desistimiento<br \/>\nDesistimiento de la demanda en el Derecho Procesal Penal, Familia y Laboral<br \/>\nPr\u00e1ctica Forense<\/p>\n<p style=\"font-weight: 400;\"><b><strong>CAP\u00cdTULO VII<\/strong><\/b><br \/>\n<b><strong>ABANDONO DEL PROCEDIMIENTO<\/strong><\/b><\/p>\n<p style=\"font-weight: 400;\">Generalidades<br \/>\nCaracter\u00edsticas<br \/>\nRequisitos para que opere<br \/>\n1. Solamente est\u00e1 establecido o puede hacerlo valer el demandado<br \/>\n2. Todas las partes que figuren en el juicio cesen en su prosecuci\u00f3n durante seis meses<br \/>\n3. Que no se haya dictado sentencia definitiva ejecutoriada en la causa<br \/>\nOportunidad para hacer valer el abandono<br \/>\nRenuncia del abandono<br \/>\nJuicios en que no procede el abandono<br \/>\nComo se hace valer el abandono<br \/>\nEfectos del abandono de procedimiento<br \/>\nNaturaleza jur\u00eddica de la sentencia que declara el abandono<br \/>\nAbandono de Procedimiento en el Derecho Procesal Penal, Familia y Laboral<br \/>\nPr\u00e1ctica Forense<\/p>\n<p style=\"font-weight: 400;\"><b><strong>3\u00aa PARTE<br \/>\n<\/strong><\/b><b><strong>NULIDAD PROCESAL<\/strong><\/b><\/p>\n<p style=\"font-weight: 400;\">Generalidades<br \/>\nConcepto<br \/>\nFinalidad y fundamento de la nulidad procesal<br \/>\nCaracter\u00edsticas<br \/>\nRequisitos para ser sujeto activo de la nulidad procesal<br \/>\nPrincipios que rigen la nulidad procesal<br \/>\n1. Efecto extensivo de la nulidad procesal o de la extensi\u00f3n<br \/>\n2. Especificidad y generalidad de la nulidad procesal<br \/>\n3. Principio de la trascendencia<br \/>\n4. Principio de la convalidaci\u00f3n<br \/>\nSujeto activo de la nulidad procesal<br \/>\n1. La parte agraviada<br \/>\n2. Incidente de nulidad procesal<br \/>\n3. Incidente de nulidad por vicios que o importan nulidad de todo lo obrado y por vicios no esenciales<br \/>\n4. Incidentes originados en vicios en el curso del proceso, cualquiera que sea su efecto<br \/>\n5. Nulidad y citaci\u00f3n para o\u00edr sentencia<br \/>\n6. Nulidad de todo lo obrado derivada de la falta o irregularidad del emplazamiento<br \/>\n7. Nulidad de los actos que revisten un car\u00e1cter mixto, civil y procesal a la vez<br \/>\nRenovaci\u00f3n de los actos anulados<br \/>\nPr\u00e1ctica Forense<\/p>\n","protected":false},"excerpt":{"rendered":"<p>Buscas un libro Jur\u00eddico.? Lo puedes encontrar en nuestra tienda virtual.<br \/>\nContamos con prestigiosos autores y muchas alternativas en sus diferentes materias al igual que grandes descuentos.! Vis\u00edtanos en <a class=\"YtpVYvjPQKPamWEbBjiFdHKMQEOsrjWeSiL \" tabindex=\"0\" href=\"https:\/\/lnkd.in\/eiAG7jdZ\" target=\"_blank\" rel=\"noopener\" data-test-app-aware-link=\"\">https:\/\/lnkd.in\/eiAG7jdZ<\/a><br \/>\nEscr\u00edbenos al +56930565235 \/ <a class=\"YtpVYvjPQKPamWEbBjiFdHKMQEOsrjWeSiL \" tabindex=\"0\" href=\"mailto:ventaslegallexglobal@gmail.com\" target=\"_self\" data-test-app-aware-link=\"\">ventaslegallexglobal@gmail.com<\/a><br \/>\nHacemos env\u00edos a todo Chile \u2013 Starken o Correos Chile \/ Te esperamos<\/p>\n","protected":false},"featured_media":2253,"comment_status":"open","ping_status":"closed","template":"","meta":{"inline_featured_image":false,"_joinchat":[]},"product_brand":[],"product_cat":[26,50,39],"product_tag":[],"class_list":{"0":"post-2202","1":"product","2":"type-product","3":"status-publish","4":"has-post-thumbnail","6":"product_cat-derecho","7":"product_cat-procedimientos-civiles","8":"product_cat-procesal-civil","10":"first","11":"instock","12":"shipping-taxable","13":"purchasable","14":"product-type-simple"},"_links":{"self":[{"href":"https:\/\/bibliotecajuridicavirtual.cl\/index.php\/wp-json\/wp\/v2\/product\/2202","targetHints":{"allow":["GET"]}}],"collection":[{"href":"https:\/\/bibliotecajuridicavirtual.cl\/index.php\/wp-json\/wp\/v2\/product"}],"about":[{"href":"https:\/\/bibliotecajuridicavirtual.cl\/index.php\/wp-json\/wp\/v2\/types\/product"}],"replies":[{"embeddable":true,"href":"https:\/\/bibliotecajuridicavirtual.cl\/index.php\/wp-json\/wp\/v2\/comments?post=2202"}],"wp:featuredmedia":[{"embeddable":true,"href":"https:\/\/bibliotecajuridicavirtual.cl\/index.php\/wp-json\/wp\/v2\/media\/2253"}],"wp:attachment":[{"href":"https:\/\/bibliotecajuridicavirtual.cl\/index.php\/wp-json\/wp\/v2\/media?parent=2202"}],"wp:term":[{"taxonomy":"product_brand","embeddable":true,"href":"https:\/\/bibliotecajuridicavirtual.cl\/index.php\/wp-json\/wp\/v2\/product_brand?post=2202"},{"taxonomy":"product_cat","embeddable":true,"href":"https:\/\/bibliotecajuridicavirtual.cl\/index.php\/wp-json\/wp\/v2\/product_cat?post=2202"},{"taxonomy":"product_tag","embeddable":true,"href":"https:\/\/bibliotecajuridicavirtual.cl\/index.php\/wp-json\/wp\/v2\/product_tag?post=2202"}],"curies":[{"name":"wp","href":"https:\/\/api.w.org\/{rel}","templated":true}]}}