{"id":2203,"date":"2026-02-28T00:59:24","date_gmt":"2026-02-28T03:59:24","guid":{"rendered":"https:\/\/bibliotecajuridicavirtual.cl\/?post_type=product&#038;p=2203"},"modified":"2026-02-28T00:59:48","modified_gmt":"2026-02-28T03:59:48","slug":"el-derecho-administrativo-ante-la-jurisprudencia-vol-ii-alejandro-vergara-blanco-edicion-actualizada-ano-abril-2025-272-pag","status":"publish","type":"product","link":"https:\/\/bibliotecajuridicavirtual.cl\/index.php\/product\/el-derecho-administrativo-ante-la-jurisprudencia-vol-ii-alejandro-vergara-blanco-edicion-actualizada-ano-abril-2025-272-pag\/","title":{"rendered":"El Derecho Administrativo Ante la Jurisprudencia * Vol. II &#8211; Alejandro Vergara Blanco * edici\u00f3n actualizada a\u00f1o abril 2025 &#8211; 272 P\u00e1g."},"content":{"rendered":"<p style=\"font-weight: 400;\"><b><strong>Comentarios de sentencias y dict\u00e1menes en temas relevantes de la disciplina (2022 a 2025)<\/strong><\/b><\/p>\n<p style=\"font-weight: 400;\">Esta obra contiene una compilaci\u00f3n de treinta y ocho comentarios de jurisprudencia publicados por el autor, cada mes, durante tres a\u00f1os (desde inicios de 2022 a comienzos de 2025), sobre diversos temas relevantes de la praxis actual del Derecho administrativo.<\/p>\n<p style=\"font-weight: 400;\">El autor comenta sentencias y dict\u00e1menes relativos a fuentes del Derecho administrativo; organizaci\u00f3n administrativa; Derecho laboral administrativo, en especial los discutidos temas de empleo p\u00fablico a contrata y a honorarios; problemas actuales del procedimiento administrativo, como la dilaci\u00f3n o falta de respeto a plazos fatales, c\u00f3mputo de plazos para recurrir ante los tribunales, plazos de prescripci\u00f3n de las acciones contencioso administrativas.<\/p>\n<p style=\"font-weight: 400;\">El autor presta especial atenci\u00f3n a las materias de bienes fiscales y recursos naturales, como regularizaci\u00f3n y perfeccionamiento de derechos de aguas, acciones de amparo de aguas, servidumbres mineras y el\u00e9ctricas; al control y el contencioso administrativo. Estos y otros temas son analizados cr\u00edticamente a la luz de las decisiones jurisprudenciales por la aguda y cr\u00edtica pluma de su autor, profesor titular de Derecho administrativo de la Pontificia Universidad Cat\u00f3lica de Chile.<\/p>\n<p style=\"font-weight: 400;\">Esta obra es la continuaci\u00f3n de la anterior publicada en 2022 en esta misma casa editorial; mantiene el mismo orden de siete t\u00edtulos del volumen anterior y contiene, adem\u00e1s, referencias tem\u00e1ticas a los dem\u00e1s comentarios de ambos vol\u00famenes<\/p>\n<p style=\"font-weight: 400;\">\n<p><b><strong>T\u00cdTULO PRIMERO<\/strong><\/b><br \/>\n<b><strong>FUENTES DEL DERECHO ADMINISTRATIVO<\/strong><\/b><\/p>\n<ul>\n<li style=\"font-weight: 400;\">1. Principios jur\u00eddicos ante el Derecho administrativo<\/li>\n<\/ul>\n<p style=\"font-weight: 400;\"><b><strong>T\u00cdTULO SEGUNDO<\/strong><\/b><br \/>\n<b><strong>ORGANIZACI\u00d3N ADMINISTRATIVA<\/strong><\/b><\/p>\n<ul>\n<li style=\"font-weight: 400;\">2. Concepto de Administraci\u00f3n del Estado y transparencia<br \/>\n\u00a73. Creaci\u00f3n de facto de \u00f3rganos p\u00fablicos: El caso de los consejos de cuenca pilotos<br \/>\n\u00a74. El principio de separaci\u00f3n de poderes ante la jurisprudencia<\/li>\n<\/ul>\n<p style=\"font-weight: 400;\"><b><strong>T\u00cdTULO TERCERO<\/strong><\/b><br \/>\n<b><strong>DERECHO LABORAL ADMINISTRATIVO: FUNCI\u00d3N P\u00daBLICA<\/strong><\/b><\/p>\n<ul>\n<li style=\"font-weight: 400;\">5. Pr\u00f3rroga y t\u00e9rmino intempestivo del empleo a contrata<br \/>\n\u00a76. Funcionarios a honorarios para servicios habituales en la Administraci\u00f3n<\/li>\n<\/ul>\n<p style=\"font-weight: 400;\"><b><strong>T\u00cdTULO CUARTO<\/strong><\/b><br \/>\n<b><strong>ACTO ADMINISTRATIVO: POTESTADES Y RESPONSABILIDAD<\/strong><\/b><\/p>\n<ul>\n<li style=\"font-weight: 400;\">7. Potestad sancionadora de la Administraci\u00f3n<br \/>\n\u00a78. Responsabilidad patrimonial de la Administraci\u00f3n<br \/>\n\u00a79. Autorizaciones administrativas como requisito previo de las servidumbres mineras<\/li>\n<\/ul>\n<p style=\"font-weight: 400;\"><b><strong>T\u00cdTULO QUINTO<\/strong><\/b><br \/>\n<b><strong>PROCEDIMIENTO ADMINISTRATIVO<\/strong><\/b><\/p>\n<ul>\n<li style=\"font-weight: 400;\">10. Dilaci\u00f3n en los procedimientos administrativos<br \/>\n\u00a711. Plazo de prescripci\u00f3n de infracciones y sanciones administrativas<\/li>\n<\/ul>\n<p style=\"font-weight: 400;\"><b><strong>T\u00cdTULO SEXTO<\/strong><\/b><br \/>\n<b><strong>BIENES P\u00daBLICOS, FISCALES Y RECURSOS NATURALES<\/strong><\/b><\/p>\n<ul>\n<li style=\"font-weight: 400;\">12. Regularizaci\u00f3n de derechos consuetudinarios de aguas<br \/>\n\u00a713. El principio de la unidad de la corriente<br \/>\n\u00a714. Subsistencia de antiguos derechos de aprovechamiento de aguas<br \/>\n\u00a715. Comunidades de aguas ante la jurisprudencia<br \/>\n\u00a716. Conservaci\u00f3n ambiental y pago de cuotas en organizaciones de usuarios<br \/>\n\u00a717. Creaci\u00f3n administrativa del derecho real de servidumbre de instalaciones el\u00e9ctricas<br \/>\n\u00a718. Restituci\u00f3n administrativa de bienes fiscales<\/li>\n<\/ul>\n<p style=\"font-weight: 400;\"><b><strong>T\u00cdTULO S\u00c9PTIMO<\/strong><\/b><br \/>\n<b><strong>CONTROL Y CONTENCIOSO ADMINISTRATIVO<\/strong><\/b><\/p>\n<ul>\n<li style=\"font-weight: 400;\">19. C\u00f3mputo del plazo para el ejercicio de la acci\u00f3n jurisdiccional<br \/>\n\u00a720. Plazo de prescripci\u00f3n de las acciones contencioso-administrativas<br \/>\n\u00a721. Acci\u00f3n de amparo judicial de aguas<\/li>\n<\/ul>\n","protected":false},"excerpt":{"rendered":"<p>Buscas un libro Jur\u00eddico.? Lo puedes encontrar en nuestra tienda virtual.<br \/>\nContamos con prestigiosos autores y muchas alternativas en sus diferentes materias al igual que grandes descuentos.! Vis\u00edtanos en <a class=\"nuXDIvMbeMYWApPugutCOKmVhZzvTYUM \" tabindex=\"0\" href=\"https:\/\/lnkd.in\/eiAG7jdZ\" target=\"_blank\" rel=\"noopener\" data-test-app-aware-link=\"\">https:\/\/lnkd.in\/eiAG7jdZ<\/a><br \/>\nEscr\u00edbenos al +56930565235 \/ <a class=\"nuXDIvMbeMYWApPugutCOKmVhZzvTYUM \" tabindex=\"0\" href=\"mailto:ventaslegallexglobal@gmail.com\" target=\"_self\" data-test-app-aware-link=\"\">ventaslegallexglobal@gmail.com<\/a><br \/>\nHacemos env\u00edos a todo Chile \u2013 Starken o Correos Chile \/ Te esperamos<\/p>\n","protected":false},"featured_media":2254,"comment_status":"open","ping_status":"closed","template":"","meta":{"inline_featured_image":false,"_joinchat":[]},"product_brand":[],"product_cat":[45,26],"product_tag":[],"class_list":{"0":"post-2203","1":"product","2":"type-product","3":"status-publish","4":"has-post-thumbnail","6":"product_cat-administrativo","7":"product_cat-derecho","9":"first","10":"instock","11":"shipping-taxable","12":"purchasable","13":"product-type-simple"},"_links":{"self":[{"href":"https:\/\/bibliotecajuridicavirtual.cl\/index.php\/wp-json\/wp\/v2\/product\/2203","targetHints":{"allow":["GET"]}}],"collection":[{"href":"https:\/\/bibliotecajuridicavirtual.cl\/index.php\/wp-json\/wp\/v2\/product"}],"about":[{"href":"https:\/\/bibliotecajuridicavirtual.cl\/index.php\/wp-json\/wp\/v2\/types\/product"}],"replies":[{"embeddable":true,"href":"https:\/\/bibliotecajuridicavirtual.cl\/index.php\/wp-json\/wp\/v2\/comments?post=2203"}],"wp:featuredmedia":[{"embeddable":true,"href":"https:\/\/bibliotecajuridicavirtual.cl\/index.php\/wp-json\/wp\/v2\/media\/2254"}],"wp:attachment":[{"href":"https:\/\/bibliotecajuridicavirtual.cl\/index.php\/wp-json\/wp\/v2\/media?parent=2203"}],"wp:term":[{"taxonomy":"product_brand","embeddable":true,"href":"https:\/\/bibliotecajuridicavirtual.cl\/index.php\/wp-json\/wp\/v2\/product_brand?post=2203"},{"taxonomy":"product_cat","embeddable":true,"href":"https:\/\/bibliotecajuridicavirtual.cl\/index.php\/wp-json\/wp\/v2\/product_cat?post=2203"},{"taxonomy":"product_tag","embeddable":true,"href":"https:\/\/bibliotecajuridicavirtual.cl\/index.php\/wp-json\/wp\/v2\/product_tag?post=2203"}],"curies":[{"name":"wp","href":"https:\/\/api.w.org\/{rel}","templated":true}]}}