{"id":2205,"date":"2026-02-28T00:59:24","date_gmt":"2026-02-28T03:59:24","guid":{"rendered":"https:\/\/bibliotecajuridicavirtual.cl\/?post_type=product&#038;p=2205"},"modified":"2026-02-28T00:59:50","modified_gmt":"2026-02-28T03:59:50","slug":"analisis-de-las-principales-discusiones-del-derecho-procesal-laboral-y-la-litigacion-en-los-juicios-del-trabajo-rodrigo-azocar-simonet-tarik-lama-galvez","status":"publish","type":"product","link":"https:\/\/bibliotecajuridicavirtual.cl\/index.php\/product\/analisis-de-las-principales-discusiones-del-derecho-procesal-laboral-y-la-litigacion-en-los-juicios-del-trabajo-rodrigo-azocar-simonet-tarik-lama-galvez\/","title":{"rendered":"An\u00e1lisis de las Principales Discusiones del Derecho Procesal Laboral y la Litigaci\u00f3n en los Juicios del Trabajo * Rodrigo Az\u00f3car Simonet, Tarik Lama G\u00e1lvez"},"content":{"rendered":"<p>La contribuci\u00f3n de la profesora Mar\u00eda Eugenia Montt al mundo del derecho va m\u00e1s all\u00e1 del papel y la tinta. Como profesora, ha moldeado generaciones de juristas con un enfoque \u00fanico, infundiendo humanidad en las leyes que a menudo se perciben como fr\u00edas y desprovistas de empat\u00eda. Su habilidad para transmitir no s\u00f3lo conocimientos, sino tambi\u00e9n el esp\u00edritu de justicia, ha dejado una marca indeleble en la comunidad acad\u00e9mica.<br \/>\nA trav\u00e9s de su obra y ense\u00f1anzas, la profesora Montt sigue siendo una fuente de inspiraci\u00f3n para quienes buscan entender y fortalecer las din\u00e1micas de las relaciones laborales. Su trayectoria no se limita a una lista de logros; es un testimonio vivo de c\u00f3mo la combinaci\u00f3n de rigor y empat\u00eda puede catalizar cambios significativos en la sociedad. Cada p\u00e1gina de su vida es una lecci\u00f3n que trasciende el \u00e1mbito del Derecho, abrazando el poder transformador de la ternura y la comprensi\u00f3n.<br \/>\nEste libro es prueba de su impacto en la comunidad acad\u00e9mica nacional, en que sus amigos, disc\u00edpulos y destacados acad\u00e9micos, han querido rendir un homenaje en torno a dos materias que desarroll\u00f3 ampliamente La Litigaci\u00f3n y el Proceso Laboral.<\/p>\n<p>\u00cdndice<br \/>\nPresentaci\u00f3n \u00a0\u00a0 \u00a0\u00a0\u00a0 \u00a09<br \/>\nPablo Ruiz-Tagle Vial<br \/>\nDecano, Facultad de Derecho Universidad de Chile<br \/>\nPresentaci\u00f3n\u00a0\u00a0 \u00a0\u00a0\u00a0 \u00a013<br \/>\nDirectorio de la Sociedad Chilena de Derecho del Trabajo y de la Seguridad Social<br \/>\nPre\u00e1mbulo\u00a0\u00a0 \u00a0\u00a0\u00a0 \u00a015<br \/>\nTarik Lama G\u00e1lvez<br \/>\nRodrigo Az\u00f3car Simonet<br \/>\nEst\u00e1ndar probatorio procedimiento monitorio\u00a0\u00a0 \u00a0\u00a0\u00a0 \u00a021<br \/>\nJos\u00e9 Luis Castro Fuentes<br \/>\nCatalina Melgarejo Espina<br \/>\nFelipe Petri Moreno<br \/>\nCobranza de cotizaciones previsionales\u00a0\u00a0 \u00a0\u00a0\u00a0 \u00a039<br \/>\nHugo Cifuentes Lillo<br \/>\nLeonardo Medina Olivos<br \/>\nLa motivaci\u00f3n f\u00e1ctica de la sentencia definitiva dictada en el procedimiento monitorio y su control a trav\u00e9s del recurso de nulidad\u00a0\u00a0 \u00a0\u00a0\u00a0 \u00a069<br \/>\nRa\u00fal Fern\u00e1ndez Toledo<br \/>\nLa prueba sobre prueba: atribuciones y deberes del juez del trabajo\u00a0\u00a0 \u00a0\u00a0\u00a0 \u00a0101<br \/>\nPedro Matamala Souper<br \/>\nAlexis Moya Daza<br \/>\nLimitaciones del recurso de nulidad laboral\u00a0\u00a0 \u00a0\u00a0\u00a0 \u00a0119<br \/>\nRodolfo Caballero Mu\u00f1oz<br \/>\nAn\u00e1lisis de casos de supletoriedad en el procedimiento laboral\u00a0\u00a0 \u00a0\u00a0\u00a0 \u00a0137<br \/>\nReinardo Gajewski Molina<br \/>\nHumberto Vallejos V\u00e1squez<br \/>\nEl control de convencionalidad al efecto liberatorio del finiquito laboral\u00a0\u00a0 \u00a0\u00a0\u00a0 \u00a0169<br \/>\nDavid G\u00f3mez Palma<br \/>\nLas enfermedades profesionales de car\u00e1cter musculoesquel\u00e9ticas, de extremidades superiores. Una mirada a la legislaci\u00f3n y a los procesos judiciales\u00a0\u00a0 \u00a0\u00a0\u00a0 \u00a0193<br \/>\nSergio Barros Aroca<br \/>\n\u201cYa unificado\u201d o \u201csin dispersi\u00f3n\u201d en el control de admisibilidad del recurso de unificaci\u00f3n de jurisprudencia en Chile\u00a0\u00a0 \u00a0\u00a0\u00a0 \u00a0213<br \/>\nPatricia Fuenzalida Mart\u00ednez<br \/>\nHugo F\u00e1brega Vega<br \/>\nLa revisi\u00f3n de la adjetividad en el recurso de unificaci\u00f3n de jurisprudencia laboral (o la resistencia al poder nulo)\u00a0\u00a0 \u00a0\u00a0\u00a0 \u00a0235<br \/>\nSebasti\u00e1n Pizarro Contreras<br \/>\nCompatibilidad entre la acci\u00f3n de protecci\u00f3n y la acci\u00f3n de tutela laboral\u00a0\u00a0 \u00a0\u00a0\u00a0 \u00a0267<br \/>\nClaudio Palavecino C\u00e1ceres<br \/>\nDiscrepancias sobre el procedimiento aplicable para demandar contiendas laborales de cuant\u00eda monitoria cuando la relaci\u00f3n laboral se encuentra vigente\u00a0\u00a0 \u00a0\u00a0\u00a0 \u00a0277<br \/>\nLuc\u00eda Planet Sep\u00falveda<br \/>\nUna cuesti\u00f3n procesal: notas sobre la presunci\u00f3n de existencia de las cl\u00e1usulas del contrato de trabajo\u00a0\u00a0 \u00a0\u00a0\u00a0 \u00a0303<br \/>\nRoberto Cer\u00f3n Reyes<br \/>\nLa carga de la prueba en la calificaci\u00f3n del trabajo para plataformas digitales de servicios en Chile\u00a0\u00a0 \u00a0\u00a0\u00a0 \u00a0321<br \/>\nPamela Mart\u00ednez Mart\u00ednez<\/p>\n","protected":false},"excerpt":{"rendered":"<p>1\u00b0 edici\u00f3n a\u00f1o 2025 \/ 333 P\u00e1ginas.<\/p>\n<p>Buscas un libro Jur\u00eddico.? Lo puedes encontrar en nuestra tienda virtual.<br \/>\nContamos con prestigiosos autores y muchas alternativas en sus diferentes materias al igual que grandes descuentos.! Vis\u00edtanos en <a class=\"xXXEFAzGsltBCCjemkkaUevUsKrGJsMIeVk \" tabindex=\"0\" href=\"https:\/\/lnkd.in\/eiAG7jdZ\" target=\"_blank\" rel=\"noopener\" data-test-app-aware-link=\"\">https:\/\/lnkd.in\/eiAG7jdZ<\/a><br \/>\nEscr\u00edbenos al +56930565235 \/ <a class=\"xXXEFAzGsltBCCjemkkaUevUsKrGJsMIeVk \" tabindex=\"0\" href=\"mailto:ventaslegallexglobal@gmail.com\" target=\"_self\" data-test-app-aware-link=\"\">ventaslegallexglobal@gmail.com<\/a><br \/>\nHacemos env\u00edos a todo Chile \u2013 Starken o Correos Chile \/ Te esperamos<\/p>\n<p>&nbsp;<\/p>\n","protected":false},"featured_media":2256,"comment_status":"open","ping_status":"closed","template":"","meta":{"inline_featured_image":false,"_joinchat":[]},"product_brand":[],"product_cat":[26,41],"product_tag":[],"class_list":{"0":"post-2205","1":"product","2":"type-product","3":"status-publish","4":"has-post-thumbnail","6":"product_cat-derecho","7":"product_cat-laboral","9":"first","10":"instock","11":"shipping-taxable","12":"purchasable","13":"product-type-simple"},"_links":{"self":[{"href":"https:\/\/bibliotecajuridicavirtual.cl\/index.php\/wp-json\/wp\/v2\/product\/2205","targetHints":{"allow":["GET"]}}],"collection":[{"href":"https:\/\/bibliotecajuridicavirtual.cl\/index.php\/wp-json\/wp\/v2\/product"}],"about":[{"href":"https:\/\/bibliotecajuridicavirtual.cl\/index.php\/wp-json\/wp\/v2\/types\/product"}],"replies":[{"embeddable":true,"href":"https:\/\/bibliotecajuridicavirtual.cl\/index.php\/wp-json\/wp\/v2\/comments?post=2205"}],"wp:featuredmedia":[{"embeddable":true,"href":"https:\/\/bibliotecajuridicavirtual.cl\/index.php\/wp-json\/wp\/v2\/media\/2256"}],"wp:attachment":[{"href":"https:\/\/bibliotecajuridicavirtual.cl\/index.php\/wp-json\/wp\/v2\/media?parent=2205"}],"wp:term":[{"taxonomy":"product_brand","embeddable":true,"href":"https:\/\/bibliotecajuridicavirtual.cl\/index.php\/wp-json\/wp\/v2\/product_brand?post=2205"},{"taxonomy":"product_cat","embeddable":true,"href":"https:\/\/bibliotecajuridicavirtual.cl\/index.php\/wp-json\/wp\/v2\/product_cat?post=2205"},{"taxonomy":"product_tag","embeddable":true,"href":"https:\/\/bibliotecajuridicavirtual.cl\/index.php\/wp-json\/wp\/v2\/product_tag?post=2205"}],"curies":[{"name":"wp","href":"https:\/\/api.w.org\/{rel}","templated":true}]}}