{"id":2206,"date":"2026-02-28T00:59:24","date_gmt":"2026-02-28T03:59:24","guid":{"rendered":"https:\/\/bibliotecajuridicavirtual.cl\/?post_type=product&#038;p=2206"},"modified":"2026-02-28T00:59:51","modified_gmt":"2026-02-28T03:59:51","slug":"derecho-ambiental-chileno-parte-general-eduardo-astorga-jorquera-edicion-actualizada-mayo-2025-656-pag","status":"publish","type":"product","link":"https:\/\/bibliotecajuridicavirtual.cl\/index.php\/product\/derecho-ambiental-chileno-parte-general-eduardo-astorga-jorquera-edicion-actualizada-mayo-2025-656-pag\/","title":{"rendered":"Derecho Ambiental Chileno * Parte General &#8211;  Eduardo Astorga Jorquera, edici\u00f3n actualizada mayo 2025, 656 P\u00e1g."},"content":{"rendered":"<div><b data-olk-copy-source=\"MailCompose\">Novedades de esta edici\u00f3n:<\/b><\/div>\n<div>Ley N\u00ba20.417, a 10 a\u00f1os de su implementaci\u00f3n<\/div>\n<div>Nuevo R\u00e9gimen de Responsabilidad Penal Ambiental<\/div>\n<div>Servicio de Biodiversidad y \u00c1reas Protegida<\/div>\n<div><\/div>\n<div>Para el proceso normativo ambiental chileno, la Ley N\u00ba19.300 represent\u00f3 \u201cun<\/div>\n<div>parteaguas en la historia de nuestra legislaci\u00f3n ambiental\u201d plenamente din\u00e1mico,<\/div>\n<div>seguido de un segundo momento con la Ley N\u00ba20.417, que introdujo a nuestro<\/div>\n<div>modelo cambios significativos al Sistema de Evaluaci\u00f3n de Impacto Ambiental,<\/div>\n<div>en materia institucional y de fiscalizaci\u00f3n.<\/div>\n<div><\/div>\n<div>Esta edici\u00f3n incorpora la experiencia desarrollada en estos a\u00f1os por los Tribunales<\/div>\n<div>Ambientales, la Superintendencia de Medio Ambiente, el D.S. N\u00ba 40\/2012 del MMA,<\/div>\n<div>Reglamento del Sistema de Evaluaci\u00f3n de Impacto Ambiental y sus modificaciones,<\/div>\n<div>as\u00ed como los \u00faltimos cambios normativos, dentro de los que destacan el Servicio<\/div>\n<div>de Biodiversidad y \u00c1reas Protegidas, y el nuevo r\u00e9gimen de responsabilidad penal<\/div>\n<div>ambiental.<\/div>\n<div><\/div>\n<div>Este libro representa una propuesta de sistematizaci\u00f3n de esta experiencia, vis a<\/div>\n<div>vis la legislaci\u00f3n comparada, realizando un an\u00e1lisis dogm\u00e1tico en profundidad de<\/div>\n<div>nuestra propia normativa general y sus instrumentos de gesti\u00f3n, tanto de comando<\/div>\n<div>control como instrumentos econ\u00f3micos.<\/div>\n<div><\/div>\n<div>Del mismo modo, se pretende arribar a la identificaci\u00f3n de los exactos perfiles de<\/div>\n<div>esta disciplina jur\u00eddica, as\u00ed como con base en otros modelos, identificar sus propios<\/div>\n<div>espacios, fronteras presentes y devenir.<\/div>\n<div>Finalmente, y desde la perspectiva de la innovaci\u00f3n, se introducen ciertos temas<\/div>\n<div>emergentes, que representan universos en pleno desarrollo asociados directamente<\/div>\n<div>con el Derecho Ambiental<\/div>\n","protected":false},"excerpt":{"rendered":"<p>Buscas un libro Jur\u00eddico.? Lo puedes encontrar en nuestra tienda virtual.<br \/>\nContamos con prestigiosos autores y muchas alternativas en sus diferentes materias al igual que grandes descuentos.! Vis\u00edtanos en <a class=\"GqjnuldgdUvCJCSRxbdTfvlZjKVUskKYKWU \" tabindex=\"0\" href=\"https:\/\/lnkd.in\/eiAG7jdZ\" target=\"_blank\" rel=\"noopener\" data-test-app-aware-link=\"\">https:\/\/lnkd.in\/eiAG7jdZ<\/a><br \/>\nEscr\u00edbenos al +56930565235 \/ <a class=\"GqjnuldgdUvCJCSRxbdTfvlZjKVUskKYKWU \" tabindex=\"0\" href=\"mailto:ventaslegallexglobal@gmail.com\" target=\"_self\" data-test-app-aware-link=\"\">ventaslegallexglobal@gmail.com<\/a><br \/>\nHacemos env\u00edos a todo Chile \u2013 Starken o Correos Chile \/ Te esperamos<\/p>\n","protected":false},"featured_media":2257,"comment_status":"open","ping_status":"closed","template":"","meta":{"inline_featured_image":false,"_joinchat":[]},"product_brand":[],"product_cat":[27,26,31],"product_tag":[],"class_list":{"0":"post-2206","1":"product","2":"type-product","3":"status-publish","4":"has-post-thumbnail","6":"product_cat-civil","7":"product_cat-derecho","8":"product_cat-derecho-ambiental","10":"first","11":"instock","12":"shipping-taxable","13":"purchasable","14":"product-type-simple"},"_links":{"self":[{"href":"https:\/\/bibliotecajuridicavirtual.cl\/index.php\/wp-json\/wp\/v2\/product\/2206","targetHints":{"allow":["GET"]}}],"collection":[{"href":"https:\/\/bibliotecajuridicavirtual.cl\/index.php\/wp-json\/wp\/v2\/product"}],"about":[{"href":"https:\/\/bibliotecajuridicavirtual.cl\/index.php\/wp-json\/wp\/v2\/types\/product"}],"replies":[{"embeddable":true,"href":"https:\/\/bibliotecajuridicavirtual.cl\/index.php\/wp-json\/wp\/v2\/comments?post=2206"}],"wp:featuredmedia":[{"embeddable":true,"href":"https:\/\/bibliotecajuridicavirtual.cl\/index.php\/wp-json\/wp\/v2\/media\/2257"}],"wp:attachment":[{"href":"https:\/\/bibliotecajuridicavirtual.cl\/index.php\/wp-json\/wp\/v2\/media?parent=2206"}],"wp:term":[{"taxonomy":"product_brand","embeddable":true,"href":"https:\/\/bibliotecajuridicavirtual.cl\/index.php\/wp-json\/wp\/v2\/product_brand?post=2206"},{"taxonomy":"product_cat","embeddable":true,"href":"https:\/\/bibliotecajuridicavirtual.cl\/index.php\/wp-json\/wp\/v2\/product_cat?post=2206"},{"taxonomy":"product_tag","embeddable":true,"href":"https:\/\/bibliotecajuridicavirtual.cl\/index.php\/wp-json\/wp\/v2\/product_tag?post=2206"}],"curies":[{"name":"wp","href":"https:\/\/api.w.org\/{rel}","templated":true}]}}