{"id":2207,"date":"2026-02-28T00:59:24","date_gmt":"2026-02-28T03:59:24","guid":{"rendered":"https:\/\/bibliotecajuridicavirtual.cl\/?post_type=product&#038;p=2207"},"modified":"2026-02-28T00:59:52","modified_gmt":"2026-02-28T03:59:52","slug":"tratado-de-derecho-conyugal-tomo-ii-derecho-matrimonial-chileno-jorge-del-pico-rubio-2-edicion-670-pag","status":"publish","type":"product","link":"https:\/\/bibliotecajuridicavirtual.cl\/index.php\/product\/tratado-de-derecho-conyugal-tomo-ii-derecho-matrimonial-chileno-jorge-del-pico-rubio-2-edicion-670-pag\/","title":{"rendered":"Tratado de Derecho Conyugal tomo II * Derecho Matrimonial Chileno, Jorge del Pic\u00f3 Rubio &#8211; 2\u00b0 edici\u00f3n, 670 P\u00e1g."},"content":{"rendered":"<div data-olk-copy-source=\"MailCompose\">Al cumplirse 20 a\u00f1os desde la entrada en vigor de la Ley N\u00b0 19.947, sobre Matrimonio<\/div>\n<div>Civil, ve la luz esta segunda edici\u00f3n del Tratado de Derecho Conyugal, editado<\/div>\n<div>por primera vez en 2019, cuyo objetivo es analizar la relaci\u00f3n sexoafectiva y su<\/div>\n<div>ordenaci\u00f3n social realizada por el derecho.<\/div>\n<div><\/div>\n<div>Esta nueva versi\u00f3n, actualizada y aumentada, a diferencia de la anterior se<\/div>\n<div>materializa en dos tomos cuya sistematizaci\u00f3n es igualmente innovadora en<\/div>\n<div>el campo del derecho de familia, al tratar separadamente la fundamentaci\u00f3n<\/div>\n<div>general del derecho conyugal y el an\u00e1lisis espec\u00edfico de la legislaci\u00f3n civil sobre<\/div>\n<div>el matrimonio y el acuerdo de uni\u00f3n civil.<\/div>\n<div><\/div>\n<div>El Tomo I proporciona una completa descripci\u00f3n anal\u00edtica de los fundamentos<\/div>\n<div>multidisciplinarios del derecho conyugal, partiendo desde la consideraci\u00f3n jur\u00eddica<\/div>\n<div>de la persona en su relaci\u00f3n sexoafectiva de pareja, para luego analizar las fuentes<\/div>\n<div>materiales y sus fundamentos interdisciplinarios, profundizando en la recepci\u00f3n<\/div>\n<div>jur\u00eddica de las relaciones sexoafectivas.<\/div>\n<div><\/div>\n<div>El Tomo II est\u00e1 dedicado \u00edntegramente al derecho conyugal chileno, comprendiendo<\/div>\n<div>un an\u00e1lisis separado del derecho matrimonial y del r\u00e9gimen convivencial (AUC),<\/div>\n<div>asumidos como la recepci\u00f3n positiva legal de la relaci\u00f3n afectiva y sexual de la<\/div>\n<div>pareja en el derecho civil chileno. Contiene un detallado estudio del matrimonio<\/div>\n<div>legal, sus antecedentes hist\u00f3ricos, sus fuentes formales y materiales, los principios<\/div>\n<div>que informan sus institutos, un an\u00e1lisis integral de su dimensi\u00f3n como acto jur\u00eddico<\/div>\n<div>y como estado, y el r\u00e9gimen de su extinci\u00f3n.<\/div>\n<div><\/div>\n<div>Cabe destacar, como un aporte distintivo de la obra, el an\u00e1lisis de la normatividad<\/div>\n<div>que ordena las relaciones conyugales, considerando tanto el influjo hist\u00f3rico<\/div>\n<div>como el que a\u00fan persiste en nuestros d\u00edas de la religi\u00f3n y de la moral social<\/div>\n<div>dominante. Asimismo, la inclusi\u00f3n de cap\u00edtulos desarrollados por dos acad\u00e9micas,<\/div>\n<div>dos acad\u00e9micos y una profesional del \u00e1rea de las comunicaciones, cuyo aporte<\/div>\n<div>especializado altamente destacado enriquece ostensiblemente esta obra<\/div>\n","protected":false},"excerpt":{"rendered":"<p>Buscas un libro Jur\u00eddico.? Lo puedes encontrar en nuestra tienda virtual.<br \/>\nContamos con prestigiosos autores y muchas alternativas en sus diferentes materias al igual que grandes descuentos.! Vis\u00edtanos en <a class=\"GqjnuldgdUvCJCSRxbdTfvlZjKVUskKYKWU \" tabindex=\"0\" href=\"https:\/\/lnkd.in\/eiAG7jdZ\" target=\"_blank\" rel=\"noopener\" data-test-app-aware-link=\"\">https:\/\/lnkd.in\/eiAG7jdZ<\/a><br \/>\nEscr\u00edbenos al +56930565235 \/ <a class=\"GqjnuldgdUvCJCSRxbdTfvlZjKVUskKYKWU \" tabindex=\"0\" href=\"mailto:ventaslegallexglobal@gmail.com\" target=\"_self\" data-test-app-aware-link=\"\">ventaslegallexglobal@gmail.com<\/a><br \/>\nHacemos env\u00edos a todo Chile \u2013 Starken o Correos Chile \/ Te esperamos<\/p>\n","protected":false},"featured_media":2258,"comment_status":"open","ping_status":"closed","template":"","meta":{"inline_featured_image":false,"_joinchat":[]},"product_brand":[],"product_cat":[27,26,29],"product_tag":[],"class_list":{"0":"post-2207","1":"product","2":"type-product","3":"status-publish","4":"has-post-thumbnail","6":"product_cat-civil","7":"product_cat-derecho","8":"product_cat-familia-y-del-menor","10":"first","11":"instock","12":"shipping-taxable","13":"purchasable","14":"product-type-simple"},"_links":{"self":[{"href":"https:\/\/bibliotecajuridicavirtual.cl\/index.php\/wp-json\/wp\/v2\/product\/2207","targetHints":{"allow":["GET"]}}],"collection":[{"href":"https:\/\/bibliotecajuridicavirtual.cl\/index.php\/wp-json\/wp\/v2\/product"}],"about":[{"href":"https:\/\/bibliotecajuridicavirtual.cl\/index.php\/wp-json\/wp\/v2\/types\/product"}],"replies":[{"embeddable":true,"href":"https:\/\/bibliotecajuridicavirtual.cl\/index.php\/wp-json\/wp\/v2\/comments?post=2207"}],"wp:featuredmedia":[{"embeddable":true,"href":"https:\/\/bibliotecajuridicavirtual.cl\/index.php\/wp-json\/wp\/v2\/media\/2258"}],"wp:attachment":[{"href":"https:\/\/bibliotecajuridicavirtual.cl\/index.php\/wp-json\/wp\/v2\/media?parent=2207"}],"wp:term":[{"taxonomy":"product_brand","embeddable":true,"href":"https:\/\/bibliotecajuridicavirtual.cl\/index.php\/wp-json\/wp\/v2\/product_brand?post=2207"},{"taxonomy":"product_cat","embeddable":true,"href":"https:\/\/bibliotecajuridicavirtual.cl\/index.php\/wp-json\/wp\/v2\/product_cat?post=2207"},{"taxonomy":"product_tag","embeddable":true,"href":"https:\/\/bibliotecajuridicavirtual.cl\/index.php\/wp-json\/wp\/v2\/product_tag?post=2207"}],"curies":[{"name":"wp","href":"https:\/\/api.w.org\/{rel}","templated":true}]}}