{"id":2209,"date":"2026-02-28T00:59:24","date_gmt":"2026-02-28T03:59:24","guid":{"rendered":"https:\/\/bibliotecajuridicavirtual.cl\/?post_type=product&#038;p=2209"},"modified":"2026-02-28T00:59:53","modified_gmt":"2026-02-28T03:59:53","slug":"estudios-de-derecho-de-familia-viii-actas-de-las-octavas-jornadas-nacionales-facultad-de-derecho-universidad-de-valparaiso-muriel-sabioncello-soto","status":"publish","type":"product","link":"https:\/\/bibliotecajuridicavirtual.cl\/index.php\/product\/estudios-de-derecho-de-familia-viii-actas-de-las-octavas-jornadas-nacionales-facultad-de-derecho-universidad-de-valparaiso-muriel-sabioncello-soto\/","title":{"rendered":"Estudios de Derecho de Familia VIII, Actas de las Octavas Jornadas Nacionales Facultad de Derecho Universidad de Valpara\u00edso * Muriel Sabioncello Soto"},"content":{"rendered":"<section id=\"indice\">\n<div id=\"container\">\n<p id=\"tomoI\" class=\"IG_IndiceGeneral\">\u00cdndice<\/p>\n<p class=\"IG_CapituloCentrado\">Familias y filiaci\u00f3n<\/p>\n<p class=\"IG_1\">Influencia de las t\u00e9cnicas de reproducci\u00f3n asistida en el concepto de familia<\/p>\n<p class=\"IG_2\"><span class=\"TextoI\">Maricruz G\u00f3mez de la Torre Vargas<\/span><\/p>\n<p class=\"IG_1\">Aproximaci\u00f3n a la adopci\u00f3n abierta o contactos post adoptivos: autodeterminaci\u00f3n familiar, consentimientos y regulaci\u00f3n. Su propuesta en Chile<\/p>\n<p class=\"IG_2\"><span class=\"TextoI\">Rommy \u00c1lvarez Escudero<\/span><\/p>\n<p class=\"IG_1\">Perspectivas de la caracter\u00edstica subsidiaria de la filiaci\u00f3n por adopci\u00f3n de ni\u00f1os, ni\u00f1as y adolescentes<\/p>\n<p class=\"IG_2\"><span class=\"TextoI\">Nicol\u00e1s Ib\u00e1\u00f1ez Meza<\/span><\/p>\n<p class=\"IG_1\">El reconocimiento de hijo como t\u00edtulo de atribuci\u00f3n de la filiaci\u00f3n socioafectiva<\/p>\n<p class=\"IG_2\"><span class=\"TextoI\">Paula Catalina V\u00e1squez Rodr\u00edguez<\/span><\/p>\n<p class=\"IG_1\">Algunas reflexiones en materia de acciones de filiaci\u00f3n despu\u00e9s de la entrada en vigencia de la Ley N\u00ba 21.400<\/p>\n<p class=\"IG_2\"><span class=\"TextoI\">Mario Opazo Gonz\u00e1lez<\/span><\/p>\n<p class=\"IG_CapituloCentrado\">Obligaciones de alimentos<\/p>\n<p class=\"IG_1\">Los deberes de los proveedores financieros con relaci\u00f3n al cumplimiento de las obligaciones de alimentos: un problema de oportunidad<\/p>\n<p class=\"IG_2\"><span class=\"TextoI\">Juan Luis Goldenberg Serrano<\/span><\/p>\n<p class=\"IG_1\">A un a\u00f1o de la entrada en vigencia de las leyes que crean el Registro Nacional de Deudores de Pensiones de Alimentos y de responsabilidad parental Nudos cr\u00edticos de las reformas incorporadas a la Ley N\u00ba 14.908 sobre alimentos<\/p>\n<p class=\"IG_2\"><span class=\"TextoI\">Gabriel Mu\u00f1oz Bonacic<\/span><\/p>\n<p class=\"IG_1\">El acuerdo de pago serio y suficiente del art\u00edculo 26 de la Ley N\u00ba 14.908. An\u00e1lisis de las particularidades y tensiones en su regulaci\u00f3n<\/p>\n<p class=\"IG_2\"><span class=\"TextoI\">Marcela Acu\u00f1a San Mart\u00edn<\/span><\/p>\n<p class=\"IG_1\">Pago de deudas alimenticias con cargo a la cuenta de capitalizaci\u00f3n individual de cotizaciones obligatorias en AFP, a partir de la Ley N\u00ba 21.484<\/p>\n<p class=\"IG_2\"><span class=\"TextoI\">Daniel Bravo Silva<\/span><\/p>\n<p class=\"IG_CapituloCentrado\">Matrimonio y terminaci\u00f3n de la relaci\u00f3n matrimonial<\/p>\n<p class=\"IG_1\">La Ley de Matrimonio Civil de 2004. Breve evaluaci\u00f3n retrospectiva en su vig\u00e9simo aniversario<\/p>\n<p class=\"IG_2\"><span class=\"TextoI\">Jorge del Pic\u00f3 Rubio<\/span><\/p>\n<p class=\"IG_1\">El derecho a terminar el matrimonio de una persona con discapacidad mental e intelectual en el ordenamiento chileno. Contenido, implicancias y consecuencias<\/p>\n<p class=\"IG_2\"><span class=\"TextoI\">Mar\u00eda Isabel Rodr\u00edguez Alfaro<\/span><\/p>\n<p class=\"IG_1\">Reconsideraci\u00f3n anal\u00edtica de la funci\u00f3n del plazo como exigencia de acciones de t\u00e9rmino matrimonial<\/p>\n<p class=\"IG_2\"><span class=\"TextoI\">Bernardita Conley Garrido<\/span><\/p>\n<p class=\"IG_1\">Demanda de divorcio deducida por el curador del c\u00f3nyuge privado de raz\u00f3n<\/p>\n<p class=\"IG_2\"><span class=\"TextoI\">Gonzalo Montory Barriga<\/span><\/p>\n<p class=\"IG_CapituloCentrado\">\u00c1mbito familiar y aspectos patrimoniales<\/p>\n<p class=\"IG_1\">La responsabilidad civil por infracci\u00f3n del deber de fidelidad. A prop\u00f3sito de una reciente sentencia de la Corte Suprema<\/p>\n<p class=\"IG_2\"><span class=\"TextoI\">\u00c1lvaro Vidal Olivares<\/span><\/p>\n<p class=\"IG_1\">Una hip\u00f3tesis de partici\u00f3n de bienes conocida por el juez de familia: el caso de la liquidaci\u00f3n de la comunidad de bienes en el acuerdo de Uni\u00f3n Civil<\/p>\n<p class=\"IG_2\"><span class=\"TextoI\">Emilio Jos\u00e9 B\u00e9car Labra\u00f1a<\/span><\/p>\n<p class=\"IG_1\">Algunas cuestiones relativas a los bienes que pueden ser declarados bien familiar. Doctrina y jurisprudencia<\/p>\n<p class=\"IG_2\"><span class=\"TextoI\">Cristian Aedo Barrena<\/span><\/p>\n<p class=\"IG_CapituloCentrado\">Familia y persona<\/p>\n<p class=\"IG_1\">La vulnerabilidad como eje del derecho de familia: \u00bfun eje nuevo o uno renovado?<\/p>\n<p class=\"IG_2\"><span class=\"TextoI\">Carmen Dom\u00ednguez Hidalgo<\/span><\/p>\n<p class=\"IG_1\">Afectaci\u00f3n de los derechos de la personalidad mediante la divulgaci\u00f3n del contenido de las fichas m\u00e9dicas en contextos familiares<\/p>\n<p class=\"IG_2\"><span class=\"TextoI\">Carolina Riveros Ferrada<\/span><\/p>\n<p class=\"IG_1\">El derecho al cuidado de las personas mayores que viven en establecimientos de larga estad\u00eda: repensar el cuidado institucionalizado desde un enfoque relacional<\/p>\n<p class=\"IG_2\"><span class=\"TextoI\">Yerko Cubillos Rom\u00e1n<\/span><\/p>\n<p class=\"IG_1\">Maltrato en las personas mayores: el abuso patrimonial como acto constitutivo de violencia intrafamiliar<\/p>\n<p class=\"IG_2\"><span class=\"TextoI\">Andr\u00e9s Pablo Acu\u00f1a Bustos<\/span><\/p>\n<p class=\"IG_CapituloCentrado\">Ni\u00f1ez y adolescencia<\/p>\n<p class=\"IG_1\">Ajustes razonables frente a las desregulaciones emocionales y conductuales de ni\u00f1as, ni\u00f1os y adolescentes con neurodivergencia. Abordaje desde los principios de neurodiversidad, inclusi\u00f3n y autonom\u00eda progresiva<\/p>\n<p class=\"IG_2\"><span class=\"TextoI\">Edison Calahorrano Latorre<\/span><\/p>\n<p class=\"IG_1\">Algunas notas sobre el derecho a la participaci\u00f3n de ni\u00f1os, ni\u00f1as y adolescentes en contexto de acogimiento familiar<\/p>\n<p class=\"IG_2\"><span class=\"TextoI\">Mar\u00eda Jos\u00e9 Tapia Fraile<\/span><\/p>\n<p class=\"IG_1\">La diversidad sexual de los NNA y el principio de autonom\u00eda progresiva en la educaci\u00f3n<\/p>\n<p class=\"IG_2\"><span class=\"TextoI\">Pamela Prado L\u00f3pez<\/span><\/p>\n<p class=\"IG_1\">\u00bfLa prohibici\u00f3n de contraer matrimonio de los menores de edad va en contra de su autonom\u00eda progresiva?<\/p>\n<p class=\"IG_2\"><span class=\"TextoI\">Jimena Valenzuela del Valle<\/span><\/p>\n<p class=\"IG_1\">Influencia de la restricci\u00f3n de los derechos de las ni\u00f1as y adolescentes para efectos de la autorizaci\u00f3n de salida del pa\u00eds<\/p>\n<p class=\"IG_2\"><span class=\"TextoI\">Alexis Mondaca Miranda<\/span><\/p>\n<p class=\"IG_1\">La autonom\u00eda progresiva de ni\u00f1os, ni\u00f1as y adolescentes y su aplicaci\u00f3n en los conflictos judiciales de cuidado personal y relaci\u00f3n directa y regular: \u00bfel nuevo caballo de troya de la justicia de familia?<\/p>\n<p class=\"IG_2\"><span class=\"TextoI\">Alejandra Illanes Vald\u00e9s<\/span><\/p>\n<p class=\"IG_1\">El nuevo r\u00e9gimen legal de garant\u00edas y protecci\u00f3n integral de derechos de la ni\u00f1ez y adolescencia: su impacto en el derecho de la persona y de las familias<\/p>\n<p class=\"IG_2\"><span class=\"TextoI\">Fabiola Lathrop G\u00f3mez<\/span><\/p>\n<p class=\"IG_1\">Los desaf\u00edos de la regulaci\u00f3n chilena sobre sustracci\u00f3n internacional de menores a la luz del caso C\u00f3rdoba vs. Paraguay de la Corte Interamericana de Derechos Humanos<\/p>\n<p class=\"IG_2\"><span class=\"TextoI\">Luc\u00eda Rizik Mulet<\/span><\/p>\n<p class=\"IG_1\">La explotaci\u00f3n lucrativa del NNA en redes sociales y la tutela de sus derechos de la personalidad: el caso de los\u00a0<span class=\"TextoI\">kids influencers<\/span><\/p>\n<p class=\"IG_2\"><span class=\"TextoI\">Patricia Ver\u00f3nica L\u00f3pez D\u00edaz<\/span><\/p>\n<p class=\"IG_1\">Consagraci\u00f3n legal del derecho de ni\u00f1os, ni\u00f1as y adolescentes a una educaci\u00f3n sexual integral en Chile: an\u00e1lisis desde una perspectiva de g\u00e9nero<\/p>\n<p class=\"IG_2\"><span class=\"TextoI\">Claudia Moraga Contreras<\/span><\/p>\n<p class=\"IG_CapituloCentrado\">Persona y ni\u00f1ez<\/p>\n<p class=\"IG_1\">Superando las barreras normativas contempladas en la Ley N\u00ba 21.120 que reconoce y da protecci\u00f3n al derecho a la identidad de g\u00e9nero<\/p>\n<p class=\"IG_2\"><span class=\"TextoI\">Laura E. Albornoz Pollmann<\/span><\/p>\n<p class=\"IG_1\">An\u00e1lisis de la facultad de los profesores de corregir a sus disc\u00edpulos, a la luz de los art\u00edculos 234 y 2320 del C\u00f3digo Civil chileno<\/p>\n<p class=\"IG_2\"><span class=\"TextoI\">Betty Mart\u00ednez-C\u00e1rdenas<\/span><\/p>\n<p class=\"IG_1\">La facultad de correcci\u00f3n de los padres \u00bfPervivencia de la facultad de castigo?<\/p>\n<p class=\"IG_2\"><span class=\"TextoI\">Rodrigo Fuentes Gu\u00ed\u00f1ez<\/span><\/p>\n<p class=\"IG_1\">Inter\u00e9s superior del ni\u00f1o, autonom\u00eda progresiva y decisiones m\u00e9dicas: un mapa de tipos de casos<\/p>\n<p class=\"IG_2\"><span class=\"TextoI\">Valentina Silva Berr\u00edos<\/span><\/p>\n<p class=\"IG_CapituloCentrado\">Aspectos del derecho de familias<\/p>\n<p class=\"IG_1\">El valor jur\u00eddico de la inscripci\u00f3n en el Registro Civil chileno a prop\u00f3sito de los actos de familia<\/p>\n<p class=\"IG_2\"><span class=\"TextoI\">Yasna Ot\u00e1rola Espinoza<\/span><\/p>\n<p class=\"IG_1\">La prohibici\u00f3n testamentaria de litigaci\u00f3n y la protecci\u00f3n sucesoria de la familia<\/p>\n<p class=\"IG_2\"><span class=\"TextoI\">Ricardo Saavedra Alvarado<\/span><\/p>\n<p class=\"IG_1\">Obligaci\u00f3n de los progenitores por los gastos de hospitalizaci\u00f3n de sus hijos. Aspectos te\u00f3ricos y pr\u00e1cticos. Obligaci\u00f3n y contribuci\u00f3n a la deuda<\/p>\n<p class=\"IG_2\"><span class=\"TextoI\">Carlos C\u00e9spedes Mu\u00f1oz<\/span><\/p>\n<p class=\"IG_1\">\u00bfHay que reconocer derechos a las parejas de hecho?<\/p>\n<p class=\"IG_2\"><span class=\"TextoI\">Susana Espada Mallorqu\u00edn<\/span><\/p>\n<p class=\"IG_1\">El principio de parentalidad positiva en la Ley N\u00ba 21.645 sobre \u201cprotecci\u00f3n a la maternidad, paternidad y vida familiar\u201d y sus conexiones con el derecho de familias<\/p>\n<p class=\"IG_2\"><span class=\"TextoI\">Jorge Sep\u00falveda Varela<\/span><\/p>\n<p class=\"IG_CapituloCentrado\">Temas emergentes en derecho de familias<\/p>\n<p class=\"IG_1\">La representaci\u00f3n voluntaria en el derecho de familia: su \u00e1mbito de aplicaci\u00f3n y naturaleza<\/p>\n<p class=\"IG_2\"><span class=\"TextoI\">Nicol\u00e1s Montes Serrano<\/span><\/p>\n<p class=\"IG_1\">La renuncia de alimentos en el contexto de la jurisprudencia reciente de la Corte Suprema: \u00bfuna misi\u00f3n actualmente imposible?<\/p>\n<p class=\"IG_2\"><span class=\"TextoI\">Veronika Wegner A.<\/span><\/p>\n<p class=\"IG_1\">Derecho de familia y animales de compa\u00f1\u00eda: dilemas de una legislaci\u00f3n insuficiente<\/p>\n<p class=\"IG_2\"><span class=\"TextoI\">Jaime Ram\u00edrez Cifuentes<\/span><\/p>\n<p class=\"IG_CapituloCentrado\">Temas emergentes en justicia de familia<\/p>\n<p class=\"IG_1\">\u00bfContempla el convenio de La Haya de 1980 criterios que permitan delimitar la jurisdicci\u00f3n internacional de los tribunales chilenos?<\/p>\n<p class=\"IG_2\"><span class=\"TextoI\">Pablo A. Cornejo Aguilera<\/span><\/p>\n<p class=\"IG_1\">Casaci\u00f3n en la forma por omisi\u00f3n de tr\u00e1mites y diligencias esenciales en la justicia de familia: \u00bfprotecci\u00f3n de la ley procesal? An\u00e1lisis cr\u00edtico de la jurisprudencia de la Corte Suprema<\/p>\n<p class=\"IG_2\"><span class=\"TextoI\">Nicol\u00e1s Ignacio Malla Castell\u00f3<\/span><\/p>\n<p class=\"IG_1\">Discriminaci\u00f3n estructural de ni\u00f1os, ni\u00f1as y adolescentes con adultos significativos privados de libertad<\/p>\n<p class=\"IG_2\"><span class=\"TextoI\">Isaac Ravetllat Ballest\u00e9<\/span><\/p>\n<p class=\"IG_1\">Familias y filiaci\u00f3n<\/p>\n<\/div>\n<\/section>\n<section id=\"salto\">\n<div id=\"abstract\">\n<p class=\"IG_CapituloCentrado\">Influencia de las t\u00e9cnicas de reproducci\u00f3n asistida en el concepto de familia<\/p>\n<p class=\"IG_Autor\">Maricruz G\u00f3mez de la Torre Vargas<\/p>\n<p class=\"IG_1Centrado\">1. Antecedentes<\/p>\n<p class=\"IG_Texto\">La instituci\u00f3n familia ha sido objeto de estudio en distintas ramas de las ciencias sociales. Los resultados fueron determinantes en los ordenamientos jur\u00eddicos que optaron por regularlas y es gracias a ello que hoy se entiende por familia un producto cultural e hist\u00f3ricamente din\u00e1mico. Como tal, el Derecho no la crea, sino que la reconoce y regula mientras evoluciona.<\/p>\n<p class=\"IG_Texto\">Antropol\u00f3gica y sociol\u00f3gicamente, la familia presenta fisonom\u00edas distintas. En cuanto inserta en sociedades diversas, su evoluci\u00f3n y formas son el reflejo de los cambios sociales, desde la familia pre jur\u00eddica a la matrimonial, desde la extensa a la nuclear. A partir de esa realidad puede clasificarse a la familia como monoparental y ensamblada o reconstituida. A su vez, la familia no matrimonial est\u00e1 configurada por las uniones civiles, y las uniones de hecho, heterosexuales y de un mismo g\u00e9nero.<\/p>\n<p class=\"IG_Texto\">En consecuencia, la regulaci\u00f3n y funcionamiento de la familia depender\u00e1 del concepto cultural que se tenga en la sociedad respectiva en un momento determinado. Dependiendo de ello, se aceptan o rechazan las distintas formas de constituirla, sea que se basen en el matrimonio, la convivencia, el g\u00e9nero de los integrantes o todos esos factores.<\/p>\n<p class=\"IG_Texto\">Por su parte, a principios de la segunda d\u00e9cada del siglo XX, se produjeron grandes avances en la investigaci\u00f3n de la biomedicina y de la biotecnolog\u00eda, lo que posibilit\u00f3 el desarrollo de las t\u00e9cnicas de reproducci\u00f3n humana asistida (TRA). Estas nacen para ayudar a superar problemas de esterilidad en la pareja y permiten procrear seres humanos por medios distintos de la relaci\u00f3n sexual. Entre esas TRA se encuentran la inseminaci\u00f3n artificial (IA) y la fecundaci\u00f3n\u00a0<span class=\"TextoI\">in vitro<\/span>\u00a0(FIV).<\/p>\n<p class=\"IG_Texto\">La posibilidad de engendrar un ser humano por medios distintos a la relaci\u00f3n sexual, sin necesidad de un hombre sino de sus gametos, revoluciona el concepto de sexualidad. Se produce la separaci\u00f3n entre \u00e9sta y la reproducci\u00f3n. En lo jur\u00eddico, chocan con la concepci\u00f3n que ten\u00eda la legislaci\u00f3n acerca del acto reproductor. Como consecuencia, hace posible que mujeres solas y parejas de un mismo sexo, puedan acceder a la maternidad o paternidad, provocando profundos cambios en la familia, las formas de constituirla y relaciones familiares. Esto, a su vez, cuestiona el significado de los conceptos de paternidad y maternidad, la determinaci\u00f3n de \u00e9stas, las presunciones de paternidad, los v\u00ednculos entre generaciones y la biparentalidad.<\/p>\n<p class=\"IG_Texto\">Por lo se\u00f1alado, se producen nuevas estructuras de relaciones familiares, m\u00e1s complejas que las tradicionales. Al respecto, Ferrer Riba se\u00f1ala que \u201cesta din\u00e1mica es propia de sociedades pluralistas, en las que se reconoce la igualdad de las personas y se proh\u00edbe su discriminaci\u00f3n, en las que se respetan la orientaci\u00f3n sexual y la identidad de g\u00e9nero de estas y en las que se afirma y protege el libre desarrollo de la personalidad y, por ello, prospera la autonom\u00eda privada\u201d.<\/p>\n<p class=\"IG_Texto\">En este trabajo, analizar\u00e9 c\u00f3mo la utilizaci\u00f3n de las TRA ha influido en la legitimaci\u00f3n social de nuevas formas de constituir familia y en la regulaci\u00f3n legal de las nuevas relaciones familiares.<\/p>\n<p class=\"IG_1Centrado\">2. Hitos importantes previos al desarrollo de la fecundaci\u00f3n\u00a0<span class=\"TextoI\">in vitro<\/span>\u00a0con transferencia de embriones (FIVTE)<\/p>\n<p class=\"IG_Texto\">En la d\u00e9cada de los 60 del siglo pasado, un descubrimiento m\u00e9dico cambi\u00f3 la vida de las mujeres: la aparici\u00f3n de los anticonceptivos, que permite controlar la natalidad. Se empieza a hablar de los derechos reproductivos y del derecho de la pareja para tener el n\u00famero de hijos queridos con los intervalos deseados. A su vez, el control del n\u00famero de hijos permite a la mujer incorporarse al trabajo fuera del hogar y es el comienzo de su empoderamiento. Todo esto fue acompa\u00f1ado de la explosi\u00f3n del movimiento feminista, que provoc\u00f3 un cambio en la situaci\u00f3n y condici\u00f3n de las mujeres. Al trabajar y poder mantenerse econ\u00f3micamente, se atreven a separarse y divorciarse, con lo cual cambia su rol en la sociedad. Efecto principal es que salen del espacio privado para pasar al p\u00fablico, incorpor\u00e1ndose en forma masiva al mundo laboral. Efecto derivado es que declina el rol del hombre como proveedor, lo cual permite que las mujeres demanden la igualdad de derechos y oportunidades.<\/p>\n<p class=\"IG_Texto\">Sobre esas bases comienza la aceptaci\u00f3n de que existen otros modelos de familia fuera del fundado en el matrimonio, como la familia de hecho y las monoparentales. Cabe se\u00f1alar que esto comprende la familia conformada por una mujer soltera que vive con sus hijos\/as. Antes no era aceptada [\u2026]<\/p>\n<\/div>\n<\/section>\n","protected":false},"excerpt":{"rendered":"<p>1\u00b0 edici\u00f3n abril a\u00f1o 2025 \/ 815 P\u00e1ginas<\/p>\n<p>Buscas un libro Jur\u00eddico.? Lo puedes encontrar en nuestra tienda virtual.<br \/>\nContamos con prestigiosos autores y muchas alternativas en sus diferentes materias al igual que grandes descuentos.! Vis\u00edtanos en <a class=\"GqjnuldgdUvCJCSRxbdTfvlZjKVUskKYKWU \" tabindex=\"0\" href=\"https:\/\/lnkd.in\/eiAG7jdZ\" target=\"_blank\" rel=\"noopener\" data-test-app-aware-link=\"\">https:\/\/lnkd.in\/eiAG7jdZ<\/a><br \/>\nEscr\u00edbenos al +56930565235 \/ <a class=\"GqjnuldgdUvCJCSRxbdTfvlZjKVUskKYKWU \" tabindex=\"0\" href=\"mailto:ventaslegallexglobal@gmail.com\" target=\"_self\" data-test-app-aware-link=\"\">ventaslegallexglobal@gmail.com<\/a><br \/>\nHacemos env\u00edos a todo Chile \u2013 Starken o Correos Chile \/ Te esperamos<\/p>\n","protected":false},"featured_media":2260,"comment_status":"open","ping_status":"closed","template":"","meta":{"inline_featured_image":false,"_joinchat":[]},"product_brand":[],"product_cat":[26,29],"product_tag":[],"class_list":{"0":"post-2209","1":"product","2":"type-product","3":"status-publish","4":"has-post-thumbnail","6":"product_cat-derecho","7":"product_cat-familia-y-del-menor","9":"first","10":"instock","11":"shipping-taxable","12":"purchasable","13":"product-type-simple"},"_links":{"self":[{"href":"https:\/\/bibliotecajuridicavirtual.cl\/index.php\/wp-json\/wp\/v2\/product\/2209","targetHints":{"allow":["GET"]}}],"collection":[{"href":"https:\/\/bibliotecajuridicavirtual.cl\/index.php\/wp-json\/wp\/v2\/product"}],"about":[{"href":"https:\/\/bibliotecajuridicavirtual.cl\/index.php\/wp-json\/wp\/v2\/types\/product"}],"replies":[{"embeddable":true,"href":"https:\/\/bibliotecajuridicavirtual.cl\/index.php\/wp-json\/wp\/v2\/comments?post=2209"}],"wp:featuredmedia":[{"embeddable":true,"href":"https:\/\/bibliotecajuridicavirtual.cl\/index.php\/wp-json\/wp\/v2\/media\/2260"}],"wp:attachment":[{"href":"https:\/\/bibliotecajuridicavirtual.cl\/index.php\/wp-json\/wp\/v2\/media?parent=2209"}],"wp:term":[{"taxonomy":"product_brand","embeddable":true,"href":"https:\/\/bibliotecajuridicavirtual.cl\/index.php\/wp-json\/wp\/v2\/product_brand?post=2209"},{"taxonomy":"product_cat","embeddable":true,"href":"https:\/\/bibliotecajuridicavirtual.cl\/index.php\/wp-json\/wp\/v2\/product_cat?post=2209"},{"taxonomy":"product_tag","embeddable":true,"href":"https:\/\/bibliotecajuridicavirtual.cl\/index.php\/wp-json\/wp\/v2\/product_tag?post=2209"}],"curies":[{"name":"wp","href":"https:\/\/api.w.org\/{rel}","templated":true}]}}