{"id":2233,"date":"2026-02-28T00:59:46","date_gmt":"2026-02-28T03:59:46","guid":{"rendered":"https:\/\/bibliotecajuridicavirtual.cl\/?post_type=product&#038;p=2233"},"modified":"2026-02-28T00:59:57","modified_gmt":"2026-02-28T03:59:57","slug":"prevencion-de-la-crisis-financiera-de-la-persona-natural-desde-el-pre-concurso-hasta-el-concurso-miguel-angel-alarcon-canuta","status":"publish","type":"product","link":"https:\/\/bibliotecajuridicavirtual.cl\/index.php\/product\/prevencion-de-la-crisis-financiera-de-la-persona-natural-desde-el-pre-concurso-hasta-el-concurso-miguel-angel-alarcon-canuta\/","title":{"rendered":"Prevenci\u00f3n de la Crisis Financiera de la Persona Natural desde el Pre-concurso hasta el Concurso * Miguel \u00c1ngel Alarc\u00f3n Ca\u00f1uta"},"content":{"rendered":"<div data-olk-copy-source=\"MailCompose\">El libro analiza el modelo de prevenci\u00f3n de la crisis econ\u00f3mico-financiera de la<\/div>\n<div>persona natural del ordenamiento chileno. A partir de una cr\u00edtica al modelo basado<\/div>\n<div>en el paradigma de la informaci\u00f3n al consumidor medio, y tras la delimitaci\u00f3n de<\/div>\n<div>los argumentos que se constituyen en fundamentos de un tratamiento hol\u00edstico<\/div>\n<div>y con enfoque diferencial del objetivo de prevenci\u00f3n del sobreendeudamiento e<\/div>\n<div>insolvencia, construye dogm\u00e1ticamente la instituci\u00f3n de la asesor\u00eda de deudas<\/div>\n<div>como mecanismo eficaz para la prevenci\u00f3n de la crisis de las personas naturales,<\/div>\n<div>considerando un enfoque integral, transversal y deferencial, delimit\u00e1ndola tanto<\/div>\n<div>en la fase preconcursal como en la fase concursal del problema de la crisis de la<\/div>\n<div>persona natural.<\/div>\n<div><\/div>\n<div>Tomando en consideraci\u00f3n las circunstancias particulares de una disparidad de<\/div>\n<div>personas naturales consumidores-deudores, que inciden en las causas de la crisis<\/div>\n<div>y en sus efectos o consecuencias subyacentes, desarrolla \u2013dogm\u00e1ticamente\u2013<\/div>\n<div>la asesor\u00eda integral de deudas para una prevenci\u00f3n del sobreendeudamiento<\/div>\n<div>de consumidores, delimitando sus fundamentos, naturaleza jur\u00eddica, principios,<\/div>\n<div>caracter\u00edsticas y acciones-deberes contenidos en la herramienta.<\/div>\n<div>Ello permite establecer el conjunto de argumentos que fundamentan y<\/div>\n<div>delimitan una instituci\u00f3n que, yendo m\u00e1s all\u00e1 de la teor\u00eda de la elecci\u00f3n racional<\/div>\n<div>del consumidor medio, configura un modelo de prevenci\u00f3n continua del<\/div>\n<div>sobreendeudamiento e insolvencia, durante todo el iter de desarrollo del fen\u00f3meno<\/div>\n<div>del endeudamiento de la persona natural, y que trata sus consecuencias de manera<\/div>\n<div>eficiente<\/div>\n<div><\/div>\n","protected":false},"excerpt":{"rendered":"<p>1\u00b0 EDICI\u00d3N ACTUALIZADA A\u00d1O 2025 \/ 500 p\u00e1ginas<\/p>\n<p>Buscas un libro Jur\u00eddico.? Lo puedes encontrar en nuestra tienda virtual.<br \/>\nContamos con prestigiosos autores y muchas alternativas en sus diferentes materias al igual que grandes descuentos.! Vis\u00edtanos en <a class=\"qcgcnyuktFtlrNjpAvprsXbFKLHNVBeXAarvGqTg \" tabindex=\"0\" href=\"https:\/\/lnkd.in\/eiAG7jdZ\" target=\"_blank\" rel=\"noopener\" data-test-app-aware-link=\"\">https:\/\/lnkd.in\/eiAG7jdZ<\/a><br \/>\nEscr\u00edbenos al +56930565235 \/ <a class=\"qcgcnyuktFtlrNjpAvprsXbFKLHNVBeXAarvGqTg \" tabindex=\"0\" href=\"mailto:ventaslegallexglobal@gmail.com\" target=\"_self\" data-test-app-aware-link=\"\">ventaslegallexglobal@gmail.com<\/a><br \/>\nHacemos env\u00edos a todo Chile \u2013 Starken o Correos Chile \/ Te esperamos<\/p>\n","protected":false},"featured_media":2263,"comment_status":"open","ping_status":"closed","template":"","meta":{"inline_featured_image":false,"_joinchat":[]},"product_brand":[],"product_cat":[48,26],"product_tag":[],"class_list":{"0":"post-2233","1":"product","2":"type-product","3":"status-publish","4":"has-post-thumbnail","6":"product_cat-comercial","7":"product_cat-derecho","9":"first","10":"instock","11":"shipping-taxable","12":"purchasable","13":"product-type-simple"},"_links":{"self":[{"href":"https:\/\/bibliotecajuridicavirtual.cl\/index.php\/wp-json\/wp\/v2\/product\/2233","targetHints":{"allow":["GET"]}}],"collection":[{"href":"https:\/\/bibliotecajuridicavirtual.cl\/index.php\/wp-json\/wp\/v2\/product"}],"about":[{"href":"https:\/\/bibliotecajuridicavirtual.cl\/index.php\/wp-json\/wp\/v2\/types\/product"}],"replies":[{"embeddable":true,"href":"https:\/\/bibliotecajuridicavirtual.cl\/index.php\/wp-json\/wp\/v2\/comments?post=2233"}],"wp:featuredmedia":[{"embeddable":true,"href":"https:\/\/bibliotecajuridicavirtual.cl\/index.php\/wp-json\/wp\/v2\/media\/2263"}],"wp:attachment":[{"href":"https:\/\/bibliotecajuridicavirtual.cl\/index.php\/wp-json\/wp\/v2\/media?parent=2233"}],"wp:term":[{"taxonomy":"product_brand","embeddable":true,"href":"https:\/\/bibliotecajuridicavirtual.cl\/index.php\/wp-json\/wp\/v2\/product_brand?post=2233"},{"taxonomy":"product_cat","embeddable":true,"href":"https:\/\/bibliotecajuridicavirtual.cl\/index.php\/wp-json\/wp\/v2\/product_cat?post=2233"},{"taxonomy":"product_tag","embeddable":true,"href":"https:\/\/bibliotecajuridicavirtual.cl\/index.php\/wp-json\/wp\/v2\/product_tag?post=2233"}],"curies":[{"name":"wp","href":"https:\/\/api.w.org\/{rel}","templated":true}]}}