{"id":2235,"date":"2026-02-28T00:59:46","date_gmt":"2026-02-28T03:59:46","guid":{"rendered":"https:\/\/bibliotecajuridicavirtual.cl\/?post_type=product&#038;p=2235"},"modified":"2026-02-28T00:59:58","modified_gmt":"2026-02-28T03:59:58","slug":"teoria-general-de-las-normas-kelsen-hans-edicion-actualizada-ano-2018-520-paginas","status":"publish","type":"product","link":"https:\/\/bibliotecajuridicavirtual.cl\/index.php\/product\/teoria-general-de-las-normas-kelsen-hans-edicion-actualizada-ano-2018-520-paginas\/","title":{"rendered":"Teor\u00eda General de las Normas &#8211; Kelsen, Hans * edici\u00f3n actualizada a\u00f1o 2018 &#8211; 520 P\u00e1ginas"},"content":{"rendered":"<h1 class=\"h2 h1-md js-product-name mb-3\" data-store=\"product-name-34605499\">Teor\u00eda general de las normas &#8211; Kelsen, Hans<\/h1>\n<p>La Teor\u00eda general de las normas es la \u00faltima gran obra de Hans Kelsen. Aqu\u00ed se presenta en una nueva y cuidada traducci\u00f3n, directamente del alem\u00e1n, a cargo de Miguel \u00c1ngel Rodilla, quien ha realizado tambi\u00e9n la presentaci\u00f3n.\u00a0Publicada en 1979, seis a\u00f1os despu\u00e9s de la muerte del autor, inacabada y con las deficiencias propias de un texto en curso de elaboraci\u00f3n, la obra constituye una aportaci\u00f3n de primera importancia dentro de la producci\u00f3n te\u00f3rica de Kelsen. Dominada por el problema de la aplicabilidad de los principios l\u00f3gicos al derecho, que ocup\u00f3 a Kelsen durante los \u00faltimos a\u00f1os de su vida, supone una importante revisi\u00f3n de algunas de las piezas fundamentales de la teor\u00eda pura del derecho, entre otras: el dualismo ser\/deber ser, el sentido en que podemos atribuir existencia a las normas y la validez como forma de existencia, la estricta separaci\u00f3n entre derecho y ciencia jur\u00eddica, los problemas de interpretaci\u00f3n y aplicaci\u00f3n de las normas, la coherencia como propiedad l\u00f3gica del sistema jur\u00eddico y la naturaleza de la relaci\u00f3n entre las normas generales y las normas individuales producidas en aplicaci\u00f3n de aquellas. El resultado de ese trabajo de revisi\u00f3n es una reformulaci\u00f3n de ideas previas, de la que se desprende una visi\u00f3n final de la teor\u00eda pura profundamente modificada en algunos de sus puntos neur\u00e1lgicos.<\/p>\n","protected":false},"excerpt":{"rendered":"<p>Buscas un libro Jur\u00eddico.? Lo puedes encontrar en nuestra tienda virtual.<br \/>\nContamos con prestigiosos autores y muchas alternativas en sus diferentes materias al igual que grandes descuentos.! Vis\u00edtanos en <a class=\"ZiiaRflOBoVtdaDvzLtblOwdTlUmDcTmRyM \" tabindex=\"0\" href=\"https:\/\/lnkd.in\/eiAG7jdZ\" target=\"_blank\" rel=\"noopener\" data-test-app-aware-link=\"\">https:\/\/lnkd.in\/eiAG7jdZ<\/a><br \/>\nEscr\u00edbenos al +56930565235 \/ <a class=\"ZiiaRflOBoVtdaDvzLtblOwdTlUmDcTmRyM \" tabindex=\"0\" href=\"mailto:ventaslegallexglobal@gmail.com\" target=\"_self\" data-test-app-aware-link=\"\">ventaslegallexglobal@gmail.com<\/a><br \/>\nHacemos env\u00edos a todo Chile \u2013 Starken o Correos Chile \/ Te esperamos<\/p>\n<p>&nbsp;<\/p>\n","protected":false},"featured_media":2265,"comment_status":"open","ping_status":"closed","template":"","meta":{"inline_featured_image":false,"_joinchat":[]},"product_brand":[],"product_cat":[26,44],"product_tag":[],"class_list":{"0":"post-2235","1":"product","2":"type-product","3":"status-publish","4":"has-post-thumbnail","6":"product_cat-derecho","7":"product_cat-filosofia-del-derecho-y-introduccion","9":"first","10":"instock","11":"shipping-taxable","12":"purchasable","13":"product-type-simple"},"_links":{"self":[{"href":"https:\/\/bibliotecajuridicavirtual.cl\/index.php\/wp-json\/wp\/v2\/product\/2235","targetHints":{"allow":["GET"]}}],"collection":[{"href":"https:\/\/bibliotecajuridicavirtual.cl\/index.php\/wp-json\/wp\/v2\/product"}],"about":[{"href":"https:\/\/bibliotecajuridicavirtual.cl\/index.php\/wp-json\/wp\/v2\/types\/product"}],"replies":[{"embeddable":true,"href":"https:\/\/bibliotecajuridicavirtual.cl\/index.php\/wp-json\/wp\/v2\/comments?post=2235"}],"wp:featuredmedia":[{"embeddable":true,"href":"https:\/\/bibliotecajuridicavirtual.cl\/index.php\/wp-json\/wp\/v2\/media\/2265"}],"wp:attachment":[{"href":"https:\/\/bibliotecajuridicavirtual.cl\/index.php\/wp-json\/wp\/v2\/media?parent=2235"}],"wp:term":[{"taxonomy":"product_brand","embeddable":true,"href":"https:\/\/bibliotecajuridicavirtual.cl\/index.php\/wp-json\/wp\/v2\/product_brand?post=2235"},{"taxonomy":"product_cat","embeddable":true,"href":"https:\/\/bibliotecajuridicavirtual.cl\/index.php\/wp-json\/wp\/v2\/product_cat?post=2235"},{"taxonomy":"product_tag","embeddable":true,"href":"https:\/\/bibliotecajuridicavirtual.cl\/index.php\/wp-json\/wp\/v2\/product_tag?post=2235"}],"curies":[{"name":"wp","href":"https:\/\/api.w.org\/{rel}","templated":true}]}}