{"id":2236,"date":"2026-02-28T00:59:46","date_gmt":"2026-02-28T03:59:46","guid":{"rendered":"https:\/\/bibliotecajuridicavirtual.cl\/?post_type=product&#038;p=2236"},"modified":"2026-02-28T00:59:58","modified_gmt":"2026-02-28T03:59:58","slug":"teoria-analitica-del-derecho-rodriguez-jorge-luis-edicion-ano-2021-828-pag","status":"publish","type":"product","link":"https:\/\/bibliotecajuridicavirtual.cl\/index.php\/product\/teoria-analitica-del-derecho-rodriguez-jorge-luis-edicion-ano-2021-828-pag\/","title":{"rendered":"Teor\u00eda Anal\u00edtica del Derecho &#8211; Rodr\u00edguez, Jorge Luis * edici\u00f3n a\u00f1o 2021- 828 P\u00e1g."},"content":{"rendered":"<h6 class=\"font-body mb-4\">Descripci\u00f3n<\/h6>\n<div class=\"user-content font-small mb-4\">\n<p>Teor\u00eda anal\u00edtica del derecho es un estudio profundizado de algunos de los principales problemas de la teor\u00eda general del derecho, que centra la atenci\u00f3n fundamentalmente en el lenguaje y el razonamiento jur\u00eddico.<br \/>\nDesde una concepci\u00f3n anal\u00edtica de la filosof\u00eda, el libro se estructura en siete cap\u00edtulos dedicados al examen de las normas, el lenguaje y la l\u00f3gica, el concepto de derecho, las normas jur\u00eddicas y los conceptos jur\u00eddicos fundamentales, el derecho como sistema, la din\u00e1mica jur\u00eddica, la interpretaci\u00f3n y el conocimiento del derecho, el razonamiento jur\u00eddico y la justificaci\u00f3n de las decisiones judiciales. En cada cap\u00edtulo, compuesto por cinco puntos, los tres primeros est\u00e1n destinados a ofrecer una presentaci\u00f3n del problema que se estudia en cada caso sin presuponer conocimientos previos, en tanto que los dos \u00faltimos se orientan a quienes deseen profundizar en ellos, de modo que la obra puede utilizarse tanto para cursos de grado como para estudiantes de posgrado y profesionales del derecho en general.<br \/>\nA trav\u00e9s de sus p\u00e1ginas se ensaya una defensa de una concepci\u00f3n positivista del derecho y esc\u00e9ptica en meta\u00e9tica y, desde dicha \u00f3ptica, un intento por ofrecer una delimitaci\u00f3n del derecho de otros dominios normativos, con particular \u00e9nfasis en la aplicaci\u00f3n pr\u00e1ctica de la l\u00f3gica como herramienta de an\u00e1lisis de problemas jur\u00eddicos.<\/p>\n<\/div>\n","protected":false},"excerpt":{"rendered":"<p>Buscas un libro Jur\u00eddico.? Lo puedes encontrar en nuestra tienda virtual.<br \/>\nContamos con prestigiosos autores y muchas alternativas en sus diferentes materias al igual que grandes descuentos.! Vis\u00edtanos en <a class=\"ZwZBMLuwwYKLtqOdlRcByADgXVbjtIKaeTA \" tabindex=\"0\" href=\"https:\/\/lnkd.in\/eiAG7jdZ\" target=\"_blank\" rel=\"noopener\" data-test-app-aware-link=\"\">https:\/\/lnkd.in\/eiAG7jdZ<\/a><br \/>\nEscr\u00edbenos al +56930565235 \/ <a class=\"ZwZBMLuwwYKLtqOdlRcByADgXVbjtIKaeTA \" tabindex=\"0\" href=\"mailto:ventaslegallexglobal@gmail.com\" target=\"_self\" data-test-app-aware-link=\"\">ventaslegallexglobal@gmail.com<\/a><br \/>\nHacemos env\u00edos a todo Chile \u2013 Starken o Correos Chile \/ Te esperamos<\/p>\n","protected":false},"featured_media":2266,"comment_status":"open","ping_status":"closed","template":"","meta":{"inline_featured_image":false,"_joinchat":[]},"product_brand":[],"product_cat":[26,44],"product_tag":[],"class_list":{"0":"post-2236","1":"product","2":"type-product","3":"status-publish","4":"has-post-thumbnail","6":"product_cat-derecho","7":"product_cat-filosofia-del-derecho-y-introduccion","9":"first","10":"instock","11":"shipping-taxable","12":"purchasable","13":"product-type-simple"},"_links":{"self":[{"href":"https:\/\/bibliotecajuridicavirtual.cl\/index.php\/wp-json\/wp\/v2\/product\/2236","targetHints":{"allow":["GET"]}}],"collection":[{"href":"https:\/\/bibliotecajuridicavirtual.cl\/index.php\/wp-json\/wp\/v2\/product"}],"about":[{"href":"https:\/\/bibliotecajuridicavirtual.cl\/index.php\/wp-json\/wp\/v2\/types\/product"}],"replies":[{"embeddable":true,"href":"https:\/\/bibliotecajuridicavirtual.cl\/index.php\/wp-json\/wp\/v2\/comments?post=2236"}],"wp:featuredmedia":[{"embeddable":true,"href":"https:\/\/bibliotecajuridicavirtual.cl\/index.php\/wp-json\/wp\/v2\/media\/2266"}],"wp:attachment":[{"href":"https:\/\/bibliotecajuridicavirtual.cl\/index.php\/wp-json\/wp\/v2\/media?parent=2236"}],"wp:term":[{"taxonomy":"product_brand","embeddable":true,"href":"https:\/\/bibliotecajuridicavirtual.cl\/index.php\/wp-json\/wp\/v2\/product_brand?post=2236"},{"taxonomy":"product_cat","embeddable":true,"href":"https:\/\/bibliotecajuridicavirtual.cl\/index.php\/wp-json\/wp\/v2\/product_cat?post=2236"},{"taxonomy":"product_tag","embeddable":true,"href":"https:\/\/bibliotecajuridicavirtual.cl\/index.php\/wp-json\/wp\/v2\/product_tag?post=2236"}],"curies":[{"name":"wp","href":"https:\/\/api.w.org\/{rel}","templated":true}]}}