{"id":2238,"date":"2026-02-28T00:59:46","date_gmt":"2026-02-28T03:59:46","guid":{"rendered":"https:\/\/bibliotecajuridicavirtual.cl\/?post_type=product&#038;p=2238"},"modified":"2026-02-28T01:00:00","modified_gmt":"2026-02-28T04:00:00","slug":"justicia-laboral-reformada-una-revision-a-15-anos-de-su-puesta-en-marcha-cristian-contreras-rojas-diego-palomo-velez-ano-2025-438-pag","status":"publish","type":"product","link":"https:\/\/bibliotecajuridicavirtual.cl\/index.php\/product\/justicia-laboral-reformada-una-revision-a-15-anos-de-su-puesta-en-marcha-cristian-contreras-rojas-diego-palomo-velez-ano-2025-438-pag\/","title":{"rendered":"Justicia Laboral Reformada: Una Revisi\u00f3n a 15 A\u00f1os de su Puesta en Marcha * Cristian Contreras Rojas &#8211; Diego Palomo V\u00e9lez, a\u00f1o 2025 &#8211; 438 P\u00e1g."},"content":{"rendered":"<p>Esta obra se enmarca dentro del aniversario 15 de la entrada en vigencia de la nueva Justicia laboral, que vino a consagrar un sistema marcado por una apuesta fuerte por el modelo por audiencias, levantado sobre la oralidad y sus reglas consecuencia, que recuper\u00f3 la figura del juez tanto en el plano procedimental como material, dando cuenta de las particularidades que impone el juzgamiento de asuntos donde los intereses en juego tienen las caracter\u00edsticas de los que identifican las cuestiones propias de la competencia de la jurisdicci\u00f3n laboral.<br \/>\nM\u00e1s all\u00e1 de la sana y necesaria revoluci\u00f3n que implic\u00f3 entre nosotros esta nueva justicia del trabajo, la presente obra re\u00fane trabajos que abordan los principales t\u00f3picos que, a tres lustros de la puesta en marcha, pandemia covid-19 y encierro de por medio (y todo lo que implic\u00f3 en lo que liga con la justicia telem\u00e1tica), se ha considerado imprescindible abordar en un trabajo de estas caracter\u00edsticas. En esta l\u00f3gica, esta obra trata temas centrales de la etapa de discusi\u00f3n, incluyendo una conciliaci\u00f3n protagonista y pol\u00e9mica en algunos casos donde se confunde la invitaci\u00f3n con una imposici\u00f3n de conciliar, y desde luego aspectos de suyo relevantes en la determinaci\u00f3n o establecimiento de los hechos sobre los cuales deber\u00e1 el juez aplicar el derecho en el procedimiento general y en el procedimiento de tutela de derechos fundamentales.<br \/>\nLa obra con estas caracter\u00edsticas y contexto no pod\u00eda renunciar a analizar cr\u00edticamente las principales innovaciones en el sistema de recursos, con una apelaci\u00f3n muy acotada, una nulidad laboral protagonista (con lo bueno y no tanto que esto apareja) y una unificaci\u00f3n ante la Corte Suprema que no termina de cuajar completamente. Y si el sistema recursivo representa un espacio f\u00e9rtil para una mirada que ponga en perspectiva los avances y los problemas acumulados, la ejecuci\u00f3n sirve de guinda del postre en el entendido que la tutela judicial efectiva no se lograr\u00e1 si el sistema no tiene un cierre eficiente que traduzca a la realidad las declaraciones efectuadas por la judicatura en esta renovada, pero perfectible, justicia del trabajo.<\/p>\n<p>\u00cdndice<br \/>\nPr\u00f3logo\u00a0\u00a0 \u00a0\u00a0\u00a0 \u00a09<br \/>\nRodrigo Biel Melgarejo<br \/>\n\u00bfQuo vadis proceso? Transformaciones de los principios del procedimiento generados por los juicios telem\u00e1ticos\u00a0\u00a0 \u00a0\u00a0\u00a0 \u00a019<br \/>\nRam\u00f3n Garc\u00eda Odgers<br \/>\nLa buena fe en el proceso y justicia laboral\u00a0\u00a0 \u00a0\u00a0\u00a0 \u00a059<br \/>\nDiego Palomo V\u00e9lez<br \/>\nEl (ab)uso de los poderes del juez laboral\u00a0\u00a0 \u00a0\u00a0\u00a0 \u00a081<br \/>\nIv\u00e1n Hunter Ampuero<br \/>\nTratamiento procesal de la excepci\u00f3n de litispendencia en el proceso laboral\u00a0\u00a0 \u00a0\u00a0\u00a0 \u00a0121<br \/>\nGonzalo Cortez Matcovich<br \/>\nTres cuestiones procedimentales acerca de la conciliaci\u00f3n en el proceso laboral chileno analizadas desde el punto de vista del derecho a la tutela judicial\u00a0\u00a0 \u00a0\u00a0\u00a0 \u00a0149<br \/>\nEnrique Letelier Loyola<br \/>\nLas reglas de exclusi\u00f3n de prueba en sede laboral. Una aproximaci\u00f3n minimalista\u00a0\u00a0 \u00a0\u00a0\u00a0 \u00a0185<br \/>\nCristian Contreras Rojas<br \/>\nDos t\u00e9cnicas procesales para el establecimiento de hechos relevantes con efectos probatorios: reconocimiento t\u00e1cito y reconocimiento administrativo\u00a0\u00a0 \u00a0\u00a0\u00a0 \u00a0215<br \/>\nSoph\u00eda Romero Rodr\u00edguez<br \/>\nEl recurso de apelaci\u00f3n en los procesos laborales\u00a0\u00a0 \u00a0\u00a0\u00a0 \u00a0253<br \/>\nFernando Orellana Torres<br \/>\nRecurso de nulidad: aciertos y amenazas. En particular, sobre el control de la valoraci\u00f3n de la prueba conforme a la sana cr\u00edtica. Estudio emp\u00edrico\u00a0\u00a0 \u00a0\u00a0\u00a0 \u00a0277<br \/>\nRen\u00e9e Rivero Hurtado<br \/>\nFelipe Opazo Inostroza<br \/>\nEl examen de admisibilidad del recurso de unificaci\u00f3n de jurisprudencia\u00a0\u00a0 \u00a0\u00a0\u00a0 \u00a0321<br \/>\nPriscila Machado Martins<br \/>\nAn\u00e1lisis de eficiencia del recurso de unificaci\u00f3n de jurisprudencia laboral\u00a0\u00a0 \u00a0\u00a0\u00a0 \u00a0343<br \/>\nRa\u00fal N\u00fa\u00f1ez Ojeda<br \/>\nNicol\u00e1s Carrasco Delgado<br \/>\nTutela laboral, carga de la prueba, inversi\u00f3n probatoria y otros desaf\u00edos en el marco de la justicia laboral\u00a0\u00a0 \u00a0\u00a0\u00a0 \u00a0377<br \/>\nJordi Delgado Castro<br \/>\nDiego Palomo V\u00e9lez<br \/>\nLa creaci\u00f3n de una judicatura especializada en materia de ejecuci\u00f3n laboral y previsional en Chile\u00a0\u00a0 \u00a0\u00a0\u00a0 \u00a0409<br \/>\nMacarena Vargas Pavez<\/p>\n","protected":false},"excerpt":{"rendered":"<p>Buscas un libro Jur\u00eddico.? Lo puedes encontrar en nuestra tienda virtual.<br \/>\nContamos con prestigiosos autores y muchas alternativas en sus diferentes materias al igual que grandes descuentos.! Vis\u00edtanos en <a class=\"tnBjozDiJvZeGqkhdilCDjmgvEevaqQbMM \" tabindex=\"0\" href=\"https:\/\/lnkd.in\/eiAG7jdZ\" target=\"_blank\" rel=\"noopener\" data-test-app-aware-link=\"\">https:\/\/lnkd.in\/eiAG7jdZ<\/a><br \/>\nEscr\u00edbenos al +56930565235 \/ <a class=\"tnBjozDiJvZeGqkhdilCDjmgvEevaqQbMM \" tabindex=\"0\" href=\"mailto:ventaslegallexglobal@gmail.com\" target=\"_self\" data-test-app-aware-link=\"\">ventaslegallexglobal@gmail.com<\/a><br \/>\nHacemos env\u00edos a todo Chile \u2013 Starken o Correos Chile \/ Te esperamos<\/p>\n","protected":false},"featured_media":2268,"comment_status":"open","ping_status":"closed","template":"","meta":{"inline_featured_image":false,"_joinchat":[]},"product_brand":[],"product_cat":[26,41],"product_tag":[],"class_list":{"0":"post-2238","1":"product","2":"type-product","3":"status-publish","4":"has-post-thumbnail","6":"product_cat-derecho","7":"product_cat-laboral","9":"first","10":"instock","11":"shipping-taxable","12":"purchasable","13":"product-type-simple"},"_links":{"self":[{"href":"https:\/\/bibliotecajuridicavirtual.cl\/index.php\/wp-json\/wp\/v2\/product\/2238","targetHints":{"allow":["GET"]}}],"collection":[{"href":"https:\/\/bibliotecajuridicavirtual.cl\/index.php\/wp-json\/wp\/v2\/product"}],"about":[{"href":"https:\/\/bibliotecajuridicavirtual.cl\/index.php\/wp-json\/wp\/v2\/types\/product"}],"replies":[{"embeddable":true,"href":"https:\/\/bibliotecajuridicavirtual.cl\/index.php\/wp-json\/wp\/v2\/comments?post=2238"}],"wp:featuredmedia":[{"embeddable":true,"href":"https:\/\/bibliotecajuridicavirtual.cl\/index.php\/wp-json\/wp\/v2\/media\/2268"}],"wp:attachment":[{"href":"https:\/\/bibliotecajuridicavirtual.cl\/index.php\/wp-json\/wp\/v2\/media?parent=2238"}],"wp:term":[{"taxonomy":"product_brand","embeddable":true,"href":"https:\/\/bibliotecajuridicavirtual.cl\/index.php\/wp-json\/wp\/v2\/product_brand?post=2238"},{"taxonomy":"product_cat","embeddable":true,"href":"https:\/\/bibliotecajuridicavirtual.cl\/index.php\/wp-json\/wp\/v2\/product_cat?post=2238"},{"taxonomy":"product_tag","embeddable":true,"href":"https:\/\/bibliotecajuridicavirtual.cl\/index.php\/wp-json\/wp\/v2\/product_tag?post=2238"}],"curies":[{"name":"wp","href":"https:\/\/api.w.org\/{rel}","templated":true}]}}