{"id":2244,"date":"2026-02-28T00:59:47","date_gmt":"2026-02-28T03:59:47","guid":{"rendered":"https:\/\/bibliotecajuridicavirtual.cl\/?post_type=product&#038;p=2244"},"modified":"2026-02-28T01:00:07","modified_gmt":"2026-02-28T04:00:07","slug":"ordenanza-de-aduanas-y-otras-normas-anexas-actualidad-hasta-la-ley-n21-713-cuarta-edicion-ano-2025-496-pag","status":"publish","type":"product","link":"https:\/\/bibliotecajuridicavirtual.cl\/index.php\/product\/ordenanza-de-aduanas-y-otras-normas-anexas-actualidad-hasta-la-ley-n21-713-cuarta-edicion-ano-2025-496-pag\/","title":{"rendered":"Ordenanza de Aduanas y Otras Normas Anexas * Actualidad hasta la Ley N\u00b021.713 &#8211; Cuarta edici\u00f3n a\u00f1o 2025 * 496 P\u00e1g."},"content":{"rendered":"<p style=\"font-weight: 400;\">La misi\u00f3n del Servicio Nacional de Aduanas es resguardar los intereses y apoyar el comercio exterior del pa\u00eds, mediante el uso eficiente e integrado de la fiscalizaci\u00f3n y facilitaci\u00f3n de las operaciones de comercio internacional.<\/p>\n<p style=\"font-weight: 400;\">\u00a0Su actividad est\u00e1 regulada, principalmente, en la Ordenanza de Aduanas y en la Ley Org\u00e1nica del Servicio Nacional de Aduanas, contenidas en los D.F.L. N\u00bas. 30 y 329, respectivamente.<\/p>\n<p style=\"font-weight: 400;\">La normativa de este libro se encuentra actualizada y sistematizada en las siguientes \u00e1reas:<\/p>\n<ul>\n<li style=\"font-weight: 400;\">Ordenanza de Aduanas<br \/>\n\u2022 Servicio Nacional de Aduanas<br \/>\n\u2022 Importaciones<br \/>\n\u2022 Consejo Aduanero p\u00fablico-privado<br \/>\n\u2022 Agente de Aduanas<br \/>\n\u2022 Tribunales Tributarios y Aduaneros<br \/>\n\u2022 Recintos de dep\u00f3sito aduanero<br \/>\n\u2022 Instrucciones articulado Ordenanza \u00a0de Aduana<\/li>\n<\/ul>\n<p style=\"font-weight: 400;\">Es importante destacar las modificaciones de la Ley N\u00ba 21.713, tambi\u00e9n conocida como Ley de Cumplimiento Tributario, que buscan fortalecer los mecanismos de control y fiscalizaci\u00f3n del Servicio Nacional de Aduanas.<\/p>\n<p style=\"font-weight: 400;\">Entre los cambios que introduce se encuentran:<\/p>\n<ul>\n<li style=\"font-weight: 400;\">El fortalecimiento y modernizaci\u00f3n del Servicio Nacional de Aduanas.<br \/>\n\u2022 Cambios normativos que se materializan a trav\u00e9s de la Ordenanza de Aduanas.<br \/>\n\u2022 El establecimiento de una Carta de Derechos para los due\u00f1os, consignantes y consignatarios de mercanc\u00edas<\/li>\n<\/ul>\n<p style=\"font-weight: 400;\"><b><strong>Ordenanza de Aduanas D.F.L. No 30\/04<\/strong><\/b><\/p>\n<p style=\"font-weight: 400;\">T\u00edtulo preliminar<\/p>\n<ol>\n<li style=\"font-weight: 400;\">\u00c1mbito de aplicaci\u00f3n y definiciones b\u00e1sicas<br \/>\n2. Plazos<br \/>\n3. Disposiciones generales relativas a los derechos y obligaciones de las personas respecto de la legislaci\u00f3n aduanera<br \/>\n4. De las aduanas<br \/>\n5. Ejercicio de la potestad aduanera<\/li>\n<\/ol>\n<p style=\"font-weight: 400;\">Libro I. De la Junta General de Aduanas<\/p>\n<p style=\"font-weight: 400;\">Libro II. De la entrada y salida de veh\u00edculos, mercanc\u00edas y personas hacia y desde el territorio nacional y de su presentaci\u00f3n al Servicio de Aduanas<\/p>\n<p style=\"font-weight: 400;\">T\u00edtulo I. Generalidades<\/p>\n<p style=\"font-weight: 400;\">T\u00edtulo II. Presentaci\u00f3n y entrega de mercanc\u00edas y recepci\u00f3n de veh\u00edculos<\/p>\n<ol>\n<li style=\"font-weight: 400;\">De la recepci\u00f3n de los veh\u00edculos y presentaci\u00f3n de mercanc\u00edas a la Aduana<br \/>\n2. De la entrega de las mercanc\u00edas a los recintos de dep\u00f3sito aduanero y de la cancelaci\u00f3n del manifiesto<br \/>\n3. Del naufragio y de las especies procedentes de \u00e9l<br \/>\n4. Del embarque de las mercanc\u00edas<\/li>\n<\/ol>\n<p style=\"font-weight: 400;\">T\u00edtulo III. Del almacenamiento de las mercanc\u00edas<\/p>\n<p style=\"font-weight: 400;\">T\u00edtulo IV. Elementos de base para la aplicaci\u00f3n de los grav\u00e1menes aduaneros<\/p>\n<p style=\"font-weight: 400;\">T\u00edtulo V. Destinaciones aduaneras<\/p>\n<ol>\n<li style=\"font-weight: 400;\">De las destinaciones aduaneras<br \/>\n2. Disposiciones comunes aplicables a todas las destinaciones aduaneras<br \/>\n3. Obligaci\u00f3n tributaria aduanera<br \/>\n4. Normas especiales sobre algunas destinaciones aduanera<br \/>\n1. Importaci\u00f3n<br \/>\n2. Reingreso<br \/>\n3. Admisi\u00f3n temporal<br \/>\n4. Admisi\u00f3n temporal para perfeccionamiento activo<br \/>\n5. Almac\u00e9n particular<br \/>\n5 bis. Dep\u00f3sito<br \/>\n6. Exportaci\u00f3n<br \/>\n7. Salida temporal<br \/>\n8. Salida temporal para perfeccionamiento pasivo<\/li>\n<\/ol>\n<p style=\"font-weight: 400;\">T\u00edtulo VI. De las materias de competencia de los Tribunales Tributarios y Aduaneros, de la reposici\u00f3n administrativa, del procedimiento de reclamaci\u00f3n y del procedimiento especial de reclamo por vulneraci\u00f3n de derechos<\/p>\n<ol>\n<li style=\"font-weight: 400;\">De las materias de competencia de los Tribunales Tributarios y Aduaneros<br \/>\n2. De la reposici\u00f3n administrativa<br \/>\n3. Del procedimiento de reclamaci\u00f3n<br \/>\n4. Del procedimiento especial de reclamo por vulneraci\u00f3n de derechos<\/li>\n<\/ol>\n<p style=\"font-weight: 400;\">T\u00edtulo VII. Devoluciones de grav\u00e1menes aduaneros<\/p>\n<p style=\"font-weight: 400;\">T\u00edtulo VIII. Subasta de mercanc\u00edas abandonadas, incautadas o decomisadas<\/p>\n<p style=\"font-weight: 400;\">Libro III. De las infracciones a la Ordenanza, de sus penas y del procedimiento para aplicarla<\/p>\n<p style=\"font-weight: 400;\">T\u00edtulo I. De las infracciones a la Ordenanza<\/p>\n<ol>\n<li style=\"font-weight: 400;\">Disposiciones generales<br \/>\n2. De las contravenciones aduaneras y sus sanciones<br \/>\n3. Del contrabando y del fraude<br \/>\n4. Del comiso administrativo de la mercanc\u00eda<\/li>\n<\/ol>\n<p style=\"font-weight: 400;\">T\u00edtulo II. De la fiscalizaci\u00f3n y del procedimiento<\/p>\n<ol>\n<li style=\"font-weight: 400;\">Disposiciones generales<br \/>\n2. Del contrabando y fraude<\/li>\n<\/ol>\n<p style=\"font-weight: 400;\">Libro IV. De los despachadores de Aduana<\/p>\n<p style=\"font-weight: 400;\">Art\u00edculos transitorios<\/p>\n<p style=\"font-weight: 400;\"><b><strong>Otras normas<\/strong><\/b><\/p>\n<p style=\"font-weight: 400;\"><b><strong>Sobre el Servicio Nacional de Aduanas<\/strong><\/b><\/p>\n<ul>\n<li style=\"font-weight: 400;\">D.F.L. No 329 de Hacienda D.O. 20.06.1979, Aprueba Ley Org\u00e1nica del Servicio Nacional de Aduanas<br \/>\n\u2022 Decreto Ley No 2.554 de Hacienda D.O. 10.03.1979, Determina que el jefe superior del Servicio de Aduanas ser\u00e1 el encargado en forma exclusiva de la interpretaci\u00f3n administrativa de las disposiciones legales y reglamentarias que indica<br \/>\n\u2022 Decreto No 1.230 de Hacienda D.O. 16.01.1990, Establece las Aduanas; fija los puntos habilitados para el paso de personas y mercanc\u00edas por las fronteras, determina las destinaciones aduaneras susceptibles de tramitarse ante las aduanas y las operaciones aduaneras que podr\u00e1n realizarse por los puntos habilitados<br \/>\n\u2022 Ley No 19.479 D.O. 21.11.1996, Introduce modificaciones a la Ordenanza de Aduanas y a la Ley Org\u00e1nica del Servicio Nacional de Aduanas, dicta normas sobre gesti\u00f3n y personal de dicho Servicio y sustituye su planta de personal<br \/>\n\u2022 Resoluci\u00f3n No 3.829 DNA D.O. 25.09.2010, Delega facultades sobre delegaci\u00f3n de facultades del Director Nacional del Servicio, a los Subdirectores, Jefes de Departamento, Directores Regionales y Administradores de Aduanas<br \/>\n\u2022 Decreto No 28 de Hacienda D.O. 29.03.2018, Establece requisitos y condiciones que deber\u00e1n cumplir las autorizaciones otorgadas por el Director Nacional de Aduanas, para la admisi\u00f3n temporal para perfeccionamiento activo<\/li>\n<\/ul>\n<p style=\"font-weight: 400;\"><b><strong>Sobre los Tribunales Tributarios y Aduaneros<\/strong><\/b><\/p>\n<ul>\n<li style=\"font-weight: 400;\">Ley No 20.322 D.O. 27.01.2009, Fortalece y perfecciona la jurisdicci\u00f3n Tributaria y Aduanera (s\u00f3lo art\u00edculo 1o, Ley Org\u00e1nica de Tribunales Tributarios y Aduaneros)<br \/>\n\u2022 Resoluci\u00f3n No 4.189 DNA D.O. 14.11.2024, Establ\u00e9cense los siguientes criterios generales para la aplicaci\u00f3n de las normas contenidas en la Ley No 21.713, en lo relativo a la actividad administrativa y judicial que debe ser realizada por este Servicio en materia de conciliaci\u00f3n y allanamiento<br \/>\nInstrucciones sobre articulados de la Ordenanza de Aduanas<br \/>\n\u2022 Decreto No 298 de Hacienda D.O. 8.07.1999, Aprueba Reglamento de Ordenanza de Aduanas<br \/>\n\u2022 Resoluci\u00f3n No 4.930 DNA D.O. 16.10.2006, Establece instrucciones para la aplicaci\u00f3n del procedimiento administrativo contravencional del Libro III de la Ordenanza de Aduanas<br \/>\n\u2022 Resoluci\u00f3n No 2.523 DNA 5.04.2012, Instrucciones y procedimiento interno para la tramitaci\u00f3n de reclamos de segunda instancia (art. 117 de la Ordenanza de Aduanas)<br \/>\n\u2022 Resoluci\u00f3n No 7.303 DNA D.O. 17.01.2015, Modifica normativa aduanera, a fin de adaptarla al nuevo art\u00edculo 177 de la Ordenanza de Aduanas, referido a la no formulaci\u00f3n de denuncias a quien incurriere en una contravenci\u00f3n aduanera<br \/>\n\u2022 Decreto No 32 de Hacienda D.O. 9.07.2018, Aprueba Reglamento que establece los requisitos y obligaciones que deber\u00e1n cumplir las personas que asistir\u00e1n al Servicio Nacional de Aduanas en los procesos a que se refiere el art\u00edculo 23 ter de la Ordenanza de Aduanas<br \/>\n\u2022 Resoluci\u00f3n No 3.939 DNA D.O. 30.10.2024, Establ\u00e9cense las siguientes instrucciones para la aplicaci\u00f3n de las normas contenidas en la Ley No 21.713<\/li>\n<\/ul>\n<p style=\"font-weight: 400;\"><b><strong>Sobre Agente de Aduanas<\/strong><\/b><\/p>\n<ul>\n<li style=\"font-weight: 400;\">Resoluci\u00f3n No 4.322 DNA D.O. 25.09.2014, Procedimiento para la autorizaci\u00f3n de auxiliares de Agentes de Aduana, otorgamiento, uso y control del Carn\u00e9 Aduanero y Registro de Auxiliares<br \/>\n\u2022 Resoluci\u00f3n No 8.034 DNA D.O. 16.01.2016, Fija sistema de procedimiento para informar operaciones o actividades sospechosas por parte de los Agentes de Aduanas<br \/>\n\u2022 Resoluci\u00f3n No 5.739 DNA D.O. 13.09.2017, Establece las siguientes instrucciones para el otorgamiento del mandato para despachar, por parte del due\u00f1o, consignante o consignatario de la mercanc\u00eda, al Agente de Aduana<br \/>\n\u2022 Resoluci\u00f3n Exenta No 718 DNA D.O. 19.02.2020, Procedimiento para el ejercicio de la jurisdicci\u00f3n disciplinaria del Director Nacional de Aduanas<\/li>\n<\/ul>\n<p style=\"font-weight: 400;\"><b><strong>Sobre Importaciones<\/strong><\/b><\/p>\n<ul>\n<li style=\"font-weight: 400;\">Ley No 19.912 D.O. 4.11.2003. Adecua la legislaci\u00f3n que indica conforme a los acuerdos de la Organizaci\u00f3n Mundial del Comercio OMC suscritos por Chile<br \/>\n\u2022 D.F.L. No 31 de Hacienda D.O. 22.04.2005, Aprueba el texto refundido, coordinado y sistematizado de la Ley No 18.525, que establece normas sobre importaci\u00f3n de mercanc\u00edas al pa\u00eds<br \/>\n\u2022 Decreto No 1.314 de Hacienda D.O. 22.03.2013, Aprueba Reglamento Antidistorsiones<\/li>\n<\/ul>\n<p style=\"font-weight: 400;\"><b><strong>Sobre Consejo Aduanero P\u00fablico-Privado<\/strong><\/b><\/p>\n<ul>\n<li style=\"font-weight: 400;\">Resoluci\u00f3n No 5.992 DNA D.O. 30.08.2012, Crea Consejo Aduanero P\u00fablico-Privado<br \/>\n\u2022 Resoluci\u00f3n No 8.626 DNA D.O. 29.08.2013, Aprueba Reglamento Consejo de la Sociedad Civil del Servicio Nacional de Aduanas, denominado Consejo Aduanero P\u00fablico-Privado<br \/>\n\u2022 Resoluci\u00f3n No 7.160 DNA D.O. 29.12.2014, Aprueba Mecanismos Generales de Participaci\u00f3n Ciudadana del Servicio Nacional de Aduanas<br \/>\n\u2022 Resoluci\u00f3n No 5.854 DNA D.O. 27.09.2016, Aprueba el Procedimiento de Publicaci\u00f3n Anticipada<\/li>\n<\/ul>\n<p style=\"font-weight: 400;\"><b><strong>Sobre recintos de dep\u00f3sito aduanero<\/strong><\/b><\/p>\n<ul>\n<li style=\"font-weight: 400;\">Decreto No 1.114 de Hacienda D.O. 26.05.1998, Establece reglamento para la habilitaci\u00f3n y concesi\u00f3n de los recintos de dep\u00f3sito aduanero y el almacenamiento de las mercanc\u00edas<br \/>\n\u2022 Resoluci\u00f3n No 3.058 DNA D.O. 16.05.2012, Aprueba requerimientos m\u00ednimos que forman parte del est\u00e1ndar Aduana a operadores de recintos de dep\u00f3sito aduanero<br \/>\n\u2022 Resoluci\u00f3n No 3.060 DNA D.O. 16.05.2012, Apru\u00e9bese el siguiente procedimiento para el estudio y resoluci\u00f3n de las solicitudes de habilitaci\u00f3n directa de almacenes extraportuarios y de recintos de dep\u00f3sito aduanero<br \/>\n\u2022 Decreto No 73 de Hacienda D.O. 2.03.2018, Aprueba los requisitos que deben cumplir ciertos importadores para retirar las mercanc\u00edas extranjeras que se encuentren en los recintos de dep\u00f3sito aduanero para su importaci\u00f3n, para acceder a los beneficios que indica<\/li>\n<\/ul>\n","protected":false},"excerpt":{"rendered":"<p>Contamos con prestigiosos autores y muchas alternativas en sus diferentes materias al igual que grandes descuentos.! Vis\u00edtanos en <a class=\"EecZwEFMSKhtOgVLxVNpIfZlKDkkORHb \" tabindex=\"0\" href=\"https:\/\/lnkd.in\/eiAG7jdZ\" target=\"_blank\" rel=\"noopener\" data-test-app-aware-link=\"\">https:\/\/lnkd.in\/eiAG7jdZ<\/a><br \/>\nEscr\u00edbenos al +56930565235 \/ <a class=\"EecZwEFMSKhtOgVLxVNpIfZlKDkkORHb \" tabindex=\"0\" href=\"mailto:ventaslegallexglobal@gmail.com\" target=\"_self\" data-test-app-aware-link=\"\">ventaslegallexglobal@gmail.com<\/a><br \/>\nHacemos env\u00edos a todo Chile \u2013 Starken o Correos Chile \/ Te esperamos<\/p>\n","protected":false},"featured_media":2274,"comment_status":"open","ping_status":"closed","template":"","meta":{"inline_featured_image":false,"_joinchat":[]},"product_brand":[],"product_cat":[45,27,26],"product_tag":[],"class_list":{"0":"post-2244","1":"product","2":"type-product","3":"status-publish","4":"has-post-thumbnail","6":"product_cat-administrativo","7":"product_cat-civil","8":"product_cat-derecho","10":"first","11":"instock","12":"shipping-taxable","13":"purchasable","14":"product-type-simple"},"_links":{"self":[{"href":"https:\/\/bibliotecajuridicavirtual.cl\/index.php\/wp-json\/wp\/v2\/product\/2244","targetHints":{"allow":["GET"]}}],"collection":[{"href":"https:\/\/bibliotecajuridicavirtual.cl\/index.php\/wp-json\/wp\/v2\/product"}],"about":[{"href":"https:\/\/bibliotecajuridicavirtual.cl\/index.php\/wp-json\/wp\/v2\/types\/product"}],"replies":[{"embeddable":true,"href":"https:\/\/bibliotecajuridicavirtual.cl\/index.php\/wp-json\/wp\/v2\/comments?post=2244"}],"wp:featuredmedia":[{"embeddable":true,"href":"https:\/\/bibliotecajuridicavirtual.cl\/index.php\/wp-json\/wp\/v2\/media\/2274"}],"wp:attachment":[{"href":"https:\/\/bibliotecajuridicavirtual.cl\/index.php\/wp-json\/wp\/v2\/media?parent=2244"}],"wp:term":[{"taxonomy":"product_brand","embeddable":true,"href":"https:\/\/bibliotecajuridicavirtual.cl\/index.php\/wp-json\/wp\/v2\/product_brand?post=2244"},{"taxonomy":"product_cat","embeddable":true,"href":"https:\/\/bibliotecajuridicavirtual.cl\/index.php\/wp-json\/wp\/v2\/product_cat?post=2244"},{"taxonomy":"product_tag","embeddable":true,"href":"https:\/\/bibliotecajuridicavirtual.cl\/index.php\/wp-json\/wp\/v2\/product_tag?post=2244"}],"curies":[{"name":"wp","href":"https:\/\/api.w.org\/{rel}","templated":true}]}}