{"id":2249,"date":"2026-02-28T00:59:47","date_gmt":"2026-02-28T03:59:47","guid":{"rendered":"https:\/\/bibliotecajuridicavirtual.cl\/?post_type=product&#038;p=2249"},"modified":"2026-02-28T01:00:17","modified_gmt":"2026-02-28T04:00:17","slug":"curso-de-derecho-procesal-teoria-general-del-proceso-adolfo-alvarado-velloso-francisco-pinochet-cantwell-796-pag-2025","status":"publish","type":"product","link":"https:\/\/bibliotecajuridicavirtual.cl\/index.php\/product\/curso-de-derecho-procesal-teoria-general-del-proceso-adolfo-alvarado-velloso-francisco-pinochet-cantwell-796-pag-2025\/","title":{"rendered":"Curso de Derecho Procesal * Teor\u00eda General del Proceso * Adolfo Alvarado Velloso &#8211; Francisco Pinochet Cantwell &#8211; 796 P\u00e1g. \/ 2025"},"content":{"rendered":"<p style=\"font-weight: 400;\">Este Curso hab\u00eda sido concebido originalmente como un Manual. Y as\u00ed vino public\u00e1ndose en distintos pa\u00edses de Latinoam\u00e9rica durante los a\u00f1os 2023 y 2024. Pero puesto en manos del disc\u00edpulo de Adolfo Alvarado, Francisco Pinochet, para adaptarlo a la legislaci\u00f3n chilena, \u00e9ste acometi\u00f3 una labor mucho m\u00e1s profunda. No s\u00f3lo agreg\u00f3 los p\u00e1rrafos de normativa chilena correspondiente en cada cap\u00edtulo y secci\u00f3n de la obra, sino que busc\u00f3 el equivalente de cada art\u00edculo de la Constituci\u00f3n Pol\u00edtica de la Naci\u00f3n Argentina, de su C\u00f3digo Civil y de Comercio de su C\u00f3digo Procesal Civil y de Comercio, de su C\u00f3digo Procesal Penal -y en estos casos en los c\u00f3digos de la Provincia de Santa Fe- de su C\u00f3digo Penal, del Trabajo y de todo otro texto legal mencionado en la obra original.<\/p>\n<p style=\"font-weight: 400;\">Este trabajo supuso la revisi\u00f3n y comparaci\u00f3n de e m\u00e1s 8.600 disposiciones legales de ambos pa\u00edses.<\/p>\n<p style=\"font-weight: 400;\">Adem\u00e1s de la agregaci\u00f3n de la normativa constitucional y legal chilena, esto signific\u00f3 la incorporaci\u00f3n de toda la doctrina necesaria para entender los procesos civil y penal, que se analizan esencialmente en esta obra, sin perjuicio de necesarias alusiones a los procesos laboral y de familia, entre otros que result\u00f3 necesario abordar tangencialmente en esta obra. Con estos aportes se hizo la tarea de analizar comparativamente, adem\u00e1s, diversas normas e instituciones de ambos pa\u00edses, realizando un aporte de derecho comparado que esperamos el lector pueda apreciar. Todo este esfuerzo gener\u00f3 este Curso Derecho Procesal y de Teor\u00eda General del Proceso.<\/p>\n<p style=\"font-weight: 400;\"><b><strong><br \/>\nUNIDAD I<\/strong><\/b><br \/>\n<b><strong>LAS NOCIONES PRELIMINARES<\/strong><\/b><\/p>\n<p style=\"font-weight: 400;\">Lecci\u00f3n 1. La necesidad del proceso: su porqu\u00e9 y su para qu\u00e9<br \/>\nLecci\u00f3n 2. La normativa procesal<br \/>\nLecci\u00f3n 3. El derecho procesal como asignatura<br \/>\nLecci\u00f3n 4. Los sistemas de enjuiciamiento judicial<\/p>\n<p style=\"font-weight: 400;\"><b><strong>UNIDAD II<\/strong><\/b><br \/>\n<b><strong>LOS CONCEPTOS FUNDAMENTALES<\/strong><\/b><\/p>\n<p style=\"font-weight: 400;\"><b><strong>PARTE I<\/strong><\/b><br \/>\n<b><strong>EN CUANTO SE RELACIONAN CON EL PRETENDIENTE<\/strong><\/b><\/p>\n<p style=\"font-weight: 400;\">Lecci\u00f3n 5. La acci\u00f3n procesal<br \/>\nLecci\u00f3n 6. La pretensi\u00f3n procesal<br \/>\nLecci\u00f3n 7. La demanda judicial<\/p>\n<p style=\"font-weight: 400;\"><b><strong>PARTE II<\/strong><\/b><br \/>\n<b><strong>EN CUANTO SE RELACIONAN CON LA AUTORIDAD<\/strong><\/b><\/p>\n<p style=\"font-weight: 400;\">Lecci\u00f3n 8. La jurisdicci\u00f3n<br \/>\nLecci\u00f3n 9. La competencia judicial<\/p>\n<p style=\"font-weight: 400;\"><b><strong>PARTE III<\/strong><\/b><br \/>\n<b><strong>EN CUANTO SE RELACIONAN CON EL RESISTENTE<\/strong><\/b><\/p>\n<p style=\"font-weight: 400;\">Lecci\u00f3n 10. Las posibles reacciones del resistente<\/p>\n<p style=\"font-weight: 400;\"><b><strong>PARTE IV<\/strong><\/b><br \/>\n<b><strong>EN CUANTO SE RELACIONAN CON EL MEDIO DE DEBATE<\/strong><\/b><\/p>\n<p style=\"font-weight: 400;\">Lecci\u00f3n 11. El proceso como m\u00e9todo de enjuiciamiento<br \/>\nLecci\u00f3n 12. Los principios y las reglas t\u00e9cnicas procesales<br \/>\nLecci\u00f3n 13. Los actos procesales: su eficacia e ineficacia<br \/>\nLecci\u00f3n 14. Las eventualidades procesales<br \/>\nLecci\u00f3n 15. El coste del proceso<\/p>\n<p style=\"font-weight: 400;\"><b><strong>UNIDAD III<\/strong><\/b><br \/>\n<b><strong>LOS SUJETOS DEL PROCESO<\/strong><\/b><\/p>\n<p style=\"font-weight: 400;\">Lecci\u00f3n 16. Las partes procesales<br \/>\nLecci\u00f3n 17. El juez y sus auxiliares<br \/>\nLecci\u00f3n 18. Los terceros que act\u00faan en el proceso sin ser partes procesales<br \/>\nLecci\u00f3n 19. Los terceros que se convierten en partes procesales<br \/>\nLecci\u00f3n 20. El ministerio p\u00fablico y otras organizaciones de defensa del estado<\/p>\n<p style=\"font-weight: 400;\"><b><strong>UNIDAD IV<\/strong><\/b><br \/>\n<b><strong>LA CONFIRMACI\u00d3N PROCESAL<\/strong><\/b><\/p>\n<p style=\"font-weight: 400;\">Lecci\u00f3n 21. Teor\u00eda general de la prueba judicial<\/p>\n<p style=\"font-weight: 400;\"><b><strong>UNIDAD V<\/strong><\/b><br \/>\n<b><strong>LA FINALIZACI\u00d3N DEL PROCESO<\/strong><\/b><\/p>\n<p style=\"font-weight: 400;\">Lecci\u00f3n 22. Los modos de terminar el curso procedimental<\/p>\n<p style=\"font-weight: 400;\"><b><strong>UNIDAD VI<\/strong><\/b><br \/>\n<b><strong>LA SENTENCIA COMO NORMA JUR\u00cdDICA<\/strong><\/b><\/p>\n<p style=\"font-weight: 400;\">Lecci\u00f3n 23. El objeto del proceso: La sentencia<\/p>\n<p style=\"font-weight: 400;\"><b><strong>UNIDAD VII<\/strong><\/b><br \/>\n<b><strong>LA IMPUGNACI\u00d3N PROCESAL<\/strong><\/b><\/p>\n<p style=\"font-weight: 400;\">Lecci\u00f3n 24. Teor\u00eda general de la impugnaci\u00f3n<\/p>\n<p style=\"font-weight: 400;\"><b><strong>UNIDAD VIII<\/strong><\/b><br \/>\n<b><strong>LA CAUTELA PROCESAL<\/strong><\/b><\/p>\n<p style=\"font-weight: 400;\">Lecci\u00f3n 25. Teor\u00eda general de la cautela procesal<\/p>\n<p style=\"font-weight: 400;\"><b><strong>UNIDAD IX<\/strong><\/b><br \/>\n<b><strong>LA EJECUCI\u00d3N PROCESAL<\/strong><\/b><\/p>\n<p style=\"font-weight: 400;\">Lecci\u00f3n 26. Teor\u00eda general de la ejecuci\u00f3n procesal<\/p>\n","protected":false},"excerpt":{"rendered":"<p>Tratado de Responsabilidad Extracontractual, 2 tomos * Enrique Barros Bourie &#8211; 1.500 P\u00e1ginas * segunda edici\u00f3n mayo 2025 \/ Tapa Dura.<br \/>\nBuscas un libro Jur\u00eddico.? Lo puedes encontrar en nuestra tienda virtual.<br \/>\nContamos con prestigiosos autores y muchas alternativas en sus diferentes materias al igual que grandes descuentos.! Vis\u00edtanos en <a class=\"ZgsYcCdumgONIXFCFoqDwhJKByvjHoEAMMI \" tabindex=\"0\" href=\"https:\/\/lnkd.in\/eiAG7jdZ\" target=\"_blank\" rel=\"noopener\" data-test-app-aware-link=\"\">https:\/\/lnkd.in\/eiAG7jdZ<\/a><br \/>\nEscr\u00edbenos al +56930565235 \/ <a class=\"ZgsYcCdumgONIXFCFoqDwhJKByvjHoEAMMI \" tabindex=\"0\" href=\"mailto:ventaslegallexglobal@gmail.com\" target=\"_self\" data-test-app-aware-link=\"\">ventaslegallexglobal@gmail.com<\/a><br \/>\nHacemos env\u00edos a todo Chile \u2013 Starken o Correos Chile \/ Te esperamos<\/p>\n","protected":false},"featured_media":2301,"comment_status":"open","ping_status":"closed","template":"","meta":{"inline_featured_image":false,"_joinchat":[]},"product_brand":[],"product_cat":[26,39],"product_tag":[],"class_list":{"0":"post-2249","1":"product","2":"type-product","3":"status-publish","4":"has-post-thumbnail","6":"product_cat-derecho","7":"product_cat-procesal-civil","9":"first","10":"instock","11":"shipping-taxable","12":"purchasable","13":"product-type-simple"},"_links":{"self":[{"href":"https:\/\/bibliotecajuridicavirtual.cl\/index.php\/wp-json\/wp\/v2\/product\/2249","targetHints":{"allow":["GET"]}}],"collection":[{"href":"https:\/\/bibliotecajuridicavirtual.cl\/index.php\/wp-json\/wp\/v2\/product"}],"about":[{"href":"https:\/\/bibliotecajuridicavirtual.cl\/index.php\/wp-json\/wp\/v2\/types\/product"}],"replies":[{"embeddable":true,"href":"https:\/\/bibliotecajuridicavirtual.cl\/index.php\/wp-json\/wp\/v2\/comments?post=2249"}],"wp:featuredmedia":[{"embeddable":true,"href":"https:\/\/bibliotecajuridicavirtual.cl\/index.php\/wp-json\/wp\/v2\/media\/2301"}],"wp:attachment":[{"href":"https:\/\/bibliotecajuridicavirtual.cl\/index.php\/wp-json\/wp\/v2\/media?parent=2249"}],"wp:term":[{"taxonomy":"product_brand","embeddable":true,"href":"https:\/\/bibliotecajuridicavirtual.cl\/index.php\/wp-json\/wp\/v2\/product_brand?post=2249"},{"taxonomy":"product_cat","embeddable":true,"href":"https:\/\/bibliotecajuridicavirtual.cl\/index.php\/wp-json\/wp\/v2\/product_cat?post=2249"},{"taxonomy":"product_tag","embeddable":true,"href":"https:\/\/bibliotecajuridicavirtual.cl\/index.php\/wp-json\/wp\/v2\/product_tag?post=2249"}],"curies":[{"name":"wp","href":"https:\/\/api.w.org\/{rel}","templated":true}]}}