{"id":2250,"date":"2026-02-28T00:59:47","date_gmt":"2026-02-28T03:59:47","guid":{"rendered":"https:\/\/bibliotecajuridicavirtual.cl\/?post_type=product&#038;p=2250"},"modified":"2026-02-28T01:00:18","modified_gmt":"2026-02-28T04:00:18","slug":"manual-de-derecho-internacional-privado-carolina-zamar-rabajille-462-paginas-ano-2025","status":"publish","type":"product","link":"https:\/\/bibliotecajuridicavirtual.cl\/index.php\/product\/manual-de-derecho-internacional-privado-carolina-zamar-rabajille-462-paginas-ano-2025\/","title":{"rendered":"Manual de Derecho Internacional Privado * Carolina Zamar Rabajille &#8211; 462 P\u00e1ginas a\u00f1o 2025"},"content":{"rendered":"<p style=\"font-weight: 400;\">Esta obra surge de las grabaciones, apuntes y transcripciones de los alumnos de pregrado de la autora, sin embargo, fue necesario hacer un trabajo de adecuaci\u00f3n, excluyendo las exclamaciones inherentes del aula de la disciplina. De esta manera el producto final es un libro como cualquier otro, pero que nace de la sencillez de las clases en vivo. Por ello y en la misma l\u00ednea, es un libro que esa dirigido primordialmente a alumnos de pregrado.<\/p>\n<p style=\"font-weight: 400;\">Esta obra surge de las grabaciones, apuntes y transcripciones de los alumnos de pregrado de la autora, sin embargo, fue necesario hacer un trabajo de adecuaci\u00f3n, excluyendo las exclamaciones inherentes del aula de la disciplina. De esta manera el producto final es un libro como cualquier otro, pero que nace de la sencillez de las clases en vivo. Por ello y en la misma l\u00ednea, es un libro que esa dirigido primordialmente a alumnos de pregrado.<\/p>\n<p style=\"font-weight: 400;\"><b><strong>PARTE GENERAL<\/strong><\/b><\/p>\n<p style=\"font-weight: 400;\"><b><strong>CAP\u00cdTULO 1<\/strong><\/b><br \/>\n<b><strong>DERECHO INTERNACIONAL PRIVADO: PRESUPUESTO, CARACTER\u00cdSTICAS, CONCEPTO, \u00c1MBITO DE APLICACI\u00d3N Y FUENTES<\/strong><\/b><\/p>\n<p style=\"font-weight: 400;\">Introducci\u00f3n<br \/>\nEl Fen\u00f3meno de la Frontera<\/p>\n<p style=\"font-weight: 400;\">Presupuestos del Derecho Internacional Privado<\/p>\n<p style=\"font-weight: 400;\">Caracter\u00edsticas del Derecho Internacional Privado<br \/>\nCar\u00e1cter Internacional del Derecho Internacional Privado<\/p>\n<p style=\"font-weight: 400;\">Car\u00e1cter privado del Derecho Internacional Privado<\/p>\n<p style=\"font-weight: 400;\">\u00c1mbito de Aplicaci\u00f3n del Derecho Internacional Privado<br \/>\nDesarrollo<\/p>\n<p style=\"font-weight: 400;\">Concepto de Derecho Internacional Privado<\/p>\n<p style=\"font-weight: 400;\">Fuentes del Derecho Internacional Privado<br \/>\nGeneralidades<br \/>\nDesarrollo<br \/>\nPosturas sobre la Lex Mercatoria<\/p>\n<p style=\"font-weight: 400;\">Historia de la Unificaci\u00f3n del Derecho Internacional Privado en Am\u00e9rica Latina<br \/>\nEn Am\u00e9rica Latina han existido 4 importantes intentos de unificaci\u00f3n del DIPr<br \/>\nDesarrollo<br \/>\nCaracter\u00edsticas de la Codificaci\u00f3n del DIPr en Am\u00e9rica Latina<br \/>\nDificultades de la codificaci\u00f3n americana<\/p>\n<p style=\"font-weight: 400;\"><b><strong>CAP\u00cdTULO 2<\/strong><\/b><br \/>\n<b><strong>TR\u00c1FICO JUR\u00cdDICO INTERNO: LAS NORMAS Y LOS M\u00c9TODOS DE SOLUCI\u00d3N<\/strong><\/b><\/p>\n<p style=\"font-weight: 400;\">El Tr\u00e1fico Jur\u00eddico Externo<\/p>\n<p style=\"font-weight: 400;\">El Derecho Internacional Privado en su Devenir<br \/>\nFactores que inciden para que el cambio se produzca<br \/>\nGlobalizaci\u00f3n y DIPr<br \/>\nDerechos Humanos<br \/>\nIntegraci\u00f3n Econ\u00f3mica y Pol\u00edtica<br \/>\nMulticulturalidad y DIPr<br \/>\nCooperaci\u00f3n Jurisdiccional Internacional<br \/>\nDerecho Internacional P\u00fablico y DIPr<br \/>\nProgreso Tecnol\u00f3gico<\/p>\n<p style=\"font-weight: 400;\">Universalismo y Particularismo en el Derecho Internacional Privado<\/p>\n<p style=\"font-weight: 400;\">Rol del Ordenamiento Estatal<\/p>\n<p style=\"font-weight: 400;\">Directrices Internacionales para la Reglamentaci\u00f3n del Tr\u00e1fico Externo<\/p>\n<p style=\"font-weight: 400;\">Las Normas y sus M\u00e9todos de Soluci\u00f3n<br \/>\nM\u00e9todo indirecto<br \/>\nInconvenientes del m\u00e9todo indirecto<br \/>\nComo se\u00f1ala Rigaux<br \/>\nM\u00e9todo directo<br \/>\nM\u00e9todo mixto o de extensi\u00f3n<br \/>\nNormas de aplicaci\u00f3n inmediata o necesaria<\/p>\n<p style=\"font-weight: 400;\"><b><strong>CAP\u00cdTULO 3<\/strong><\/b><br \/>\n<b><strong>LA NORMA CONFLICTO, LOS FACTORES DE CONEXI\u00d3N Y LOS PROBLEMAS DE CALIFICACI\u00d3N<\/strong><\/b><\/p>\n<p style=\"font-weight: 400;\">Las Normas de Conflicto<br \/>\nGeneralidades<br \/>\nConcepto de norma de conflicto<br \/>\nObjeto y terminolog\u00eda de la norma de conflicto<br \/>\nEstructura y caracter\u00edsticas de la norma de conflicto<br \/>\nCr\u00edticas al m\u00e9todo conflictual<br \/>\nClasificaci\u00f3n de la norma de conflicto<\/p>\n<p style=\"font-weight: 400;\">Los Factores de Conexi\u00f3n<br \/>\nElecci\u00f3n de los factores de conexi\u00f3n<\/p>\n<p style=\"font-weight: 400;\">Los Conflictos de Calificaci\u00f3n<br \/>\nIntroducci\u00f3n: Esquema General<br \/>\nLa Calificaci\u00f3n: Concepto<br \/>\nConflictos de Calificaci\u00f3n<br \/>\nOrigen del problema de las calificaciones<br \/>\n\u00bfC\u00f3mo se resuelve el problema de la Calificaci\u00f3n?<br \/>\nDoctrinas para solucionar los Conflictos de Calificaci\u00f3n<\/p>\n<p style=\"font-weight: 400;\"><b><strong>CAP\u00cdTULO 4<\/strong><\/b><br \/>\n<b><strong>EL REENV\u00cdO LA CUESTI\u00d3N PREVIA Y LOS PROBLEMAS TEMPORALES<\/strong><\/b><\/p>\n<p style=\"font-weight: 400;\">El Reenv\u00edo<br \/>\nRequisitos para estar en presencia de un problema de reenv\u00edo<br \/>\n\u00bfCu\u00e1ndo se suscita un problema de reenv\u00edo?<br \/>\nConcepto de reenv\u00edo<br \/>\nClases de reenv\u00edo<br \/>\nOr\u00edgenes del reenv\u00edo<br \/>\n\u00bfC\u00f3mo se resuelve el problema del reenv\u00edo en Chile?<br \/>\nTeor\u00edas en relaci\u00f3n con el reenv\u00edo<br \/>\nEl reenv\u00edo y los l\u00edmites a su aplicaci\u00f3n<\/p>\n<p style=\"font-weight: 400;\">La Cuesti\u00f3n Previa o Preliminar<br \/>\nSurge la duda: \u00bfqu\u00e9 derecho se aplica para regular la cuesti\u00f3n previa?<br \/>\nLa cuesti\u00f3n previa ante el derecho<\/p>\n<p style=\"font-weight: 400;\">Problemas sobre Aplicaci\u00f3n de la Ley en el Tiempo<br \/>\nCambio del Derecho Internacional Privado de la Lex Fori<br \/>\nCambio en el Derecho Extranjero Declarado Aplicable seg\u00fan la Norma de Conflicto del Foro<br \/>\nCambio del hecho que subyace en el factor de conexi\u00f3n: Conflicto M\u00f3vil<br \/>\nEsta clase de elementos \u2013continuados y variables\u2013 es la \u00fanica que puede suscitar conflictos m\u00f3viles<\/p>\n<p style=\"font-weight: 400;\"><b><strong>CAP\u00cdTULO 5<\/strong><\/b><br \/>\n<b><strong>NATURALEZA JUR\u00cdDICA DEL DERECHO EXTRANJERO, APLICACI\u00d3N DEL DERECHO EXTRANJERO EN CHILE, PRUEBA, INTERPRETACI\u00d3N Y APLICACI\u00d3N DE LA LEY EXTRANJERA<\/strong><\/b><\/p>\n<p style=\"font-weight: 400;\">Naturaleza Jur\u00eddica del Derecho Extranjero<br \/>\nTeor\u00edas de hecho y de derecho: importancia de adoptar una u otra<br \/>\nTeor\u00edas de hecho<br \/>\nTeor\u00edas de derecho<br \/>\n\u00bfQu\u00e9 importancia tiene adoptar una u otra teor\u00eda?<\/p>\n<p style=\"font-weight: 400;\">La Aplicaci\u00f3n del Derecho Extranjero en Chile<br \/>\nSituaci\u00f3n legal y doctrinal antes de 1985<br \/>\nSituaci\u00f3n legal y doctrinal despu\u00e9s de 1985<br \/>\nAl respecto<br \/>\nLa C\u00e1tedra se inclina por la postura intermedia: considerar a la ley extranjera como: \u201cun hecho fuera de la causa o del proceso\u201d<br \/>\nConsecuencias Jur\u00eddicas de seguir la Tesis Intermedia<\/p>\n<p style=\"font-weight: 400;\">Prueba y Conocimiento de la Ley Extranjera<br \/>\n\u00bfC\u00f3mo se prueba y conoce una ley extranjera?<br \/>\nMedios para Probar el Derecho Extranjero<br \/>\nPara este problema se han dado diversas soluciones<\/p>\n<p style=\"font-weight: 400;\">Interpretaci\u00f3n y Aplicaci\u00f3n de la Ley Extranjera<br \/>\nAn\u00e1lisis de Jurisprudencia: postura adoptada por la Corte de Apelaciones de Punta Arenas en relaci\u00f3n con la materia<\/p>\n<p style=\"font-weight: 400;\"><b><strong>CAP\u00cdTULO 6<\/strong><\/b><br \/>\n<b><strong>LIMITACIONES A LA APLICACI\u00d3N DE LA LEY EXTRANJERA<\/strong><\/b><\/p>\n<p style=\"font-weight: 400;\">Limitaciones a la Aplicaci\u00f3n de la Ley Extranjera<br \/>\nIntroducci\u00f3n<br \/>\nEl orden p\u00fablico<br \/>\nConcepto<br \/>\nCaracter\u00edsticas<br \/>\nNormas que son de orden p\u00fablico<br \/>\nEfecto del orden p\u00fablico<br \/>\nEl orden p\u00fablico en el Derecho chileno<br \/>\nEl fraude a la Ley<br \/>\nElementos<br \/>\nLegislaci\u00f3n<br \/>\nJurisprudencia<br \/>\nDoctrina<\/p>\n<p style=\"font-weight: 400;\">\n<b><strong>PARTE ESPECIAL<\/strong><\/b><\/p>\n<p style=\"font-weight: 400;\"><b><strong>CAP\u00cdTULO 1<\/strong><\/b><br \/>\n<b><strong>DERECHO CIVIL INTERNACIONAL<\/strong><\/b><\/p>\n<p style=\"font-weight: 400;\">El Estatuto Personal, Factores de Conexi\u00f3n, Derecho de las Personas<\/p>\n<p style=\"font-weight: 400;\">El Estatuto Personal<br \/>\nNociones generales<br \/>\nPrincipio de la Territorialidad de la Ley<br \/>\nEn consecuencia<\/p>\n<p style=\"font-weight: 400;\">Principio de la Extraterritorialidad de la Ley<br \/>\nEn consecuencia<\/p>\n<p style=\"font-weight: 400;\">Introducci\u00f3n<\/p>\n<p style=\"font-weight: 400;\">El Estatuto Personal<\/p>\n<p style=\"font-weight: 400;\">Factores de Conexi\u00f3n del Estatuto Personal en General<br \/>\nUtilidades del Sistema de la Nacionalidad<br \/>\nUtilidades del Sistema del Domicilio<\/p>\n<p style=\"font-weight: 400;\">El Estatuto Personal en la Legislaci\u00f3n Chilena<br \/>\nConsideraciones Preliminares<br \/>\nEstatuto Personal en el C\u00f3digo Bustamante<br \/>\nDesarrollo del Estatuto Personal en la Legislaci\u00f3n Chilena<br \/>\nArt\u00edculo 15 del C\u00f3digo Civil<br \/>\nDerecho de las Personas<br \/>\nEl Estado<br \/>\nNociones Generales<br \/>\nSistema Chileno<br \/>\nLa capacidad<br \/>\nNociones Generales<br \/>\nSistema Chileno<\/p>\n<p style=\"font-weight: 400;\"><b><strong>CAP\u00cdTULO 2<\/strong><\/b><br \/>\n<b><strong>EL MATRIMONIO<\/strong><\/b><\/p>\n<p style=\"font-weight: 400;\">El Matrimonio en el DIPr<br \/>\nNociones preliminares legislaci\u00f3n interna<br \/>\nAn\u00e1lisis de los requisitos]<br \/>\nAntecedentes<\/p>\n<p style=\"font-weight: 400;\">Requisitos de Forma del Matrimonio<br \/>\nDerecho comparado<br \/>\nLegislaci\u00f3n Aplicable<br \/>\nSistema chileno<\/p>\n<p style=\"font-weight: 400;\">Requisitos de Fondo del Matrimonio<br \/>\nDerecho comparado<br \/>\nLegislaci\u00f3n Aplicable<br \/>\nSistema chileno<\/p>\n<p style=\"font-weight: 400;\">Efectos del Matrimonio<br \/>\nEfectos personales<br \/>\nDerecho comparado<br \/>\nLegislaci\u00f3n Aplicable<br \/>\nSistema chileno<br \/>\nEfectos patrimoniales<br \/>\nDerecho comparado<br \/>\nLegislaci\u00f3n Aplicable<\/p>\n<p style=\"font-weight: 400;\">Divorcio<br \/>\nDerecho comparado<br \/>\nLegislaci\u00f3n Aplicable<br \/>\nSistema chileno<br \/>\nLey Aplicable a los Efectos del Divorcio<\/p>\n<p style=\"font-weight: 400;\">Nulidad del Matrimonio<br \/>\nDerecho comparado<br \/>\nPara evitar la nulidad se coloca como limitaci\u00f3n en orden p\u00fablico<br \/>\nValidaci\u00f3n retroactiva<br \/>\nSistema chileno<br \/>\nLey Aplicable a los Efectos de la Nulidad<\/p>\n<p style=\"font-weight: 400;\">Derecho de Alimentos<br \/>\nDerecho comparado<br \/>\nSistema chileno<\/p>\n<p style=\"font-weight: 400;\">Reconocimiento y Ejecuci\u00f3n de Sentencias Extranjeras de Divorcio y Nulidad<\/p>\n<p style=\"font-weight: 400;\"><b><strong>CAP\u00cdTULO 3<\/strong><\/b><br \/>\n<b><strong>EL ESTATUTO REAL<\/strong><\/b><\/p>\n<p style=\"font-weight: 400;\">El Estatuto Real<br \/>\nIntroducci\u00f3n<br \/>\nR\u00e9gimen de bienes: generalidades<\/p>\n<p style=\"font-weight: 400;\">Legislaci\u00f3n Aplicable a los Bienes<br \/>\nEvoluci\u00f3n hist\u00f3rica<\/p>\n<p style=\"font-weight: 400;\">Legislaci\u00f3n Aplicable a los Bienes Corporales e Incorporales<br \/>\nDe los Bienes y de las Cosas Corporales e Incorporales<br \/>\nLey aplicable a los bienes corporales<br \/>\nLey aplicable a los bienes incorporales<\/p>\n<p style=\"font-weight: 400;\">Sistema Chileno<br \/>\nConsideraciones preliminares<br \/>\nAn\u00e1lisis del Art\u00edculo 16 inc. 1 del C\u00f3digo Civil<\/p>\n<p style=\"font-weight: 400;\">Excepciones al Art\u00edculo 16 Inciso Primero del C\u00f3digo Civil<\/p>\n<p style=\"font-weight: 400;\"><b><strong>CAP\u00cdTULO 4<\/strong><\/b><br \/>\n<b><strong>SUCESI\u00d3N<\/strong><\/b><\/p>\n<p style=\"font-weight: 400;\">La Sucesi\u00f3n Internacional<br \/>\nIntroducci\u00f3n<br \/>\nGeneralidades: Sistemas reinantes en materia sucesoria<br \/>\nSucesi\u00f3n Testada<\/p>\n<p style=\"font-weight: 400;\">Sistema Chileno<\/p>\n<ol>\n<li style=\"font-weight: 400;\">Sucesi\u00f3n de un chileno<\/li>\n<li style=\"font-weight: 400;\">Sucesi\u00f3n de un extranjero<br \/>\nDerecho de preferencia de los chilenos<br \/>\nCr\u00edticas a la Redacci\u00f3n del Art\u00edculo 998 del C\u00f3digo Civil<br \/>\nSucesi\u00f3n Testada: Ley Aplicable a la Forma y Fondo<br \/>\nSucesi\u00f3n Testada en el Sistema Chileno<br \/>\nResumen<\/li>\n<\/ol>\n<p style=\"font-weight: 400;\">La Sucesi\u00f3n<br \/>\nSucesi\u00f3n de un extranjero<br \/>\nSucesi\u00f3n de un chileno<\/p>\n<p style=\"font-weight: 400;\"><b><strong>CAP\u00cdTULO 5<\/strong><\/b><br \/>\n<b><strong>ESTATUTO DE LOS ACTOS JUR\u00cdDICO<\/strong><\/b><\/p>\n<p style=\"font-weight: 400;\">Forma de los Actos Jur\u00eddicos<br \/>\nIntroducci\u00f3n: Aspectos generales<br \/>\nRegla: Locus Regit Actum<br \/>\nExtensi\u00f3n de la Regla Locus Regit Actum: La \u201cImposici\u00f3n\u201d (exigencia) y La \u201cReglamentaci\u00f3n\u201d de la Forma<br \/>\nRegla: Auctor Regit Actum<br \/>\nSituaci\u00f3n chilena<br \/>\n\u00bfEl Principio Locus Regit Actum es Facultativo u Obligatorio?<\/p>\n<p style=\"font-weight: 400;\">Derechos y Obligaciones Contractuales<br \/>\nContratos internacionales<br \/>\nDerecho aplicable a los contratos internacionales<br \/>\nConcepto de Autonom\u00eda de la Voluntad desde el punto de vista del DIPr<br \/>\nClases de Autonom\u00eda de la Voluntad: Manifestaciones que presenta en materia internacional<br \/>\nVentajas y Desventajas del Principio de la Autonom\u00eda de la Voluntad<br \/>\nL\u00edmites a la Autonom\u00eda de la Voluntad<br \/>\nDiferencias entre los L\u00edmites de la Autonom\u00eda Conflictual y Material<br \/>\nConvenciones Internacionales: Consagraci\u00f3n del Principio de la Autonom\u00eda de la Voluntad<\/p>\n<p style=\"font-weight: 400;\">Situaci\u00f3n Chilena<br \/>\nDerecho Aplicable a las Obligaciones Contractuales<br \/>\nContratos celebrados en Chile<br \/>\nContratos celebrados en el extranjero<\/p>\n<p style=\"font-weight: 400;\">Derecho Aplicable a las Obligaciones No Contractuales<\/p>\n<p style=\"font-weight: 400;\">Situaci\u00f3n chilena<\/p>\n","protected":false},"excerpt":{"rendered":"<p>Tratado de Responsabilidad Extracontractual, 2 tomos * Enrique Barros Bourie &#8211; 1.500 P\u00e1ginas * segunda edici\u00f3n mayo 2025 \/ Tapa Dura.<br \/>\nBuscas un libro Jur\u00eddico.? Lo puedes encontrar en nuestra tienda virtual.<br \/>\nContamos con prestigiosos autores y muchas alternativas en sus diferentes materias al igual que grandes descuentos.! Vis\u00edtanos en <a class=\"ZgsYcCdumgONIXFCFoqDwhJKByvjHoEAMMI \" tabindex=\"0\" href=\"https:\/\/lnkd.in\/eiAG7jdZ\" target=\"_blank\" rel=\"noopener\" data-test-app-aware-link=\"\">https:\/\/lnkd.in\/eiAG7jdZ<\/a><br \/>\nEscr\u00edbenos al +56930565235 \/ <a class=\"ZgsYcCdumgONIXFCFoqDwhJKByvjHoEAMMI \" tabindex=\"0\" href=\"mailto:ventaslegallexglobal@gmail.com\" target=\"_self\" data-test-app-aware-link=\"\">ventaslegallexglobal@gmail.com<\/a><br \/>\nHacemos env\u00edos a todo Chile \u2013 Starken o Correos Chile \/ Te esperamos<\/p>\n","protected":false},"featured_media":2302,"comment_status":"open","ping_status":"closed","template":"","meta":{"inline_featured_image":false,"_joinchat":[]},"product_brand":[],"product_cat":[27,26],"product_tag":[],"class_list":{"0":"post-2250","1":"product","2":"type-product","3":"status-publish","4":"has-post-thumbnail","6":"product_cat-civil","7":"product_cat-derecho","9":"first","10":"instock","11":"shipping-taxable","12":"purchasable","13":"product-type-simple"},"_links":{"self":[{"href":"https:\/\/bibliotecajuridicavirtual.cl\/index.php\/wp-json\/wp\/v2\/product\/2250","targetHints":{"allow":["GET"]}}],"collection":[{"href":"https:\/\/bibliotecajuridicavirtual.cl\/index.php\/wp-json\/wp\/v2\/product"}],"about":[{"href":"https:\/\/bibliotecajuridicavirtual.cl\/index.php\/wp-json\/wp\/v2\/types\/product"}],"replies":[{"embeddable":true,"href":"https:\/\/bibliotecajuridicavirtual.cl\/index.php\/wp-json\/wp\/v2\/comments?post=2250"}],"wp:featuredmedia":[{"embeddable":true,"href":"https:\/\/bibliotecajuridicavirtual.cl\/index.php\/wp-json\/wp\/v2\/media\/2302"}],"wp:attachment":[{"href":"https:\/\/bibliotecajuridicavirtual.cl\/index.php\/wp-json\/wp\/v2\/media?parent=2250"}],"wp:term":[{"taxonomy":"product_brand","embeddable":true,"href":"https:\/\/bibliotecajuridicavirtual.cl\/index.php\/wp-json\/wp\/v2\/product_brand?post=2250"},{"taxonomy":"product_cat","embeddable":true,"href":"https:\/\/bibliotecajuridicavirtual.cl\/index.php\/wp-json\/wp\/v2\/product_cat?post=2250"},{"taxonomy":"product_tag","embeddable":true,"href":"https:\/\/bibliotecajuridicavirtual.cl\/index.php\/wp-json\/wp\/v2\/product_tag?post=2250"}],"curies":[{"name":"wp","href":"https:\/\/api.w.org\/{rel}","templated":true}]}}