{"id":2251,"date":"2026-02-28T00:59:47","date_gmt":"2026-02-28T03:59:47","guid":{"rendered":"https:\/\/bibliotecajuridicavirtual.cl\/?post_type=product&#038;p=2251"},"modified":"2026-02-28T01:00:19","modified_gmt":"2026-02-28T04:00:19","slug":"la-litigacion-compleja-como-desafio-al-derecho-procesal-latinoamericano-flavia-carbonell-bellolio-thomas-vogt-geisse-1-edicion-ano-2025-426-pag","status":"publish","type":"product","link":"https:\/\/bibliotecajuridicavirtual.cl\/index.php\/product\/la-litigacion-compleja-como-desafio-al-derecho-procesal-latinoamericano-flavia-carbonell-bellolio-thomas-vogt-geisse-1-edicion-ano-2025-426-pag\/","title":{"rendered":"La Litigaci\u00f3n Compleja como Desaf\u00edo al Derecho Procesal Latinoamericano * Flavia Carbonell Bellolio * Thomas Vogt Geisse, 1\u00b0 edici\u00f3n a\u00f1o 2025 &#8211; 426 P\u00e1g."},"content":{"rendered":"<p>El t\u00e9rmino &#8220;litigaci\u00f3n compleja&#8221; se vincula com\u00fanmente con elementos tales como la multiplicidad de partes involucradas, los intereses sociales, pol\u00edticos o econ\u00f3micos en juego, la dimensi\u00f3n transfronteriza de los litigios, la prolongada duraci\u00f3n de los juicios y la necesidad de incorporar conocimientos de otras disciplinas, entre otros aspectos. Estos elementos comparten el rasgo com\u00fan de desafiar las categor\u00edas procesales tradicionales, las cuales estaban concebidas para juicios entre dos partes, de relevancia exclusivamente nacional y centrados en un caso concreto, resueltos con base en elementos de juicio de cantidad y contenido manejables sin conocimiento especializado. La litigaci\u00f3n se percibe como &#8220;compleja&#8221; precisamente debido a la insuficiencia de las normas procesales tradicionales para gestionar adecuadamente nuevas formas de conflictividad.<br \/>\nLas contribuciones de los autores de este libro buscan darle forma concreta a este amplio espectro de problemas, que puede resumirse en cuatro ejes clave que interpelan al derecho procesal tradicional: (i) la impronta colectiva, que cuestiona el car\u00e1cter individual y bipolar del proceso; (ii) la orientaci\u00f3n hacia el cambio social, que replantea la naturaleza retrospectiva del proceso dirigido \u00fanicamente a la resoluci\u00f3n de conflictos; (iii) el alcance transfronterizo, que tensiona la idea de procesos limitados a un contexto exclusivamente nacional; y finalmente, (iv) un caso particular de estudio en Chile, que desaf\u00eda la mirada tradicional desde diversas perspectivas: los procesos judiciales en materia de libre competencia.<\/p>\n<p>Cap\u00edtulo 1<br \/>\nDebido proceso colectivo y principios que informan la naturaleza del inter\u00e9s tutelado en esta clase de procedimientos\u00a0\u00a0 \u00a021<br \/>\nMaite Aguirrezabal Gr\u00fcnstein<\/p>\n<p>Cap\u00edtulo 2<br \/>\nFormas de la litigaci\u00f3n masiva: entre eficacia y garant\u00edas\u00a0\u00a0 \u00a057<br \/>\nAndrea A. Meroi<\/p>\n<p>Cap\u00edtulo 3<br \/>\n(Des) incentivando la litigaci\u00f3n\u00a0\u00a0 \u00a0103<br \/>\nAgust\u00edn Barroilhet<\/p>\n<p>Parte II<br \/>\nEl proceso judicial como herramienta de cambio social<\/p>\n<p>Cap\u00edtulo 4<br \/>\nLos procesos estructurales: un desaf\u00edo inmenso para los sistemas de justicia\u00a0\u00a0 \u00a0133<br \/>\nSantiago Pereira Campos<\/p>\n<p>Cap\u00edtulo 5<br \/>\nLitigaci\u00f3n estructural y teor\u00eda del caso\u00a0\u00a0 \u00a0167<br \/>\nMariela Puga<\/p>\n<p>Cap\u00edtulo 6<br \/>\nLos procesos estructurales en Brasil\u00a0\u00a0 \u00a0205<br \/>\nS\u00e9rgio Cruz Arenhart<\/p>\n<p>Parte III<br \/>\nEl proceso judicial m\u00e1s all\u00e1<br \/>\nde las fronteras nacionales<\/p>\n<p>Cap\u00edtulo 7<br \/>\nEl caso Chevron contra Ecuador como una ventana hacia las complejidades de la litigaci\u00f3n trasnacional\u00a0\u00a0 \u00a0233<br \/>\nClaudio Fuentes Maureira<\/p>\n<p>Cap\u00edtulo 8<br \/>\nLitigio multipolar y tutela cautelar en el arbitraje inversionista-Estado \u00a0\u00a0 \u00a0265<br \/>\nSebasti\u00e1n Mantilla Blanco<\/p>\n<p>Parte IV<br \/>\nEl proceso judicial de libre competencia como desaf\u00edo de litigaci\u00f3n compleja<\/p>\n<p>Cap\u00edtulo 9<br \/>\nCompatibilidad adaptada: integraci\u00f3n de las normas que regulan el proceso de libre competencia y aquellas del juicio que lo suple\u00a0\u00a0 \u00a0309<br \/>\nSilvia Retamales Morales<\/p>\n<p>Cap\u00edtulo 10<br \/>\nLitigaci\u00f3n en libre competencia en Chile: una mirada a la complejidad que trae consigo el consecuencialismo\u00a0\u00a0 \u00a0351<br \/>\nNicol\u00e1s Carrasco Delgado<\/p>\n<p>Cap\u00edtulo 11<br \/>\nLos casos de colusi\u00f3n como paradigma de la litigaci\u00f3n compleja\u00a0\u00a0 \u00a0393<br \/>\nFrancisco Ag\u00fcero Vargas<br \/>\nIgnacio Momberg Barr\u00eda<\/p>\n","protected":false},"excerpt":{"rendered":"<p>Buscas un libro Jur\u00eddico.? Lo puedes encontrar en nuestra tienda virtual.<br \/>\nContamos con prestigiosos autores y muchas alternativas en sus diferentes materias al igual que grandes descuentos.! Vis\u00edtanos en <a class=\"ZgsYcCdumgONIXFCFoqDwhJKByvjHoEAMMI \" tabindex=\"0\" href=\"https:\/\/lnkd.in\/eiAG7jdZ\" target=\"_blank\" rel=\"noopener\" data-test-app-aware-link=\"\">https:\/\/lnkd.in\/eiAG7jdZ<\/a><br \/>\nEscr\u00edbenos al +56930565235 \/ <a class=\"ZgsYcCdumgONIXFCFoqDwhJKByvjHoEAMMI \" tabindex=\"0\" href=\"mailto:ventaslegallexglobal@gmail.com\" target=\"_self\" data-test-app-aware-link=\"\">ventaslegallexglobal@gmail.com<\/a><br \/>\nHacemos env\u00edos a todo Chile \u2013 Starken o Correos Chile \/ Te esperamos<\/p>\n","protected":false},"featured_media":2303,"comment_status":"open","ping_status":"closed","template":"","meta":{"inline_featured_image":false,"_joinchat":[]},"product_brand":[],"product_cat":[45,33,26,39],"product_tag":[],"class_list":{"0":"post-2251","1":"product","2":"type-product","3":"status-publish","4":"has-post-thumbnail","6":"product_cat-administrativo","7":"product_cat-constitucional","8":"product_cat-derecho","9":"product_cat-procesal-civil","11":"first","12":"instock","13":"shipping-taxable","14":"purchasable","15":"product-type-simple"},"_links":{"self":[{"href":"https:\/\/bibliotecajuridicavirtual.cl\/index.php\/wp-json\/wp\/v2\/product\/2251","targetHints":{"allow":["GET"]}}],"collection":[{"href":"https:\/\/bibliotecajuridicavirtual.cl\/index.php\/wp-json\/wp\/v2\/product"}],"about":[{"href":"https:\/\/bibliotecajuridicavirtual.cl\/index.php\/wp-json\/wp\/v2\/types\/product"}],"replies":[{"embeddable":true,"href":"https:\/\/bibliotecajuridicavirtual.cl\/index.php\/wp-json\/wp\/v2\/comments?post=2251"}],"wp:featuredmedia":[{"embeddable":true,"href":"https:\/\/bibliotecajuridicavirtual.cl\/index.php\/wp-json\/wp\/v2\/media\/2303"}],"wp:attachment":[{"href":"https:\/\/bibliotecajuridicavirtual.cl\/index.php\/wp-json\/wp\/v2\/media?parent=2251"}],"wp:term":[{"taxonomy":"product_brand","embeddable":true,"href":"https:\/\/bibliotecajuridicavirtual.cl\/index.php\/wp-json\/wp\/v2\/product_brand?post=2251"},{"taxonomy":"product_cat","embeddable":true,"href":"https:\/\/bibliotecajuridicavirtual.cl\/index.php\/wp-json\/wp\/v2\/product_cat?post=2251"},{"taxonomy":"product_tag","embeddable":true,"href":"https:\/\/bibliotecajuridicavirtual.cl\/index.php\/wp-json\/wp\/v2\/product_tag?post=2251"}],"curies":[{"name":"wp","href":"https:\/\/api.w.org\/{rel}","templated":true}]}}