{"id":2252,"date":"2026-02-28T00:59:47","date_gmt":"2026-02-28T03:59:47","guid":{"rendered":"https:\/\/bibliotecajuridicavirtual.cl\/?post_type=product&#038;p=2252"},"modified":"2026-02-28T01:00:20","modified_gmt":"2026-02-28T04:00:20","slug":"el-contrato-administrativo-estudio-comparativo-entre-chile-y-argentina-actas-de-las-viii-jornadas-chilenoargentinas","status":"publish","type":"product","link":"https:\/\/bibliotecajuridicavirtual.cl\/index.php\/product\/el-contrato-administrativo-estudio-comparativo-entre-chile-y-argentina-actas-de-las-viii-jornadas-chilenoargentinas\/","title":{"rendered":"El Contrato Administrativo. Estudio Comparativo entre Chile y Argentina * Actas de las VIII Jornadas -Chileno*Argentinas"},"content":{"rendered":"<p style=\"font-weight: 400;\"><b><strong>EL CONTRATO ADMINISTRATIVO. ESTUDIO COMPARATIVO ENTRE CHILE Y ARGENTINA &#8211; ACTAS DE LAS VIII JORNADAS CHILENO-ARGENTINAS DE DERECHO ADMINISTRATIVO<\/strong><\/b><\/p>\n<p style=\"font-weight: 400;\">La obra incluye 24 art\u00edculos de destacados acad\u00e9micos chilenos y argentinos, a prop\u00f3sito de las VIII Jornadas chileno \u2013 argentinas de Derecho Administrativo.<\/p>\n<ol>\n<li style=\"font-weight: 400;\"><b><strong> LOS OR\u00cdGENES Y EL DESARROLLO DE LA CONTRATACI\u00d3N ADMINISTRATIVA EN CHILE<\/strong><\/b><br \/>\nJuan Carlos Ferrada B\u00f3rquez<\/li>\n<li style=\"font-weight: 400;\">1.1. Introducci\u00f3n<\/li>\n<\/ol>\n<p style=\"font-weight: 400;\">1.2. Los antecedentes del contrato administrativo en el derecho franc\u00e9s<br \/>\n1.3. El origen y la recepci\u00f3n del \u201ccontrato administrativo\u201d en el derecho chileno<br \/>\n1.4. La consolidaci\u00f3n de la categor\u00eda de \u201ccontrato administrativo\u201d en el ordenamiento jur\u00eddico chileno<br \/>\n1.5. Un nuevo estadio de la contrataci\u00f3n administrativa con la reforma de la Ley N\u00b0 19.886<\/p>\n<ol start=\"2\">\n<li style=\"font-weight: 400;\"><b><strong> LA EVOLUCI\u00d3N DEL CONTRATO ADMINISTRATIVO EN ARGENTINA<\/strong><\/b><br \/>\nErnesto Alberto Marcer<\/li>\n<\/ol>\n<p style=\"font-weight: 400;\">2.1. Concepto de contrato administrativo en Argentina<br \/>\n2.2. Diferencias conceptuales entre el contrato administrativo y el contrato de derecho privado<br \/>\n2.3. La situaci\u00f3n en Argentina hasta la d\u00e9cada del 80 y los cambios jurisprudenciales<br \/>\n2.4. La evoluci\u00f3n legislativa que termin\u00f3 de precisar la cuesti\u00f3n<br \/>\n2.5. La situaci\u00f3n de las entidades que tienen r\u00e9gimen jur\u00eddico mixto y la utilizaci\u00f3n err\u00f3nea de la figura de la sociedad del estado como autoridad de control<br \/>\n2.6. Conclusiones<\/p>\n<p style=\"font-weight: 400;\"><b><strong>CAP\u00cdTULO I<\/strong><\/b><br \/>\n<b><strong>EL CONCEPTO DE CONTRATO ADMINISTRATIVO<\/strong><\/b><\/p>\n<ol>\n<li style=\"font-weight: 400;\"><b><strong> EL CONCEPTO DE CONTRATO ADMINISTRATIVO Y LA IMPORTANCIA DE LAS FORMALIDADES EN SU CELEBRACI\u00d3N. LOS REG\u00cdMENES NORMATIVOS APLICABLES<\/strong><\/b><br \/>\nFabi\u00e1n Huepe Artigas<\/li>\n<\/ol>\n<p style=\"font-weight: 400;\">1.1. Introducci\u00f3n. El concepto de contrato administrativo. La distinci\u00f3n entre contrato administrativo y privado de la Administraci\u00f3n en Chile<br \/>\n1.2. Los elementos del contrato administrativo. Especial \u00e9nfasis en el elemento formal<br \/>\n1.3. El elemento formal de los contratos administrativos. Las formalidades previas, con especial menci\u00f3n a la licitaci\u00f3n p\u00fablica<br \/>\n1.4. Los vicios de ilegalidad y nulidad de los contratos administrativos. Problem\u00e1tica<br \/>\n1.5. Vicios de nulidad del contrato administrativo en la fase de ejecuci\u00f3n del contrato. \u00bfNulidad civil o administrativa?<br \/>\n1.6. Conclusiones<\/p>\n<ol start=\"2\">\n<li style=\"font-weight: 400;\"><b><strong> EL CONCEPTO DE CONTRATO ADMINISTRATIVO Y SU CAR\u00c1CTER FORMAL<\/strong><\/b><br \/>\nMar\u00eda Rosa Cilurzo<\/li>\n<\/ol>\n<p style=\"font-weight: 400;\">2.1. Consideraciones generales<br \/>\nA) Noci\u00f3n de contrato administrativo<br \/>\nB) El \u00e1mbito subjetivo en la jurisprudencia de la Corte<br \/>\nC) La normativa<br \/>\nD) Presunci\u00f3n de los contratos como administrativos<\/p>\n<p style=\"font-weight: 400;\">2.2. La incidencia del procedimiento en los principios generales de las contrataciones<br \/>\nA) El procedimiento y la forma seg\u00fan la Jurisprudencia<br \/>\nB) La normativa<br \/>\nC) La justificaci\u00f3n del procedimiento y la forma<\/p>\n<p style=\"font-weight: 400;\"><b><strong>CAP\u00cdTULO II<\/strong><\/b><br \/>\n<b><strong>LA CL\u00c1USULA EXORBITANTE<\/strong><\/b><\/p>\n<ol>\n<li style=\"font-weight: 400;\"><b><strong> LA CL\u00c1USULA EXORBITANTE DEL CONTRATO ADMINISTRATIVO: NOTAS A TRES PROBLEMAS CARDINALES<\/strong><\/b><br \/>\nCarlos Dorn Garrido<\/li>\n<\/ol>\n<p style=\"font-weight: 400;\">1.1. Notas previas<br \/>\n1.2. Los poderes de imperio de la autoridad contratante: \u00bfexorbitantes o correlativos a la categor\u00eda del contrato administrativo?<br \/>\n1.3. Sobre la fuente normativa de los poderes de imperio de la autoridad contratante: \u00bfcontractual o extracontractual (ley)?<br \/>\n1.4. Principio de ecuaci\u00f3n econ\u00f3mica financiera del contrato administrativo: \u00bftiene sentido el vocablo exorbitante?<\/p>\n<ol start=\"2\">\n<li style=\"font-weight: 400;\"><b><strong> LA CL\u00c1USULA EXORBITANTE<\/strong><\/b><br \/>\nMar\u00eda Soledad Larrea<\/li>\n<\/ol>\n<p style=\"font-weight: 400;\">2.1. Introducci\u00f3n y concepto<br \/>\n2.2. Origen y justificaci\u00f3n<br \/>\n2.3. Normativa<br \/>\n2.4. Casu\u00edstica<br \/>\n2.5. El test de razonabilidad<br \/>\n2.6. Colof\u00f3n<\/p>\n<p style=\"font-weight: 400;\"><b><strong>CAP\u00cdTULO III<\/strong><\/b><br \/>\n<b><strong>EL PRINCIPIO DE LEGALIDAD<\/strong><\/b><\/p>\n<ol>\n<li style=\"font-weight: 400;\"><b><strong> EL PRINCIPIO DE LEGALIDAD FRENTE AL DE AUTONOM\u00cdA DE LA VOLUNTAD EN EL CONTRATO ADMINISTRATIVO<\/strong><\/b><br \/>\nJavier Millar Silva<\/li>\n<\/ol>\n<p style=\"font-weight: 400;\">1.1. Introducci\u00f3n<br \/>\n1.2. De lo p\u00fablico y privado en el contrato administrativo<br \/>\n1.3. Aspectos generales sobre el contenido y origen de los principios en cuesti\u00f3n<br \/>\n1.4. Del principio de legalidad y de autonom\u00eda de la voluntad en materia de contratos administrativos<br \/>\n1.5. Del principio de legalidad frente a la autonom\u00eda de la voluntad en la regulaci\u00f3n espec\u00edfica de la contrataci\u00f3n p\u00fablica<br \/>\n1.6. Interpretaci\u00f3n jurisprudencial de las normas que regulan potestades exorbitantes<br \/>\n1.7. Conclusiones<\/p>\n<ol start=\"2\">\n<li style=\"font-weight: 400;\"><b><strong> EL PRINCIPIO DE LEGALIDAD EN LOS CONTRATOS ADMINISTRATIVOS<\/strong><\/b><br \/>\nSantiago Jos\u00e9 Garc\u00eda Mira<\/li>\n<\/ol>\n<p style=\"font-weight: 400;\">2.1. El principio de legalidad en la Constituci\u00f3n Nacional<br \/>\n2.2. Las proyecciones de este principio en materia de contratos<br \/>\n2.3. El principio general<br \/>\nA) El caso \u201cOrganizaci\u00f3n Coordinadora Argentina S.A. v Secretar\u00eda de Inteligencia de Estado\u201d<br \/>\nB) El caso \u201cEl Rinc\u00f3n de los Artistas\u201d<br \/>\n2.4. Otras manifestaciones del principio<br \/>\nA) La vigencia del principio en estructuras societarias y empresariales del Estado<br \/>\nB) La vigencia de los pliegos durante la ejecuci\u00f3n de los contratos. La igualdad<br \/>\nC) La legalidad en los pliegos de bases y condiciones<br \/>\n2.5. Sucesos jur\u00eddicos que confirman la regla explicada<\/p>\n<p style=\"font-weight: 400;\"><b><strong>CAP\u00cdTULO IV<\/strong><\/b><br \/>\n<b><strong>LOS PROCEDIMIENTOS DE SELECCI\u00d3N DEL CONTRATISTA<\/strong><\/b><\/p>\n<ol>\n<li style=\"font-weight: 400;\"><b><strong> LOS PROCEDIMIENTOS DE CONTRATACI\u00d3N ADMINISTRATIVA EN CHILE<\/strong><\/b><br \/>\nFrancisco Santib\u00e1\u00f1ez Y\u00e1\u00f1ez<\/li>\n<\/ol>\n<p style=\"font-weight: 400;\">1.1. Algunas precisiones terminol\u00f3gicas<br \/>\n1.2. El procedimiento de selecci\u00f3n del oferente de car\u00e1cter com\u00fan<br \/>\n1.3. Los procedimientos de contrataci\u00f3n administrativa en el ordenamiento jur\u00eddico chileno<br \/>\nA) Contrato de concesi\u00f3n de obra p\u00fablica<br \/>\nB) Contrato de ejecuci\u00f3n de obra p\u00fablica<br \/>\nC) Contratos de suministro y prestaci\u00f3n de servicios<br \/>\na. Convenios marco<br \/>\nb. Licitaci\u00f3n P\u00fablica<br \/>\nc. Licitaci\u00f3n privada<br \/>\nd. Trato directo<br \/>\ne. Etapa de suscripci\u00f3n del contrato<br \/>\n1.4. Causales anormales de terminaci\u00f3n de los procedimientos de contrataci\u00f3n administrativa<\/p>\n<ol start=\"2\">\n<li style=\"font-weight: 400;\"><b><strong> PROCEDIMIENTOS DE SELECCI\u00d3N DEL CONTRATISTA<\/strong><\/b><br \/>\nCarlos Mas Velez<\/li>\n<\/ol>\n<p style=\"font-weight: 400;\">2.1. Introducci\u00f3n<br \/>\n2.2. El marco normativo<br \/>\n2.3. Objeto y principios de la norma marco<br \/>\n2.4. Los procedimientos de selecci\u00f3n competitivos como regla general<br \/>\n2.5. Los distintos procedimientos de selecci\u00f3n previstos<br \/>\nA) La licitaci\u00f3n o concurso p\u00fablico<br \/>\nB) Licitaci\u00f3n o concurso privado<br \/>\nC) Contrataci\u00f3n directa<br \/>\n2.6. Clases de licitaciones y concursos p\u00fablicos y privados<br \/>\n2.7. Sobre el monto estimado de los contratos<br \/>\n2.8. A modo de s\u00edntesis<\/p>\n<p style=\"font-weight: 400;\"><b><strong>CAP\u00cdTULO V<\/strong><\/b><br \/>\n<b><strong>LA ECUACI\u00d3N ECON\u00d3MICO-FINANCIERA DEL CONTRATO<\/strong><\/b><\/p>\n<ol>\n<li style=\"font-weight: 400;\"><b><strong> EL EQUILIBRIO ECON\u00d3MICO DEL CONTRATO ADMINISTRATIVO<\/strong><\/b><br \/>\nGuillermo Jim\u00e9nez Salas<\/li>\n<\/ol>\n<p style=\"font-weight: 400;\">1.1. Introducci\u00f3n<br \/>\n1.2. La doctrina<br \/>\nA) Primer supuesto: el hecho del pr\u00edncipe<br \/>\nB) Segundo supuesto: la imprevisi\u00f3n<br \/>\n1.3. La legislaci\u00f3n<br \/>\nA) La Ley de Concesiones de Obra P\u00fablicas<br \/>\nB) El Reglamento para Contratos de Obras P\u00fablicas<br \/>\nC) Ley de Compras P\u00fablicas<br \/>\n1.4. La jurisprudencia administrativa<br \/>\n1.5. Equilibrio econ\u00f3mico del contrato y Covid-19<br \/>\n1.6. Conclusiones<\/p>\n<ol start=\"2\">\n<li style=\"font-weight: 400;\"><b><strong> LA ECUACI\u00d3N ECON\u00d3MICO FINANCIERA DEL CONTRATO. EL RIESGO EMPRESARIO. IMPREVISI\u00d3N<\/strong><\/b><br \/>\nErnesto Javier Geijo<\/li>\n<\/ol>\n<p style=\"font-weight: 400;\">2.1. Introducci\u00f3n<br \/>\n2.2. Algunas reflexiones sobre el contrato administrativo<br \/>\n2.3. El riesgo empresario<br \/>\n2.4. El riesgo empresario en el contrato p\u00fablico<br \/>\n2.5. La ecuaci\u00f3n econ\u00f3mico-financiera del contrato<br \/>\n2.6. La recepci\u00f3n normativa respecto de la carga de los riesgos en el derecho argentino<br \/>\n2.7. La imprevisi\u00f3n la vinculaci\u00f3n con el derecho privado<\/p>\n<p style=\"font-weight: 400;\"><b><strong>CAP\u00cdTULO VI<\/strong><\/b><br \/>\n<b><strong>LOS SISTEMAS DE RESOLUCI\u00d3N DE CONTROVERSIAS<\/strong><\/b><\/p>\n<ol start=\"3\">\n<li style=\"font-weight: 400;\"><b><strong> SISTEMA DE RESOLUCI\u00d3N DE CONTROVERSIAS EN LA CONTRATACI\u00d3N ADMINISTRATIVA CHILENA<\/strong><\/b><br \/>\nBaltazar Morales Espinoza<\/li>\n<\/ol>\n<p style=\"font-weight: 400;\">1.1. Antecedentes<br \/>\n1.2. Impugnaci\u00f3n<br \/>\n1.3. Impugnaci\u00f3n administrativa<br \/>\nA) V\u00eda interposici\u00f3n de recursos administrativos<br \/>\nB) V\u00eda reclamaci\u00f3n ante la Contralor\u00eda General de la Rep\u00fablica<br \/>\nC) V\u00eda reclamaci\u00f3n ante la Direcci\u00f3n de Compras y Contrataci\u00f3n P\u00fablica<br \/>\n1.4. Relaciones entre la impugnaci\u00f3n administrativa y judicial<br \/>\n1.5. Impugnaci\u00f3n judicial<br \/>\nA) Precontractual<br \/>\na. Tribunal de Contrataci\u00f3n P\u00fablica<br \/>\nB) Contractual<br \/>\na. Tribunales ordinarios<br \/>\nb. Entidades especiales<br \/>\ni. Panel T\u00e9cnico y Comisi\u00f3n Arbitral<br \/>\nii. Tribunal Arbitral<br \/>\niii. Comisi\u00f3n Conciliadora<br \/>\nc. Transacci\u00f3n<br \/>\n1.6. Conclusiones<\/p>\n<ol start=\"4\">\n<li style=\"font-weight: 400;\"><b><strong> SISTEMAS DE RESOLUCI\u00d3N DE CONTROVERSIAS: EL ESTADO Y EL ARBITRAJE INTERNACIONAL<\/strong><\/b><br \/>\nFederico Campolieti<\/li>\n<\/ol>\n<p style=\"font-weight: 400;\">2.1. Introducci\u00f3n<br \/>\n2.2. \u00bfQu\u00e9 es una inversi\u00f3n protegida bajo los tratados bilaterales de inversi\u00f3n?<br \/>\n2.3. \u00bfQui\u00e9nes son inversores protegidos bajo los tratados bilaterales de inversi\u00f3n?<br \/>\n2.4. \u00bfCu\u00e1les son las garant\u00edas sustantivas que establecen los tratados bilaterales de inversi\u00f3n?<br \/>\n2.5. \u00bfCu\u00e1les son las garant\u00edas adjetivas o procesales que establecen los tratados bilaterales de inversi\u00f3n?<br \/>\n2.6. Palabras finales<\/p>\n<p style=\"font-weight: 400;\"><b><strong>CAP\u00cdTULO VII<\/strong><\/b><br \/>\n<b><strong>EL CONTRATO DE OBRA P\u00daBLICA<\/strong><\/b><\/p>\n<ol start=\"5\">\n<li style=\"font-weight: 400;\"><b><strong> EL CONTRATO DE OBRA P\u00daBLICA Y SUS PRINCIPALES DESAF\u00cdOS EN CHILE<\/strong><\/b><br \/>\nLoreto Valenzuela Torres<\/li>\n<\/ol>\n<p style=\"font-weight: 400;\">1.1. Multiplicidad y dispersi\u00f3n regulatoria ante la contrataci\u00f3n de obras p\u00fablicas<br \/>\n1.2. Los proyectos en los contratos de ejecuci\u00f3n de obra p\u00fablica<br \/>\nA) Concepto y modalidades de contrataci\u00f3n del contrato de ejecuci\u00f3n de obra p\u00fablica<br \/>\nB) El rol del proyecto de obra p\u00fablica en los contratos de ejecuci\u00f3n de obra p\u00fablica<br \/>\nC) Modificaciones de obra como consecuencia de proyectos insuficientes o deficientes a la luz de los criterios jurisprudenciales de la Contralor\u00eda General de la Rep\u00fablica<br \/>\n1.3. Conclusiones<\/p>\n<ol start=\"6\">\n<li style=\"font-weight: 400;\"><b><strong> EL PROYECTO EN EL CONTRATO DE OBRA P\u00daBLICA DEL DERECHO ARGENTINO<\/strong><\/b><br \/>\nClaudio Cavallo<\/li>\n<\/ol>\n<p style=\"font-weight: 400;\">2.1. Introducci\u00f3n<br \/>\n2.2. La previsi\u00f3n legal respecto al proyecto<br \/>\n2.3. \u00bfEn qu\u00e9 consiste el proyecto?<br \/>\n2.4. \u00bfC\u00f3mo influye el proyecto dentro del contrato?<br \/>\nA) Establecimiento del precio estimado oficial de la obra<br \/>\na. La reserva presupuestaria<br \/>\nb. La publicaci\u00f3n del llamado<br \/>\nB) Sistemas de ejecuci\u00f3n<br \/>\nC) Elegibilidad seg\u00fan monto de la obra y especialidad de la empresa<br \/>\nD) Garant\u00edas y fondo de reparo<br \/>\na. Garant\u00eda de mantenimiento de oferta<br \/>\nb. Garant\u00eda de cumplimiento del contrato<br \/>\nc. Adelantos financieros y fondos de reparo<br \/>\nE) Certificaci\u00f3n y pago. Multas. Recepci\u00f3n<br \/>\nF) Aumentos y disminuciones del contrato. Excepciones al principio de licitaci\u00f3n p\u00fablica<br \/>\nG) Excepci\u00f3n de incumplimiento y rescisi\u00f3n<br \/>\n1.5. Conclusi\u00f3n<\/p>\n","protected":false},"excerpt":{"rendered":"<p>Juan Carlos Ferrada B\u00f3rquez &#8211; Ernesto Alberto Marcer &#8211; Santiago Garc\u00eda Mira \/ abril 2025 * 540 P\u00e1ginas.<\/p>\n<p>Buscas un libro Jur\u00eddico.? Lo puedes encontrar en nuestra tienda virtual.<br \/>\nContamos con prestigiosos autores y muchas alternativas en sus diferentes materias al igual que grandes descuentos.! Vis\u00edtanos en <a class=\"jduznFXpGqHILCusqofXCMsJDhsqSbDzo \" tabindex=\"0\" href=\"https:\/\/lnkd.in\/eiAG7jdZ\" target=\"_blank\" rel=\"noopener\" data-test-app-aware-link=\"\">https:\/\/lnkd.in\/eiAG7jdZ<\/a><br \/>\nEscr\u00edbenos al +56930565235 \/ <a class=\"jduznFXpGqHILCusqofXCMsJDhsqSbDzo \" tabindex=\"0\" href=\"mailto:ventaslegallexglobal@gmail.com\" target=\"_self\" data-test-app-aware-link=\"\">ventaslegallexglobal@gmail.com<\/a><br \/>\nHacemos env\u00edos a todo Chile \u2013 Starken o Correos Chile \/ Te esperamos<\/p>\n","protected":false},"featured_media":2304,"comment_status":"open","ping_status":"closed","template":"","meta":{"inline_featured_image":false,"_joinchat":[]},"product_brand":[],"product_cat":[45,27,26],"product_tag":[],"class_list":{"0":"post-2252","1":"product","2":"type-product","3":"status-publish","4":"has-post-thumbnail","6":"product_cat-administrativo","7":"product_cat-civil","8":"product_cat-derecho","10":"first","11":"instock","12":"shipping-taxable","13":"purchasable","14":"product-type-simple"},"_links":{"self":[{"href":"https:\/\/bibliotecajuridicavirtual.cl\/index.php\/wp-json\/wp\/v2\/product\/2252","targetHints":{"allow":["GET"]}}],"collection":[{"href":"https:\/\/bibliotecajuridicavirtual.cl\/index.php\/wp-json\/wp\/v2\/product"}],"about":[{"href":"https:\/\/bibliotecajuridicavirtual.cl\/index.php\/wp-json\/wp\/v2\/types\/product"}],"replies":[{"embeddable":true,"href":"https:\/\/bibliotecajuridicavirtual.cl\/index.php\/wp-json\/wp\/v2\/comments?post=2252"}],"wp:featuredmedia":[{"embeddable":true,"href":"https:\/\/bibliotecajuridicavirtual.cl\/index.php\/wp-json\/wp\/v2\/media\/2304"}],"wp:attachment":[{"href":"https:\/\/bibliotecajuridicavirtual.cl\/index.php\/wp-json\/wp\/v2\/media?parent=2252"}],"wp:term":[{"taxonomy":"product_brand","embeddable":true,"href":"https:\/\/bibliotecajuridicavirtual.cl\/index.php\/wp-json\/wp\/v2\/product_brand?post=2252"},{"taxonomy":"product_cat","embeddable":true,"href":"https:\/\/bibliotecajuridicavirtual.cl\/index.php\/wp-json\/wp\/v2\/product_cat?post=2252"},{"taxonomy":"product_tag","embeddable":true,"href":"https:\/\/bibliotecajuridicavirtual.cl\/index.php\/wp-json\/wp\/v2\/product_tag?post=2252"}],"curies":[{"name":"wp","href":"https:\/\/api.w.org\/{rel}","templated":true}]}}