{"id":2276,"date":"2026-02-28T01:00:12","date_gmt":"2026-02-28T04:00:12","guid":{"rendered":"https:\/\/bibliotecajuridicavirtual.cl\/?post_type=product&#038;p=2276"},"modified":"2026-02-28T01:00:21","modified_gmt":"2026-02-28T04:00:21","slug":"caducidad-de-las-acciones-de-reclamacion-de-la-filiacion-no-matrimonial-patricio-i-carvajal-ramirez-mayo-2025-150-paginas","status":"publish","type":"product","link":"https:\/\/bibliotecajuridicavirtual.cl\/index.php\/product\/caducidad-de-las-acciones-de-reclamacion-de-la-filiacion-no-matrimonial-patricio-i-carvajal-ramirez-mayo-2025-150-paginas\/","title":{"rendered":"Caducidad de las Acciones de Reclamaci\u00f3n de la Filiaci\u00f3n no Matrimonial * Patricio I. Carvajal Ram\u00edrez &#8211; mayo 2025, 150 P\u00e1ginas"},"content":{"rendered":"<p>En Chile, el cambio fundamental en la filiaci\u00f3n oper\u00f3 con la Ley N\u00ba 19585\u00a0 que sigui\u00f3 el modelo entonces vigente en Espa\u00f1a y Argentina, a la vez que\u00a0asumi\u00f3 varios tratados internacionales que el pa\u00eds deb\u00eda cumplir. Se otorg\u00f3\u00a0as\u00ed acciones de determinaci\u00f3n de la filiaci\u00f3n no matrimonial de forma\u00a0vitalicia a sus titulares, tanto a los hijos (art. 205 C.C.), como a los progenitores\u00a0(art. 208 C.C.). Pero, dado el car\u00e1cter personal\u00edsimo del v\u00ednculo filiativo\u00a0(como todo estado civil), estas acciones no trascienden a sus titulares, salvo<br \/>\nen los casos y por los breves plazos excepcionales previstos expresamente\u00a0por el legislador (arts. 206 y 207 C.C.).<br \/>\nNo obstante la claridad legislativa, una doctrina minoritaria entre los profesores logr\u00f3 asomar poco a poco hasta producir cierta jurisprudencia que declaradamente se aleja de las normas que rigen la materia, parad\u00f3jicamente invocando los mismos tratados que hab\u00edan dado lugar a la propia Ley N\u00ba 19585. De all\u00ed que este libro indague cr\u00edticamente sobre temas de gran aplicaci\u00f3n pr\u00e1ctica: qui\u00e9nes est\u00e1n legitimados como parte del juicio; cu\u00e1les son los plazos para ejercer las acciones; y, si las discusiones a estos respectos<br \/>\nhabilitan para impetrar la intervenci\u00f3n del Tribunal Constitucional.<\/p>\n<p>\u00cdndice<br \/>\nPr\u00f3logo\u00a0\u00a0 \u00a0\u00a0\u00a0 \u00a011<br \/>\nPlanteamiento\u00a0\u00a0 \u00a0\u00a0\u00a0 \u00a015<br \/>\nCap\u00edtulo Primero. La investigaci\u00f3n de la paternidad y la maternidad como principio moderado, y las restricciones establecidas por los art\u00edculos 205 y 206 en relaci\u00f3n con el art\u00edculo 317 inciso segundo del C\u00f3digo Civil\u00a0\u00a0 \u00a0\u00a0\u00a0 \u00a019<br \/>\n1.\u00a0\u00a0 \u00a0El principio \u201cmoderado\u201d de primac\u00eda de la verdad biol\u00f3gica y de la libre investigaci\u00f3n de la paternidad y la maternidad en nuestro ordenamiento\u00a0\u00a0 \u00a0\u00a0\u00a0 \u00a019<br \/>\n2.\u00a0\u00a0 \u00a0C\u00f3mo operan los arts. 205 y 206, en relaci\u00f3n con el art. 317 inciso segundo\u00a0\u00a0 \u00a0\u00a0\u00a0 \u00a029<br \/>\n2.1.\u00a0\u00a0 \u00a0Titulares de las acciones de reclamaci\u00f3n de la filiaci\u00f3n por derecho propio (arts. 204 y 205), extensi\u00f3n de la legitimaci\u00f3n por ficci\u00f3n legal (arts. 206 y 207) y los leg\u00edtimos contradictores en las sentencias con efecto erga omnes (art. 317)\u00a0\u00a0 \u00a0\u00a0\u00a0 \u00a029<br \/>\n2.2.\u00a0\u00a0 \u00a0Legitimaci\u00f3n de las acciones de reclamaci\u00f3n de la filiaci\u00f3n en la historia fidedigna del establecimiento de la Ley N\u00ba 19585\u00a0\u00a0 \u00a0\u00a0\u00a0 \u00a034<br \/>\n2.3.\u00a0\u00a0 \u00a0Nulidad del procedimiento por falta de legitimaci\u00f3n\u00a0\u00a0 \u00a0\u00a0\u00a0 \u00a044<br \/>\nCap\u00edtulo Segundo. La doctrina minoritaria sobre la reclamaci\u00f3n de la filiaci\u00f3n contra los herederos de los progenitores\u00a0\u00a0 \u00a0\u00a0\u00a0 \u00a047<br \/>\n1.\u00a0\u00a0 \u00a0S\u00edntesis de los argumentos de la doctrina minoritaria\u00a0\u00a0 \u00a0\u00a0\u00a0 \u00a053<br \/>\n2.\u00a0\u00a0 \u00a0Errores de la doctrina minoritaria\u00a0\u00a0 \u00a0\u00a0\u00a0 \u00a059<br \/>\n2.1.\u00a0\u00a0 \u00a0Interpretaci\u00f3n contra legem\u00a0\u00a0 \u00a0\u00a0\u00a0 \u00a060<br \/>\n2.1.1.\u00a0\u00a0 \u00a0Incorrecta atribuci\u00f3n de sentido dogm\u00e1tico al art. 206\u00a0\u00a0 \u00a0\u00a0\u00a0 \u00a060<br \/>\n2.1.2.\u00a0\u00a0 \u00a0Prescindencia de la historia de la ley respecto de los arts. 204 y 205\u00a0\u00a0 \u00a0\u00a0\u00a0 \u00a063<br \/>\n2.1.3.\u00a0\u00a0 \u00a0Prescindencia de la historia de la ley para el art. 206\u00a0\u00a0 \u00a0\u00a0\u00a0 \u00a065<br \/>\n2.1.4.\u00a0\u00a0 \u00a0Incorrecta atribuci\u00f3n de sentido sistem\u00e1tico al art. 317\u00a0\u00a0 \u00a0\u00a0\u00a0 \u00a069<br \/>\n2.1.5.\u00a0\u00a0 \u00a0Incorrecta atribuci\u00f3n de sentido dogm\u00e1tico al art. 317\u00a0\u00a0 \u00a0\u00a0\u00a0 \u00a070<br \/>\n2.1.6.\u00a0\u00a0 \u00a0Prescindencia de la historia de la ley para el art. 317\u00a0\u00a0 \u00a0\u00a0\u00a0 \u00a074<br \/>\n2.2.\u00a0\u00a0 \u00a0Interpretaci\u00f3n contraria al principio de primac\u00eda de la verdad biol\u00f3gica y la libre investigaci\u00f3n de la filiaci\u00f3n en nuestro ordenamiento (contra art. 195 inc. primero)\u00a0\u00a0 \u00a0\u00a0\u00a0 \u00a078<br \/>\n2.2.1.\u00a0\u00a0 \u00a0Retorno al principio original, pretiriendo el proceso legislativo\u00a0\u00a0 \u00a0\u00a0\u00a0 \u00a078<br \/>\n2.2.2.\u00a0\u00a0 \u00a0Deducciones a partir de una premisa inexacta\u00a0\u00a0 \u00a0\u00a0\u00a0 \u00a083<br \/>\na)\u00a0\u00a0 \u00a0Una primera evidencia del error hermen\u00e9utico de la doctrina minoritaria\u00a0\u00a0 \u00a0\u00a0\u00a0 \u00a085<br \/>\nb)\u00a0\u00a0 \u00a0Una segunda evidencia irredarg\u00fcible de que el razonamiento es excesivo\u00a0\u00a0 \u00a0\u00a0\u00a0 \u00a086<br \/>\nc)\u00a0\u00a0 \u00a0Una tercera evidencia del exceso en las conclusiones de la doctrina minoritaria\u00a0\u00a0 \u00a0\u00a0\u00a0 \u00a086<br \/>\n2.2.3.\u00a0\u00a0 \u00a0El exacto avance del principio de la primac\u00eda de la verdad biol\u00f3gica y de la libre investigaci\u00f3n de la paternidad o maternidad expresado en el art. 206\u00a0\u00a0 \u00a0\u00a0\u00a0 \u00a089<br \/>\n3.\u00a0\u00a0 \u00a0Interpretaci\u00f3n contraria a las caracter\u00edsticas de las acciones de filiaci\u00f3n en cuanto a su supuesta \u201ctransmisibilidad\u201d (impertinencia del art. 1097)\u00a0\u00a0 \u00a0\u00a0\u00a0 \u00a092<br \/>\n4.\u00a0\u00a0 \u00a0La declaraci\u00f3n de imprescriptibilidad de las acciones de reclamaci\u00f3n en el art. 195 inc. segundo no excluye la caducidad\u00a0\u00a0 \u00a0\u00a0\u00a0 \u00a0102<br \/>\n5.\u00a0\u00a0 \u00a0La igualdad ante la ley y el derecho a la identidad (improcedencia de la inconstitucionalidad de los arts. 204 a 208)\u00a0\u00a0 \u00a0\u00a0\u00a0 \u00a0120<br \/>\n5.1.\u00a0\u00a0 \u00a0Nuestras normas no infringen derechos esenciales\u00a0\u00a0 \u00a0\u00a0\u00a0 \u00a0121<br \/>\n5.1.1.\u00a0\u00a0 \u00a0En primer lugar\u00a0\u00a0 \u00a0\u00a0\u00a0 \u00a0121<br \/>\n5.1.2.\u00a0\u00a0 \u00a0En segundo lugar\u00a0\u00a0 \u00a0\u00a0\u00a0 \u00a0123<br \/>\n5.1.3.\u00a0\u00a0 \u00a0En tercer lugar\u00a0\u00a0 \u00a0\u00a0\u00a0 \u00a0126<br \/>\n5.2.\u00a0\u00a0 \u00a0El conflicto sobre el sentido de las normas es legal y, por ello, no corresponde al conocimiento de la justicia constitucional\u00a0\u00a0 \u00a0\u00a0\u00a0 \u00a0130<br \/>\n5.3.\u00a0\u00a0 \u00a0La ponderaci\u00f3n de los derechos fundamentales de las partes se debe hacer de acuerdo al m\u00e9rito del proceso y especialmente considerando los casos en que el legislador da preferencia a la realidad social por sobre la verdad biol\u00f3gica\u00a0\u00a0 \u00a0\u00a0\u00a0 \u00a0132<br \/>\n5.4.\u00a0\u00a0 \u00a0Esta materia no corresponde a la justicia constitucional, sino que a la justicia ordinaria\u00a0\u00a0 \u00a0\u00a0\u00a0 \u00a0137<br \/>\nConclusiones\u00a0\u00a0 \u00a0\u00a0\u00a0 \u00a0143<\/p>\n","protected":false},"excerpt":{"rendered":"<p>Buscas un libro Jur\u00eddico.? Lo puedes encontrar en nuestra tienda virtual.<br \/>\nContamos con prestigiosos autores y muchas alternativas en sus diferentes materias al igual que grandes descuentos.! Vis\u00edtanos en <a class=\"jduznFXpGqHILCusqofXCMsJDhsqSbDzo \" tabindex=\"0\" href=\"https:\/\/lnkd.in\/eiAG7jdZ\" target=\"_blank\" rel=\"noopener\" data-test-app-aware-link=\"\">https:\/\/lnkd.in\/eiAG7jdZ<\/a><br \/>\nEscr\u00edbenos al +56930565235 \/ <a class=\"jduznFXpGqHILCusqofXCMsJDhsqSbDzo \" tabindex=\"0\" href=\"mailto:ventaslegallexglobal@gmail.com\" target=\"_self\" data-test-app-aware-link=\"\">ventaslegallexglobal@gmail.com<\/a><br \/>\nHacemos env\u00edos a todo Chile \u2013 Starken o Correos Chile \/ Te esperamos<\/p>\n","protected":false},"featured_media":2306,"comment_status":"open","ping_status":"closed","template":"","meta":{"inline_featured_image":false,"_joinchat":[]},"product_brand":[],"product_cat":[27,26],"product_tag":[],"class_list":{"0":"post-2276","1":"product","2":"type-product","3":"status-publish","4":"has-post-thumbnail","6":"product_cat-civil","7":"product_cat-derecho","9":"first","10":"instock","11":"shipping-taxable","12":"purchasable","13":"product-type-simple"},"_links":{"self":[{"href":"https:\/\/bibliotecajuridicavirtual.cl\/index.php\/wp-json\/wp\/v2\/product\/2276","targetHints":{"allow":["GET"]}}],"collection":[{"href":"https:\/\/bibliotecajuridicavirtual.cl\/index.php\/wp-json\/wp\/v2\/product"}],"about":[{"href":"https:\/\/bibliotecajuridicavirtual.cl\/index.php\/wp-json\/wp\/v2\/types\/product"}],"replies":[{"embeddable":true,"href":"https:\/\/bibliotecajuridicavirtual.cl\/index.php\/wp-json\/wp\/v2\/comments?post=2276"}],"wp:featuredmedia":[{"embeddable":true,"href":"https:\/\/bibliotecajuridicavirtual.cl\/index.php\/wp-json\/wp\/v2\/media\/2306"}],"wp:attachment":[{"href":"https:\/\/bibliotecajuridicavirtual.cl\/index.php\/wp-json\/wp\/v2\/media?parent=2276"}],"wp:term":[{"taxonomy":"product_brand","embeddable":true,"href":"https:\/\/bibliotecajuridicavirtual.cl\/index.php\/wp-json\/wp\/v2\/product_brand?post=2276"},{"taxonomy":"product_cat","embeddable":true,"href":"https:\/\/bibliotecajuridicavirtual.cl\/index.php\/wp-json\/wp\/v2\/product_cat?post=2276"},{"taxonomy":"product_tag","embeddable":true,"href":"https:\/\/bibliotecajuridicavirtual.cl\/index.php\/wp-json\/wp\/v2\/product_tag?post=2276"}],"curies":[{"name":"wp","href":"https:\/\/api.w.org\/{rel}","templated":true}]}}