{"id":2277,"date":"2026-02-28T01:00:12","date_gmt":"2026-02-28T04:00:12","guid":{"rendered":"https:\/\/bibliotecajuridicavirtual.cl\/?post_type=product&#038;p=2277"},"modified":"2026-02-28T01:00:22","modified_gmt":"2026-02-28T04:00:22","slug":"el-desistimiento-en-el-derecho-penal-federico-montero-edicion-actualizada-ano-2023-502-paginas","status":"publish","type":"product","link":"https:\/\/bibliotecajuridicavirtual.cl\/index.php\/product\/el-desistimiento-en-el-derecho-penal-federico-montero-edicion-actualizada-ano-2023-502-paginas\/","title":{"rendered":"El Desistimiento en el Derecho Penal * Federico Montero &#8211; edici\u00f3n actualizada a\u00f1o 2023 * 502 P\u00e1ginas"},"content":{"rendered":"<p>Montero, Federico (coordinador): El desistimiento en Derecho penal. Estudios sobre el desistimiento en la teor\u00eda de las normas, la dogm\u00e1tica de la tentativa, la intervenci\u00f3n delictiva y el Derecho penal econ\u00f3mico. Disposiciones legales a tener en cuenta. El desistimiento de la tentativa como revisi\u00f3n del quebrantamiento de la norma. El desistimiento como modificaci\u00f3n del hecho. Tentativa y desistimiento. Concepto de hecho punible y desistimiento liberador de pena. Tentativa irreversible i desistimiento impropio. Desistimiento activo y desistimiento pasivo. Tentativa y desistimiento en caso de pluralidad de intervinientes en el hecho punible. Problemas con el desistimiento del part\u00edcipe. Delito de varios y desistimiento de algunos. El compliance de detecci\u00f3n como \u201ceximente\u201d supralegal para las personas jur\u00eddicas. Consumaci\u00f3n, desistimiento y reparaci\u00f3n en los delitos patrimoniales. Distinciones. 2023. 502 pp.<\/p>\n<p>&nbsp;<\/p>\n<p>&nbsp;<\/p>\n<p>&nbsp;<\/p>\n","protected":false},"excerpt":{"rendered":"<p>AUTORES:\u00a0Dennis Dold &#8211; Antoni Gili Pascual &#8211; M\u00aa del Carmen G\u00f3mez Rivero &#8211; G\u00fcnther Jakobs &#8211; Theodor Lenckner &#8211; Juan Pablo Ma\u00f1alich &#8211; Fernando Molina &#8211; Federico Montero &#8211; Nuria Pastor &#8211; Frauke Rostalski &#8211; Jes\u00fas-Mar\u00eda Silva S\u00e1nchez &#8211; Theo Vogler<\/p>\n<p>Buscas un libro Jur\u00eddico.? Lo puedes encontrar en nuestra tienda virtual.<br \/>\nContamos con prestigiosos autores y muchas alternativas en sus diferentes materias al igual que grandes descuentos.! Vis\u00edtanos en <a class=\"fnGJwStpmIzbIEjwABbMEhqRdRQiXTTBmFDImm \" tabindex=\"0\" href=\"https:\/\/lnkd.in\/eiAG7jdZ\" target=\"_blank\" rel=\"noopener\" data-test-app-aware-link=\"\">https:\/\/lnkd.in\/eiAG7jdZ<\/a><br \/>\nEscr\u00edbenos al +56930565235 \/ <a class=\"fnGJwStpmIzbIEjwABbMEhqRdRQiXTTBmFDImm \" tabindex=\"0\" href=\"mailto:ventaslegallexglobal@gmail.com\" target=\"_self\" data-test-app-aware-link=\"\">ventaslegallexglobal@gmail.com<\/a><br \/>\nHacemos env\u00edos a todo Chile \u2013 Starken o Correos Chile \/ Te esperamos<\/p>\n<p>&nbsp;<\/p>\n<p>&nbsp;<\/p>\n","protected":false},"featured_media":2307,"comment_status":"open","ping_status":"closed","template":"","meta":{"inline_featured_image":false,"_joinchat":[]},"product_brand":[],"product_cat":[26,30],"product_tag":[],"class_list":{"0":"post-2277","1":"product","2":"type-product","3":"status-publish","4":"has-post-thumbnail","6":"product_cat-derecho","7":"product_cat-penal","9":"first","10":"instock","11":"shipping-taxable","12":"purchasable","13":"product-type-simple"},"_links":{"self":[{"href":"https:\/\/bibliotecajuridicavirtual.cl\/index.php\/wp-json\/wp\/v2\/product\/2277","targetHints":{"allow":["GET"]}}],"collection":[{"href":"https:\/\/bibliotecajuridicavirtual.cl\/index.php\/wp-json\/wp\/v2\/product"}],"about":[{"href":"https:\/\/bibliotecajuridicavirtual.cl\/index.php\/wp-json\/wp\/v2\/types\/product"}],"replies":[{"embeddable":true,"href":"https:\/\/bibliotecajuridicavirtual.cl\/index.php\/wp-json\/wp\/v2\/comments?post=2277"}],"wp:featuredmedia":[{"embeddable":true,"href":"https:\/\/bibliotecajuridicavirtual.cl\/index.php\/wp-json\/wp\/v2\/media\/2307"}],"wp:attachment":[{"href":"https:\/\/bibliotecajuridicavirtual.cl\/index.php\/wp-json\/wp\/v2\/media?parent=2277"}],"wp:term":[{"taxonomy":"product_brand","embeddable":true,"href":"https:\/\/bibliotecajuridicavirtual.cl\/index.php\/wp-json\/wp\/v2\/product_brand?post=2277"},{"taxonomy":"product_cat","embeddable":true,"href":"https:\/\/bibliotecajuridicavirtual.cl\/index.php\/wp-json\/wp\/v2\/product_cat?post=2277"},{"taxonomy":"product_tag","embeddable":true,"href":"https:\/\/bibliotecajuridicavirtual.cl\/index.php\/wp-json\/wp\/v2\/product_tag?post=2277"}],"curies":[{"name":"wp","href":"https:\/\/api.w.org\/{rel}","templated":true}]}}