{"id":2279,"date":"2026-02-28T01:00:12","date_gmt":"2026-02-28T04:00:12","guid":{"rendered":"https:\/\/bibliotecajuridicavirtual.cl\/?post_type=product&#038;p=2279"},"modified":"2026-02-28T01:00:24","modified_gmt":"2026-02-28T04:00:24","slug":"derecho-procesal-penal-tomo-viii-alberto-binder-m-edicion-actualizada-ano-2025-780-paginas","status":"publish","type":"product","link":"https:\/\/bibliotecajuridicavirtual.cl\/index.php\/product\/derecho-procesal-penal-tomo-viii-alberto-binder-m-edicion-actualizada-ano-2025-780-paginas\/","title":{"rendered":"Derecho Procesal Penal &#8211; Tomo VIII * Alberto Binder M. edici\u00f3n actualizada a\u00f1o 2025 &#8211; 780 P\u00e1ginas"},"content":{"rendered":"<p>\u00cd n d i c e<\/p>\n<p>REGLAS DE COMPROBACI\u00d3N<\/p>\n<p>III. Valoraci\u00f3n o an\u00e1lisis racional de la prueba<\/p>\n<p>LXXXIV. necesidad hist\u00f3rica y funci\u00f3n social de la \u201cvaloraci\u00f3n de la prueba\u201d . . . . &#8230;&#8230;&#8230;&#8230;&#8230;&#8230;. 11<\/p>\n<p>LXXXV. el proceso de valoraci\u00f3n de la prueba. Pasos y exigencias. . . . . . . . . . . . . . &#8230;&#8230;&#8230;&#8230;&#8230;&#8230; 165<\/p>\n<p>LXXXVI. Relevancia de la prueba. Reglas y est\u00e1ndares de relevancia probatoria . . . &#8230;&#8230;&#8230;&#8230;&#8230;&#8230;. 259<\/p>\n<p>LXXXVII. credibilidad en los medios de prueba &#8230;&#8230;.. 319<\/p>\n<p>LXXXVIII. Fuerza o peso probatorio de la informaci\u00f3n&#8230;. 369<\/p>\n<p>LXXXIX. inferencias deductivas e inductivas. el problema de los indicios . . . . . . . . . . &#8230;&#8230;&#8230;&#8230;&#8230;&#8230; 441<\/p>\n<p>XC. Prueba circunstancial, hol\u00edstica o contextual. \u00bfValen las intuiciones? . . . &#8230;&#8230;&#8230;&#8230;&#8230;&#8230; 505<\/p>\n<p>XCI. La certeza. La regla de \u201cm\u00e1s all\u00e1 de toda duda razonable\u201d . . . . . . . . . . . . &#8230;&#8230;&#8230;&#8230;&#8230;&#8230;. 547 8<\/p>\n<p>DERECHO PROCESAL PENAL<\/p>\n<p>XCII. La prohibici\u00f3n del non liquet y el principio in dubio pro reo . . . . . . . . . . . . &#8230;&#8230;&#8230;&#8230;&#8230;.. 613<\/p>\n<p>XCIII. La construcci\u00f3n de la sentencia. inteligencia artificial y valoraci\u00f3n de la prueba &#8230;&#8230;&#8230;.. 625<\/p>\n<p>XCIV. Valoraci\u00f3n de la prueba y graduaci\u00f3n de la pena. La cesura del debate. . . . . &#8230;&#8230;&#8230;&#8230;&#8230;&#8230; 647<\/p>\n<p>XCV. el control sobre la valoraci\u00f3n de la prueba &#8230;. 659<\/p>\n<p>XCVI. cap\u00edtulo final: recapitulaci\u00f3n general sobre el sistema de garant\u00edas . . . . . . &#8230;&#8230;&#8230;&#8230;&#8230;.. 673<\/p>\n<p>Bibliograf\u00eda . . . . . . . . . . . . . . . . . . . . . . . . . . . . . . . . . . . . . 695<\/p>\n<p>\u00cdndice tem\u00e1tico de los tomos I al VIII . . . . . . . . . . . . . . . . . 735<\/p>\n<p>\u00cdndice de autores de los tomos I al VIII . . . . . . . . . . . . . . . 74<\/p>\n","protected":false},"excerpt":{"rendered":"<p>Teor\u00eda del juicio de conocimiento. Teor\u00eda de la prueba. Valoraci\u00f3n de la prueba. Relevancia. Credibilidad. Fuerza probatoria. M\u00e1ximas de experiencia. Certeza. M\u00e1s all\u00e1 de toda duda razonable.<\/p>\n<p>Buscas un libro Jur\u00eddico.? Lo puedes encontrar en nuestra tienda virtual.<br \/>\nContamos con prestigiosos autores y muchas alternativas en sus diferentes materias al igual que grandes descuentos.! Vis\u00edtanos en <a class=\"lfvhSUrbgFcIJSiLOFFintSNAkftpyiFeI \" tabindex=\"0\" href=\"https:\/\/lnkd.in\/eiAG7jdZ\" target=\"_blank\" rel=\"noopener\" data-test-app-aware-link=\"\">https:\/\/lnkd.in\/eiAG7jdZ<\/a><br \/>\nEscr\u00edbenos al +56930565235 \/ <a class=\"lfvhSUrbgFcIJSiLOFFintSNAkftpyiFeI \" tabindex=\"0\" href=\"mailto:ventaslegallexglobal@gmail.com\" target=\"_self\" data-test-app-aware-link=\"\">ventaslegallexglobal@gmail.com<\/a><br \/>\nHacemos env\u00edos a todo Chile \u2013 Starken o Correos Chile \/ Te esperamos<\/p>\n","protected":false},"featured_media":2309,"comment_status":"open","ping_status":"closed","template":"","meta":{"inline_featured_image":false,"_joinchat":[]},"product_brand":[],"product_cat":[26,34],"product_tag":[],"class_list":{"0":"post-2279","1":"product","2":"type-product","3":"status-publish","4":"has-post-thumbnail","6":"product_cat-derecho","7":"product_cat-procesal-penal","9":"first","10":"instock","11":"shipping-taxable","12":"purchasable","13":"product-type-simple"},"_links":{"self":[{"href":"https:\/\/bibliotecajuridicavirtual.cl\/index.php\/wp-json\/wp\/v2\/product\/2279","targetHints":{"allow":["GET"]}}],"collection":[{"href":"https:\/\/bibliotecajuridicavirtual.cl\/index.php\/wp-json\/wp\/v2\/product"}],"about":[{"href":"https:\/\/bibliotecajuridicavirtual.cl\/index.php\/wp-json\/wp\/v2\/types\/product"}],"replies":[{"embeddable":true,"href":"https:\/\/bibliotecajuridicavirtual.cl\/index.php\/wp-json\/wp\/v2\/comments?post=2279"}],"wp:featuredmedia":[{"embeddable":true,"href":"https:\/\/bibliotecajuridicavirtual.cl\/index.php\/wp-json\/wp\/v2\/media\/2309"}],"wp:attachment":[{"href":"https:\/\/bibliotecajuridicavirtual.cl\/index.php\/wp-json\/wp\/v2\/media?parent=2279"}],"wp:term":[{"taxonomy":"product_brand","embeddable":true,"href":"https:\/\/bibliotecajuridicavirtual.cl\/index.php\/wp-json\/wp\/v2\/product_brand?post=2279"},{"taxonomy":"product_cat","embeddable":true,"href":"https:\/\/bibliotecajuridicavirtual.cl\/index.php\/wp-json\/wp\/v2\/product_cat?post=2279"},{"taxonomy":"product_tag","embeddable":true,"href":"https:\/\/bibliotecajuridicavirtual.cl\/index.php\/wp-json\/wp\/v2\/product_tag?post=2279"}],"curies":[{"name":"wp","href":"https:\/\/api.w.org\/{rel}","templated":true}]}}