{"id":2281,"date":"2026-02-28T01:00:12","date_gmt":"2026-02-28T04:00:12","guid":{"rendered":"https:\/\/bibliotecajuridicavirtual.cl\/?post_type=product&#038;p=2281"},"modified":"2026-02-28T01:00:25","modified_gmt":"2026-02-28T04:00:25","slug":"el-caso-fortuito-en-el-derecho-de-contratos-inigo-de-la-maza-gazmuri-alvaro-vidal-olivares-1-edicion-actualizada-abril-2025-480-paginas","status":"publish","type":"product","link":"https:\/\/bibliotecajuridicavirtual.cl\/index.php\/product\/el-caso-fortuito-en-el-derecho-de-contratos-inigo-de-la-maza-gazmuri-alvaro-vidal-olivares-1-edicion-actualizada-abril-2025-480-paginas\/","title":{"rendered":"El Caso Fortuito en el Derecho de Contratos *  I\u00f1igo de la Maza Gazmuri * \u00c1lvaro Vidal Olivares &#8211; 1\u00b0 edici\u00f3n actualizada abril 2025, 480 P\u00e1ginas"},"content":{"rendered":"<p>Una percepci\u00f3n m\u00e1s agudizada del caso fortuito en el derecho de contratos profundiza nuestra comprensi\u00f3n acerca del incumplimiento contractual y los remedios. He ah\u00ed la justificaci\u00f3n de este libro.<br \/>\nLa forma de este libro corresponde a un abordaje monogr\u00e1fico del caso fortuito en el derecho de contratos. En primer lugar, se presta atenci\u00f3n al supuesto de hecho, innovando decididamente respecto del ins\u00edpido tratamiento que alguna doctrina le hab\u00eda prodigado al requisito de la exterioridad; atendiendo a ciertos matices de la imprevisibilidad; y, a prop\u00f3sito de la irresistibilidad, instalando la figura del sustituto comercialmente razonable y el l\u00edmite del sacrificio econ\u00f3mico.<br \/>\nEn segundo lugar, se consideran las consecuencias del caso fortuito. A este respecto se innova de manera muy relevante respecto de su efecto liberatorio, proponiendo que, por regla general, debe administrarse seg\u00fan las reglas del incumplimiento contractual y respecto del exoneratorio, se defiende que, con independencia de si se trata de obligaciones de medio o de resultado, el l\u00edmite de la responsabilidad es el caso fortuito.<br \/>\nEn fin, la tercera parte, se hace cargo, por una parte, del arrendamiento, muy probablemente, en Chile, el contrato a prop\u00f3sito del cual, la Corte Suprema simpatiz\u00f3 con la aproximaci\u00f3n al caso fortuito que propone este libro y, por otra, de la relaci\u00f3n entre el caso fortuito y la autonom\u00eda privada.<\/p>\n<p>\u00cdndice<br \/>\nPr\u00f3logo\u00a0\u00a0 \u00a0\u00a0\u00a0 \u00a017<br \/>\nCap\u00edtulo I. La administraci\u00f3n de los riesgos sobrevenidos de car\u00e1cter imprevisto y dos tareas pendientes\u00a0\u00a0 \u00a0\u00a0\u00a0 \u00a027<br \/>\nI. Riesgos sobrevenidos\u00a0\u00a0 \u00a0\u00a0\u00a0 \u00a027<br \/>\nII. Dispositivos\u00a0\u00a0 \u00a0\u00a0\u00a0 \u00a032<br \/>\n1. La alteraci\u00f3n sobrevenida de las circunstancias\u00a0\u00a0 \u00a0\u00a0\u00a0 \u00a034<br \/>\n1.1) El estado de la cuesti\u00f3n\u00a0\u00a0 \u00a0\u00a0\u00a0 \u00a034<br \/>\n1.2) El supuesto de hecho de la imprevisi\u00f3n\u00a0\u00a0 \u00a0\u00a0\u00a0 \u00a043<br \/>\n1.3) La frontera entre la imprevisi\u00f3n y el caso fortuito\u00a0\u00a0 \u00a0\u00a0\u00a0 \u00a046<br \/>\n2. La frustraci\u00f3n del fin del contrato\u00a0\u00a0 \u00a0\u00a0\u00a0 \u00a048<br \/>\n3. Dos tareas pendientes\u00a0\u00a0 \u00a0\u00a0\u00a0 \u00a053<br \/>\nPRIMERA PARTE:<br \/>\nEL SUPUESTO DE HECHO DEL CASO FORTUITO: LOS REQUISITOS<br \/>\nGeneralidades\u00a0\u00a0 \u00a0\u00a0\u00a0 \u00a057<br \/>\nCap\u00edtulo II. La Exterioridad y la Esfera de Control\u00a0\u00a0 \u00a0\u00a0\u00a0 \u00a059<br \/>\nI. La mirada de la doctrina mayoritaria: la exterioridad como falta de culpa o nexo causal\u00a0\u00a0 \u00a0\u00a0\u00a0 \u00a060<br \/>\nII. La cuesti\u00f3n de la culpa en el inciso segundo del art\u00edculo 1547 C\u00f3digo Civil\u00a0\u00a0 \u00a0\u00a0\u00a0 \u00a064<br \/>\nIII. La idea de la esfera de control\u00a0\u00a0 \u00a0\u00a0\u00a0 \u00a070<br \/>\n1. La Convenci\u00f3n de las Naciones Unidas sobre los Contratos de Compraventa Internacional de Mercader\u00edas (CISG)\u00a0\u00a0 \u00a0\u00a0\u00a0 \u00a070<br \/>\n2. Los Principios del Derecho Europeo de los contratos (PECL)\u00a0\u00a0 \u00a0\u00a0\u00a0 \u00a075<br \/>\n3. Algunas noticias del \u00e1mbito espa\u00f1ol\u00a0\u00a0 \u00a0\u00a0\u00a0 \u00a076<br \/>\n4. El \u00e1mbito nacional\u00a0\u00a0 \u00a0\u00a0\u00a0 \u00a082<br \/>\n4.1) \u00bfUna noci\u00f3n extra\u00f1a?\u00a0\u00a0 \u00a0\u00a0\u00a0 \u00a082<br \/>\n4.2) Dos sentencias de la Corte Suprema\u00a0\u00a0 \u00a0\u00a0\u00a0 \u00a087<br \/>\n5. La esfera de control como el riesgo asumido por el deudor\u00a0\u00a0 \u00a0\u00a0\u00a0 \u00a089<br \/>\n5.1) Las cosas empleadas por el deudor en el cumplimiento de su prestaci\u00f3n\u00a0\u00a0 \u00a0\u00a0\u00a0 \u00a090<br \/>\n5.2) Las personas empleadas por el deudor en el cumplimiento de su prestaci\u00f3n\u00a0\u00a0 \u00a0\u00a0\u00a0 \u00a096<br \/>\nCap\u00edtulo III. La diligencia como razonabilidad\u00a0\u00a0 \u00a0\u00a0\u00a0 \u00a0129<br \/>\nI. La primera doctrina\u00a0\u00a0 \u00a0\u00a0\u00a0 \u00a0129<br \/>\nII. La doctrina actual\u00a0\u00a0 \u00a0\u00a0\u00a0 \u00a0131<br \/>\nIII. Algunas sentencias de la Corte Suprema\u00a0\u00a0 \u00a0\u00a0\u00a0 \u00a0134<br \/>\nIV. La apreciaci\u00f3n relativa en el moderno derecho de las obligaciones: lo razonable\u00a0\u00a0 \u00a0\u00a0\u00a0 \u00a0137<br \/>\nV. La diligencia promotora del cumplimiento\u00a0\u00a0 \u00a0\u00a0\u00a0 \u00a0141<br \/>\nCap\u00edtulo IV. Imprevisibilidad\u00a0\u00a0 \u00a0\u00a0\u00a0 \u00a0151<br \/>\nI. Imprevisibilidad y diligencia debida\u00a0\u00a0 \u00a0\u00a0\u00a0 \u00a0152<br \/>\nII. Dos ejemplos: el terremoto y las lluvias\u00a0\u00a0 \u00a0\u00a0\u00a0 \u00a0156<br \/>\nIII. Relaci\u00f3n entre prever un riesgo y asumirlo\u00a0\u00a0 \u00a0\u00a0\u00a0 \u00a0161<br \/>\nIV. La diferencia entre prever la ocurrencia el caso fortuito y sus efectos\u00a0\u00a0 \u00a0\u00a0\u00a0 \u00a0169<br \/>\nV. La temporalidad del impedimento\u00a0\u00a0 \u00a0\u00a0\u00a0 \u00a0171<br \/>\nCap\u00edtulo V. La irresistibilidad\u00a0\u00a0 \u00a0\u00a0\u00a0 \u00a0179<br \/>\nI. Irresistibilidad y diligencia promotora\u00a0\u00a0 \u00a0\u00a0\u00a0 \u00a0179<br \/>\n1. La funci\u00f3n de la diligencia promotora\u00a0\u00a0 \u00a0\u00a0\u00a0 \u00a0179<br \/>\n2. Inevitabilidad e irresistibilidad\u00a0\u00a0 \u00a0\u00a0\u00a0 \u00a0188<br \/>\n2.1) La posici\u00f3n de Brantt y nuestro desacuerdo\u00a0\u00a0 \u00a0\u00a0\u00a0 \u00a0188<br \/>\n2.2) La posici\u00f3n de Tapia y nuestro desacuerdo\u00a0\u00a0 \u00a0\u00a0\u00a0 \u00a0193<br \/>\n2.3) Un impedimento inevitable e insuperable en s\u00ed y en sus consecuencias\u00a0\u00a0 \u00a0\u00a0\u00a0 \u00a0195<br \/>\n3. La irresistibilidad como frontera entre la responsabilidad y la exoneraci\u00f3n\u00a0\u00a0 \u00a0\u00a0\u00a0 \u00a0198<br \/>\nII. La extensi\u00f3n de la resistibilidad\u00a0\u00a0 \u00a0\u00a0\u00a0 \u00a0200<br \/>\n1. La irresistibilidad del caso fortuito y el cumplimiento por sustituci\u00f3n (\u201csustituto comercialmente razonable\u201d)\u00a0\u00a0 \u00a0\u00a0\u00a0 \u00a0201<br \/>\n1.1) El sustituto comercialmente razonable en el UCC\u00a0\u00a0 \u00a0\u00a0\u00a0 \u00a0202<br \/>\n1.2) El sustituto comercialmente razonable en la CISG\u00a0\u00a0 \u00a0\u00a0\u00a0 \u00a0205<br \/>\n1.3) El deber de resistir las consecuencias del caso fortuito y el sustituto comercialmente razonable en el C\u00f3digo Civil\u00a0\u00a0 \u00a0\u00a0\u00a0 \u00a0211<br \/>\n2. Los difusos bordes del caso fortuito y la alteraci\u00f3n sobrevenida de las circunstancias\u00a0\u00a0 \u00a0\u00a0\u00a0 \u00a0225<br \/>\n2.1) Una consecuencia no suficientemente advertida\u00a0\u00a0 \u00a0\u00a0\u00a0 \u00a0225<br \/>\n2.2) Los bordes difusos\u00a0\u00a0 \u00a0\u00a0\u00a0 \u00a0228<br \/>\n2.3) La consecuencia para el derecho chileno\u00a0\u00a0 \u00a0\u00a0\u00a0 \u00a0233<br \/>\nSEGUNDA PARTE:<br \/>\nLOS EFECTOS DEL CASO FORTUITO<br \/>\nCap\u00edtulo VI. La comunicaci\u00f3n del caso fortuito\u00a0\u00a0 \u00a0\u00a0\u00a0 \u00a0243<br \/>\nI. El punto de partida: la opini\u00f3n de Lilian San Martin Neira\u00a0\u00a0 \u00a0\u00a0\u00a0 \u00a0245<br \/>\nII. Contenido, plazo y consecuencias del incumplimiento\u00a0\u00a0 \u00a0\u00a0\u00a0 \u00a0247<br \/>\n1. El contenido de la comunicaci\u00f3n del caso fortuito\u00a0\u00a0 \u00a0\u00a0\u00a0 \u00a0248<br \/>\n2. La exigibilidad del aviso y el die a quo\u00a0\u00a0 \u00a0\u00a0\u00a0 \u00a0252<br \/>\n3. Las consecuencias de la infracci\u00f3n del deber de informar\u00a0\u00a0 \u00a0\u00a0\u00a0 \u00a0256<br \/>\nCap\u00edtulo VII. El estado de la cuesti\u00f3n\u00a0\u00a0 \u00a0\u00a0\u00a0 \u00a0263<br \/>\nI. La opini\u00f3n de Brantt, Tapia y Campos\u00a0\u00a0 \u00a0\u00a0\u00a0 \u00a0263<br \/>\nII. Un diagn\u00f3stico y una propuesta\u00a0\u00a0 \u00a0\u00a0\u00a0 \u00a0272<br \/>\nCap\u00edtulo VIII. Una noci\u00f3n amplia y objetiva de incumplimiento contractual\u00a0\u00a0 \u00a0\u00a0\u00a0 \u00a0275<br \/>\nI. La noci\u00f3n de incumplimiento. algunos apuntes desde el extranjero\u00a0\u00a0 \u00a0\u00a0\u00a0 \u00a0275<br \/>\nII. La amplitud del incumplimiento en el C\u00f3digo Civil\u00a0\u00a0 \u00a0\u00a0\u00a0 \u00a0282<br \/>\nIII. El car\u00e1cter objetivo del incumplimiento en el C\u00f3digo Civil\u00a0\u00a0 \u00a0\u00a0\u00a0 \u00a0288<br \/>\n1. El supuesto de hecho de los remedios\u00a0\u00a0 \u00a0\u00a0\u00a0 \u00a0289<br \/>\n1.1) La pretensi\u00f3n de cumplimiento espec\u00edfico\u00a0\u00a0 \u00a0\u00a0\u00a0 \u00a0290<br \/>\n1.2) La resoluci\u00f3n por incumplimiento\u00a0\u00a0 \u00a0\u00a0\u00a0 \u00a0292<br \/>\n1.3) La indemnizaci\u00f3n de da\u00f1os\u00a0\u00a0 \u00a0\u00a0\u00a0 \u00a0293<br \/>\n1.4) La excepci\u00f3n de contrato no cumplido\u00a0\u00a0 \u00a0\u00a0\u00a0 \u00a0294<br \/>\n1.5) La adecuaci\u00f3n del precio\u00a0\u00a0 \u00a0\u00a0\u00a0 \u00a0297<br \/>\n2. El incumplimiento como m\u00ednimo com\u00fan denominador\u00a0\u00a0 \u00a0\u00a0\u00a0 \u00a0299<br \/>\n3. El caso fortuito no elimina el incumplimiento\u00a0\u00a0 \u00a0\u00a0\u00a0 \u00a0300<br \/>\nIV. Dos ilustraciones de la convivencia del caso fortuito y el incumplimiento\u00a0\u00a0 \u00a0\u00a0\u00a0 \u00a0301<br \/>\nCap\u00edtulo IX. La situaci\u00f3n del deudor de la obligaci\u00f3n afectada por un caso fortuito\u00a0\u00a0 \u00a0\u00a0\u00a0 \u00a0305<br \/>\nI. El efecto liberatorio del caso fortuito\u00a0\u00a0 \u00a0\u00a0\u00a0 \u00a0305<br \/>\n1. Dos versiones de una misma equivocaci\u00f3n respecto del efecto liberatorio\u00a0\u00a0 \u00a0\u00a0\u00a0 \u00a0305<br \/>\n1.1) La primera versi\u00f3n\u00a0\u00a0 \u00a0\u00a0\u00a0 \u00a0306<br \/>\n1.2) La segunda versi\u00f3n\u00a0\u00a0 \u00a0\u00a0\u00a0 \u00a0309<br \/>\n2. El efecto liberatorio como un l\u00edmite al cumplimiento espec\u00edfico\u00a0\u00a0 \u00a0\u00a0\u00a0 \u00a0317<br \/>\nII. Exonerar de responsabilidad al deudor\u00a0\u00a0 \u00a0\u00a0\u00a0 \u00a0319<br \/>\n1. El caso fortuito como l\u00edmite de la responsabilidad civil\u00a0\u00a0 \u00a0\u00a0\u00a0 \u00a0319<br \/>\n2. La situaci\u00f3n de las obligaciones de medios\u00a0\u00a0 \u00a0\u00a0\u00a0 \u00a0320<br \/>\nCap\u00edtulo X. Los efectos del caso fortuito respecto de la situaci\u00f3n del acreedor\u00a0\u00a0 \u00a0\u00a0\u00a0 \u00a0331<br \/>\nI. Las excepciones legales\u00a0\u00a0 \u00a0\u00a0\u00a0 \u00a0331<br \/>\n1. El riesgo de la contraprestaci\u00f3n en las obligaciones de dar una especie o cuerpo cierto en el contrato bilateral\u00a0\u00a0 \u00a0\u00a0\u00a0 \u00a0332<br \/>\n2. La destrucci\u00f3n de la cosa arrendada ex art\u00edculo 1950, N\u00ba 1), del C\u00f3digo Civil.\u00a0\u00a0 \u00a0\u00a0\u00a0 \u00a0335<br \/>\nII. La opini\u00f3n de la doctrina\u00a0\u00a0 \u00a0\u00a0\u00a0 \u00a0336<br \/>\n1. M\u00e1s all\u00e1 de las excepciones legales \u00bfopera una resoluci\u00f3n de pleno derecho?\u00a0\u00a0 \u00a0\u00a0\u00a0 \u00a0336<br \/>\n2. Justificaci\u00f3n\u00a0\u00a0 \u00a0\u00a0\u00a0 \u00a0338<br \/>\nIII. Nuestra opini\u00f3n\u00a0\u00a0 \u00a0\u00a0\u00a0 \u00a0340<br \/>\nIV. El funcionamiento de los remedios\u00a0\u00a0 \u00a0\u00a0\u00a0 \u00a0350<br \/>\n1. El art\u00edculo 79 de la CISG\u00a0\u00a0 \u00a0\u00a0\u00a0 \u00a0350<br \/>\n2. \u00bfQu\u00e9 nos ense\u00f1a el art\u00edculo 79 (5) de la CISG para el derecho com\u00fan de los contratos?\u00a0\u00a0 \u00a0\u00a0\u00a0 \u00a0354<br \/>\nTERCERA PARTE:<br \/>\nAPLICACI\u00d3N Y AUTONOM\u00cdA PRIVADA<br \/>\nCap\u00edtulo XI. La situaci\u00f3n del arrendamiento de locales comerciales\u00a0\u00a0 \u00a0\u00a0\u00a0 \u00a0367<br \/>\nI. Las sentencias de los tribunales superiores chilenos\u00a0\u00a0 \u00a0\u00a0\u00a0 \u00a0368<br \/>\nII. La doctrina chilena\u00a0\u00a0 \u00a0\u00a0\u00a0 \u00a0379<br \/>\nIII. Las opiniones que no consideran expl\u00edcitamente el incumplimiento\u00a0\u00a0 \u00a0\u00a0\u00a0 \u00a0388<br \/>\n1. La doctrina esc\u00e9ptica\u00a0\u00a0 \u00a0\u00a0\u00a0 \u00a0388<br \/>\n2. El art\u00edculo 1932 del C\u00f3digo Civil\u00a0\u00a0 \u00a0\u00a0\u00a0 \u00a0393<br \/>\nIV. La situaci\u00f3n en clave de incumplimiento\u00a0\u00a0 \u00a0\u00a0\u00a0 \u00a0403<br \/>\nV. Revisitando las sentencias de la Corte Suprema\u00a0\u00a0 \u00a0\u00a0\u00a0 \u00a0408<br \/>\nVI. Un par de comentarios relativos a la suspensi\u00f3n\u00a0\u00a0 \u00a0\u00a0\u00a0 \u00a0411<br \/>\nCap\u00edtulo XII. El caso fortuito y la autonom\u00eda privada (cl\u00e1usulas contractuales de caso fortuito)\u00a0\u00a0 \u00a0\u00a0\u00a0 \u00a0417<br \/>\nI. Una estipulaci\u00f3n l\u00edcita y expresa\u00a0\u00a0 \u00a0\u00a0\u00a0 \u00a0418<br \/>\nII. Algunas cuestiones relativas al supuesto de hecho\u00a0\u00a0 \u00a0\u00a0\u00a0 \u00a0421<br \/>\na. Definici\u00f3n, inclusiones y exclusiones\u00a0\u00a0 \u00a0\u00a0\u00a0 \u00a0421<br \/>\nb. El caso fortuito de los subcontratistas\u00a0\u00a0 \u00a0\u00a0\u00a0 \u00a0434<br \/>\nc. \u00bfLa asunci\u00f3n de todos los riesgos?\u00a0\u00a0 \u00a0\u00a0\u00a0 \u00a0436<br \/>\nIII. Cuestiones relativas al aviso\u00a0\u00a0 \u00a0\u00a0\u00a0 \u00a0438<br \/>\na. El plazo del aviso\u00a0\u00a0 \u00a0\u00a0\u00a0 \u00a0439<br \/>\nb. El contenido del aviso y la forma de entregarlo\u00a0\u00a0 \u00a0\u00a0\u00a0 \u00a0440<br \/>\nc. Las consecuencias del incumplimiento del deber de aviso\u00a0\u00a0 \u00a0\u00a0\u00a0 \u00a0443<br \/>\nIV. Algunas cuestiones relativas a las consecuencias jur\u00eddicas\u00a0\u00a0 \u00a0\u00a0\u00a0 \u00a0445<br \/>\na. Explicitar o negociar\u00a0\u00a0 \u00a0\u00a0\u00a0 \u00a0445<br \/>\nb. Consecuencias temporales o permanentes\u00a0\u00a0 \u00a0\u00a0\u00a0 \u00a0446<br \/>\nc. El sustituto comercialmente razonable\u00a0\u00a0 \u00a0\u00a0\u00a0 \u00a0450<br \/>\nConclusiones\u00a0\u00a0 \u00a0\u00a0\u00a0 \u00a0453<br \/>\nBibliograf\u00eda\u00a0\u00a0 \u00a0\u00a0\u00a0 \u00a0457<\/p>\n<p>&nbsp;<\/p>\n<p>&nbsp;<\/p>\n","protected":false},"excerpt":{"rendered":"<p>Buscas un libro Jur\u00eddico.? Lo puedes encontrar en nuestra tienda virtual.<br \/>\nContamos con prestigiosos autores y muchas alternativas en sus diferentes materias al igual que grandes descuentos.! Vis\u00edtanos en <a class=\"PDuZgTTJniSbcpBCzeHjMlcFFsgCxLEhvw \" tabindex=\"0\" href=\"https:\/\/lnkd.in\/eiAG7jdZ\" target=\"_blank\" rel=\"noopener\" data-test-app-aware-link=\"\">https:\/\/lnkd.in\/eiAG7jdZ<\/a><br \/>\nEscr\u00edbenos al +56930565235 \/ <a class=\"PDuZgTTJniSbcpBCzeHjMlcFFsgCxLEhvw \" tabindex=\"0\" href=\"mailto:ventaslegallexglobal@gmail.com\" target=\"_self\" data-test-app-aware-link=\"\">ventaslegallexglobal@gmail.com<\/a><br \/>\nHacemos env\u00edos a todo Chile \u2013 Starken o Correos Chile \/ Te esperamos<\/p>\n<p>&nbsp;<\/p>\n<p>&nbsp;<\/p>\n","protected":false},"featured_media":2311,"comment_status":"open","ping_status":"closed","template":"","meta":{"inline_featured_image":false,"_joinchat":[]},"product_brand":[],"product_cat":[27,26],"product_tag":[],"class_list":{"0":"post-2281","1":"product","2":"type-product","3":"status-publish","4":"has-post-thumbnail","6":"product_cat-civil","7":"product_cat-derecho","9":"first","10":"instock","11":"shipping-taxable","12":"purchasable","13":"product-type-simple"},"_links":{"self":[{"href":"https:\/\/bibliotecajuridicavirtual.cl\/index.php\/wp-json\/wp\/v2\/product\/2281","targetHints":{"allow":["GET"]}}],"collection":[{"href":"https:\/\/bibliotecajuridicavirtual.cl\/index.php\/wp-json\/wp\/v2\/product"}],"about":[{"href":"https:\/\/bibliotecajuridicavirtual.cl\/index.php\/wp-json\/wp\/v2\/types\/product"}],"replies":[{"embeddable":true,"href":"https:\/\/bibliotecajuridicavirtual.cl\/index.php\/wp-json\/wp\/v2\/comments?post=2281"}],"wp:featuredmedia":[{"embeddable":true,"href":"https:\/\/bibliotecajuridicavirtual.cl\/index.php\/wp-json\/wp\/v2\/media\/2311"}],"wp:attachment":[{"href":"https:\/\/bibliotecajuridicavirtual.cl\/index.php\/wp-json\/wp\/v2\/media?parent=2281"}],"wp:term":[{"taxonomy":"product_brand","embeddable":true,"href":"https:\/\/bibliotecajuridicavirtual.cl\/index.php\/wp-json\/wp\/v2\/product_brand?post=2281"},{"taxonomy":"product_cat","embeddable":true,"href":"https:\/\/bibliotecajuridicavirtual.cl\/index.php\/wp-json\/wp\/v2\/product_cat?post=2281"},{"taxonomy":"product_tag","embeddable":true,"href":"https:\/\/bibliotecajuridicavirtual.cl\/index.php\/wp-json\/wp\/v2\/product_tag?post=2281"}],"curies":[{"name":"wp","href":"https:\/\/api.w.org\/{rel}","templated":true}]}}