{"id":2282,"date":"2026-02-28T01:00:12","date_gmt":"2026-02-28T04:00:12","guid":{"rendered":"https:\/\/bibliotecajuridicavirtual.cl\/?post_type=product&#038;p=2282"},"modified":"2026-02-28T01:00:26","modified_gmt":"2026-02-28T04:00:26","slug":"documentos-negociables-en-el-derecho-chileno-y-comparado-la-letra-de-cambio-el-pagare-el-cheque-y-la-factura-cedible-juan-esteban-puga-vial","status":"publish","type":"product","link":"https:\/\/bibliotecajuridicavirtual.cl\/index.php\/product\/documentos-negociables-en-el-derecho-chileno-y-comparado-la-letra-de-cambio-el-pagare-el-cheque-y-la-factura-cedible-juan-esteban-puga-vial\/","title":{"rendered":"Documentos Negociables en el Derecho Chileno y Comparado. La Letra de Cambio, el Pagar\u00e9, el Cheque y la Factura Cedible * Juan Esteban Puga Vial"},"content":{"rendered":"<p>Documentos negociables en el derecho chileno y comparado.<\/p>\n<p>La letra de Cambio, el Pagar\u00e9, el Cheque y la Factura Cedible.<\/p>\n<p>\u00cdndice<br \/>\nIntroducci\u00f3n\u00a0\u00a0 \u00a0\u00a0\u00a0 \u00a017<br \/>\nPrimera Parte<br \/>\nAspectos generales<br \/>\n1.\u00a0\u00a0 \u00a0NOTICIA HIST\u00d3RICA DE LA LETRA DE CAMBIO Y EL PAGAR\u00c9\u00a0\u00a0 \u00a0\u00a0\u00a0 \u00a025<br \/>\n2.\u00a0\u00a0 \u00a0UNIFICACI\u00d3N INTERNACIONAL DEL DERECHO CAMBIARIO\u00a0\u00a0 \u00a0\u00a0\u00a0 \u00a046<br \/>\n2.1.\u00a0\u00a0 \u00a0El largo camino a la Convenci\u00f3n de Ginebra\u00a0\u00a0 \u00a0\u00a0\u00a0 \u00a046<br \/>\n2.2.\u00a0\u00a0 \u00a0Despu\u00e9s de Ginebra\u00a0\u00a0 \u00a0\u00a0\u00a0 \u00a052<br \/>\n2.3.\u00a0\u00a0 \u00a0Am\u00e9rica Latina\u00a0\u00a0 \u00a0\u00a0\u00a0 \u00a054<br \/>\n3.\u00a0\u00a0 \u00a0LA DESMATERIALIZACI\u00d3N DE LOS T\u00cdTULOS\u00a0\u00a0 \u00a0\u00a0\u00a0 \u00a055<br \/>\nSegunda Parte<br \/>\nNaturaleza jur\u00eddica de los instrumentos negociables<br \/>\no efectos de comercio<br \/>\n1.\u00a0\u00a0 \u00a0T\u00cdTULOS VALORES Y DOCUMENTOS NEGOCIABLES O EFECTOS DE COMERCIO\u00a0\u00a0 \u00a0\u00a0\u00a0 \u00a067<br \/>\n2.\u00a0\u00a0 \u00a0FUNCI\u00d3N DE LOS DOCUMENTOS NEGOCIABLES\u00a0\u00a0 \u00a0\u00a0\u00a0 \u00a079<br \/>\n3.\u00a0\u00a0 \u00a0TEOR\u00cdAS ACERCA DE LA NATURALEZA DE LOS EFECTOS DE COMERCIO\u00a0\u00a0 \u00a0\u00a0\u00a0 \u00a085<br \/>\n3.1.\u00a0\u00a0 \u00a0Teor\u00edas monistas o causalistas, dualistas y mixtas en orden a la autonom\u00eda de la relaci\u00f3n cambiaria\u00a0\u00a0 \u00a0\u00a0\u00a0 \u00a086<br \/>\n3.2.\u00a0\u00a0 \u00a0Teor\u00edas que explican la naturaleza de la obligaci\u00f3n cambiaria misma\u00a0\u00a0 \u00a0\u00a0\u00a0 \u00a0101<br \/>\n4.\u00a0\u00a0 \u00a0PRINCIPIOS GENERALES EN MATERIA CAMBIARIA\u00a0\u00a0 \u00a0\u00a0\u00a0 \u00a0153<br \/>\n4.1.\u00a0\u00a0 \u00a0Principio de la incorporaci\u00f3n\u00a0\u00a0 \u00a0\u00a0\u00a0 \u00a0155<br \/>\n4.2.\u00a0\u00a0 \u00a0Principio de la autonom\u00eda\u00a0\u00a0 \u00a0\u00a0\u00a0 \u00a0162<br \/>\n4.3.\u00a0\u00a0 \u00a0Principio de la independencia de las firmas o de la autonom\u00eda de las obligaciones cambiarias\u00a0\u00a0 \u00a0\u00a0\u00a0 \u00a0174<br \/>\n4.4.\u00a0\u00a0 \u00a0Principio de la abstracci\u00f3n\u00a0\u00a0 \u00a0\u00a0\u00a0 \u00a0177<br \/>\n4.5.\u00a0\u00a0 \u00a0La literalidad\u00a0\u00a0 \u00a0\u00a0\u00a0 \u00a0196<br \/>\n4.6.\u00a0\u00a0 \u00a0Incondicionalidad\u00a0\u00a0 \u00a0\u00a0\u00a0 \u00a0199<br \/>\n4.7.\u00a0\u00a0 \u00a0Solemnidad\u00a0\u00a0 \u00a0\u00a0\u00a0 \u00a0200<br \/>\n4.8.\u00a0\u00a0 \u00a0La Legitimaci\u00f3n\u00a0\u00a0 \u00a0\u00a0\u00a0 \u00a0203<br \/>\n4.9.\u00a0\u00a0 \u00a0\u00cdndole dineraria de la prestaci\u00f3n cambiaria\u00a0\u00a0 \u00a0\u00a0\u00a0 \u00a0204<br \/>\n5.\u00a0\u00a0 \u00a0CLASIFICACIONES DE LOS T\u00cdTULOS DE CR\u00c9DITO\u00a0\u00a0 \u00a0\u00a0\u00a0 \u00a0205<br \/>\n6.\u00a0\u00a0 \u00a0R\u00c9GIMEN GENERAL DE LOS EFECTOS DE COMERCIO EN EL DERECHO CHILENO\u00a0\u00a0 \u00a0\u00a0\u00a0 \u00a0206<br \/>\n7.\u00a0\u00a0 \u00a0FUENTE JUR\u00cdDICA DE LOS T\u00cdTULOS NEGOCIABLES\u00a0\u00a0 \u00a0\u00a0\u00a0 \u00a0207<br \/>\n8.\u00a0\u00a0 \u00a0MERCANTILIDAD DE LOS EFECTOS DE COMERCIO\u00a0\u00a0 \u00a0\u00a0\u00a0 \u00a0209<br \/>\n9.\u00a0\u00a0 \u00a0REIVINDICACI\u00d3N DE LOS EFECTOS DE COMERCIO\u00a0\u00a0 \u00a0\u00a0\u00a0 \u00a0211<br \/>\n10.\u00a0\u00a0 \u00a0LA CAPACIDAD CAMBIARIA\u00a0\u00a0 \u00a0\u00a0\u00a0 \u00a0214<br \/>\n11.\u00a0\u00a0 \u00a0LA REPRESENTACI\u00d3N CAMBIARIA\u00a0\u00a0 \u00a0\u00a0\u00a0 \u00a0215<br \/>\n12.\u00a0\u00a0 \u00a0LA COMISI\u00d3N CAMBIARIA\u00a0\u00a0 \u00a0\u00a0\u00a0 \u00a0218<br \/>\n13.\u00a0\u00a0 \u00a0LAS COPIAS Y DUPLICADOS CAMBIARIOS\u00a0\u00a0 \u00a0\u00a0\u00a0 \u00a0219<br \/>\n14.\u00a0\u00a0 \u00a0EL RIGOR CAMBIARIO\u00a0\u00a0 \u00a0\u00a0\u00a0 \u00a0221<br \/>\n15.\u00a0\u00a0 \u00a0LA LEY CAMBIARIA EN EL TIEMPO\u00a0\u00a0 \u00a0\u00a0\u00a0 \u00a0223<br \/>\nTercera Parte<br \/>\nSistemas cambiarios en el common law<br \/>\n1.\u00a0\u00a0 \u00a0SISTEMA BRIT\u00c1NICO\u00a0\u00a0 \u00a0\u00a0\u00a0 \u00a0229<br \/>\n2.\u00a0\u00a0 \u00a0SISTEMA DE LOS ESTADOS UNIDOS DE NORTEAM\u00c9RICA\u00a0\u00a0 \u00a0\u00a0\u00a0 \u00a0244<br \/>\nCuarta Parte<br \/>\nLa letra de cambio<br \/>\n1.\u00a0\u00a0 \u00a0GENERALIDADES\u00a0\u00a0 \u00a0\u00a0\u00a0 \u00a0257<br \/>\n2.\u00a0\u00a0 \u00a0CONCEPTO Y DEFINICI\u00d3N DE LETRA DE CAMBIO\u00a0\u00a0 \u00a0\u00a0\u00a0 \u00a0258<br \/>\n3.\u00a0\u00a0 \u00a0CONTINENTE Y CONTENIDO DE LA LETRA DE CAMBIO\u00a0\u00a0 \u00a0\u00a0\u00a0 \u00a0260<br \/>\n3.1.\u00a0\u00a0 \u00a0Continente de la Letra de Cambio\u00a0\u00a0 \u00a0\u00a0\u00a0 \u00a0260<br \/>\n3.2.\u00a0\u00a0 \u00a0Contenido de la Letra de Cambio\u00a0\u00a0 \u00a0\u00a0\u00a0 \u00a0261<br \/>\n3.3.\u00a0\u00a0 \u00a0Omisi\u00f3n de los contenidos\u00a0\u00a0 \u00a0\u00a0\u00a0 \u00a0285<br \/>\n3.4.\u00a0\u00a0 \u00a0La letra en blanco\u00a0\u00a0 \u00a0\u00a0\u00a0 \u00a0289<br \/>\n4.\u00a0\u00a0 \u00a0ALTERACI\u00d3N DE UNA LETRA DE CAMBIO\u00a0\u00a0 \u00a0\u00a0\u00a0 \u00a0301<br \/>\n5.\u00a0\u00a0 \u00a0PART\u00cdCIPES EN LA LETRA DE CAMBIO\u00a0\u00a0 \u00a0\u00a0\u00a0 \u00a0302<br \/>\n5.1.\u00a0\u00a0 \u00a0La aceptaci\u00f3n\u00a0\u00a0 \u00a0\u00a0\u00a0 \u00a0304<br \/>\n5.2.\u00a0\u00a0 \u00a0El portador leg\u00edtimo y portador de buena fe\u00a0\u00a0 \u00a0\u00a0\u00a0 \u00a0326<br \/>\n5.3.\u00a0\u00a0 \u00a0Las garant\u00edas cambiarias\u00a0\u00a0 \u00a0\u00a0\u00a0 \u00a0329<br \/>\n6.\u00a0\u00a0 \u00a0EL ENDOSO\u00a0\u00a0 \u00a0\u00a0\u00a0 \u00a0368<br \/>\n6.1.\u00a0\u00a0 \u00a0Generalidades. La cl\u00e1usula a la orden y el endoso\u00a0\u00a0 \u00a0\u00a0\u00a0 \u00a0368<br \/>\n6.2.\u00a0\u00a0 \u00a0Definici\u00f3n\u00a0\u00a0 \u00a0\u00a0\u00a0 \u00a0374<br \/>\n6.3.\u00a0\u00a0 \u00a0Clases de endoso\u00a0\u00a0 \u00a0\u00a0\u00a0 \u00a0378<br \/>\n6.4.\u00a0\u00a0 \u00a0Naturaleza jur\u00eddica del endoso traslaticio o en propiedad. Endoso y cesi\u00f3n de cr\u00e9ditos nominativos\u00a0\u00a0 \u00a0\u00a0\u00a0 \u00a0378<br \/>\n6.5.\u00a0\u00a0 \u00a0Formalidades del endoso\u00a0\u00a0 \u00a0\u00a0\u00a0 \u00a0383<br \/>\n6.6.\u00a0\u00a0 \u00a0Cl\u00e1usulas facultativas del endoso\u00a0\u00a0 \u00a0\u00a0\u00a0 \u00a0384<br \/>\n6.7.\u00a0\u00a0 \u00a0A quienes se pueden endosar\u00a0\u00a0 \u00a0\u00a0\u00a0 \u00a0385<br \/>\n6.8.\u00a0\u00a0 \u00a0Car\u00e1cter incondicional y total del endoso\u00a0\u00a0 \u00a0\u00a0\u00a0 \u00a0388<br \/>\n6.9.\u00a0\u00a0 \u00a0El endoso en blanco y t\u00edtulos al portador\u00a0\u00a0 \u00a0\u00a0\u00a0 \u00a0390<br \/>\n6.10.\u00a0\u00a0 \u00a0Cl\u00e1usula no endosable del librador y del endosante y la cl\u00e1usula sin garant\u00eda\u00a0\u00a0 \u00a0\u00a0\u00a0 \u00a0398<br \/>\n6.11.\u00a0\u00a0 \u00a0Tiempo y lugar del endoso\u00a0\u00a0 \u00a0\u00a0\u00a0 \u00a0401<br \/>\n6.12.\u00a0\u00a0 \u00a0Efectos del endoso traslaticio\u00a0\u00a0 \u00a0\u00a0\u00a0 \u00a0403<br \/>\n6.13.\u00a0\u00a0 \u00a0El principio de la inoponibilidad de las excepciones\u00a0\u00a0 \u00a0\u00a0\u00a0 \u00a0418<br \/>\n6.14.\u00a0\u00a0 \u00a0El endoso en garant\u00eda\u00a0\u00a0 \u00a0\u00a0\u00a0 \u00a0462<br \/>\n6.15.\u00a0\u00a0 \u00a0El endoso en comisi\u00f3n de cobranza, de apoderamiento o de procuraci\u00f3n\u00a0\u00a0 \u00a0\u00a0\u00a0 \u00a0465<br \/>\n7.\u00a0\u00a0 \u00a0EL VENCIMIENTO DE LA LETRA\u00a0\u00a0 \u00a0\u00a0\u00a0 \u00a0468<br \/>\n7.1.\u00a0\u00a0 \u00a0Ejercicio anticipado de la acci\u00f3n cambiaria\u00a0\u00a0 \u00a0\u00a0\u00a0 \u00a0472<br \/>\n8.\u00a0\u00a0 \u00a0EL PAGO DE LA LETRA\u00a0\u00a0 \u00a0\u00a0\u00a0 \u00a0477<br \/>\n8.1.\u00a0\u00a0 \u00a0Pago voluntario total o parcial de la letra. Condiciones de validez\u00a0\u00a0 \u00a0\u00a0\u00a0 \u00a0477<br \/>\n8.2.\u00a0\u00a0 \u00a0Pago forzado de la letra. La letra como t\u00edtulo ejecutivo\u00a0\u00a0 \u00a0\u00a0\u00a0 \u00a0487<br \/>\n8.3.\u00a0\u00a0 \u00a0Pago anticipado\u00a0\u00a0 \u00a0\u00a0\u00a0 \u00a0497<br \/>\n8.4.\u00a0\u00a0 \u00a0El pago por intervenci\u00f3n\u00a0\u00a0 \u00a0\u00a0\u00a0 \u00a0499<br \/>\n8.5.\u00a0\u00a0 \u00a0Obligaci\u00f3n del portador pagado\u00a0\u00a0 \u00a0\u00a0\u00a0 \u00a0503<br \/>\n8.6.\u00a0\u00a0 \u00a0La resaca o recambio\u00a0\u00a0 \u00a0\u00a0\u00a0 \u00a0504<br \/>\n9.\u00a0\u00a0 \u00a0EL PROTESTO\u00a0\u00a0 \u00a0\u00a0\u00a0 \u00a0505<br \/>\n9.1.\u00a0\u00a0 \u00a0Generalidades\u00a0\u00a0 \u00a0\u00a0\u00a0 \u00a0505<br \/>\n9.2.\u00a0\u00a0 \u00a0Clases de protestos\u00a0\u00a0 \u00a0\u00a0\u00a0 \u00a0511<br \/>\n9.3.\u00a0\u00a0 \u00a0El acta de protesto\u00a0\u00a0 \u00a0\u00a0\u00a0 \u00a0526<br \/>\n9.4.\u00a0\u00a0 \u00a0Exenciones legales y voluntarias de la obligaci\u00f3n de protesto\u00a0\u00a0 \u00a0\u00a0\u00a0 \u00a0527<br \/>\n9.5.\u00a0\u00a0 \u00a0La nulidad del protesto\u00a0\u00a0 \u00a0\u00a0\u00a0 \u00a0530<br \/>\n9.6.\u00a0\u00a0 \u00a0Aceptaci\u00f3n y pago despu\u00e9s del protesto\u00a0\u00a0 \u00a0\u00a0\u00a0 \u00a0532<br \/>\n10.\u00a0\u00a0 \u00a0DE LA AMORTIZACION POR EXTRAV\u00cdO Y DETERIORO F\u00cdSICO DE LA LETRA DE CAMBIO\u00a0\u00a0 \u00a0\u00a0\u00a0 \u00a0533<br \/>\n10.1.\u00a0\u00a0 \u00a0Generalidades\u00a0\u00a0 \u00a0\u00a0\u00a0 \u00a0533<br \/>\n10.2.\u00a0\u00a0 \u00a0Procedimiento Voluntario\u00a0\u00a0 \u00a0\u00a0\u00a0 \u00a0537<br \/>\n10.3.\u00a0\u00a0 \u00a0Procedimiento contencioso. Oposici\u00f3n de los obligados y portador leg\u00edtimo\u00a0\u00a0 \u00a0\u00a0\u00a0 \u00a0542<br \/>\n10.4.\u00a0\u00a0 \u00a0Efectos de la amortizaci\u00f3n\u00a0\u00a0 \u00a0\u00a0\u00a0 \u00a0543<br \/>\n10.5.\u00a0\u00a0 \u00a0Oponibilidad de excepciones y la resoluci\u00f3n positiva sustitutiva\u00a0\u00a0 \u00a0\u00a0\u00a0 \u00a0546<br \/>\n11.\u00a0\u00a0 \u00a0LAS ACCIONES CAMBIARIAS\u00a0\u00a0 \u00a0\u00a0\u00a0 \u00a0546<br \/>\n11.1.\u00a0\u00a0 \u00a0Generalidades\u00a0\u00a0 \u00a0\u00a0\u00a0 \u00a0546<br \/>\n11.2.\u00a0\u00a0 \u00a0Clases de acciones cambiarias. La acci\u00f3n directa y la de regreso en el derecho comparado y en el derecho chileno\u00a0\u00a0 \u00a0\u00a0\u00a0 \u00a0547<br \/>\n11.3.\u00a0\u00a0 \u00a0Nuestra acci\u00f3n directa. La letra perjudicada\u00a0\u00a0 \u00a0\u00a0\u00a0 \u00a0553<br \/>\n11.4.\u00a0\u00a0 \u00a0Nuestra acci\u00f3n de regreso\u00a0\u00a0 \u00a0\u00a0\u00a0 \u00a0558<br \/>\n12.\u00a0\u00a0 \u00a0CADUCIDAD Y PRESCRIPCI\u00d3N DE LAS ACCIONES CAMBIARIAS\u00a0\u00a0 \u00a0\u00a0\u00a0 \u00a0561<br \/>\n12.1.\u00a0\u00a0 \u00a0La Caducidad, Perjuicio o Decadencia de la Letra de Cambio\u00a0\u00a0 \u00a0\u00a0\u00a0 \u00a0561<br \/>\n12.2.\u00a0\u00a0 \u00a0La prescripci\u00f3n cambiaria\u00a0\u00a0 \u00a0\u00a0\u00a0 \u00a0566<br \/>\n13.\u00a0\u00a0 \u00a0ACCIONES EXTRACAMBIARIAS\u00a0\u00a0 \u00a0\u00a0\u00a0 \u00a0581<br \/>\n13.1.\u00a0\u00a0 \u00a0La acci\u00f3n causal\u00a0\u00a0 \u00a0\u00a0\u00a0 \u00a0581<br \/>\n13.2.\u00a0\u00a0 \u00a0Acci\u00f3n de enriquecimiento sin causa\u00a0\u00a0 \u00a0\u00a0\u00a0 \u00a0594<br \/>\nQuinta Parte<br \/>\nEl pagar\u00e9 o vale<br \/>\n1.\u00a0\u00a0 \u00a0GENERALIDADES\u00a0\u00a0 \u00a0\u00a0\u00a0 \u00a0603<br \/>\n2.\u00a0\u00a0 \u00a0DEFINICI\u00d3N\u00a0\u00a0 \u00a0\u00a0\u00a0 \u00a0606<br \/>\n3.\u00a0\u00a0 \u00a0R\u00c9GIMEN LEGAL\u00a0\u00a0 \u00a0\u00a0\u00a0 \u00a0607<br \/>\n4.\u00a0\u00a0 \u00a0CONTINENTE, CONTENIDO Y VENCIMIENTO EL PAGAR\u00c9\u00a0\u00a0 \u00a0\u00a0\u00a0 \u00a0608<br \/>\n5.\u00a0\u00a0 \u00a0CADUCIDAD DEL PAGAR\u00c9 A LA VISTA\u00a0\u00a0 \u00a0\u00a0\u00a0 \u00a0610<br \/>\n6.\u00a0\u00a0 \u00a0VENCIMIENTOS SUCESIVOS Y LA CL\u00c1USULA DE ACELERACI\u00d3N\u00a0\u00a0 \u00a0\u00a0\u00a0 \u00a0611<br \/>\nSexta Parte<br \/>\nEl cheque<br \/>\n1.\u00a0\u00a0 \u00a0NOTICIA HIST\u00d3RICA\u00a0\u00a0 \u00a0\u00a0\u00a0 \u00a0621<br \/>\n2.\u00a0\u00a0 \u00a0UNIFICACI\u00d3N INTERNACIONAL DE LAS LEGISLACIONES SOBRE EL CHEQUE\u00a0\u00a0 \u00a0\u00a0\u00a0 \u00a0625<br \/>\n3.\u00a0\u00a0 \u00a0EL CONTRATO DE CUENTA CORRIENTE BANCARIA\u00a0\u00a0 \u00a0\u00a0\u00a0 \u00a0628<br \/>\n3.1.\u00a0\u00a0 \u00a0Generalidades\u00a0\u00a0 \u00a0\u00a0\u00a0 \u00a0628<br \/>\n3.2.\u00a0\u00a0 \u00a0Concepto y caracter\u00edsticas\u00a0\u00a0 \u00a0\u00a0\u00a0 \u00a0630<br \/>\n3.3.\u00a0\u00a0 \u00a0Contrato de cuenta corriente bancaria y contrato de cuenta corriente mercantil\u00a0\u00a0 \u00a0\u00a0\u00a0 \u00a0636<br \/>\n3.4.\u00a0\u00a0 \u00a0R\u00e9gimen jur\u00eddico, efectos y terminaci\u00f3n del contrato de cuenta corriente mercantil\u00a0\u00a0 \u00a0\u00a0\u00a0 \u00a0639<br \/>\n3.5.\u00a0\u00a0 \u00a0La cuenta corriente bancaria en moneda extranjera\u00a0\u00a0 \u00a0\u00a0\u00a0 \u00a0641<br \/>\n4.\u00a0\u00a0 \u00a0NATURALEZA JUR\u00cdDICA DEL CHEQUE\u00a0\u00a0 \u00a0\u00a0\u00a0 \u00a0643<br \/>\n5.\u00a0\u00a0 \u00a0MERCANTILIDAD DEL CHEQUE\u00a0\u00a0 \u00a0\u00a0\u00a0 \u00a0654<br \/>\n6.\u00a0\u00a0 \u00a0EL CHEQUE Y LA LETRA DE CAMBIO\u00a0\u00a0 \u00a0\u00a0\u00a0 \u00a0655<br \/>\n7.\u00a0\u00a0 \u00a0DEFINICI\u00d3N Y CONCEPTO DE CHEQUE\u00a0\u00a0 \u00a0\u00a0\u00a0 \u00a0656<br \/>\n8.\u00a0\u00a0 \u00a0LA PROVISI\u00d3N DE FONDOS\u00a0\u00a0 \u00a0\u00a0\u00a0 \u00a0661<br \/>\n9.\u00a0\u00a0 \u00a0CLASES DE CHEQUES\u00a0\u00a0 \u00a0\u00a0\u00a0 \u00a0665<br \/>\n9.1.\u00a0\u00a0 \u00a0Cheque certificado\u00a0\u00a0 \u00a0\u00a0\u00a0 \u00a0665<br \/>\n9.2.\u00a0\u00a0 \u00a0Cheque garantizado\u00a0\u00a0 \u00a0\u00a0\u00a0 \u00a0665<br \/>\n9.3.\u00a0\u00a0 \u00a0Cheque viajero\u00a0\u00a0 \u00a0\u00a0\u00a0 \u00a0666<br \/>\n9.4.\u00a0\u00a0 \u00a0Cheque circular\u00a0\u00a0 \u00a0\u00a0\u00a0 \u00a0666<br \/>\n9.5.\u00a0\u00a0 \u00a0Cheque postal\u00a0\u00a0 \u00a0\u00a0\u00a0 \u00a0667<br \/>\n9.6.\u00a0\u00a0 \u00a0Cheque en cuenta\u00a0\u00a0 \u00a0\u00a0\u00a0 \u00a0668<br \/>\n9.7.\u00a0\u00a0 \u00a0El Cheque imputado\u00a0\u00a0 \u00a0\u00a0\u00a0 \u00a0668<br \/>\n9.8.\u00a0\u00a0 \u00a0El cheque de pago diferido\u00a0\u00a0 \u00a0\u00a0\u00a0 \u00a0669<br \/>\n10.\u00a0\u00a0 \u00a0EL CHEQUE EN EL DERECHO ANGLOSAJ\u00d3N\u00a0\u00a0 \u00a0\u00a0\u00a0 \u00a0669<br \/>\n11.\u00a0\u00a0 \u00a0SOLEMNIDAD DEL CHEQUE. EL CONTINENTE DEL CHEQUE\u00a0\u00a0 \u00a0\u00a0\u00a0 \u00a0671<br \/>\n12.\u00a0\u00a0 \u00a0LOS CONTENIDOS DEL CHEQUE\u00a0\u00a0 \u00a0\u00a0\u00a0 \u00a0672<br \/>\n12.1.\u00a0\u00a0 \u00a0Menciones esenciales del cheque\u00a0\u00a0 \u00a0\u00a0\u00a0 \u00a0673<br \/>\n12.2.\u00a0\u00a0 \u00a0Inadmisibilidad general de cl\u00e1usulas accesorias\u00a0\u00a0 \u00a0\u00a0\u00a0 \u00a0677<br \/>\n12.3.\u00a0\u00a0 \u00a0Excepciones\u00a0\u00a0 \u00a0\u00a0\u00a0 \u00a0678<br \/>\n13.\u00a0\u00a0 \u00a0CHEQUE EN COMISI\u00d3N DE COBRANZA O CHEQUE MANDATO\u00a0\u00a0 \u00a0\u00a0\u00a0 \u00a0685<br \/>\n14.\u00a0\u00a0 \u00a0CHEQUES DUPLICADOS\u00a0\u00a0 \u00a0\u00a0\u00a0 \u00a0687<br \/>\n15.\u00a0\u00a0 \u00a0CHEQUE EN BLANCO\u00a0\u00a0 \u00a0\u00a0\u00a0 \u00a0687<br \/>\n16.\u00a0\u00a0 \u00a0EL CHEQUE POSTDATADO O A FECHA\u00a0\u00a0 \u00a0\u00a0\u00a0 \u00a0693<br \/>\n17.\u00a0\u00a0 \u00a0EL CHEQUE EN GARANT\u00cdA\u00a0\u00a0 \u00a0\u00a0\u00a0 \u00a0701<br \/>\n18.\u00a0\u00a0 \u00a0EL AVAL Y EL CHEQUE\u00a0\u00a0 \u00a0\u00a0\u00a0 \u00a0711<br \/>\n19.\u00a0\u00a0 \u00a0LA CIRCULACI\u00d3N DEL CHEQUE\u00a0\u00a0 \u00a0\u00a0\u00a0 \u00a0713<br \/>\n19.1.\u00a0\u00a0 \u00a0Cheque nominativo\u00a0\u00a0 \u00a0\u00a0\u00a0 \u00a0713<br \/>\n19.2.\u00a0\u00a0 \u00a0Cheque al portador\u00a0\u00a0 \u00a0\u00a0\u00a0 \u00a0715<br \/>\n19.3.\u00a0\u00a0 \u00a0Cheque a la orden\u00a0\u00a0 \u00a0\u00a0\u00a0 \u00a0716<br \/>\n20.\u00a0\u00a0 \u00a0LA CADUCIDAD DEL CHEQUE Y SUS EFECTOS\u00a0\u00a0 \u00a0\u00a0\u00a0 \u00a0716<br \/>\n21.\u00a0\u00a0 \u00a0NORMAS ESPECIALES SOBRE LA FALSIFICACI\u00d3N DEL CHEQUE Y SUS EFECTOS\u00a0\u00a0 \u00a0\u00a0\u00a0 \u00a0723<br \/>\n22.\u00a0\u00a0 \u00a0LA REVOCACI\u00d3N DEL CHEQUE\u00a0\u00a0 \u00a0\u00a0\u00a0 \u00a0726<br \/>\n23.\u00a0\u00a0 \u00a0ROBO, HURTO O P\u00c9RDIDA DEL CHEQUE\u00a0\u00a0 \u00a0\u00a0\u00a0 \u00a0731<br \/>\n24.\u00a0\u00a0 \u00a0EL PAGO DEL CHEQUE\u00a0\u00a0 \u00a0\u00a0\u00a0 \u00a0732<br \/>\n25.\u00a0\u00a0 \u00a0EL PROTESTO DEL CHEQUE\u00a0\u00a0 \u00a0\u00a0\u00a0 \u00a0736<br \/>\n25.1.\u00a0\u00a0 \u00a0Definici\u00f3n\u00a0\u00a0 \u00a0\u00a0\u00a0 \u00a0736<br \/>\n25.2.\u00a0\u00a0 \u00a0Causales de protesto\u00a0\u00a0 \u00a0\u00a0\u00a0 \u00a0737<br \/>\n25.3.\u00a0\u00a0 \u00a0Del acta de protesto\u00a0\u00a0 \u00a0\u00a0\u00a0 \u00a0745<br \/>\n25.4.\u00a0\u00a0 \u00a0Importancia del protesto\u00a0\u00a0 \u00a0\u00a0\u00a0 \u00a0746<br \/>\n25.5.\u00a0\u00a0 \u00a0Nulidad del protesto\u00a0\u00a0 \u00a0\u00a0\u00a0 \u00a0747<br \/>\n25.6.\u00a0\u00a0 \u00a0Responsabilidad civil del banco librado\u00a0\u00a0 \u00a0\u00a0\u00a0 \u00a0747<br \/>\n26.\u00a0\u00a0 \u00a0LAS ACCIONES DERIVADAS DEL CHEQUE\u00a0\u00a0 \u00a0\u00a0\u00a0 \u00a0753<br \/>\n26.1.\u00a0\u00a0 \u00a0Acciones civiles emanadas del cheque\u00a0\u00a0 \u00a0\u00a0\u00a0 \u00a0753<br \/>\n26.2.\u00a0\u00a0 \u00a0Acciones penales relacionadas con el cheque\u00a0\u00a0 \u00a0\u00a0\u00a0 \u00a0758<br \/>\nS\u00e9ptima Parte<br \/>\nDocumentos negociables al portador<br \/>\nGENERALIDADES. PROBLEMAS RELACIONADOS CON LOS T\u00cdTULOS AL PORTADOR\u00a0\u00a0 \u00a0\u00a0\u00a0 \u00a0781<br \/>\nOctava Parte<br \/>\nLa factura cedible, conformada o protestable<br \/>\n1.\u00a0\u00a0 \u00a0GENERALIDADES\u00a0\u00a0 \u00a0\u00a0\u00a0 \u00a0791<br \/>\n2.\u00a0\u00a0 \u00a0APLICACI\u00d3N DE LOS PRINCIPIOS CAMBIARIOS A LA FACTURA CEDIBLE\u00a0\u00a0 \u00a0\u00a0\u00a0 \u00a0799<br \/>\n3.\u00a0\u00a0 \u00a0CONCEPTO Y DEFINICI\u00d3N\u00a0\u00a0 \u00a0\u00a0\u00a0 \u00a0805<br \/>\n4.\u00a0\u00a0 \u00a0PROCEDIMIENTO PARA CONVERTIR UNA FACTURA EN UN INSTRUMENTO CEDIBLE\u00a0\u00a0 \u00a0\u00a0\u00a0 \u00a0806<br \/>\n4.1.\u00a0\u00a0 \u00a0Qu\u00e9 facturas gozan de este beneficio\u00a0\u00a0 \u00a0\u00a0\u00a0 \u00a0806<br \/>\n4.2.\u00a0\u00a0 \u00a0Contenido de la factura\u00a0\u00a0 \u00a0\u00a0\u00a0 \u00a0809<br \/>\n4.3.\u00a0\u00a0 \u00a0Formalidades de la factura\u00a0\u00a0 \u00a0\u00a0\u00a0 \u00a0816<br \/>\n4.4.\u00a0\u00a0 \u00a0Procedimiento de aceptaci\u00f3n de la factura por el deudor\u00a0\u00a0 \u00a0\u00a0\u00a0 \u00a0816<br \/>\n5.\u00a0\u00a0 \u00a0CESI\u00d3N DE LOS CR\u00c9DITOS CONTENIDOS EN LA FACTURA\u00a0\u00a0 \u00a0\u00a0\u00a0 \u00a0820<br \/>\n6.\u00a0\u00a0 \u00a0EFECTOS DE LA CESI\u00d3N DE LA FACTURA\u00a0\u00a0 \u00a0\u00a0\u00a0 \u00a0824<br \/>\n7.\u00a0\u00a0 \u00a0LIBRE DISPONIBILIDAD DE LAS FACTURAS\u00a0\u00a0 \u00a0\u00a0\u00a0 \u00a0825<br \/>\n8.\u00a0\u00a0 \u00a0M\u00c9RITO EJECUTIVO DE LA FACTURA\u00a0\u00a0 \u00a0\u00a0\u00a0 \u00a0826<br \/>\n9.\u00a0\u00a0 \u00a0PROTECCI\u00d3N CIVIL DE LA FACTURA CEDIBLE\u00a0\u00a0 \u00a0\u00a0\u00a0 \u00a0830<br \/>\n9.1.\u00a0\u00a0 \u00a0Normas que protegen el m\u00e9rito ejecutivo de la factura\u00a0\u00a0 \u00a0\u00a0\u00a0 \u00a0830<br \/>\n9.2.\u00a0\u00a0 \u00a0Sanci\u00f3n por impugnaci\u00f3n judicial infundada de factura\u00a0\u00a0 \u00a0\u00a0\u00a0 \u00a0831<br \/>\n10.\u00a0\u00a0 \u00a0CESI\u00d3N DE FACTURA EN COMISI\u00d3N DE COBRANZA\u00a0\u00a0 \u00a0\u00a0\u00a0 \u00a0831<br \/>\n11.\u00a0\u00a0 \u00a0PRESCRIPCI\u00d3N DE LA ACCI\u00d3N EMANADA DE LA FACTURA\u00a0\u00a0 \u00a0\u00a0\u00a0 \u00a0832<br \/>\nNovena Parte<br \/>\nDerecho internacional privado cambiario conflictos<br \/>\nde leyes y efectos de comercio<br \/>\n1.\u00a0\u00a0 \u00a0CONFLICTOS DE LEYES RELATIVAS A LETRAS DE CAMBIO Y PAGAR\u00c9S\u00a0\u00a0 \u00a0\u00a0\u00a0 \u00a0833<br \/>\n1.1.\u00a0\u00a0 \u00a0Generalidades\u00a0\u00a0 \u00a0\u00a0\u00a0 \u00a0833<br \/>\n1.2.\u00a0\u00a0 \u00a0Ordenes de prelaci\u00f3n de normas\u00a0\u00a0 \u00a0\u00a0\u00a0 \u00a0834<br \/>\n1.3.\u00a0\u00a0 \u00a0Calificaci\u00f3n de los t\u00edtulos\u00a0\u00a0 \u00a0\u00a0\u00a0 \u00a0840<br \/>\n1.4.\u00a0\u00a0 \u00a0La capacidad cambiaria\u00a0\u00a0 \u00a0\u00a0\u00a0 \u00a0842<br \/>\n1.5.\u00a0\u00a0 \u00a0La causa\u00a0\u00a0 \u00a0\u00a0\u00a0 \u00a0845<br \/>\n1.6.\u00a0\u00a0 \u00a0Consentimiento cambiario\u00a0\u00a0 \u00a0\u00a0\u00a0 \u00a0847<br \/>\n1.7.\u00a0\u00a0 \u00a0Solemnidades de las obligaciones cambiarias\u00a0\u00a0 \u00a0\u00a0\u00a0 \u00a0848<br \/>\n1.8.\u00a0\u00a0 \u00a0Soluci\u00f3n de conflictos de leyes relativos a los efectos de las obligaciones cambiarias\u00a0\u00a0 \u00a0\u00a0\u00a0 \u00a0853<br \/>\n1.9.\u00a0\u00a0 \u00a0Ley del vencimiento\u00a0\u00a0 \u00a0\u00a0\u00a0 \u00a0859<br \/>\n1.10.\u00a0\u00a0 \u00a0Ley de presentaci\u00f3n al pago y del protesto\u00a0\u00a0 \u00a0\u00a0\u00a0 \u00a0860<br \/>\n1.11.\u00a0\u00a0 \u00a0Ley del pago y del protesto\u00a0\u00a0 \u00a0\u00a0\u00a0 \u00a0861<br \/>\n1.12.\u00a0\u00a0 \u00a0Ejercicio de las acciones cambiarias\u00a0\u00a0 \u00a0\u00a0\u00a0 \u00a0865<br \/>\n1.13.\u00a0\u00a0 \u00a0La caducidad de las acciones\u00a0\u00a0 \u00a0\u00a0\u00a0 \u00a0866<br \/>\n1.14.\u00a0\u00a0 \u00a0La prescripci\u00f3n de las acciones\u00a0\u00a0 \u00a0\u00a0\u00a0 \u00a0867<br \/>\n1.15.\u00a0\u00a0 \u00a0La provisi\u00f3n del librador al librado\u00a0\u00a0 \u00a0\u00a0\u00a0 \u00a0869<br \/>\n2.\u00a0\u00a0 \u00a0CONFLICTOS DE LEYES RELATIVOS AL CHEQUE\u00a0\u00a0 \u00a0\u00a0\u00a0 \u00a0877<br \/>\n2.1.\u00a0\u00a0 \u00a0Generalidades y prelaci\u00f3n de textos legales\u00a0\u00a0 \u00a0\u00a0\u00a0 \u00a0877<br \/>\n2.2.\u00a0\u00a0 \u00a0Conflictos en los que siempre se aplica la ley del pa\u00eds del librado\u00a0\u00a0 \u00a0\u00a0\u00a0 \u00a0878<br \/>\n2.3.\u00a0\u00a0 \u00a0Calificaci\u00f3n de los t\u00edtulos negociables\u00a0\u00a0 \u00a0\u00a0\u00a0 \u00a0881<br \/>\n2.4.\u00a0\u00a0 \u00a0La capacidad y la causa de los t\u00edtulos negociables\u00a0\u00a0 \u00a0\u00a0\u00a0 \u00a0881<br \/>\n2.5.\u00a0\u00a0 \u00a0Consentimiento cambiario\u00a0\u00a0 \u00a0\u00a0\u00a0 \u00a0882<br \/>\n2.6.\u00a0\u00a0 \u00a0Las solemnidades\u00a0\u00a0 \u00a0\u00a0\u00a0 \u00a0883<br \/>\n2.7.\u00a0\u00a0 \u00a0Efecto de las obligaciones emanadas del cheque\u00a0\u00a0 \u00a0\u00a0\u00a0 \u00a0883<br \/>\n2.8.\u00a0\u00a0 \u00a0La provisi\u00f3n de librador al librado\u00a0\u00a0 \u00a0\u00a0\u00a0 \u00a0884<br \/>\n2.9.\u00a0\u00a0 \u00a0Ejercicio de las acciones cambiarias\u00a0\u00a0 \u00a0\u00a0\u00a0 \u00a0885<br \/>\n2.10.\u00a0\u00a0 \u00a0La caducidad de las acciones\u00a0\u00a0 \u00a0\u00a0\u00a0 \u00a0885<br \/>\n2.11.\u00a0\u00a0 \u00a0La prescripci\u00f3n de las acciones\u00a0\u00a0 \u00a0\u00a0\u00a0 \u00a0886<br \/>\nBibliograf\u00eda\u00a0\u00a0 \u00a0\u00a0\u00a0 \u00a0887<\/p>\n<p>&nbsp;<\/p>\n","protected":false},"excerpt":{"rendered":"<p>1\u00b0 edici\u00f3n actualizada junio 2025 * 896 p\u00e1ginas<\/p>\n<p>Buscas un libro Jur\u00eddico.? Lo puedes encontrar en nuestra tienda virtual.<br \/>\nContamos con prestigiosos autores y muchas alternativas en sus diferentes materias al igual que grandes descuentos.! Vis\u00edtanos en <a class=\"PDuZgTTJniSbcpBCzeHjMlcFFsgCxLEhvw \" tabindex=\"0\" href=\"https:\/\/lnkd.in\/eiAG7jdZ\" target=\"_blank\" rel=\"noopener\" data-test-app-aware-link=\"\">https:\/\/lnkd.in\/eiAG7jdZ<\/a><br \/>\nEscr\u00edbenos al +56930565235 \/ <a class=\"PDuZgTTJniSbcpBCzeHjMlcFFsgCxLEhvw \" tabindex=\"0\" href=\"mailto:ventaslegallexglobal@gmail.com\" target=\"_self\" data-test-app-aware-link=\"\">ventaslegallexglobal@gmail.com<\/a><br \/>\nHacemos env\u00edos a todo Chile \u2013 Starken o Correos Chile \/ Te esperamos<\/p>\n<p>&nbsp;<\/p>\n","protected":false},"featured_media":2312,"comment_status":"open","ping_status":"closed","template":"","meta":{"inline_featured_image":false,"_joinchat":[]},"product_brand":[],"product_cat":[48,26],"product_tag":[],"class_list":{"0":"post-2282","1":"product","2":"type-product","3":"status-publish","4":"has-post-thumbnail","6":"product_cat-comercial","7":"product_cat-derecho","9":"first","10":"instock","11":"shipping-taxable","12":"purchasable","13":"product-type-simple"},"_links":{"self":[{"href":"https:\/\/bibliotecajuridicavirtual.cl\/index.php\/wp-json\/wp\/v2\/product\/2282","targetHints":{"allow":["GET"]}}],"collection":[{"href":"https:\/\/bibliotecajuridicavirtual.cl\/index.php\/wp-json\/wp\/v2\/product"}],"about":[{"href":"https:\/\/bibliotecajuridicavirtual.cl\/index.php\/wp-json\/wp\/v2\/types\/product"}],"replies":[{"embeddable":true,"href":"https:\/\/bibliotecajuridicavirtual.cl\/index.php\/wp-json\/wp\/v2\/comments?post=2282"}],"wp:featuredmedia":[{"embeddable":true,"href":"https:\/\/bibliotecajuridicavirtual.cl\/index.php\/wp-json\/wp\/v2\/media\/2312"}],"wp:attachment":[{"href":"https:\/\/bibliotecajuridicavirtual.cl\/index.php\/wp-json\/wp\/v2\/media?parent=2282"}],"wp:term":[{"taxonomy":"product_brand","embeddable":true,"href":"https:\/\/bibliotecajuridicavirtual.cl\/index.php\/wp-json\/wp\/v2\/product_brand?post=2282"},{"taxonomy":"product_cat","embeddable":true,"href":"https:\/\/bibliotecajuridicavirtual.cl\/index.php\/wp-json\/wp\/v2\/product_cat?post=2282"},{"taxonomy":"product_tag","embeddable":true,"href":"https:\/\/bibliotecajuridicavirtual.cl\/index.php\/wp-json\/wp\/v2\/product_tag?post=2282"}],"curies":[{"name":"wp","href":"https:\/\/api.w.org\/{rel}","templated":true}]}}