{"id":2283,"date":"2026-02-28T01:00:12","date_gmt":"2026-02-28T04:00:12","guid":{"rendered":"https:\/\/bibliotecajuridicavirtual.cl\/?post_type=product&#038;p=2283"},"modified":"2026-02-28T01:00:26","modified_gmt":"2026-02-28T04:00:26","slug":"casacion-ambiental-y-derecho-al-recurso-francisco-chahuan-ibanez-1-edicion-ano-2025-146-paginas","status":"publish","type":"product","link":"https:\/\/bibliotecajuridicavirtual.cl\/index.php\/product\/casacion-ambiental-y-derecho-al-recurso-francisco-chahuan-ibanez-1-edicion-ano-2025-146-paginas\/","title":{"rendered":"Casaci\u00f3n Ambiental y Derecho al Recurso * Francisco Chahu\u00e1n Ib\u00e1\u00f1ez &#8211; 1\u00b0 edici\u00f3n a\u00f1o 2025 * 146 P\u00e1ginas"},"content":{"rendered":"<p style=\"font-weight: 400;\">Esta obra tiene dos principales pretensiones. Primero, sistematizar los criterios de nuestros Tribunales Superiores de Justicia en relaci\u00f3n con la procedencia de las diferentes v\u00edas recursivas -recursos de casaci\u00f3n, apelaci\u00f3n y queja- para la impugnaci\u00f3n de los pronunciamientos de t\u00e9rmino dictados por los Tribunales Ambientales en sede de recursos de reclamaci\u00f3n; y, luego, dar cuenta de la forma en que en nuestra legislaci\u00f3n se recoge el derecho al recurso, y exponer sobre el contenido y alcance de dicha garant\u00eda, a la luz de la jurisprudencia de la Corte Interamericana de Derechos Humanos, el Tribunal Constitucional y la Corte Suprema. Con lo anterior, en definitiva, el autor se aproxima -desde una perspectiva pr\u00e1ctica- a las siguientes preguntas: \u00bfEn realidad existen hip\u00f3tesis en que no proceder\u00e1 recurso alguno para obtener la revisi\u00f3n, por parte de un tribunal superior, de los pronunciamientos de t\u00e9rmino que dictaren los Tribunales Ambientales en sede de recursos de reclamaci\u00f3n? \u00bfCu\u00e1les son las v\u00edas recursivas adecuadas, en cada caso? \u00bfEs el sistema recursivo especial de la Ley N\u00b0 20.600 respetuoso de las exigencias que impone el derecho al recurso?<\/p>\n<ol>\n<li style=\"font-weight: 400;\"><b><strong> SISTEMA RECURSIVO PARA IMPUGNAR LAS RESOLUCIONES DE LOS TRIBUNALES AMBIENTALES<\/strong><\/b><\/li>\n<li style=\"font-weight: 400;\">Recursos de casaci\u00f3n en la forma y en el fondo<br \/>\nb. Recurso de apelaci\u00f3n<br \/>\nc. Otros recursos<\/li>\n<li style=\"font-weight: 400;\"><b><strong> NO TODO PRONUNCIAMIENTO DE T\u00c9RMINO, POR EL QUE SE RESUELVA SOBRE LA LEGALIDAD DEL ACTO ADMINISTRATIVO RECLAMADO, TENDR\u00c1 NATURALEZA JUR\u00cdDICA DE SENTENCIA DEFINITIVA: UN CRITERIO JURISPRUDENCIAL QUE HA IMPACTADO EN EL EXAMEN DE ADMISIBILIDAD DE LOS RECURSOS DE CASACI\u00d3N<\/strong><\/b><\/li>\n<li style=\"font-weight: 400;\">Confusi\u00f3n entre el objeto del juicio de reclamaci\u00f3n y el objeto del procedimiento administrativo en que incide la reclamaci\u00f3n<\/li>\n<li style=\"font-weight: 400;\">Improcedencia de los recursos de casaci\u00f3n respecto de resoluciones que, acogiendo la reclamaci\u00f3n deducida en contra de un acto administrativo terminal, retrotraen el procedimiento administrativo y ordenan emitir un nuevo pronunciamiento<\/li>\n<li style=\"font-weight: 400;\">Improcedencia de los recursos de casaci\u00f3n respecto de las resoluciones en que se fallaren reclamaciones interpuestas en contra de actos administrativos tr\u00e1mite<\/li>\n<li style=\"font-weight: 400;\">La v\u00eda de impugnaci\u00f3n adecuada \u00bfCasaci\u00f3n, apelaci\u00f3n o queja?<\/li>\n<li style=\"font-weight: 400;\">Excurso: la v\u00eda recursiva adecuada para impugnar los pronunciamientos de t\u00e9rmino dictados por las Cortes de Apelaciones en sede de recursos de apelaci\u00f3n ambiental<br \/>\ni. La naturaleza jur\u00eddica de los pronunciamientos de t\u00e9rmino dictados por las Cortes de Apelaciones en sede de recursos de apelaci\u00f3n ambiental<br \/>\nii. \u00bfLa v\u00eda de impugnaci\u00f3n adecuada?<\/li>\n<\/ol>\n<p style=\"font-weight: 400;\"><b><strong>III. IMPROCEDENCIA DE LOS RECURSOS DE CASACI\u00d3N EN CONTRA DE LAS SENTENCIAS DEFINITIVAS DICTADAS POR LOS TRIBUNALES AMBIENTALES EN ASUNTOS QUE SON DE SU COMPETENCIA EN VIRTUD DE LEYES ESPECIALES: UN EXAMEN DE CADA CASO<\/strong><\/b><\/p>\n<ol>\n<li style=\"font-weight: 400;\">Reclamaci\u00f3n para la impugnaci\u00f3n del pronunciamiento del Ministerio del Medio Ambiente que resuelve una solicitud de reconocimiento de un humedal urbano<\/li>\n<li style=\"font-weight: 400;\">Reclamaci\u00f3n para la impugnaci\u00f3n de los Decretos Supremos que establecen metas de recolecci\u00f3n y valorizaci\u00f3n de residuos y obligaciones asociadas<\/li>\n<li style=\"font-weight: 400;\">Reclamaci\u00f3n para la impugnaci\u00f3n de ciertos actos administrativos vinculados con la biodiversidad y las \u00e1reas protegidas<\/li>\n<li style=\"font-weight: 400;\">Reclamaci\u00f3n para la impugnaci\u00f3n de los Decretos Supremos que establecen normas de emisi\u00f3n de gases de efecto invernadero, y de las resoluciones del Ministerio del Medio Ambiente que se pronuncian sobre la procedencia de un proyecto de reducci\u00f3n o absorci\u00f3n de emisiones de gases de efecto invernadero<\/li>\n<li style=\"font-weight: 400;\">Reclamaci\u00f3n para la impugnaci\u00f3n de la resoluci\u00f3n de la Superintendencia del Medio Ambiente que contiene el informe con los datos y antecedentes necesarios para que el Servicio de Impuestos Internos proceda al c\u00e1lculo y giro del impuesto verde<\/li>\n<li style=\"font-weight: 400;\">Acci\u00f3n de reparaci\u00f3n del da\u00f1o al medio ambiente ant\u00e1rtico<\/li>\n<li style=\"font-weight: 400;\"><b><strong> VIGENCIA Y CONTENIDO DEL DERECHO AL RECURSO<\/strong><\/b><\/li>\n<li style=\"font-weight: 400;\">Recepci\u00f3n del derecho al recurso en nuestro ordenamiento jur\u00eddico<br \/>\ni. Art\u00edculo 19 No 3 inciso 6o de la Constituci\u00f3n Pol\u00edtica de la Rep\u00fablica<br \/>\nii. Convenci\u00f3n Americana de Derechos Humanos y Pacto Internacional de Derechos Civiles y Pol\u00edticos<br \/>\niii. Acuerdo de Escaz\u00fa: derecho de acceso a la justicia en asuntos ambientales<\/li>\n<li style=\"font-weight: 400;\">El contenido del derecho al recurso, a la luz de la jurisprudencia de la Corte Interamericana de Derechos Humanos<br \/>\ni. \u00bfCu\u00e1l debe ser el objeto y alcance del recurso que tiene que ser<br \/>\nprevisto por el legislador para permitir la impugnaci\u00f3n de una resoluci\u00f3n judicial?<br \/>\nii. \u00bfPuede el legislador, respecto de ciertos procedimientos, omitir el establecimiento de recursos? \u00bfTodas las resoluciones judiciales deben ser susceptibles de recursos?<br \/>\niii. \u00bfExiste alg\u00fan est\u00e1ndar en relaci\u00f3n con la motivaci\u00f3n del pronunciamiento del tribunal que conoce del recurso?<br \/>\niv. \u00bfCu\u00e1ndo debe ser procedente el recurso?, \u00bfsatisface las exigencias que impone esta garant\u00eda el recurso que solo es admisible despu\u00e9s de que la resoluci\u00f3n que se pretende impugnar adquiera la calidad de cosa juzgada?<br \/>\nv. \u00bfSe realiza la exigencia que impone esta garant\u00eda cuando el recurso establecido por el legislador tiene demasiadas formalidades u obst\u00e1culos para su interposici\u00f3n?<br \/>\nvi. \u00bfCu\u00e1l debe ser el tribunal competente para conocer del recurso?<br \/>\nvii. \u00bfCu\u00e1l es el est\u00e1ndar en relaci\u00f3n con el procedimiento para su substanciaci\u00f3n?<\/li>\n<li style=\"font-weight: 400;\">Algunos criterios adoptados por el Tribunal Constitucional en sede de reclamos de inaplicabilidad por inconstitucionalidad<br \/>\ni. En general, sobre la vigencia y contenido del derecho al recurso<br \/>\nii. \u00bfEl art\u00edculo 26 de la Ley No 20.600, al restringir la procedencia de recursos en contra de las sentencias definitivas dictadas por los Tribunales Ambientales en materias de que tienen competencia<br \/>\nen virtud de leyes especiales, vulnera el derecho al recurso? Rese\u00f1a de la sentencia dictada por el Tribunal Constitucional en los autos Rol INA-14842-23<\/li>\n<li style=\"font-weight: 400;\">Jurisprudencia de la Corte Suprema en relaci\u00f3n con la vigencia y contenido del derecho al recurso<\/li>\n<li style=\"font-weight: 400;\"><b><strong> PROYECTO DE LEY QUE MODIFICA EL SISTEMA RECURSIVO PARA LA IMPUGNACI\u00d3N DE LAS RESOLUCIONES DICTADAS POR LOS TRIBUNALES AMBIENTALES (BOLET\u00cdN No 16.204-12)<\/strong><\/b><\/li>\n<li style=\"font-weight: 400;\">Rese\u00f1a de su contenido y tramitaci\u00f3n<br \/>\nb. Comentario sobre el proyecto de ley<\/li>\n<\/ol>\n<p>&nbsp;<\/p>\n<p>&nbsp;<\/p>\n<p>&nbsp;<\/p>\n","protected":false},"excerpt":{"rendered":"<p>Buscas un libro Jur\u00eddico.? Lo puedes encontrar en nuestra tienda virtual.<br \/>\nContamos con prestigiosos autores y muchas alternativas en sus diferentes materias al igual que grandes descuentos.! Vis\u00edtanos en <a class=\"PDuZgTTJniSbcpBCzeHjMlcFFsgCxLEhvw \" tabindex=\"0\" href=\"https:\/\/lnkd.in\/eiAG7jdZ\" target=\"_blank\" rel=\"noopener\" data-test-app-aware-link=\"\">https:\/\/lnkd.in\/eiAG7jdZ<\/a><br \/>\nEscr\u00edbenos al +56930565235 \/ <a class=\"PDuZgTTJniSbcpBCzeHjMlcFFsgCxLEhvw \" tabindex=\"0\" href=\"mailto:ventaslegallexglobal@gmail.com\" target=\"_self\" data-test-app-aware-link=\"\">ventaslegallexglobal@gmail.com<\/a><br \/>\nHacemos env\u00edos a todo Chile \u2013 Starken o Correos Chile \/ Te esperamos<\/p>\n<p>&nbsp;<\/p>\n<p>&nbsp;<\/p>\n<p>&nbsp;<\/p>\n","protected":false},"featured_media":2313,"comment_status":"open","ping_status":"closed","template":"","meta":{"inline_featured_image":false,"_joinchat":[]},"product_brand":[],"product_cat":[27,26,39],"product_tag":[],"class_list":{"0":"post-2283","1":"product","2":"type-product","3":"status-publish","4":"has-post-thumbnail","6":"product_cat-civil","7":"product_cat-derecho","8":"product_cat-procesal-civil","10":"first","11":"instock","12":"shipping-taxable","13":"purchasable","14":"product-type-simple"},"_links":{"self":[{"href":"https:\/\/bibliotecajuridicavirtual.cl\/index.php\/wp-json\/wp\/v2\/product\/2283","targetHints":{"allow":["GET"]}}],"collection":[{"href":"https:\/\/bibliotecajuridicavirtual.cl\/index.php\/wp-json\/wp\/v2\/product"}],"about":[{"href":"https:\/\/bibliotecajuridicavirtual.cl\/index.php\/wp-json\/wp\/v2\/types\/product"}],"replies":[{"embeddable":true,"href":"https:\/\/bibliotecajuridicavirtual.cl\/index.php\/wp-json\/wp\/v2\/comments?post=2283"}],"wp:featuredmedia":[{"embeddable":true,"href":"https:\/\/bibliotecajuridicavirtual.cl\/index.php\/wp-json\/wp\/v2\/media\/2313"}],"wp:attachment":[{"href":"https:\/\/bibliotecajuridicavirtual.cl\/index.php\/wp-json\/wp\/v2\/media?parent=2283"}],"wp:term":[{"taxonomy":"product_brand","embeddable":true,"href":"https:\/\/bibliotecajuridicavirtual.cl\/index.php\/wp-json\/wp\/v2\/product_brand?post=2283"},{"taxonomy":"product_cat","embeddable":true,"href":"https:\/\/bibliotecajuridicavirtual.cl\/index.php\/wp-json\/wp\/v2\/product_cat?post=2283"},{"taxonomy":"product_tag","embeddable":true,"href":"https:\/\/bibliotecajuridicavirtual.cl\/index.php\/wp-json\/wp\/v2\/product_tag?post=2283"}],"curies":[{"name":"wp","href":"https:\/\/api.w.org\/{rel}","templated":true}]}}