{"id":2284,"date":"2026-02-28T01:00:12","date_gmt":"2026-02-28T04:00:12","guid":{"rendered":"https:\/\/bibliotecajuridicavirtual.cl\/?post_type=product&#038;p=2284"},"modified":"2026-02-28T01:00:27","modified_gmt":"2026-02-28T04:00:27","slug":"ley-n-21-302-cambios-y-desafios-del-nuevo-sistema-proteccional-el-nuevo-servicio-de-proteccion-especializada-a-la-ninez-y-adolescencia-fabiola-gonzalez-corominas-felipe-pulgar-bravo","status":"publish","type":"product","link":"https:\/\/bibliotecajuridicavirtual.cl\/index.php\/product\/ley-n-21-302-cambios-y-desafios-del-nuevo-sistema-proteccional-el-nuevo-servicio-de-proteccion-especializada-a-la-ninez-y-adolescencia-fabiola-gonzalez-corominas-felipe-pulgar-bravo\/","title":{"rendered":"Ley N\u00b0 21.302: Cambios y Desaf\u00edos del Nuevo Sistema Proteccional. El Nuevo Servicio de Protecci\u00f3n, Especializada a la Ni\u00f1ez y Adolescencia * Fabiola Gonz\u00e1lez Corominas, Felipe Pulgar Bravo"},"content":{"rendered":"<div class=\"column\">Este libro aborda los principales aspectos de la reforma al sistema de proteccio\u0301n destinado a atender vulneraciones graves de derechos hacia nin\u0303os, nin\u0303as o adolescentes, con especial e\u0301nfasis en lo que al nuevo Servicio de Proteccio\u0301n se refiere.<\/div>\n<div class=\"column\"><\/div>\n<div class=\"column\">A partir de esta reforma, surgen nuevos desafi\u0301os y exigencias para este organismo pu\u0301blico, responsable de intervenir en contextos de vulneracio\u0301n, los cuales son analizados en profundidad por los autores en este libro. Adema\u0301s, el texto examina aspectos pra\u0301cticos involucrados en las derivaciones realizadas por los tribunales de familia.<\/div>\n<div class=\"column\"><\/div>\n<div class=\"column\">La mirada anali\u0301tica y propositiva de los autores, transforma a este trabajo en una herramienta indispensable para todos aquellos que trabajan con infancias vulneradas y que participan en el fortalecimiento del sistema de proteccio\u0301n.<\/div>\n<div>\u00cdNDICE<br \/>\n1. contexto social: el fen\u00f3meno de la Vulneraci\u00f3n a los derechos de los ni\u00f1os,<br \/>\nlas ni\u00f1as y los adolescentes &#8230;&#8230;&#8230;&#8230;&#8230;&#8230;&#8230;&#8230;&#8230;&#8230;&#8230;&#8230;&#8230;&#8230;&#8230;&#8230;&#8230;&#8230;&#8230;&#8230;&#8230;&#8230;&#8230;&#8230;&#8230;&#8230; 1<br \/>\n1.1. Introducci\u00f3n &#8230;&#8230;&#8230;&#8230;&#8230;&#8230;&#8230;&#8230;&#8230;&#8230;&#8230;&#8230;&#8230;&#8230;&#8230;&#8230;&#8230;&#8230;&#8230;&#8230;&#8230;&#8230;&#8230;&#8230;&#8230;&#8230;&#8230;&#8230;&#8230;&#8230;&#8230;&#8230;.. 1<br \/>\n1.2. Marco general &#8230;&#8230;&#8230;&#8230;&#8230;&#8230;&#8230;&#8230;&#8230;&#8230;&#8230;&#8230;&#8230;&#8230;&#8230;&#8230;&#8230;&#8230;&#8230;&#8230;&#8230;&#8230;&#8230;&#8230;&#8230;&#8230;&#8230;&#8230;&#8230;&#8230;&#8230;.. 2<br \/>\n1.3. Vulneraci\u00f3n de derechos de los ni\u00f1os, las ni\u00f1as y los adolescentes: contexto<br \/>\ninternacional y nacional &#8230;&#8230;&#8230;&#8230;&#8230;&#8230;&#8230;&#8230;&#8230;&#8230;&#8230;&#8230;&#8230;&#8230;&#8230;&#8230;&#8230;&#8230;&#8230;&#8230;&#8230;&#8230;&#8230;&#8230;&#8230;.. 4<br \/>\n1.4. Contexto nacional &#8230;&#8230;&#8230;&#8230;&#8230;&#8230;&#8230;&#8230;&#8230;&#8230;&#8230;&#8230;&#8230;&#8230;&#8230;&#8230;&#8230;&#8230;&#8230;&#8230;&#8230;&#8230;&#8230;&#8230;&#8230;&#8230;&#8230;&#8230;&#8230;.. 9<br \/>\n1.5. Principios generales reconocidos por la legislaci\u00f3n interna en materia de<br \/>\nprotecci\u00f3n &#8230;&#8230;&#8230;&#8230;&#8230;&#8230;&#8230;&#8230;&#8230;&#8230;&#8230;&#8230;&#8230;&#8230;&#8230;&#8230;&#8230;&#8230;&#8230;&#8230;&#8230;&#8230;&#8230;&#8230;&#8230;&#8230;&#8230;&#8230;&#8230;&#8230;&#8230;&#8230;&#8230;. 10<br \/>\nA) Derecho a la no discriminaci\u00f3n &#8230;&#8230;&#8230;&#8230;&#8230;&#8230;&#8230;&#8230;&#8230;&#8230;&#8230;&#8230;&#8230;&#8230;&#8230;&#8230;&#8230;&#8230;&#8230;&#8230;. 10<br \/>\nB) Derecho a ser o\u00eddo &#8230;&#8230;&#8230;&#8230;&#8230;&#8230;&#8230;&#8230;&#8230;&#8230;&#8230;&#8230;&#8230;&#8230;&#8230;&#8230;&#8230;&#8230;&#8230;&#8230;&#8230;&#8230;&#8230;&#8230;&#8230;&#8230;&#8230; 10<br \/>\nC) Consideraci\u00f3n primordial del inter\u00e9s superior del ni\u00f1o &#8230;&#8230;&#8230;&#8230;&#8230;&#8230;&#8230;&#8230;. 12<br \/>\nD) Derecho a la vida y el desarrollo &#8230;&#8230;&#8230;&#8230;&#8230;&#8230;&#8230;&#8230;&#8230;&#8230;&#8230;&#8230;&#8230;&#8230;&#8230;&#8230;&#8230;&#8230;&#8230;.. 13<br \/>\n1.6. \u00bfY la ley nacional? &#8230;&#8230;&#8230;&#8230;&#8230;&#8230;&#8230;&#8230;&#8230;&#8230;&#8230;&#8230;&#8230;&#8230;&#8230;&#8230;&#8230;&#8230;&#8230;&#8230;&#8230;&#8230;&#8230;&#8230;&#8230;&#8230;&#8230;&#8230;&#8230;. 14<br \/>\n1.7. Breve referencia a los principios del procedimiento de familia &#8230;&#8230;&#8230;&#8230;&#8230;&#8230;. 16<br \/>\n1.8. Relaci\u00f3n con los principios del procedimiento especial para la aplicaci\u00f3n<br \/>\nde medidas de protecci\u00f3n &#8230;&#8230;&#8230;&#8230;&#8230;&#8230;&#8230;&#8230;&#8230;&#8230;&#8230;&#8230;&#8230;&#8230;&#8230;&#8230;&#8230;&#8230;&#8230;&#8230;&#8230;&#8230;&#8230;&#8230;&#8230;. 19<br \/>\n1.9. La Ley N\u00ba 21.430 sobre Garant\u00edas y Protecci\u00f3n Integral de los Derechos<br \/>\nde la Ni\u00f1ez y Adolescencia &#8230;&#8230;&#8230;&#8230;&#8230;&#8230;&#8230;&#8230;&#8230;&#8230;&#8230;&#8230;&#8230;&#8230;&#8230;&#8230;&#8230;&#8230;&#8230;&#8230;&#8230;&#8230;&#8230;&#8230;. 20<br \/>\n1.10. Conclusiones &#8230;&#8230;&#8230;&#8230;&#8230;&#8230;&#8230;&#8230;&#8230;&#8230;&#8230;&#8230;&#8230;&#8230;&#8230;&#8230;&#8230;&#8230;&#8230;&#8230;&#8230;&#8230;&#8230;&#8230;&#8230;&#8230;&#8230;&#8230;&#8230;&#8230;&#8230;.. 21<br \/>\n2. los derechos de ni\u00f1os, ni\u00f1as y adolescentes &#8230;&#8230;&#8230;&#8230;&#8230;&#8230;&#8230;&#8230;&#8230;&#8230;&#8230;&#8230;&#8230;&#8230;&#8230;&#8230;&#8230;&#8230; 21<br \/>\n2.1. Contexto social: el fen\u00f3meno de la vulneraci\u00f3n a los derechos de ni\u00f1os,<br \/>\nni\u00f1as y adolescentes &#8230;&#8230;&#8230;&#8230;&#8230;&#8230;&#8230;&#8230;&#8230;&#8230;&#8230;&#8230;&#8230;&#8230;&#8230;&#8230;&#8230;&#8230;&#8230;&#8230;&#8230;&#8230;&#8230;&#8230;&#8230;&#8230;&#8230;&#8230; 21<br \/>\n2.2. Enfoques de la infancia &#8230;&#8230;&#8230;&#8230;&#8230;&#8230;&#8230;&#8230;&#8230;&#8230;&#8230;&#8230;&#8230;&#8230;&#8230;&#8230;&#8230;&#8230;&#8230;&#8230;&#8230;&#8230;&#8230;&#8230;&#8230;&#8230;&#8230; 23<br \/>\n2.3. \u00bfQui\u00e9nes son los garantes? &#8230;&#8230;&#8230;&#8230;&#8230;&#8230;&#8230;&#8230;&#8230;&#8230;&#8230;&#8230;&#8230;&#8230;&#8230;&#8230;&#8230;&#8230;&#8230;&#8230;&#8230;&#8230;&#8230;&#8230;&#8230; 24<br \/>\nII<br \/>\nP\u00e1gs. I &#8211; IV<br \/>\nFABIOLA GONZ\u00c1LEZ COROMINAS &#8211; FELIPE PULGAR BRAVO<br \/>\n\u00cdndice<br \/>\n2.4. Los derechos de ni\u00f1as, ni\u00f1os y adolescentes bajo la mirada de los derechos<br \/>\nhumanos &#8230;&#8230;&#8230;&#8230;&#8230;&#8230;&#8230;&#8230;&#8230;&#8230;&#8230;&#8230;&#8230;&#8230;&#8230;&#8230;&#8230;&#8230;&#8230;&#8230;&#8230;&#8230;&#8230;&#8230;&#8230;&#8230;&#8230;&#8230;&#8230;&#8230;&#8230;&#8230;&#8230;&#8230; 25<br \/>\nA) Derecho a la no discriminaci\u00f3n &#8230;&#8230;&#8230;&#8230;&#8230;&#8230;&#8230;&#8230;&#8230;&#8230;&#8230;&#8230;&#8230;&#8230;&#8230;&#8230;&#8230;&#8230;&#8230;&#8230; 26<br \/>\nB) Derecho a ser escuchado &#8230;&#8230;&#8230;&#8230;&#8230;&#8230;&#8230;&#8230;&#8230;&#8230;&#8230;&#8230;&#8230;&#8230;&#8230;&#8230;&#8230;&#8230;&#8230;&#8230;&#8230;&#8230;&#8230;. 26<br \/>\nC) Consideraci\u00f3n primordial del inter\u00e9s superior del ni\u00f1o &#8230;&#8230;&#8230;&#8230;&#8230;&#8230;&#8230;.. 27<br \/>\nD) Derecho a la vida y el desarrollo &#8230;&#8230;&#8230;&#8230;&#8230;&#8230;&#8230;&#8230;&#8230;&#8230;&#8230;&#8230;&#8230;&#8230;&#8230;&#8230;&#8230;&#8230;&#8230;. 27<br \/>\n2.5. Derechos humanos de ni\u00f1os, ni\u00f1as y adolescentes &#8230;&#8230;&#8230;&#8230;&#8230;&#8230;&#8230;&#8230;&#8230;&#8230;&#8230;&#8230;&#8230; 28<br \/>\n2.6. Estructura de est\u00e1ndares de derecho internacional sobre derechos humanos<br \/>\nde ni\u00f1os, ni\u00f1as y adolescentes &#8230;&#8230;&#8230;&#8230;&#8230;&#8230;&#8230;&#8230;&#8230;&#8230;&#8230;&#8230;&#8230;&#8230;&#8230;&#8230;&#8230;&#8230;&#8230;&#8230;&#8230;&#8230;.. 28<br \/>\nA) Derechos transversales en materia proteccional &#8230;&#8230;&#8230;&#8230;&#8230;&#8230;&#8230;&#8230;&#8230;&#8230;&#8230;.. 30<br \/>\nB) Derechos transversales en materia de responsabilidad penal adoles<br \/>\ncente o juvenil &#8230;&#8230;&#8230;&#8230;&#8230;&#8230;&#8230;&#8230;&#8230;&#8230;&#8230;&#8230;&#8230;&#8230;&#8230;&#8230;&#8230;&#8230;&#8230;&#8230;&#8230;&#8230;&#8230;&#8230;&#8230;&#8230;&#8230;&#8230;&#8230; 31<br \/>\nC) Derechos transversales en materia de trabajo infantil &#8230;&#8230;&#8230;&#8230;&#8230;&#8230;&#8230;&#8230;.. 32<br \/>\nD) Derechos transversales en materia de interseccionalidad &#8230;&#8230;&#8230;&#8230;&#8230;&#8230;&#8230; 32<br \/>\n3. la ley n\u00ba 21.302 &#8230;&#8230;&#8230;&#8230;&#8230;&#8230;&#8230;&#8230;&#8230;&#8230;&#8230;&#8230;&#8230;&#8230;&#8230;&#8230;&#8230;&#8230;&#8230;&#8230;&#8230;&#8230;&#8230;&#8230;&#8230;&#8230;&#8230;&#8230;&#8230;&#8230;&#8230;&#8230;&#8230; 33<br \/>\n3.1. Levantamiento de informaci\u00f3n sobre la existencia de protocolos para la<br \/>\natenci\u00f3n de casos complejos de vulneraciones graves de derechos &#8230;&#8230;&#8230;&#8230; 37<br \/>\n3.2. Sistematizaci\u00f3n de la informaci\u00f3n recabada y elaboraci\u00f3n de una propuesta<br \/>\nde definici\u00f3n de criterios base &#8230;&#8230;&#8230;&#8230;&#8230;&#8230;&#8230;&#8230;&#8230;&#8230;&#8230;&#8230;&#8230;&#8230;&#8230;&#8230;&#8230;&#8230;&#8230;&#8230;&#8230;&#8230;&#8230; 41<br \/>\nA) Definici\u00f3n de casos de alta complejidad y criterios b\u00e1sicos para iden<br \/>\ntificaci\u00f3n de casos de alta complejidad &#8230;&#8230;&#8230;&#8230;&#8230;&#8230;&#8230;&#8230;&#8230;&#8230;&#8230;&#8230;&#8230;&#8230;&#8230;&#8230; 43<br \/>\n3.3. Aplicaci\u00f3n de una encuesta para conocer los modelos de abordaje de casos<br \/>\ncomplejos de los tribunales con competencia en materia de familia &#8230;&#8230;&#8230; 43<br \/>\n3.4. Propuesta de criterios &#8230;&#8230;&#8230;&#8230;&#8230;&#8230;&#8230;&#8230;&#8230;&#8230;&#8230;&#8230;&#8230;&#8230;&#8230;&#8230;&#8230;&#8230;&#8230;&#8230;&#8230;&#8230;&#8230;&#8230;&#8230;&#8230;&#8230;&#8230; 49<br \/>\n3.5. Propuesta de tipolog\u00eda de casos complejos de vulneraciones graves de de<br \/>\nrechos &#8230;&#8230;&#8230;&#8230;&#8230;&#8230;&#8230;&#8230;&#8230;&#8230;&#8230;&#8230;&#8230;&#8230;&#8230;&#8230;&#8230;&#8230;&#8230;&#8230;&#8230;&#8230;&#8230;&#8230;&#8230;&#8230;&#8230;&#8230;&#8230;&#8230;&#8230;&#8230;&#8230;&#8230;&#8230;. 51<br \/>\nA) Tipolog\u00eda para el abordaje de casos complejos de vulneraciones gra<br \/>\nves de derecho &#8230;&#8230;&#8230;&#8230;&#8230;&#8230;&#8230;&#8230;&#8230;&#8230;&#8230;&#8230;&#8230;&#8230;&#8230;&#8230;&#8230;&#8230;&#8230;&#8230;&#8230;&#8230;&#8230;&#8230;&#8230;&#8230;&#8230;&#8230;.. 51<br \/>\na. Criterios a considerar: &#8230;&#8230;&#8230;&#8230;&#8230;&#8230;&#8230;&#8230;&#8230;&#8230;&#8230;&#8230;&#8230;&#8230;&#8230;&#8230;&#8230;&#8230;&#8230;&#8230;&#8230;&#8230;&#8230;&#8230;&#8230; 52<br \/>\nb. Tipolog\u00eda: &#8230;&#8230;&#8230;&#8230;&#8230;&#8230;&#8230;&#8230;&#8230;&#8230;&#8230;&#8230;&#8230;&#8230;&#8230;&#8230;&#8230;&#8230;&#8230;&#8230;&#8230;&#8230;&#8230;&#8230;&#8230;&#8230;&#8230;&#8230;&#8230;&#8230;&#8230;. 52<br \/>\ni. Casos de alta complejidad: &#8230;&#8230;&#8230;&#8230;&#8230;&#8230;&#8230;&#8230;&#8230;&#8230;&#8230;&#8230;&#8230;&#8230;&#8230;&#8230;&#8230;&#8230;&#8230;&#8230;&#8230;. 52<br \/>\nii. Casos de mediana complejidad: &#8230;&#8230;&#8230;&#8230;&#8230;&#8230;&#8230;&#8230;&#8230;&#8230;&#8230;&#8230;&#8230;&#8230;&#8230;&#8230;&#8230;&#8230;. 52<br \/>\niii. Casos de baja complejidad: &#8230;&#8230;&#8230;&#8230;&#8230;&#8230;&#8230;&#8230;&#8230;&#8230;&#8230;&#8230;&#8230;&#8230;&#8230;&#8230;&#8230;&#8230;&#8230;&#8230;. 53<br \/>\n3.5. L\u00ednea-programa-proyecto &#8230;&#8230;&#8230;&#8230;&#8230;&#8230;&#8230;&#8230;&#8230;&#8230;&#8230;&#8230;&#8230;&#8230;&#8230;&#8230;&#8230;&#8230;&#8230;&#8230;&#8230;&#8230;&#8230;&#8230;&#8230;.. 53<br \/>\n3.6. Representaci\u00f3n jur\u00eddica &#8230;&#8230;&#8230;&#8230;&#8230;&#8230;&#8230;&#8230;&#8230;&#8230;&#8230;&#8230;&#8230;&#8230;&#8230;&#8230;&#8230;&#8230;&#8230;&#8230;&#8230;&#8230;&#8230;&#8230;&#8230;&#8230;.. 57<br \/>\n3.7. Registros &#8230;&#8230;&#8230;&#8230;&#8230;&#8230;&#8230;&#8230;&#8230;&#8230;&#8230;&#8230;&#8230;&#8230;&#8230;&#8230;&#8230;&#8230;&#8230;&#8230;&#8230;&#8230;&#8230;&#8230;&#8230;&#8230;&#8230;&#8230;&#8230;&#8230;&#8230;&#8230;&#8230;&#8230;. 58<br \/>\n3.8. Otras coordinaciones &#8230;&#8230;&#8230;&#8230;&#8230;&#8230;&#8230;&#8230;&#8230;&#8230;&#8230;&#8230;&#8230;&#8230;&#8230;&#8230;&#8230;&#8230;&#8230;&#8230;&#8230;&#8230;&#8230;&#8230;&#8230;&#8230;&#8230;&#8230; 59<br \/>\nIII<br \/>\nP\u00e1gs. I &#8211; IV<br \/>\nLEY N\u00b0 21.302: CAMBIOS Y DESAF\u00cdOS DEL NUEVO SISTEMA PROTECCIONAL. EL NUEVO SERVICIO DE\u2026<br \/>\n\u00cdndice<br \/>\n3.9. Responsabilidades &#8230;&#8230;&#8230;&#8230;&#8230;&#8230;&#8230;&#8230;&#8230;&#8230;&#8230;&#8230;&#8230;&#8230;&#8230;&#8230;&#8230;&#8230;&#8230;&#8230;&#8230;&#8230;&#8230;&#8230;&#8230;&#8230;&#8230;&#8230;&#8230;. 60<br \/>\n3.10. En cuanto al despeje &#8230;&#8230;&#8230;&#8230;&#8230;&#8230;&#8230;&#8230;&#8230;&#8230;&#8230;&#8230;&#8230;&#8230;&#8230;&#8230;&#8230;&#8230;&#8230;&#8230;&#8230;&#8230;&#8230;&#8230;&#8230;&#8230;&#8230;.. 62<br \/>\nA) El Diagn\u00f3stico Cl\u00ednico Especializado &#8230;&#8230;&#8230;&#8230;&#8230;&#8230;&#8230;&#8230;&#8230;&#8230;&#8230;&#8230;&#8230;&#8230;&#8230;&#8230;&#8230; 64<br \/>\na. Derivaciones &#8230;&#8230;&#8230;&#8230;&#8230;&#8230;&#8230;&#8230;&#8230;&#8230;&#8230;&#8230;&#8230;&#8230;&#8230;&#8230;&#8230;&#8230;&#8230;&#8230;&#8230;&#8230;&#8230;&#8230;&#8230;&#8230;&#8230;&#8230;. 68<br \/>\nB) Preguntas para la implementaci\u00f3n de DCE efectuadas por el Poder<br \/>\nJudicial al Servicio Nacional de Protecci\u00f3n Especializada a la Ni\u00f1ez y<br \/>\nAdolescencia. &#8230;&#8230;&#8230;&#8230;&#8230;&#8230;&#8230;&#8230;&#8230;&#8230;&#8230;&#8230;&#8230;&#8230;&#8230;&#8230;&#8230;&#8230;&#8230;&#8230;&#8230;&#8230;&#8230;&#8230;&#8230;&#8230;&#8230;&#8230;&#8230;. 93<br \/>\nC) Los AFT como nueva l\u00ednea de acci\u00f3n interventiva ambulatoria &#8230;&#8230;&#8230;.. 112<br \/>\na. L\u00e1minas confeccionadas por el Departamento de dise\u00f1o y evalua<br \/>\nci\u00f3n del Servicio de Protecci\u00f3n Especializada &#8230;&#8230;&#8230;&#8230;&#8230;&#8230;&#8230;&#8230;&#8230;&#8230;.. 114<br \/>\n3.11. Medidas inform\u00e1ticas para dar aplicaci\u00f3n a la Ley N\u00ba 21.302 &#8230;&#8230;&#8230;&#8230;&#8230;&#8230;. 119<br \/>\nA) Resumen general del flujo del nuevo Servicio Mejor Ni\u00f1ez &#8230;&#8230;&#8230;&#8230;&#8230;.. 120<br \/>\nB) Resumen flujo de interconexi\u00f3n &#8230;&#8230;&#8230;&#8230;&#8230;&#8230;&#8230;&#8230;&#8230;&#8230;&#8230;&#8230;&#8230;&#8230;&#8230;&#8230;&#8230;&#8230;&#8230;&#8230; 121<br \/>\nC) Nomenclatura derivaci\u00f3n Direcci\u00f3n Regional &#8230;&#8230;&#8230;&#8230;&#8230;&#8230;&#8230;&#8230;&#8230;&#8230;&#8230;&#8230;.. 125<br \/>\nD Nomenclatura pide cuenta derivaci\u00f3n &#8230;&#8230;&#8230;&#8230;&#8230;&#8230;&#8230;&#8230;&#8230;&#8230;&#8230;&#8230;&#8230;&#8230;&#8230;&#8230;&#8230;. 135<br \/>\nE) Nomenclatura deja sin efecto derivaci\u00f3n &#8230;&#8230;&#8230;&#8230;&#8230;&#8230;&#8230;&#8230;&#8230;&#8230;&#8230;&#8230;&#8230;&#8230;&#8230;.. 137<br \/>\nF) Visualizaci\u00f3n de derivaci\u00f3n en binoculares &#8230;&#8230;&#8230;&#8230;&#8230;&#8230;&#8230;&#8230;&#8230;&#8230;&#8230;&#8230;&#8230;&#8230;. 139<br \/>\nG) Administraci\u00f3n general. Informe RUS. Informe Mejor Ni\u00f1ez &#8230;&#8230;&#8230;&#8230;.. 140<br \/>\nH) Nomenclaturas de ingreso &#8230;&#8230;&#8230;&#8230;&#8230;&#8230;&#8230;&#8230;&#8230;&#8230;&#8230;&#8230;&#8230;&#8230;&#8230;&#8230;&#8230;&#8230;&#8230;&#8230;&#8230;&#8230;&#8230; 141<br \/>\nI) B\u00fasqueda de litigantes con pasaporte &#8230;&#8230;&#8230;&#8230;&#8230;&#8230;&#8230;&#8230;&#8230;&#8230;&#8230;&#8230;&#8230;&#8230;&#8230;&#8230;&#8230;.. 142<br \/>\nJ) Liberaci\u00f3n de cambios en rut no confirmados desde bot\u00f3n modifica<br \/>\nci\u00f3n &#8230;&#8230;&#8230;&#8230;&#8230;&#8230;&#8230;&#8230;&#8230;&#8230;&#8230;&#8230;&#8230;&#8230;&#8230;&#8230;&#8230;&#8230;&#8230;&#8230;&#8230;&#8230;&#8230;&#8230;&#8230;&#8230;&#8230;&#8230;&#8230;&#8230;&#8230;&#8230;&#8230;&#8230; 143<br \/>\nK) Nueva bandeja de firma LTE, se agrega pesta\u00f1a con tr\u00e1mites firmados &#8230;.. 144<br \/>\nL) Bot\u00f3n otros antecedentes (nombre social, pa\u00eds) &#8230;&#8230;&#8230;&#8230;&#8230;&#8230;&#8230;&#8230;&#8230;&#8230;&#8230;&#8230;. 144<br \/>\n4. Pol\u00edtica de efectiVizaci\u00f3n de derechos de ni\u00f1os, ni\u00f1as y adolescentes &#8230;&#8230;&#8230;&#8230;.. 144<br \/>\n4.1. Secretar\u00eda T\u00e9cnica de Ni\u00f1os, Ni\u00f1as y Adolescentes &#8230;&#8230;&#8230;&#8230;&#8230;&#8230;&#8230;&#8230;&#8230;&#8230;&#8230;&#8230;. 148<br \/>\nA) Promoci\u00f3n de derechos &#8230;&#8230;&#8230;&#8230;&#8230;&#8230;&#8230;&#8230;&#8230;&#8230;&#8230;&#8230;&#8230;&#8230;&#8230;&#8230;&#8230;&#8230;&#8230;&#8230;&#8230;&#8230;&#8230;&#8230;. 148<br \/>\nB) Dise\u00f1o e implementaci\u00f3n de pol\u00edticas y protocolos &#8230;&#8230;&#8230;&#8230;&#8230;&#8230;&#8230;&#8230;&#8230;&#8230; 148<br \/>\nC) Estudio y monitoreo &#8230;&#8230;&#8230;&#8230;&#8230;&#8230;&#8230;&#8230;&#8230;&#8230;&#8230;&#8230;&#8230;&#8230;&#8230;&#8230;&#8230;&#8230;&#8230;&#8230;&#8230;&#8230;&#8230;&#8230;&#8230;&#8230;. 149<br \/>\nD) Generaci\u00f3n de datos y estad\u00edsticas &#8230;&#8230;&#8230;&#8230;&#8230;&#8230;&#8230;&#8230;&#8230;&#8230;&#8230;&#8230;&#8230;&#8230;&#8230;&#8230;&#8230;&#8230;.. 149<br \/>\nE) Alianzas interinstitucionales &#8230;&#8230;&#8230;&#8230;&#8230;&#8230;&#8230;&#8230;&#8230;&#8230;&#8230;&#8230;&#8230;&#8230;&#8230;&#8230;&#8230;&#8230;&#8230;&#8230;&#8230;&#8230; 149<br \/>\nF) Org\u00e1nica &#8230;&#8230;&#8230;&#8230;&#8230;&#8230;&#8230;&#8230;&#8230;&#8230;&#8230;&#8230;&#8230;&#8230;&#8230;&#8230;&#8230;&#8230;&#8230;&#8230;&#8230;&#8230;&#8230;&#8230;&#8230;&#8230;&#8230;&#8230;&#8230;&#8230;&#8230;&#8230;. 150<br \/>\n5. medidas administratiVas adoPtadas Por el Poder Judicial &#8230;&#8230;&#8230;&#8230;&#8230;&#8230;&#8230;&#8230;&#8230;&#8230;&#8230;. 152<br \/>\n5.1. Procedimiento especial para la aplicaci\u00f3n judicial de medidas de protec<br \/>\nci\u00f3n de los derechos de los ni\u00f1os, ni\u00f1as o adolescentes &#8230;&#8230;&#8230;&#8230;&#8230;&#8230;&#8230;&#8230;&#8230;.. 156<br \/>\nIV<br \/>\nP\u00e1gs. I &#8211; IV<br \/>\nFABIOLA GONZ\u00c1LEZ COROMINAS &#8211; FELIPE PULGAR BRAVO<br \/>\n\u00cdndice<br \/>\n5.2. Etapas del procedimiento para la adopci\u00f3n de medidas de protecci\u00f3n &#8230;&#8230;.. 156<br \/>\nA) Derechos de ni\u00f1os, ni\u00f1as y adolescentes amenazados o vulnerados &#8230;. 157<br \/>\nB) Inicio del procedimiento &#8230;&#8230;&#8230;&#8230;&#8230;&#8230;&#8230;&#8230;&#8230;&#8230;&#8230;&#8230;&#8230;&#8230;&#8230;&#8230;&#8230;&#8230;&#8230;&#8230;&#8230;&#8230;&#8230;.. 157<br \/>\nC) Medidas cautelares especiales &#8230;&#8230;&#8230;&#8230;&#8230;&#8230;&#8230;&#8230;&#8230;&#8230;&#8230;&#8230;&#8230;&#8230;&#8230;&#8230;&#8230;&#8230;&#8230;&#8230;.. 157<br \/>\nD) Audiencia preparatoria &#8230;&#8230;&#8230;&#8230;&#8230;&#8230;&#8230;&#8230;&#8230;&#8230;&#8230;&#8230;&#8230;&#8230;&#8230;&#8230;&#8230;&#8230;&#8230;&#8230;&#8230;&#8230;&#8230;&#8230;. 159<br \/>\nE) Audiencia de juicio &#8230;&#8230;&#8230;&#8230;&#8230;&#8230;&#8230;&#8230;&#8230;&#8230;&#8230;&#8230;&#8230;&#8230;&#8230;&#8230;&#8230;&#8230;&#8230;&#8230;&#8230;&#8230;&#8230;&#8230;&#8230;&#8230;. 159<br \/>\nF) Sentencia &#8230;&#8230;&#8230;&#8230;&#8230;&#8230;&#8230;&#8230;&#8230;&#8230;&#8230;&#8230;&#8230;&#8230;&#8230;&#8230;&#8230;&#8230;&#8230;&#8230;&#8230;&#8230;&#8230;&#8230;&#8230;&#8230;&#8230;&#8230;&#8230;&#8230;&#8230;.. 160<br \/>\n5.3. Etapas del procedimiento para el cumplimiento de medidas de protecci\u00f3n<br \/>\ndecretadas judicialmente &#8230;&#8230;&#8230;&#8230;&#8230;&#8230;&#8230;&#8230;&#8230;&#8230;&#8230;&#8230;&#8230;&#8230;&#8230;&#8230;&#8230;&#8230;&#8230;&#8230;&#8230;&#8230;&#8230;&#8230;&#8230;.. 160<br \/>\nA) Procedimiento para el cumplimiento de medidas de protecci\u00f3n de los<br \/>\nderechos de ni\u00f1os, ni\u00f1as y adolescentes &#8230;&#8230;&#8230;&#8230;&#8230;&#8230;&#8230;&#8230;&#8230;&#8230;&#8230;&#8230;&#8230;&#8230;&#8230;.. 160<br \/>\nB) Procedimiento para el cumplimiento de medidas de internaci\u00f3n en es<br \/>\ntablecimiento residencial &#8230;&#8230;&#8230;&#8230;&#8230;&#8230;&#8230;&#8230;&#8230;&#8230;&#8230;&#8230;&#8230;&#8230;&#8230;&#8230;&#8230;&#8230;&#8230;&#8230;&#8230;&#8230;&#8230;. 161<br \/>\n5.4. Centros de seguimiento de Medidas de Protecci\u00f3n &#8230;&#8230;&#8230;&#8230;&#8230;&#8230;&#8230;&#8230;&#8230;&#8230;&#8230;&#8230;.. 162<br \/>\n5.5. Etapas del procedimiento de dictaci\u00f3n y ejecuci\u00f3n de medidas de protec<br \/>\nci\u00f3n en ni\u00f1os, ni\u00f1as y adolescentes: creaci\u00f3n de causas \u201cX\u201d &#8230;&#8230;&#8230;&#8230;&#8230;&#8230;&#8230; 164<br \/>\n5.6. Creaci\u00f3n de un sistema de registros y monitoreo permanente de medidas de<br \/>\nprotecci\u00f3n &#8230;&#8230;&#8230;&#8230;&#8230;&#8230;&#8230;&#8230;&#8230;&#8230;&#8230;&#8230;&#8230;&#8230;&#8230;&#8230;&#8230;&#8230;&#8230;&#8230;&#8230;&#8230;&#8230;&#8230;&#8230;&#8230;&#8230;&#8230;&#8230;&#8230;&#8230;&#8230;&#8230; 169<br \/>\n5.7. Implementaciones desarrolladas por el Poder Judicial relativas a mejoras ad<br \/>\nministrativas para el seguimiento y registros de medidas de protecci\u00f3n &#8230;&#8230;. 173<br \/>\nA) Implementaci\u00f3n de un Registro \u00danico de Seguimiento (RUS) &#8230;&#8230;&#8230;&#8230; 173<br \/>\nB) Implementaci\u00f3n progresiva de los COCCMP &#8230;&#8230;&#8230;&#8230;&#8230;&#8230;&#8230;&#8230;&#8230;&#8230;&#8230;&#8230;&#8230; 174<br \/>\na. Objetivo general de los COCCMP &#8230;&#8230;&#8230;&#8230;&#8230;&#8230;&#8230;&#8230;&#8230;&#8230;&#8230;&#8230;&#8230;&#8230;&#8230;&#8230;&#8230;. 175<br \/>\nb. Objetivos espec\u00edficos de los COCCMP &#8230;&#8230;&#8230;&#8230;&#8230;&#8230;&#8230;&#8230;&#8230;&#8230;&#8230;&#8230;&#8230;&#8230;.. 175<br \/>\nc. Desarrollo del proyecto &#8230;&#8230;&#8230;&#8230;&#8230;&#8230;&#8230;&#8230;&#8230;&#8230;&#8230;&#8230;&#8230;&#8230;&#8230;&#8230;&#8230;&#8230;&#8230;&#8230;&#8230;&#8230;.. 175<br \/>\nC) Implementaci\u00f3n de la tercera etapa de COCCMP &#8230;&#8230;&#8230;&#8230;&#8230;&#8230;&#8230;&#8230;&#8230;&#8230;.. 177<br \/>\n5.8. Informaci\u00f3n actual de los CSMP a la luz de Ley N\u00ba 21.302. Resoluciones<br \/>\nadecuatorias &#8230;&#8230;&#8230;&#8230;&#8230;&#8230;&#8230;&#8230;&#8230;&#8230;&#8230;&#8230;&#8230;&#8230;&#8230;&#8230;&#8230;&#8230;&#8230;&#8230;&#8230;&#8230;&#8230;&#8230;&#8230;&#8230;&#8230;&#8230;&#8230;&#8230;&#8230;&#8230; 177<br \/>\n5.9. Acceso a la justicia de ni\u00f1os, ni\u00f1as y adolescentes &#8230;&#8230;&#8230;&#8230;&#8230;&#8230;&#8230;&#8230;&#8230;&#8230;&#8230;&#8230;.. 180<br \/>\n5.10. Conclusiones &#8230;&#8230;&#8230;&#8230;&#8230;&#8230;&#8230;&#8230;&#8230;&#8230;&#8230;&#8230;&#8230;&#8230;&#8230;&#8230;&#8230;&#8230;&#8230;&#8230;&#8230;&#8230;&#8230;&#8230;&#8230;&#8230;&#8230;&#8230;&#8230;&#8230;&#8230;.. 182<br \/>\nBiBliograf\u00eda &#8230;&#8230;&#8230;&#8230;&#8230;&#8230;&#8230;&#8230;&#8230;&#8230;&#8230;&#8230;&#8230;&#8230;&#8230;&#8230;&#8230;&#8230;&#8230;&#8230;&#8230;&#8230;&#8230;&#8230;&#8230;&#8230;&#8230;&#8230;&#8230;&#8230;&#8230;&#8230;&#8230;&#8230;&#8230;&#8230;&#8230; 186<\/div>\n","protected":false},"excerpt":{"rendered":"<p>1\u00b0 edici\u00f3n a\u00f1o 2025 \/ 186 P\u00e1ginas.<\/p>\n<p>Buscas un libro Jur\u00eddico.? Lo puedes encontrar en nuestra tienda virtual.<br \/>\nContamos con prestigiosos autores y muchas alternativas en sus diferentes materias al igual que grandes descuentos.! Vis\u00edtanos en <a class=\"PDuZgTTJniSbcpBCzeHjMlcFFsgCxLEhvw \" tabindex=\"0\" href=\"https:\/\/lnkd.in\/eiAG7jdZ\" target=\"_blank\" rel=\"noopener\" data-test-app-aware-link=\"\">https:\/\/lnkd.in\/eiAG7jdZ<\/a><br \/>\nEscr\u00edbenos al +56930565235 \/ <a class=\"PDuZgTTJniSbcpBCzeHjMlcFFsgCxLEhvw \" tabindex=\"0\" href=\"mailto:ventaslegallexglobal@gmail.com\" target=\"_self\" data-test-app-aware-link=\"\">ventaslegallexglobal@gmail.com<\/a><br \/>\nHacemos env\u00edos a todo Chile \u2013 Starken o Correos Chile \/ Te esperamos<\/p>\n","protected":false},"featured_media":2314,"comment_status":"open","ping_status":"closed","template":"","meta":{"inline_featured_image":false,"_joinchat":[]},"product_brand":[],"product_cat":[27,26,29],"product_tag":[],"class_list":{"0":"post-2284","1":"product","2":"type-product","3":"status-publish","4":"has-post-thumbnail","6":"product_cat-civil","7":"product_cat-derecho","8":"product_cat-familia-y-del-menor","10":"first","11":"instock","12":"shipping-taxable","13":"purchasable","14":"product-type-simple"},"_links":{"self":[{"href":"https:\/\/bibliotecajuridicavirtual.cl\/index.php\/wp-json\/wp\/v2\/product\/2284","targetHints":{"allow":["GET"]}}],"collection":[{"href":"https:\/\/bibliotecajuridicavirtual.cl\/index.php\/wp-json\/wp\/v2\/product"}],"about":[{"href":"https:\/\/bibliotecajuridicavirtual.cl\/index.php\/wp-json\/wp\/v2\/types\/product"}],"replies":[{"embeddable":true,"href":"https:\/\/bibliotecajuridicavirtual.cl\/index.php\/wp-json\/wp\/v2\/comments?post=2284"}],"wp:featuredmedia":[{"embeddable":true,"href":"https:\/\/bibliotecajuridicavirtual.cl\/index.php\/wp-json\/wp\/v2\/media\/2314"}],"wp:attachment":[{"href":"https:\/\/bibliotecajuridicavirtual.cl\/index.php\/wp-json\/wp\/v2\/media?parent=2284"}],"wp:term":[{"taxonomy":"product_brand","embeddable":true,"href":"https:\/\/bibliotecajuridicavirtual.cl\/index.php\/wp-json\/wp\/v2\/product_brand?post=2284"},{"taxonomy":"product_cat","embeddable":true,"href":"https:\/\/bibliotecajuridicavirtual.cl\/index.php\/wp-json\/wp\/v2\/product_cat?post=2284"},{"taxonomy":"product_tag","embeddable":true,"href":"https:\/\/bibliotecajuridicavirtual.cl\/index.php\/wp-json\/wp\/v2\/product_tag?post=2284"}],"curies":[{"name":"wp","href":"https:\/\/api.w.org\/{rel}","templated":true}]}}