{"id":2285,"date":"2026-02-28T01:00:12","date_gmt":"2026-02-28T04:00:12","guid":{"rendered":"https:\/\/bibliotecajuridicavirtual.cl\/?post_type=product&#038;p=2285"},"modified":"2026-02-28T01:00:28","modified_gmt":"2026-02-28T04:00:28","slug":"ley-organica-constitucional-de-municipalidades-doctrina-y-jurisprudencia-cesar-rojas-rios-andres-chacon-romero-abril-ano-2025-856-paginas","status":"publish","type":"product","link":"https:\/\/bibliotecajuridicavirtual.cl\/index.php\/product\/ley-organica-constitucional-de-municipalidades-doctrina-y-jurisprudencia-cesar-rojas-rios-andres-chacon-romero-abril-ano-2025-856-paginas\/","title":{"rendered":"Ley Org\u00e1nica Constitucional de Municipalidades &#8211; Doctrina y Jurisprudencia * C\u00e9sar Rojas R\u00edos \u2013 Andr\u00e9s Chac\u00f3n Romero * abril a\u00f1o 2025 &#8211; 856 P\u00e1ginas"},"content":{"rendered":"<p style=\"font-weight: 400;\">Este libro llena un vac\u00edo en el derecho municipal chileno, donde la literatura especializada sigue siendo escasa. A pesar de la creciente importancia de las municipalidades en la atenci\u00f3n de diversas necesidades ciudadanas, muchas veces no cuentan con competencias legales ni recursos suficientes.<\/p>\n<p style=\"font-weight: 400;\">Como consecuencia, existe una desconfianza persistente hacia su fortalecimiento, relacionada con supuestas deficiencias t\u00e9cnicas y problemas de probidad.<\/p>\n<p style=\"font-weight: 400;\">Conforme a lo anterior, este libro aborda una serie de materias jur\u00eddicas que son b\u00e1sicas para comprender el llamado derecho municipal, de muy reciente desarrollo.<\/p>\n<p style=\"font-weight: 400;\">As\u00ed, los lectores podr\u00e1n comprender adecuadamente lo que es la autonom\u00eda municipal; el principio de legalidad; la administraci\u00f3n de los bienes nacionales de uso p\u00fablico; las autorizaciones; permisos de uso y concesiones; el denominado reclamo de ilegalidad en materia municipal, y la potestad reglamentaria en el derecho municipal entre otras importantes materias.<\/p>\n<p style=\"font-weight: 400;\">Adem\u00e1s, se ha incluido la jurisprudencia administrativa de la Contralor\u00eda General de la Rep\u00fablica y, en algunos casos, la jurisprudencia de nuestros Tribunales Superiores de Justicia, que interpretan los diversos art\u00edculos de la Ley Org\u00e1nica Constitucional de Justicia, que interpretan los diversos art\u00edculos de la Ley Org\u00e1nica Constitucional de Municipalidades.<\/p>\n<p style=\"font-weight: 400;\">En suma, este texto es un aporte fundamental al conocimiento t\u00e9cnico jur\u00eddico del referido cuerpo legal y, adem\u00e1s, es un texto de consulta accesible para todo tipo de funcionario municipal que busque facilitar y mejorar el trabajo.<\/p>\n<p style=\"font-weight: 400;\"><b><strong>INTRODUCCI\u00d3N<\/strong><\/b><\/p>\n<ol>\n<li style=\"font-weight: 400;\">Aspectos generales de las municipalidades<br \/>\n2. Consideraciones reglamentarias de la normativa municipal<br \/>\n3. Compendio vigente de la Ley Org\u00e1nica Constitucional de Municipalidades<\/li>\n<\/ol>\n<p style=\"font-weight: 400;\"><b><strong>CAP\u00cdTULO I<\/strong><\/b><br \/>\n<b><strong>ACERCA DE LA AUTONOM\u00cdA MUNICIPAL<\/strong><\/b><\/p>\n<ol>\n<li style=\"font-weight: 400;\">Autonom\u00eda municipal<br \/>\n1.1. Concepto \u201cautonom\u00eda\u201d<br \/>\n1.2. Concepto de \u201cautonom\u00eda administrativa\u201d y de \u201cautonom\u00eda pol\u00edtica\u201d<\/li>\n<\/ol>\n<p style=\"font-weight: 400;\"><b><strong>CAP\u00cdTULO II<\/strong><\/b><br \/>\n<b><strong>PRINCIPIO DE LEGALIDAD<\/strong><\/b><\/p>\n<ol>\n<li style=\"font-weight: 400;\">Principio de legalidad<br \/>\n1.1. Forma de vinculaci\u00f3n del Estado al derecho (dentro del principio de legalidad)<\/li>\n<\/ol>\n<p style=\"font-weight: 400;\"><b><strong>CAP\u00cdTULO III<\/strong><\/b><br \/>\n<b><strong>EVOLUCI\u00d3N DEL CONCEPTO DE PROBIDAD ADMINISTRATIVA EN LA LEGISLACI\u00d3N CHILENA<\/strong><\/b><\/p>\n<ol>\n<li style=\"font-weight: 400;\">Evoluci\u00f3n del concepto de probidad administrativa en la legislaci\u00f3n chilena<br \/>\n1.1. Acerca del concepto de probidad administrativa<br \/>\n1.2. Evoluci\u00f3n del concepto de probidad administrativa<br \/>\n1.3. Algunos problemas que trae aparejada la falta de probidad para la sociedad<br \/>\n1.4. Insuficiencia de la soluci\u00f3n legislativa para mejorar la probidad en la sociedad chilena<br \/>\n1.5. Observaciones finales<\/li>\n<\/ol>\n<p style=\"font-weight: 400;\"><b><strong>CAP\u00cdTULO IV<\/strong><\/b><br \/>\n<b><strong>PERMISOS DE OCUPACI\u00d3N O USO Y CONCESIONES EN LA LEY ORG\u00c1NICA CONSTITUCIONAL DE MUNICIPALIDADES<\/strong><\/b><\/p>\n<ol>\n<li style=\"font-weight: 400;\">Permisos de ocupaci\u00f3n o uso y concesiones en la Ley Org\u00e1nica Constitucional de Municipalidades<br \/>\n1.1. Introducci\u00f3n<br \/>\n1.2. El concepto de administrado y sus derechos subjetivos<br \/>\nA) Derechos subjetivos t\u00edpicos<br \/>\nB) Derechos subjetivos y legalidad de la Administraci\u00f3n<br \/>\n1.3. Las libertades p\u00fablicas<br \/>\nA) Las libertades p\u00fablicas en relaci\u00f3n con los derechos fundamentales<br \/>\nB) Importancia de las libertades p\u00fablicas en el \u00e1mbito jur\u00eddico administrativo<br \/>\n1.4. La protecci\u00f3n jur\u00eddica del libre ejercicio de los derechos constitucionales o protecci\u00f3n de los derechos en su esencia<br \/>\n1.5. La intervenci\u00f3n administrativa<br \/>\nA) Las limitaciones administrativas de derechos<br \/>\nB) Modelos o sistemas abstractos de intervenci\u00f3n administrativa<br \/>\n1.6. Acerca del concepto de autorizaci\u00f3n y de los permisos<br \/>\nA) Clasificaci\u00f3n de las autorizaciones<br \/>\na. Autorizaciones simples y operativas<br \/>\nb. Autorizaci\u00f3n por operaci\u00f3n y de funcionamiento<br \/>\nc. Autorizaciones regladas y discrecionales<br \/>\nd. Autorizaciones personales, reales y mixtas<br \/>\nB) Las autorizaciones y la concesi\u00f3n<br \/>\na. Concepto de concesi\u00f3n<br \/>\nb. Elementos de la concesi\u00f3n<br \/>\nc. Diferencias entre las autorizaciones y la concesi\u00f3n<br \/>\nC) Las autorizaciones y los permisos<br \/>\na. Concepto de permiso<br \/>\nb. Elementos distintivos de los permisos<br \/>\nc. Paralelo entre las autorizaciones y permisos<br \/>\n1.7. Permisos de ocupaci\u00f3n o uso y concesiones en la Ley N\u00b0 18.695, Org\u00e1nica Constitucional de Municipalidades<br \/>\nA) Los permisos<br \/>\nB) Los permisos de ocupaci\u00f3n en la jurisprudencia administrativa y judicial<br \/>\nC) Las concesiones<\/li>\n<\/ol>\n<p style=\"font-weight: 400;\"><b><strong>CAP\u00cdTULO V<\/strong><\/b><br \/>\n<b><strong>POTESTAD NORMATIVA MUNICIPAL<\/strong><\/b><\/p>\n<ol>\n<li style=\"font-weight: 400;\">Potestad normativa municipal<\/li>\n<\/ol>\n<p style=\"font-weight: 400;\"><b><strong>CAP\u00cdTULO VI<\/strong><\/b><br \/>\n<b><strong>RECLAMO DE ILEGALIDAD EN LA LEY ORG\u00c1NICA CONSTITUCIONAL DE MUNICIPALIDADES<\/strong><\/b><\/p>\n<ol>\n<li style=\"font-weight: 400;\">Reclamo de ilegalidad en la Ley Org\u00e1nica Constitucional de Municipalidades<br \/>\n2. Naturaleza jur\u00eddica del reclamo de ilegalidad<br \/>\n3. Razones para sostener lo anterior<br \/>\n4. Etapas del reclamo de ilegalidad<br \/>\n5.Tramitaci\u00f3n<br \/>\n6. Plazo<br \/>\n7. Algunos criterios jurisprudenciales<br \/>\n7.1. Legitimaci\u00f3n en el reclamo de ilegalidad municipal<br \/>\n7.2. Reclamo de ilegalidad. Procedencia en contra del director de Obras Municipales<\/li>\n<\/ol>\n<p style=\"font-weight: 400;\"><b><strong>CAP\u00cdTULO VII<\/strong><\/b><br \/>\n<b><strong>LA TRANSFORMACI\u00d3N DIGITAL EN LOS MUNICIPIOS DE CHILE: INNOVACI\u00d3N, DESAF\u00cdOS Y FUTURO<\/strong><\/b><\/p>\n<ol>\n<li style=\"font-weight: 400;\">La transformaci\u00f3n digital en los municipios de Chile<br \/>\n1.1. Contexto de la transformaci\u00f3n digital en Chile<br \/>\nA) Evoluci\u00f3n de la transformaci\u00f3n digital en el sector p\u00fablico<br \/>\nB) La importancia de la transformaci\u00f3n digital en los municipios<br \/>\nC) La Asociaci\u00f3n de Municipalidades (AMUCH) y el ecosistema<br \/>\n1.2. Desaf\u00edos en la implementaci\u00f3n de la transformaci\u00f3n digital<br \/>\nA) Brecha digital y desigualdades regionales<br \/>\nB) Cultura organizacional y resistencia al cambio<br \/>\nC) Seguridad y privacidad de los datos<br \/>\n1.3. Alcance e impacto de la transformaci\u00f3n digital en la gesti\u00f3n municipal<br \/>\nA) Eficiencia operativa<br \/>\nB) Transparencia y rendici\u00f3n de cuentas<br \/>\nC) Participaci\u00f3n ciudadana<br \/>\nD) Identidad digital<br \/>\nE) Ciberseguridad<\/li>\n<\/ol>\n<p style=\"font-weight: 400;\"><b><strong>D.F.L. N\u00b0 1. FIJA EL TEXTO REFUNDIDO, COORDINADO Y SISTEMATIZADO DE LA LEY N\u00ba 18.695, ORG\u00c1NICA CONSTITUCIONAL DE MUNICIPALIDADES<\/strong><\/b><\/p>\n<p style=\"font-weight: 400;\">Arts. 1 al 156<\/p>\n","protected":false},"excerpt":{"rendered":"<p>Buscas un libro Jur\u00eddico.? Lo puedes encontrar en nuestra tienda virtual.<br \/>\nContamos con prestigiosos autores y muchas alternativas en sus diferentes materias al igual que grandes descuentos.! Vis\u00edtanos en <a class=\"PDuZgTTJniSbcpBCzeHjMlcFFsgCxLEhvw \" tabindex=\"0\" href=\"https:\/\/lnkd.in\/eiAG7jdZ\" target=\"_blank\" rel=\"noopener\" data-test-app-aware-link=\"\">https:\/\/lnkd.in\/eiAG7jdZ<\/a><br \/>\nEscr\u00edbenos al +56930565235 \/ <a class=\"PDuZgTTJniSbcpBCzeHjMlcFFsgCxLEhvw \" tabindex=\"0\" href=\"mailto:ventaslegallexglobal@gmail.com\" target=\"_self\" data-test-app-aware-link=\"\">ventaslegallexglobal@gmail.com<\/a><br \/>\nHacemos env\u00edos a todo Chile \u2013 Starken o Correos Chile \/ Te esperamos<\/p>\n","protected":false},"featured_media":2315,"comment_status":"open","ping_status":"closed","template":"","meta":{"inline_featured_image":false,"_joinchat":[]},"product_brand":[],"product_cat":[45,33,26],"product_tag":[],"class_list":{"0":"post-2285","1":"product","2":"type-product","3":"status-publish","4":"has-post-thumbnail","6":"product_cat-administrativo","7":"product_cat-constitucional","8":"product_cat-derecho","10":"first","11":"instock","12":"shipping-taxable","13":"purchasable","14":"product-type-simple"},"_links":{"self":[{"href":"https:\/\/bibliotecajuridicavirtual.cl\/index.php\/wp-json\/wp\/v2\/product\/2285","targetHints":{"allow":["GET"]}}],"collection":[{"href":"https:\/\/bibliotecajuridicavirtual.cl\/index.php\/wp-json\/wp\/v2\/product"}],"about":[{"href":"https:\/\/bibliotecajuridicavirtual.cl\/index.php\/wp-json\/wp\/v2\/types\/product"}],"replies":[{"embeddable":true,"href":"https:\/\/bibliotecajuridicavirtual.cl\/index.php\/wp-json\/wp\/v2\/comments?post=2285"}],"wp:featuredmedia":[{"embeddable":true,"href":"https:\/\/bibliotecajuridicavirtual.cl\/index.php\/wp-json\/wp\/v2\/media\/2315"}],"wp:attachment":[{"href":"https:\/\/bibliotecajuridicavirtual.cl\/index.php\/wp-json\/wp\/v2\/media?parent=2285"}],"wp:term":[{"taxonomy":"product_brand","embeddable":true,"href":"https:\/\/bibliotecajuridicavirtual.cl\/index.php\/wp-json\/wp\/v2\/product_brand?post=2285"},{"taxonomy":"product_cat","embeddable":true,"href":"https:\/\/bibliotecajuridicavirtual.cl\/index.php\/wp-json\/wp\/v2\/product_cat?post=2285"},{"taxonomy":"product_tag","embeddable":true,"href":"https:\/\/bibliotecajuridicavirtual.cl\/index.php\/wp-json\/wp\/v2\/product_tag?post=2285"}],"curies":[{"name":"wp","href":"https:\/\/api.w.org\/{rel}","templated":true}]}}