{"id":2289,"date":"2026-02-28T01:00:12","date_gmt":"2026-02-28T04:00:12","guid":{"rendered":"https:\/\/bibliotecajuridicavirtual.cl\/?post_type=product&#038;p=2289"},"modified":"2026-02-28T01:00:41","modified_gmt":"2026-02-28T04:00:41","slug":"nuevos-desafios-en-derecho-de-familia-e-infancia-actas-del-congreso-internacional-sobre-derecho-de-familia-e-infancia-junio-ano-2025-414-pag","status":"publish","type":"product","link":"https:\/\/bibliotecajuridicavirtual.cl\/index.php\/product\/nuevos-desafios-en-derecho-de-familia-e-infancia-actas-del-congreso-internacional-sobre-derecho-de-familia-e-infancia-junio-ano-2025-414-pag\/","title":{"rendered":"Nuevos desaf\u00edos en Derecho de Familia e Infancia. Actas del Congreso Internacional sobre Derecho de Familia e Infancia * junio a\u00f1o 2025 * 414 P\u00e1g."},"content":{"rendered":"<p>El estudio del derecho y, en particular, el estudio del derecho de familia y de infancia se concentra en los sujetos de derecho, en las personas naturales. El Derecho de Familia y el Derecho de Infancia, son posiblemente las ramas del derecho que m\u00e1s modificaciones han experimentado. Es en este sentido que el Derecho de Familia y el Derecho de Infancia adquiere independencia y autonom\u00eda propia del estudio del Derecho Civil.<br \/>\nEl concepto de familia hoy en d\u00eda es el que gu\u00eda la pauta en la materia. Mas no existe norma en el c\u00f3digo del ramo que ilustre qu\u00e9 es la familia y quienes la comprenden. Pero lo cierto es que la familia es el n\u00facleo fundamental de la sociedad, tal como lo reconoce la Constituci\u00f3n Pol\u00edtica, y, por tanto, merece especial atenci\u00f3n y an\u00e1lisis.<br \/>\nAsimismo, el Derecho de Infancia es una materia que hasta hace cuarenta a\u00f1os no ten\u00eda reconocimiento y los ni\u00f1os, ni\u00f1as y adolescentes eran concebidos como objetos de protecci\u00f3n del derecho, sus intereses se encontraban confundidos con los intereses de sus padres. No obstante, materias como las t\u00e9cnicas de reproducci\u00f3n humana asistida, el reconocimiento del matrimonio entre personas del mismo sexo o bien la ley sobre identidad de g\u00e9nero, entre otras modificaciones son normas que merecen una lectura y an\u00e1lisis prudente, pues lo fundamental es evitar las vulneraciones en ni\u00f1os, ni\u00f1as y adolescentes.<\/p>\n<p>\u00cdndice<br \/>\nIntroducci\u00f3n\u00a0\u00a0 \u00a0\u00a0\u00a0 \u00a015<br \/>\nDra. Patricia Leal Barros<br \/>\nCONCEPCI\u00d3N JUR\u00cdDICA DE LA FAMILIA<br \/>\nEstereotipos de g\u00e9nero en el derecho de familia-s y probables consecuencias jurisdiccionales\u00a0\u00a0 \u00a0\u00a0\u00a0 \u00a021<br \/>\nMarcela Valenzuela Rodr\u00edguez<br \/>\nIntroducci\u00f3n\u00a0\u00a0 \u00a0\u00a0\u00a0 \u00a022<br \/>\nI. Estereotipos, un concepto no homog\u00e9neo\u00a0\u00a0 \u00a0\u00a0\u00a0 \u00a025<br \/>\nII. Los estereotipos en el derecho humanitario internacional\u00a0\u00a0 \u00a0\u00a0\u00a0 \u00a029<br \/>\nIII. Algunas consecuencias de los estereotipos en sede de jurisdicci\u00f3n de familia, en cuidado personal, relaci\u00f3n directa y regular y autorizaci\u00f3n de salida del pa\u00eds\u00a0\u00a0 \u00a0\u00a0\u00a0 \u00a032<br \/>\nIV. Conclusiones\u00a0\u00a0 \u00a0\u00a0\u00a0 \u00a037<br \/>\nV. Bibliograf\u00eda citada\u00a0\u00a0 \u00a0\u00a0\u00a0 \u00a038<br \/>\nVI. Jurisprudencia citada\u00a0\u00a0 \u00a0\u00a0\u00a0 \u00a039<br \/>\nDe nuevo sobre un tema todav\u00eda pendiente: el reconocimiento civil del matrimonio religioso\u00a0\u00a0 \u00a0\u00a0\u00a0 \u00a041<br \/>\nCarlos Salinas Araneda<br \/>\nI. Los sistemas matrimoniales\u00a0\u00a0 \u00a0\u00a0\u00a0 \u00a045<br \/>\n1. En cuanto a la constituci\u00f3n del matrimonio\u00a0\u00a0 \u00a0\u00a0\u00a0 \u00a046<br \/>\n2. En cuanto al registro del matrimonio\u00a0\u00a0 \u00a0\u00a0\u00a0 \u00a050<br \/>\nII. El sistema matrimonial chileno\u00a0\u00a0 \u00a0\u00a0\u00a0 \u00a052<br \/>\n1. Entidades religiosas ante las que es posible celebrar matrimonio religioso antes del matrimonio civil\u00a0\u00a0 \u00a0\u00a0\u00a0 \u00a053<br \/>\n2. Rito religioso y requisitos civiles\u00a0\u00a0 \u00a0\u00a0\u00a0 \u00a056<br \/>\n3. Acta matrimonial e inscripci\u00f3n\u00a0\u00a0 \u00a0\u00a0\u00a0 \u00a060<br \/>\n4. Fecha de los efectos civiles del matrimonio religioso\u00a0\u00a0 \u00a0\u00a0\u00a0 \u00a064<br \/>\n5. \u00bfMatrimonio anglosaj\u00f3n?\u00a0\u00a0 \u00a0\u00a0\u00a0 \u00a069<br \/>\n6. Razones de este menosprecio\u00a0\u00a0 \u00a0\u00a0\u00a0 \u00a070<br \/>\n7. \u00bfEs conveniente el matrimonio religioso precedente y su posterior ratificaci\u00f3n?\u00a0\u00a0 \u00a0\u00a0\u00a0 \u00a075<br \/>\n8. En suma\u00a0\u00a0 \u00a0\u00a0\u00a0 \u00a078<br \/>\nRiflessioni sulla dote: a proposito di d. 23.3.75 (Tryph. 6 Disp.)\u00a0\u00a0 \u00a0\u00a0\u00a0 \u00a079<br \/>\nFabiana Tuccillo<br \/>\nBibliograf\u00eda citada\u00a0\u00a0 \u00a0\u00a0\u00a0 \u00a092<br \/>\nBrasil: constitucionalizaci\u00f3n y cambios en el derecho civil\u00a0\u00a0 \u00a0\u00a0\u00a0 \u00a097<br \/>\nMaria Magaly Damke y Rodrigo Roger Saldanha<br \/>\nIntroducci\u00f3n\u00a0\u00a0 \u00a0\u00a0\u00a0 \u00a098<br \/>\nI. Principios del derecho civil en el derecho de familia en Brasil \u00a0\u00a0 \u00a0\u00a0\u00a0 \u00a099<br \/>\n1. Principio de la dignidad de la persona humana\u00a0\u00a0 \u00a0\u00a0\u00a0 \u00a099<br \/>\n2. Principio del superior inter\u00e9s del ni\u00f1o\u00a0\u00a0 \u00a0\u00a0\u00a0 \u00a0100<br \/>\n3. Principio de la igualdad entre los hijos\u00a0\u00a0 \u00a0\u00a0\u00a0 \u00a0101<br \/>\n4. Principio de la solidaridad en la familia\u00a0\u00a0\u00a0 \u00a0\u00a0\u00a0 \u00a0101<br \/>\nII. Algunos de los recientes cambios en cuanto al concepto de Familia\u00a0\u00a0 \u00a0\u00a0\u00a0 \u00a0103<br \/>\nIII. Cr\u00edticas al c\u00f3digo civil y respuesta de miguel reale\u00a0\u00a0 \u00a0\u00a0\u00a0 \u00a0106<br \/>\nConclusiones\u00a0\u00a0 \u00a0\u00a0\u00a0 \u00a0109<br \/>\nBibliograf\u00eda citada\u00a0\u00a0 \u00a0\u00a0\u00a0 \u00a0110<br \/>\nLa planificaci\u00f3n sucesoria familiar. Una cuesti\u00f3n pendiente de an\u00e1lisis en el derecho civil chileno\u00a0\u00a0 \u00a0\u00a0\u00a0 \u00a0111<br \/>\nEugenio V\u00e1squez Cunsolo<br \/>\nI. Planteamiento del problema\u00a0\u00a0 \u00a0\u00a0\u00a0 \u00a0112<br \/>\nII. Algunos comentarios al art\u00edculo 1.463 CCCH\u00a0\u00a0 \u00a0\u00a0\u00a0 \u00a0113<br \/>\nIII. Concepto de planificaci\u00f3n sucesoria\u00a0\u00a0 \u00a0\u00a0\u00a0 \u00a0115<br \/>\nIV. Normas que aceptar\u00edan la planificaci\u00f3n sucesoria en el CCCH.\u00a0\u00a0 \u00a0\u00a0\u00a0 \u00a0116<br \/>\nV. Preceptos contrarios a la planificaci\u00f3n sucesoria\u00a0\u00a0 \u00a0\u00a0\u00a0 \u00a0118<br \/>\nConclusiones\u00a0\u00a0 \u00a0\u00a0\u00a0 \u00a0119<br \/>\nBibliograf\u00eda citada\u00a0\u00a0 \u00a0\u00a0\u00a0 \u00a0120<br \/>\nDERECHO DE LOS NI\u00d1OS, NI\u00d1AS Y ADOLESCENTES Y DESAF\u00cdOS JUR\u00cdDICOS<\/p>\n<p>PROTECCI\u00d3N Y GARANT\u00cdAS<br \/>\nEl derecho del ni\u00f1o a las relaciones personales amplias: tensi\u00f3n entre su inter\u00e9s superior y otros intereses convergentes\u00a0\u00a0 \u00a0\u00a0\u00a0 \u00a0123<br \/>\nMarcela Acu\u00f1a San Mart\u00edn<br \/>\nI. Introducci\u00f3n\u00a0\u00a0 \u00a0\u00a0\u00a0 \u00a0124<br \/>\nII. Derecho del ni\u00f1o a relaciones personales amplias y su fundamento\u00a0\u00a0 \u00a0\u00a0\u00a0 \u00a0125<br \/>\nIII. Otros derechos convergentes\u00a0\u00a0 \u00a0\u00a0\u00a0 \u00a0128<br \/>\nIV. Encuadre en algunos Ordenamientos Jur\u00eddicos\u00a0\u00a0 \u00a0\u00a0\u00a0 \u00a0133<br \/>\nV. Caso chileno\u00a0\u00a0 \u00a0\u00a0\u00a0 \u00a0139<br \/>\nVI. A modo de conclusi\u00f3n\u00a0\u00a0 \u00a0\u00a0\u00a0 \u00a0140<br \/>\nBibliograf\u00eda citada\u00a0\u00a0 \u00a0\u00a0\u00a0 \u00a0141<br \/>\nConsideraciones sobre la salida al exterior de ni\u00f1os, ni\u00f1as y adolescentes\u00a0\u00a0 \u00a0\u00a0\u00a0 \u00a0143<br \/>\nAlexis Mondaca Miranda<br \/>\nI. Introducci\u00f3n\u00a0\u00a0 \u00a0\u00a0\u00a0 \u00a0144<br \/>\nII. Las mujeres como protagonistas de migraciones\u00a0\u00a0 \u00a0\u00a0\u00a0 \u00a0146<br \/>\nIII. La noci\u00f3n de beneficio derivado de las salidas al extranjero\u00a0\u00a0 \u00a0\u00a0\u00a0 \u00a0148<br \/>\n1. Beneficio afectivo\u00a0\u00a0 \u00a0\u00a0\u00a0 \u00a0149<br \/>\n2. Beneficio patrimonial\u00a0\u00a0 \u00a0\u00a0\u00a0 \u00a0150<br \/>\n3. Beneficio en sede de derechos econ\u00f3mico-sociales\u00a0\u00a0 \u00a0\u00a0\u00a0 \u00a0151<br \/>\n4. Beneficio cultural\u00a0\u00a0 \u00a0\u00a0\u00a0 \u00a0152<br \/>\nIV. La necesaria comunicaci\u00f3n con el progenitor que permanece en Chile\u00a0\u00a0 \u00a0\u00a0\u00a0 \u00a0153<br \/>\nV. Conclusiones\u00a0\u00a0 \u00a0\u00a0\u00a0 \u00a0155<br \/>\nBibliograf\u00eda citada\u00a0\u00a0 \u00a0\u00a0\u00a0 \u00a0157<br \/>\nEl \u00bfs\u00edndrome? De alienaci\u00f3n parental en la jurisprudencia chilena. Tensiones, riesgos y perspectivas\u00a0\u00a0 \u00a0\u00a0\u00a0 \u00a0159<br \/>\nNicol\u00e1s Ib\u00e1\u00f1ez Meza<br \/>\nI. Introducci\u00f3n. El s\u00edndrome de alienaci\u00f3n parental y su discusi\u00f3n en el debate nacional reciente\u00a0\u00a0 \u00a0\u00a0\u00a0 \u00a0160<br \/>\nII. La discusi\u00f3n terminol\u00f3gica: el s\u00edndrome, la alienaci\u00f3n y la interferencia parental\u00a0\u00a0 \u00a0\u00a0\u00a0 \u00a0162<br \/>\nIII. Evaluaci\u00f3n de la influencia parental desde los est\u00e1ndares del paradigma de protecci\u00f3n integral\u00a0\u00a0 \u00a0\u00a0\u00a0 \u00a0173<br \/>\nIV. Reconocimiento del s\u00edndrome de alienaci\u00f3n parental y de la alienaci\u00f3n parental por la jurisprudencia chilena\u00a0\u00a0 \u00a0\u00a0\u00a0 \u00a0177<br \/>\n4.1. Sentencias que reconocen el S\u00edndrome de Alienaci\u00f3n Parental\u00a0\u00a0 \u00a0\u00a0\u00a0 \u00a0179<br \/>\n4.2. Sentencias que rechazan expl\u00edcitamente la existencia del s\u00edndrome de alienaci\u00f3n parental\u00a0\u00a0 \u00a0\u00a0\u00a0 \u00a0182<br \/>\n4.3. Sentencias que reconocen la alienaci\u00f3n parental, pero no como s\u00edndrome\u00a0\u00a0 \u00a0\u00a0\u00a0 \u00a0184<br \/>\nV. Tensiones, riesgos y perspectivas\u00a0\u00a0 \u00a0\u00a0\u00a0 \u00a0186<br \/>\nVI. Conclusiones\u00a0\u00a0 \u00a0\u00a0\u00a0 \u00a0188<br \/>\nBibliograf\u00eda citada\u00a0\u00a0 \u00a0\u00a0\u00a0 \u00a0189<br \/>\nLa ni\u00f1a, ni\u00f1o y adolescente como destinatario de la informaci\u00f3n en contexto de la relaci\u00f3n cl\u00ednica\u00a0\u00a0 \u00a0\u00a0\u00a0 \u00a0195<br \/>\nEdison Calahorrano Latorre<br \/>\nI. Introducci\u00f3n\u00a0\u00a0 \u00a0\u00a0\u00a0 \u00a0196<br \/>\nII. Est\u00e1ndares internacionales sobre los derechos de la ni\u00f1a, ni\u00f1o y adolescente en el contexto de la relaci\u00f3n cl\u00ednica\u00a0\u00a0 \u00a0\u00a0\u00a0 \u00a0197<br \/>\nIII. El consentimiento informado en el \u00e1mbito sanitario: inter\u00e9s superior y capacidad progresiva en el derecho comparado\u00a0\u00a0 \u00a0\u00a0\u00a0 \u00a0202<br \/>\nIV. La situaci\u00f3n en Chile\u00a0\u00a0 \u00a0\u00a0\u00a0 \u00a0205<br \/>\nV. Conclusiones\u00a0\u00a0 \u00a0\u00a0\u00a0 \u00a0207<br \/>\nBibliograf\u00eda citada\u00a0\u00a0 \u00a0\u00a0\u00a0 \u00a0208<br \/>\nPuntos de inflexi\u00f3n y consideraciones para la entrevista a ni\u00f1os, ni\u00f1as y adolescentes en el derecho de familia\u00a0\u00a0 \u00a0\u00a0\u00a0 \u00a0211<br \/>\nAna Mar\u00eda Bacigalupo Falc\u00f3n<br \/>\nI. Desde el Adultocentrismo hacia el Derecho de ser O\u00eddo\u00a0\u00a0 \u00a0\u00a0\u00a0 \u00a0212<br \/>\nII. Escuchar a NNA: consideraci\u00f3n de sus competencias y estado subjetivo.\u00a0\u00a0 \u00a0\u00a0\u00a0 \u00a0215<br \/>\nBibliograf\u00eda citada\u00a0\u00a0 \u00a0\u00a0\u00a0 \u00a0220<br \/>\nEl derecho de los ni\u00f1os, ni\u00f1as y adolescentes, hijos de internos, a mantener un r\u00e9gimen de relaci\u00f3n directa y regular con sus progenitores\u00a0\u00a0 \u00a0\u00a0\u00a0 \u00a0223<br \/>\nMar Del Rosario Guridi Rivano<br \/>\nI. Introducci\u00f3n\u00a0\u00a0 \u00a0\u00a0\u00a0 \u00a0224<br \/>\nII. La importancia de la familia y la disrupci\u00f3n en las din\u00e1micas familiares\u00a0\u00a0 \u00a0\u00a0\u00a0 \u00a0226<br \/>\nIII. Desaf\u00edos pendientes en los reg\u00edmenes comunicacionales\u00a0\u00a0 \u00a0\u00a0\u00a0 \u00a0231<br \/>\nIV. Conclusiones\u00a0\u00a0 \u00a0\u00a0\u00a0 \u00a0234<br \/>\nBibliograf\u00eda citada\u00a0\u00a0 \u00a0\u00a0\u00a0 \u00a0235<br \/>\nDerecho de los ni\u00f1os, ni\u00f1as y adolescentes y desaf\u00edos jur\u00eddicos<\/p>\n<p>NUEVAS TENDENCIAS<br \/>\n\u00abAcoger sin afirmar\u00bb el inter\u00e9s superior del ni\u00f1o como fundamento para la prudente espera en la toma de decisiones con impacto irreversible o duradero\u00a0\u00a0 \u00a0\u00a0\u00a0 \u00a0241<br \/>\nIan Henr\u00edquez Herrera, Pamela Cajales Macuer y Simona Canepa Aravena<br \/>\nI. Introducci\u00f3n\u00a0\u00a0 \u00a0\u00a0\u00a0 \u00a0242<br \/>\nII. Planteamiento del problema\u00a0\u00a0 \u00a0\u00a0\u00a0 \u00a0243<br \/>\nIII. Casu\u00edstica de la tesis usual\u00a0\u00a0 \u00a0\u00a0\u00a0 \u00a0244<br \/>\nIV. Las recientes decisiones de la Corte Suprema del Reino Unido\u00a0\u00a0 \u00a0\u00a0\u00a0 \u00a0245<br \/>\n1. El caso Bell v. Tavistock\u00a0\u00a0 \u00a0\u00a0\u00a0 \u00a0246<br \/>\n2. El caso AA&amp;AK v. National Health Service Commisioning Board\u00a0\u00a0 \u00a0\u00a0\u00a0 \u00a0252<br \/>\nV. El estado del arte desde el punto de vista de la salud mental\u00a0\u00a0 \u00a0\u00a0\u00a0 \u00a0254<br \/>\n1. Noseolog\u00eda de la disforia de g\u00e9nero\u00a0\u00a0 \u00a0\u00a0\u00a0 \u00a0254<br \/>\n2. Comorbilidad en la disforia de g\u00e9nero\u00a0\u00a0 \u00a0\u00a0\u00a0 \u00a0257<br \/>\n3. Etiolog\u00eda de la disforia de g\u00e9nero\u00a0\u00a0 \u00a0\u00a0\u00a0 \u00a0260<br \/>\nVI. Acoger sin afirmar\u00a0\u00a0 \u00a0\u00a0\u00a0 \u00a0263<br \/>\nVII. El inter\u00e9s superior del ni\u00f1o\u00a0\u00a0 \u00a0\u00a0\u00a0 \u00a0268<br \/>\nVII. Conclusiones\u00a0\u00a0 \u00a0\u00a0\u00a0 \u00a0274<br \/>\nBibliograf\u00eda citada\u00a0\u00a0 \u00a0\u00a0\u00a0 \u00a0275<br \/>\nNuevas maternidades y paternidades. Transexualidad y coparentalidad\u00a0\u00a0 \u00a0\u00a0\u00a0 \u00a0279<br \/>\nM\u00aa del Carmen Gete-Alonso y Calera<br \/>\nI. Las nuevas relaciones de filiaci\u00f3n (presentaci\u00f3n)\u00a0\u00a0 \u00a0\u00a0\u00a0 \u00a0280<br \/>\nII. Relaci\u00f3n de filiaci\u00f3n en la transexualidad\u00a0\u00a0 \u00a0\u00a0\u00a0 \u00a0287<br \/>\n1. Situaci\u00f3n jur\u00eddica\u00a0\u00a0 \u00a0\u00a0\u00a0 \u00a0287<br \/>\n2. Cuestiones sobre la maternidad y la paternidad\u00a0\u00a0 \u00a0\u00a0\u00a0 \u00a0291<br \/>\n3. Algunas reflexiones en voz alta\u00a0\u00a0 \u00a0\u00a0\u00a0 \u00a0305<br \/>\nIII. La coparentalidad\u00a0\u00a0 \u00a0\u00a0\u00a0 \u00a0309<br \/>\n1. Concepto y caracterizaci\u00f3n\u00a0\u00a0 \u00a0\u00a0\u00a0 \u00a0309<br \/>\n2. Ejercicio de funciones parentales, pactos entre los progenitores\u00a0\u00a0 \u00a0\u00a0\u00a0 \u00a0313<br \/>\n3. Los acuerdos de la coparentalidad\u00a0\u00a0 \u00a0\u00a0\u00a0 \u00a0321<br \/>\nBibliograf\u00eda citada\u00a0\u00a0 \u00a0\u00a0\u00a0 \u00a0325<br \/>\nDesaf\u00edos de gobernanza digital y derechos de ni\u00f1os, ni\u00f1as y adolescentes: el caso de tiktok\u00a0\u00a0 \u00a0\u00a0\u00a0 \u00a0329<br \/>\nHugo Andr\u00e9s Vera Beltr\u00e1n<br \/>\nI. Contexto\u00a0\u00a0 \u00a0\u00a0\u00a0 \u00a0330<br \/>\nII. Las aplicaciones bajo escrutinio p\u00fablico: el caso de tiktok\u00a0\u00a0 \u00a0\u00a0\u00a0 \u00a0341<br \/>\nIII. La gobernanza de internet: el aporte de los organismos internacionales\u00a0\u00a0 \u00a0\u00a0\u00a0 \u00a0348<br \/>\nIV. Propuestas en atenci\u00f3n al estado de desarrollo del tema analizado\u00a0\u00a0 \u00a0\u00a0\u00a0 \u00a0351<br \/>\n1. Adecuaci\u00f3n al est\u00e1ndar internacional\u00a0\u00a0 \u00a0\u00a0\u00a0 \u00a0351<br \/>\n2. Instituciones y mecanismos regulatorios claros y espec\u00edficos\u00a0\u00a0 \u00a0\u00a0\u00a0 \u00a0352<br \/>\n3. Algunas experiencias de enforcement o cumplimiento normativo\u00a0\u00a0 \u00a0\u00a0\u00a0 \u00a0354<br \/>\nBibliograf\u00eda Citada\u00a0\u00a0 \u00a0\u00a0\u00a0 \u00a0356<br \/>\nEl registro nacional de deudores de pensiones de alimentos. Problemas pr\u00e1cticos en su implementaci\u00f3n en relaci\u00f3n con la contrataci\u00f3n\u00a0\u00a0 \u00a0\u00a0\u00a0 \u00a0363<br \/>\nChristofher Elso Kotzing<br \/>\nI. Introducci\u00f3n\u00a0\u00a0 \u00a0\u00a0\u00a0 \u00a0364<br \/>\nII. El registro nacional de deudores de alimentos y sus zonas grises en materia de contrataci\u00f3n\u00a0\u00a0 \u00a0\u00a0\u00a0 \u00a0365<br \/>\nIII. Conclusiones\u00a0\u00a0 \u00a0\u00a0\u00a0 \u00a0380<br \/>\nBibliograf\u00eda Citada\u00a0\u00a0 \u00a0\u00a0\u00a0 \u00a0381<br \/>\nEfectivizar y flexibilizar. Retos para el derecho de filiaci\u00f3n en Chile\u00a0\u00a0 \u00a0\u00a0\u00a0 \u00a0383<br \/>\nRommy Alvarez Escudero<br \/>\nI. Introducci\u00f3n\u00a0\u00a0 \u00a0\u00a0\u00a0 \u00a0384<br \/>\nII. Retos en el derecho de filiaci\u00f3n chileno\u00a0\u00a0 \u00a0\u00a0\u00a0 \u00a0387<br \/>\n1. El derecho a conocer el origen\u00a0\u00a0 \u00a0\u00a0\u00a0 \u00a0389<br \/>\n2. Reconocimiento de relaciones personales significativas en el contexto familiar\u00a0\u00a0 \u00a0\u00a0\u00a0 \u00a0395<br \/>\n3. Derecho a la identidad y adopci\u00f3n\u00a0\u00a0 \u00a0\u00a0\u00a0 \u00a0403<br \/>\nIII. Conclusiones\u00a0\u00a0 \u00a0\u00a0\u00a0 \u00a0410<br \/>\nBibliograf\u00eda citada\u00a0\u00a0 \u00a0\u00a0\u00a0 \u00a0411<\/p>\n","protected":false},"excerpt":{"rendered":"<p><span class=\"autor\">Patricia Leal Barros<\/span> * <span class=\"autor\">Mar del Rosario Guridi Rivano<\/span><\/p>\n<p>Buscas un libro Jur\u00eddico.? Lo puedes encontrar en nuestra tienda virtual.<br \/>\nContamos con prestigiosos autores y muchas alternativas en sus diferentes materias al igual que grandes descuentos.! Vis\u00edtanos en <a class=\"IfLmRNJWDKWJahDEmDaCEOnDSeXHtBgyBFDsa \" tabindex=\"0\" href=\"https:\/\/lnkd.in\/eiAG7jdZ\" target=\"_blank\" rel=\"noopener\" data-test-app-aware-link=\"\">https:\/\/lnkd.in\/eiAG7jdZ<\/a><br \/>\nEscr\u00edbenos al +56930565235 \/ <a class=\"IfLmRNJWDKWJahDEmDaCEOnDSeXHtBgyBFDsa \" tabindex=\"0\" href=\"mailto:ventaslegallexglobal@gmail.com\" target=\"_self\" data-test-app-aware-link=\"\">ventaslegallexglobal@gmail.com<\/a><br \/>\nHacemos env\u00edos a todo Chile \u2013 Starken o Correos Chile \/ Te esperamos<\/p>\n","protected":false},"featured_media":2341,"comment_status":"open","ping_status":"closed","template":"","meta":{"inline_featured_image":false,"_joinchat":[]},"product_brand":[],"product_cat":[26,29],"product_tag":[],"class_list":{"0":"post-2289","1":"product","2":"type-product","3":"status-publish","4":"has-post-thumbnail","6":"product_cat-derecho","7":"product_cat-familia-y-del-menor","9":"first","10":"instock","11":"shipping-taxable","12":"purchasable","13":"product-type-simple"},"_links":{"self":[{"href":"https:\/\/bibliotecajuridicavirtual.cl\/index.php\/wp-json\/wp\/v2\/product\/2289","targetHints":{"allow":["GET"]}}],"collection":[{"href":"https:\/\/bibliotecajuridicavirtual.cl\/index.php\/wp-json\/wp\/v2\/product"}],"about":[{"href":"https:\/\/bibliotecajuridicavirtual.cl\/index.php\/wp-json\/wp\/v2\/types\/product"}],"replies":[{"embeddable":true,"href":"https:\/\/bibliotecajuridicavirtual.cl\/index.php\/wp-json\/wp\/v2\/comments?post=2289"}],"wp:featuredmedia":[{"embeddable":true,"href":"https:\/\/bibliotecajuridicavirtual.cl\/index.php\/wp-json\/wp\/v2\/media\/2341"}],"wp:attachment":[{"href":"https:\/\/bibliotecajuridicavirtual.cl\/index.php\/wp-json\/wp\/v2\/media?parent=2289"}],"wp:term":[{"taxonomy":"product_brand","embeddable":true,"href":"https:\/\/bibliotecajuridicavirtual.cl\/index.php\/wp-json\/wp\/v2\/product_brand?post=2289"},{"taxonomy":"product_cat","embeddable":true,"href":"https:\/\/bibliotecajuridicavirtual.cl\/index.php\/wp-json\/wp\/v2\/product_cat?post=2289"},{"taxonomy":"product_tag","embeddable":true,"href":"https:\/\/bibliotecajuridicavirtual.cl\/index.php\/wp-json\/wp\/v2\/product_tag?post=2289"}],"curies":[{"name":"wp","href":"https:\/\/api.w.org\/{rel}","templated":true}]}}