{"id":2290,"date":"2026-02-28T01:00:12","date_gmt":"2026-02-28T04:00:12","guid":{"rendered":"https:\/\/bibliotecajuridicavirtual.cl\/?post_type=product&#038;p=2290"},"modified":"2026-02-28T01:00:42","modified_gmt":"2026-02-28T04:00:42","slug":"ley-n21-302-cambios-y-desafios-del-nuevo-sistema-proteccional-el-nuevo-servicio-de-proteccion-especializada","status":"publish","type":"product","link":"https:\/\/bibliotecajuridicavirtual.cl\/index.php\/product\/ley-n21-302-cambios-y-desafios-del-nuevo-sistema-proteccional-el-nuevo-servicio-de-proteccion-especializada\/","title":{"rendered":"Ley N\u00b021.302 * Cambios y Desaf\u00edos del Nuevo Sistema Proteccional &#8211; El Nuevo Servicio de Protecci\u00f3n Especializada"},"content":{"rendered":"<p style=\"font-weight: 400;\"><b><strong>LEY N\u00b0 21.302: CAMBIOS Y DESAF\u00cdOS DEL NUEVO SISTEMA PROTECCIONAL. EL NUEVO SERVICIO DE PROTECCI\u00d3N ESPECIALIZADA A LA NI\u00d1EZ Y ADOLESCENCIA<\/strong><\/b><\/p>\n<p style=\"font-weight: 400;\">Este libro aborda los principales aspectos de la reforma al sistema de proteccio\u0301n destinado a atender vulneraciones graves de derechos hacia nin\u0303os, nin\u0303as o adolescentes, con especial e\u0301nfasis en lo que al nuevo Servicio de Proteccio\u0301n se refiere.<\/p>\n<p style=\"font-weight: 400;\">A partir de esta reforma, surgen nuevos desafi\u0301os y exigencias para este organismo pu\u0301blico, responsable de intervenir en contextos de vulneracio\u0301n, los cuales son analizados en profundidad por los autores en este libro. Adema\u0301s, el texto examina aspectos pra\u0301cticos involucrados en las derivaciones realizadas por los tribunales de familia.<\/p>\n<p style=\"font-weight: 400;\">La mirada anali\u0301tica y propositiva de los autores, transforma a este trabajo en una herramienta indispensable para todos aquellos que trabajan con infancias vulneradas y que participan en el fortalecimiento del sistema de proteccio\u0301n.<\/p>\n<ol>\n<li style=\"font-weight: 400;\"><b><strong> CONTEXTO SOCIAL: EL FEN\u00d3MENO DE LA VULNERACI\u00d3N A LOS DERECHOS DE LOS NI\u00d1OS, LAS NI\u00d1AS Y LOS ADOLESCENTES<\/strong><\/b><\/li>\n<\/ol>\n<p style=\"font-weight: 400;\">1.1. Introducci\u00f3n<\/p>\n<p>1.2. Marco general<\/p>\n<p>1.3. Vulneraci\u00f3n de derechos de los ni\u00f1os, las ni\u00f1as y los adolescentes: contexto internacional y nacional<\/p>\n<p>1.4. Contexto nacional<\/p>\n<p>1.5. Principios generales reconocidos por la legislaci\u00f3n interna en materia de protecci\u00f3n<br \/>\nA) Derecho a la no discriminaci\u00f3n<br \/>\nB) Derecho a ser o\u00eddo<br \/>\nC) Consideraci\u00f3n primordial del inter\u00e9s superior del ni\u00f1o<br \/>\nD) Derecho a la vida y el desarrollo<\/p>\n<p>1.6. \u00bfY la ley nacional?<\/p>\n<p>1.7. Breve referencia a los principios del procedimiento de familia<\/p>\n<p>1.8. Relaci\u00f3n con los principios del procedimiento especial para la aplicaci\u00f3n de medidas de protecci\u00f3n<\/p>\n<p>1.9. La Ley N\u00ba 21.430 sobre Garant\u00edas y Protecci\u00f3n Integral de los Derechos de la Ni\u00f1ez y Adolescencia<\/p>\n<p>1.10. Conclusiones<\/p>\n<ol start=\"2\">\n<li style=\"font-weight: 400;\"><b><strong> LOS DERECHOS DE NI\u00d1OS, NI\u00d1AS Y ADOLESCENTES<\/strong><\/b>2.1. Contexto social: el fen\u00f3meno de la vulneraci\u00f3n a los derechos de ni\u00f1os, ni\u00f1as y adolescentes<br \/>\n2.2. Enfoques de la infancia<\/p>\n<p>2.3. \u00bfQui\u00e9nes son los garantes?<\/p>\n<p>2.4. Los derechos de ni\u00f1as, ni\u00f1os y adolescentes bajo la mirada de los derechos humanos<br \/>\nA) Derecho a la no discriminaci\u00f3n<br \/>\nB) Derecho a ser escuchado<br \/>\nC) Consideraci\u00f3n primordial del inter\u00e9s superior del ni\u00f1o<br \/>\nD) Derecho a la vida y el desarrollo<\/p>\n<p>2.5. Derechos humanos de ni\u00f1os, ni\u00f1as y adolescentes<\/p>\n<p>2.6. Estructura de est\u00e1ndares de derecho internacional sobre derechos humanos de ni\u00f1os, ni\u00f1as y adolescentes<br \/>\nA) Derechos transversales en materia de Protecci\u00f3n<\/li>\n<li style=\"font-weight: 400;\">B) Derechos transversales en materia de responsabilidad penal adolescente o juvenil<br \/>\nC) Derechos transversales en materia de trabajo infantil<br \/>\nD) Derechos transversales en materia de interseccionalidad<\/li>\n<li style=\"font-weight: 400;\"><b><strong> LA LEY N\u00ba 21.302<\/strong><\/b><\/li>\n<\/ol>\n<p style=\"font-weight: 400;\">3.1. Levantamiento de informaci\u00f3n sobre la existencia de protocolos para la atenci\u00f3n de casos complejos de vulneraciones graves de derechos<\/p>\n<p>3.2. Sistematizaci\u00f3n de la informaci\u00f3n recabada y elaboraci\u00f3n de una propuesta de definici\u00f3n de criterios base<br \/>\nA) Definici\u00f3n de casos de alta complejidad y criterios b\u00e1sicos para identificaci\u00f3n de casos de alta complejidad<\/p>\n<p>3.3. Aplicaci\u00f3n de una encuesta para conocer los modelos de abordaje de casos complejos de los tribunales con competencia en materia de familia<\/p>\n<p>3.4. Propuesta de criterios<\/p>\n<p>3.5. Propuesta de tipolog\u00eda de casos complejos de vulneraciones graves de derechos<br \/>\nA) Tipolog\u00eda para el abordaje de casos complejos de vulneraciones graves de derecho<br \/>\na. Criterios a considerar<br \/>\nb. Tipolog\u00eda<br \/>\ni. Casos de alta complejidad<br \/>\nii. Casos de mediana complejidad<br \/>\niii. Casos de baja complejidad<\/p>\n<p>3.5. L\u00ednea-programa-proyecto<\/p>\n<p>3.6. Representaci\u00f3n jur\u00eddica<\/p>\n<p>3.7. Registros<\/p>\n<p>3.8. Otras coordinaciones<\/p>\n<p>3.9. Responsabilidades<\/p>\n<p>3.10. En cuanto al despeje<br \/>\nA) El Diagn\u00f3stico Cl\u00ednico Especializado<br \/>\na. Derivaciones<br \/>\nB) Preguntas para la implementaci\u00f3n de DCE efectuadas por el Poder Judicial al Servicio Nacional de Protecci\u00f3n Especializada a la Ni\u00f1ez y Adolescencia<br \/>\nC) Los AFT como nueva l\u00ednea de acci\u00f3n interviniente ambulatoria<br \/>\na. L\u00e1minas confeccionadas por el Departamento de dise\u00f1o y evaluaci\u00f3n del Servicio de Protecci\u00f3n Especializada<\/p>\n<p>3.11. Medidas inform\u00e1ticas para dar aplicaci\u00f3n a la Ley N\u00ba 21.302<br \/>\nA) Resumen general del fujo del nuevo Servicio Mejor Ni\u00f1ez<br \/>\nB) Resumen fujo de interconexi\u00f3n<br \/>\nC) Nomenclatura derivaci\u00f3n Direcci\u00f3n Regional<br \/>\nD) Nomenclatura pide cuenta derivaci\u00f3n<br \/>\nE) Nomenclatura deja sin efecto derivaci\u00f3n<br \/>\nF) Visualizaci\u00f3n de derivaci\u00f3n en binoculares<br \/>\nG) Administraci\u00f3n general. Informe RUS. Informe Mejor Ni\u00f1ez<br \/>\nH) Nomenclaturas de ingreso<br \/>\nI) B\u00fasqueda de litigantes con pasaporte<br \/>\nJ) Liberaci\u00f3n de cambios en Rut no confirmados desde bot\u00f3n modificaci\u00f3n<br \/>\nK) Nueva bandeja de firma LTE, se agrega pesta\u00f1a con tr\u00e1mites firmados<br \/>\nL) Bot\u00f3n otros antecedentes (nombre social, pa\u00eds)<\/p>\n<ol start=\"4\">\n<li style=\"font-weight: 400;\"><b><strong> POL\u00cdTICA DE EFECTIVIZACI\u00d3N DE DERECHOS DE NI\u00d1OS, NI\u00d1AS Y ADOLESCENTES<\/strong><\/b><\/li>\n<\/ol>\n<p style=\"font-weight: 400;\">4.1. Secretar\u00eda T\u00e9cnica de Ni\u00f1os, Ni\u00f1as y Adolescentes<br \/>\nA) Promoci\u00f3n de derechos<br \/>\nB) Dise\u00f1o e implementaci\u00f3n de pol\u00edticas y protocolos<br \/>\nC) Estudio y monitoreo<br \/>\nD) Generaci\u00f3n de datos y estad\u00edsticas<br \/>\nE) Alianzas interinstitucionales<br \/>\nF) Org\u00e1nica<\/p>\n<ol start=\"5\">\n<li style=\"font-weight: 400;\"><b><strong>MEDIDAS ADMINISTRATIVAS ADOPTADAS POR EL PODER JUDICIAL<\/strong><\/b><\/li>\n<\/ol>\n<p style=\"font-weight: 400;\">5.1. Procedimiento especial para la aplicaci\u00f3n judicial de medidas de protecci\u00f3n de los derechos de los ni\u00f1os, ni\u00f1as o adolescentes<\/p>\n<p>5.2. Etapas del procedimiento para la adopci\u00f3n de medidas de protecci\u00f3n<br \/>\nA) Derechos de ni\u00f1os, ni\u00f1as y adolescentes amenazados o vulnerados<br \/>\nB) Inicio del procedimiento<br \/>\nC) Medidas cautelares especiales<br \/>\nD) Audiencia preparatoria<br \/>\nE) Audiencia de juicio<br \/>\nF) Sentencia<\/p>\n<p>5.3. Etapas del procedimiento para el cumplimiento de medidas de protecci\u00f3n decretadas judicialmente<br \/>\nA) Procedimiento para el cumplimiento de medidas de protecci\u00f3n de los derechos de ni\u00f1os, ni\u00f1as y adolescentes<br \/>\nB) Procedimiento para el cumplimiento de medidas de internaci\u00f3n en establecimiento residencial<\/p>\n<p>5.4. Centros de seguimiento de Medidas de Protecci\u00f3n<\/p>\n<p>5.5. Etapas del procedimiento de dictaci\u00f3n y ejecuci\u00f3n de medidas de protecci\u00f3n en ni\u00f1os, ni\u00f1as y adolescentes: creaci\u00f3n de causas \u201cX\u201d<\/p>\n<p>5.6. Creaci\u00f3n de un sistema de registros y monitoreo permanente de medidas de<br \/>\nprotecci\u00f3n<\/p>\n<p>5.7. Implementaciones desarrolladas por el Poder Judicial relativas a mejoras administrativas para el seguimiento y registros de medidas de protecci\u00f3n<br \/>\nA) Implementaci\u00f3n de un Registro \u00danico de Seguimiento (RUS)<br \/>\nB) Implementaci\u00f3n progresiva de los COCCMP<br \/>\na. Objetivo general de los COCCMP<br \/>\nb. Objetivos espec\u00edficos de los COCCMP<br \/>\nc. Desarrollo del proyecto<br \/>\nC) Implementaci\u00f3n de la tercera etapa de COCCMP<\/p>\n<p>5.8. Informaci\u00f3n actual de los CSMP a la luz de Ley N\u00ba 21.302. Resoluciones adecuadas<br \/>\n5.9. Acceso a la justicia de ni\u00f1os, ni\u00f1as y adolescentes<\/p>\n<p>5.10. Conclusiones<\/p>\n","protected":false},"excerpt":{"rendered":"<p>Fabiola Gonz\u00e1lez Corominas &#8211; Felipe Pulgar Bravo \/ Abril a\u00f1o 2025 &#8211; 202 P\u00e1ginas.<\/p>\n<p>Buscas un libro Jur\u00eddico.? Lo puedes encontrar en nuestra tienda virtual.<br \/>\nContamos con prestigiosos autores y muchas alternativas en sus diferentes materias al igual que grandes descuentos.! Vis\u00edtanos en <a class=\"mgFkhbNCAguTzbjLozeYRagsCtabmGnDJw \" tabindex=\"0\" href=\"https:\/\/lnkd.in\/eiAG7jdZ\" target=\"_blank\" rel=\"noopener\" data-test-app-aware-link=\"\">https:\/\/lnkd.in\/eiAG7jdZ<\/a><br \/>\nEscr\u00edbenos al +56930565235 \/ <a class=\"mgFkhbNCAguTzbjLozeYRagsCtabmGnDJw \" tabindex=\"0\" href=\"mailto:ventaslegallexglobal@gmail.com\" target=\"_self\" data-test-app-aware-link=\"\">ventaslegallexglobal@gmail.com<\/a><br \/>\nHacemos env\u00edos a todo Chile \u2013 Starken o Correos Chile \/ Te esperamos<\/p>\n","protected":false},"featured_media":2342,"comment_status":"open","ping_status":"closed","template":"","meta":{"inline_featured_image":false,"_joinchat":[]},"product_brand":[],"product_cat":[27,26],"product_tag":[],"class_list":{"0":"post-2290","1":"product","2":"type-product","3":"status-publish","4":"has-post-thumbnail","6":"product_cat-civil","7":"product_cat-derecho","9":"first","10":"instock","11":"shipping-taxable","12":"purchasable","13":"product-type-simple"},"_links":{"self":[{"href":"https:\/\/bibliotecajuridicavirtual.cl\/index.php\/wp-json\/wp\/v2\/product\/2290","targetHints":{"allow":["GET"]}}],"collection":[{"href":"https:\/\/bibliotecajuridicavirtual.cl\/index.php\/wp-json\/wp\/v2\/product"}],"about":[{"href":"https:\/\/bibliotecajuridicavirtual.cl\/index.php\/wp-json\/wp\/v2\/types\/product"}],"replies":[{"embeddable":true,"href":"https:\/\/bibliotecajuridicavirtual.cl\/index.php\/wp-json\/wp\/v2\/comments?post=2290"}],"wp:featuredmedia":[{"embeddable":true,"href":"https:\/\/bibliotecajuridicavirtual.cl\/index.php\/wp-json\/wp\/v2\/media\/2342"}],"wp:attachment":[{"href":"https:\/\/bibliotecajuridicavirtual.cl\/index.php\/wp-json\/wp\/v2\/media?parent=2290"}],"wp:term":[{"taxonomy":"product_brand","embeddable":true,"href":"https:\/\/bibliotecajuridicavirtual.cl\/index.php\/wp-json\/wp\/v2\/product_brand?post=2290"},{"taxonomy":"product_cat","embeddable":true,"href":"https:\/\/bibliotecajuridicavirtual.cl\/index.php\/wp-json\/wp\/v2\/product_cat?post=2290"},{"taxonomy":"product_tag","embeddable":true,"href":"https:\/\/bibliotecajuridicavirtual.cl\/index.php\/wp-json\/wp\/v2\/product_tag?post=2290"}],"curies":[{"name":"wp","href":"https:\/\/api.w.org\/{rel}","templated":true}]}}