{"id":2292,"date":"2026-02-28T01:00:12","date_gmt":"2026-02-28T04:00:12","guid":{"rendered":"https:\/\/bibliotecajuridicavirtual.cl\/?post_type=product&#038;p=2292"},"modified":"2026-02-28T01:00:44","modified_gmt":"2026-02-28T04:00:44","slug":"la-prueba-pericial-aspectos-relevantes-de-su-admisibilidad-y-valoracion-regulacion-en-los-procedimientos-reformados-en-chile","status":"publish","type":"product","link":"https:\/\/bibliotecajuridicavirtual.cl\/index.php\/product\/la-prueba-pericial-aspectos-relevantes-de-su-admisibilidad-y-valoracion-regulacion-en-los-procedimientos-reformados-en-chile\/","title":{"rendered":"La Prueba Pericial: Aspectos Relevantes de su Admisibilidad y Valoraci\u00f3n * Regulaci\u00f3n en los Procedimientos Reformados en Chile"},"content":{"rendered":"<p style=\"font-weight: 400;\">Este libro presenta un ana\u0301lisis de la regulacio\u0301n de la prueba pericial en los tres procedimientos reformados en Chile (penal, laboral y familia). En todos ellos, pese a reinar una mayor libertad probatoria, el legislador mantuvo un celo en la regulacio\u0301n de determinados medios de prueba y establecio\u0301 reglas de procedimiento especi\u0301ficas para su admisio\u0301n y produccio\u0301n, lo que acontece con mayor fuerza en los peritajes.<\/p>\n<p style=\"font-weight: 400;\">En base a lo anterior, se explican tanto los fines de garanti\u0301a de dichas regulaciones como los peligros, que la doctrina sen\u0303ala, en el uso de este medio probatorio.<\/p>\n<p style=\"font-weight: 400;\">Por otro lado, se estudian los aspectos comunes a la admisibilidad y los problemas habituales en los debates de exclusio\u0301n probatoria y adema\u0301s se exploran los aspectos ma\u0301s debatidos sobre admisibilidad, rendicio\u0301n y valoracio\u0301n de la prueba pericial en los procedimientos penales, laborales y de familia.<\/p>\n<p style=\"font-weight: 400;\">Finalmente, se profundiza en sus rasgos diferenciadores, sin descuidar los elementos comunes, en consideracio\u0301n a los fines del conocimiento experto en el proceso y los peligros en una erro\u0301nea utilizacio\u0301n.<\/p>\n<ol>\n<li style=\"font-weight: 400;\"><b><strong> ASPECTOS GENERALES SOBRE LA PRUEBA PERICIAL<\/strong><\/b><\/li>\n<\/ol>\n<p style=\"font-weight: 400;\">1.1. Introducci\u00f3n<br \/>\n1.2. Plan de trabajo<br \/>\n1.3. Prueba reglada en los procedimientos reformados tendientes a la libertad probatoria<br \/>\n1.4. Finalidad de las normas legales que reglan la prueba t\u00edpica.<br \/>\n1.5. Funci\u00f3n y uso de la prueba pericial: algunos problemas que justifican su calidad de prueba reglada.<br \/>\nA) Funci\u00f3n de la persona experta en el \u00e1mbito judicial<br \/>\nB) El conocimiento experto como prueba reglada<br \/>\nC) Problemas asociados al uso del conocimiento experto.<br \/>\nD) Estandarizaci\u00f3n de pericias habituales y necesidad de control.<\/p>\n<p style=\"font-weight: 400;\">1.6. Algunos aspectos comparativos en la regulaci\u00f3n legal de la prueba pericial entre los procedimientos reformados<br \/>\nA) Aspectos comunes<br \/>\nB) Aspectos diferenciadores.<\/p>\n<ol start=\"2\">\n<li style=\"font-weight: 400;\"><b><strong> ASPECTOS COMUNES EN LA ADMISIBILIDAD DE LA PRUEBA PERICIAL.<\/strong><\/b><\/li>\n<\/ol>\n<p style=\"font-weight: 400;\">2.1. Reglas generales de admisibilidad probatoria en los procedimientos reformados..<br \/>\n2.2. Relevancia y razones jur\u00eddicas para la exclusi\u00f3n probatoria<br \/>\n2.3. Reglas especiales de admisibilidad probatoria para la prueba pericial<br \/>\nA) Necesidad del conocimiento experto.<br \/>\nB) Idoneidad del perito<br \/>\nC) Confiabilidad del peritaje<br \/>\n2.4. Algunos problemas habituales<br \/>\nA) Prueba pericial encubierta<br \/>\na. Limitaci\u00f3n tanto al derecho a prueba como a la libertad probatoria<br \/>\nb. Mejor calidad de la prueba<br \/>\nc. Exclusi\u00f3n probatoria como garant\u00eda contra el prejuzgamiento del sentenciador por sobrevaloraci\u00f3n de prueba no controlada en su formaci\u00f3n<br \/>\nd. Aspecto teleol\u00f3gico y de garant\u00edas de las formas procesales<br \/>\ne. Argumento de texto<br \/>\nB) Testigos expertos<br \/>\nC) Peritajes intrusivos<br \/>\nD) Ausencia del informe pericial<br \/>\nE) Algunas hip\u00f3tesis problem\u00e1ticas relacionadas con la pertinencia de la prueba pericial<br \/>\n2.5. Excursus: admisibilidad y uso de metaperitajes<\/p>\n<ol start=\"3\">\n<li style=\"font-weight: 400;\"><b><strong> REGULACI\u00d3N DE LA PRUEBA PERICIAL EN EL PROCESO PENAL<\/strong><\/b><\/li>\n<\/ol>\n<p style=\"font-weight: 400;\">3.1. Normativa general aplicable<br \/>\nA) Procedencia del informe pericial<br \/>\nB) Elaboraci\u00f3n, presentaci\u00f3n y estructura del informe pericial<br \/>\nC) Control de admisibilidad del informe pericial<br \/>\nD) Incapacidad para ser perito<br \/>\nE) Declaraci\u00f3n del perito en el juicio oral<br \/>\n3.2. Protocolos nacionales e internacionales para peritajes m\u00e1s complejos y habituales en materia penal<br \/>\nA) Peritajes m\u00e9dico-legales<br \/>\na. Introducci\u00f3n y marco normativo<br \/>\nb. Alcoholemia<br \/>\nc. Normativa t\u00e9cnica para la realizaci\u00f3n de ex\u00e1menes de alcoholemia<br \/>\nB) Peritajes de credibilidad de relato<br \/>\na. Estructura espec\u00edfica del informe sicol\u00f3gico<br \/>\nb. Peritajes de credibilidad de relato<br \/>\nc. Ley de Entrevista Videograbada.<br \/>\nd. La pericia sicol\u00f3gica como conocimiento cient\u00edficamente afianzado<br \/>\ne. Valoraci\u00f3n de los peritajes de credibilidad de v\u00edctimas de delitos sexuales<br \/>\nC) Peritaje de an\u00e1lisis qu\u00edmico de drogas<br \/>\nD) Ex\u00e1menes de ADN<br \/>\nF) Informes sociales en debate de determinaci\u00f3n de penas<br \/>\nE) Peritaje siqui\u00e1trico para la determinaci\u00f3n de (in)imputabilidad y algunas atenuantes asociadas.<br \/>\nG) Informes para las postulaciones ante la Comisi\u00f3n de Libertad Condicional<br \/>\n3.3. An\u00e1lisis en particular de la regulaci\u00f3n de algunos de los peritajes reglados en el C\u00f3digo Procesal Penal<br \/>\nA) Ex\u00e1menes corporales<br \/>\nB) Ex\u00e1menes sexol\u00f3gicos<br \/>\nC) Autopsia<br \/>\nD) Ex\u00e1menes de ADN y alcoholemia como excepciones del deber de comparecencia<\/p>\n<ol start=\"4\">\n<li style=\"font-weight: 400;\"><b><strong> ASPECTOS PROBLEM\u00c1TICOS EN LA REGULACI\u00d3N DE LA PRUEBA PERICIAL EN LOS PROCESOS DE FAMILIA Y LABORAL<\/strong><\/b><\/li>\n<\/ol>\n<p style=\"font-weight: 400;\">4.1. Procedimientos ante la judicatura de familia<br \/>\nA) Algunas particularidades en la elecci\u00f3n de la persona experta<br \/>\nB) Deber de comparecencia de la persona experta<br \/>\nC) Uso del informe pericial<br \/>\nD) Falta de colaboraci\u00f3n de una de las partes en el reconocimiento pericial<br \/>\nE) Rol del Consejo T\u00e9cnico<br \/>\n4.2. Procedimientos ante la judicatura laboral<br \/>\nA) Particularidades en la elecci\u00f3n de la persona experta<br \/>\nB) Operatividad supletoria del C\u00f3digo de Procedimiento Civil<br \/>\nC) Prueba pericial en el procedimiento monitorio<\/p>\n<ol start=\"5\">\n<li style=\"font-weight: 400;\"><b><strong> LA VALORACI\u00d3N DEL CONOCIMIENTO EXPERTO Y OTROS ASUNTOS FINALES,<\/strong><\/b><\/li>\n<\/ol>\n<p style=\"font-weight: 400;\">5.1. Sobre la valoraci\u00f3n probatoria<br \/>\nA) Sana cr\u00edtica, conocimientos cient\u00edficamente afianzados y motivaci\u00f3n en el juicio de los hechos<br \/>\na. Distinci\u00f3n entre ciencia y t\u00e9cnica<br \/>\nb. Distinci\u00f3n entre ciencias exactas y ciencias humanas<br \/>\nB) Criterios de valoraci\u00f3n de la prueba pericial en los reformados<br \/>\nC) Medios de impugnaci\u00f3n de la prueba pericial en procedimientos reformados<br \/>\na. Medios de impugnaci\u00f3n en sede penal<br \/>\ni. Medios de impugnaci\u00f3n relativos a su admisibilidad<br \/>\nii. Medios de impugnaci\u00f3n relativos a la valoraci\u00f3n de la prueba pericial en materia penal<br \/>\nb. Medios de impugnaci\u00f3n en sede laboral<br \/>\ni. Medios de impugnaci\u00f3n relativos a la admisibilidad de la prueba pericial en materia laboral<br \/>\nii. Medios de impugnaci\u00f3n relativos a la valoraci\u00f3n de la prueba pericial en materia laboral.<br \/>\nc. Medio de impugnaci\u00f3n en materia de familia<br \/>\n5.2. Algunas consideraciones en la valoraci\u00f3n de los peritajes<br \/>\nA) Peligro de sobrevaloraci\u00f3n de la prueba pericial en procedimientos reformados<br \/>\nB) Principales problemas detectados en do o comparado<br \/>\na. El uso de prueba pericial poco confiable<br \/>\nb. El testimonio inv\u00e1lido de los peritos<br \/>\nc. El mal comportamiento de los peritos<br \/>\nd. El uso tard\u00edo de la prueba pericial<br \/>\n5.3. An\u00e1lisis de casos<br \/>\nA) Peritajes y decisiones equivocadas: experiencia nacional e internacional<br \/>\n5.4. Palabras finales<br \/>\nB) Casos Proyecto Inocentes<br \/>\nC) Rese\u00f1as jurisprudenciales<\/p>\n","protected":false},"excerpt":{"rendered":"<p>Gonzalo Aguilera Chaparro &#8211; H\u00e9ctor Galleguillos Carmona \/ Febrero a\u00f1o 2025 &#8211; 186 P\u00e1ginas.<\/p>\n<p>Buscas un libro Jur\u00eddico.? Lo puedes encontrar en nuestra tienda virtual.<br \/>\nContamos con prestigiosos autores y muchas alternativas en sus diferentes materias al igual que grandes descuentos.! Vis\u00edtanos en <a class=\"mgFkhbNCAguTzbjLozeYRagsCtabmGnDJw \" tabindex=\"0\" href=\"https:\/\/lnkd.in\/eiAG7jdZ\" target=\"_blank\" rel=\"noopener\" data-test-app-aware-link=\"\">https:\/\/lnkd.in\/eiAG7jdZ<\/a><br \/>\nEscr\u00edbenos al +56930565235 \/ <a class=\"mgFkhbNCAguTzbjLozeYRagsCtabmGnDJw \" tabindex=\"0\" href=\"mailto:ventaslegallexglobal@gmail.com\" target=\"_self\" data-test-app-aware-link=\"\">ventaslegallexglobal@gmail.com<\/a><br \/>\nHacemos env\u00edos a todo Chile \u2013 Starken o Correos Chile \/ Te esperamos<\/p>\n<p>&nbsp;<\/p>\n","protected":false},"featured_media":2344,"comment_status":"open","ping_status":"closed","template":"","meta":{"inline_featured_image":false,"_joinchat":[]},"product_brand":[],"product_cat":[45,26,50,39],"product_tag":[],"class_list":{"0":"post-2292","1":"product","2":"type-product","3":"status-publish","4":"has-post-thumbnail","6":"product_cat-administrativo","7":"product_cat-derecho","8":"product_cat-procedimientos-civiles","9":"product_cat-procesal-civil","11":"first","12":"instock","13":"shipping-taxable","14":"purchasable","15":"product-type-simple"},"_links":{"self":[{"href":"https:\/\/bibliotecajuridicavirtual.cl\/index.php\/wp-json\/wp\/v2\/product\/2292","targetHints":{"allow":["GET"]}}],"collection":[{"href":"https:\/\/bibliotecajuridicavirtual.cl\/index.php\/wp-json\/wp\/v2\/product"}],"about":[{"href":"https:\/\/bibliotecajuridicavirtual.cl\/index.php\/wp-json\/wp\/v2\/types\/product"}],"replies":[{"embeddable":true,"href":"https:\/\/bibliotecajuridicavirtual.cl\/index.php\/wp-json\/wp\/v2\/comments?post=2292"}],"wp:featuredmedia":[{"embeddable":true,"href":"https:\/\/bibliotecajuridicavirtual.cl\/index.php\/wp-json\/wp\/v2\/media\/2344"}],"wp:attachment":[{"href":"https:\/\/bibliotecajuridicavirtual.cl\/index.php\/wp-json\/wp\/v2\/media?parent=2292"}],"wp:term":[{"taxonomy":"product_brand","embeddable":true,"href":"https:\/\/bibliotecajuridicavirtual.cl\/index.php\/wp-json\/wp\/v2\/product_brand?post=2292"},{"taxonomy":"product_cat","embeddable":true,"href":"https:\/\/bibliotecajuridicavirtual.cl\/index.php\/wp-json\/wp\/v2\/product_cat?post=2292"},{"taxonomy":"product_tag","embeddable":true,"href":"https:\/\/bibliotecajuridicavirtual.cl\/index.php\/wp-json\/wp\/v2\/product_tag?post=2292"}],"curies":[{"name":"wp","href":"https:\/\/api.w.org\/{rel}","templated":true}]}}