{"id":2293,"date":"2026-02-28T01:00:12","date_gmt":"2026-02-28T04:00:12","guid":{"rendered":"https:\/\/bibliotecajuridicavirtual.cl\/?post_type=product&#038;p=2293"},"modified":"2026-02-28T01:00:45","modified_gmt":"2026-02-28T04:00:45","slug":"leyes-tributarias-actualizadas-hugo-contreras-urzua-leonel-gonzalez-silva-hugo-contreras-gonzalez-3ra-edicion-abril-ano-2025-136-pag","status":"publish","type":"product","link":"https:\/\/bibliotecajuridicavirtual.cl\/index.php\/product\/leyes-tributarias-actualizadas-hugo-contreras-urzua-leonel-gonzalez-silva-hugo-contreras-gonzalez-3ra-edicion-abril-ano-2025-136-pag\/","title":{"rendered":"Leyes Tributarias Actualizadas * Hugo Contreras Urz\u00faa &#8211; Leonel Gonz\u00e1lez Silva &#8211; Hugo Contreras Gonz\u00e1lez * 3ra. edici\u00f3n Abril a\u00f1o 2025 &#8211; 136 P\u00e1g."},"content":{"rendered":"<p style=\"font-weight: 400;\">En una sola obra tres textos legales actualizados:<br \/>\n&#8211; Ley de Impuesto a la Renta<br \/>\n&#8211; Impuesto a las Ventas y Servicios (IVA)<br \/>\n&#8211; C\u00f3digo Tributario<\/p>\n<p style=\"font-weight: 400;\">Esta obra ofrece los tres textos legales, Renta, IVA y C\u00f3digo Tributario, debidamente actualizados y destacando con negrita los cambios introducidos por la Ley N\u00b0 21.713 y sus respectivos periodos de vigencia.<\/p>\n<p style=\"font-weight: 400;\">Actualizada por la Ley N\u00ba 21.713, publicada el 24.10.2024<\/p>\n<p style=\"font-weight: 400;\">Este libro es una herramienta indispensable para entender la complejidad de la legislaci\u00f3n tributaria. Actualizado conforme a las \u00faltimas modificaciones legales, incluida la Ley N\u00ba 21.420, ofrece un an\u00e1lisis detallado de la Ley sobre Impuesto a la Renta, abordando desde normas generales hasta disposiciones espec\u00edficas sobre distintas categor\u00edas de ingresos.<\/p>\n<p style=\"font-weight: 400;\">Con una estructura clara y organizada, el libro se compone de varios t\u00edtulos que abordan temas fundamentales:<\/p>\n<ul style=\"font-weight: 400;\">\n<li>Normas Generales: Desde la materia y destino del impuesto hasta definiciones clave.<\/li>\n<li>Impuesto Cedular por Categor\u00edas: Detalla las disposiciones relacionadas con las rentas del capital, empresas comerciales, industriales, mineras y otras, as\u00ed como las rentas del trabajo.<\/li>\n<li>Impuesto Global Complementario y Adicional: Examina las normativas sobre este tipo de impuestos.<\/li>\n<li>Administraci\u00f3n del Impuesto: Incluye aspectos como la declaraci\u00f3n y pago anual, retenci\u00f3n del impuesto, y disposiciones relativas al mercado de capitales.<\/li>\n<li>Disposiciones Espec\u00edficas: Aborda temas como el nuevo impuesto a ciertos bienes de lujo y la reducci\u00f3n de franquicias para viviendas.<\/li>\n<\/ul>\n<p style=\"font-weight: 400;\">Adem\u00e1s, este libro presenta informaci\u00f3n sobre la Ley sobre Impuesto a las Ventas y Servicios, el C\u00f3digo Tributario y el Reglamento de la Ley sobre Impuesto a las Ventas y Servicios, ofreciendo una visi\u00f3n integral del marco legal tributario.<\/p>\n<p style=\"font-weight: 400;\">Con su contenido exhaustivo y actualizado, este libro se convierte en una herramienta valiosa tanto para profesionales del \u00e1rea tributaria como para estudiantes que buscan comprender en profundidad la normativa vigente.<\/p>\n<p>&nbsp;<\/p>\n","protected":false},"excerpt":{"rendered":"<p>Buscas un libro Jur\u00eddico.? Lo puedes encontrar en nuestra tienda virtual.<br \/>\nContamos con prestigiosos autores y muchas alternativas en sus diferentes materias al igual que grandes descuentos.! Vis\u00edtanos en <a class=\"wsMvqdsCQwHMdXuvCLlSAkmVYButhGSUc \" tabindex=\"0\" href=\"https:\/\/lnkd.in\/eiAG7jdZ\" target=\"_blank\" rel=\"noopener\" data-test-app-aware-link=\"\">https:\/\/lnkd.in\/eiAG7jdZ<\/a><br \/>\nEscr\u00edbenos al +56930565235 \/ <a class=\"wsMvqdsCQwHMdXuvCLlSAkmVYButhGSUc \" tabindex=\"0\" href=\"mailto:ventaslegallexglobal@gmail.com\" target=\"_self\" data-test-app-aware-link=\"\">ventaslegallexglobal@gmail.com<\/a><br \/>\nHacemos env\u00edos a todo Chile \u2013 Starken o Correos Chile \/ Te esperamos<\/p>\n","protected":false},"featured_media":2345,"comment_status":"open","ping_status":"closed","template":"","meta":{"inline_featured_image":false,"_joinchat":[]},"product_brand":[],"product_cat":[26,28],"product_tag":[],"class_list":{"0":"post-2293","1":"product","2":"type-product","3":"status-publish","4":"has-post-thumbnail","6":"product_cat-derecho","7":"product_cat-tributario","9":"first","10":"instock","11":"shipping-taxable","12":"purchasable","13":"product-type-simple"},"_links":{"self":[{"href":"https:\/\/bibliotecajuridicavirtual.cl\/index.php\/wp-json\/wp\/v2\/product\/2293","targetHints":{"allow":["GET"]}}],"collection":[{"href":"https:\/\/bibliotecajuridicavirtual.cl\/index.php\/wp-json\/wp\/v2\/product"}],"about":[{"href":"https:\/\/bibliotecajuridicavirtual.cl\/index.php\/wp-json\/wp\/v2\/types\/product"}],"replies":[{"embeddable":true,"href":"https:\/\/bibliotecajuridicavirtual.cl\/index.php\/wp-json\/wp\/v2\/comments?post=2293"}],"wp:featuredmedia":[{"embeddable":true,"href":"https:\/\/bibliotecajuridicavirtual.cl\/index.php\/wp-json\/wp\/v2\/media\/2345"}],"wp:attachment":[{"href":"https:\/\/bibliotecajuridicavirtual.cl\/index.php\/wp-json\/wp\/v2\/media?parent=2293"}],"wp:term":[{"taxonomy":"product_brand","embeddable":true,"href":"https:\/\/bibliotecajuridicavirtual.cl\/index.php\/wp-json\/wp\/v2\/product_brand?post=2293"},{"taxonomy":"product_cat","embeddable":true,"href":"https:\/\/bibliotecajuridicavirtual.cl\/index.php\/wp-json\/wp\/v2\/product_cat?post=2293"},{"taxonomy":"product_tag","embeddable":true,"href":"https:\/\/bibliotecajuridicavirtual.cl\/index.php\/wp-json\/wp\/v2\/product_tag?post=2293"}],"curies":[{"name":"wp","href":"https:\/\/api.w.org\/{rel}","templated":true}]}}