{"id":2294,"date":"2026-02-28T01:00:12","date_gmt":"2026-02-28T04:00:12","guid":{"rendered":"https:\/\/bibliotecajuridicavirtual.cl\/?post_type=product&#038;p=2294"},"modified":"2026-02-28T01:00:46","modified_gmt":"2026-02-28T04:00:46","slug":"justicia-militar-manual-de-procedimiento-carlos-lopez-dawson-junio-ano-2025-350-paginas","status":"publish","type":"product","link":"https:\/\/bibliotecajuridicavirtual.cl\/index.php\/product\/justicia-militar-manual-de-procedimiento-carlos-lopez-dawson-junio-ano-2025-350-paginas\/","title":{"rendered":"Justicia Militar * Manual de Procedimiento &#8211; Carlos L\u00f3pez Dawson * Junio a\u00f1o 2025 &#8211; 350 P\u00e1ginas"},"content":{"rendered":"<p style=\"font-weight: 400;\">La tem\u00e1tica expuesta en esta obra se relaciona con los derechos humanos, con el derecho al juicio debido que el autor sugiere modificar para garantizarlo. Luego de analizar el procedimiento que actualmente se aplica en los procesos por delitos militares, el autor, estima que se requiere un cambio m\u00e1s profundo para que el ordenamiento jur\u00eddico avance en una direcci\u00f3n de progreso, lo que se lograr\u00eda con la eliminaci\u00f3n de la jurisdicci\u00f3n militar en tiempo de paz, reemplaz\u00e1ndola por una Fiscal\u00eda militar y realizando la justicia los jueces del poder judicial, salvo en caso de guerra en el frente mismo. Se\u00f1ala tambi\u00e9n, que jur\u00eddicamente hablando, no se respeta el derecho al debido proceso al tener que rendir cuenta ante superiores y no ante jueces jur\u00eddicamente independientes. Y ello no tiene que ver ni con la capacidad ni la moralidad de los actores del sistema, sino con el respeto a los derechos humanos<\/p>\n<p style=\"font-weight: 400;\"><b><strong>CAP\u00cdTULO I<\/strong><\/b><br \/>\n<b><strong>S\u00cdNTESIS HIST\u00d3RICA SOBRE JUSTICIA MILITAR<\/strong><\/b><\/p>\n<ol>\n<li style=\"font-weight: 400;\">Aspectos generales<\/li>\n<li style=\"font-weight: 400;\">A) Grupos Armados en la Antig\u00fcedad<br \/>\nB) Privilegio del Fuero en la Edad Media<br \/>\nC) La Jurisdicci\u00f3n Militar en la Legislaci\u00f3n Contempor\u00e1nea<br \/>\nD) Tentativas para suprimir la Jurisdicci\u00f3n Militar en Tiempo de Paz<\/li>\n<li style=\"font-weight: 400;\">Justicia militar colonial<\/li>\n<li style=\"font-weight: 400;\">A) La Colonia<br \/>\nB) Derecho Militar Indiano<\/li>\n<li style=\"font-weight: 400;\">Derecho Penal Militar aplicable en Chile Colonial<\/li>\n<li style=\"font-weight: 400;\">Tribunales Militares de la Colonia<\/li>\n<li style=\"font-weight: 400;\">Caracter\u00edsticas generales<br \/>\nb. Situaci\u00f3n en Chile<br \/>\nc. Clasificaci\u00f3n de los Tribunales<br \/>\nd. Fuero Militar<\/li>\n<li style=\"font-weight: 400;\">La Independencia<\/li>\n<li style=\"font-weight: 400;\">A) La legislaci\u00f3n vigente a 1810<br \/>\nB) El decreto ley de 1839<br \/>\nC) Tribunales Militares<br \/>\nD) El Fuero Militar<br \/>\nE) Modificaciones Legales<br \/>\nF) Proyectos de C\u00f3digos de Justicia Militar<\/li>\n<li style=\"font-weight: 400;\">\u00c9poca Contempor\u00e1nea<\/li>\n<li style=\"font-weight: 400;\">A) Decreto ley No 806<br \/>\nB) Modificaciones Legales hasta 1973<br \/>\nC) Normas existentes hasta 1990 que ampliaban la jurisdicci\u00f3n militar<br \/>\nD) Caracter\u00edsticas de la ley vigente<br \/>\nE) Tribunales Militares<br \/>\nEn tiempo de Paz<br \/>\nb. Tiempo de Guerra (Libro II T\u00edtulo IV del C.J.M.)<br \/>\nF) El Fuero Militar<br \/>\nG) Proyectos para Modificar el C\u00f3digo de Justicia Militar<\/li>\n<li style=\"font-weight: 400;\">Modernidad, Derecho y Justicia Militar<\/li>\n<li style=\"font-weight: 400;\">Modernidad y derecho<\/li>\n<\/ol>\n<p style=\"font-weight: 400;\">Concepto y acci\u00f3n<br \/>\nModernidad y derechos humanos<br \/>\nLa Modernidad en el Estado de Derecho<\/p>\n<ol>\n<li style=\"font-weight: 400;\">Los l\u00edmites del olvido<\/li>\n<\/ol>\n<p style=\"font-weight: 400;\">Las condiciones<br \/>\nLa amnist\u00eda y los derechos humanos<br \/>\nAmnist\u00eda y justicia<br \/>\nLos l\u00edmites de la amnist\u00eda<br \/>\nLa Prescripci\u00f3n y los derechos humanos<br \/>\nLa ley ante la Modernidad<\/p>\n<p style=\"font-weight: 400;\">III. Los l\u00edmites del perd\u00f3n<\/p>\n<p style=\"font-weight: 400;\">Los l\u00edmites \u00e9ticos de la ley<br \/>\nLos derechos constitucionales afectados<br \/>\nEl deber del Estado<\/p>\n<ol>\n<li style=\"font-weight: 400;\">Los l\u00edmites de la soberan\u00eda<\/li>\n<\/ol>\n<p style=\"font-weight: 400;\">Derechos fundamentales<br \/>\nEl derecho a la justicia<br \/>\nEl derecho a la igualdad<br \/>\nLa responsabilidad internacional del Estado<\/p>\n<ol>\n<li style=\"font-weight: 400;\">La verdad sin l\u00edmites<\/li>\n<\/ol>\n<p style=\"font-weight: 400;\">El valor \u00e9tico y social del arrepentimiento<br \/>\nEl arrepentimiento y el Derecho<br \/>\nModernidad y reconciliaci\u00f3n<br \/>\nReconciliaci\u00f3n y \u00e9tica pol\u00edtica<\/p>\n<ol>\n<li style=\"font-weight: 400;\">Justicia sin l\u00edmites<\/li>\n<\/ol>\n<p style=\"font-weight: 400;\">Modernidad y democracia<br \/>\nApostar a la modernidad<br \/>\nActualizaci\u00f3n 2024<\/p>\n<p style=\"font-weight: 400;\"><b><strong>CAP\u00cdTULO II<\/strong><\/b><br \/>\n<b><strong>LA JUSTICIA MILITAR ANTE EL DERECHO INTERNACIONAL<\/strong><\/b><\/p>\n<ol>\n<li style=\"font-weight: 400;\">De los principios<\/li>\n<li style=\"font-weight: 400;\">A) Fundamentos de Derechos Humanos<br \/>\nB) Los Derechos Fundamentales<br \/>\nC) El Estado de Derecho Democr\u00e1tico<br \/>\nD) El Derecho Internacional de los Derechos Humanos<br \/>\na) El Imperio de la Ley<br \/>\nb) Origen, prop\u00f3sito y l\u00edmites de la Ley<br \/>\nc) Protecci\u00f3n legal de los Derechos Humanos<br \/>\nd) Contenido del Estado de Derecho<br \/>\ne) El derecho a la justicia<\/li>\n<li style=\"font-weight: 400;\">Los L\u00edmites<\/li>\n<li style=\"font-weight: 400;\">A) Tribunales y Procedimiento en Tiempo de Paz<br \/>\nB) Tribunales y Procedimiento en Tiempo de Guerra<br \/>\nC) Procedimientos severos<br \/>\na) Incomunicaciones prolongadas<br \/>\nb) Amenazas<br \/>\nc) Incumplimiento de mandato legal imperativo<\/li>\n<li style=\"font-weight: 400;\">La justicia militar en Chile ante el Derecho Internacional<\/li>\n<li style=\"font-weight: 400;\">Las reformas Constitucionales y los Pactos<\/li>\n<li style=\"font-weight: 400;\">A) Su Historia<br \/>\nB) Efectos de la Reforma Constitucional de 1989<\/li>\n<li style=\"font-weight: 400;\">La Amnist\u00eda y la prescripci\u00f3n de los delitos militares<\/li>\n<li style=\"font-weight: 400;\">A) Normas Internacionales<br \/>\nB) La Amnist\u00eda frente a las violaciones de Derechos Humanos<br \/>\nC) La amnist\u00eda en los dem\u00e1s casos<br \/>\nD) Conclusiones<\/li>\n<\/ol>\n<p style=\"font-weight: 400;\"><b><strong>CAP\u00cdTULO III<\/strong><\/b><br \/>\n<b><strong>DE LOS DELITOS<\/strong><\/b><\/p>\n<ol>\n<li style=\"font-weight: 400;\">Delitos militares contemplados en el C\u00f3digo de Justicia Militar<\/li>\n<li style=\"font-weight: 400;\">A) Nuevos tipos penales<br \/>\nB) Modificaci\u00f3n a tipos penales existentes en el C\u00f3digo de Justicia Militar<\/li>\n<li style=\"font-weight: 400;\">Delitos que leyes especiales someten al conocimiento de los Tribunales Militares<\/li>\n<li style=\"font-weight: 400;\">A) Decreto ley No 2.306 sobre Reclutamiento y Movilizaci\u00f3n de las Fuerzas Armadas<br \/>\nB) Ley No 17.798 sobre Control de Armas<br \/>\na) Los tipos delictivos que establece la Ley de Control de Armas se contemplan en sus art\u00edculos 8 al 17, con penalidades bastante altas<br \/>\nb) El procedimiento inconveniente<br \/>\nc) Ley de Seguridad del Estado (Ley No 12.927)<br \/>\nd) Ley No 18.415. Ley Org\u00e1nica Constitucional sobre Estados de Excepci\u00f3n<\/li>\n<li style=\"font-weight: 400;\">Delitos de la Legislaci\u00f3n Penal com\u00fan cometidos por militares<\/li>\n<li style=\"font-weight: 400;\">Delitos denominados terroristas cometidos por personal uniformado<\/li>\n<li style=\"font-weight: 400;\">Delitos de competencia impropia<\/li>\n<li style=\"font-weight: 400;\">Tipos penales no definidos<\/li>\n<\/ol>\n<p style=\"font-weight: 400;\"><b><strong>CAP\u00cdTULO IV<\/strong><\/b><br \/>\n<b><strong>DE LA PENALIDAD<\/strong><\/b><\/p>\n<ol>\n<li style=\"font-weight: 400;\">La pena de muerte en la justicia militar<\/li>\n<li style=\"font-weight: 400;\">A) De los principios<br \/>\nB) La pena de muerte en leyes que tipificaban delitos de jurisdicci\u00f3n militar<br \/>\nC) La pena de muerte en el C\u00f3digo de Justicia Militar<\/li>\n<li style=\"font-weight: 400;\">De la penalidad exagerada<\/li>\n<li style=\"font-weight: 400;\">A) Los principios del Derecho Penal y los Derechos Humanos<br \/>\nB) Principios transgredidos con el objeto de aumentar la penalidad<br \/>\ni) Asimilaci\u00f3n total o parcial de las distintas etapas ejecutivas del delito, y de los distintos part\u00edcipes del delito<br \/>\nii) Sanci\u00f3n a los actos preparatorios y de proposici\u00f3n de delito<\/li>\n<li style=\"font-weight: 400;\">Delitos cuya penalidad aument\u00f3 desde septiembre de 1973<\/li>\n<li style=\"font-weight: 400;\">A) Art\u00edculo 284 del C\u00f3digo de Justicia Militar<br \/>\nB) Art\u00edculos 318 y 320 del C\u00f3digo de Justicia Militar<br \/>\nC) Art\u00edculo 333 del C\u00f3digo de Justicia Militar<br \/>\nD) Art\u00edculos de la Ley de Reclutamiento<br \/>\nE) Art\u00edculos 8, 9, 10, 11,12 y 13 de la Ley de Control de Armas<br \/>\nF) Art\u00edculos 4, 5a), 5b), 6, 11 y 12 de la Ley de Seguridad del Estado, en tiempo de guerra<\/li>\n<li style=\"font-weight: 400;\">Delitos creados con posterioridad a septiembre de 1973<\/li>\n<li style=\"font-weight: 400;\">A) Art\u00edculo 282 bis del C\u00f3digo de Justicia Militar<br \/>\nB) Art\u00edculo 416 bis del C\u00f3digo de Justicia Militar<\/li>\n<\/ol>\n<p style=\"font-weight: 400;\"><b><strong>CAP\u00cdTULO V<\/strong><\/b><br \/>\n<b><strong>DEL PROCEDIMIENTO<\/strong><\/b><\/p>\n<ol>\n<li style=\"font-weight: 400;\">Principios<\/li>\n<li style=\"font-weight: 400;\">Superintendencia directiva, correccional y econ\u00f3mica de la Corte Suprema<\/li>\n<li style=\"font-weight: 400;\">Extensi\u00f3n de Fuero Militar<\/li>\n<li style=\"font-weight: 400;\">Creaci\u00f3n de un Ministerio P\u00fablico Militar<\/li>\n<li style=\"font-weight: 400;\">Fiscal\u00edas militares \u201cad hoc\u201d: Jueces Instructores Designados<\/li>\n<li style=\"font-weight: 400;\">A) Derecho a ser juzgado por un tribunal instalado con anterioridad al hecho delictivo<br \/>\nB) Derecho al debido proceso<br \/>\nC) Derecho a un tribunal competente<br \/>\nD) Elemento territorio en las fiscal\u00edas militares ad hoc<\/li>\n<li style=\"font-weight: 400;\">Aspectos procedimentales propiamente tales<\/li>\n<li style=\"font-weight: 400;\">A) Primeras diligencias del sumario practicadas por un tribunal criminal en recintos militares o policiales: Deben ser llevadas a cabo por un tribunal militar<br \/>\nB) Ampliaci\u00f3n del concepto \u201crecinto militar\u201d: Aumenta considerablemente el campo de la justicia militar<br \/>\nC) Discernimiento: Si se trata de un menor militar, este es pronunciado por el tribunal militar<br \/>\nD) Rebeld\u00edas: Se elimina sanci\u00f3n al oficial de Ej\u00e9rcito declarado judicialmente rebelde<br \/>\nE) Exenci\u00f3n a concurrir a declarar a un tribunal: Se ampl\u00eda a los Generales en Retiro<br \/>\nF) Obligaci\u00f3n de concurrir a declarar a un tribunal: Situaci\u00f3n absurda y de privilegio para los miembros de las Fuerzas Armadas<br \/>\nG) Eximentes de responsabilidad penal: Creaci\u00f3n de nuevas eximentes para militares<br \/>\nH) Sentencia: Se elimina plazo de dictaci\u00f3n<br \/>\nI) Consulta: Se establece este tr\u00e1mite en casos de sentencias dictadas contra la opini\u00f3n del Auditor<br \/>\nJ) Corte Marcial: Integraci\u00f3n con miembros militares en servicio activo, afectando el car\u00e1cter inamovible que se requiere para tal funci\u00f3n<br \/>\nK) Lugar donde debe hacerse efectiva la privaci\u00f3n de libertad<br \/>\nL) A modo de s\u00edntesis<\/li>\n<\/ol>\n<p style=\"font-weight: 400;\">Actualizaci\u00f3n 2024<br \/>\nComentario final actualizado<\/p>\n<p style=\"font-weight: 400;\"><b><strong>CAP\u00cdTULO DE CONCLUSIONES<\/strong><\/b><\/p>\n<ol>\n<li style=\"font-weight: 400;\">Justicia militar y R\u00e9gimen Pol\u00edtico<\/li>\n<li style=\"font-weight: 400;\">Justicia militar y el debido proceso<\/li>\n<li style=\"font-weight: 400;\">Justicia militar e igualdad ante la ley<br \/>\nActualizaci\u00f3n 2024<\/li>\n<li style=\"font-weight: 400;\">La readecuaci\u00f3n de la justicia militar<\/li>\n<li style=\"font-weight: 400;\">La necesaria profundizaci\u00f3n de la Reforma<br \/>\nActualizaci\u00f3n 2024<br \/>\nb.1. Reformar la jurisdicci\u00f3n castrense para asegurar el respeto a la garant\u00eda constitucional de ser juzgado por un tribunal independiente<br \/>\nb.2. Propiciar la revisi\u00f3n de las normas procesales del C\u00f3digo de Justicia Militar de manera de asegurar el respeto a la garant\u00eda constitucional del Debido Proceso<\/li>\n<li style=\"font-weight: 400;\">Fuero militar y modernidad<\/li>\n<li style=\"font-weight: 400;\">El ombudsman militar<\/li>\n<li style=\"font-weight: 400;\">Justicia igual para todos<\/li>\n<li style=\"font-weight: 400;\">Hacia un nuevo sistema procesal militar penal<\/li>\n<\/ol>\n<p style=\"font-weight: 400;\"><b><strong>EP\u00cdLOGO<\/strong><\/b><\/p>\n<p>Actualizaci\u00f3n 2024<\/p>\n","protected":false},"excerpt":{"rendered":"<p>Buscas un libro Jur\u00eddico.? Lo puedes encontrar en nuestra tienda virtual.<br \/>\nContamos con prestigiosos autores y muchas alternativas en sus diferentes materias al igual que grandes descuentos.! Vis\u00edtanos en <a class=\"wsMvqdsCQwHMdXuvCLlSAkmVYButhGSUc \" tabindex=\"0\" href=\"https:\/\/lnkd.in\/eiAG7jdZ\" target=\"_blank\" rel=\"noopener\" data-test-app-aware-link=\"\">https:\/\/lnkd.in\/eiAG7jdZ<\/a><br \/>\nEscr\u00edbenos al +56930565235 \/ <a class=\"wsMvqdsCQwHMdXuvCLlSAkmVYButhGSUc \" tabindex=\"0\" href=\"mailto:ventaslegallexglobal@gmail.com\" target=\"_self\" data-test-app-aware-link=\"\">ventaslegallexglobal@gmail.com<\/a><br \/>\nHacemos env\u00edos a todo Chile \u2013 Starken o Correos Chile \/ Te esperamos<\/p>\n","protected":false},"featured_media":2346,"comment_status":"open","ping_status":"closed","template":"","meta":{"inline_featured_image":false,"_joinchat":[]},"product_brand":[],"product_cat":[45,27,33,26,39],"product_tag":[],"class_list":{"0":"post-2294","1":"product","2":"type-product","3":"status-publish","4":"has-post-thumbnail","6":"product_cat-administrativo","7":"product_cat-civil","8":"product_cat-constitucional","9":"product_cat-derecho","10":"product_cat-procesal-civil","12":"first","13":"instock","14":"shipping-taxable","15":"purchasable","16":"product-type-simple"},"_links":{"self":[{"href":"https:\/\/bibliotecajuridicavirtual.cl\/index.php\/wp-json\/wp\/v2\/product\/2294","targetHints":{"allow":["GET"]}}],"collection":[{"href":"https:\/\/bibliotecajuridicavirtual.cl\/index.php\/wp-json\/wp\/v2\/product"}],"about":[{"href":"https:\/\/bibliotecajuridicavirtual.cl\/index.php\/wp-json\/wp\/v2\/types\/product"}],"replies":[{"embeddable":true,"href":"https:\/\/bibliotecajuridicavirtual.cl\/index.php\/wp-json\/wp\/v2\/comments?post=2294"}],"wp:featuredmedia":[{"embeddable":true,"href":"https:\/\/bibliotecajuridicavirtual.cl\/index.php\/wp-json\/wp\/v2\/media\/2346"}],"wp:attachment":[{"href":"https:\/\/bibliotecajuridicavirtual.cl\/index.php\/wp-json\/wp\/v2\/media?parent=2294"}],"wp:term":[{"taxonomy":"product_brand","embeddable":true,"href":"https:\/\/bibliotecajuridicavirtual.cl\/index.php\/wp-json\/wp\/v2\/product_brand?post=2294"},{"taxonomy":"product_cat","embeddable":true,"href":"https:\/\/bibliotecajuridicavirtual.cl\/index.php\/wp-json\/wp\/v2\/product_cat?post=2294"},{"taxonomy":"product_tag","embeddable":true,"href":"https:\/\/bibliotecajuridicavirtual.cl\/index.php\/wp-json\/wp\/v2\/product_tag?post=2294"}],"curies":[{"name":"wp","href":"https:\/\/api.w.org\/{rel}","templated":true}]}}