{"id":2319,"date":"2026-02-28T01:00:39","date_gmt":"2026-02-28T04:00:39","guid":{"rendered":"https:\/\/bibliotecajuridicavirtual.cl\/?post_type=product&#038;p=2319"},"modified":"2026-02-28T01:00:48","modified_gmt":"2026-02-28T04:00:48","slug":"la-accion-de-amparo-en-el-proceso-penal-chileno-rodrigo-rios-alvarez-1-edicion-actualizada-ano-2025-244-paginas","status":"publish","type":"product","link":"https:\/\/bibliotecajuridicavirtual.cl\/index.php\/product\/la-accion-de-amparo-en-el-proceso-penal-chileno-rodrigo-rios-alvarez-1-edicion-actualizada-ano-2025-244-paginas\/","title":{"rendered":"La Acci\u00f3n de Amparo en el Proceso Penal Chileno * Rodrigo R\u00edos \u00c1lvarez &#8211; 1\u00b0 edici\u00f3n actualizada a\u00f1o 2025 &#8211; 244 P\u00e1ginas."},"content":{"rendered":"<p>Esta obra corresponde a la segunda edicio\u0301n del libro originalmente publicado en 2018 bajo el ti\u0301tulo La accio\u0301n de amparo. Proceso penal y materia migratoria. Esta nueva edicio\u0301n aborda exclusivamente la accio\u0301n de amparo en el contexto del proceso penal chileno, con un enfoque normativo y jurisprudencial actualizado.<\/p>\n<p>El libro refleja los cambios ma\u0301s significativos en la jurisprudencia de las cortes de apelaciones y la Corte Suprema, analizando temas fundamentales como la detencio\u0301n, la prisio\u0301n preventiva, el acceso a la justicia y la imparcialidad judicial. A trave\u0301s de tres capi\u0301tulos, se presenta un enfoque sistema\u0301tico que abarca desde el ana\u0301lisis normativo de la accio\u0301n de amparo constitucional y legal hasta la revisio\u0301n de jurisprudencia relevante de los tribunales superiores de justicia.<\/p>\n<p>Esta obra integra teori\u0301a y pra\u0301ctica, proporcionando un ana\u0301lisis claro y profundo sobre el uso del amparo como herramienta de tutela efectiva frente a decisiones ilegales o arbitrarias. Esto la convierte en una gui\u0301a imprescindible para litigantes, jueces, acade\u0301micos y cualquier interesado en el derecho procesal penal chileno, ofreciendo herramientas anali\u0301ticas renovadas para enfrentar los desafi\u0301os actuales en torno a la accio\u0301n de amparo.<\/p>\n<p>&nbsp;<\/p>\n","protected":false},"excerpt":{"rendered":"<p>Buscas un libro Jur\u00eddico.? Lo puedes encontrar en nuestra tienda virtual.<br \/>\nContamos con prestigiosos autores y muchas alternativas en sus diferentes materias al igual que grandes descuentos.! Vis\u00edtanos en <a class=\"wsMvqdsCQwHMdXuvCLlSAkmVYButhGSUc \" tabindex=\"0\" href=\"https:\/\/lnkd.in\/eiAG7jdZ\" target=\"_blank\" rel=\"noopener\" data-test-app-aware-link=\"\">https:\/\/lnkd.in\/eiAG7jdZ<\/a><br \/>\nEscr\u00edbenos al +56930565235 \/ <a class=\"wsMvqdsCQwHMdXuvCLlSAkmVYButhGSUc \" tabindex=\"0\" href=\"mailto:ventaslegallexglobal@gmail.com\" target=\"_self\" data-test-app-aware-link=\"\">ventaslegallexglobal@gmail.com<\/a><br \/>\nHacemos env\u00edos a todo Chile \u2013 Starken o Correos Chile \/ Te esperamos<\/p>\n","protected":false},"featured_media":2349,"comment_status":"open","ping_status":"closed","template":"","meta":{"inline_featured_image":false,"_joinchat":[]},"product_brand":[],"product_cat":[26,34],"product_tag":[],"class_list":{"0":"post-2319","1":"product","2":"type-product","3":"status-publish","4":"has-post-thumbnail","6":"product_cat-derecho","7":"product_cat-procesal-penal","9":"first","10":"instock","11":"shipping-taxable","12":"purchasable","13":"product-type-simple"},"_links":{"self":[{"href":"https:\/\/bibliotecajuridicavirtual.cl\/index.php\/wp-json\/wp\/v2\/product\/2319","targetHints":{"allow":["GET"]}}],"collection":[{"href":"https:\/\/bibliotecajuridicavirtual.cl\/index.php\/wp-json\/wp\/v2\/product"}],"about":[{"href":"https:\/\/bibliotecajuridicavirtual.cl\/index.php\/wp-json\/wp\/v2\/types\/product"}],"replies":[{"embeddable":true,"href":"https:\/\/bibliotecajuridicavirtual.cl\/index.php\/wp-json\/wp\/v2\/comments?post=2319"}],"wp:featuredmedia":[{"embeddable":true,"href":"https:\/\/bibliotecajuridicavirtual.cl\/index.php\/wp-json\/wp\/v2\/media\/2349"}],"wp:attachment":[{"href":"https:\/\/bibliotecajuridicavirtual.cl\/index.php\/wp-json\/wp\/v2\/media?parent=2319"}],"wp:term":[{"taxonomy":"product_brand","embeddable":true,"href":"https:\/\/bibliotecajuridicavirtual.cl\/index.php\/wp-json\/wp\/v2\/product_brand?post=2319"},{"taxonomy":"product_cat","embeddable":true,"href":"https:\/\/bibliotecajuridicavirtual.cl\/index.php\/wp-json\/wp\/v2\/product_cat?post=2319"},{"taxonomy":"product_tag","embeddable":true,"href":"https:\/\/bibliotecajuridicavirtual.cl\/index.php\/wp-json\/wp\/v2\/product_tag?post=2319"}],"curies":[{"name":"wp","href":"https:\/\/api.w.org\/{rel}","templated":true}]}}