{"id":2320,"date":"2026-02-28T01:00:39","date_gmt":"2026-02-28T04:00:39","guid":{"rendered":"https:\/\/bibliotecajuridicavirtual.cl\/?post_type=product&#038;p=2320"},"modified":"2026-02-28T01:00:49","modified_gmt":"2026-02-28T04:00:49","slug":"compliance-ambiental-riesgos-y-controles-ivan-hunter-ampuero-mayo-2025-414-paginas","status":"publish","type":"product","link":"https:\/\/bibliotecajuridicavirtual.cl\/index.php\/product\/compliance-ambiental-riesgos-y-controles-ivan-hunter-ampuero-mayo-2025-414-paginas\/","title":{"rendered":"Compliance Ambiental: Riesgos y Controles * Iv\u00e1n Hunter Ampuero &#8211; Mayo 2025 * 414 P\u00e1ginas."},"content":{"rendered":"<p style=\"font-weight: 400;\">Este libro constituye el primer esfuerzo sistema\u0301tico orientado exclusivamente al estudio del compliance ambiental en Chile. Su propo\u0301sito es ofrecer una visio\u0301n general, actualizada y accesible de la regulacio\u0301n ambiental vigente, considerando que su conocimiento y cumplimiento son esenciales para el funcionamiento responsable y sostenible de cualquier actividad empresarial.<\/p>\n<p style=\"font-weight: 400;\">En un contexto donde la Ley N\u00b0 21.595, sobre delitos econo\u0301micos y atentados contra el medio ambiente, y su articulacio\u0301n con la potestad administrativa han reforzado la necesidad de establecer mecanismos de control interno eficaces, este texto se presenta como una herramienta clave para comprender las lo\u0301gicas regulatorias que estructuran la institucionalidad ambiental. En e\u0301l, se analizan los principales instrumentos de gestio\u0301n ambiental, sus fundamentos, caracteri\u0301sticas y a\u0301mbitos de aplicacio\u0301n, asi\u0301 como los regi\u0301menes sancionatorios aplicables ante su incumplimiento.<\/p>\n<p style=\"font-weight: 400;\">En otras palabras, gestionar adecuadamente los riesgos ambientales dentro de una unidad productiva requiere conocer no solo las obligaciones legales, sino tambie\u0301n las dina\u0301micas propias del sector. Este libro entrega una base so\u0301lida para avanzar en ese conocimiento y contribuir, desde la pra\u0301ctica empresarial, al fortalecimiento de una cultura de cumplimiento ambiental.<\/p>\n<p style=\"font-weight: 400;\"><b><strong>CAP\u00cdTULO I<\/strong><\/b><br \/>\n<b><strong>MARCO LEGAL DEL DERECHO AMBIENTAL EN CHILE Y LA EMPRESA<\/strong><\/b><\/p>\n<ol>\n<li style=\"font-weight: 400;\">Importancia del cumplimiento de las normas ambientales en la empresa<\/li>\n<li style=\"font-weight: 400;\">La empresa y las bases constitucionales del medio ambiente<\/li>\n<li style=\"font-weight: 400;\">Normas que configuran la institucionalidad ambiental<\/li>\n<li style=\"font-weight: 400;\">Instrumentos de gesti\u00f3n ambiental<br \/>\n4.1. Instrumentos de gesti\u00f3n ambiental en la ley N\u00b0 19.300<br \/>\n4.2. Jurisprudencia relevante sobre instrumentos de gesti\u00f3n ambiental<\/li>\n<\/ol>\n<p style=\"font-weight: 400;\"><b><strong>CAP\u00cdTULO II<\/strong><\/b><br \/>\n<b><strong>INSTITUCIONALIDAD AMBIENTAL<\/strong><\/b><\/p>\n<ol>\n<li style=\"font-weight: 400;\">Ministerio del Medio Ambiente<br \/>\n1.1. Secretar\u00edas regionales ministeriales<br \/>\n1.2. Consejo Nacional y Regional para la Sustentabilidad y el Cambio Clim\u00e1tico<br \/>\n1.3. Consejo de Ministros para la Sustentabilidad y el Cambio Clim\u00e1tico<\/li>\n<li style=\"font-weight: 400;\">Servicio de Evaluaci\u00f3n Ambiental<br \/>\n2.1. Organizaci\u00f3n<br \/>\n2.2. Funciones del director ejecutivo<br \/>\n2.3. Funciones del Sistema de Evaluaci\u00f3n de Impacto Ambiental<br \/>\n3. Superintendencia del Medio Ambiente<br \/>\n3.1. Estructura y autoridad<br \/>\n3.2. Funciones y atribuciones de la Superintendencia del Medio Ambiente<\/li>\n<li style=\"font-weight: 400;\">Servicio de Biodiversidad y \u00c1reas Protegidas<br \/>\n4.1. Introducci\u00f3n<br \/>\n4.2. Funciones y atribuciones del Sistema Nacional de \u00c1reas Protegidas<br \/>\n4.3. Fiscalizaci\u00f3n: instrumentos y potestades<br \/>\n4.4. Organizaci\u00f3n<\/li>\n<li style=\"font-weight: 400;\">Servicios p\u00fablicos con competencia ambiental<br \/>\n5.1. Introducci\u00f3n<\/li>\n<\/ol>\n<p style=\"font-weight: 400;\">5.2. Funciones y competencias generales<\/p>\n<ol start=\"6\">\n<li style=\"font-weight: 400;\">Institucionalidad y compliance<\/li>\n<\/ol>\n<p style=\"font-weight: 400;\"><b><strong>CAP\u00cdTULO III<\/strong><\/b><br \/>\n<b><strong>LA EMPRESA Y LOS INSTRUMENTOS DE GESTI\u00d3N AMBIENTAL<\/strong><\/b><\/p>\n<ol>\n<li style=\"font-weight: 400;\">Sistema de evaluaci\u00f3n de impacto ambiental<br \/>\n1.1. Caracter\u00edsticas<br \/>\n1.2. Impactos y riesgos ambientales<br \/>\n1.3. Actividades sometidas a evaluaci\u00f3n<br \/>\n1.4. Tipos de proyectos sometidos a evaluaci\u00f3n ambiental<br \/>\n1.5. Formas de ingreso al Sistema de Evaluaci\u00f3n de Impacto Ambiental: declaraci\u00f3n o estudio de impacto ambiental<br \/>\n1.6. Modificaciones de proyectos y evaluaci\u00f3n ambiental<br \/>\n1.7. Elusi\u00f3n al Sistema de Evaluaci\u00f3n de Impacto Ambiental y fraccionamiento de proyectos<br \/>\n1.8. Consulta de pertinencia: concepto, regulaci\u00f3n y efectos<br \/>\n1.9. Calificaci\u00f3n ambiental del proyecto: etapa de decisi\u00f3n<br \/>\n1.10. Cumplimiento de la resoluci\u00f3n de calificaci\u00f3n ambiental<br \/>\n1.11. Interpretaci\u00f3n de la resoluci\u00f3n de calificaci\u00f3n ambiental<br \/>\n1.12. Fiscalizaci\u00f3n<br \/>\n1.13. Caducidad de la resoluci\u00f3n de calificaci\u00f3n ambiental<br \/>\n1.14. Revisi\u00f3n de la resoluci\u00f3n de calificaci\u00f3n ambiental<br \/>\n1.15. Impugnaci\u00f3n administrativa de la resoluci\u00f3n de calificaci\u00f3n ambiental<br \/>\n1.16. Plan de prevenci\u00f3n de contingencias y emergencias<br \/>\n1.17. Plan de seguimiento de las variables ambientales<br \/>\n1.18. Plan de medidas de mitigaci\u00f3n, reparaci\u00f3n y compensaci\u00f3n ambiental<br \/>\n1.19. Servicio de Evaluaci\u00f3n Ambiental como ventanilla \u00fanica<br \/>\n1.20. Gu\u00edas de tr\u00e1mite para permisos ambientales sectoriales<br \/>\n1.21. Informaci\u00f3n a la Superintendencia de Medio Ambiente<\/li>\n<li style=\"font-weight: 400;\">Participaci\u00f3n ciudadana en las decisiones ambientales<br \/>\n2.1. Fundamentaci\u00f3n y origen<br \/>\n2.2. Dimensiones de la participaci\u00f3n ciudadana<br \/>\n2.3. Componentes de la participaci\u00f3n p\u00fablica<br \/>\n2.4. Instrumentos de participaci\u00f3n en Chile<br \/>\n2.5. Beneficios y retos de la participaci\u00f3n ciudadana<br \/>\n2.6. Participaci\u00f3n de la comunidad en el procedimiento de evaluaci\u00f3n ambiental<\/li>\n<li style=\"font-weight: 400;\">Consulta Ind\u00edgena<br \/>\n3.1. Regulaci\u00f3n de la consulta ind\u00edgena<br \/>\n3.2. Participaci\u00f3n ciudadana y consulta ind\u00edgena en el Sistema de Evaluaci\u00f3n de Impacto Ambiental<\/li>\n<li style=\"font-weight: 400;\">Normas ambientales<br \/>\n4.1. Tipos de normas ambientales<br \/>\n4.2. Relaci\u00f3n entre normas, contaminantes y contaminaci\u00f3n<br \/>\n4.3. Normas de calidad ambiental primarias y secundarias<br \/>\n4.4. Normas de emisi\u00f3n<br \/>\n4.5. Procedimiento com\u00fan de elaboraci\u00f3n y revisi\u00f3n de normas de emisi\u00f3n y de calidad ambiental<\/li>\n<li style=\"font-weight: 400;\">Declaraci\u00f3n de zona saturada o latente<br \/>\n5.1. Concepto, contenido y fundamento de la declaratoria<br \/>\n5.2. Efectos de la declaraci\u00f3n<br \/>\n5.3. Extinci\u00f3n de la declaratoria<\/li>\n<li style=\"font-weight: 400;\">Planes de prevenci\u00f3n y descontaminaci\u00f3n<br \/>\n6.1. Concepto<\/li>\n<\/ol>\n<p style=\"font-weight: 400;\">6.2. Elaboraci\u00f3n<br \/>\n6.3. Contenido<br \/>\n6.4. Instrumentos de gesti\u00f3n ambiental espec\u00edficos<br \/>\n6.5. Fiscalizaci\u00f3n y cumplimiento<br \/>\n6.6. Revisi\u00f3n de los planes<br \/>\n6.7. Interpretaci\u00f3n administrativa<\/p>\n<ol start=\"7\">\n<li style=\"font-weight: 400;\">Instrumentos de gesti\u00f3n de la biodiversidad<br \/>\n7.1. Introducci\u00f3n general<br \/>\n7.2. Instrumentos de conservaci\u00f3n de la biodiversidad<br \/>\n7.3. Informes sobre el estado de la biodiversidad<br \/>\n7.4. Planificaci\u00f3n para la conservaci\u00f3n de la biodiversidad<\/li>\n<li style=\"font-weight: 400;\">Instrumentos para la conservaci\u00f3n de ecosistemas<br \/>\n8.1. Clasificaci\u00f3n de ecosistemas seg\u00fan estado de conservaci\u00f3n<br \/>\n8.2. Planes de manejo para ecosistemas amenazados<br \/>\n8.3. Declaraci\u00f3n de \u00e1reas degradadas<br \/>\n8.4. Planes de restauraci\u00f3n ecol\u00f3gica<br \/>\n8.5. Apoyo t\u00e9cnico a iniciativas privadas de conservaci\u00f3n marina<br \/>\n8.6. Reconocimiento de paisajes de conservaci\u00f3n<br \/>\n8.7. Humedales de importancia internacional<br \/>\n8.8. Compensaciones de biodiversidad<\/li>\n<li style=\"font-weight: 400;\">Instrumentos para la protecci\u00f3n y manejo sustentable de humedales<br \/>\n9.1. Inventario de humedales<br \/>\n9.2. Criterios para el uso sustentable de humedales<br \/>\n9.3. Prohibici\u00f3n y permiso para alteraci\u00f3n f\u00edsica de humedales<\/li>\n<li style=\"font-weight: 400;\">Instrumentos para la conservaci\u00f3n de especies y su variabilidad gen\u00e9tica<br \/>\n10.1. Planes de recuperaci\u00f3n, conservaci\u00f3n y gesti\u00f3n de especies<br \/>\n10.2. Monumentos naturales para la protecci\u00f3n de especies<br \/>\n10.3. Prevenci\u00f3n, control y erradicaci\u00f3n de especies ex\u00f3ticas invasoras<\/li>\n<li style=\"font-weight: 400;\">Instrumentos econ\u00f3micos de conservaci\u00f3n de la biodiversidad<br \/>\n11.1. Pr\u00e1cticas sustentables<br \/>\n11.2. Sistema de Certificaci\u00f3n de Biodiversidad y Servicios Ecosist\u00e9micos<br \/>\n11.3. Contratos de retribuci\u00f3n por servicios ecosist\u00e9micos<br \/>\n11.4. Fondo Nacional de la Biodiversidad<\/li>\n<li style=\"font-weight: 400;\">Sistema nacional de \u00e1reas protegidas<br \/>\n12.1. Objetivos del Sistema Nacional de \u00c1reas Protegidas<br \/>\n12.2. Gesti\u00f3n del Sistema Nacional de \u00c1reas Protegidas<br \/>\n12.3. Categor\u00edas de \u00e1reas protegidas<br \/>\n12.4. Proyectos o actividades en \u00e1reas protegidas<br \/>\n12.5. Creaci\u00f3n de \u00e1reas protegidas del Estado12.6. Administraci\u00f3n de las \u00e1reas protegidas<br \/>\n12.7. Planes de manejo de \u00e1reas protegidas<br \/>\n12.8. Concesiones en \u00e1reas protegidas del Estado seg\u00fan la Ley N\u00b0 21.600<br \/>\n12.9. \u00c1reas protegidas privadas.<br \/>\n12.10. Disposiciones comunes a las \u00e1reas protegidas<br \/>\n12.11. R\u00e9gimen transitorio de las \u00e1reas protegidas<\/li>\n<li style=\"font-weight: 400;\">Residuos y gesti\u00f3n de residuos<br \/>\n13.1. Concepto de residuos<br \/>\n13.2. Clasificaci\u00f3n de los residuos<br \/>\n13.3. Operaciones de manejo de residuos<br \/>\n13.4. Ley Marco de Gesti\u00f3n de Residuos<br \/>\n13.5. De la gesti\u00f3n de los residuos<br \/>\n13.6. Responsabilidad extendida del productor<br \/>\n13.7. Sistema de informaci\u00f3n<\/li>\n<li style=\"font-weight: 400;\">Humedales urbanos<br \/>\n14.1. Criterios de delimitaci\u00f3n de los humedales urbanos<br \/>\n14.2. Procedimiento de declaraci\u00f3n de humedales urbanos: aspectos comunes<br \/>\n14.3. Procedimiento de reconocimiento de humedales urbanos por solicitud de uno o m\u00e1s municipios<br \/>\n14.4. Procedimiento de reconocimiento de humedales urbanos de oficio por el Ministerio del Medio Ambiente<br \/>\n14.5. Ordenanzas y criterios de resguardo ecol\u00f3gico, h\u00eddrico y de uso racional de humedales urbanos<\/li>\n<li style=\"font-weight: 400;\">Instrumentos de gesti\u00f3n clim\u00e1tica<br \/>\n15.1. Principios de la Ley N\u00b0 21.455<br \/>\n15.2. Instrumentos de gesti\u00f3n clim\u00e1tica15.3. Normas de emisi\u00f3n de gases de efecto invernadero<br \/>\n15.4. Proyectos de reducci\u00f3n de gases de efecto invernadero<\/li>\n<\/ol>\n<p style=\"font-weight: 400;\"><b><strong>CAP\u00cdTULO IV<\/strong><\/b><br \/>\n<b><strong>LA EMPRESA E INCUMPLIMIENTO NORMATIVO, INFRACCIONES, SANCIONES E INCENTIVOS AL CUMPLIMIENTO<\/strong><\/b><\/p>\n<ol>\n<li style=\"font-weight: 400;\">Reg\u00edmenes sancionadores<\/li>\n<li style=\"font-weight: 400;\">Potestad sancionadora de la superintendencia del medio ambiente<\/li>\n<li style=\"font-weight: 400;\">Modelo sancionador<br \/>\n3.1. Exclusividad de la potestad sancionadora<br \/>\n3.2. Reglas de prevenci\u00f3n y abstenci\u00f3n<br \/>\n3.3. Amplitud de la potestad sancionadora<\/li>\n<li style=\"font-weight: 400;\">Infracciones administrativas ambientales<\/li>\n<li style=\"font-weight: 400;\">Configuraci\u00f3n y clasificaci\u00f3n de la gravedad de las infracciones ambientales<br \/>\n5.1. Configuraci\u00f3n de la infracci\u00f3n<\/li>\n<\/ol>\n<p style=\"font-weight: 400;\">5.2. Clasificaci\u00f3n de la gravedad de las infracciones<\/p>\n<ol start=\"6\">\n<li style=\"font-weight: 400;\">Determinaci\u00f3n de las sanciones administrativas ambientales<br \/>\n6.1. Tipos de sanciones ambientales<br \/>\n6.2. Aplicaci\u00f3n seg\u00fan la gravedad de la infracci\u00f3n<br \/>\n6.3. Criterios para la determinaci\u00f3n de la sanci\u00f3n espec\u00edfica<br \/>\n6.4. Justificaci\u00f3n y proporcionalidad en la imposici\u00f3n de sanciones<br \/>\n6.5. Determinaci\u00f3n de la sanci\u00f3n espec\u00edfica<\/li>\n<li style=\"font-weight: 400;\">Prescripci\u00f3n y cumplimiento de sanciones ambientales<br \/>\n7.1. Prescripci\u00f3n de las infracciones y sanciones<br \/>\n7.2. Responsabilidad y cumplimiento de las sanciones<\/li>\n<li style=\"font-weight: 400;\">Procedimiento administrativo sancionador seg\u00fan la LOSMA<br \/>\n8.1. Cuestiones generales y regulaci\u00f3n<br \/>\n8.2. Etapa de preinstrucci\u00f3n<br \/>\n8.3. Iniciaci\u00f3n del procedimiento sancionador<br \/>\n8.4. Etapa de instrucci\u00f3n<br \/>\n8.5. Decisi\u00f3n terminal<br \/>\n8.6. Legalidad y oportunidad en las sanciones ambientales<\/li>\n<li style=\"font-weight: 400;\">Incentivos al cumplimiento en la superintendencia del medio ambiente<br \/>\n9.1. Tipos de incentivos al cumplimiento<br \/>\n9.2. Rol de la Superintendencia del Medio Ambiente<br \/>\n9.3. Jurisprudencia relevante sobre la asistencia de la Superintendencia del Medio Ambiente<br \/>\n9.4. Importancia y valoraci\u00f3n de los incentivos al cumplimiento9.5. Programas de cumplimiento<br \/>\n9.6. Programas de reparaci\u00f3n<br \/>\n9.7. Autodenuncia<br \/>\n9.8. Plan de correcci\u00f3n<\/li>\n<li style=\"font-weight: 400;\">Infracciones y sanciones del servicio de biodiversidad y \u00e1reas protegidas<br \/>\n10.1. Reglas sobre infracciones y prescripci\u00f3n<br \/>\n10.2. Las infracciones<br \/>\n10.3. Categor\u00edas de infracciones, sanciones y actos previos al procedimiento sancionatorio<br \/>\n10.4. Actos previos al procedimiento sancionador<br \/>\n10.5. Procedimiento sancionador<br \/>\n10.6. Registro p\u00fablico de sanciones<\/li>\n<li style=\"font-weight: 400;\">R\u00e9gimen sancionatorio de la ley N\u00b0 20.920<br \/>\n11.1. Infracciones y gravedad de las infracciones<br \/>\n11.2. Sanciones de la Ley N\u00b0 20.920<br \/>\n11.3. Responsabilidad civil y penal<\/li>\n<li style=\"font-weight: 400;\">R\u00e9gimen sancionatorio cambio clim\u00e1tico<\/li>\n<\/ol>\n<p style=\"font-weight: 400;\"><b><strong>CAP\u00cdTULO V<\/strong><\/b><br \/>\n<b><strong>CORRECCI\u00d3N DE LEGALIDAD Y MEDIDAS DE GESTI\u00d3N DE RIESGOS AMBIENTALES<\/strong><\/b><\/p>\n<ol>\n<li style=\"font-weight: 400;\">Medidas provisionales, urgentes y transitorias de la ley N\u00b0 20.417<br \/>\n1.1. Supuestos de aplicaci\u00f3n<br \/>\n1.2. Tipos de medidas urgentes y transitorias<br \/>\n1.3. Requisitos para adoptar medidas urgentes y transitorias<br \/>\n1.4. Interpretaci\u00f3n jurisprudencial<\/li>\n<li style=\"font-weight: 400;\">Medidas provisionales en la ley N\u00b0 20.417<br \/>\n2.1. Definici\u00f3n<\/li>\n<\/ol>\n<p style=\"font-weight: 400;\">2.2. Marco normativo<br \/>\n2.3. Caracter\u00edsticas<\/p>\n<ol start=\"3\">\n<li style=\"font-weight: 400;\">Medidas provisionales y correctivas en la ley N\u00b0 21.600<br \/>\n3.1. Medidas provisionales<br \/>\n3.2. Medidas correctivas<br \/>\n3.3. Subsanaci\u00f3n de disconformidades por incumplimientos menores<\/li>\n<\/ol>\n<p style=\"font-weight: 400;\"><b><strong>CAP\u00cdTULO VI<\/strong><\/b><br \/>\n<b><strong>DELITOS AMBIENTALES Y EMPRESA<\/strong><\/b><\/p>\n<ol>\n<li style=\"font-weight: 400;\">Introducci\u00f3n<\/li>\n<li style=\"font-weight: 400;\">Delitos ambientales como delitos econ\u00f3micos de segunda categor\u00eda<\/li>\n<li style=\"font-weight: 400;\">Delitos ambientales como delitos econ\u00f3micos de tercera categor\u00eda<\/li>\n<li style=\"font-weight: 400;\">Nuevos delitos penales ambientales<br \/>\n4.1. Delitos vinculados a la elusi\u00f3n al SEIA<br \/>\n4.2. Delitos vinculados a incumplimientos de ciertos instrumentos de gesti\u00f3n ambiental<br \/>\n4.3. Delitos vinculados a la extracci\u00f3n de aguas<br \/>\n4.4. Delitos que afectan gravemente algunos componentes ambientales o ecosistemas<br \/>\n4.5. Delitos que afectan gravemente componentes ambientales en algunas \u00e1reas protegidas<br \/>\n4.6. \u00bfQu\u00e9 se entiende por afectaci\u00f3n grave a los componentes ambientales?<\/li>\n<li style=\"font-weight: 400;\">Sanciones especiales para los delitos ambientales<br \/>\n5.1. Penas de multas adicionales a las privativas y restrictivas de liberad<br \/>\n5.2. Casos en que solo aplican penas de multas<br \/>\n5.3. Pena accesoria de prohibici\u00f3n de ingreso a \u00e1rea afectada<\/li>\n<li style=\"font-weight: 400;\">Atenuantes, agravantes y eximentes de responsabilidad<br \/>\n6.1. Circunstancia atenuante de reparaci\u00f3n del da\u00f1o ambiental<br \/>\n6.2. Circunstancia eximente de responsabilidad<\/li>\n<li style=\"font-weight: 400;\">Medidas ambientales para efectos penales<\/li>\n<li style=\"font-weight: 400;\">Delitos vinculados a la evaluaci\u00f3n ambiental, fraccionamiento, fiscalizaci\u00f3n y cumplimiento de sanciones y medidas provisionales<br \/>\n8.1. Delitos relacionados con la informaci\u00f3n en la evaluaci\u00f3n ambiental<br \/>\n8.2. Delito de fraccionamiento de proyecto<br \/>\n8.3. Presentaci\u00f3n falsa o incompleta de informaci\u00f3n<br \/>\n8.4. Delitos vinculados a la fiscalizaci\u00f3n, incumplimiento de sanciones y medidas<\/li>\n<\/ol>\n<p style=\"font-weight: 400;\"><b><strong>CAP\u00cdTULO VII<\/strong><\/b><br \/>\n<b><strong>TUTELA JUDICIAL AMBIENTAL<\/strong><\/b><\/p>\n<ol>\n<li style=\"font-weight: 400;\">Introducci\u00f3n<\/li>\n<li style=\"font-weight: 400;\">Organizaci\u00f3n de los tribunales<\/li>\n<li style=\"font-weight: 400;\">Competencia y legitimaci\u00f3n ante los tribunales ambientales<br \/>\n3.1. Competencia en la impugnaci\u00f3n de normas de emisi\u00f3n y normas de calidad primaria y secundaria<br \/>\n3.2. Competencia en la impugnaci\u00f3n de decretos que declaren zonas del territorio como latentes o saturadas y los que establezcan planes de prevenci\u00f3n o de descontaminaci\u00f3n<br \/>\n3.3. Competencia para obtener la reparaci\u00f3n del medio ambiente da\u00f1ado, en conformidad con lo dispuesto en el T\u00edtulo III de la Ley N\u00b0 19.300<br \/>\n3.4. Competencia para conocer de las reclamaciones en contra de las resoluciones de la Superintendencia del Medio Ambiente<br \/>\n3.5. Competencia para autorizar medidas provisionales, urgentes y transitorias y consultas de sanciones<br \/>\n3.6. Competencia para conocer de la reclamaci\u00f3n que se interponga en contra de la resoluci\u00f3n del Comit\u00e9 de Ministros o del director ejecutivo por resoluci\u00f3n de calificaci\u00f3n ambiental desfavorable o con condiciones<br \/>\n3.7. Competencia para conocer las reclamaciones cuando las observaciones ciudadanas no hubieren sido consideradas en el procedimiento de evaluaci\u00f3n ambiental<br \/>\n3.8. Competencia para conocer impugnaciones en contra de actos de ejecuci\u00f3n<br \/>\n3.9. Competencia para conocer del acto que resuelve un procedimiento administrativo de invalidaci\u00f3n en contra de un acto ambiental<br \/>\n3.10. Competencia en los dem\u00e1s asuntos que le encomienda la ley<\/li>\n<li style=\"font-weight: 400;\">Recurso de protecci\u00f3n en materia ambiental<br \/>\n4.1. Conductas que vulneran el derecho a vivir en un medio ambiente libre de contaminaci\u00f3n<br \/>\n4.2. Antijuridicidad de las conductas sometidas a control<br \/>\n4.3. Imputabilidad a un sujeto determinado<br \/>\n4.4. Afectaci\u00f3n al derecho a vivir en un medio ambiente libre de contaminaci\u00f3n<br \/>\n4.5. Legitimaci\u00f3n activa<br \/>\n4.6. Derecho indubitado<br \/>\n4.7. Plazo para interponer el recurso<br \/>\n4.8. Poderes de intervenci\u00f3n de la corte<br \/>\n4.9. Recurso protecci\u00f3n y tribunales ambientales<\/li>\n<\/ol>\n","protected":false},"excerpt":{"rendered":"<p>Buscas un libro Jur\u00eddico.? Lo puedes encontrar en nuestra tienda virtual.<br \/>\nContamos con prestigiosos autores y muchas alternativas en sus diferentes materias al igual que grandes descuentos.! Vis\u00edtanos en <a class=\"dGCAEBVXgkGQKLntuWxHvfKkpBSICAYQaUlZpU \" tabindex=\"0\" href=\"https:\/\/lnkd.in\/eiAG7jdZ\" target=\"_blank\" rel=\"noopener\" data-test-app-aware-link=\"\">https:\/\/lnkd.in\/eiAG7jdZ<\/a><br \/>\nEscr\u00edbenos al +56930565235 \/ <a class=\"dGCAEBVXgkGQKLntuWxHvfKkpBSICAYQaUlZpU \" tabindex=\"0\" href=\"mailto:ventaslegallexglobal@gmail.com\" target=\"_self\" data-test-app-aware-link=\"\">ventaslegallexglobal@gmail.com<\/a><br \/>\nHacemos env\u00edos a todo Chile \u2013 Starken o Correos Chile \/ Te esperamos<\/p>\n","protected":false},"featured_media":2350,"comment_status":"open","ping_status":"closed","template":"","meta":{"inline_featured_image":false,"_joinchat":[]},"product_brand":[],"product_cat":[45,27,26,30],"product_tag":[],"class_list":{"0":"post-2320","1":"product","2":"type-product","3":"status-publish","4":"has-post-thumbnail","6":"product_cat-administrativo","7":"product_cat-civil","8":"product_cat-derecho","9":"product_cat-penal","11":"first","12":"instock","13":"shipping-taxable","14":"purchasable","15":"product-type-simple"},"_links":{"self":[{"href":"https:\/\/bibliotecajuridicavirtual.cl\/index.php\/wp-json\/wp\/v2\/product\/2320","targetHints":{"allow":["GET"]}}],"collection":[{"href":"https:\/\/bibliotecajuridicavirtual.cl\/index.php\/wp-json\/wp\/v2\/product"}],"about":[{"href":"https:\/\/bibliotecajuridicavirtual.cl\/index.php\/wp-json\/wp\/v2\/types\/product"}],"replies":[{"embeddable":true,"href":"https:\/\/bibliotecajuridicavirtual.cl\/index.php\/wp-json\/wp\/v2\/comments?post=2320"}],"wp:featuredmedia":[{"embeddable":true,"href":"https:\/\/bibliotecajuridicavirtual.cl\/index.php\/wp-json\/wp\/v2\/media\/2350"}],"wp:attachment":[{"href":"https:\/\/bibliotecajuridicavirtual.cl\/index.php\/wp-json\/wp\/v2\/media?parent=2320"}],"wp:term":[{"taxonomy":"product_brand","embeddable":true,"href":"https:\/\/bibliotecajuridicavirtual.cl\/index.php\/wp-json\/wp\/v2\/product_brand?post=2320"},{"taxonomy":"product_cat","embeddable":true,"href":"https:\/\/bibliotecajuridicavirtual.cl\/index.php\/wp-json\/wp\/v2\/product_cat?post=2320"},{"taxonomy":"product_tag","embeddable":true,"href":"https:\/\/bibliotecajuridicavirtual.cl\/index.php\/wp-json\/wp\/v2\/product_tag?post=2320"}],"curies":[{"name":"wp","href":"https:\/\/api.w.org\/{rel}","templated":true}]}}