{"id":2322,"date":"2026-02-28T01:00:39","date_gmt":"2026-02-28T04:00:39","guid":{"rendered":"https:\/\/bibliotecajuridicavirtual.cl\/?post_type=product&#038;p=2322"},"modified":"2026-02-28T01:00:54","modified_gmt":"2026-02-28T04:00:54","slug":"doctrinas-seleccionadas-de-la-revista-de-derecho-ambiental-de-la-universidad-de-chile-3-tomos-jorge-ossandon-rosales-2025-reservas","status":"publish","type":"product","link":"https:\/\/bibliotecajuridicavirtual.cl\/index.php\/product\/doctrinas-seleccionadas-de-la-revista-de-derecho-ambiental-de-la-universidad-de-chile-3-tomos-jorge-ossandon-rosales-2025-reservas\/","title":{"rendered":"Doctrinas Seleccionadas de la Revista de Derecho Ambiental de la Universidad de Chile * 3 Tomos * Jorge Ossand\u00f3n Rosales, 2025 (RESERVAS)"},"content":{"rendered":"<p><strong><u>25 a\u00f1os del Centro de Derecho Ambiental<\/u><\/strong><\/p>\n<p>Un cuarto de siglo no pasa en vano. En 2025 el Centro Derecho Ambiental de la Facultad de Derecho de la Universidad de Chile cumple 25 a\u00f1os, y que mejor forma de celebrarlo que mediante la publicaci\u00f3n de la doctrina seleccionada que a lo largo de los a\u00f1os ha sido publicada en la Revista de Derecho Ambiental.<\/p>\n<p>Recordemos que el Centro de Derecho Ambiental (CDA) fue creado mediante acuerdo del Consejo de la Facultad de Derecho el 23 de septiembre de 1999, y su creaci\u00f3n fue ratificada por el Decreto Exento N\u00b0 5470 de la Rector\u00eda de la Universidad de Chile el 24 de abril del a\u00f1o 2000.<\/p>\n<p>Este centro acad\u00e9mico se constituy\u00f3 con el objetivo de ser el principal espacio de desarrollo del Derecho Ambiental en Chile. Desde su formaci\u00f3n, el CDA ha impulsado la investigaci\u00f3n, docencia, an\u00e1lisis y propuesta de pol\u00edticas p\u00fablicas en materia ambiental, adem\u00e1s de apoyar a organizaciones no gubernamentales y organismos estatales en temas jur\u00eddicos ambientales.<\/p>\n<p>A lo largo de los a\u00f1os, el CDA ha organizado m\u00faltiples actividades de extensi\u00f3n como Jornadas, Seminarios, Coloquios y Di\u00e1logos sobre Derecho Ambiental, consolid\u00e1ndose como un espacio de reflexi\u00f3n y discusi\u00f3n nacional e internacional en esta \u00e1rea.<\/p>\n<p>Tambi\u00e9n ha promovido la formaci\u00f3n jur\u00eddica en pregrado y postgrado, contribuyendo a la especializaci\u00f3n de profesionales en Derecho Ambiental.<\/p>\n<p><strong><u>La Revista de Derecho Ambiental como reflejo del CDA en sus 25 a\u00f1os<\/u><\/strong><\/p>\n<p>Dos a\u00f1os despu\u00e9s de la creaci\u00f3n del CDA, en el a\u00f1o 2022, fue lanzado el primer n\u00famero de la Revista de Derecho Ambiental, \u00fanica en su tipo por su car\u00e1cter especializado, el d\u00eda de hoy es una publicaci\u00f3n en espa\u00f1ol que tambi\u00e9n se ha abierto a publicar en ingl\u00e9s y portugu\u00e9s, periodicidad semestral, dirigida a acad\u00e9micos, profesionales, e interesados en general en el estudio de las normas jur\u00eddicas que tratan el ambiente.<\/p>\n<p>Durante sus 23 a\u00f1os de existencia su misi\u00f3n ha sido contribuir al desarrollo, debate y difusi\u00f3n del Derecho Ambiental, mediante la publicaci\u00f3n peri\u00f3dica de art\u00edculos cient\u00edficos, enfocados a su estudio te\u00f3rico y aplicado, as\u00ed como tambi\u00e9n art\u00edculos de ciencias conexas que ayuden a explicar problemas y t\u00f3picos propios del Derecho Ambiental.<\/p>\n<p>Desde sus inicios, y como parte de una Universidad P\u00fablica la revista provee acceso libre inmediato a su contenido bajo el principio de que hacer disponible gratuitamente investigaci\u00f3n al p\u00fablico apoya a un mayor intercambio de conocimiento global.<\/p>\n<p>La Comunidad de la Revista involucra a m\u00e1s de 200 autores (as) y m\u00e1s de 600 pares revisores (as) que a lo largo de los semestres nos han acompa\u00f1ado con su trabajo gratuito y desinteresado a publicar alrededor de 200 art\u00edculos en la disciplina.<\/p>\n<p>Durante los a\u00f1os la Revista ha sido clasificada dentro de cuartil Q2 del ranking Scimago, destac\u00e1ndose dentro de las mejores revistas de Derecho de Latinoam\u00e9rica y Chile y casi la \u00fanica revista con este tipo de ranking con una especializaci\u00f3n particular dentro de las ramas del Derecho (para efectos de Scopus las revistas se clasifican en 4 categor\u00edas Q1 al Q4, siendo la primera la m\u00e1s alta categor\u00eda en t\u00e9rminos de citaci\u00f3n e impacto).<\/p>\n<p>La selecci\u00f3n de los art\u00edculos para el presente texto no fue f\u00e1cil, utilizando criterios tem\u00e1ticos, de actualidad y de extensi\u00f3n. Esperamos mostrar un reflejo de la evoluci\u00f3n del Derecho Ambiental en su conjunto, as\u00ed como la trayectoria de los temas a lo largo de 23 a\u00f1os de publicaci\u00f3n. En algunos temas se identifican avances significativos en la protecci\u00f3n del medio ambiente, como la institucionalidad ambiental y cambio clim\u00e1tico.<\/p>\n<p>Esperamos que la Revista de Derecho Ambiental contin\u00fae por otros 25 a\u00f1os m\u00e1s ligada al CDA en el desarrollo de la disciplina, con vocaci\u00f3n p\u00fablica, est\u00e1ndares de excelencia y \u00e9tica editorial.<\/p>\n<p>&nbsp;<\/p>\n<p>&nbsp;<\/p>\n","protected":false},"excerpt":{"rendered":"<p>2.742 P\u00e1ginas \/ Edici\u00f3n actualizada<\/p>\n<p>Buscas un libro Jur\u00eddico.? Lo puedes encontrar en nuestra tienda virtual.<br \/>\nContamos con prestigiosos autores y muchas alternativas en sus diferentes materias al igual que grandes descuentos.! Vis\u00edtanos en <a class=\"pkQiQpQEImkCpfhNLsXkjgTrRMDUelRZSRI \" tabindex=\"0\" href=\"https:\/\/lnkd.in\/eiAG7jdZ\" target=\"_blank\" rel=\"noopener\" data-test-app-aware-link=\"\">https:\/\/lnkd.in\/eiAG7jdZ<\/a><br \/>\nEscr\u00edbenos al +56930565235 \/ <a class=\"pkQiQpQEImkCpfhNLsXkjgTrRMDUelRZSRI \" tabindex=\"0\" href=\"mailto:ventaslegallexglobal@gmail.com\" target=\"_self\" data-test-app-aware-link=\"\">ventaslegallexglobal@gmail.com<\/a><br \/>\nHacemos env\u00edos a todo Chile \u2013 Starken o Correos Chile \/ Te esperamos<\/p>\n<p>&nbsp;<\/p>\n<p>&nbsp;<\/p>\n","protected":false},"featured_media":2352,"comment_status":"open","ping_status":"closed","template":"","meta":{"inline_featured_image":false,"_joinchat":[]},"product_brand":[],"product_cat":[45,26,31],"product_tag":[],"class_list":{"0":"post-2322","1":"product","2":"type-product","3":"status-publish","4":"has-post-thumbnail","6":"product_cat-administrativo","7":"product_cat-derecho","8":"product_cat-derecho-ambiental","10":"first","11":"instock","12":"shipping-taxable","13":"purchasable","14":"product-type-simple"},"_links":{"self":[{"href":"https:\/\/bibliotecajuridicavirtual.cl\/index.php\/wp-json\/wp\/v2\/product\/2322","targetHints":{"allow":["GET"]}}],"collection":[{"href":"https:\/\/bibliotecajuridicavirtual.cl\/index.php\/wp-json\/wp\/v2\/product"}],"about":[{"href":"https:\/\/bibliotecajuridicavirtual.cl\/index.php\/wp-json\/wp\/v2\/types\/product"}],"replies":[{"embeddable":true,"href":"https:\/\/bibliotecajuridicavirtual.cl\/index.php\/wp-json\/wp\/v2\/comments?post=2322"}],"wp:featuredmedia":[{"embeddable":true,"href":"https:\/\/bibliotecajuridicavirtual.cl\/index.php\/wp-json\/wp\/v2\/media\/2352"}],"wp:attachment":[{"href":"https:\/\/bibliotecajuridicavirtual.cl\/index.php\/wp-json\/wp\/v2\/media?parent=2322"}],"wp:term":[{"taxonomy":"product_brand","embeddable":true,"href":"https:\/\/bibliotecajuridicavirtual.cl\/index.php\/wp-json\/wp\/v2\/product_brand?post=2322"},{"taxonomy":"product_cat","embeddable":true,"href":"https:\/\/bibliotecajuridicavirtual.cl\/index.php\/wp-json\/wp\/v2\/product_cat?post=2322"},{"taxonomy":"product_tag","embeddable":true,"href":"https:\/\/bibliotecajuridicavirtual.cl\/index.php\/wp-json\/wp\/v2\/product_tag?post=2322"}],"curies":[{"name":"wp","href":"https:\/\/api.w.org\/{rel}","templated":true}]}}