{"id":2324,"date":"2026-02-28T01:00:39","date_gmt":"2026-02-28T04:00:39","guid":{"rendered":"https:\/\/bibliotecajuridicavirtual.cl\/?post_type=product&#038;p=2324"},"modified":"2026-02-28T01:00:55","modified_gmt":"2026-02-28T04:00:55","slug":"nueva-ley-de-compras-publicas-analisis-de-cambios-introducidos-por-la-ley-nley-n21-634-y-su-reglamento-2a-edicion","status":"publish","type":"product","link":"https:\/\/bibliotecajuridicavirtual.cl\/index.php\/product\/nueva-ley-de-compras-publicas-analisis-de-cambios-introducidos-por-la-ley-nley-n21-634-y-su-reglamento-2a-edicion\/","title":{"rendered":"Nueva Ley de Compras P\u00fablicas &#8211; An\u00e1lisis de Cambios Introducidos por la Ley N\u00b0Ley N\u00b021.634 y su Reglamento (2\u00aa Edici\u00f3n)"},"content":{"rendered":"<p style=\"font-weight: 400;\">La contrataci\u00f3n p\u00fablica constituye la forma m\u00e1s intensa de interacci\u00f3n entre el sector p\u00fablico y el privado. Esto se debe tanto a las relevantes transferencias de recursos que involucra, como al rol que adquiere el privado como colaborador de la Administraci\u00f3n del Estado en la satisfacci\u00f3n de necesidades p\u00fablicas concretas.<\/p>\n<p style=\"font-weight: 400;\">Esta relaci\u00f3n p\u00fablico-privada ha migrado desde un modelo centralizado hacia uno descentralizado de toma de decisiones, respecto de c\u00f3mo, cu\u00e1ndo, cu\u00e1nto y qu\u00e9 contratar. Este cambio no ha estado exento de dificultades en t\u00e9rminos de eficiencia, transparencia y buenas pr\u00e1cticas al momento de seleccionar al proveedor que contratar\u00e1 con la Administraci\u00f3n a t\u00edtulo oneroso.<\/p>\n<p style=\"font-weight: 400;\">La obra representa un primer esfuerzo sistem\u00e1tico por abordar la reforma m\u00e1s profunda que ha experimentado la normativa sobre compras p\u00fablicas en m\u00e1s de dos d\u00e9cadas, centrada en la Ley N\u00b019.886 de 2003 y su nuevo Reglamento. Su implementaci\u00f3n representa un importante desaf\u00edo para los distintos operadores del sistema de mercado p\u00fablico.<\/p>\n<p style=\"font-weight: 400;\">Esta segunda edici\u00f3n, actualizada y complementada analizan los nuevos principios rectores de la contrataci\u00f3n p\u00fablica, como el valor por dinero, la econom\u00eda circular y la participaci\u00f3n de MIPYMES, as\u00ed como los cambios al \u00e1mbito de aplicaci\u00f3n de la normativa, los procedimientos de compra y el fortalecimiento institucional de Chile Compra y del Tribunal de Contrataci\u00f3n P\u00fablica. La obra confronta cr\u00edticamente las disposiciones anteriores con las introducidas por la Ley N\u00b021.634, y entrega herramientas pr\u00e1cticas como cuadros comparativos, sistematizaciones normativas y un enfoque aplicado, dise\u00f1ado para apoyar a quienes deben operar el sistema en esta nueva etapa.<\/p>\n<p style=\"font-weight: 400;\"><b><strong>INTRODUCCI\u00d3N: EVOLUCI\u00d3N E HISTORIA DEL SISTEMA DE CONTRATACI\u00d3N P\u00daBLICA EN CHILE<\/strong><\/b><\/p>\n<p style=\"font-weight: 400;\"><b><strong>OBJETIVO DE ESTA OBRA<\/strong><\/b><\/p>\n<p style=\"font-weight: 400;\"><b><strong>CAP\u00cdTULO I<\/strong><\/b><br \/>\n<b><strong>AMPLIACI\u00d3N DEL \u00c1MBITO DE APLICACI\u00d3N DE LA &#8220;NUEVA LEY DE COMPRAS&#8221;.<\/strong><\/b><\/p>\n<ol>\n<li style=\"font-weight: 400;\">Antecedentes<\/li>\n<li style=\"font-weight: 400;\">Incorporaci\u00f3n de corporaciones municipales y fundaciones<\/li>\n<li style=\"font-weight: 400;\">Aplicaci\u00f3n de la ley N\u00ba 19.886 a las empresas p\u00fablicas y sociedades del Estado<br \/>\n3.1 R\u00e9gimen aplicable a las empresas y sociedades del Estado: desaf\u00edos iniciales<br \/>\n3.2. R\u00e9gimen aplicable a las empresas y sociedades del Estado: modificaciones introducidas por la Ley N\u00b0 21.647.<\/li>\n<li style=\"font-weight: 400;\">Poder judicial, otros tiubunales de la rep\u00fablica y servicio electoral<\/li>\n<li style=\"font-weight: 400;\">Congreso nacional<\/li>\n<li style=\"font-weight: 400;\">Contralor\u00eda General de la Rep\u00fablica<\/li>\n<li style=\"font-weight: 400;\">Autonom\u00edas constitucionales<\/li>\n<li style=\"font-weight: 400;\">Resumen de los \u00f3rganos sometidos a la &#8220;nueva ley de compras p\u00fablicas&#8221;<\/li>\n<li style=\"font-weight: 400;\">Aplicaci\u00f3n de la ley N\u00ba 19.886 a los contratos de obra p\u00fablica<\/li>\n<li style=\"font-weight: 400;\">Entrada en vigencia<\/li>\n<\/ol>\n<p style=\"font-weight: 400;\"><b><strong>CAP\u00cdTULO II<\/strong><\/b><br \/>\n<b><strong>DIRECCI\u00d3N DE COMPRAS Y CONTRATACI\u00d3N P\u00daBLICA<\/strong><\/b><\/p>\n<ol>\n<li style=\"font-weight: 400;\">Antecedentes<br \/>\n2. Naturaleza jur\u00eddica, org\u00e1nica e instalaci\u00f3n de Chile compra<br \/>\n3. Funciones, atribuciones y competencias<br \/>\n4. Exigencia de declaraci\u00f3n de patrimonio e intereses para funcionarios directivos y profesionales de Chile compra<\/li>\n<\/ol>\n<p style=\"font-weight: 400;\"><b><strong>CAP\u00cdTULO III<\/strong><\/b><br \/>\n<b><strong>EL TRIBUNAL DE CONTRATACI\u00d3N P\u00daBLICA<\/strong><\/b><\/p>\n<ol>\n<li style=\"font-weight: 400;\">Antecedentes<\/li>\n<li style=\"font-weight: 400;\">Antecedentes del Tribunal de Contrataci\u00f3n P\u00fablica<\/li>\n<li style=\"font-weight: 400;\">Aspectos org\u00e1nicos del Tribunal de Contrataci\u00f3n P\u00fablica<br \/>\n3.1. Prohibiciones e inhabilidades de los jueces<br \/>\n3.2. Remuneraci\u00f3n de los jueces del Tribunal.<br \/>\n3.4. Dotaci\u00f3n de funcionarios del Tribunal.<\/li>\n<li style=\"font-weight: 400;\">Sobre la competencia del Tribunal de Contrataci\u00f3n P\u00fablica<\/li>\n<li style=\"font-weight: 400;\">Sobre el procedimiento ante el Tribunal de Contrataci\u00f3n P\u00fablica<br \/>\n5.1. Fase probatoria<br \/>\n5.2. Fase resolutiva<br \/>\n5.3. Medidas cautelares<br \/>\n5.4. Acci\u00f3n de indemnizaci\u00f3n de perjuicio<br \/>\n5.5. R\u00e9gimen recursivo<br \/>\n5.6. Sobre el procedimiento de tramitaci\u00f3n electr\u00f3nica ante el Tribunal<\/li>\n<li style=\"font-weight: 400;\">Sobre las estad\u00edsticas del tribunal<\/li>\n<\/ol>\n<p style=\"font-weight: 400;\"><b><strong>CAP\u00cdTULO IV<\/strong><\/b><br \/>\n<b><strong>EL NUEVO CAP\u00cdTULO VII SOBRE PROBIDAD Y TRANSPARENCIA EN LA CONTRATACI\u00d3N P\u00daBLICA<\/strong><\/b><\/p>\n<ol>\n<li style=\"font-weight: 400;\">Antecedentes<br \/>\n2. Art\u00edculo 35 bis: Preparaci\u00f3n de la contrataci\u00f3n administrativa<br \/>\n3. Art\u00edculo 15 ter: Limitaciones a la comunicaci\u00f3n de los participantes procedimientos de contrataci\u00f3n p\u00fablica<br \/>\n4. Art\u00edculo 35 qu\u00e1ter: Causales de inhabilidad relativa<br \/>\n5. Art\u00edculo 35 quinquies: Deber de abstenci\u00f3n<br \/>\n6. Art\u00edculo 35 sexies: Sanciones al incumplimiento de lo dispuesto en el Cap\u00edtulo VII<br \/>\n7. Art\u00edculo 35 septies: Nuevas inhabilidades para ser parte del registro de proveedores.<br \/>\n8. Art\u00edculo 35 octies: Ejecuci\u00f3n de las inhabilidades.<br \/>\n9. Articulo 35 nonies: Declaraci\u00f3n jurada sobre conflictos de inter\u00e9s<br \/>\n10. Articulo 35 decies: Potestad de la contralor\u00eda general de la rep\u00fablica<br \/>\n11. S\u00edntesis<\/li>\n<\/ol>\n<p style=\"font-weight: 400;\"><b><strong>CAP\u00cdTULO V<\/strong><\/b><br \/>\n<b><strong>LA MODERNIZACI\u00d3N DE LA CONTRATACI\u00d3N P\u00daBLICA. INNOVACIONES INTRODUCIDAS POR LA LEY N\u00b0 21.634.<\/strong><\/b><\/p>\n<ol>\n<li style=\"font-weight: 400;\">Antecedentes<\/li>\n<li style=\"font-weight: 400;\">Modificaciones a la ley N\u00ba 19.886 dirigidas a la modernizaci\u00f3n del sistema de contrataci\u00f3n p\u00fablica: eficiencia, participaci\u00f3n de mipymes y sostenibilidad e innovaci\u00f3n<\/li>\n<li style=\"font-weight: 400;\">Medidas por una mayor eficiencia en el gasto p\u00fablico: licitaci\u00f3n p\u00fablica como regla general y restricciones al trato directo<\/li>\n<li style=\"font-weight: 400;\">Medidas por una mayor eficiencia en el gasto p\u00fablico: nuevos procedimientos de contrataci\u00f3n y mejora a convenios marco<br \/>\n4.1. Compra \u00e1gil<br \/>\n4.2. Compra por cotizaci\u00f3n<br \/>\n4.3. Convenio marco<br \/>\n4.4. Contratos para la innovaci\u00f3n<br \/>\n4.5. Di\u00e1logo Competitivo de Innovaci\u00f3n<br \/>\n4.6. Subasta Inversa Electr\u00f3nica<\/li>\n<li style=\"font-weight: 400;\">Medidas para impulsar la participaci\u00f3n de mi pymes y otros grupos representados en la contrataci\u00f3n p\u00fablica<\/li>\n<li style=\"font-weight: 400;\">Medidas dirigidas al fomento de la innovaci\u00f3n y sustentabilidad<\/li>\n<li style=\"font-weight: 400;\">La nueva ley sobre econom\u00eda circular en la adquisici\u00f3n de bienes y servicios del estado<\/li>\n<\/ol>\n<p style=\"font-weight: 400;\"><b><strong>ANEXOS<\/strong><\/b><\/p>\n<p style=\"font-weight: 400;\">Anexo 1: Tabla modificaci\u00f3n Ley N\u00ba19.886 de \u201cBases sobre contratos administrativos de suministro y prestaci\u00f3n de servicios\u201d<\/p>\n<p style=\"font-weight: 400;\">Anexo 2: \u00cdndice doctrinario sobre la ley de compras p\u00fablicas, Ley N\u00b019.886<br \/>\n1. Libros y art\u00edculos<br \/>\n2. Tesis<\/p>\n","protected":false},"excerpt":{"rendered":"<p>Jos\u00e9 Luis Lara Arroyo &#8211; Mar\u00eda Jos\u00e9 Luna Bravo * 2da. edici\u00f3n\u00a0 &#8211; Junio a\u00f1o 2025 &#8211; 320 P\u00e1ginas.<\/p>\n<p>Buscas un libro Jur\u00eddico.? Lo puedes encontrar en nuestra tienda virtual.<br \/>\nContamos con prestigiosos autores y muchas alternativas en sus diferentes materias al igual que grandes descuentos.! Vis\u00edtanos en <a class=\"ndZLunsmRywyagpqSTKSzifoKwlCqZnbXsnbFA \" tabindex=\"0\" href=\"https:\/\/lnkd.in\/eiAG7jdZ\" target=\"_blank\" rel=\"noopener\" data-test-app-aware-link=\"\">https:\/\/lnkd.in\/eiAG7jdZ<\/a><br \/>\nEscr\u00edbenos al +56930565235 \/ <a class=\"ndZLunsmRywyagpqSTKSzifoKwlCqZnbXsnbFA \" tabindex=\"0\" href=\"mailto:ventaslegallexglobal@gmail.com\" target=\"_self\" data-test-app-aware-link=\"\">ventaslegallexglobal@gmail.com<\/a><br \/>\nHacemos env\u00edos a todo Chile \u2013 Starken o Correos Chile \/ Te esperamos<\/p>\n","protected":false},"featured_media":2354,"comment_status":"open","ping_status":"closed","template":"","meta":{"inline_featured_image":false,"_joinchat":[]},"product_brand":[],"product_cat":[27,26],"product_tag":[],"class_list":{"0":"post-2324","1":"product","2":"type-product","3":"status-publish","4":"has-post-thumbnail","6":"product_cat-civil","7":"product_cat-derecho","9":"first","10":"instock","11":"shipping-taxable","12":"purchasable","13":"product-type-simple"},"_links":{"self":[{"href":"https:\/\/bibliotecajuridicavirtual.cl\/index.php\/wp-json\/wp\/v2\/product\/2324","targetHints":{"allow":["GET"]}}],"collection":[{"href":"https:\/\/bibliotecajuridicavirtual.cl\/index.php\/wp-json\/wp\/v2\/product"}],"about":[{"href":"https:\/\/bibliotecajuridicavirtual.cl\/index.php\/wp-json\/wp\/v2\/types\/product"}],"replies":[{"embeddable":true,"href":"https:\/\/bibliotecajuridicavirtual.cl\/index.php\/wp-json\/wp\/v2\/comments?post=2324"}],"wp:featuredmedia":[{"embeddable":true,"href":"https:\/\/bibliotecajuridicavirtual.cl\/index.php\/wp-json\/wp\/v2\/media\/2354"}],"wp:attachment":[{"href":"https:\/\/bibliotecajuridicavirtual.cl\/index.php\/wp-json\/wp\/v2\/media?parent=2324"}],"wp:term":[{"taxonomy":"product_brand","embeddable":true,"href":"https:\/\/bibliotecajuridicavirtual.cl\/index.php\/wp-json\/wp\/v2\/product_brand?post=2324"},{"taxonomy":"product_cat","embeddable":true,"href":"https:\/\/bibliotecajuridicavirtual.cl\/index.php\/wp-json\/wp\/v2\/product_cat?post=2324"},{"taxonomy":"product_tag","embeddable":true,"href":"https:\/\/bibliotecajuridicavirtual.cl\/index.php\/wp-json\/wp\/v2\/product_tag?post=2324"}],"curies":[{"name":"wp","href":"https:\/\/api.w.org\/{rel}","templated":true}]}}