{"id":2326,"date":"2026-02-28T01:00:40","date_gmt":"2026-02-28T04:00:40","guid":{"rendered":"https:\/\/bibliotecajuridicavirtual.cl\/?post_type=product&#038;p=2326"},"modified":"2026-02-28T01:00:58","modified_gmt":"2026-02-28T04:00:58","slug":"medidas-prejudiciales-mecanismos-para-alzar-una-fase-preliminar-mas-justa-y-equitativa-en-el-proceso-civil-chileno-2025-660-pag","status":"publish","type":"product","link":"https:\/\/bibliotecajuridicavirtual.cl\/index.php\/product\/medidas-prejudiciales-mecanismos-para-alzar-una-fase-preliminar-mas-justa-y-equitativa-en-el-proceso-civil-chileno-2025-660-pag\/","title":{"rendered":"Medidas Prejudiciales * Mecanismos para alzar una fase preliminar mas justa y equitativa en el proceso civil chileno &#8211; 2025 \/ 660 P\u00e1g."},"content":{"rendered":"<p style=\"font-weight: 400;\">Esta obra se desarrolla en siete cap\u00edtulos. El primero de ellos muestra la realidad actual del proceso civil chileno y presenta los mecanismos de revelaci\u00f3n temprana de informaci\u00f3n o prueba pertinente. En el segundo de ellos se examina la noci\u00f3n y generalidades de las medidas prejudiciales preparatorias y probatorias, diligencias preliminares espa\u00f1olas, discovery norteamericano y disclosure ingl\u00e9s, su origen, definici\u00f3n, caracter\u00edsticas, \u00e1mbito de aplicaci\u00f3n, presupuestos, principios y fines perseguidos por cada una de ellas. El tercer cap\u00edtulo estudia las clases de dichos mecanismos, mientras que el cuarto cap\u00edtulo describe los procedimientos que dan lugar a estos mecanismos, las sanciones en caso de negativa injustificada y sus costas procesales. El cap\u00edtulo que sigue se dedica a la determinaci\u00f3n del rol de las partes y de los operadores t\u00e9cnicos (juez y abogados) en la adopci\u00f3n de estas herramientas procesales. El cap\u00edtulo sexto se dedica a identificar las restricciones y sombras de cada una de ellas. En el \u00faltimo cap\u00edtulo se analizan las medidas prejudiciales a la luz de los criterios: derecho a la prueba; derecho a la informaci\u00f3n; b\u00fasqueda de la verdad y fijaci\u00f3n temprana y transparente de los hechos del juicio; posibilidad de adoptar ADR; sujetos t\u00e9cnicos del proceso y las partes, y la proporcionalidad a fin de proponer bases para su reestructuraci\u00f3n y prever los desaf\u00edos pendientes. Finalmente se sugieren una serie de mejoras o reformas legales para alzar la fase preliminar.<\/p>\n<p style=\"font-weight: 400;\">Esta obra se desarrolla a trav\u00e9s de una investigaci\u00f3n jur\u00eddica pura o normativa-doctrinal, empleando el m\u00e9todo funcional, propio del derecho comparado, en el entendido de que se busc\u00f3 comparar los mecanismos de revelaci\u00f3n temprana de informaci\u00f3n o prueba pertinente ya referidos, a trav\u00e9s de la identificaci\u00f3n de los rasgos esenciales de cada uno de ellos, diferenci\u00e1ndolos de elementos variables, mediante la ley, doctrina y jurisprudencia.<\/p>\n<p style=\"font-weight: 400;\"><b><strong>CAP\u00cdTULO PRIMERO<\/strong><\/b><br \/>\n<b><strong>ACCESO A LA JUSTICIA E IGUALDAD: MECANISMOS PARA ALZAR UNA FASE PRELIMINAR M\u00c1S JUSTA EN EL PROCESO CIVIL CHILENO<\/strong><\/b><\/p>\n<ol>\n<li style=\"font-weight: 400;\">ACCESO A LA JUSTICIA E IGUALDAD EN EL PROCESO CIVIL CHILENO<\/li>\n<li style=\"font-weight: 400;\">Duraci\u00f3n de los procesos civiles chilenos<br \/>\n2. Heterogeneidad de las partes litigantes<br \/>\n3. Necesidades legales satisfechas<br \/>\n4. Costas<br \/>\n5. Seguridad del correcto planteamiento de la cuesti\u00f3n<br \/>\n6. Acceso y aseguramiento a informaci\u00f3n o prueba<br \/>\n7. Equilibrio de la relaci\u00f3n jur\u00eddico procesal<\/li>\n<li style=\"font-weight: 400;\">MECANISMOS PARA ALZAR UNA FASE PRELIMINAR M\u00c1S JUSTA EN EL PROCESO CIVIL CHILENO<\/li>\n<\/ol>\n<p style=\"font-weight: 400;\">III. RECAPITULANDO<\/p>\n<p style=\"font-weight: 400;\"><b><strong>CAP\u00cdTULO SEGUNDO<\/strong><\/b><br \/>\n<b><strong>NOCI\u00d3N Y GENERALIDADES DE LOS MECANISMOS DE REVELACI\u00d3N TEMPRANA DE INFORMACI\u00d3N O PRUEBA PERTINENTE<\/strong><\/b><\/p>\n<ol>\n<li style=\"font-weight: 400;\">NOCI\u00d3N Y GENERALIDADES DE LAS MEDIDAS PREJUDICIALES EN EL PROCEDIMIENTO CIVIL CHILENO<\/li>\n<li style=\"font-weight: 400;\">Origen<\/li>\n<li style=\"font-weight: 400;\">Concepto<\/li>\n<li style=\"font-weight: 400;\">Caracter\u00edsticas<\/li>\n<li style=\"font-weight: 400;\">\u00c1mbito de aplicaci\u00f3n<\/li>\n<li style=\"font-weight: 400;\">Presupuestos de las medidas prejudiciales preparatorias y probatorias<br \/>\na) Solicitud motivada<br \/>\nb) Necesariedad<br \/>\nc) El Periculum in mora<br \/>\nd) Otros presupuestos<\/li>\n<li style=\"font-weight: 400;\">Principios que rigen las medidas prejudiciales preparatorias y probatorias chilenas<br \/>\na) Principio de Econom\u00eda procesal<br \/>\nb) Derecho a la Prueba<br \/>\nc) Buena fe procesal<br \/>\nd) Principio dispositivo<br \/>\ne) Principio de Colaboraci\u00f3n o Cooperaci\u00f3n<br \/>\nf) Principio de Proporcionalidad<\/li>\n<li style=\"font-weight: 400;\">Fines de las medidas prejudiciales preparatorias y probatorias chilenas<br \/>\na) Preparar el juicio<br \/>\nb) Acceso a informaci\u00f3n o prueba<br \/>\nc) Reducir los costos de la administraci\u00f3n de justicia<\/li>\n<li style=\"font-weight: 400;\">NOCI\u00d3N Y GENERALIDADES DE LAS DILIGENCIAS PRELIMINARES DEL PROCEDIMIENTO CIVIL ESPA\u00d1OL<\/li>\n<li style=\"font-weight: 400;\">Origen<\/li>\n<li style=\"font-weight: 400;\">Concepto<\/li>\n<li style=\"font-weight: 400;\">Caracter\u00edsticas<\/li>\n<li style=\"font-weight: 400;\">\u00c1mbito de aplicaci\u00f3n<\/li>\n<li style=\"font-weight: 400;\">Presupuestos de las diligencias preliminares<br \/>\na) Adecuaci\u00f3n de la finalidad perseguida<br \/>\nb) Justa causa<br \/>\nc) Inter\u00e9s leg\u00edtimo<\/li>\n<li style=\"font-weight: 400;\">Principios que rigen las diligencias preliminares<br \/>\na) Principio de econom\u00eda procesal<br \/>\nb) Derecho a la prueba<br \/>\nc) Principio de probidad<br \/>\nd) Principio de proporcionalidad<br \/>\ne) Principio de aportaci\u00f3n de parte<\/li>\n<li style=\"font-weight: 400;\">Fines de las diligencias preliminares<br \/>\na) Preparar el juicio<br \/>\nb) Acceso a informaci\u00f3n o fuentes de prueba<br \/>\nc) Reduce los costos del juicio<\/li>\n<\/ol>\n<p style=\"font-weight: 400;\">III. NOCI\u00d3N Y GENERALIDADES DEL DISCOVERY DEL PROCEDIMIENTO CIVIL NORTEAMERICANO<\/p>\n<ol start=\"15\">\n<li style=\"font-weight: 400;\">Origen<\/li>\n<li style=\"font-weight: 400;\">Concepto<\/li>\n<li style=\"font-weight: 400;\">Caracter\u00edsticas<\/li>\n<li style=\"font-weight: 400;\">\u00c1mbito de aplicaci\u00f3n<\/li>\n<li style=\"font-weight: 400;\">Presupuestos del Discovery<br \/>\na) Asunto no privilegiado<br \/>\nb) Asuntos relevantes<br \/>\nc) Asuntos proporcionales a las necesidades del caso<\/li>\n<li style=\"font-weight: 400;\">Principios que las rigen<br \/>\na) Principio de Buena Fe<br \/>\nb) Principio de Colaboraci\u00f3n<br \/>\nc) Principio de Cumplimiento<br \/>\nd) Principio de Proporcionalidad<\/li>\n<li style=\"font-weight: 400;\">Fines del Discovery<br \/>\na) Igual acceso a la informaci\u00f3n<br \/>\nb) Promoci\u00f3n de ADR<br \/>\nc) Mejora la calidad del juicio<br \/>\nd) T\u00e9rmino anticipado del procedimiento<br \/>\ne) Reduce los costos del juicio (costos de error y costos administrativos)<\/li>\n<li style=\"font-weight: 400;\">NOCI\u00d3N Y GENERALIDADES DEL DISCLOSURE EN EL PROCEDIMIENTO CIVIL INGL\u00c9S<\/li>\n<li style=\"font-weight: 400;\">Origen<\/li>\n<li style=\"font-weight: 400;\">Concepto<\/li>\n<li style=\"font-weight: 400;\">Caracter\u00edsticas<\/li>\n<li style=\"font-weight: 400;\">\u00c1mbito de aplicaci\u00f3n<\/li>\n<li style=\"font-weight: 400;\">Presupuestos del Disclosure<br \/>\na) Divulgaci\u00f3n inadecuada<br \/>\nb) Solicitud motivada<br \/>\nc) Asunto proporcional a las necesidades del caso<\/li>\n<li style=\"font-weight: 400;\">Principios que rigen el Disclosure<br \/>\na) Principio de Buena fe<br \/>\nb) Principio de colaboraci\u00f3n<br \/>\nc) Principio de proporcionalidad<br \/>\nd) Principio de econom\u00eda procesal<\/li>\n<li style=\"font-weight: 400;\">Fines del Disclosur<br \/>\na) Igual acceso a la informaci\u00f3n<br \/>\nb) Promoci\u00f3n de ADR<br \/>\nc) Mejora la calidad del juicio<br \/>\nd) T\u00e9rmino anticipado del procedimiento<br \/>\ne) Reduce los costos del juicio (costos de error y costos administrativos)<\/li>\n<li style=\"font-weight: 400;\">RECAPITULANDO<\/li>\n<\/ol>\n<p style=\"font-weight: 400;\"><b><strong>CAP\u00cdTULO TERCERO<\/strong><\/b><br \/>\n<b><strong>AN\u00c1LISIS PARTICULAR DE LOS TIPOS DE MECANISMOS DE REVELACI\u00d3N TEMPRANA DE INFORMACI\u00d3N O PRUEBA PERTINENTE<\/strong><\/b><\/p>\n<ol>\n<li style=\"font-weight: 400;\">CLASES DE MEDIDAS PREJUDICIALES PREPARATORIAS Y PROBATORIAS CONTEMPLADAS EN EL PROCESO CIVIL CHILENO<\/li>\n<li style=\"font-weight: 400;\">En el CPC vigente<br \/>\na) Declaraci\u00f3n jurada acerca de alg\u00fan hecho<br \/>\nb) La exhibici\u00f3n de la cosa litigiosa<br \/>\nc) Exhibici\u00f3n de instrumentos p\u00fablicos o privados<br \/>\nd) Exhibici\u00f3n de libros de contabilidad<br \/>\ne) Reconocimiento jurado de firma puesta en instrumento privado<br \/>\nf) Constituci\u00f3n de apoderado judicial<br \/>\ng) Inspecci\u00f3n personal del tribunal<br \/>\nh) Informe pericial<br \/>\ni) Certificado ministro de fe<br \/>\nj) Absoluci\u00f3n de posiciones<br \/>\nk) Testimonial<\/li>\n<li style=\"font-weight: 400;\">En el Proyecto del C\u00f3digo Procesal Civil<br \/>\na) La declaraci\u00f3n acerca de un hecho<br \/>\nb) La constituci\u00f3n un apoderado<br \/>\nc) La exhibici\u00f3n de cosa mueble<br \/>\nd) La exhibici\u00f3n de documentos p\u00fablicos o privados, registros y bases de datos en soporte f\u00edsico o electr\u00f3nico<br \/>\ne) La exhibici\u00f3n de los libros de contabilidad<br \/>\nf) El reconocimiento de firma, puesta en instrumento privado, sea en soporte f\u00edsico o electr\u00f3nico<br \/>\ng) Otras medidas<br \/>\nh) Producci\u00f3n o recepci\u00f3n anticipada de prueba legalmente procedente<\/li>\n<li style=\"font-weight: 400;\">Clases de diligencias preliminares espa\u00f1olas<\/li>\n<li style=\"font-weight: 400;\">Confesi\u00f3n de condici\u00f3n de parte y capacidad<\/li>\n<li style=\"font-weight: 400;\">Exhibici\u00f3n de la cosa litigiosa<\/li>\n<li style=\"font-weight: 400;\">Exhibici\u00f3n de actos de \u00faltima voluntad<\/li>\n<li style=\"font-weight: 400;\">Exhibici\u00f3n de documentos y cuentas de la sociedad o comunidad<\/li>\n<li style=\"font-weight: 400;\">Exhibici\u00f3n de seguro de responsabilidad civil<\/li>\n<li style=\"font-weight: 400;\">Exhibici\u00f3n de ficha cl\u00ednica<\/li>\n<li style=\"font-weight: 400;\">Obtenci\u00f3n de informaci\u00f3n para la individualizaci\u00f3n de afectados en procesos colectivos de consumidores y usuarios<\/li>\n<li style=\"font-weight: 400;\">Obtenci\u00f3n de datos en materia de propiedad intelectual o industrial<\/li>\n<li style=\"font-weight: 400;\">Exhibici\u00f3n de documentos bancarios, financieros, comerciales o aduaneros en materia de propiedad intelectual o industrial<\/li>\n<li style=\"font-weight: 400;\">Diligencias y averiguaciones para la protecci\u00f3n de determinados derechos previstos en las leyes especiales<\/li>\n<li style=\"font-weight: 400;\">Diligencia para la identificaci\u00f3n de un prestador de servicio de la sociedad de la informaci\u00f3n en una acci\u00f3n por infracci\u00f3n de un derecho de propiedad industrial o intelectual<\/li>\n<li style=\"font-weight: 400;\">Obtenci\u00f3n de datos para la identificaci\u00f3n de un usuario de los servicios de sociedad de informaci\u00f3n<\/li>\n<li style=\"font-weight: 400;\">Otras diligencias<\/li>\n<\/ol>\n<p style=\"font-weight: 400;\">III. CLASES DE DISCOVERY NORTEAMERICANO<\/p>\n<ol start=\"16\">\n<li style=\"font-weight: 400;\">Duty to Disclose o Deber de Revelar<br \/>\na) La Initial disclosure<br \/>\nb) El Disclosure of expert testimony<br \/>\nc) El Pre-trial Disclosure<\/li>\n<li style=\"font-weight: 400;\">Documents, tangible things, electronically stored information or entering onto land, for inspection and other purposes<\/li>\n<li style=\"font-weight: 400;\">Experts<\/li>\n<li style=\"font-weight: 400;\">Depositions<br \/>\na) Las Depositions to perpetuate testimony<br \/>\nb) Las Depositions by oral examination<br \/>\nc) Las Depositions by written questions<\/li>\n<li style=\"font-weight: 400;\">Las Interrogatories to parties<\/li>\n<li style=\"font-weight: 400;\">Las Physical and Mental Examinations<\/li>\n<li style=\"font-weight: 400;\">Los Requests for admission<\/li>\n<li style=\"font-weight: 400;\">E-Discovery<\/li>\n<li style=\"font-weight: 400;\">CLASES DE DICLOSURE INGL\u00c9S<\/li>\n<li style=\"font-weight: 400;\">Pre-action Protocols<br \/>\na) El Pre-Action Protocol for Personal Injury Claims<br \/>\nb) El Pre-Action Protocol for the Construction and Engineering Disputes<br \/>\nc) El Pre-Action Protocol for the Resolution of Clinical Disputes<br \/>\nd) El Pre-Action Protocol for Professional Negligence<br \/>\ne) El Pre-Action Protocol for Claims for Damages in Relation to the physical State of Commercial Property at Termination of Tenancy (the dilapidations Protocol)<br \/>\nf) El Pre-Action Protocol for Disease and Illeness Claims<br \/>\ng) Los Pre-action conduct and protocols<\/li>\n<li style=\"font-weight: 400;\">Pre-Action Disclosure<br \/>\na) Documentos y registros<br \/>\nb) Peritos<br \/>\nc) Orden Norwich Pharmacal<\/li>\n<li style=\"font-weight: 400;\">Disclosure<br \/>\na) El Standard disclosure<br \/>\nb) El Specific disclosure<\/li>\n<li style=\"font-weight: 400;\">E-Disclosure<\/li>\n<li style=\"font-weight: 400;\">Las Witness Statement<br \/>\na) Las Witness statements<br \/>\nb) Las Witness summaries<\/li>\n<li style=\"font-weight: 400;\">Experts report<\/li>\n<li style=\"font-weight: 400;\">RECAPITULANDO<\/li>\n<\/ol>\n","protected":false},"excerpt":{"rendered":"<p>AUTOR: EVELYN VIEYRA LUNA<\/p>\n<p>Buscas un libro Jur\u00eddico.? Lo puedes encontrar en nuestra tienda virtual.<br \/>\nContamos con prestigiosos autores y muchas alternativas en sus diferentes materias al igual que grandes descuentos.! Vis\u00edtanos en <a class=\"GkwwDryADyqZtvqjTnrRqEYeuChnDvYUvr \" tabindex=\"0\" href=\"https:\/\/lnkd.in\/eiAG7jdZ\" target=\"_blank\" rel=\"noopener\" data-test-app-aware-link=\"\">https:\/\/lnkd.in\/eiAG7jdZ<\/a><br \/>\nEscr\u00edbenos al +56930565235 \/ <a class=\"GkwwDryADyqZtvqjTnrRqEYeuChnDvYUvr \" tabindex=\"0\" href=\"mailto:ventaslegallexglobal@gmail.com\" target=\"_self\" data-test-app-aware-link=\"\">ventaslegallexglobal@gmail.com<\/a><br \/>\nHacemos env\u00edos a todo Chile \u2013 Starken o Correos Chile \/ Te esperamos<\/p>\n","protected":false},"featured_media":2356,"comment_status":"open","ping_status":"closed","template":"","meta":{"inline_featured_image":false,"_joinchat":[]},"product_brand":[],"product_cat":[26,50],"product_tag":[],"class_list":{"0":"post-2326","1":"product","2":"type-product","3":"status-publish","4":"has-post-thumbnail","6":"product_cat-derecho","7":"product_cat-procedimientos-civiles","9":"first","10":"instock","11":"shipping-taxable","12":"purchasable","13":"product-type-simple"},"_links":{"self":[{"href":"https:\/\/bibliotecajuridicavirtual.cl\/index.php\/wp-json\/wp\/v2\/product\/2326","targetHints":{"allow":["GET"]}}],"collection":[{"href":"https:\/\/bibliotecajuridicavirtual.cl\/index.php\/wp-json\/wp\/v2\/product"}],"about":[{"href":"https:\/\/bibliotecajuridicavirtual.cl\/index.php\/wp-json\/wp\/v2\/types\/product"}],"replies":[{"embeddable":true,"href":"https:\/\/bibliotecajuridicavirtual.cl\/index.php\/wp-json\/wp\/v2\/comments?post=2326"}],"wp:featuredmedia":[{"embeddable":true,"href":"https:\/\/bibliotecajuridicavirtual.cl\/index.php\/wp-json\/wp\/v2\/media\/2356"}],"wp:attachment":[{"href":"https:\/\/bibliotecajuridicavirtual.cl\/index.php\/wp-json\/wp\/v2\/media?parent=2326"}],"wp:term":[{"taxonomy":"product_brand","embeddable":true,"href":"https:\/\/bibliotecajuridicavirtual.cl\/index.php\/wp-json\/wp\/v2\/product_brand?post=2326"},{"taxonomy":"product_cat","embeddable":true,"href":"https:\/\/bibliotecajuridicavirtual.cl\/index.php\/wp-json\/wp\/v2\/product_cat?post=2326"},{"taxonomy":"product_tag","embeddable":true,"href":"https:\/\/bibliotecajuridicavirtual.cl\/index.php\/wp-json\/wp\/v2\/product_tag?post=2326"}],"curies":[{"name":"wp","href":"https:\/\/api.w.org\/{rel}","templated":true}]}}