{"id":2327,"date":"2026-02-28T01:00:40","date_gmt":"2026-02-28T04:00:40","guid":{"rendered":"https:\/\/bibliotecajuridicavirtual.cl\/?post_type=product&#038;p=2327"},"modified":"2026-02-28T01:00:59","modified_gmt":"2026-02-28T04:00:59","slug":"tratado-de-derecho-civil-de-los-bienes-jose-maximiliano-rivera-restrepo-edicion-ano-2025-1-230-paginas","status":"publish","type":"product","link":"https:\/\/bibliotecajuridicavirtual.cl\/index.php\/product\/tratado-de-derecho-civil-de-los-bienes-jose-maximiliano-rivera-restrepo-edicion-ano-2025-1-230-paginas\/","title":{"rendered":"Tratado de Derecho Civil * De Los Bienes &#8211; Jos\u00e9 Maximiliano Rivera Restrepo * edici\u00f3n a\u00f1o 2025 &#8211; 1.230 P\u00e1ginas"},"content":{"rendered":"<p style=\"font-weight: 400;\">El libro Tratado de Derecho Civil. De los bienes trata, en el Cap\u00edtulo I, acerca del concepto de cosa y bien. Asimismo, realiza una clasificaci\u00f3n de los bienes, con algunas notas de derecho comparado. El Cap\u00edtulo II versa sobre el derecho de dominio o propiedad. Se revisa su concepto, justificaci\u00f3n, historia, atributos y modos de adquirirlo. El Cap\u00edtulo III aborda acerca de los diversos sistemas registrales y las reglas que regulan el sistema de registro conservatorio nacional. El Cap\u00edtulo IV examina las disposiciones aplicables a algunos tipos de propiedad: la propiedad ind\u00edgena, la propiedad austral y las concesiones mineras, entre otras. El Cap\u00edtulo V se refiere a un tema extremadamente relevante para el Derecho Civil: la posesi\u00f3n, que es la antesala del dominio. Se estudia su concepto, elementos, caracteres, tipos o clases y la teor\u00eda de la posesi\u00f3n inscrita, entre otras materias. Por \u00faltimo, el Cap\u00edtulo VI analiza los derechos reales limitativos de la propiedad.<\/p>\n<p style=\"font-weight: 400;\"><b><strong>CAP\u00cdTULO I<\/strong><\/b><br \/>\n<b><strong>GENERALIDADES<\/strong><\/b><\/p>\n<ol>\n<li style=\"font-weight: 400;\">Cosa y bien<\/li>\n<li style=\"font-weight: 400;\">La cuesti\u00f3n de la patrimonialidad de las cosas<br \/>\nJurisprudencia nacional menor<\/li>\n<li style=\"font-weight: 400;\">Clasificaciones de las cosas<br \/>\n3.1. Primera clasificaci\u00f3n. Atendiendo a si la cosa tiene o no un ser real<br \/>\n3.2. Segunda clasificaci\u00f3n. Atendiendo a la posibilidad de trasladar o no la cosa<br \/>\n3.3. Tercera clasificaci\u00f3n. Atendiendo a si se pueden intercambiar los unos por los otros<br \/>\n3.4. Cuarta clasificaci\u00f3n. Atendiendo a si se destruyen o no con su uso<br \/>\n3.5. Quinta clasificaci\u00f3n. Atendiendo a si subsisten o no sin necesidad de una cosa principal<br \/>\n3.6. Sexta Clasificaci\u00f3n. Atendiendo a si pueden o no fraccionarse<br \/>\n3.7. S\u00e9ptima clasificaci\u00f3n. Cosas Singulares y cosas universales<br \/>\n3.8. Octava clasificaci\u00f3n. Atendiendo a si se encuentran o no dentro del comercio humano<br \/>\n3.9. Novena clasificaci\u00f3n. Atendiendo a si son susceptibles o no del derecho de propiedad o dominio<br \/>\n3.10. D\u00e9cima clasificaci\u00f3n. Cosas de dominio p\u00fablico y cosas de dominio privado<br \/>\n3.11. Und\u00e9cima clasificaci\u00f3n. Cosas presentes y cosas futuras<br \/>\n3.12. Duod\u00e9cima clasificaci\u00f3n. Bienes de producci\u00f3n y bienes de consumo<br \/>\n3.13. D\u00e9cima tercera clasificaci\u00f3n. Bienes espec\u00edficos y bienes gen\u00e9ricos<\/li>\n<li style=\"font-weight: 400;\">De las acciones<\/li>\n<\/ol>\n<p style=\"font-weight: 400;\"><b><strong>CAP\u00cdTULO II<\/strong><\/b><br \/>\n<b><strong>DEL DERECHO DE PROPIEDAD O DOMINIO<\/strong><\/b><\/p>\n<ol>\n<li style=\"font-weight: 400;\">Concepto<\/li>\n<li style=\"font-weight: 400;\">Origen etimol\u00f3gico de las palabras \u201cdominio\u201d y \u201cpropiedad\u201d<\/li>\n<li style=\"font-weight: 400;\">Cr\u00edticas a la definici\u00f3n legal de dominio<\/li>\n<li style=\"font-weight: 400;\">De la propiedad y sus especies<\/li>\n<li style=\"font-weight: 400;\">Justificaci\u00f3n del dominio<br \/>\n5.1. Liberalismo econ\u00f3mico<br \/>\n5.2. La concepci\u00f3n marxista del dominio<br \/>\n5.3. Doctrina Social de la Iglesia y derecho de propiedad<\/li>\n<li style=\"font-weight: 400;\">Breve referencia hist\u00f3rica en torno a la propiedad o dominio<br \/>\n6.1. Salvajismo y barbarie<br \/>\n6.2. Derecho Romano<br \/>\n6.3. Derecho Medieval<br \/>\n6.4. Derecho Franc\u00e9s<br \/>\n6.5. Enc\u00edclicas Papales<\/li>\n<li style=\"font-weight: 400;\">Caracteres<br \/>\n7.1. El dominio es un derecho real<br \/>\n7.2. El dominio es un derecho absoluto o general<br \/>\n7.3. El dominio es un derecho exclusivo y excluyente<br \/>\n7.4. El dominio es un derecho perpetuo o permanente<br \/>\n7.5. El dominio es un derecho abstracto<br \/>\n7.6. El dominio es un derecho el\u00e1stico<\/li>\n<li style=\"font-weight: 400;\">Objeto del dominio<\/li>\n<li style=\"font-weight: 400;\">Atributos del dominio<br \/>\n9.1. De la facultad de usar (ius utendi)<br \/>\n9.2. De la facultad de gozar (ius fruendi)<br \/>\n9.3. De la facultad de disponer (ius abutendi)<\/li>\n<li style=\"font-weight: 400;\">De la extensi\u00f3n del dominio<br \/>\n10.1. Planteamiento<br \/>\n10.2. Bienes muebles<br \/>\n10.3. Bienes ra\u00edces<\/li>\n<li style=\"font-weight: 400;\">Contenido pasivo del dominio<br \/>\n11.1. Las obligaciones reales, ambulatorias o derechos reales \u201cpropter rem\u201d<br \/>\n11.2. La responsabilidad civil extracontractual o aquiliana<\/li>\n<li style=\"font-weight: 400;\">De las restricciones al dominio<br \/>\n12.1. Generalidades<br \/>\n12.2. Clases de restricciones al dominio<\/li>\n<li style=\"font-weight: 400;\">De las diversas clasificaciones del dominio o propiedad<br \/>\n13.1. Primera clasificaci\u00f3n. Propiedad individual y propiedad colectiva<br \/>\n13.2. Segunda clasificaci\u00f3n. Propiedad civil y propiedad especial<br \/>\n13.3. Tercera clasificaci\u00f3n. Propiedad plena y nuda o mera propiedad<br \/>\n13.4. Cuarta clasificaci\u00f3n. Propiedad absoluta y propiedad fiduciaria<br \/>\n13.5. Quinta clasificaci\u00f3n. Propiedad directa y propiedad indirecta o \u00fatil<\/li>\n<li style=\"font-weight: 400;\">De la extinci\u00f3n del dominio o propiedad<br \/>\n14.1. Modos absolutos<br \/>\n14.2. Modos relativos<\/li>\n<li style=\"font-weight: 400;\">De la copropiedad<br \/>\n15.1. Planteamiento<br \/>\n15.2. Conceptos de comunidad y copropiedad<br \/>\n15.3. Naturaleza jur\u00eddica de la comunidad<br \/>\n15.4. Teor\u00edas respecto de la comunidad<br \/>\n15.5. Fuentes de la comunidad<br \/>\n15.6. De la administraci\u00f3n de la cosa com\u00fan<br \/>\n15.7. De los derechos de los copropietarios<br \/>\n15.8. De las obligaciones de los copropietarios<br \/>\n15.9. De la responsabilidad de los copropietarios<br \/>\n15.10. De las formas de extinci\u00f3n de la copropiedad<\/li>\n<li style=\"font-weight: 400;\">De la propiedad horizontal<br \/>\n16.1. Generalidades en torno a la propiedad de edificios, pisos o departamentos<br \/>\n16.2. Brev\u00edsima nota hist\u00f3rica<br \/>\n16.3. Naturaleza jur\u00eddica de la propiedad de edificios, pisos o departamentos<br \/>\n16.4. De la administraci\u00f3n de las copropiedades<br \/>\n16.5. Obligaciones de los copropietarios<br \/>\n16.6. Seguro de incendio<br \/>\n16.7. Algunas notas sobre la regulaci\u00f3n de los cementerios<\/li>\n<li style=\"font-weight: 400;\">\u00bfC\u00f3mo se adquiere el dominio?<br \/>\n17.1. Primera consideraci\u00f3n<br \/>\n17.2. Sistemas de adquisici\u00f3n de la propiedad en el Derecho Comparado<\/li>\n<li style=\"font-weight: 400;\">Sistema nacional<br \/>\n18.1. \u00bfC\u00f3mo se adquiere el dominio o propiedad en Chile?<br \/>\n18.2. T\u00edtulo y modo de adquirir<br \/>\n18.3. De los modos de adquirir el dominio<br \/>\n18.4. De la ocupaci\u00f3n<br \/>\n18.5. De la accesi\u00f3n<br \/>\n18.6. De la tradici\u00f3n<br \/>\n18.7. De la sucesi\u00f3n por causa de muerte como modo de adquirir el dominio<br \/>\n18.8. De la prescripci\u00f3n adquisitiva o usucapi\u00f3n<\/li>\n<\/ol>\n<p style=\"font-weight: 400;\"><b><strong>CAP\u00cdTULO III<\/strong><\/b><br \/>\n<b><strong>DEL SISTEMA REGISTRAL CHILENO<\/strong><\/b><\/p>\n<ol>\n<li style=\"font-weight: 400;\">Del sistema registral chileno<\/li>\n<li style=\"font-weight: 400;\">Finalidades de la inscripci\u00f3n del t\u00edtulo en el Conservador de Bienes Ra\u00edces respectivo<\/li>\n<li style=\"font-weight: 400;\">Clases de registros<\/li>\n<li style=\"font-weight: 400;\">Sistemas a nivel de Derecho comparado<\/li>\n<li style=\"font-weight: 400;\">El Conservador de Bienes Ra\u00edces<\/li>\n<li style=\"font-weight: 400;\">Libros que lleva el Conservador de Bienes Ra\u00edces<\/li>\n<li style=\"font-weight: 400;\">Las inscripciones<\/li>\n<li style=\"font-weight: 400;\">T\u00edtulos que deben inscribirse<\/li>\n<li style=\"font-weight: 400;\">T\u00edtulos que pueden inscribirse<br \/>\n9.1. Planteamiento<br \/>\n9.2. Desarrollo<\/li>\n<li style=\"font-weight: 400;\">Las subinscripciones<\/li>\n<li style=\"font-weight: 400;\">Las cancelaciones<\/li>\n<li style=\"font-weight: 400;\">Las reinscripciones<\/li>\n<li style=\"font-weight: 400;\">De la reconstituci\u00f3n de los registros<br \/>\n13.1. Marco regulatorio<br \/>\n13.2. Procedimiento<br \/>\n13.3. D.F.L. N\u00ba 89, de 22 de enero de 2021, sobre regularizaci\u00f3n de Registros y Procedimientos relativos a inscripciones, subinscripciones y certificados<\/li>\n<li style=\"font-weight: 400;\">De la responsabilidad del Conservador de Bienes Ra\u00edces<\/li>\n<\/ol>\n<p style=\"font-weight: 400;\"><b><strong>CAP\u00cdTULO IV<\/strong><\/b><br \/>\n<b><strong>DE LAS PROPIEDADES ESPECIALES<\/strong><\/b><\/p>\n<ol>\n<li style=\"font-weight: 400;\">De la propiedad ind\u00edgena<br \/>\n1.1. Planteamiento<br \/>\n1.2. Calidad de ind\u00edgena<\/li>\n<li style=\"font-weight: 400;\">De la propiedad austral<br \/>\n2.1. Marco regulatorio<br \/>\n2.2. Objeto del D.F.L. N\u00ba 1.600 de 1931<br \/>\n2.3. Acotaciones<\/li>\n<li style=\"font-weight: 400;\">Concesiones mineras<\/li>\n<li style=\"font-weight: 400;\">Derecho de aprovechamiento de aguas<\/li>\n<\/ol>\n<p style=\"font-weight: 400;\"><b><strong>CAP\u00cdTULO V<\/strong><\/b><br \/>\n<b><strong>DE LA POSESI\u00d3N<\/strong><\/b><\/p>\n<p style=\"font-weight: 400;\">Corolario Primero. Cuestiones generales<\/p>\n<ol>\n<li style=\"font-weight: 400;\">Definici\u00f3n legal de posesi\u00f3n<\/li>\n<li style=\"font-weight: 400;\">Ventajas de la posesi\u00f3n<\/li>\n<li style=\"font-weight: 400;\">Elementos de la posesi\u00f3n<br \/>\n3.1. El corpus<br \/>\n3.2. El animus<\/li>\n<li style=\"font-weight: 400;\">Naturaleza jur\u00eddica de la posesi\u00f3n<br \/>\n4.1. Teor\u00eda subjetiva (Friedrich Karl von Savigny)<br \/>\n4.2. Teor\u00eda objetiva (Teor\u00eda de Rudolf von Ihering)<\/li>\n<li style=\"font-weight: 400;\">Cosas susceptibles de posesi\u00f3n<\/li>\n<li style=\"font-weight: 400;\">Paralelo entre la posesi\u00f3n y el dominio<br \/>\n6.1. Semejanzas<br \/>\n6.2. Diferencias<\/li>\n<\/ol>\n<p style=\"font-weight: 400;\">Corolario Segundo. Clasificaciones de la posesi\u00f3n<\/p>\n<ol>\n<li style=\"font-weight: 400;\">Primera Clasificaci\u00f3n. Posesi\u00f3n regular y posesi\u00f3n irregular<br \/>\n1.1. Posesi\u00f3n regular<br \/>\n1.2. Posesi\u00f3n irregular<\/li>\n<li style=\"font-weight: 400;\">Segunda Clasificaci\u00f3n. Posesi\u00f3n viciosa y posesi\u00f3n no viciosa<br \/>\n2.1. Posesi\u00f3n viciosa<br \/>\n2.2. Posesi\u00f3n no viciosa<\/li>\n<li style=\"font-weight: 400;\">Tercera Clasificaci\u00f3n. Posesi\u00f3n interrumpida y posesi\u00f3n ininterrumpida<br \/>\n3.1. Posesi\u00f3n interrumpida<br \/>\n3.2. Posesi\u00f3n ininterrumpida<\/li>\n<li style=\"font-weight: 400;\">Cuarta Clasificaci\u00f3n. Posesi\u00f3n individual y posesi\u00f3n proindiviso<br \/>\n4.1. Posesi\u00f3n individual o exclusiva<br \/>\n4.2. Posesi\u00f3n proindiviso<\/li>\n<li style=\"font-weight: 400;\">Quinta Clasificaci\u00f3n. Posesi\u00f3n verdadera y cuasiposesi\u00f3n<br \/>\n5.1. Posesi\u00f3n verdadera<br \/>\n5.2. Cuasiposesi\u00f3n<br \/>\n1. De la transferencia de la posesi\u00f3n<br \/>\n2. De la transmisi\u00f3n de la posesi\u00f3n<\/li>\n<\/ol>\n<p style=\"font-weight: 400;\">Corolario Tercero. Adquisici\u00f3n, conservaci\u00f3n y p\u00e9rdida de la posesi\u00f3n<\/p>\n<ol>\n<li style=\"font-weight: 400;\">Planteamiento<\/li>\n<li style=\"font-weight: 400;\">Bienes muebles<\/li>\n<\/ol>\n<p style=\"font-weight: 400;\">2.1. Capacidad para adquirir la posesi\u00f3n de una cosa mueble<br \/>\n2.2. Adquisici\u00f3n de la posesi\u00f3n de los bienes muebles<br \/>\n2.3. Conservaci\u00f3n de la posesi\u00f3n de los bienes muebles<br \/>\n2.4. P\u00e9rdida de la posesi\u00f3n de los bienes muebles<\/p>\n<ol start=\"3\">\n<li style=\"font-weight: 400;\">Bienes inmuebles<br \/>\n3.1. Capacidad para adquirir la posesi\u00f3n de una cosa inmueble<br \/>\n3.2. Adquisici\u00f3n de la posesi\u00f3n de los bienes inmuebles<br \/>\n3.3. Conservaci\u00f3n de la posesi\u00f3n de los bienes inmuebles<br \/>\n3.4. P\u00e9rdida de la posesi\u00f3n de los bienes inmuebles<\/li>\n<\/ol>\n<p style=\"font-weight: 400;\"><b><strong>CAP\u00cdTULO VI<\/strong><\/b><br \/>\n<b><strong>DE LAS LIMITACIONES AL DOMINIO<\/strong><\/b><\/p>\n<ol>\n<li style=\"font-weight: 400;\">Generalidades<\/li>\n<li style=\"font-weight: 400;\">Derechos reales limitativos de goce y derechos reales limitativos de garant\u00eda<br \/>\n2.1. Derechos reales limitativos de goce<br \/>\n2.2. Derechos reales limitativos de garant\u00eda<\/li>\n<li style=\"font-weight: 400;\">De la propiedad fiduciaria<br \/>\n3.1. Concepto<br \/>\n3.2. Origen etimol\u00f3gico<br \/>\n3.3. Breve apunte hist\u00f3rico<br \/>\n3.4. Situaci\u00f3n de la propiedad fiduciaria en el C\u00f3digo de Bello<br \/>\n3.5. Requisitos de la propiedad fiduciaria<br \/>\n3.6. De la caducidad de la condici\u00f3n de la que pende el fideicomiso<br \/>\n3.7. Derechos y obligaciones del fiduciario<br \/>\n3.8. Derechos y obligaciones del fideicomisario<br \/>\n3.9. De la extinci\u00f3n del fideicomiso<\/li>\n<li style=\"font-weight: 400;\">Del usufructo<br \/>\n4.1. Concepto<br \/>\n4.2. Breve referencia hist\u00f3rica<br \/>\n4.3. Caracteres del usufructo<br \/>\n4.4. Tipos de usufructo<br \/>\n4.5. Formas de constituir el usufructo<br \/>\n4.6 Obligaciones del usufructuario<br \/>\n4.7 Derechos del usufructuario<br \/>\n4.8 Obligaci\u00f3n del nudo propietario de pagar las expensas o refacciones mayores de la cosa usufructuaria<br \/>\n4.9 Derechos del nudo propietario<br \/>\n4.10 Causales de terminaci\u00f3n del usufructo<\/li>\n<li style=\"font-weight: 400;\">Del uso o habitaci\u00f3n<br \/>\n5.1 Concepto<br \/>\n5.2 \u00bfEl uso y la habitaci\u00f3n son derechos distintos?<br \/>\n5.3 Caracteres del derecho de uso o habitaci\u00f3n<br \/>\n5.4 Constituci\u00f3n del uso o habitaci\u00f3n<br \/>\n5.5 Paralelo entre el derecho de uso o habitaci\u00f3n y el derecho de usufructo<\/li>\n<li style=\"font-weight: 400;\">De las servidumbres activas<br \/>\n6.1 Concepto de servidumbres activas<br \/>\n6.2 Ubicaci\u00f3n<br \/>\n6.3 Brev\u00edsimo apunte hist\u00f3rico<br \/>\n6.4 Caracteres de las servidumbres activas<br \/>\n6.5 Requisitos de las servidumbres activas<br \/>\n6.6 Formas de constituir las servidumbres activas<br \/>\n6.7 Clases de servidumbres activas<br \/>\n6.8 Forma de ejercer las servidumbres activas<br \/>\n6.9 Extinci\u00f3n de las servidumbres activas<\/li>\n<\/ol>\n","protected":false},"excerpt":{"rendered":"<p>Buscas un libro Jur\u00eddico.? Lo puedes encontrar en nuestra tienda virtual.<br \/>\nContamos con prestigiosos autores y muchas alternativas en sus diferentes materias al igual que grandes descuentos.! Vis\u00edtanos en <a class=\"cWZyzrGsTDzyVImkoTAmsQWSxoiLMowIPnLKJKLc \" tabindex=\"0\" href=\"https:\/\/lnkd.in\/eiAG7jdZ\" target=\"_blank\" rel=\"noopener\" data-test-app-aware-link=\"\">https:\/\/lnkd.in\/eiAG7jdZ<\/a><br \/>\nEscr\u00edbenos al +56930565235 \/ <a class=\"cWZyzrGsTDzyVImkoTAmsQWSxoiLMowIPnLKJKLc \" tabindex=\"0\" href=\"mailto:ventaslegallexglobal@gmail.com\" target=\"_self\" data-test-app-aware-link=\"\">ventaslegallexglobal@gmail.com<\/a><br \/>\nHacemos env\u00edos a todo Chile \u2013 Starken o Correos Chile \/ Te esperamos<\/p>\n","protected":false},"featured_media":2357,"comment_status":"open","ping_status":"closed","template":"","meta":{"inline_featured_image":false,"_joinchat":[]},"product_brand":[],"product_cat":[27,26],"product_tag":[],"class_list":{"0":"post-2327","1":"product","2":"type-product","3":"status-publish","4":"has-post-thumbnail","6":"product_cat-civil","7":"product_cat-derecho","9":"first","10":"instock","11":"shipping-taxable","12":"purchasable","13":"product-type-simple"},"_links":{"self":[{"href":"https:\/\/bibliotecajuridicavirtual.cl\/index.php\/wp-json\/wp\/v2\/product\/2327","targetHints":{"allow":["GET"]}}],"collection":[{"href":"https:\/\/bibliotecajuridicavirtual.cl\/index.php\/wp-json\/wp\/v2\/product"}],"about":[{"href":"https:\/\/bibliotecajuridicavirtual.cl\/index.php\/wp-json\/wp\/v2\/types\/product"}],"replies":[{"embeddable":true,"href":"https:\/\/bibliotecajuridicavirtual.cl\/index.php\/wp-json\/wp\/v2\/comments?post=2327"}],"wp:featuredmedia":[{"embeddable":true,"href":"https:\/\/bibliotecajuridicavirtual.cl\/index.php\/wp-json\/wp\/v2\/media\/2357"}],"wp:attachment":[{"href":"https:\/\/bibliotecajuridicavirtual.cl\/index.php\/wp-json\/wp\/v2\/media?parent=2327"}],"wp:term":[{"taxonomy":"product_brand","embeddable":true,"href":"https:\/\/bibliotecajuridicavirtual.cl\/index.php\/wp-json\/wp\/v2\/product_brand?post=2327"},{"taxonomy":"product_cat","embeddable":true,"href":"https:\/\/bibliotecajuridicavirtual.cl\/index.php\/wp-json\/wp\/v2\/product_cat?post=2327"},{"taxonomy":"product_tag","embeddable":true,"href":"https:\/\/bibliotecajuridicavirtual.cl\/index.php\/wp-json\/wp\/v2\/product_tag?post=2327"}],"curies":[{"name":"wp","href":"https:\/\/api.w.org\/{rel}","templated":true}]}}