{"id":2328,"date":"2026-02-28T01:00:40","date_gmt":"2026-02-28T04:00:40","guid":{"rendered":"https:\/\/bibliotecajuridicavirtual.cl\/?post_type=product&#038;p=2328"},"modified":"2026-02-28T01:01:00","modified_gmt":"2026-02-28T04:01:00","slug":"propiedad-indigena-una-aproximacion-desde-el-derecho-civil-fernando-atria-karen-asenjo-asenjo-hugo-cardenas-villarreal","status":"publish","type":"product","link":"https:\/\/bibliotecajuridicavirtual.cl\/index.php\/product\/propiedad-indigena-una-aproximacion-desde-el-derecho-civil-fernando-atria-karen-asenjo-asenjo-hugo-cardenas-villarreal\/","title":{"rendered":"Propiedad Ind\u00edgena * Una Aproximaci\u00f3n desde el Derecho Civil Fernando Atria &#8211; Karen Asenjo Asenjo &#8211; Hugo C\u00e1rdenas Villarreal"},"content":{"rendered":"<p style=\"font-weight: 400;\">Este libro discute el concepto de propiedad ind\u00edgena y su relaci\u00f3n con el r\u00e9gimen general de la propiedad, vinculando de ese modo el contenido de la Ley N\u00ba 19.253, de Desarrollo Ind\u00edgena, con el C\u00f3digo Civil y sus instituciones. Para eso, discute exhaustivamente Ta jurisprudencia de la Corte Suprema de las \u00faltimas dos d\u00e9cadas sobre el tema, as\u00ed como las decisiones administrativas relevantes y la doctrina al respecto.<\/p>\n<p style=\"font-weight: 400;\"><em>&#8220;El presente libro tiene por finalidad ofrecer una aproximaci\u00f3n dogm\u00e1tica y critica al r\u00e9gimen jur\u00eddico de la propiedad ind\u00edgena desde el derecho privado, examinan do sus fundamentos, las tensiones internas existentes, y las proyecciones a partir de un an\u00e1lisis profundo de la legislaci\u00f3n actual, la jurisprudencia nacional y la doctrina especializada. Considerando que, a pesar de haber transcurrido m\u00e1s de tres d\u00e9cadas desde la entrada en vigencia de la Ley N\u00ba 19.253, se trata del primer libro que aborda monogr\u00e1ficamente el tema, no cabe duda de que ser\u00e1 un aporte considerable&#8221;<\/em><br \/>\nSenador Francisco Huenchumilla<\/p>\n<p style=\"font-weight: 400;\"><b><strong>CAP\u00cdTULO 1<\/strong><\/b><br \/>\n<b><strong>PROPIEDAD IND\u00cdGENA<\/strong><\/b><br \/>\nFernando Atria<\/p>\n<ol start=\"19\">\n<li style=\"font-weight: 400;\">El sistema de las tierras ind\u00edgenas en la Ley N\u00ba19.253<\/li>\n<li style=\"font-weight: 400;\">a) El principio de separaci\u00f3n<br \/>\nLa significaci\u00f3n de la exclusi\u00f3n de la prescripci\u00f3n<br \/>\nEl car\u00e1cter real, no personal, de la propiedad ind\u00edgena<br \/>\nEl sentido de la expresi\u00f3n \u201cactualmente\u201d en el art. 12 N\u00ba1<br \/>\n\u00bfUn nuevo concepto de propiedad?<\/li>\n<li style=\"font-weight: 400;\">b) El principio de no desafectaci\u00f3n<\/li>\n<li style=\"font-weight: 400;\">Las tierras ind\u00edgenas<\/li>\n<li style=\"font-weight: 400;\">a) Son ind\u00edgenas las tierras que las personas o comunidades ind\u00edgenas actualmente ocupan en propiedad o posesi\u00f3n proveniente de ciertos t\u00edtulos (art. 12 N\u00ba 1)<\/li>\n<li style=\"font-weight: 400;\">b) Aquellas que hist\u00f3ricamente han ocupado y poseen las personas o comunidades ind\u00edgenas pertenecientes a pueblos ind\u00edgenas y cuyos derechos sean inscritos en el Registro de Tierras Ind\u00edgenas<br \/>\nEl t\u00edtulo ind\u00edgena<br \/>\nPosesi\u00f3n, acciones posesorias y t\u00edtulo ind\u00edgena<\/li>\n<li style=\"font-weight: 400;\">c) Aquellas que, proviniendo de los t\u00edtulos y modos referidos en los n\u00fameros precedentes, se declaren a futuro pertenecientes en propiedad a personas o comunidades ind\u00edgenas por los Tribunales de Justicia<\/li>\n<li style=\"font-weight: 400;\">d) Aquellas que ind\u00edgenas o sus comunidades reciban a t\u00edtulo gratuito del Estado<\/li>\n<\/ol>\n<p style=\"font-weight: 400;\">III. El r\u00e9gimen de la propiedad ind\u00edgena<\/p>\n<ol>\n<li style=\"font-weight: 400;\">a) El Registro de Tierras Ind\u00edgenas<br \/>\nb) Prohibici\u00f3n de enajenaci\u00f3n<br \/>\nc) Prohibici\u00f3n de gravar<br \/>\nd) El embargo<br \/>\ne) Prohibici\u00f3n de arrendar, dar en comodato, ceder su uso, goce o administraci\u00f3n<br \/>\nf) La caracterizaci\u00f3n de las operaciones internas al \u201cmercado cerrado\u201d<\/li>\n<\/ol>\n<p style=\"font-weight: 400;\"><b><strong>CAP\u00cdTULO 2<\/strong><\/b><br \/>\n<b><strong>IDENTIFICACI\u00d3N, REGISTRO Y PROTECCI\u00d3N DE LA PROPIEDAD IND\u00cdGENA<\/strong><\/b><br \/>\n\u00c1lvaro Morales Marileo<\/p>\n<ol start=\"19\">\n<li style=\"font-weight: 400;\">Brechas de entendimiento de la regulaci\u00f3n que siguen incidiendo en la protecci\u00f3n de las tierras ind\u00edgenas<br \/>\nII. El cambio de jurisprudencia de la Corte Suprema en cuanto a la protecci\u00f3n de las tierras ind\u00edgenas<br \/>\nIII. \u00bfEs suficiente la evoluci\u00f3n jurisprudencial para cumplir los deberes de protecci\u00f3n de las tierras ind\u00edgenas? \u00bfHacia d\u00f3nde avanzar?<br \/>\nIV. La situaci\u00f3n de identificaci\u00f3n y registro de las tierras ind\u00edgenas a 31 a\u00f1os de la Ley N\u00ba 19.253<br \/>\nV. La necesidad de un catastro geoespacial y completo de tierras ind\u00edgenas. \u00bfC\u00f3mo lograrlo?<\/li>\n<\/ol>\n<p style=\"font-weight: 400;\"><b><strong>CAP\u00cdTULO 3<\/strong><\/b><br \/>\n<b><strong>LA REGULARIZACI\u00d3N DE LA PEQUE\u00d1A PROPIEDAD RA\u00cdZ CONFORME AL D.L. N\u00ba 2.695 Y EL ESTATUTO JUR\u00cdDICO DE LAS TIERRAS IND\u00cdGENAS<\/strong><\/b><br \/>\nKaren R. Asenjo Asenjo<\/p>\n<ol>\n<li style=\"font-weight: 400;\">T\u00edtulo ind\u00edgena, tierra ind\u00edgena y propiedad civil<\/li>\n<li style=\"font-weight: 400;\">El Decreto Ley N\u00ba 2.695 del a\u00f1o 1979<\/li>\n<li style=\"font-weight: 400;\">a) Constitucionalidad del D.L. N\u00ba 2.695<\/li>\n<li style=\"font-weight: 400;\">b) Ineficacia del procedimiento de regularizaci\u00f3n de la peque\u00f1a propiedad ra\u00edz. \u00bfNulidad de Derecho P\u00fablico o Nulidad Absoluta Civil?<\/li>\n<\/ol>\n<p style=\"font-weight: 400;\">III. Impacto del D.L. N\u00ba 2.695 en el estatuto jur\u00eddico de la propiedad ind\u00edgena<\/p>\n<ol start=\"2\">\n<li style=\"font-weight: 400;\">a) El saneamiento efectuado por personas ind\u00edgenas y la calificaci\u00f3n de \u201ctierra ind\u00edgena\u201d. Discusi\u00f3n acerca del estatuto real o personal de las tierras ind\u00edgenas<br \/>\nb) La prescripci\u00f3n adquisitiva y la nulidad absoluta en el art\u00edculo 13 de la Ley Ind\u00edgena y su relaci\u00f3n con el D.L. N\u00ba 2.695<\/li>\n<\/ol>\n<p style=\"font-weight: 400;\"><b><strong>CAP\u00cdTULO 4<\/strong><\/b><br \/>\n<b><strong>EL NUEVO ORDEN DE LOS NEGOCIOS SOBRE TIERRA IND\u00cdGENA EN LA JURISPRUDENCIA DE LA CORTE SUPREMA<\/strong><\/b><br \/>\nHugo C\u00e1rdenas Villarreal &#8211; Gonzalo S\u00e1nchez Sandoval<\/p>\n<ol>\n<li style=\"font-weight: 400;\">Los efectos del nuevo orden p\u00fablico sobre algunas instituciones del derecho de bienes<\/li>\n<li style=\"font-weight: 400;\">a) Preeminencia de la posesi\u00f3n colectiva sobre la posesi\u00f3n individual ind\u00edgena<br \/>\nb) Ampliaci\u00f3n de las facultades del Conservador de Bienes Ra\u00edces<br \/>\nc) Transformaci\u00f3n de propiedad civil en propiedad ind\u00edgena, a trav\u00e9s de la prescripci\u00f3n adquisitiva del dominio realizada por personas ind\u00edgenas<\/li>\n<li style=\"font-weight: 400;\">El r\u00e9gimen especial de nulidad de los negocios sobre tierra ind\u00edgena<\/li>\n<li style=\"font-weight: 400;\">a) Interpretaci\u00f3n extensiva del concepto de \u201cenajenaci\u00f3n\u201d<br \/>\nb) Exclusi\u00f3n del saneamiento de la nulidad mediante la doctrina de la inexistencia<br \/>\nc) Ampliaci\u00f3n de la legitimaci\u00f3n activa para solicitar la nulidad<br \/>\nd) \u00bfAplicaci\u00f3n retroactiva de la LDI?<\/li>\n<\/ol>\n<p style=\"font-weight: 400;\"><b><strong>CAP\u00cdTULO 5<\/strong><\/b><br \/>\n<b><strong>PROPIEDAD IND\u00cdGENA Y FRAUDE A LA LEY<\/strong><\/b><br \/>\nFernando Atria<\/p>\n<ol>\n<li style=\"font-weight: 400;\">El problema: estabilizaci\u00f3n del dominio y fraude a la ley<\/li>\n<li style=\"font-weight: 400;\">a) La estabilizaci\u00f3n del dominio<br \/>\nb) El despojo mediante las reglas de estabilizaci\u00f3n del dominio<br \/>\nc) La soluci\u00f3n legislativa<br \/>\nd) Un giro jurisprudencial<\/li>\n<li style=\"font-weight: 400;\">Tres contextos diferenciables<\/li>\n<li style=\"font-weight: 400;\">a) Soluciones a evitar: decisiones ad hoc y decisiones por serendipia<\/li>\n<li style=\"font-weight: 400;\">b) Las categor\u00edas del derecho com\u00fan<br \/>\nLa cesi\u00f3n de universalidades de derecho<br \/>\nEl saneamiento de la nulidad<\/li>\n<li style=\"font-weight: 400;\">c) Adecuaci\u00f3n de las reglas del derecho com\u00fan al r\u00e9gimen de la propiedad ind\u00edgena<br \/>\nCuestiones sobre la nulidad absoluta<br \/>\nContratos de arrendamiento y promesa de compraventa de tierras ind\u00edgenas<br \/>\nEl art\u00edculo 22 de la ley de efecto retroactivo de las leyes<\/li>\n<li style=\"font-weight: 400;\">d) El r\u00e9gimen de la propiedad ind\u00edgena<\/li>\n<\/ol>\n<p style=\"font-weight: 400;\"><b><strong>ANEXO<\/strong><\/b><br \/>\n<b><strong>CIRCULAR N\u00ba 097, DE LA CORPORACI\u00d3N NACIONAL DE DESARROLLO IND\u00cdGENA<\/strong><\/b><\/p>\n<p style=\"font-weight: 400;\">Sentencias citadas<\/p>\n<p style=\"font-weight: 400;\">Tribunales ordinarios<br \/>\nTribunal Constitucional<\/p>\n","protected":false},"excerpt":{"rendered":"<p>Gonzalo S\u00e1nchez Sandoval &#8211; \u00c1lvaro Morales Marileo &#8211; edici\u00f3n actualizada a\u00f1o 2025 * 340 P\u00e1ginas<\/p>\n<p>Buscas un libro Jur\u00eddico.? Lo puedes encontrar en nuestra tienda virtual.<br \/>\nContamos con prestigiosos autores y muchas alternativas en sus diferentes materias al igual que grandes descuentos.! Vis\u00edtanos en <a class=\"cWZyzrGsTDzyVImkoTAmsQWSxoiLMowIPnLKJKLc \" tabindex=\"0\" href=\"https:\/\/lnkd.in\/eiAG7jdZ\" target=\"_blank\" rel=\"noopener\" data-test-app-aware-link=\"\">https:\/\/lnkd.in\/eiAG7jdZ<\/a><br \/>\nEscr\u00edbenos al +56930565235 \/ <a class=\"cWZyzrGsTDzyVImkoTAmsQWSxoiLMowIPnLKJKLc \" tabindex=\"0\" href=\"mailto:ventaslegallexglobal@gmail.com\" target=\"_self\" data-test-app-aware-link=\"\">ventaslegallexglobal@gmail.com<\/a><br \/>\nHacemos env\u00edos a todo Chile \u2013 Starken o Correos Chile \/ Te esperamos<\/p>\n","protected":false},"featured_media":2358,"comment_status":"open","ping_status":"closed","template":"","meta":{"inline_featured_image":false,"_joinchat":[]},"product_brand":[],"product_cat":[45,27,26],"product_tag":[],"class_list":{"0":"post-2328","1":"product","2":"type-product","3":"status-publish","4":"has-post-thumbnail","6":"product_cat-administrativo","7":"product_cat-civil","8":"product_cat-derecho","10":"first","11":"instock","12":"shipping-taxable","13":"purchasable","14":"product-type-simple"},"_links":{"self":[{"href":"https:\/\/bibliotecajuridicavirtual.cl\/index.php\/wp-json\/wp\/v2\/product\/2328","targetHints":{"allow":["GET"]}}],"collection":[{"href":"https:\/\/bibliotecajuridicavirtual.cl\/index.php\/wp-json\/wp\/v2\/product"}],"about":[{"href":"https:\/\/bibliotecajuridicavirtual.cl\/index.php\/wp-json\/wp\/v2\/types\/product"}],"replies":[{"embeddable":true,"href":"https:\/\/bibliotecajuridicavirtual.cl\/index.php\/wp-json\/wp\/v2\/comments?post=2328"}],"wp:featuredmedia":[{"embeddable":true,"href":"https:\/\/bibliotecajuridicavirtual.cl\/index.php\/wp-json\/wp\/v2\/media\/2358"}],"wp:attachment":[{"href":"https:\/\/bibliotecajuridicavirtual.cl\/index.php\/wp-json\/wp\/v2\/media?parent=2328"}],"wp:term":[{"taxonomy":"product_brand","embeddable":true,"href":"https:\/\/bibliotecajuridicavirtual.cl\/index.php\/wp-json\/wp\/v2\/product_brand?post=2328"},{"taxonomy":"product_cat","embeddable":true,"href":"https:\/\/bibliotecajuridicavirtual.cl\/index.php\/wp-json\/wp\/v2\/product_cat?post=2328"},{"taxonomy":"product_tag","embeddable":true,"href":"https:\/\/bibliotecajuridicavirtual.cl\/index.php\/wp-json\/wp\/v2\/product_tag?post=2328"}],"curies":[{"name":"wp","href":"https:\/\/api.w.org\/{rel}","templated":true}]}}