{"id":2329,"date":"2026-02-28T01:00:40","date_gmt":"2026-02-28T04:00:40","guid":{"rendered":"https:\/\/bibliotecajuridicavirtual.cl\/?post_type=product&#038;p=2329"},"modified":"2026-02-28T01:01:09","modified_gmt":"2026-02-28T04:01:09","slug":"las-responsabilidades-de-los-estados-frente-a-la-crisis-climatica-litigios-globales-y-derecho-internacional-ezio-costa-cordella-pilar-moraga-sariego","status":"publish","type":"product","link":"https:\/\/bibliotecajuridicavirtual.cl\/index.php\/product\/las-responsabilidades-de-los-estados-frente-a-la-crisis-climatica-litigios-globales-y-derecho-internacional-ezio-costa-cordella-pilar-moraga-sariego\/","title":{"rendered":"Las Responsabilidades de los Estados Frente a la Crisis Clim\u00e1tica, Litigios Globales y Derecho Internacional * Ezio Costa Cordella * Pilar Moraga Sariego"},"content":{"rendered":"<p>La transici\u00f3n ecol\u00f3gica plantea m\u00faltiples desaf\u00edos. Uno de ellos es el rol del Derecho y c\u00f3mo nuestras instituciones actuales pueden gobernar la transici\u00f3n para proteger los Derechos Humanos, la Naturaleza, el Estado de Derecho y la estabilidad de nuestra sociedad, mientras esta se adapta a una nueva y desconocida realidad. Sin embargo, es posible observar cierto grado de inacci\u00f3n por parte de los Estados, m\u00e1s dispuestos a proteger las estructuras actuales de producci\u00f3n y consumo, junto con los intereses de quienes concentran el poder econ\u00f3mico y pol\u00edtico.<br \/>\nEstamos en un momento en que el Derecho debe superar este bloqueo pol\u00edtico y buscar caminos hacia la justicia, reconociendo responsabilidades, creando est\u00e1ndares y comprendiendo que esta crisis clim\u00e1tica y ecol\u00f3gica exige una transformaci\u00f3n de algunas de nuestras instituciones para proteger la dignidad humana, la integridad ambiental y el bienestar de las generaciones presentes y futuras.<br \/>\nEste libro, un esfuerzo colectivo de acad\u00e9micos del Derecho del Sur y del Norte Global, busca contribuir a esta tarea explorando las instituciones para entender sus desaf\u00edos e interpretando el Derecho para proponer soluciones. Cada autor ha dedicado sus esfuerzos a esta misi\u00f3n, reconociendo la relevancia de los valores en juego.<br \/>\nEl libro ha sido coordinado por Ezio Costa Cordella, acad\u00e9mico y abogado ambientalista, director ejecutivo de la ONG jur\u00eddica latinoamericana FIMA, profesor y subdirector del Centro de Derecho Ambiental (CDA) de la Universidad de Chile, e investigador colaborador en la Universidad Aut\u00f3noma de Barcelona; y por Pilar Moraga Sariego, destacada acad\u00e9mica del Derecho, profesora, directora del Centro de Ciencia del Clima y la Resiliencia (CR2) y directora del Centro de Derecho Ambiental (CDA) de la Universidad de Chile.<\/p>\n<p>\u00cdndice<br \/>\nEl rol del Derecho para lograr la Justicia Clim\u00e1tica\u00a0\u00a0 \u00a0\u00a0\u00a0 \u00a011<br \/>\nEzio Costa Cordella<br \/>\nPilar Moraga Sariego<br \/>\nLa evoluci\u00f3n del derecho de la responsabilidad estatal en materia de cambio clim\u00e1tico a trav\u00e9s de la opini\u00f3n consultiva de la Corte Internacional de Justicia\u00a0\u00a0 \u00a0\u00a0\u00a0 \u00a035<br \/>\nAditi Shetye<br \/>\nJos\u00e9 Daniel Rodr\u00edguez Or\u00fae<br \/>\n\u00bfPleamar, Reflujos y Fortunas? Sondeando el Impacto de la Opini\u00f3n Consultiva del Tribunal Internacional de Derecho del Mar en la Justicia Clim\u00e1tica para Poblaciones Vulnerables al Clima en los Grandes Estados Oce\u00e1nicos\u00a0\u00a0 \u00a0\u00a0\u00a0 \u00a065<br \/>\nAlana Malinde S. N. Lancaster<br \/>\nUso de opiniones consultivas en la protecci\u00f3n del medio ambiente: un an\u00e1lisis de la participaci\u00f3n de \u00c1frica en el proceso de opini\u00f3n consultiva de la CIJ\u00a0\u00a0 \u00a0\u00a0\u00a0 \u00a0185<br \/>\nNomasango Masiye-Moyo<br \/>\nNomakhosi Masiye-Moyo<br \/>\nLimitando la Discrecionalidad del Estado: Un Marco de Debida Diligencia Basado en Principios para Prevenir Violaciones a los Derechos Humanos Provocadas por el Cambio Clim\u00e1tico\u00a0\u00a0 \u00a0\u00a0\u00a0 \u00a0217<br \/>\nJos\u00e9 Daniel Rodr\u00edguez Oru\u00e9<br \/>\nRefugiados clim\u00e1ticos y autonom\u00eda no territorial\u00a0\u00a0 \u00a0\u00a0\u00a0 \u00a0265<br \/>\nJorge Pi\u00f1era \u00c1lvarez<br \/>\nAntoni Abat I Ninet<br \/>\nLos retos del cambio clim\u00e1tico en la coyuntura entre el derecho de da\u00f1os y el derecho ambiental\u00a0\u00a0 \u00a0\u00a0\u00a0 \u00a0325<br \/>\nMar\u00eda Valeria Berros<br \/>\nUn an\u00e1lisis de las obligaciones de los Estados en materia de p\u00e9rdida efectiva y mecanismo de financiaci\u00f3n de da\u00f1os, a la luz del principio de responsabilidades comunes pero diferenciadas\u00a0\u00a0 \u00a0\u00a0\u00a0 \u00a0345<br \/>\nMacarena Martinic Cristensen<br \/>\nResponsabilidad internacional de los Estados por acciones y omisiones que causen da\u00f1os significativos al sistema clim\u00e1tico y otros elementos del medio ambiente\u00a0\u00a0 \u00a0\u00a0\u00a0 \u00a0379<br \/>\nMarisol Angl\u00e9s-Hern\u00e1ndez<br \/>\nDefender a los Defensores: Responsabilidades estatales para respetar la Justicia Clim\u00e1tica, el Estado de Derecho y los Derechos de los Abogados en Litigios Clim\u00e1ticos a Nivel Mundial\u00a0\u00a0 \u00a0\u00a0\u00a0 \u00a0411<br \/>\nMarie-Claire Cordonier-Segger<br \/>\nThalsa-Thiziri Mekaouche<br \/>\nZunaida Moosa-Wadiwala<br \/>\nTejas Rao<br \/>\nHugh Travis<br \/>\nObligaciones clim\u00e1ticas de los Estados desde la perspectiva de la justicia clim\u00e1tica\u00a0\u00a0 \u00a0\u00a0\u00a0 \u00a0469<br \/>\nSusana Borr\u00e0s-Pentinat<br \/>\nEl deber de proteger el valor intr\u00ednseco de la Naturaleza para afrontar la crisis clim\u00e1tica\u00a0\u00a0 \u00a0\u00a0\u00a0 \u00a0527<br \/>\nSilvia Bagni<\/p>\n","protected":false},"excerpt":{"rendered":"<p>1\u00b0 EDICI\u00d3N ACTUALIZADA * 568 P\u00c1GINAS<\/p>\n<p>Buscas un libro Jur\u00eddico.? Lo puedes encontrar en nuestra tienda virtual.<br \/>\nContamos con prestigiosos autores y muchas alternativas en sus diferentes materias al igual que grandes descuentos.! Vis\u00edtanos en <a class=\"cWZyzrGsTDzyVImkoTAmsQWSxoiLMowIPnLKJKLc \" tabindex=\"0\" href=\"https:\/\/lnkd.in\/eiAG7jdZ\" target=\"_blank\" rel=\"noopener\" data-test-app-aware-link=\"\">https:\/\/lnkd.in\/eiAG7jdZ<\/a><br \/>\nEscr\u00edbenos al +56930565235 \/ <a class=\"cWZyzrGsTDzyVImkoTAmsQWSxoiLMowIPnLKJKLc \" tabindex=\"0\" href=\"mailto:ventaslegallexglobal@gmail.com\" target=\"_self\" data-test-app-aware-link=\"\">ventaslegallexglobal@gmail.com<\/a><br \/>\nHacemos env\u00edos a todo Chile \u2013 Starken o Correos Chile \/ Te esperamos<\/p>\n","protected":false},"featured_media":2377,"comment_status":"open","ping_status":"closed","template":"","meta":{"inline_featured_image":false,"_joinchat":[]},"product_brand":[],"product_cat":[27,26],"product_tag":[],"class_list":{"0":"post-2329","1":"product","2":"type-product","3":"status-publish","4":"has-post-thumbnail","6":"product_cat-civil","7":"product_cat-derecho","9":"first","10":"instock","11":"shipping-taxable","12":"purchasable","13":"product-type-simple"},"_links":{"self":[{"href":"https:\/\/bibliotecajuridicavirtual.cl\/index.php\/wp-json\/wp\/v2\/product\/2329","targetHints":{"allow":["GET"]}}],"collection":[{"href":"https:\/\/bibliotecajuridicavirtual.cl\/index.php\/wp-json\/wp\/v2\/product"}],"about":[{"href":"https:\/\/bibliotecajuridicavirtual.cl\/index.php\/wp-json\/wp\/v2\/types\/product"}],"replies":[{"embeddable":true,"href":"https:\/\/bibliotecajuridicavirtual.cl\/index.php\/wp-json\/wp\/v2\/comments?post=2329"}],"wp:featuredmedia":[{"embeddable":true,"href":"https:\/\/bibliotecajuridicavirtual.cl\/index.php\/wp-json\/wp\/v2\/media\/2377"}],"wp:attachment":[{"href":"https:\/\/bibliotecajuridicavirtual.cl\/index.php\/wp-json\/wp\/v2\/media?parent=2329"}],"wp:term":[{"taxonomy":"product_brand","embeddable":true,"href":"https:\/\/bibliotecajuridicavirtual.cl\/index.php\/wp-json\/wp\/v2\/product_brand?post=2329"},{"taxonomy":"product_cat","embeddable":true,"href":"https:\/\/bibliotecajuridicavirtual.cl\/index.php\/wp-json\/wp\/v2\/product_cat?post=2329"},{"taxonomy":"product_tag","embeddable":true,"href":"https:\/\/bibliotecajuridicavirtual.cl\/index.php\/wp-json\/wp\/v2\/product_tag?post=2329"}],"curies":[{"name":"wp","href":"https:\/\/api.w.org\/{rel}","templated":true}]}}